{"id":30576,"date":"2025-09-29T09:48:14","date_gmt":"2025-09-29T07:48:14","guid":{"rendered":"https:\/\/fiorentini-polska.com\/?page_id=30576"},"modified":"2026-03-27T15:06:35","modified_gmt":"2026-03-27T14:06:35","slug":"grupa-pietro-fiorentini","status":"publish","type":"page","link":"https:\/\/fiorentini-polska.com\/pl\/grupa-pietro-fiorentini\/","title":{"rendered":"Grupa Pietro Fiorentini"},"content":{"rendered":"\n<p style=\"font-size:23px\"><strong><mark style=\"background-color:rgba(0, 0, 0, 0);color:#199782\" class=\"has-inline-color\"><strong><strong>HISTORIA: OD W\u0141OSKIEJ FIRMY RODZINNEJ DO MI\u0118DZYNARODOWEGO PRZEDSI\u0118BIORSTWA<\/strong><\/strong><\/mark><\/strong><\/p>\n\n\n\n<p><strong>Sp\u00f3\u0142ka Pietro Fiorentini SpA zosta\u0142a za\u0142o\u017cona we W\u0142oszech w 1940 roku.<\/strong>&nbsp;Obecnie, opr\u00f3cz siedziby g\u0142\u00f3wnej w Arcugnano (Vicenza),&nbsp;<strong>Grupa Pietro Fiorentini posiada 40 zak\u0142ad\u00f3w handlowych i produkcyjnych, zar\u00f3wno we W\u0142oszech, jak i za granic\u0105, i zatrudnia oko\u0142o 2300 os\u00f3b na ca\u0142ym \u015bwiecie<\/strong>, z sieci\u0105 dystrybucji obejmuj\u0105c\u0105&nbsp;<strong>ponad 100 kraj\u00f3w na wszystkich kontynentach<\/strong>.<\/p>\n\n\n\n<div style=\"height:25px\" aria-hidden=\"true\" class=\"wp-block-spacer\"><\/div>\n\n\n\n<p style=\"font-size:23px\"><strong><mark style=\"background-color:rgba(0, 0, 0, 0);color:#199782\" class=\"has-inline-color\"><strong><strong>NIEUSTANNA AKTUALIZACJA<\/strong><\/strong><\/mark><\/strong><\/p>\n\n\n\n<p>Produkcja koncentruje si\u0119 na szerokiej gamie zaawansowanych rozwi\u0105za\u0144 technologicznych do ca\u0142ego \u0142a\u0144cucha dostaw gazu ziemnego: od komponent\u00f3w i us\u0142ug zwi\u0105zanych z sieciami dystrybucyjnymi i przesy\u0142owymi po szereg rozwi\u0105za\u0144 in\u017cynieryjnych, w tym zawory, przep\u0142ywomierze wielofazowe, systemy gazowe, stacje regulacji i pomiaru ci\u015bnienia (PRMs).<\/p>\n\n\n\n<p>W ci\u0105gu ostatniej dekady firma zainwestowa\u0142a znaczne \u015brodki w badania i rozw\u00f3j, fuzje i przej\u0119cia (M&amp;A) oraz w swoje fabryki i systemy produkcyjne. W rezultacie zajmuje&nbsp;<strong>wiod\u0105c\u0105 pozycj\u0119 w dziedzinie inteligentnych system\u00f3w pomiarowych<\/strong>, a tak\u017ce kompleksowe rozwi\u0105zania w dziedzinie&nbsp;<strong>inteligentnych siec<\/strong>i. Dostarczamy najnowocze\u015bniejsze rozwi\u0105zania dzi\u0119ki po\u0142\u0105czeniu mechanicznego i informatycznego know-how z rozwi\u0105zaniami programowymi realizowanymi przez sp\u00f3\u0142k\u0119 zale\u017cn\u0105 \u2013 Terranova.<\/p>\n\n\n\n<div class=\"download-btn\" style=\"color:#fff;margin:30px 0 30px;\">\n  <a style=\"color:#fff;text-decoration:none;\" href=\"https:\/\/www.fiorentini-polska.com\/pl\/grupa-pietro-fiorentini\/spolki-i-marki\/\" class=\"btn btn-big\">\n    <span>Sp\u00f3\u0142ki i marki grupy<\/span>\n  <\/a>\n<\/div>\n<div class=\"download-btn\" style=\"color:#fff;margin:30px 0 30px;\">\n  <a style=\"color:#fff;text-decoration:none;\" href=\"https:\/\/fiorentini-polska.com\/pl\/skontaktuj-sie-z-nami\/\" class=\"btn btn-big\">\n    <span>Skontaktuj si\u0119 z nami<\/span>\n  <\/a>\n<\/div>\n\n\n\n<p>Ostatnio, w dziedzinie transformacji energetycznej, Grupa przyspieszy\u0142a swoje wysi\u0142ki w celu wykorzystania nowych mo\u017cliwo\u015bci zwi\u0105zanych z\u00a0<strong>zielonymi \u017ar\u00f3d\u0142ami energii<\/strong>, takimi jak biometan, wod\u00f3r i Power-to-gas. Grupa poszerza r\u00f3wnie\u017c swoje horyzonty w zakresie pomiar\u00f3w wody, cyfryzacji obiegu wody i sektora ochrony \u015brodowiska.<\/p>\n\n\n\n<p>Nasi klienci s\u0105 podstaw\u0105 naszej codziennej pracy w ramach logiki&nbsp;<strong>zorientowanej na klienta<\/strong>, kt\u00f3ra nie oznacza prostego skupienia si\u0119 na jako\u015bci produktu lub optymalizacji procesu, ale jest \u015bci\u015ble powi\u0105zana ze wszystkimi innymi elementami (wsparcie techniczne, us\u0142ugi serwisowe, logistyka, informacja i komunikacja), kt\u00f3re wyr\u00f3\u017cniaj\u0105 nasze relacje.<\/p>\n\n\n\n<div style=\"height:50px\" aria-hidden=\"true\" class=\"wp-block-spacer\"><\/div>\n\n\n\n<p><\/p>\n","protected":false},"excerpt":{"rendered":"<p>HISTORIA: OD W\u0141OSKIEJ FIRMY RODZINNEJ DO MI\u0118DZYNARODOWEGO PRZEDSI\u0118BIORSTWA Sp\u00f3\u0142ka Pietro Fiorentini SpA zosta\u0142a za\u0142o\u017cona we W\u0142oszech w 1940 roku.&nbsp;Obecnie, opr\u00f3cz siedziby g\u0142\u00f3wnej w Arcugnano (Vicenza),&nbsp;Grupa Pietro Fiorentini posiada 40 zak\u0142ad\u00f3w handlowych i produkcyjnych, zar\u00f3wno we W\u0142oszech, jak i za granic\u0105, i zatrudnia oko\u0142o 2300 os\u00f3b na ca\u0142ym \u015bwiecie, z sieci\u0105 dystrybucji obejmuj\u0105c\u0105&nbsp;ponad 100 kraj\u00f3w na [&hellip;]<\/p>\n","protected":false},"author":16,"featured_media":30571,"parent":0,"menu_order":0,"comment_status":"closed","ping_status":"closed","template":"template-pf-group-share.php","meta":{"_acf_changed":false,"inline_featured_image":false,"footnotes":""},"class_list":["post-30576","page","type-page","status-publish","has-post-thumbnail","hentry"],"acf":[],"yoast_head":"<!-- This site is optimized with the Yoast SEO plugin v27.2 - https:\/\/yoast.com\/product\/yoast-seo-wordpress\/ -->\n<title>Grupa Pietro Fiorentini - Pietro Fiorentini<\/title>\n<meta name=\"robots\" content=\"index, follow, max-snippet:-1, max-image-preview:large, max-video-preview:-1\" \/>\n<link rel=\"canonical\" href=\"https:\/\/fiorentini-polska.com\/pl\/grupa-pietro-fiorentini\/\" \/>\n<meta property=\"og:locale\" content=\"pl_PL\" \/>\n<meta property=\"og:type\" content=\"article\" \/>\n<meta property=\"og:title\" content=\"Grupa Pietro Fiorentini - Pietro Fiorentini\" \/>\n<meta property=\"og:description\" content=\"HISTORIA: OD W\u0141OSKIEJ FIRMY RODZINNEJ DO MI\u0118DZYNARODOWEGO PRZEDSI\u0118BIORSTWA Sp\u00f3\u0142ka Pietro Fiorentini SpA zosta\u0142a za\u0142o\u017cona we W\u0142oszech w 1940 roku.&nbsp;Obecnie, opr\u00f3cz siedziby g\u0142\u00f3wnej w Arcugnano (Vicenza),&nbsp;Grupa Pietro Fiorentini posiada 40 zak\u0142ad\u00f3w handlowych i produkcyjnych, zar\u00f3wno we W\u0142oszech, jak i za granic\u0105, i zatrudnia oko\u0142o 2300 os\u00f3b na ca\u0142ym \u015bwiecie, z sieci\u0105 dystrybucji obejmuj\u0105c\u0105&nbsp;ponad 100 kraj\u00f3w na [&hellip;]\" \/>\n<meta property=\"og:url\" content=\"https:\/\/fiorentini-polska.com\/pl\/grupa-pietro-fiorentini\/\" \/>\n<meta property=\"og:site_name\" content=\"Pietro Fiorentini\" \/>\n<meta property=\"article:modified_time\" content=\"2026-03-27T14:06:35+00:00\" \/>\n<meta property=\"og:image\" content=\"https:\/\/fiorentini-polska.com\/wp-content\/uploads\/2025\/09\/banner-PF-Group.jpg\" \/>\n\t<meta property=\"og:image:width\" content=\"2560\" \/>\n\t<meta property=\"og:image:height\" content=\"1190\" \/>\n\t<meta property=\"og:image:type\" content=\"image\/jpeg\" \/>\n<meta name=\"twitter:card\" content=\"summary_large_image\" \/>\n<meta name=\"twitter:site\" content=\"@FiorentiniSpa\" \/>\n<meta name=\"twitter:label1\" content=\"Szacowany czas czytania\" \/>\n\t<meta name=\"twitter:data1\" content=\"2 minuty\" \/>\n<script type=\"application\/ld+json\" class=\"yoast-schema-graph\">{\"@context\":\"https:\/\/schema.org\",\"@graph\":[{\"@type\":\"WebPage\",\"@id\":\"https:\/\/fiorentini-polska.com\/pl\/grupa-pietro-fiorentini\/\",\"url\":\"https:\/\/fiorentini-polska.com\/pl\/grupa-pietro-fiorentini\/\",\"name\":\"Grupa Pietro Fiorentini - Pietro Fiorentini\",\"isPartOf\":{\"@id\":\"https:\/\/www.fiorentini-polska.com\/pl\/#website\"},\"primaryImageOfPage\":{\"@id\":\"https:\/\/fiorentini-polska.com\/pl\/grupa-pietro-fiorentini\/#primaryimage\"},\"image\":{\"@id\":\"https:\/\/fiorentini-polska.com\/pl\/grupa-pietro-fiorentini\/#primaryimage\"},\"thumbnailUrl\":\"https:\/\/fiorentini-polska.com\/wp-content\/uploads\/2025\/09\/banner-PF-Group.jpg\",\"datePublished\":\"2025-09-29T07:48:14+00:00\",\"dateModified\":\"2026-03-27T14:06:35+00:00\",\"breadcrumb\":{\"@id\":\"https:\/\/fiorentini-polska.com\/pl\/grupa-pietro-fiorentini\/#breadcrumb\"},\"inLanguage\":\"pl-PL\",\"potentialAction\":[{\"@type\":\"ReadAction\",\"target\":[\"https:\/\/fiorentini-polska.com\/pl\/grupa-pietro-fiorentini\/\"]}]},{\"@type\":\"ImageObject\",\"inLanguage\":\"pl-PL\",\"@id\":\"https:\/\/fiorentini-polska.com\/pl\/grupa-pietro-fiorentini\/#primaryimage\",\"url\":\"https:\/\/fiorentini-polska.com\/wp-content\/uploads\/2025\/09\/banner-PF-Group.jpg\",\"contentUrl\":\"https:\/\/fiorentini-polska.com\/wp-content\/uploads\/2025\/09\/banner-PF-Group.jpg\",\"width\":2560,\"height\":1190},{\"@type\":\"BreadcrumbList\",\"@id\":\"https:\/\/fiorentini-polska.com\/pl\/grupa-pietro-fiorentini\/#breadcrumb\",\"itemListElement\":[{\"@type\":\"ListItem\",\"position\":1,\"name\":\"Home\",\"item\":\"https:\/\/www.fiorentini-polska.com\/pl\/\"},{\"@type\":\"ListItem\",\"position\":2,\"name\":\"Grupa Pietro Fiorentini\"}]},{\"@type\":\"WebSite\",\"@id\":\"https:\/\/www.fiorentini-polska.com\/pl\/#website\",\"url\":\"https:\/\/www.fiorentini-polska.com\/pl\/\",\"name\":\"Pietro Fiorentini Polska\",\"description\":\"Pietro Fiorentini projektuje i produkuje komponenty, systemy i us\u0142ugi do regulacji, pomiar\u00f3w i zarz\u0105dzania rop\u0105 naftow\u0105 i gazem.\",\"publisher\":{\"@id\":\"https:\/\/www.fiorentini-polska.com\/pl\/#organization\"},\"potentialAction\":[{\"@type\":\"SearchAction\",\"target\":{\"@type\":\"EntryPoint\",\"urlTemplate\":\"https:\/\/www.fiorentini-polska.com\/pl\/?s={search_term_string}\"},\"query-input\":{\"@type\":\"PropertyValueSpecification\",\"valueRequired\":true,\"valueName\":\"search_term_string\"}}],\"inLanguage\":\"pl-PL\"},{\"@type\":\"Organization\",\"@id\":\"https:\/\/www.fiorentini-polska.com\/pl\/#organization\",\"name\":\"Pietro Fiorentini Polska\",\"url\":\"https:\/\/www.fiorentini-polska.com\/pl\/\",\"logo\":{\"@type\":\"ImageObject\",\"inLanguage\":\"pl-PL\",\"@id\":\"https:\/\/www.fiorentini-polska.com\/pl\/#\/schema\/logo\/image\/\",\"url\":\"https:\/\/www.fiorentini-polska.com\/wp-content\/uploads\/2021\/07\/LOGO_CMYK_COLOR.png\",\"contentUrl\":\"https:\/\/www.fiorentini-polska.com\/wp-content\/uploads\/2021\/07\/LOGO_CMYK_COLOR.png\",\"width\":3077,\"height\":1259,\"caption\":\"Pietro Fiorentini Polska\"},\"image\":{\"@id\":\"https:\/\/www.fiorentini-polska.com\/pl\/#\/schema\/logo\/image\/\"},\"sameAs\":[\"https:\/\/x.com\/FiorentiniSpa\"]}]}<\/script>\n<!-- \/ Yoast SEO plugin. -->","yoast_head_json":{"title":"Grupa Pietro Fiorentini - Pietro Fiorentini","robots":{"index":"index","follow":"follow","max-snippet":"max-snippet:-1","max-image-preview":"max-image-preview:large","max-video-preview":"max-video-preview:-1"},"canonical":"https:\/\/fiorentini-polska.com\/pl\/grupa-pietro-fiorentini\/","og_locale":"pl_PL","og_type":"article","og_title":"Grupa Pietro Fiorentini - Pietro Fiorentini","og_description":"HISTORIA: OD W\u0141OSKIEJ FIRMY RODZINNEJ DO MI\u0118DZYNARODOWEGO PRZEDSI\u0118BIORSTWA Sp\u00f3\u0142ka Pietro Fiorentini SpA zosta\u0142a za\u0142o\u017cona we W\u0142oszech w 1940 roku.&nbsp;Obecnie, opr\u00f3cz siedziby g\u0142\u00f3wnej w Arcugnano (Vicenza),&nbsp;Grupa Pietro Fiorentini posiada 40 zak\u0142ad\u00f3w handlowych i produkcyjnych, zar\u00f3wno we W\u0142oszech, jak i za granic\u0105, i zatrudnia oko\u0142o 2300 os\u00f3b na ca\u0142ym \u015bwiecie, z sieci\u0105 dystrybucji obejmuj\u0105c\u0105&nbsp;ponad 100 kraj\u00f3w na [&hellip;]","og_url":"https:\/\/fiorentini-polska.com\/pl\/grupa-pietro-fiorentini\/","og_site_name":"Pietro Fiorentini","article_modified_time":"2026-03-27T14:06:35+00:00","og_image":[{"width":2560,"height":1190,"url":"https:\/\/fiorentini-polska.com\/wp-content\/uploads\/2025\/09\/banner-PF-Group.jpg","type":"image\/jpeg"}],"twitter_card":"summary_large_image","twitter_site":"@FiorentiniSpa","twitter_misc":{"Szacowany czas czytania":"2 minuty"},"schema":{"@context":"https:\/\/schema.org","@graph":[{"@type":"WebPage","@id":"https:\/\/fiorentini-polska.com\/pl\/grupa-pietro-fiorentini\/","url":"https:\/\/fiorentini-polska.com\/pl\/grupa-pietro-fiorentini\/","name":"Grupa Pietro Fiorentini - Pietro Fiorentini","isPartOf":{"@id":"https:\/\/www.fiorentini-polska.com\/pl\/#website"},"primaryImageOfPage":{"@id":"https:\/\/fiorentini-polska.com\/pl\/grupa-pietro-fiorentini\/#primaryimage"},"image":{"@id":"https:\/\/fiorentini-polska.com\/pl\/grupa-pietro-fiorentini\/#primaryimage"},"thumbnailUrl":"https:\/\/fiorentini-polska.com\/wp-content\/uploads\/2025\/09\/banner-PF-Group.jpg","datePublished":"2025-09-29T07:48:14+00:00","dateModified":"2026-03-27T14:06:35+00:00","breadcrumb":{"@id":"https:\/\/fiorentini-polska.com\/pl\/grupa-pietro-fiorentini\/#breadcrumb"},"inLanguage":"pl-PL","potentialAction":[{"@type":"ReadAction","target":["https:\/\/fiorentini-polska.com\/pl\/grupa-pietro-fiorentini\/"]}]},{"@type":"ImageObject","inLanguage":"pl-PL","@id":"https:\/\/fiorentini-polska.com\/pl\/grupa-pietro-fiorentini\/#primaryimage","url":"https:\/\/fiorentini-polska.com\/wp-content\/uploads\/2025\/09\/banner-PF-Group.jpg","contentUrl":"https:\/\/fiorentini-polska.com\/wp-content\/uploads\/2025\/09\/banner-PF-Group.jpg","width":2560,"height":1190},{"@type":"BreadcrumbList","@id":"https:\/\/fiorentini-polska.com\/pl\/grupa-pietro-fiorentini\/#breadcrumb","itemListElement":[{"@type":"ListItem","position":1,"name":"Home","item":"https:\/\/www.fiorentini-polska.com\/pl\/"},{"@type":"ListItem","position":2,"name":"Grupa Pietro Fiorentini"}]},{"@type":"WebSite","@id":"https:\/\/www.fiorentini-polska.com\/pl\/#website","url":"https:\/\/www.fiorentini-polska.com\/pl\/","name":"Pietro Fiorentini Polska","description":"Pietro Fiorentini projektuje i produkuje komponenty, systemy i us\u0142ugi do regulacji, pomiar\u00f3w i zarz\u0105dzania rop\u0105 naftow\u0105 i gazem.","publisher":{"@id":"https:\/\/www.fiorentini-polska.com\/pl\/#organization"},"potentialAction":[{"@type":"SearchAction","target":{"@type":"EntryPoint","urlTemplate":"https:\/\/www.fiorentini-polska.com\/pl\/?s={search_term_string}"},"query-input":{"@type":"PropertyValueSpecification","valueRequired":true,"valueName":"search_term_string"}}],"inLanguage":"pl-PL"},{"@type":"Organization","@id":"https:\/\/www.fiorentini-polska.com\/pl\/#organization","name":"Pietro Fiorentini Polska","url":"https:\/\/www.fiorentini-polska.com\/pl\/","logo":{"@type":"ImageObject","inLanguage":"pl-PL","@id":"https:\/\/www.fiorentini-polska.com\/pl\/#\/schema\/logo\/image\/","url":"https:\/\/www.fiorentini-polska.com\/wp-content\/uploads\/2021\/07\/LOGO_CMYK_COLOR.png","contentUrl":"https:\/\/www.fiorentini-polska.com\/wp-content\/uploads\/2021\/07\/LOGO_CMYK_COLOR.png","width":3077,"height":1259,"caption":"Pietro Fiorentini Polska"},"image":{"@id":"https:\/\/www.fiorentini-polska.com\/pl\/#\/schema\/logo\/image\/"},"sameAs":["https:\/\/x.com\/FiorentiniSpa"]}]}},"_links":{"self":[{"href":"https:\/\/fiorentini-polska.com\/pl\/wp-json\/wp\/v2\/pages\/30576","targetHints":{"allow":["GET"]}}],"collection":[{"href":"https:\/\/fiorentini-polska.com\/pl\/wp-json\/wp\/v2\/pages"}],"about":[{"href":"https:\/\/fiorentini-polska.com\/pl\/wp-json\/wp\/v2\/types\/page"}],"author":[{"embeddable":true,"href":"https:\/\/fiorentini-polska.com\/pl\/wp-json\/wp\/v2\/users\/16"}],"replies":[{"embeddable":true,"href":"https:\/\/fiorentini-polska.com\/pl\/wp-json\/wp\/v2\/comments?post=30576"}],"version-history":[{"count":3,"href":"https:\/\/fiorentini-polska.com\/pl\/wp-json\/wp\/v2\/pages\/30576\/revisions"}],"predecessor-version":[{"id":30788,"href":"https:\/\/fiorentini-polska.com\/pl\/wp-json\/wp\/v2\/pages\/30576\/revisions\/30788"}],"wp:featuredmedia":[{"embeddable":true,"href":"https:\/\/fiorentini-polska.com\/pl\/wp-json\/wp\/v2\/media\/30571"}],"wp:attachment":[{"href":"https:\/\/fiorentini-polska.com\/pl\/wp-json\/wp\/v2\/media?parent=30576"}],"curies":[{"name":"wp","href":"https:\/\/api.w.org\/{rel}","templated":true}]}}