{"id":29159,"date":"2024-09-30T15:49:14","date_gmt":"2024-09-30T13:49:14","guid":{"rendered":"https:\/\/fiorentini-polska.com\/doswiadczenie\/e-fuels\/"},"modified":"2024-09-30T16:20:34","modified_gmt":"2024-09-30T14:20:34","slug":"e-paliwa","status":"publish","type":"page","link":"https:\/\/fiorentini-polska.com\/pl\/doswiadczenie\/e-paliwa\/","title":{"rendered":"E-Paliwa"},"content":{"rendered":"\n<h2 class=\"wp-block-heading has-text-align-left\"><strong>Paliwa odnawialne w celu redukcji emisji dwutlenku w\u0119gla<\/strong><p class=\"MsoNormal\" style=\"margin: 0cm 0cm 8pt; line-height: 18.4px; font-size: 12pt; font-family: Aptos, sans-serif; font-weight: 400; white-space-collapse: collapse;\"><b><span lang=\"EN-US\" style=\"font-family: Arial, sans-serif;\"><\/span><\/b><\/p><\/h2>\n\n\n\n<p><strong>E-paliwa<\/strong> to paliwa <strong>odnawialne<\/strong>, <strong>niekopalne<\/strong>, produkowane w procesie sztucznej syntezy chemicznej wykorzystaniem \u017ar\u00f3de\u0142 odnawialnych<span style=\"font-size: medium; white-space-collapse: collapse;\"><\/span>.<\/p>\n\n\n\n<p>Proces ten polega na przekszta\u0142caniu gazu sk\u0142adaj\u0105cego si\u0119 z elektrolitycznego <a href=\"https:\/\/www.fiorentini-polska.com\/pl\/doswiadczenie\/wodor\/\"><strong>wodoru<\/strong><\/a>\u00a0(H<sub>2<\/sub>) i cz\u0105steczki zawieraj\u0105cej w\u0119giel, takiej jak dwutlenek w\u0119gla (CO2) pochodz\u0105cy z odpad\u00f3w biogenicznych.<\/p>\n\n\n\n<p>Proces metanizacji wytwarza <strong>e-metan<\/strong>, gaz odnawialny, praktycznie identyczny ze znanym nam gazem ziemnym. Rozwi\u0105zanie to ma wiele zalet, w tym mo\u017cliwo\u015b\u0107 <strong>magazynowania<\/strong> <strong>energii<\/strong> <strong>elektrycznej<\/strong> w postaci odnawialnego metanu w infrastrukturach gazowych,<a href=\"https:\/\/www.fiorentini.com\/en\/category\/solutions\/systems\/solutions-renewable-energies\/ccus\/\" target=\"_blank\" rel=\"noreferrer noopener\"> <strong>wychwytywania dwutlenku w\u0119gla<\/strong> <\/a>w celu p\u00f3\u017aniejszego wykorzystania oraz <strong>zast\u0105pienia<\/strong> <strong>\u017ar\u00f3de\u0142<\/strong> <strong>kopalnych<\/strong>, poniewa\u017c mo\u017cna go bezpo\u015brednio wykorzysta\u0107 w ogrzewaniu lub pojazdach jako paliwo alternatywne.<\/p>\n\n\n\n<p>Rozwi\u0105zanie technologiczne firmy <strong>Pietro Fiorentini<\/strong> opiera si\u0119 na procesie <a href=\"https:\/\/www.fiorentini-polska.com\/en\/solutions\/systems\/renewables-energies\/biological-methanation\/\"><strong>metanizacji biologicznej<\/strong><\/a> w celu wytwarzania odnawialnego metanu.<\/p>\n","protected":false},"excerpt":{"rendered":"<p>Proces metanizacji ma wiele zalet, w tym mo\u017cliwo\u015b\u0107 magazynowania energii elektrycznej w postaci odnawialnego metanu w infrastrukturach gazowych, wychwytywania dwutlenku w\u0119gla do p\u00f3\u017aniejszego wykorzystania oraz zast\u0105pienia \u017ar\u00f3de\u0142 kopalnych, poniewa\u017c mo\u017cna go bezpo\u015brednio wykorzysta\u0107 w ogrzewaniu lub pojazdach jako paliwo alternatywne.<br \/>\n<\/b><br \/>\nRozwi\u0105zanie technologiczne firmy Pietro Fiorentini opiera si\u0119 na procesie metanizacji biologicznej w celu wytwarzania odnawialnego metanu. Opracowaniem biologii tego procesu zajmuje si\u0119 sp\u00f3\u0142ka MicroPyros BioEnerTec GmbH\u2122, b\u0119d\u0105ca cz\u0119\u015bci\u0105 Grupy Pietro Fiorentini.<\/p>\n","protected":false},"author":15,"featured_media":29134,"parent":27546,"menu_order":3,"comment_status":"closed","ping_status":"closed","template":"template-expertise-child.php","meta":{"_acf_changed":false,"inline_featured_image":false,"footnotes":""},"class_list":["post-29159","page","type-page","status-publish","has-post-thumbnail","hentry"],"acf":[],"yoast_head":"<!-- This site is optimized with the Yoast SEO plugin v27.2 - https:\/\/yoast.com\/product\/yoast-seo-wordpress\/ -->\n<title>E-Paliwa - Pietro Fiorentini<\/title>\n<meta name=\"description\" content=\"E-Paliwa to paliwa odnawialne, niekopalne, produkowane w procesie sztucznej syntezy chemicznej wykorzystaniem \u017ar\u00f3de\u0142 odnawialnych\" \/>\n<meta name=\"robots\" content=\"index, follow, max-snippet:-1, max-image-preview:large, max-video-preview:-1\" \/>\n<link rel=\"canonical\" href=\"https:\/\/fiorentini-polska.com\/pl\/doswiadczenie\/e-paliwa\/\" \/>\n<meta property=\"og:locale\" content=\"pl_PL\" \/>\n<meta property=\"og:type\" content=\"article\" \/>\n<meta property=\"og:title\" content=\"E-Paliwa - Pietro Fiorentini\" \/>\n<meta property=\"og:description\" content=\"E-Paliwa to paliwa odnawialne, niekopalne, produkowane w procesie sztucznej syntezy chemicznej wykorzystaniem \u017ar\u00f3de\u0142 odnawialnych\" \/>\n<meta property=\"og:url\" content=\"https:\/\/fiorentini-polska.com\/pl\/doswiadczenie\/e-paliwa\/\" \/>\n<meta property=\"og:site_name\" content=\"Pietro Fiorentini\" \/>\n<meta property=\"article:modified_time\" content=\"2024-09-30T14:20:34+00:00\" \/>\n<meta property=\"og:image\" content=\"https:\/\/www.fiorentini-polska.com\/wp-content\/uploads\/2024\/09\/e-fuels-thumb.jpg\" \/>\n\t<meta property=\"og:image:width\" content=\"930\" \/>\n\t<meta property=\"og:image:height\" content=\"930\" \/>\n\t<meta property=\"og:image:type\" content=\"image\/jpeg\" \/>\n<meta name=\"twitter:card\" content=\"summary_large_image\" \/>\n<meta name=\"twitter:site\" content=\"@FiorentiniSpa\" \/>\n<meta name=\"twitter:label1\" content=\"Szacowany czas czytania\" \/>\n\t<meta name=\"twitter:data1\" content=\"1 minuta\" \/>\n<script type=\"application\/ld+json\" class=\"yoast-schema-graph\">{\"@context\":\"https:\/\/schema.org\",\"@graph\":[{\"@type\":\"WebPage\",\"@id\":\"https:\/\/fiorentini-polska.com\/pl\/doswiadczenie\/e-paliwa\/\",\"url\":\"https:\/\/fiorentini-polska.com\/pl\/doswiadczenie\/e-paliwa\/\",\"name\":\"E-Paliwa - Pietro Fiorentini\",\"isPartOf\":{\"@id\":\"https:\/\/fiorentini-polska.com\/pl\/#website\"},\"primaryImageOfPage\":{\"@id\":\"https:\/\/fiorentini-polska.com\/pl\/doswiadczenie\/e-paliwa\/#primaryimage\"},\"image\":{\"@id\":\"https:\/\/fiorentini-polska.com\/pl\/doswiadczenie\/e-paliwa\/#primaryimage\"},\"thumbnailUrl\":\"https:\/\/fiorentini-polska.com\/wp-content\/uploads\/2024\/09\/e-fuels-thumb.jpg\",\"datePublished\":\"2024-09-30T13:49:14+00:00\",\"dateModified\":\"2024-09-30T14:20:34+00:00\",\"description\":\"E-Paliwa to paliwa odnawialne, niekopalne, produkowane w procesie sztucznej syntezy chemicznej wykorzystaniem \u017ar\u00f3de\u0142 odnawialnych\",\"breadcrumb\":{\"@id\":\"https:\/\/fiorentini-polska.com\/pl\/doswiadczenie\/e-paliwa\/#breadcrumb\"},\"inLanguage\":\"pl-PL\",\"potentialAction\":[{\"@type\":\"ReadAction\",\"target\":[\"https:\/\/fiorentini-polska.com\/pl\/doswiadczenie\/e-paliwa\/\"]}]},{\"@type\":\"ImageObject\",\"inLanguage\":\"pl-PL\",\"@id\":\"https:\/\/fiorentini-polska.com\/pl\/doswiadczenie\/e-paliwa\/#primaryimage\",\"url\":\"https:\/\/fiorentini-polska.com\/wp-content\/uploads\/2024\/09\/e-fuels-thumb.jpg\",\"contentUrl\":\"https:\/\/fiorentini-polska.com\/wp-content\/uploads\/2024\/09\/e-fuels-thumb.jpg\",\"width\":930,\"height\":930},{\"@type\":\"BreadcrumbList\",\"@id\":\"https:\/\/fiorentini-polska.com\/pl\/doswiadczenie\/e-paliwa\/#breadcrumb\",\"itemListElement\":[{\"@type\":\"ListItem\",\"position\":1,\"name\":\"Home\",\"item\":\"https:\/\/www.fiorentini-polska.com\/pl\/\"},{\"@type\":\"ListItem\",\"position\":2,\"name\":\"Do\u015bwiadczenie\",\"item\":\"https:\/\/fiorentini-polska.com\/pl\/doswiadczenie\/\"},{\"@type\":\"ListItem\",\"position\":3,\"name\":\"E-Paliwa\"}]},{\"@type\":\"WebSite\",\"@id\":\"https:\/\/fiorentini-polska.com\/pl\/#website\",\"url\":\"https:\/\/fiorentini-polska.com\/pl\/\",\"name\":\"Pietro Fiorentini Polska\",\"description\":\"Pietro Fiorentini projektuje i produkuje komponenty, systemy i us\u0142ugi do regulacji, pomiar\u00f3w i zarz\u0105dzania rop\u0105 naftow\u0105 i gazem.\",\"publisher\":{\"@id\":\"https:\/\/fiorentini-polska.com\/pl\/#organization\"},\"potentialAction\":[{\"@type\":\"SearchAction\",\"target\":{\"@type\":\"EntryPoint\",\"urlTemplate\":\"https:\/\/fiorentini-polska.com\/pl\/?s={search_term_string}\"},\"query-input\":{\"@type\":\"PropertyValueSpecification\",\"valueRequired\":true,\"valueName\":\"search_term_string\"}}],\"inLanguage\":\"pl-PL\"},{\"@type\":\"Organization\",\"@id\":\"https:\/\/fiorentini-polska.com\/pl\/#organization\",\"name\":\"Pietro Fiorentini Polska\",\"url\":\"https:\/\/fiorentini-polska.com\/pl\/\",\"logo\":{\"@type\":\"ImageObject\",\"inLanguage\":\"pl-PL\",\"@id\":\"https:\/\/fiorentini-polska.com\/pl\/#\/schema\/logo\/image\/\",\"url\":\"https:\/\/www.fiorentini-polska.com\/wp-content\/uploads\/2021\/07\/LOGO_CMYK_COLOR.png\",\"contentUrl\":\"https:\/\/www.fiorentini-polska.com\/wp-content\/uploads\/2021\/07\/LOGO_CMYK_COLOR.png\",\"width\":3077,\"height\":1259,\"caption\":\"Pietro Fiorentini Polska\"},\"image\":{\"@id\":\"https:\/\/fiorentini-polska.com\/pl\/#\/schema\/logo\/image\/\"},\"sameAs\":[\"https:\/\/x.com\/FiorentiniSpa\"]}]}<\/script>\n<!-- \/ Yoast SEO plugin. -->","yoast_head_json":{"title":"E-Paliwa - Pietro Fiorentini","description":"E-Paliwa to paliwa odnawialne, niekopalne, produkowane w procesie sztucznej syntezy chemicznej wykorzystaniem \u017ar\u00f3de\u0142 odnawialnych","robots":{"index":"index","follow":"follow","max-snippet":"max-snippet:-1","max-image-preview":"max-image-preview:large","max-video-preview":"max-video-preview:-1"},"canonical":"https:\/\/fiorentini-polska.com\/pl\/doswiadczenie\/e-paliwa\/","og_locale":"pl_PL","og_type":"article","og_title":"E-Paliwa - Pietro Fiorentini","og_description":"E-Paliwa to paliwa odnawialne, niekopalne, produkowane w procesie sztucznej syntezy chemicznej wykorzystaniem \u017ar\u00f3de\u0142 odnawialnych","og_url":"https:\/\/fiorentini-polska.com\/pl\/doswiadczenie\/e-paliwa\/","og_site_name":"Pietro Fiorentini","article_modified_time":"2024-09-30T14:20:34+00:00","og_image":[{"width":930,"height":930,"url":"https:\/\/www.fiorentini-polska.com\/wp-content\/uploads\/2024\/09\/e-fuels-thumb.jpg","type":"image\/jpeg"}],"twitter_card":"summary_large_image","twitter_site":"@FiorentiniSpa","twitter_misc":{"Szacowany czas czytania":"1 minuta"},"schema":{"@context":"https:\/\/schema.org","@graph":[{"@type":"WebPage","@id":"https:\/\/fiorentini-polska.com\/pl\/doswiadczenie\/e-paliwa\/","url":"https:\/\/fiorentini-polska.com\/pl\/doswiadczenie\/e-paliwa\/","name":"E-Paliwa - Pietro Fiorentini","isPartOf":{"@id":"https:\/\/fiorentini-polska.com\/pl\/#website"},"primaryImageOfPage":{"@id":"https:\/\/fiorentini-polska.com\/pl\/doswiadczenie\/e-paliwa\/#primaryimage"},"image":{"@id":"https:\/\/fiorentini-polska.com\/pl\/doswiadczenie\/e-paliwa\/#primaryimage"},"thumbnailUrl":"https:\/\/fiorentini-polska.com\/wp-content\/uploads\/2024\/09\/e-fuels-thumb.jpg","datePublished":"2024-09-30T13:49:14+00:00","dateModified":"2024-09-30T14:20:34+00:00","description":"E-Paliwa to paliwa odnawialne, niekopalne, produkowane w procesie sztucznej syntezy chemicznej wykorzystaniem \u017ar\u00f3de\u0142 odnawialnych","breadcrumb":{"@id":"https:\/\/fiorentini-polska.com\/pl\/doswiadczenie\/e-paliwa\/#breadcrumb"},"inLanguage":"pl-PL","potentialAction":[{"@type":"ReadAction","target":["https:\/\/fiorentini-polska.com\/pl\/doswiadczenie\/e-paliwa\/"]}]},{"@type":"ImageObject","inLanguage":"pl-PL","@id":"https:\/\/fiorentini-polska.com\/pl\/doswiadczenie\/e-paliwa\/#primaryimage","url":"https:\/\/fiorentini-polska.com\/wp-content\/uploads\/2024\/09\/e-fuels-thumb.jpg","contentUrl":"https:\/\/fiorentini-polska.com\/wp-content\/uploads\/2024\/09\/e-fuels-thumb.jpg","width":930,"height":930},{"@type":"BreadcrumbList","@id":"https:\/\/fiorentini-polska.com\/pl\/doswiadczenie\/e-paliwa\/#breadcrumb","itemListElement":[{"@type":"ListItem","position":1,"name":"Home","item":"https:\/\/www.fiorentini-polska.com\/pl\/"},{"@type":"ListItem","position":2,"name":"Do\u015bwiadczenie","item":"https:\/\/fiorentini-polska.com\/pl\/doswiadczenie\/"},{"@type":"ListItem","position":3,"name":"E-Paliwa"}]},{"@type":"WebSite","@id":"https:\/\/fiorentini-polska.com\/pl\/#website","url":"https:\/\/fiorentini-polska.com\/pl\/","name":"Pietro Fiorentini Polska","description":"Pietro Fiorentini projektuje i produkuje komponenty, systemy i us\u0142ugi do regulacji, pomiar\u00f3w i zarz\u0105dzania rop\u0105 naftow\u0105 i gazem.","publisher":{"@id":"https:\/\/fiorentini-polska.com\/pl\/#organization"},"potentialAction":[{"@type":"SearchAction","target":{"@type":"EntryPoint","urlTemplate":"https:\/\/fiorentini-polska.com\/pl\/?s={search_term_string}"},"query-input":{"@type":"PropertyValueSpecification","valueRequired":true,"valueName":"search_term_string"}}],"inLanguage":"pl-PL"},{"@type":"Organization","@id":"https:\/\/fiorentini-polska.com\/pl\/#organization","name":"Pietro Fiorentini Polska","url":"https:\/\/fiorentini-polska.com\/pl\/","logo":{"@type":"ImageObject","inLanguage":"pl-PL","@id":"https:\/\/fiorentini-polska.com\/pl\/#\/schema\/logo\/image\/","url":"https:\/\/www.fiorentini-polska.com\/wp-content\/uploads\/2021\/07\/LOGO_CMYK_COLOR.png","contentUrl":"https:\/\/www.fiorentini-polska.com\/wp-content\/uploads\/2021\/07\/LOGO_CMYK_COLOR.png","width":3077,"height":1259,"caption":"Pietro Fiorentini Polska"},"image":{"@id":"https:\/\/fiorentini-polska.com\/pl\/#\/schema\/logo\/image\/"},"sameAs":["https:\/\/x.com\/FiorentiniSpa"]}]}},"_links":{"self":[{"href":"https:\/\/fiorentini-polska.com\/pl\/wp-json\/wp\/v2\/pages\/29159","targetHints":{"allow":["GET"]}}],"collection":[{"href":"https:\/\/fiorentini-polska.com\/pl\/wp-json\/wp\/v2\/pages"}],"about":[{"href":"https:\/\/fiorentini-polska.com\/pl\/wp-json\/wp\/v2\/types\/page"}],"author":[{"embeddable":true,"href":"https:\/\/fiorentini-polska.com\/pl\/wp-json\/wp\/v2\/users\/15"}],"replies":[{"embeddable":true,"href":"https:\/\/fiorentini-polska.com\/pl\/wp-json\/wp\/v2\/comments?post=29159"}],"version-history":[{"count":3,"href":"https:\/\/fiorentini-polska.com\/pl\/wp-json\/wp\/v2\/pages\/29159\/revisions"}],"predecessor-version":[{"id":29163,"href":"https:\/\/fiorentini-polska.com\/pl\/wp-json\/wp\/v2\/pages\/29159\/revisions\/29163"}],"up":[{"embeddable":true,"href":"https:\/\/fiorentini-polska.com\/pl\/wp-json\/wp\/v2\/pages\/27546"}],"wp:featuredmedia":[{"embeddable":true,"href":"https:\/\/fiorentini-polska.com\/pl\/wp-json\/wp\/v2\/media\/29134"}],"wp:attachment":[{"href":"https:\/\/fiorentini-polska.com\/pl\/wp-json\/wp\/v2\/media?parent=29159"}],"curies":[{"name":"wp","href":"https:\/\/api.w.org\/{rel}","templated":true}]}}