{"id":28203,"date":"2024-04-01T01:36:45","date_gmt":"2024-03-31T23:36:45","guid":{"rendered":"https:\/\/fiorentini-polska.com\/doswiadczenie\/wodor\/straubing\/"},"modified":"2024-04-03T10:43:40","modified_gmt":"2024-04-03T08:43:40","slug":"straubing","status":"publish","type":"page","link":"https:\/\/fiorentini-polska.com\/pl\/doswiadczenie\/wodor\/straubing\/","title":{"rendered":"STRAUBING"},"content":{"rendered":"\n<p class=\"has-text-color has-link-color wp-elements-3387ba0b24755837b6c4a3014f09f30f\" style=\"color:#199782;font-size:24px\"><strong>KLUCZOWY PROJEKT ENERGII ODNAWIALNEJ PODBIJA NIEMCY &#8211;\u00a0 ROZPOCZYNAJ\u0104 SI\u0118 PRACE NAD PILOTA\u017bOW\u0104 ELEKTROWNI\u0104 W STRAUBING<\/strong><br>\u00a0 <\/p>\n\n\n\n<figure class=\"wp-block-image size-full is-resized\"><img decoding=\"async\" src=\"https:\/\/www.fiorentini-iberia.com\/wp-content\/uploads\/2024\/03\/MicroPyrosBioEnerTecHyterBiokompPietroFiorentini_BiomethanationPlantStraubing.png\" alt=\"\" class=\"wp-image-50430\" style=\"width:1031px;height:auto\"\/><\/figure>\n\n\n\n<div style=\"height:54px\" aria-hidden=\"true\" class=\"wp-block-spacer\"><\/div>\n\n\n\n<p>28 lipca 2022 r. w <strong>oczyszczalni \u015bciek\u00f3w Straubing w Niemczech<\/strong> rozpocz\u0119to prace nad instalacj\u0105 specjalnego rozwi\u0105zania marki <a href=\"https:\/\/fiorentini-polska.com\/pl\/grupa-pietro-fiorentini\/grupy-pf-oddzialy-i-marki\/#micropyros\"><strong>MicroPyros BioEnerTec<\/strong><\/a>, <a href=\"https:\/\/fiorentini-polska.com\/pl\/grupa-pietro-fiorentini\/grupy-pf-oddzialy-i-marki\/#hyter\"><strong>Hyter<\/strong><\/a>, <a href=\"https:\/\/fiorentini-polska.com\/pl\/grupa-pietro-fiorentini\/grupy-pf-oddzialy-i-marki\/#biokomp\"><strong>Biokomp<\/strong><\/a> i <strong>Pietro Fiorentini<\/strong> do bada\u0144 i eksperyment\u00f3w nad procesami biometanizacji z r\u00f3\u017cnych \u017ar\u00f3de\u0142, w szczeg\u00f3lno\u015bci biogazu i gazu syntezowego.<\/p>\n\n\n\n<p>Wszystkie firmy zaanga\u017cowane w projektowanie, budow\u0119 i instalacj\u0119 projektu s\u0105 cz\u0119\u015bci\u0105 <a href=\"https:\/\/fiorentini-polska.com\/pl\/grupa-pietro-fiorentini\/grupy-pf-oddzialy-i-marki\"><strong>Grupy Pietro Fiorentini<\/strong><\/a>, g\u0142\u00f3wnego promotora <strong>unikalnego <\/strong>w skali Europy <strong>systemu badawczo-do\u015bwiadczalnego do biometanizacji<\/strong>, dzi\u0119ki kt\u00f3remu mo\u017cliwe b\u0119dzie tworzenie mieszanek gazowych na miejscu i korzystanie z bezpo\u015bredniego zasilania biogazem z kom\u00f3r fermentacyjnych oczyszczalni \u015bciek\u00f3w.<\/p>\n\n\n\n<p>Ka\u017cda firma wnosi sw\u00f3j w\u0142asny wk\u0142ad. <strong>Stack elektrolityczny z technologi\u0105 Anion Exchange Membrane Water Electrolyser (AEMWE)<\/strong> do przetwarzania energii w gaz zostanie dostarczony przez firm\u0119 <strong>Hyter<\/strong>.<\/p>\n\n\n\n<p>&nbsp;<\/p>\n\n\n\n<p class=\"has-text-color has-link-color has-large-font-size wp-elements-230f135f689810441f62179fcfb74f43\" style=\"color:#199782\"><strong>&gt; <\/strong><a href=\"https:\/\/hyter.it\/en\/straubing\/?bk=1\" target=\"_blank\" rel=\"noreferrer noopener\"><strong>Wi\u0119cej informacji o projekcie.<\/strong><\/a><\/p>\n\n\n\n<div style=\"height:20px\" aria-hidden=\"true\" class=\"wp-block-spacer\"><\/div>\n\n\n\n<p class=\"has-text-color has-link-color has-large-font-size wp-elements-15c361e75efd9b79c236ac4f445722d6\" style=\"color:#199782\"><strong>&gt;<\/strong>  <a href=\"https:\/\/www.fiorentini-polska.com\/pl\/news\/hyter-wytwarzanie-zielonego-wodoru-za-pomoca-elektrolizy\/\"><strong>Odwied\u017a prezentacj\u0119 HYTER.<\/strong><\/a><\/p>\n","protected":false},"excerpt":{"rendered":"<p>Kr\u00f3lowe energii odnawialnej podbijaj\u0105 niemcy &#8211;  rozpoczynaj\u0105 si\u0119 prace nad pilota\u017cow\u0105 elektrowni\u0105 w Straubing.<br \/>\n\u00a0<br \/>\n28 lipca 2022 r. w oczyszczalni \u015bciek\u00f3w Straubing w Niemczech rozpocz\u0119to prace nad instalacj\u0105 specjalnego rozwi\u0105zania marki MicroPyros BioEnerTec, Hyter, Biokomp i Pietro Fiorentini do bada\u0144 i eksperyment\u00f3w nad procesami biometanizacji z r\u00f3\u017cnych \u017ar\u00f3de\u0142, w szczeg\u00f3lno\u015bci biogazu i gazu syntezowego.<\/p>\n","protected":false},"author":15,"featured_media":0,"parent":27663,"menu_order":0,"comment_status":"closed","ping_status":"closed","template":"template-expertise-post.php","meta":{"_acf_changed":false,"inline_featured_image":false,"footnotes":""},"class_list":["post-28203","page","type-page","status-publish","hentry"],"acf":[],"yoast_head":"<!-- This site is optimized with the Yoast SEO plugin v27.2 - https:\/\/yoast.com\/product\/yoast-seo-wordpress\/ -->\n<title>STRAUBING - Pietro Fiorentini<\/title>\n<meta name=\"description\" content=\"Kr\u00f3lowe energii odnawialnej podbijaj\u0105 niemcy - rozpoczynaj\u0105 si\u0119 prace nad pilota\u017cow\u0105 elektrowni\u0105 w Straubing.\" \/>\n<meta name=\"robots\" content=\"index, follow, max-snippet:-1, max-image-preview:large, max-video-preview:-1\" \/>\n<link rel=\"canonical\" href=\"https:\/\/fiorentini-polska.com\/pl\/doswiadczenie\/wodor\/straubing\/\" \/>\n<meta property=\"og:locale\" content=\"pl_PL\" \/>\n<meta property=\"og:type\" content=\"article\" \/>\n<meta property=\"og:title\" content=\"STRAUBING - Pietro Fiorentini\" \/>\n<meta property=\"og:description\" content=\"Kr\u00f3lowe energii odnawialnej podbijaj\u0105 niemcy - rozpoczynaj\u0105 si\u0119 prace nad pilota\u017cow\u0105 elektrowni\u0105 w Straubing.\" \/>\n<meta property=\"og:url\" content=\"https:\/\/fiorentini-polska.com\/pl\/doswiadczenie\/wodor\/straubing\/\" \/>\n<meta property=\"og:site_name\" content=\"Pietro Fiorentini\" \/>\n<meta property=\"article:modified_time\" content=\"2024-04-03T08:43:40+00:00\" \/>\n<meta property=\"og:image\" content=\"https:\/\/www.fiorentini-iberia.com\/wp-content\/uploads\/2024\/03\/MicroPyrosBioEnerTecHyterBiokompPietroFiorentini_BiomethanationPlantStraubing.png\" \/>\n<meta name=\"twitter:card\" content=\"summary_large_image\" \/>\n<meta name=\"twitter:site\" content=\"@FiorentiniSpa\" \/>\n<meta name=\"twitter:label1\" content=\"Szacowany czas czytania\" \/>\n\t<meta name=\"twitter:data1\" content=\"1 minuta\" \/>\n<script type=\"application\/ld+json\" class=\"yoast-schema-graph\">{\"@context\":\"https:\/\/schema.org\",\"@graph\":[{\"@type\":\"WebPage\",\"@id\":\"https:\/\/fiorentini-polska.com\/pl\/doswiadczenie\/wodor\/straubing\/\",\"url\":\"https:\/\/fiorentini-polska.com\/pl\/doswiadczenie\/wodor\/straubing\/\",\"name\":\"STRAUBING - Pietro Fiorentini\",\"isPartOf\":{\"@id\":\"https:\/\/fiorentini-polska.com\/pl\/#website\"},\"primaryImageOfPage\":{\"@id\":\"https:\/\/fiorentini-polska.com\/pl\/doswiadczenie\/wodor\/straubing\/#primaryimage\"},\"image\":{\"@id\":\"https:\/\/fiorentini-polska.com\/pl\/doswiadczenie\/wodor\/straubing\/#primaryimage\"},\"thumbnailUrl\":\"https:\/\/www.fiorentini-iberia.com\/wp-content\/uploads\/2024\/03\/MicroPyrosBioEnerTecHyterBiokompPietroFiorentini_BiomethanationPlantStraubing.png\",\"datePublished\":\"2024-03-31T23:36:45+00:00\",\"dateModified\":\"2024-04-03T08:43:40+00:00\",\"description\":\"Kr\u00f3lowe energii odnawialnej podbijaj\u0105 niemcy - rozpoczynaj\u0105 si\u0119 prace nad pilota\u017cow\u0105 elektrowni\u0105 w Straubing.\",\"breadcrumb\":{\"@id\":\"https:\/\/fiorentini-polska.com\/pl\/doswiadczenie\/wodor\/straubing\/#breadcrumb\"},\"inLanguage\":\"pl-PL\",\"potentialAction\":[{\"@type\":\"ReadAction\",\"target\":[\"https:\/\/fiorentini-polska.com\/pl\/doswiadczenie\/wodor\/straubing\/\"]}]},{\"@type\":\"ImageObject\",\"inLanguage\":\"pl-PL\",\"@id\":\"https:\/\/fiorentini-polska.com\/pl\/doswiadczenie\/wodor\/straubing\/#primaryimage\",\"url\":\"https:\/\/www.fiorentini-iberia.com\/wp-content\/uploads\/2024\/03\/MicroPyrosBioEnerTecHyterBiokompPietroFiorentini_BiomethanationPlantStraubing.png\",\"contentUrl\":\"https:\/\/www.fiorentini-iberia.com\/wp-content\/uploads\/2024\/03\/MicroPyrosBioEnerTecHyterBiokompPietroFiorentini_BiomethanationPlantStraubing.png\"},{\"@type\":\"BreadcrumbList\",\"@id\":\"https:\/\/fiorentini-polska.com\/pl\/doswiadczenie\/wodor\/straubing\/#breadcrumb\",\"itemListElement\":[{\"@type\":\"ListItem\",\"position\":1,\"name\":\"Home\",\"item\":\"https:\/\/www.fiorentini-polska.com\/pl\/\"},{\"@type\":\"ListItem\",\"position\":2,\"name\":\"Do\u015bwiadczenie\",\"item\":\"https:\/\/fiorentini-polska.com\/pl\/doswiadczenie\/\"},{\"@type\":\"ListItem\",\"position\":3,\"name\":\"Wod\u00f3r\",\"item\":\"https:\/\/fiorentini-polska.com\/pl\/doswiadczenie\/wodor\/\"},{\"@type\":\"ListItem\",\"position\":4,\"name\":\"STRAUBING\"}]},{\"@type\":\"WebSite\",\"@id\":\"https:\/\/fiorentini-polska.com\/pl\/#website\",\"url\":\"https:\/\/fiorentini-polska.com\/pl\/\",\"name\":\"Pietro Fiorentini Polska\",\"description\":\"Pietro Fiorentini projektuje i produkuje komponenty, systemy i us\u0142ugi do regulacji, pomiar\u00f3w i zarz\u0105dzania rop\u0105 naftow\u0105 i gazem.\",\"publisher\":{\"@id\":\"https:\/\/fiorentini-polska.com\/pl\/#organization\"},\"potentialAction\":[{\"@type\":\"SearchAction\",\"target\":{\"@type\":\"EntryPoint\",\"urlTemplate\":\"https:\/\/fiorentini-polska.com\/pl\/?s={search_term_string}\"},\"query-input\":{\"@type\":\"PropertyValueSpecification\",\"valueRequired\":true,\"valueName\":\"search_term_string\"}}],\"inLanguage\":\"pl-PL\"},{\"@type\":\"Organization\",\"@id\":\"https:\/\/fiorentini-polska.com\/pl\/#organization\",\"name\":\"Pietro Fiorentini Polska\",\"url\":\"https:\/\/fiorentini-polska.com\/pl\/\",\"logo\":{\"@type\":\"ImageObject\",\"inLanguage\":\"pl-PL\",\"@id\":\"https:\/\/fiorentini-polska.com\/pl\/#\/schema\/logo\/image\/\",\"url\":\"https:\/\/www.fiorentini-polska.com\/wp-content\/uploads\/2021\/07\/LOGO_CMYK_COLOR.png\",\"contentUrl\":\"https:\/\/www.fiorentini-polska.com\/wp-content\/uploads\/2021\/07\/LOGO_CMYK_COLOR.png\",\"width\":3077,\"height\":1259,\"caption\":\"Pietro Fiorentini Polska\"},\"image\":{\"@id\":\"https:\/\/fiorentini-polska.com\/pl\/#\/schema\/logo\/image\/\"},\"sameAs\":[\"https:\/\/x.com\/FiorentiniSpa\"]}]}<\/script>\n<!-- \/ Yoast SEO plugin. -->","yoast_head_json":{"title":"STRAUBING - Pietro Fiorentini","description":"Kr\u00f3lowe energii odnawialnej podbijaj\u0105 niemcy - rozpoczynaj\u0105 si\u0119 prace nad pilota\u017cow\u0105 elektrowni\u0105 w Straubing.","robots":{"index":"index","follow":"follow","max-snippet":"max-snippet:-1","max-image-preview":"max-image-preview:large","max-video-preview":"max-video-preview:-1"},"canonical":"https:\/\/fiorentini-polska.com\/pl\/doswiadczenie\/wodor\/straubing\/","og_locale":"pl_PL","og_type":"article","og_title":"STRAUBING - Pietro Fiorentini","og_description":"Kr\u00f3lowe energii odnawialnej podbijaj\u0105 niemcy - rozpoczynaj\u0105 si\u0119 prace nad pilota\u017cow\u0105 elektrowni\u0105 w Straubing.","og_url":"https:\/\/fiorentini-polska.com\/pl\/doswiadczenie\/wodor\/straubing\/","og_site_name":"Pietro Fiorentini","article_modified_time":"2024-04-03T08:43:40+00:00","og_image":[{"url":"https:\/\/www.fiorentini-iberia.com\/wp-content\/uploads\/2024\/03\/MicroPyrosBioEnerTecHyterBiokompPietroFiorentini_BiomethanationPlantStraubing.png","type":"","width":"","height":""}],"twitter_card":"summary_large_image","twitter_site":"@FiorentiniSpa","twitter_misc":{"Szacowany czas czytania":"1 minuta"},"schema":{"@context":"https:\/\/schema.org","@graph":[{"@type":"WebPage","@id":"https:\/\/fiorentini-polska.com\/pl\/doswiadczenie\/wodor\/straubing\/","url":"https:\/\/fiorentini-polska.com\/pl\/doswiadczenie\/wodor\/straubing\/","name":"STRAUBING - Pietro Fiorentini","isPartOf":{"@id":"https:\/\/fiorentini-polska.com\/pl\/#website"},"primaryImageOfPage":{"@id":"https:\/\/fiorentini-polska.com\/pl\/doswiadczenie\/wodor\/straubing\/#primaryimage"},"image":{"@id":"https:\/\/fiorentini-polska.com\/pl\/doswiadczenie\/wodor\/straubing\/#primaryimage"},"thumbnailUrl":"https:\/\/www.fiorentini-iberia.com\/wp-content\/uploads\/2024\/03\/MicroPyrosBioEnerTecHyterBiokompPietroFiorentini_BiomethanationPlantStraubing.png","datePublished":"2024-03-31T23:36:45+00:00","dateModified":"2024-04-03T08:43:40+00:00","description":"Kr\u00f3lowe energii odnawialnej podbijaj\u0105 niemcy - rozpoczynaj\u0105 si\u0119 prace nad pilota\u017cow\u0105 elektrowni\u0105 w Straubing.","breadcrumb":{"@id":"https:\/\/fiorentini-polska.com\/pl\/doswiadczenie\/wodor\/straubing\/#breadcrumb"},"inLanguage":"pl-PL","potentialAction":[{"@type":"ReadAction","target":["https:\/\/fiorentini-polska.com\/pl\/doswiadczenie\/wodor\/straubing\/"]}]},{"@type":"ImageObject","inLanguage":"pl-PL","@id":"https:\/\/fiorentini-polska.com\/pl\/doswiadczenie\/wodor\/straubing\/#primaryimage","url":"https:\/\/www.fiorentini-iberia.com\/wp-content\/uploads\/2024\/03\/MicroPyrosBioEnerTecHyterBiokompPietroFiorentini_BiomethanationPlantStraubing.png","contentUrl":"https:\/\/www.fiorentini-iberia.com\/wp-content\/uploads\/2024\/03\/MicroPyrosBioEnerTecHyterBiokompPietroFiorentini_BiomethanationPlantStraubing.png"},{"@type":"BreadcrumbList","@id":"https:\/\/fiorentini-polska.com\/pl\/doswiadczenie\/wodor\/straubing\/#breadcrumb","itemListElement":[{"@type":"ListItem","position":1,"name":"Home","item":"https:\/\/www.fiorentini-polska.com\/pl\/"},{"@type":"ListItem","position":2,"name":"Do\u015bwiadczenie","item":"https:\/\/fiorentini-polska.com\/pl\/doswiadczenie\/"},{"@type":"ListItem","position":3,"name":"Wod\u00f3r","item":"https:\/\/fiorentini-polska.com\/pl\/doswiadczenie\/wodor\/"},{"@type":"ListItem","position":4,"name":"STRAUBING"}]},{"@type":"WebSite","@id":"https:\/\/fiorentini-polska.com\/pl\/#website","url":"https:\/\/fiorentini-polska.com\/pl\/","name":"Pietro Fiorentini Polska","description":"Pietro Fiorentini projektuje i produkuje komponenty, systemy i us\u0142ugi do regulacji, pomiar\u00f3w i zarz\u0105dzania rop\u0105 naftow\u0105 i gazem.","publisher":{"@id":"https:\/\/fiorentini-polska.com\/pl\/#organization"},"potentialAction":[{"@type":"SearchAction","target":{"@type":"EntryPoint","urlTemplate":"https:\/\/fiorentini-polska.com\/pl\/?s={search_term_string}"},"query-input":{"@type":"PropertyValueSpecification","valueRequired":true,"valueName":"search_term_string"}}],"inLanguage":"pl-PL"},{"@type":"Organization","@id":"https:\/\/fiorentini-polska.com\/pl\/#organization","name":"Pietro Fiorentini Polska","url":"https:\/\/fiorentini-polska.com\/pl\/","logo":{"@type":"ImageObject","inLanguage":"pl-PL","@id":"https:\/\/fiorentini-polska.com\/pl\/#\/schema\/logo\/image\/","url":"https:\/\/www.fiorentini-polska.com\/wp-content\/uploads\/2021\/07\/LOGO_CMYK_COLOR.png","contentUrl":"https:\/\/www.fiorentini-polska.com\/wp-content\/uploads\/2021\/07\/LOGO_CMYK_COLOR.png","width":3077,"height":1259,"caption":"Pietro Fiorentini Polska"},"image":{"@id":"https:\/\/fiorentini-polska.com\/pl\/#\/schema\/logo\/image\/"},"sameAs":["https:\/\/x.com\/FiorentiniSpa"]}]}},"_links":{"self":[{"href":"https:\/\/fiorentini-polska.com\/pl\/wp-json\/wp\/v2\/pages\/28203","targetHints":{"allow":["GET"]}}],"collection":[{"href":"https:\/\/fiorentini-polska.com\/pl\/wp-json\/wp\/v2\/pages"}],"about":[{"href":"https:\/\/fiorentini-polska.com\/pl\/wp-json\/wp\/v2\/types\/page"}],"author":[{"embeddable":true,"href":"https:\/\/fiorentini-polska.com\/pl\/wp-json\/wp\/v2\/users\/15"}],"replies":[{"embeddable":true,"href":"https:\/\/fiorentini-polska.com\/pl\/wp-json\/wp\/v2\/comments?post=28203"}],"version-history":[{"count":2,"href":"https:\/\/fiorentini-polska.com\/pl\/wp-json\/wp\/v2\/pages\/28203\/revisions"}],"predecessor-version":[{"id":28233,"href":"https:\/\/fiorentini-polska.com\/pl\/wp-json\/wp\/v2\/pages\/28203\/revisions\/28233"}],"up":[{"embeddable":true,"href":"https:\/\/fiorentini-polska.com\/pl\/wp-json\/wp\/v2\/pages\/27663"}],"wp:attachment":[{"href":"https:\/\/fiorentini-polska.com\/pl\/wp-json\/wp\/v2\/media?parent=28203"}],"curies":[{"name":"wp","href":"https:\/\/api.w.org\/{rel}","templated":true}]}}