{"id":28196,"date":"2024-04-01T01:27:09","date_gmt":"2024-03-31T23:27:09","guid":{"rendered":"https:\/\/fiorentini-polska.com\/doswiadczenie\/wodor\/sirius\/"},"modified":"2024-04-03T10:40:58","modified_gmt":"2024-04-03T08:40:58","slug":"sirius","status":"publish","type":"page","link":"https:\/\/fiorentini-polska.com\/pl\/doswiadczenie\/wodor\/sirius\/","title":{"rendered":"SIRIUS"},"content":{"rendered":"\n<p class=\"has-text-color has-link-color wp-elements-7e7b8b0b401fb47693f843d01d179852\" style=\"color:#199782;font-size:24px\"><strong><strong>PROJEKT SIRIUS POD KIEROWNICTWEM FIRMY HYTER JEST JEDNYM ZE ZWYCI\u0118ZC\u00d3W PRZETARGU MITE DOTYCZ\u0104CEGO BADA\u0143 NAD WODOREM<\/strong><\/strong><br>&nbsp; <\/p>\n\n\n\n<figure class=\"wp-block-image size-full is-resized\"><img decoding=\"async\" src=\"https:\/\/www.fiorentini-iberia.com\/wp-content\/uploads\/2024\/03\/Sirius_1.png\" alt=\"\" class=\"wp-image-50423\" style=\"width:1031px;height:auto\"\/><\/figure>\n\n\n\n<div style=\"height:54px\" aria-hidden=\"true\" class=\"wp-block-spacer\"><\/div>\n\n\n\n<p>Firma Hyter wygra\u0142a niedawno jeden z przetarg\u00f3w MiTE na projekt Sirius, kt\u00f3ry obejmuje budow\u0119, <strong>pierwszego na \u015bwiecie elektrolizera o mocy wi\u0119kszej ni\u017c ponad jeden megawat w oparciu o technologi\u0119 AEMWE<\/strong>, Anion Exchange Membrane Water Electrolyser.<\/p>\n\n\n\n<p>Wydzia\u0142 Nauk Chemicznych Uniwersytetu w Padwie i MatRes przeprowadz\u0105 dzia\u0142ania badawcze maj\u0105ce na celu <strong>popraw\u0119 wydajno\u015bci okre\u015blonych komponent\u00f3w<\/strong> (ogniw katalitycznych), wykorzystuj\u0105c nowe nanostrukturalne materia\u0142y, kt\u00f3re r\u00f3wnie\u017c sprzyjaj\u0105 mniejszemu wp\u0142ywowi na \u015brodowisko w por\u00f3wnaniu z obecnie u\u017cywanymi. Projekt zostanie uko\u0144czony przez INRETE Distribuzione Energia wraz z budow\u0105 eksperymentalnego <strong>Zak\u0142adu przemys\u0142owego do wykorzystywania wodoru<\/strong>.<\/p>\n\n\n\n<p><strong>INRETE Distribuzione Energia S.p.A.<\/strong>\u00a0 zarz\u0105dza dzia\u0142alno\u015bci\u0105 w zakresie dystrybucji gazu ziemnego i energii elektrycznej g\u0142\u00f3wnie w regionie Emilia Romagna, dystrybuuj\u0105c gaz w 143 gminach oraz 3 w Toskanii, a tak\u017ce energi\u0119 elektryczn\u0105 w 24 gminach.<br>\u00a0<br><strong>MBN Nanomaterialia<\/strong>\u00a0 zajmuje si\u0119 promocj\u0105 innowacyjnych materia\u0142\u00f3w high-tech oraz produkcj\u0105 rozwi\u0105za\u0144 dostosowanych do potrzeb klienta.<\/p>\n\n\n\n<p>&nbsp;<\/p>\n\n\n\n<p class=\"has-text-color has-link-color has-large-font-size wp-elements-1144f2d6a3b5d8c320c269ac482b573b\" style=\"color:#199782\"><strong>&gt; <\/strong><a href=\"https:\/\/hyter.it\/en\/sirius\/?bk=1\" target=\"_blank\" rel=\"noreferrer noopener\"><strong>Wi\u0119cej informacji o projekcie.<\/strong><\/a><\/p>\n\n\n\n<div style=\"height:20px\" aria-hidden=\"true\" class=\"wp-block-spacer\"><\/div>\n\n\n\n<p class=\"has-text-color has-link-color has-large-font-size wp-elements-15c361e75efd9b79c236ac4f445722d6\" style=\"color:#199782\"><strong>&gt;<\/strong>  <a href=\"https:\/\/www.fiorentini-polska.com\/pl\/news\/hyter-wytwarzanie-zielonego-wodoru-za-pomoca-elektrolizy\/\"><strong>Odwied\u017a prezentacj\u0119 HYTER.<\/strong><\/a><\/p>\n","protected":false},"excerpt":{"rendered":"<p>Projekt Sirius pod kierownictwem firmy Hyter jest jednym ze zwyci\u0119zc\u00f3w przetargu mite dotycz\u0105cego bada\u0144 nad wodorem.<br \/>\n\u00a0<br \/>\nFirma Hyter wygra\u0142a niedawno jeden z przetarg\u00f3w MiTE na projekt Sirius, kt\u00f3ry obejmuje budow\u0119, w ci\u0105gu trzech lat, pierwszego na \u015bwiecie elektrolizera o mocy wi\u0119kszej ni\u017c ponad jeden megawat w oparciu o technologi\u0119 AEMWE, Anion Exchange Membrane Water Electrolyser.<\/p>\n","protected":false},"author":15,"featured_media":0,"parent":27663,"menu_order":0,"comment_status":"closed","ping_status":"closed","template":"template-expertise-post.php","meta":{"_acf_changed":false,"inline_featured_image":false,"footnotes":""},"class_list":["post-28196","page","type-page","status-publish","hentry"],"acf":[],"yoast_head":"<!-- This site is optimized with the Yoast SEO plugin v27.2 - https:\/\/yoast.com\/product\/yoast-seo-wordpress\/ -->\n<title>SIRIUS - Pietro Fiorentini<\/title>\n<meta name=\"description\" content=\"Projekt Sirius pod kierownictwem firmy Hyter jest jednym ze zwyci\u0119zc\u00f3w przetargu mite dotycz\u0105cego bada\u0144 nad wodorem.\" \/>\n<meta name=\"robots\" content=\"index, follow, max-snippet:-1, max-image-preview:large, max-video-preview:-1\" \/>\n<link rel=\"canonical\" href=\"https:\/\/fiorentini-polska.com\/pl\/doswiadczenie\/wodor\/sirius\/\" \/>\n<meta property=\"og:locale\" content=\"pl_PL\" \/>\n<meta property=\"og:type\" content=\"article\" \/>\n<meta property=\"og:title\" content=\"SIRIUS - Pietro Fiorentini\" \/>\n<meta property=\"og:description\" content=\"Projekt Sirius pod kierownictwem firmy Hyter jest jednym ze zwyci\u0119zc\u00f3w przetargu mite dotycz\u0105cego bada\u0144 nad wodorem.\" \/>\n<meta property=\"og:url\" content=\"https:\/\/fiorentini-polska.com\/pl\/doswiadczenie\/wodor\/sirius\/\" \/>\n<meta property=\"og:site_name\" content=\"Pietro Fiorentini\" \/>\n<meta property=\"article:modified_time\" content=\"2024-04-03T08:40:58+00:00\" \/>\n<meta property=\"og:image\" content=\"https:\/\/www.fiorentini-iberia.com\/wp-content\/uploads\/2024\/03\/Sirius_1.png\" \/>\n<meta name=\"twitter:card\" content=\"summary_large_image\" \/>\n<meta name=\"twitter:site\" content=\"@FiorentiniSpa\" \/>\n<meta name=\"twitter:label1\" content=\"Szacowany czas czytania\" \/>\n\t<meta name=\"twitter:data1\" content=\"1 minuta\" \/>\n<script type=\"application\/ld+json\" class=\"yoast-schema-graph\">{\"@context\":\"https:\/\/schema.org\",\"@graph\":[{\"@type\":\"WebPage\",\"@id\":\"https:\/\/fiorentini-polska.com\/pl\/doswiadczenie\/wodor\/sirius\/\",\"url\":\"https:\/\/fiorentini-polska.com\/pl\/doswiadczenie\/wodor\/sirius\/\",\"name\":\"SIRIUS - Pietro Fiorentini\",\"isPartOf\":{\"@id\":\"https:\/\/fiorentini-polska.com\/pl\/#website\"},\"primaryImageOfPage\":{\"@id\":\"https:\/\/fiorentini-polska.com\/pl\/doswiadczenie\/wodor\/sirius\/#primaryimage\"},\"image\":{\"@id\":\"https:\/\/fiorentini-polska.com\/pl\/doswiadczenie\/wodor\/sirius\/#primaryimage\"},\"thumbnailUrl\":\"https:\/\/www.fiorentini-iberia.com\/wp-content\/uploads\/2024\/03\/Sirius_1.png\",\"datePublished\":\"2024-03-31T23:27:09+00:00\",\"dateModified\":\"2024-04-03T08:40:58+00:00\",\"description\":\"Projekt Sirius pod kierownictwem firmy Hyter jest jednym ze zwyci\u0119zc\u00f3w przetargu mite dotycz\u0105cego bada\u0144 nad wodorem.\",\"breadcrumb\":{\"@id\":\"https:\/\/fiorentini-polska.com\/pl\/doswiadczenie\/wodor\/sirius\/#breadcrumb\"},\"inLanguage\":\"pl-PL\",\"potentialAction\":[{\"@type\":\"ReadAction\",\"target\":[\"https:\/\/fiorentini-polska.com\/pl\/doswiadczenie\/wodor\/sirius\/\"]}]},{\"@type\":\"ImageObject\",\"inLanguage\":\"pl-PL\",\"@id\":\"https:\/\/fiorentini-polska.com\/pl\/doswiadczenie\/wodor\/sirius\/#primaryimage\",\"url\":\"https:\/\/www.fiorentini-iberia.com\/wp-content\/uploads\/2024\/03\/Sirius_1.png\",\"contentUrl\":\"https:\/\/www.fiorentini-iberia.com\/wp-content\/uploads\/2024\/03\/Sirius_1.png\"},{\"@type\":\"BreadcrumbList\",\"@id\":\"https:\/\/fiorentini-polska.com\/pl\/doswiadczenie\/wodor\/sirius\/#breadcrumb\",\"itemListElement\":[{\"@type\":\"ListItem\",\"position\":1,\"name\":\"Home\",\"item\":\"https:\/\/www.fiorentini-polska.com\/pl\/\"},{\"@type\":\"ListItem\",\"position\":2,\"name\":\"Do\u015bwiadczenie\",\"item\":\"https:\/\/fiorentini-polska.com\/pl\/doswiadczenie\/\"},{\"@type\":\"ListItem\",\"position\":3,\"name\":\"Wod\u00f3r\",\"item\":\"https:\/\/fiorentini-polska.com\/pl\/doswiadczenie\/wodor\/\"},{\"@type\":\"ListItem\",\"position\":4,\"name\":\"SIRIUS\"}]},{\"@type\":\"WebSite\",\"@id\":\"https:\/\/fiorentini-polska.com\/pl\/#website\",\"url\":\"https:\/\/fiorentini-polska.com\/pl\/\",\"name\":\"Pietro Fiorentini Polska\",\"description\":\"Pietro Fiorentini projektuje i produkuje komponenty, systemy i us\u0142ugi do regulacji, pomiar\u00f3w i zarz\u0105dzania rop\u0105 naftow\u0105 i gazem.\",\"publisher\":{\"@id\":\"https:\/\/fiorentini-polska.com\/pl\/#organization\"},\"potentialAction\":[{\"@type\":\"SearchAction\",\"target\":{\"@type\":\"EntryPoint\",\"urlTemplate\":\"https:\/\/fiorentini-polska.com\/pl\/?s={search_term_string}\"},\"query-input\":{\"@type\":\"PropertyValueSpecification\",\"valueRequired\":true,\"valueName\":\"search_term_string\"}}],\"inLanguage\":\"pl-PL\"},{\"@type\":\"Organization\",\"@id\":\"https:\/\/fiorentini-polska.com\/pl\/#organization\",\"name\":\"Pietro Fiorentini Polska\",\"url\":\"https:\/\/fiorentini-polska.com\/pl\/\",\"logo\":{\"@type\":\"ImageObject\",\"inLanguage\":\"pl-PL\",\"@id\":\"https:\/\/fiorentini-polska.com\/pl\/#\/schema\/logo\/image\/\",\"url\":\"https:\/\/www.fiorentini-polska.com\/wp-content\/uploads\/2021\/07\/LOGO_CMYK_COLOR.png\",\"contentUrl\":\"https:\/\/www.fiorentini-polska.com\/wp-content\/uploads\/2021\/07\/LOGO_CMYK_COLOR.png\",\"width\":3077,\"height\":1259,\"caption\":\"Pietro Fiorentini Polska\"},\"image\":{\"@id\":\"https:\/\/fiorentini-polska.com\/pl\/#\/schema\/logo\/image\/\"},\"sameAs\":[\"https:\/\/x.com\/FiorentiniSpa\"]}]}<\/script>\n<!-- \/ Yoast SEO plugin. -->","yoast_head_json":{"title":"SIRIUS - Pietro Fiorentini","description":"Projekt Sirius pod kierownictwem firmy Hyter jest jednym ze zwyci\u0119zc\u00f3w przetargu mite dotycz\u0105cego bada\u0144 nad wodorem.","robots":{"index":"index","follow":"follow","max-snippet":"max-snippet:-1","max-image-preview":"max-image-preview:large","max-video-preview":"max-video-preview:-1"},"canonical":"https:\/\/fiorentini-polska.com\/pl\/doswiadczenie\/wodor\/sirius\/","og_locale":"pl_PL","og_type":"article","og_title":"SIRIUS - Pietro Fiorentini","og_description":"Projekt Sirius pod kierownictwem firmy Hyter jest jednym ze zwyci\u0119zc\u00f3w przetargu mite dotycz\u0105cego bada\u0144 nad wodorem.","og_url":"https:\/\/fiorentini-polska.com\/pl\/doswiadczenie\/wodor\/sirius\/","og_site_name":"Pietro Fiorentini","article_modified_time":"2024-04-03T08:40:58+00:00","og_image":[{"url":"https:\/\/www.fiorentini-iberia.com\/wp-content\/uploads\/2024\/03\/Sirius_1.png","type":"","width":"","height":""}],"twitter_card":"summary_large_image","twitter_site":"@FiorentiniSpa","twitter_misc":{"Szacowany czas czytania":"1 minuta"},"schema":{"@context":"https:\/\/schema.org","@graph":[{"@type":"WebPage","@id":"https:\/\/fiorentini-polska.com\/pl\/doswiadczenie\/wodor\/sirius\/","url":"https:\/\/fiorentini-polska.com\/pl\/doswiadczenie\/wodor\/sirius\/","name":"SIRIUS - Pietro Fiorentini","isPartOf":{"@id":"https:\/\/fiorentini-polska.com\/pl\/#website"},"primaryImageOfPage":{"@id":"https:\/\/fiorentini-polska.com\/pl\/doswiadczenie\/wodor\/sirius\/#primaryimage"},"image":{"@id":"https:\/\/fiorentini-polska.com\/pl\/doswiadczenie\/wodor\/sirius\/#primaryimage"},"thumbnailUrl":"https:\/\/www.fiorentini-iberia.com\/wp-content\/uploads\/2024\/03\/Sirius_1.png","datePublished":"2024-03-31T23:27:09+00:00","dateModified":"2024-04-03T08:40:58+00:00","description":"Projekt Sirius pod kierownictwem firmy Hyter jest jednym ze zwyci\u0119zc\u00f3w przetargu mite dotycz\u0105cego bada\u0144 nad wodorem.","breadcrumb":{"@id":"https:\/\/fiorentini-polska.com\/pl\/doswiadczenie\/wodor\/sirius\/#breadcrumb"},"inLanguage":"pl-PL","potentialAction":[{"@type":"ReadAction","target":["https:\/\/fiorentini-polska.com\/pl\/doswiadczenie\/wodor\/sirius\/"]}]},{"@type":"ImageObject","inLanguage":"pl-PL","@id":"https:\/\/fiorentini-polska.com\/pl\/doswiadczenie\/wodor\/sirius\/#primaryimage","url":"https:\/\/www.fiorentini-iberia.com\/wp-content\/uploads\/2024\/03\/Sirius_1.png","contentUrl":"https:\/\/www.fiorentini-iberia.com\/wp-content\/uploads\/2024\/03\/Sirius_1.png"},{"@type":"BreadcrumbList","@id":"https:\/\/fiorentini-polska.com\/pl\/doswiadczenie\/wodor\/sirius\/#breadcrumb","itemListElement":[{"@type":"ListItem","position":1,"name":"Home","item":"https:\/\/www.fiorentini-polska.com\/pl\/"},{"@type":"ListItem","position":2,"name":"Do\u015bwiadczenie","item":"https:\/\/fiorentini-polska.com\/pl\/doswiadczenie\/"},{"@type":"ListItem","position":3,"name":"Wod\u00f3r","item":"https:\/\/fiorentini-polska.com\/pl\/doswiadczenie\/wodor\/"},{"@type":"ListItem","position":4,"name":"SIRIUS"}]},{"@type":"WebSite","@id":"https:\/\/fiorentini-polska.com\/pl\/#website","url":"https:\/\/fiorentini-polska.com\/pl\/","name":"Pietro Fiorentini Polska","description":"Pietro Fiorentini projektuje i produkuje komponenty, systemy i us\u0142ugi do regulacji, pomiar\u00f3w i zarz\u0105dzania rop\u0105 naftow\u0105 i gazem.","publisher":{"@id":"https:\/\/fiorentini-polska.com\/pl\/#organization"},"potentialAction":[{"@type":"SearchAction","target":{"@type":"EntryPoint","urlTemplate":"https:\/\/fiorentini-polska.com\/pl\/?s={search_term_string}"},"query-input":{"@type":"PropertyValueSpecification","valueRequired":true,"valueName":"search_term_string"}}],"inLanguage":"pl-PL"},{"@type":"Organization","@id":"https:\/\/fiorentini-polska.com\/pl\/#organization","name":"Pietro Fiorentini Polska","url":"https:\/\/fiorentini-polska.com\/pl\/","logo":{"@type":"ImageObject","inLanguage":"pl-PL","@id":"https:\/\/fiorentini-polska.com\/pl\/#\/schema\/logo\/image\/","url":"https:\/\/www.fiorentini-polska.com\/wp-content\/uploads\/2021\/07\/LOGO_CMYK_COLOR.png","contentUrl":"https:\/\/www.fiorentini-polska.com\/wp-content\/uploads\/2021\/07\/LOGO_CMYK_COLOR.png","width":3077,"height":1259,"caption":"Pietro Fiorentini Polska"},"image":{"@id":"https:\/\/fiorentini-polska.com\/pl\/#\/schema\/logo\/image\/"},"sameAs":["https:\/\/x.com\/FiorentiniSpa"]}]}},"_links":{"self":[{"href":"https:\/\/fiorentini-polska.com\/pl\/wp-json\/wp\/v2\/pages\/28196","targetHints":{"allow":["GET"]}}],"collection":[{"href":"https:\/\/fiorentini-polska.com\/pl\/wp-json\/wp\/v2\/pages"}],"about":[{"href":"https:\/\/fiorentini-polska.com\/pl\/wp-json\/wp\/v2\/types\/page"}],"author":[{"embeddable":true,"href":"https:\/\/fiorentini-polska.com\/pl\/wp-json\/wp\/v2\/users\/15"}],"replies":[{"embeddable":true,"href":"https:\/\/fiorentini-polska.com\/pl\/wp-json\/wp\/v2\/comments?post=28196"}],"version-history":[{"count":3,"href":"https:\/\/fiorentini-polska.com\/pl\/wp-json\/wp\/v2\/pages\/28196\/revisions"}],"predecessor-version":[{"id":28231,"href":"https:\/\/fiorentini-polska.com\/pl\/wp-json\/wp\/v2\/pages\/28196\/revisions\/28231"}],"up":[{"embeddable":true,"href":"https:\/\/fiorentini-polska.com\/pl\/wp-json\/wp\/v2\/pages\/27663"}],"wp:attachment":[{"href":"https:\/\/fiorentini-polska.com\/pl\/wp-json\/wp\/v2\/media?parent=28196"}],"curies":[{"name":"wp","href":"https:\/\/api.w.org\/{rel}","templated":true}]}}