{"id":28189,"date":"2024-04-01T00:58:37","date_gmt":"2024-03-31T22:58:37","guid":{"rendered":"https:\/\/fiorentini-polska.com\/doswiadczenie\/wodor\/plt-energia\/"},"modified":"2024-04-03T10:33:57","modified_gmt":"2024-04-03T08:33:57","slug":"plt-energia","status":"publish","type":"page","link":"https:\/\/fiorentini-polska.com\/pl\/doswiadczenie\/wodor\/plt-energia\/","title":{"rendered":"PLT ENERGIA"},"content":{"rendered":"\n<p class=\"has-text-color has-link-color wp-elements-e7365a4265c6f64ced9bae3325a32842\" style=\"color:#199782;font-size:24px\"><strong>ZIELONA FABRYKA WODORU DLA PLT ENERGIA DZI\u0118KI ELEKTROLIZEROM HYTER<\/strong><\/p>\n\n\n\n<figure class=\"wp-block-image size-large is-resized\"><img decoding=\"async\" src=\"https:\/\/www.fiorentini-iberia.com\/wp-content\/uploads\/2024\/03\/Hyter-Electrolyser-1024x384.jpg\" alt=\"\" class=\"wp-image-50080\" style=\"width:1031px;height:auto\"\/><\/figure>\n\n\n\n<div style=\"height:28px\" aria-hidden=\"true\" class=\"wp-block-spacer\"><\/div>\n\n\n\n<p>Dzi\u0119ki innowacyjnym elektrolizerom dostarczonych przez Hyter, sp\u00f3\u0142k\u0119 nale\u017c\u0105c\u0105 do <a href=\"https:\/\/fiorentini-polska.com\/pl\/grupa-pietro-fiorentini\/\"><strong>Grupy Pietro Fiorentini<\/strong><\/a>, PLT energia b\u0119dzie mog\u0142a <strong>wykorzystywa\u0107 zielony wod\u00f3r jako no\u015bnik energii<\/strong>, aby uczyni\u0107 swoje biura jeszcze bardziej zr\u00f3wnowa\u017cone.<\/p>\n\n\n\n<p><strong>Od 15 lat <\/strong><a href=\"https:\/\/www.pltenergia.it\/EN\/\" target=\"_blank\" rel=\"noreferrer noopener\"><strong>PLT energia<\/strong><\/a> zarz\u0105dza <strong>ca\u0142ym \u0142a\u0144cuchem warto\u015bci odnawialnych \u017ar\u00f3de\u0142 energii<\/strong>, od projektowania elektrowni wiatrowych i fotowoltaicznych po bezpo\u015bredni\u0105 sprzeda\u017c energii. Teraz po raz pierwszy do\u015bwiadczy tej technologii, aby zredukowa\u0107 emisj\u0119 CO<sub>2<\/sub> w swoich biurach i zdoby\u0107 <strong>strategiczne know-how w kierunku rozwoju na du\u017c\u0105 skal\u0119<\/strong>.<\/p>\n\n\n\n<p><strong>PLT energia Srl<\/strong> to firma zarz\u0105dzaj\u0105ca <strong>elektrowniami fotowoltaicznymi, wiatrowymi, ma\u0142ymi elektrowniami wiatrowymi i elektrowniami na biomas\u0119<\/strong> we W\u0142oszech i za granic\u0105.<\/p>\n\n\n\n<p>Projekt koncentruje si\u0119 na nabyciu nowej instalacji zbudowanej przez <strong>Hyter<\/strong>: Cennego urz\u0105dzenia do wytwarzania zielonego wodoru poprzez elektroliz\u0119 wody, przy u\u017cyciu <strong>innowacyjnej technologii AEMWE<\/strong>, Anion Exchange Membrane Water Electrolyser.<\/p>\n\n\n\n<p>&nbsp;<\/p>\n\n\n\n<p class=\"has-text-color has-link-color has-large-font-size wp-elements-854393820e9730810e877d6ef7f43924\" style=\"color:#199782\"><strong>&gt; <\/strong><a href=\"https:\/\/hyter.it\/en\/plt-energia\/?bk=1\" target=\"_blank\" rel=\"noreferrer noopener\"><strong>Wi\u0119cej informacji o projekcie.<\/strong><\/a><\/p>\n\n\n\n<div style=\"height:20px\" aria-hidden=\"true\" class=\"wp-block-spacer\"><\/div>\n\n\n\n<p class=\"has-text-color has-link-color has-large-font-size wp-elements-15c361e75efd9b79c236ac4f445722d6\" style=\"color:#199782\"><strong>&gt;<\/strong>  <a href=\"https:\/\/www.fiorentini-polska.com\/pl\/news\/hyter-wytwarzanie-zielonego-wodoru-za-pomoca-elektrolizy\/\"><strong>Odwied\u017a prezentacj\u0119 HYTER.<\/strong><\/a><\/p>\n","protected":false},"excerpt":{"rendered":"<p>Zielona fabryka wodoru dla plt energia dzi\u0119ki elektrolizerowi Hyter.<br \/>\n\u00a0<br \/>\nDzi\u0119ki innowacyjnemu elektrolizerowi dostarczonemu przez Hyter, sp\u00f3\u0142k\u0119 nale\u017c\u0105c\u0105 do Grupy Pietro Fiorentini, PLT energia b\u0119dzie mog\u0142a wykorzystywa\u0107 zielony wod\u00f3r jako no\u015bnik energii, aby uczyni\u0107 swoje biura jeszcze bardziej zr\u00f3wnowa\u017conymi.<\/p>\n","protected":false},"author":15,"featured_media":0,"parent":27663,"menu_order":0,"comment_status":"closed","ping_status":"closed","template":"template-expertise-post.php","meta":{"_acf_changed":false,"inline_featured_image":false,"footnotes":""},"class_list":["post-28189","page","type-page","status-publish","hentry"],"acf":[],"yoast_head":"<!-- This site is optimized with the Yoast SEO plugin v27.2 - https:\/\/yoast.com\/product\/yoast-seo-wordpress\/ -->\n<title>PLT ENERGIA - Pietro Fiorentini<\/title>\n<meta name=\"description\" content=\"Dzi\u0119ki innowacyjnemu elektrolizerowi dostarczonemu przez Hyter, sp\u00f3\u0142k\u0119 nale\u017c\u0105c\u0105 do Grupy Pietro Fiorentini, PLT energia b\u0119dzie mog\u0142a wykorzystywa\u0107 zielony wod\u00f3r jako no\u015bnik energii, aby uczyni\u0107 swoje biura jeszcze bardziej zr\u00f3wnowa\u017conymi.\" \/>\n<meta name=\"robots\" content=\"index, follow, max-snippet:-1, max-image-preview:large, max-video-preview:-1\" \/>\n<link rel=\"canonical\" href=\"https:\/\/fiorentini-polska.com\/pl\/doswiadczenie\/wodor\/plt-energia\/\" \/>\n<meta property=\"og:locale\" content=\"pl_PL\" \/>\n<meta property=\"og:type\" content=\"article\" \/>\n<meta property=\"og:title\" content=\"PLT ENERGIA - Pietro Fiorentini\" \/>\n<meta property=\"og:description\" content=\"Dzi\u0119ki innowacyjnemu elektrolizerowi dostarczonemu przez Hyter, sp\u00f3\u0142k\u0119 nale\u017c\u0105c\u0105 do Grupy Pietro Fiorentini, PLT energia b\u0119dzie mog\u0142a wykorzystywa\u0107 zielony wod\u00f3r jako no\u015bnik energii, aby uczyni\u0107 swoje biura jeszcze bardziej zr\u00f3wnowa\u017conymi.\" \/>\n<meta property=\"og:url\" content=\"https:\/\/fiorentini-polska.com\/pl\/doswiadczenie\/wodor\/plt-energia\/\" \/>\n<meta property=\"og:site_name\" content=\"Pietro Fiorentini\" \/>\n<meta property=\"article:modified_time\" content=\"2024-04-03T08:33:57+00:00\" \/>\n<meta property=\"og:image\" content=\"https:\/\/www.fiorentini-iberia.com\/wp-content\/uploads\/2024\/03\/Hyter-Electrolyser-1024x384.jpg\" \/>\n<meta name=\"twitter:card\" content=\"summary_large_image\" \/>\n<meta name=\"twitter:site\" content=\"@FiorentiniSpa\" \/>\n<meta name=\"twitter:label1\" content=\"Szacowany czas czytania\" \/>\n\t<meta name=\"twitter:data1\" content=\"1 minuta\" \/>\n<script type=\"application\/ld+json\" class=\"yoast-schema-graph\">{\"@context\":\"https:\/\/schema.org\",\"@graph\":[{\"@type\":\"WebPage\",\"@id\":\"https:\/\/fiorentini-polska.com\/pl\/doswiadczenie\/wodor\/plt-energia\/\",\"url\":\"https:\/\/fiorentini-polska.com\/pl\/doswiadczenie\/wodor\/plt-energia\/\",\"name\":\"PLT ENERGIA - Pietro Fiorentini\",\"isPartOf\":{\"@id\":\"https:\/\/fiorentini-polska.com\/pl\/#website\"},\"primaryImageOfPage\":{\"@id\":\"https:\/\/fiorentini-polska.com\/pl\/doswiadczenie\/wodor\/plt-energia\/#primaryimage\"},\"image\":{\"@id\":\"https:\/\/fiorentini-polska.com\/pl\/doswiadczenie\/wodor\/plt-energia\/#primaryimage\"},\"thumbnailUrl\":\"https:\/\/www.fiorentini-iberia.com\/wp-content\/uploads\/2024\/03\/Hyter-Electrolyser-1024x384.jpg\",\"datePublished\":\"2024-03-31T22:58:37+00:00\",\"dateModified\":\"2024-04-03T08:33:57+00:00\",\"description\":\"Dzi\u0119ki innowacyjnemu elektrolizerowi dostarczonemu przez Hyter, sp\u00f3\u0142k\u0119 nale\u017c\u0105c\u0105 do Grupy Pietro Fiorentini, PLT energia b\u0119dzie mog\u0142a wykorzystywa\u0107 zielony wod\u00f3r jako no\u015bnik energii, aby uczyni\u0107 swoje biura jeszcze bardziej zr\u00f3wnowa\u017conymi.\",\"breadcrumb\":{\"@id\":\"https:\/\/fiorentini-polska.com\/pl\/doswiadczenie\/wodor\/plt-energia\/#breadcrumb\"},\"inLanguage\":\"pl-PL\",\"potentialAction\":[{\"@type\":\"ReadAction\",\"target\":[\"https:\/\/fiorentini-polska.com\/pl\/doswiadczenie\/wodor\/plt-energia\/\"]}]},{\"@type\":\"ImageObject\",\"inLanguage\":\"pl-PL\",\"@id\":\"https:\/\/fiorentini-polska.com\/pl\/doswiadczenie\/wodor\/plt-energia\/#primaryimage\",\"url\":\"https:\/\/www.fiorentini-iberia.com\/wp-content\/uploads\/2024\/03\/Hyter-Electrolyser-1024x384.jpg\",\"contentUrl\":\"https:\/\/www.fiorentini-iberia.com\/wp-content\/uploads\/2024\/03\/Hyter-Electrolyser-1024x384.jpg\"},{\"@type\":\"BreadcrumbList\",\"@id\":\"https:\/\/fiorentini-polska.com\/pl\/doswiadczenie\/wodor\/plt-energia\/#breadcrumb\",\"itemListElement\":[{\"@type\":\"ListItem\",\"position\":1,\"name\":\"Home\",\"item\":\"https:\/\/www.fiorentini-polska.com\/pl\/\"},{\"@type\":\"ListItem\",\"position\":2,\"name\":\"Do\u015bwiadczenie\",\"item\":\"https:\/\/fiorentini-polska.com\/pl\/doswiadczenie\/\"},{\"@type\":\"ListItem\",\"position\":3,\"name\":\"Wod\u00f3r\",\"item\":\"https:\/\/fiorentini-polska.com\/pl\/doswiadczenie\/wodor\/\"},{\"@type\":\"ListItem\",\"position\":4,\"name\":\"PLT ENERGIA\"}]},{\"@type\":\"WebSite\",\"@id\":\"https:\/\/fiorentini-polska.com\/pl\/#website\",\"url\":\"https:\/\/fiorentini-polska.com\/pl\/\",\"name\":\"Pietro Fiorentini Polska\",\"description\":\"Pietro Fiorentini projektuje i produkuje komponenty, systemy i us\u0142ugi do regulacji, pomiar\u00f3w i zarz\u0105dzania rop\u0105 naftow\u0105 i gazem.\",\"publisher\":{\"@id\":\"https:\/\/fiorentini-polska.com\/pl\/#organization\"},\"potentialAction\":[{\"@type\":\"SearchAction\",\"target\":{\"@type\":\"EntryPoint\",\"urlTemplate\":\"https:\/\/fiorentini-polska.com\/pl\/?s={search_term_string}\"},\"query-input\":{\"@type\":\"PropertyValueSpecification\",\"valueRequired\":true,\"valueName\":\"search_term_string\"}}],\"inLanguage\":\"pl-PL\"},{\"@type\":\"Organization\",\"@id\":\"https:\/\/fiorentini-polska.com\/pl\/#organization\",\"name\":\"Pietro Fiorentini Polska\",\"url\":\"https:\/\/fiorentini-polska.com\/pl\/\",\"logo\":{\"@type\":\"ImageObject\",\"inLanguage\":\"pl-PL\",\"@id\":\"https:\/\/fiorentini-polska.com\/pl\/#\/schema\/logo\/image\/\",\"url\":\"https:\/\/www.fiorentini-polska.com\/wp-content\/uploads\/2021\/07\/LOGO_CMYK_COLOR.png\",\"contentUrl\":\"https:\/\/www.fiorentini-polska.com\/wp-content\/uploads\/2021\/07\/LOGO_CMYK_COLOR.png\",\"width\":3077,\"height\":1259,\"caption\":\"Pietro Fiorentini Polska\"},\"image\":{\"@id\":\"https:\/\/fiorentini-polska.com\/pl\/#\/schema\/logo\/image\/\"},\"sameAs\":[\"https:\/\/x.com\/FiorentiniSpa\"]}]}<\/script>\n<!-- \/ Yoast SEO plugin. -->","yoast_head_json":{"title":"PLT ENERGIA - Pietro Fiorentini","description":"Dzi\u0119ki innowacyjnemu elektrolizerowi dostarczonemu przez Hyter, sp\u00f3\u0142k\u0119 nale\u017c\u0105c\u0105 do Grupy Pietro Fiorentini, PLT energia b\u0119dzie mog\u0142a wykorzystywa\u0107 zielony wod\u00f3r jako no\u015bnik energii, aby uczyni\u0107 swoje biura jeszcze bardziej zr\u00f3wnowa\u017conymi.","robots":{"index":"index","follow":"follow","max-snippet":"max-snippet:-1","max-image-preview":"max-image-preview:large","max-video-preview":"max-video-preview:-1"},"canonical":"https:\/\/fiorentini-polska.com\/pl\/doswiadczenie\/wodor\/plt-energia\/","og_locale":"pl_PL","og_type":"article","og_title":"PLT ENERGIA - Pietro Fiorentini","og_description":"Dzi\u0119ki innowacyjnemu elektrolizerowi dostarczonemu przez Hyter, sp\u00f3\u0142k\u0119 nale\u017c\u0105c\u0105 do Grupy Pietro Fiorentini, PLT energia b\u0119dzie mog\u0142a wykorzystywa\u0107 zielony wod\u00f3r jako no\u015bnik energii, aby uczyni\u0107 swoje biura jeszcze bardziej zr\u00f3wnowa\u017conymi.","og_url":"https:\/\/fiorentini-polska.com\/pl\/doswiadczenie\/wodor\/plt-energia\/","og_site_name":"Pietro Fiorentini","article_modified_time":"2024-04-03T08:33:57+00:00","og_image":[{"url":"https:\/\/www.fiorentini-iberia.com\/wp-content\/uploads\/2024\/03\/Hyter-Electrolyser-1024x384.jpg","type":"","width":"","height":""}],"twitter_card":"summary_large_image","twitter_site":"@FiorentiniSpa","twitter_misc":{"Szacowany czas czytania":"1 minuta"},"schema":{"@context":"https:\/\/schema.org","@graph":[{"@type":"WebPage","@id":"https:\/\/fiorentini-polska.com\/pl\/doswiadczenie\/wodor\/plt-energia\/","url":"https:\/\/fiorentini-polska.com\/pl\/doswiadczenie\/wodor\/plt-energia\/","name":"PLT ENERGIA - Pietro Fiorentini","isPartOf":{"@id":"https:\/\/fiorentini-polska.com\/pl\/#website"},"primaryImageOfPage":{"@id":"https:\/\/fiorentini-polska.com\/pl\/doswiadczenie\/wodor\/plt-energia\/#primaryimage"},"image":{"@id":"https:\/\/fiorentini-polska.com\/pl\/doswiadczenie\/wodor\/plt-energia\/#primaryimage"},"thumbnailUrl":"https:\/\/www.fiorentini-iberia.com\/wp-content\/uploads\/2024\/03\/Hyter-Electrolyser-1024x384.jpg","datePublished":"2024-03-31T22:58:37+00:00","dateModified":"2024-04-03T08:33:57+00:00","description":"Dzi\u0119ki innowacyjnemu elektrolizerowi dostarczonemu przez Hyter, sp\u00f3\u0142k\u0119 nale\u017c\u0105c\u0105 do Grupy Pietro Fiorentini, PLT energia b\u0119dzie mog\u0142a wykorzystywa\u0107 zielony wod\u00f3r jako no\u015bnik energii, aby uczyni\u0107 swoje biura jeszcze bardziej zr\u00f3wnowa\u017conymi.","breadcrumb":{"@id":"https:\/\/fiorentini-polska.com\/pl\/doswiadczenie\/wodor\/plt-energia\/#breadcrumb"},"inLanguage":"pl-PL","potentialAction":[{"@type":"ReadAction","target":["https:\/\/fiorentini-polska.com\/pl\/doswiadczenie\/wodor\/plt-energia\/"]}]},{"@type":"ImageObject","inLanguage":"pl-PL","@id":"https:\/\/fiorentini-polska.com\/pl\/doswiadczenie\/wodor\/plt-energia\/#primaryimage","url":"https:\/\/www.fiorentini-iberia.com\/wp-content\/uploads\/2024\/03\/Hyter-Electrolyser-1024x384.jpg","contentUrl":"https:\/\/www.fiorentini-iberia.com\/wp-content\/uploads\/2024\/03\/Hyter-Electrolyser-1024x384.jpg"},{"@type":"BreadcrumbList","@id":"https:\/\/fiorentini-polska.com\/pl\/doswiadczenie\/wodor\/plt-energia\/#breadcrumb","itemListElement":[{"@type":"ListItem","position":1,"name":"Home","item":"https:\/\/www.fiorentini-polska.com\/pl\/"},{"@type":"ListItem","position":2,"name":"Do\u015bwiadczenie","item":"https:\/\/fiorentini-polska.com\/pl\/doswiadczenie\/"},{"@type":"ListItem","position":3,"name":"Wod\u00f3r","item":"https:\/\/fiorentini-polska.com\/pl\/doswiadczenie\/wodor\/"},{"@type":"ListItem","position":4,"name":"PLT ENERGIA"}]},{"@type":"WebSite","@id":"https:\/\/fiorentini-polska.com\/pl\/#website","url":"https:\/\/fiorentini-polska.com\/pl\/","name":"Pietro Fiorentini Polska","description":"Pietro Fiorentini projektuje i produkuje komponenty, systemy i us\u0142ugi do regulacji, pomiar\u00f3w i zarz\u0105dzania rop\u0105 naftow\u0105 i gazem.","publisher":{"@id":"https:\/\/fiorentini-polska.com\/pl\/#organization"},"potentialAction":[{"@type":"SearchAction","target":{"@type":"EntryPoint","urlTemplate":"https:\/\/fiorentini-polska.com\/pl\/?s={search_term_string}"},"query-input":{"@type":"PropertyValueSpecification","valueRequired":true,"valueName":"search_term_string"}}],"inLanguage":"pl-PL"},{"@type":"Organization","@id":"https:\/\/fiorentini-polska.com\/pl\/#organization","name":"Pietro Fiorentini Polska","url":"https:\/\/fiorentini-polska.com\/pl\/","logo":{"@type":"ImageObject","inLanguage":"pl-PL","@id":"https:\/\/fiorentini-polska.com\/pl\/#\/schema\/logo\/image\/","url":"https:\/\/www.fiorentini-polska.com\/wp-content\/uploads\/2021\/07\/LOGO_CMYK_COLOR.png","contentUrl":"https:\/\/www.fiorentini-polska.com\/wp-content\/uploads\/2021\/07\/LOGO_CMYK_COLOR.png","width":3077,"height":1259,"caption":"Pietro Fiorentini Polska"},"image":{"@id":"https:\/\/fiorentini-polska.com\/pl\/#\/schema\/logo\/image\/"},"sameAs":["https:\/\/x.com\/FiorentiniSpa"]}]}},"_links":{"self":[{"href":"https:\/\/fiorentini-polska.com\/pl\/wp-json\/wp\/v2\/pages\/28189","targetHints":{"allow":["GET"]}}],"collection":[{"href":"https:\/\/fiorentini-polska.com\/pl\/wp-json\/wp\/v2\/pages"}],"about":[{"href":"https:\/\/fiorentini-polska.com\/pl\/wp-json\/wp\/v2\/types\/page"}],"author":[{"embeddable":true,"href":"https:\/\/fiorentini-polska.com\/pl\/wp-json\/wp\/v2\/users\/15"}],"replies":[{"embeddable":true,"href":"https:\/\/fiorentini-polska.com\/pl\/wp-json\/wp\/v2\/comments?post=28189"}],"version-history":[{"count":2,"href":"https:\/\/fiorentini-polska.com\/pl\/wp-json\/wp\/v2\/pages\/28189\/revisions"}],"predecessor-version":[{"id":28228,"href":"https:\/\/fiorentini-polska.com\/pl\/wp-json\/wp\/v2\/pages\/28189\/revisions\/28228"}],"up":[{"embeddable":true,"href":"https:\/\/fiorentini-polska.com\/pl\/wp-json\/wp\/v2\/pages\/27663"}],"wp:attachment":[{"href":"https:\/\/fiorentini-polska.com\/pl\/wp-json\/wp\/v2\/media?parent=28189"}],"curies":[{"name":"wp","href":"https:\/\/api.w.org\/{rel}","templated":true}]}}