{"id":28171,"date":"2024-03-31T22:41:35","date_gmt":"2024-03-31T20:41:35","guid":{"rendered":"https:\/\/fiorentini-polska.com\/doswiadczenie\/biometan\/biogas-cogeneration-with-engine\/"},"modified":"2024-03-31T22:54:55","modified_gmt":"2024-03-31T20:54:55","slug":"kogeneracja-biogazu-chp","status":"publish","type":"page","link":"https:\/\/fiorentini-polska.com\/pl\/doswiadczenie\/biometan\/kogeneracja-biogazu-chp\/","title":{"rendered":"Kogeneracja biogazu CHP"},"content":{"rendered":"\n<p>Nasza seria spr\u0119\u017carek do silnik\u00f3w gazowych CHP wyr\u00f3\u017cnia si\u0119 niezawodno\u015bci\u0105, wysok\u0105 wydajno\u015bci\u0105 i \u0142atw\u0105 konserwacj\u0105, co czyni je idealnym rozwi\u0105zaniem dla projektu wytwarzania energii. Odkryj wyj\u0105tkowe zalety spr\u0119\u017carek\u00a0<strong>Biokomp<\/strong>, kt\u00f3re \u0142\u0105cz\u0105 w sobie wysokiej jako\u015bci materia\u0142y i specjalne pow\u0142oki, aby sprosta\u0107 wysokim wymaganiom elektrowni przemys\u0142owej.<\/p>\n\n\n\n<p>&nbsp;<\/p>\n\n\n\n<figure class=\"wp-block-image size-full\"><img loading=\"lazy\" decoding=\"async\" width=\"864\" height=\"648\" src=\"https:\/\/fiorentini-polska.com\/wp-content\/uploads\/2024\/03\/IMG_55C663-C7A526-6A377A-899E8D-F2AFCC-5C6CE7.jpg\" alt=\"\" class=\"wp-image-28165\" srcset=\"https:\/\/fiorentini-polska.com\/wp-content\/uploads\/2024\/03\/IMG_55C663-C7A526-6A377A-899E8D-F2AFCC-5C6CE7.jpg 864w, https:\/\/fiorentini-polska.com\/wp-content\/uploads\/2024\/03\/IMG_55C663-C7A526-6A377A-899E8D-F2AFCC-5C6CE7-300x225.jpg 300w, https:\/\/fiorentini-polska.com\/wp-content\/uploads\/2024\/03\/IMG_55C663-C7A526-6A377A-899E8D-F2AFCC-5C6CE7-768x576.jpg 768w\" sizes=\"auto, (max-width: 864px) 100vw, 864px\" \/><\/figure>\n\n\n\n<p>&nbsp;<\/p>\n\n\n\n<p>Klient:\u00a0<strong>SPUMADOR<\/strong><br>Kraj:\u00a0<strong><strong>W\u0142ochy<\/strong><\/strong><br>\u00a0<br>Spumador S.p.A. jest producentem gazowanych napoj\u00f3w bezalkoholowych. Za\u0142o\u017cona w 1888 roku w Cermenate, w prowincji Como, Domenico i Regina Verga rozpocz\u0119li produkcj\u0119 gazowanych napoj\u00f3w bezalkoholowych.<br>\u00a0<br>Obecnie grupa z siedzib\u0105 w Como zatrudnia ponad 400 pracownik\u00f3w i posiada \u0142\u0105cznie cztery rozlewnie z 22 liniami produkcyjnymi.<br>\u00a0<br><a href=\"https:\/\/www.bio-komp.com\/case-studies\" target=\"_blank\" rel=\"noreferrer noopener\"><strong>> Wi\u0119cej informacji na temat studium przypadku znajdziesz pod tym linkiem.<\/strong><\/a><br><a href=\"https:\/\/www.bio-komp.com\/filedata\/BIOKOMP_Biogas_2018.pdf\" target=\"_blank\" rel=\"noreferrer noopener\"><strong>> Pobierz arkusz danych rozwi\u0105za\u0144 dotycz\u0105cych biogazu.<\/strong><\/a><\/p>\n\n\n\n<p>&nbsp;<\/p>\n\n\n\n<figure class=\"wp-block-image size-large\"><img loading=\"lazy\" decoding=\"async\" width=\"1024\" height=\"186\" src=\"https:\/\/fiorentini-polska.com\/wp-content\/uploads\/2024\/03\/case-study-04-1024x186.jpg\" alt=\"\" class=\"wp-image-28167\" srcset=\"https:\/\/fiorentini-polska.com\/wp-content\/uploads\/2024\/03\/case-study-04-1024x186.jpg 1024w, https:\/\/fiorentini-polska.com\/wp-content\/uploads\/2024\/03\/case-study-04-300x55.jpg 300w, https:\/\/fiorentini-polska.com\/wp-content\/uploads\/2024\/03\/case-study-04-768x140.jpg 768w, https:\/\/fiorentini-polska.com\/wp-content\/uploads\/2024\/03\/case-study-04-1536x279.jpg 1536w, https:\/\/fiorentini-polska.com\/wp-content\/uploads\/2024\/03\/case-study-04.jpg 1561w\" sizes=\"auto, (max-width: 1024px) 100vw, 1024px\" \/><\/figure>\n\n\n\n<p>&nbsp;<\/p>\n\n\n\n<p class=\"has-text-color has-link-color has-large-font-size wp-elements-eee3f8de9aa675717baf72a62de3c63a\" style=\"color:#199782\"><strong>> <\/strong><a href=\"https:\/\/www.bio-komp.com\/impianti\/74\/SPUMADOR.html\" target=\"_blank\" rel=\"noreferrer noopener\"><strong>Wi\u0119cej informacji o projekcie.<\/strong><\/a><\/p>\n\n\n\n<div style=\"height:32px\" aria-hidden=\"true\" class=\"wp-block-spacer\"><\/div>\n\n\n\n<p class=\"has-text-color has-link-color has-large-font-size wp-elements-b7592223df879dfac43629f73076e647\" style=\"color:#199782\"><strong>><\/strong>  <strong><a href=\"https:\/\/www.fiorentini-polska.com\/pl\/news\/biokomp-instalacje-do-sprezania-i-uszlachetniania-biogazu\/\">Odwied\u017a now\u0105 prezentacj\u0119 BIOKOMP.<\/a><\/strong><\/p>\n","protected":false},"excerpt":{"rendered":"<p>Nasza seria spr\u0119\u017carek do silnik\u00f3w gazowych CHP wyr\u00f3\u017cnia si\u0119 niezawodno\u015bci\u0105, wysok\u0105 wydajno\u015bci\u0105 i \u0142atw\u0105 konserwacj\u0105, co czyni je idealnym rozwi\u0105zaniem dla projektu wytwarzania energii. Odkryj wyj\u0105tkowe zalety spr\u0119\u017carek Biokomp, kt\u00f3re \u0142\u0105cz\u0105 w sobie wysokiej jako\u015bci materia\u0142y i specjalne pow\u0142oki, aby sprosta\u0107 wysokim wymaganiom elektrowni przemys\u0142owej.<\/p>\n","protected":false},"author":15,"featured_media":0,"parent":27551,"menu_order":0,"comment_status":"closed","ping_status":"closed","template":"template-expertise-post.php","meta":{"_acf_changed":false,"inline_featured_image":false,"footnotes":""},"class_list":["post-28171","page","type-page","status-publish","hentry"],"acf":[],"yoast_head":"<!-- This site is optimized with the Yoast SEO plugin v27.2 - https:\/\/yoast.com\/product\/yoast-seo-wordpress\/ -->\n<title>Kogeneracja biogazu CHP - Pietro Fiorentini<\/title>\n<meta name=\"description\" content=\"Odkryj wyj\u0105tkowe zalety spr\u0119\u017carek Biokomp, kt\u00f3re \u0142\u0105cz\u0105 w sobie wysokiej jako\u015bci materia\u0142y i specjalne pow\u0142oki, aby spe\u0142ni\u0107 wysokie wymagania elektrowni przemys\u0142owej.\" \/>\n<meta name=\"robots\" content=\"index, follow, max-snippet:-1, max-image-preview:large, max-video-preview:-1\" \/>\n<link rel=\"canonical\" href=\"https:\/\/fiorentini-polska.com\/pl\/doswiadczenie\/biometan\/kogeneracja-biogazu-chp\/\" \/>\n<meta property=\"og:locale\" content=\"pl_PL\" \/>\n<meta property=\"og:type\" content=\"article\" \/>\n<meta property=\"og:title\" content=\"Kogeneracja biogazu CHP - Pietro Fiorentini\" \/>\n<meta property=\"og:description\" content=\"Odkryj wyj\u0105tkowe zalety spr\u0119\u017carek Biokomp, kt\u00f3re \u0142\u0105cz\u0105 w sobie wysokiej jako\u015bci materia\u0142y i specjalne pow\u0142oki, aby spe\u0142ni\u0107 wysokie wymagania elektrowni przemys\u0142owej.\" \/>\n<meta property=\"og:url\" content=\"https:\/\/fiorentini-polska.com\/pl\/doswiadczenie\/biometan\/kogeneracja-biogazu-chp\/\" \/>\n<meta property=\"og:site_name\" content=\"Pietro Fiorentini\" \/>\n<meta property=\"article:modified_time\" content=\"2024-03-31T20:54:55+00:00\" \/>\n<meta property=\"og:image\" content=\"https:\/\/fiorentini-polska.com\/wp-content\/uploads\/2024\/03\/IMG_55C663-C7A526-6A377A-899E8D-F2AFCC-5C6CE7.jpg\" \/>\n<meta name=\"twitter:card\" content=\"summary_large_image\" \/>\n<meta name=\"twitter:site\" content=\"@FiorentiniSpa\" \/>\n<meta name=\"twitter:label1\" content=\"Szacowany czas czytania\" \/>\n\t<meta name=\"twitter:data1\" content=\"1 minuta\" \/>\n<script type=\"application\/ld+json\" class=\"yoast-schema-graph\">{\"@context\":\"https:\/\/schema.org\",\"@graph\":[{\"@type\":\"WebPage\",\"@id\":\"https:\/\/fiorentini-polska.com\/pl\/doswiadczenie\/biometan\/kogeneracja-biogazu-chp\/\",\"url\":\"https:\/\/fiorentini-polska.com\/pl\/doswiadczenie\/biometan\/kogeneracja-biogazu-chp\/\",\"name\":\"Kogeneracja biogazu CHP - Pietro Fiorentini\",\"isPartOf\":{\"@id\":\"https:\/\/www.fiorentini-polska.com\/pl\/#website\"},\"primaryImageOfPage\":{\"@id\":\"https:\/\/fiorentini-polska.com\/pl\/doswiadczenie\/biometan\/kogeneracja-biogazu-chp\/#primaryimage\"},\"image\":{\"@id\":\"https:\/\/fiorentini-polska.com\/pl\/doswiadczenie\/biometan\/kogeneracja-biogazu-chp\/#primaryimage\"},\"thumbnailUrl\":\"https:\/\/fiorentini-polska.com\/wp-content\/uploads\/2024\/03\/IMG_55C663-C7A526-6A377A-899E8D-F2AFCC-5C6CE7.jpg\",\"datePublished\":\"2024-03-31T20:41:35+00:00\",\"dateModified\":\"2024-03-31T20:54:55+00:00\",\"description\":\"Odkryj wyj\u0105tkowe zalety spr\u0119\u017carek Biokomp, kt\u00f3re \u0142\u0105cz\u0105 w sobie wysokiej jako\u015bci materia\u0142y i specjalne pow\u0142oki, aby spe\u0142ni\u0107 wysokie wymagania elektrowni przemys\u0142owej.\",\"breadcrumb\":{\"@id\":\"https:\/\/fiorentini-polska.com\/pl\/doswiadczenie\/biometan\/kogeneracja-biogazu-chp\/#breadcrumb\"},\"inLanguage\":\"pl-PL\",\"potentialAction\":[{\"@type\":\"ReadAction\",\"target\":[\"https:\/\/fiorentini-polska.com\/pl\/doswiadczenie\/biometan\/kogeneracja-biogazu-chp\/\"]}]},{\"@type\":\"ImageObject\",\"inLanguage\":\"pl-PL\",\"@id\":\"https:\/\/fiorentini-polska.com\/pl\/doswiadczenie\/biometan\/kogeneracja-biogazu-chp\/#primaryimage\",\"url\":\"https:\/\/fiorentini-polska.com\/wp-content\/uploads\/2024\/03\/IMG_55C663-C7A526-6A377A-899E8D-F2AFCC-5C6CE7.jpg\",\"contentUrl\":\"https:\/\/fiorentini-polska.com\/wp-content\/uploads\/2024\/03\/IMG_55C663-C7A526-6A377A-899E8D-F2AFCC-5C6CE7.jpg\"},{\"@type\":\"BreadcrumbList\",\"@id\":\"https:\/\/fiorentini-polska.com\/pl\/doswiadczenie\/biometan\/kogeneracja-biogazu-chp\/#breadcrumb\",\"itemListElement\":[{\"@type\":\"ListItem\",\"position\":1,\"name\":\"Home\",\"item\":\"https:\/\/www.fiorentini-polska.com\/pl\/\"},{\"@type\":\"ListItem\",\"position\":2,\"name\":\"Do\u015bwiadczenie\",\"item\":\"https:\/\/www.fiorentini-polska.com\/pl\/doswiadczenie\/\"},{\"@type\":\"ListItem\",\"position\":3,\"name\":\"Biometan\",\"item\":\"https:\/\/www.fiorentini-polska.com\/pl\/doswiadczenie\/biometan\/\"},{\"@type\":\"ListItem\",\"position\":4,\"name\":\"Kogeneracja biogazu CHP\"}]},{\"@type\":\"WebSite\",\"@id\":\"https:\/\/www.fiorentini-polska.com\/pl\/#website\",\"url\":\"https:\/\/www.fiorentini-polska.com\/pl\/\",\"name\":\"Pietro Fiorentini Polska\",\"description\":\"Pietro Fiorentini projektuje i produkuje komponenty, systemy i us\u0142ugi do regulacji, pomiar\u00f3w i zarz\u0105dzania rop\u0105 naftow\u0105 i gazem.\",\"publisher\":{\"@id\":\"https:\/\/www.fiorentini-polska.com\/pl\/#organization\"},\"potentialAction\":[{\"@type\":\"SearchAction\",\"target\":{\"@type\":\"EntryPoint\",\"urlTemplate\":\"https:\/\/www.fiorentini-polska.com\/pl\/?s={search_term_string}\"},\"query-input\":{\"@type\":\"PropertyValueSpecification\",\"valueRequired\":true,\"valueName\":\"search_term_string\"}}],\"inLanguage\":\"pl-PL\"},{\"@type\":\"Organization\",\"@id\":\"https:\/\/www.fiorentini-polska.com\/pl\/#organization\",\"name\":\"Pietro Fiorentini Polska\",\"url\":\"https:\/\/www.fiorentini-polska.com\/pl\/\",\"logo\":{\"@type\":\"ImageObject\",\"inLanguage\":\"pl-PL\",\"@id\":\"https:\/\/www.fiorentini-polska.com\/pl\/#\/schema\/logo\/image\/\",\"url\":\"https:\/\/www.fiorentini-polska.com\/wp-content\/uploads\/2021\/07\/LOGO_CMYK_COLOR.png\",\"contentUrl\":\"https:\/\/www.fiorentini-polska.com\/wp-content\/uploads\/2021\/07\/LOGO_CMYK_COLOR.png\",\"width\":3077,\"height\":1259,\"caption\":\"Pietro Fiorentini Polska\"},\"image\":{\"@id\":\"https:\/\/www.fiorentini-polska.com\/pl\/#\/schema\/logo\/image\/\"},\"sameAs\":[\"https:\/\/x.com\/FiorentiniSpa\"]}]}<\/script>\n<!-- \/ Yoast SEO plugin. -->","yoast_head_json":{"title":"Kogeneracja biogazu CHP - Pietro Fiorentini","description":"Odkryj wyj\u0105tkowe zalety spr\u0119\u017carek Biokomp, kt\u00f3re \u0142\u0105cz\u0105 w sobie wysokiej jako\u015bci materia\u0142y i specjalne pow\u0142oki, aby spe\u0142ni\u0107 wysokie wymagania elektrowni przemys\u0142owej.","robots":{"index":"index","follow":"follow","max-snippet":"max-snippet:-1","max-image-preview":"max-image-preview:large","max-video-preview":"max-video-preview:-1"},"canonical":"https:\/\/fiorentini-polska.com\/pl\/doswiadczenie\/biometan\/kogeneracja-biogazu-chp\/","og_locale":"pl_PL","og_type":"article","og_title":"Kogeneracja biogazu CHP - Pietro Fiorentini","og_description":"Odkryj wyj\u0105tkowe zalety spr\u0119\u017carek Biokomp, kt\u00f3re \u0142\u0105cz\u0105 w sobie wysokiej jako\u015bci materia\u0142y i specjalne pow\u0142oki, aby spe\u0142ni\u0107 wysokie wymagania elektrowni przemys\u0142owej.","og_url":"https:\/\/fiorentini-polska.com\/pl\/doswiadczenie\/biometan\/kogeneracja-biogazu-chp\/","og_site_name":"Pietro Fiorentini","article_modified_time":"2024-03-31T20:54:55+00:00","og_image":[{"url":"https:\/\/fiorentini-polska.com\/wp-content\/uploads\/2024\/03\/IMG_55C663-C7A526-6A377A-899E8D-F2AFCC-5C6CE7.jpg","type":"","width":"","height":""}],"twitter_card":"summary_large_image","twitter_site":"@FiorentiniSpa","twitter_misc":{"Szacowany czas czytania":"1 minuta"},"schema":{"@context":"https:\/\/schema.org","@graph":[{"@type":"WebPage","@id":"https:\/\/fiorentini-polska.com\/pl\/doswiadczenie\/biometan\/kogeneracja-biogazu-chp\/","url":"https:\/\/fiorentini-polska.com\/pl\/doswiadczenie\/biometan\/kogeneracja-biogazu-chp\/","name":"Kogeneracja biogazu CHP - Pietro Fiorentini","isPartOf":{"@id":"https:\/\/www.fiorentini-polska.com\/pl\/#website"},"primaryImageOfPage":{"@id":"https:\/\/fiorentini-polska.com\/pl\/doswiadczenie\/biometan\/kogeneracja-biogazu-chp\/#primaryimage"},"image":{"@id":"https:\/\/fiorentini-polska.com\/pl\/doswiadczenie\/biometan\/kogeneracja-biogazu-chp\/#primaryimage"},"thumbnailUrl":"https:\/\/fiorentini-polska.com\/wp-content\/uploads\/2024\/03\/IMG_55C663-C7A526-6A377A-899E8D-F2AFCC-5C6CE7.jpg","datePublished":"2024-03-31T20:41:35+00:00","dateModified":"2024-03-31T20:54:55+00:00","description":"Odkryj wyj\u0105tkowe zalety spr\u0119\u017carek Biokomp, kt\u00f3re \u0142\u0105cz\u0105 w sobie wysokiej jako\u015bci materia\u0142y i specjalne pow\u0142oki, aby spe\u0142ni\u0107 wysokie wymagania elektrowni przemys\u0142owej.","breadcrumb":{"@id":"https:\/\/fiorentini-polska.com\/pl\/doswiadczenie\/biometan\/kogeneracja-biogazu-chp\/#breadcrumb"},"inLanguage":"pl-PL","potentialAction":[{"@type":"ReadAction","target":["https:\/\/fiorentini-polska.com\/pl\/doswiadczenie\/biometan\/kogeneracja-biogazu-chp\/"]}]},{"@type":"ImageObject","inLanguage":"pl-PL","@id":"https:\/\/fiorentini-polska.com\/pl\/doswiadczenie\/biometan\/kogeneracja-biogazu-chp\/#primaryimage","url":"https:\/\/fiorentini-polska.com\/wp-content\/uploads\/2024\/03\/IMG_55C663-C7A526-6A377A-899E8D-F2AFCC-5C6CE7.jpg","contentUrl":"https:\/\/fiorentini-polska.com\/wp-content\/uploads\/2024\/03\/IMG_55C663-C7A526-6A377A-899E8D-F2AFCC-5C6CE7.jpg"},{"@type":"BreadcrumbList","@id":"https:\/\/fiorentini-polska.com\/pl\/doswiadczenie\/biometan\/kogeneracja-biogazu-chp\/#breadcrumb","itemListElement":[{"@type":"ListItem","position":1,"name":"Home","item":"https:\/\/www.fiorentini-polska.com\/pl\/"},{"@type":"ListItem","position":2,"name":"Do\u015bwiadczenie","item":"https:\/\/www.fiorentini-polska.com\/pl\/doswiadczenie\/"},{"@type":"ListItem","position":3,"name":"Biometan","item":"https:\/\/www.fiorentini-polska.com\/pl\/doswiadczenie\/biometan\/"},{"@type":"ListItem","position":4,"name":"Kogeneracja biogazu CHP"}]},{"@type":"WebSite","@id":"https:\/\/www.fiorentini-polska.com\/pl\/#website","url":"https:\/\/www.fiorentini-polska.com\/pl\/","name":"Pietro Fiorentini Polska","description":"Pietro Fiorentini projektuje i produkuje komponenty, systemy i us\u0142ugi do regulacji, pomiar\u00f3w i zarz\u0105dzania rop\u0105 naftow\u0105 i gazem.","publisher":{"@id":"https:\/\/www.fiorentini-polska.com\/pl\/#organization"},"potentialAction":[{"@type":"SearchAction","target":{"@type":"EntryPoint","urlTemplate":"https:\/\/www.fiorentini-polska.com\/pl\/?s={search_term_string}"},"query-input":{"@type":"PropertyValueSpecification","valueRequired":true,"valueName":"search_term_string"}}],"inLanguage":"pl-PL"},{"@type":"Organization","@id":"https:\/\/www.fiorentini-polska.com\/pl\/#organization","name":"Pietro Fiorentini Polska","url":"https:\/\/www.fiorentini-polska.com\/pl\/","logo":{"@type":"ImageObject","inLanguage":"pl-PL","@id":"https:\/\/www.fiorentini-polska.com\/pl\/#\/schema\/logo\/image\/","url":"https:\/\/www.fiorentini-polska.com\/wp-content\/uploads\/2021\/07\/LOGO_CMYK_COLOR.png","contentUrl":"https:\/\/www.fiorentini-polska.com\/wp-content\/uploads\/2021\/07\/LOGO_CMYK_COLOR.png","width":3077,"height":1259,"caption":"Pietro Fiorentini Polska"},"image":{"@id":"https:\/\/www.fiorentini-polska.com\/pl\/#\/schema\/logo\/image\/"},"sameAs":["https:\/\/x.com\/FiorentiniSpa"]}]}},"_links":{"self":[{"href":"https:\/\/fiorentini-polska.com\/pl\/wp-json\/wp\/v2\/pages\/28171","targetHints":{"allow":["GET"]}}],"collection":[{"href":"https:\/\/fiorentini-polska.com\/pl\/wp-json\/wp\/v2\/pages"}],"about":[{"href":"https:\/\/fiorentini-polska.com\/pl\/wp-json\/wp\/v2\/types\/page"}],"author":[{"embeddable":true,"href":"https:\/\/fiorentini-polska.com\/pl\/wp-json\/wp\/v2\/users\/15"}],"replies":[{"embeddable":true,"href":"https:\/\/fiorentini-polska.com\/pl\/wp-json\/wp\/v2\/comments?post=28171"}],"version-history":[{"count":2,"href":"https:\/\/fiorentini-polska.com\/pl\/wp-json\/wp\/v2\/pages\/28171\/revisions"}],"predecessor-version":[{"id":28175,"href":"https:\/\/fiorentini-polska.com\/pl\/wp-json\/wp\/v2\/pages\/28171\/revisions\/28175"}],"up":[{"embeddable":true,"href":"https:\/\/fiorentini-polska.com\/pl\/wp-json\/wp\/v2\/pages\/27551"}],"wp:attachment":[{"href":"https:\/\/fiorentini-polska.com\/pl\/wp-json\/wp\/v2\/media?parent=28171"}],"curies":[{"name":"wp","href":"https:\/\/api.w.org\/{rel}","templated":true}]}}