{"id":28161,"date":"2024-03-31T22:29:23","date_gmt":"2024-03-31T20:29:23","guid":{"rendered":"https:\/\/fiorentini-polska.com\/doswiadczenie\/biometan\/biogas-cogeneration-with-turbine\/"},"modified":"2024-04-03T09:56:08","modified_gmt":"2024-04-03T07:56:08","slug":"kogeneracja-biogazu-z-turbina","status":"publish","type":"page","link":"https:\/\/fiorentini-polska.com\/pl\/doswiadczenie\/biometan\/kogeneracja-biogazu-z-turbina\/","title":{"rendered":"Kogeneracja biogazu z turbin\u0105"},"content":{"rendered":"\n<p><strong>Biokomp<\/strong>\u00a0oferuje szerok\u0105 gam\u0119 system\u00f3w przetwarzania gazu do zastosowa\u0144 w\u00a0<strong>mikroturbinach<\/strong>\u00a0o wydajno\u015bci od 5 Nm3\/h do 5 000 Nm3\/h. Nasze jednostki oczyszczania, odwadniania i spr\u0119\u017cania s\u0105 zaprojektowane do pracy z kilkoma rodzajami paliw (gaz ziemny, gaz z g\u0142owic odwiertu, gaz mokry ropopochodny oraz biogaz).<\/p>\n\n\n\n<figure class=\"wp-block-embed is-type-video is-provider-youtube wp-block-embed-youtube wp-embed-aspect-16-9 wp-has-aspect-ratio\"><div class=\"wp-block-embed__wrapper\">\n<iframe loading=\"lazy\" title=\"bio-komp\u00ae compression technology\" width=\"500\" height=\"281\" src=\"https:\/\/www.youtube.com\/embed\/RP5QEUpZpns?feature=oembed\" frameborder=\"0\" allow=\"accelerometer; autoplay; clipboard-write; encrypted-media; gyroscope; picture-in-picture; web-share\" referrerpolicy=\"strict-origin-when-cross-origin\" allowfullscreen><\/iframe>\n<\/div><\/figure>\n\n\n\n<p>Klient:\u00a0<strong>LAIBACH DOO<\/strong><br>Kraj:\u00a0<strong>Slovenia<\/strong><br>\u00a0<br>Za\u0142o\u017cona w 1992 roku jako firma rodzinna i pierwotnie koncentruj\u0105ca si\u0119 na dystrybucji p\u00f3\u0142produkt\u00f3w przemys\u0142owych, Laibach od samego pocz\u0105tku by\u0142a zwi\u0105zana z klientami dzia\u0142aj\u0105cymi w dystrybucji energii oraz instytutach badawczych.<br>\u00a0<br>Zesp\u00f3\u0142 Laibach zapewnia planowanie projektu, nadz\u00f3r nad instalacj\u0105, uruchomienie i konserwacj\u0119 produkt\u00f3w Capstone, zapewniaj\u0105c rozwi\u0105zania \u201epod klucz\u201d w S\u0142owenii i Chorwacji.<br>\u00a0<br><a href=\"https:\/\/www.bio-komp.com\/case-studies\" target=\"_blank\" rel=\"noreferrer noopener\"><strong>> Wi\u0119cej informacji na temat studium przypadku znajdziesz pod tym linkiem.<\/strong><\/a><br><a href=\"https:\/\/www.bio-komp.com\/filedata\/BIOKOMP_Natural_Gas_2018.pdf\" target=\"_blank\" rel=\"noreferrer noopener\"><strong>> Pobierz arkusz danych rozwi\u0105za\u0144 dotycz\u0105cych gazu ziemnego.<\/strong><\/a><\/p>\n\n\n\n<p>&nbsp;<\/p>\n\n\n\n<figure class=\"wp-block-image size-large\"><img loading=\"lazy\" decoding=\"async\" width=\"1024\" height=\"248\" src=\"https:\/\/www.fiorentini-polska.com\/wp-content\/uploads\/2024\/03\/case-study-03-1-1024x248.jpg\" alt=\"\" class=\"wp-image-28158\" srcset=\"https:\/\/fiorentini-polska.com\/wp-content\/uploads\/2024\/03\/case-study-03-1-1024x248.jpg 1024w, https:\/\/fiorentini-polska.com\/wp-content\/uploads\/2024\/03\/case-study-03-1-300x73.jpg 300w, https:\/\/fiorentini-polska.com\/wp-content\/uploads\/2024\/03\/case-study-03-1-768x186.jpg 768w, https:\/\/fiorentini-polska.com\/wp-content\/uploads\/2024\/03\/case-study-03-1.jpg 1175w\" sizes=\"auto, (max-width: 1024px) 100vw, 1024px\" \/><\/figure>\n\n\n\n<p>&nbsp;<\/p>\n\n\n\n<p class=\"has-text-color has-link-color has-large-font-size wp-elements-677cb428914ba99b4e606c3c8a4f235e\" style=\"color:#199782\"><strong>&gt; <\/strong><a href=\"https:\/\/www.bio-komp.com\/impianti\/103\/LAIBACH-DOO.html\" target=\"_blank\" rel=\"noreferrer noopener\"><strong>Wi\u0119cej informacji o projekcie.<\/strong><\/a><\/p>\n\n\n\n<div style=\"height:20px\" aria-hidden=\"true\" class=\"wp-block-spacer\"><\/div>\n\n\n\n<p class=\"has-text-color has-link-color has-large-font-size wp-elements-e94650d6551b093f1c48c714c8ffce46\" style=\"color:#199782\"><strong>&gt;<\/strong>  <strong><a href=\"https:\/\/www.fiorentini-polska.com\/pl\/news\/biokomp-instalacje-do-sprezania-i-uszlachetniania-biogazu\/\">Odwied\u017a now\u0105 prezentacj\u0119 BIOKOMP.<\/a><\/strong><\/p>\n\n\n\n<p><br><\/p>\n","protected":false},"excerpt":{"rendered":"<p>Biokomp\u00a0oferuje szerok\u0105 gam\u0119 system\u00f3w przetwarzania gazu do zastosowa\u0144 w\u00a0mikroturbinach\u00a0o wydajno\u015bci od 5 Nm3\/h do 5.000 Nm3\/h. Nasze jednostki oczyszczania, odwadniania i spr\u0119\u017cania s\u0105 zaprojektowane do pracy z kilkoma rodzajami paliw (gaz ziemny, gaz z g\u0142owic odwiertu, gaz mokry ropopochodny, biogaz).<\/p>\n","protected":false},"author":15,"featured_media":0,"parent":27551,"menu_order":0,"comment_status":"closed","ping_status":"closed","template":"template-expertise-post.php","meta":{"_acf_changed":false,"inline_featured_image":false,"footnotes":""},"class_list":["post-28161","page","type-page","status-publish","hentry"],"acf":[],"yoast_head":"<!-- This site is optimized with the Yoast SEO plugin v27.2 - https:\/\/yoast.com\/product\/yoast-seo-wordpress\/ -->\n<title>Kogeneracja biogazu z turbin\u0105 - Pietro Fiorentini<\/title>\n<meta name=\"description\" content=\"Nasze jednostki oczyszczania, odwadniania i spr\u0119\u017cania s\u0105 zaprojektowane do pracy z kilkoma rodzajami paliwa (gaz ziemny, gaz z odwiertu, gaz ziemny, biogaz).\" \/>\n<meta name=\"robots\" content=\"index, follow, max-snippet:-1, max-image-preview:large, max-video-preview:-1\" \/>\n<link rel=\"canonical\" href=\"https:\/\/fiorentini-polska.com\/pl\/doswiadczenie\/biometan\/kogeneracja-biogazu-z-turbina\/\" \/>\n<meta property=\"og:locale\" content=\"pl_PL\" \/>\n<meta property=\"og:type\" content=\"article\" \/>\n<meta property=\"og:title\" content=\"Kogeneracja biogazu z turbin\u0105 - Pietro Fiorentini\" \/>\n<meta property=\"og:description\" content=\"Nasze jednostki oczyszczania, odwadniania i spr\u0119\u017cania s\u0105 zaprojektowane do pracy z kilkoma rodzajami paliwa (gaz ziemny, gaz z odwiertu, gaz ziemny, biogaz).\" \/>\n<meta property=\"og:url\" content=\"https:\/\/fiorentini-polska.com\/pl\/doswiadczenie\/biometan\/kogeneracja-biogazu-z-turbina\/\" \/>\n<meta property=\"og:site_name\" content=\"Pietro Fiorentini\" \/>\n<meta property=\"article:modified_time\" content=\"2024-04-03T07:56:08+00:00\" \/>\n<meta property=\"og:image\" content=\"https:\/\/www.fiorentini-polska.com\/wp-content\/uploads\/2024\/03\/case-study-03-1-1024x248.jpg\" \/>\n<meta name=\"twitter:card\" content=\"summary_large_image\" \/>\n<meta name=\"twitter:site\" content=\"@FiorentiniSpa\" \/>\n<meta name=\"twitter:label1\" content=\"Szacowany czas czytania\" \/>\n\t<meta name=\"twitter:data1\" content=\"1 minuta\" \/>\n<script type=\"application\/ld+json\" class=\"yoast-schema-graph\">{\"@context\":\"https:\/\/schema.org\",\"@graph\":[{\"@type\":\"WebPage\",\"@id\":\"https:\/\/fiorentini-polska.com\/pl\/doswiadczenie\/biometan\/kogeneracja-biogazu-z-turbina\/\",\"url\":\"https:\/\/fiorentini-polska.com\/pl\/doswiadczenie\/biometan\/kogeneracja-biogazu-z-turbina\/\",\"name\":\"Kogeneracja biogazu z turbin\u0105 - Pietro Fiorentini\",\"isPartOf\":{\"@id\":\"https:\/\/www.fiorentini-polska.com\/pl\/#website\"},\"primaryImageOfPage\":{\"@id\":\"https:\/\/fiorentini-polska.com\/pl\/doswiadczenie\/biometan\/kogeneracja-biogazu-z-turbina\/#primaryimage\"},\"image\":{\"@id\":\"https:\/\/fiorentini-polska.com\/pl\/doswiadczenie\/biometan\/kogeneracja-biogazu-z-turbina\/#primaryimage\"},\"thumbnailUrl\":\"https:\/\/www.fiorentini-polska.com\/wp-content\/uploads\/2024\/03\/case-study-03-1-1024x248.jpg\",\"datePublished\":\"2024-03-31T20:29:23+00:00\",\"dateModified\":\"2024-04-03T07:56:08+00:00\",\"description\":\"Nasze jednostki oczyszczania, odwadniania i spr\u0119\u017cania s\u0105 zaprojektowane do pracy z kilkoma rodzajami paliwa (gaz ziemny, gaz z odwiertu, gaz ziemny, biogaz).\",\"breadcrumb\":{\"@id\":\"https:\/\/fiorentini-polska.com\/pl\/doswiadczenie\/biometan\/kogeneracja-biogazu-z-turbina\/#breadcrumb\"},\"inLanguage\":\"pl-PL\",\"potentialAction\":[{\"@type\":\"ReadAction\",\"target\":[\"https:\/\/fiorentini-polska.com\/pl\/doswiadczenie\/biometan\/kogeneracja-biogazu-z-turbina\/\"]}]},{\"@type\":\"ImageObject\",\"inLanguage\":\"pl-PL\",\"@id\":\"https:\/\/fiorentini-polska.com\/pl\/doswiadczenie\/biometan\/kogeneracja-biogazu-z-turbina\/#primaryimage\",\"url\":\"https:\/\/www.fiorentini-polska.com\/wp-content\/uploads\/2024\/03\/case-study-03-1-1024x248.jpg\",\"contentUrl\":\"https:\/\/www.fiorentini-polska.com\/wp-content\/uploads\/2024\/03\/case-study-03-1-1024x248.jpg\"},{\"@type\":\"BreadcrumbList\",\"@id\":\"https:\/\/fiorentini-polska.com\/pl\/doswiadczenie\/biometan\/kogeneracja-biogazu-z-turbina\/#breadcrumb\",\"itemListElement\":[{\"@type\":\"ListItem\",\"position\":1,\"name\":\"Home\",\"item\":\"https:\/\/www.fiorentini-polska.com\/pl\/\"},{\"@type\":\"ListItem\",\"position\":2,\"name\":\"Do\u015bwiadczenie\",\"item\":\"https:\/\/www.fiorentini-polska.com\/pl\/doswiadczenie\/\"},{\"@type\":\"ListItem\",\"position\":3,\"name\":\"Biometan\",\"item\":\"https:\/\/www.fiorentini-polska.com\/pl\/doswiadczenie\/biometan\/\"},{\"@type\":\"ListItem\",\"position\":4,\"name\":\"Kogeneracja biogazu z turbin\u0105\"}]},{\"@type\":\"WebSite\",\"@id\":\"https:\/\/www.fiorentini-polska.com\/pl\/#website\",\"url\":\"https:\/\/www.fiorentini-polska.com\/pl\/\",\"name\":\"Pietro Fiorentini Polska\",\"description\":\"Pietro Fiorentini projektuje i produkuje komponenty, systemy i us\u0142ugi do regulacji, pomiar\u00f3w i zarz\u0105dzania rop\u0105 naftow\u0105 i gazem.\",\"publisher\":{\"@id\":\"https:\/\/www.fiorentini-polska.com\/pl\/#organization\"},\"potentialAction\":[{\"@type\":\"SearchAction\",\"target\":{\"@type\":\"EntryPoint\",\"urlTemplate\":\"https:\/\/www.fiorentini-polska.com\/pl\/?s={search_term_string}\"},\"query-input\":{\"@type\":\"PropertyValueSpecification\",\"valueRequired\":true,\"valueName\":\"search_term_string\"}}],\"inLanguage\":\"pl-PL\"},{\"@type\":\"Organization\",\"@id\":\"https:\/\/www.fiorentini-polska.com\/pl\/#organization\",\"name\":\"Pietro Fiorentini Polska\",\"url\":\"https:\/\/www.fiorentini-polska.com\/pl\/\",\"logo\":{\"@type\":\"ImageObject\",\"inLanguage\":\"pl-PL\",\"@id\":\"https:\/\/www.fiorentini-polska.com\/pl\/#\/schema\/logo\/image\/\",\"url\":\"https:\/\/www.fiorentini-polska.com\/wp-content\/uploads\/2021\/07\/LOGO_CMYK_COLOR.png\",\"contentUrl\":\"https:\/\/www.fiorentini-polska.com\/wp-content\/uploads\/2021\/07\/LOGO_CMYK_COLOR.png\",\"width\":3077,\"height\":1259,\"caption\":\"Pietro Fiorentini Polska\"},\"image\":{\"@id\":\"https:\/\/www.fiorentini-polska.com\/pl\/#\/schema\/logo\/image\/\"},\"sameAs\":[\"https:\/\/x.com\/FiorentiniSpa\"]}]}<\/script>\n<!-- \/ Yoast SEO plugin. -->","yoast_head_json":{"title":"Kogeneracja biogazu z turbin\u0105 - Pietro Fiorentini","description":"Nasze jednostki oczyszczania, odwadniania i spr\u0119\u017cania s\u0105 zaprojektowane do pracy z kilkoma rodzajami paliwa (gaz ziemny, gaz z odwiertu, gaz ziemny, biogaz).","robots":{"index":"index","follow":"follow","max-snippet":"max-snippet:-1","max-image-preview":"max-image-preview:large","max-video-preview":"max-video-preview:-1"},"canonical":"https:\/\/fiorentini-polska.com\/pl\/doswiadczenie\/biometan\/kogeneracja-biogazu-z-turbina\/","og_locale":"pl_PL","og_type":"article","og_title":"Kogeneracja biogazu z turbin\u0105 - Pietro Fiorentini","og_description":"Nasze jednostki oczyszczania, odwadniania i spr\u0119\u017cania s\u0105 zaprojektowane do pracy z kilkoma rodzajami paliwa (gaz ziemny, gaz z odwiertu, gaz ziemny, biogaz).","og_url":"https:\/\/fiorentini-polska.com\/pl\/doswiadczenie\/biometan\/kogeneracja-biogazu-z-turbina\/","og_site_name":"Pietro Fiorentini","article_modified_time":"2024-04-03T07:56:08+00:00","og_image":[{"url":"https:\/\/www.fiorentini-polska.com\/wp-content\/uploads\/2024\/03\/case-study-03-1-1024x248.jpg","type":"","width":"","height":""}],"twitter_card":"summary_large_image","twitter_site":"@FiorentiniSpa","twitter_misc":{"Szacowany czas czytania":"1 minuta"},"schema":{"@context":"https:\/\/schema.org","@graph":[{"@type":"WebPage","@id":"https:\/\/fiorentini-polska.com\/pl\/doswiadczenie\/biometan\/kogeneracja-biogazu-z-turbina\/","url":"https:\/\/fiorentini-polska.com\/pl\/doswiadczenie\/biometan\/kogeneracja-biogazu-z-turbina\/","name":"Kogeneracja biogazu z turbin\u0105 - Pietro Fiorentini","isPartOf":{"@id":"https:\/\/www.fiorentini-polska.com\/pl\/#website"},"primaryImageOfPage":{"@id":"https:\/\/fiorentini-polska.com\/pl\/doswiadczenie\/biometan\/kogeneracja-biogazu-z-turbina\/#primaryimage"},"image":{"@id":"https:\/\/fiorentini-polska.com\/pl\/doswiadczenie\/biometan\/kogeneracja-biogazu-z-turbina\/#primaryimage"},"thumbnailUrl":"https:\/\/www.fiorentini-polska.com\/wp-content\/uploads\/2024\/03\/case-study-03-1-1024x248.jpg","datePublished":"2024-03-31T20:29:23+00:00","dateModified":"2024-04-03T07:56:08+00:00","description":"Nasze jednostki oczyszczania, odwadniania i spr\u0119\u017cania s\u0105 zaprojektowane do pracy z kilkoma rodzajami paliwa (gaz ziemny, gaz z odwiertu, gaz ziemny, biogaz).","breadcrumb":{"@id":"https:\/\/fiorentini-polska.com\/pl\/doswiadczenie\/biometan\/kogeneracja-biogazu-z-turbina\/#breadcrumb"},"inLanguage":"pl-PL","potentialAction":[{"@type":"ReadAction","target":["https:\/\/fiorentini-polska.com\/pl\/doswiadczenie\/biometan\/kogeneracja-biogazu-z-turbina\/"]}]},{"@type":"ImageObject","inLanguage":"pl-PL","@id":"https:\/\/fiorentini-polska.com\/pl\/doswiadczenie\/biometan\/kogeneracja-biogazu-z-turbina\/#primaryimage","url":"https:\/\/www.fiorentini-polska.com\/wp-content\/uploads\/2024\/03\/case-study-03-1-1024x248.jpg","contentUrl":"https:\/\/www.fiorentini-polska.com\/wp-content\/uploads\/2024\/03\/case-study-03-1-1024x248.jpg"},{"@type":"BreadcrumbList","@id":"https:\/\/fiorentini-polska.com\/pl\/doswiadczenie\/biometan\/kogeneracja-biogazu-z-turbina\/#breadcrumb","itemListElement":[{"@type":"ListItem","position":1,"name":"Home","item":"https:\/\/www.fiorentini-polska.com\/pl\/"},{"@type":"ListItem","position":2,"name":"Do\u015bwiadczenie","item":"https:\/\/www.fiorentini-polska.com\/pl\/doswiadczenie\/"},{"@type":"ListItem","position":3,"name":"Biometan","item":"https:\/\/www.fiorentini-polska.com\/pl\/doswiadczenie\/biometan\/"},{"@type":"ListItem","position":4,"name":"Kogeneracja biogazu z turbin\u0105"}]},{"@type":"WebSite","@id":"https:\/\/www.fiorentini-polska.com\/pl\/#website","url":"https:\/\/www.fiorentini-polska.com\/pl\/","name":"Pietro Fiorentini Polska","description":"Pietro Fiorentini projektuje i produkuje komponenty, systemy i us\u0142ugi do regulacji, pomiar\u00f3w i zarz\u0105dzania rop\u0105 naftow\u0105 i gazem.","publisher":{"@id":"https:\/\/www.fiorentini-polska.com\/pl\/#organization"},"potentialAction":[{"@type":"SearchAction","target":{"@type":"EntryPoint","urlTemplate":"https:\/\/www.fiorentini-polska.com\/pl\/?s={search_term_string}"},"query-input":{"@type":"PropertyValueSpecification","valueRequired":true,"valueName":"search_term_string"}}],"inLanguage":"pl-PL"},{"@type":"Organization","@id":"https:\/\/www.fiorentini-polska.com\/pl\/#organization","name":"Pietro Fiorentini Polska","url":"https:\/\/www.fiorentini-polska.com\/pl\/","logo":{"@type":"ImageObject","inLanguage":"pl-PL","@id":"https:\/\/www.fiorentini-polska.com\/pl\/#\/schema\/logo\/image\/","url":"https:\/\/www.fiorentini-polska.com\/wp-content\/uploads\/2021\/07\/LOGO_CMYK_COLOR.png","contentUrl":"https:\/\/www.fiorentini-polska.com\/wp-content\/uploads\/2021\/07\/LOGO_CMYK_COLOR.png","width":3077,"height":1259,"caption":"Pietro Fiorentini Polska"},"image":{"@id":"https:\/\/www.fiorentini-polska.com\/pl\/#\/schema\/logo\/image\/"},"sameAs":["https:\/\/x.com\/FiorentiniSpa"]}]}},"_links":{"self":[{"href":"https:\/\/fiorentini-polska.com\/pl\/wp-json\/wp\/v2\/pages\/28161","targetHints":{"allow":["GET"]}}],"collection":[{"href":"https:\/\/fiorentini-polska.com\/pl\/wp-json\/wp\/v2\/pages"}],"about":[{"href":"https:\/\/fiorentini-polska.com\/pl\/wp-json\/wp\/v2\/types\/page"}],"author":[{"embeddable":true,"href":"https:\/\/fiorentini-polska.com\/pl\/wp-json\/wp\/v2\/users\/15"}],"replies":[{"embeddable":true,"href":"https:\/\/fiorentini-polska.com\/pl\/wp-json\/wp\/v2\/comments?post=28161"}],"version-history":[{"count":3,"href":"https:\/\/fiorentini-polska.com\/pl\/wp-json\/wp\/v2\/pages\/28161\/revisions"}],"predecessor-version":[{"id":28223,"href":"https:\/\/fiorentini-polska.com\/pl\/wp-json\/wp\/v2\/pages\/28161\/revisions\/28223"}],"up":[{"embeddable":true,"href":"https:\/\/fiorentini-polska.com\/pl\/wp-json\/wp\/v2\/pages\/27551"}],"wp:attachment":[{"href":"https:\/\/fiorentini-polska.com\/pl\/wp-json\/wp\/v2\/media?parent=28161"}],"curies":[{"name":"wp","href":"https:\/\/api.w.org\/{rel}","templated":true}]}}