{"id":28153,"date":"2024-03-31T22:14:50","date_gmt":"2024-03-31T20:14:50","guid":{"rendered":"https:\/\/fiorentini-polska.com\/doswiadczenie\/biometan\/biogas-upgrading-for-gm-green-methane\/"},"modified":"2024-04-03T10:06:00","modified_gmt":"2024-04-03T08:06:00","slug":"uszlachetnianie-biogazu","status":"publish","type":"page","link":"https:\/\/fiorentini-polska.com\/pl\/doswiadczenie\/biometan\/uszlachetnianie-biogazu\/","title":{"rendered":"Uszlachetnianie biogazu"},"content":{"rendered":"\n<p>Pionierzy w produkcji biometanu: Ju\u017c w 2014 roku firma\u00a0<strong>Biokomp<\/strong>\u00a0zapewni\u0142a oczyszczanie i spr\u0119\u017canie biogazu dla pierwszej instalacji biometanu we W\u0142oszech. Nasze systemy mo\u017cna zastosowa\u0107 do r\u00f3\u017cnych technologii uszlachetniania (membranowego, p\u0142uczki chemicznej lub fizycznej czy PSA), a tak\u017ce bezpo\u015bredniego zat\u0142aczania biometanu do sieci.<\/p>\n\n\n\n<figure class=\"wp-block-embed is-type-video is-provider-youtube wp-block-embed-youtube wp-embed-aspect-16-9 wp-has-aspect-ratio\"><div class=\"wp-block-embed__wrapper\">\n<iframe loading=\"lazy\" title=\"Biomethane project\" width=\"500\" height=\"281\" src=\"https:\/\/www.youtube.com\/embed\/hgUTYt0md4o?feature=oembed\" frameborder=\"0\" allow=\"accelerometer; autoplay; clipboard-write; encrypted-media; gyroscope; picture-in-picture; web-share\" referrerpolicy=\"strict-origin-when-cross-origin\" allowfullscreen><\/iframe>\n<\/div><\/figure>\n\n\n\n<p>Client:&nbsp;<strong>GM \u2013 GREEN METHANE<\/strong><br>Country:&nbsp;<strong>Italy<\/strong><\/p>\n\n\n\n<p>GM opracowa\u0142 zastrze\u017con\u0105 i sprawdzon\u0105 technologi\u0119 uszlachetniania biogazu do biometanu, kt\u00f3rej g\u0142\u00f3wnym etapem jest usuwanie CO<sub>2<\/sub>&nbsp;z biogazu.<br>&nbsp;<br>GM wykorzystuje specyficzne i synergiczne do\u015bwiadczenie partner\u00f3w w projektowaniu, budowie, eksploatacji i konserwacji zak\u0142ad\u00f3w przemys\u0142owych.<br>&nbsp;<br><a href=\"https:\/\/www.bio-komp.com\/case-studies\" target=\"_blank\" rel=\"noreferrer noopener\"><strong>&gt; Wi\u0119cej informacji na temat studium przypadku znajdziesz pod tym linkiem.<\/strong><\/a><br><a href=\"https:\/\/www.bio-komp.com\/filedata\/BIOKOMP_Biomethane_2018.pdf\" target=\"_blank\" rel=\"noreferrer noopener\"><strong>&gt; Pobierz arkusz danych rozwi\u0105za\u0144 dotycz\u0105cych biometanu.<\/strong><\/a><\/p>\n\n\n\n<p>&nbsp;<\/p>\n\n\n\n<figure class=\"wp-block-image size-large\"><img loading=\"lazy\" decoding=\"async\" width=\"1024\" height=\"214\" src=\"https:\/\/www.fiorentini-polska.com\/wp-content\/uploads\/2024\/03\/case-study-02-1024x214.jpg\" alt=\"\" class=\"wp-image-28148\" srcset=\"https:\/\/fiorentini-polska.com\/wp-content\/uploads\/2024\/03\/case-study-02-1024x214.jpg 1024w, https:\/\/fiorentini-polska.com\/wp-content\/uploads\/2024\/03\/case-study-02-300x63.jpg 300w, https:\/\/fiorentini-polska.com\/wp-content\/uploads\/2024\/03\/case-study-02-768x160.jpg 768w, https:\/\/fiorentini-polska.com\/wp-content\/uploads\/2024\/03\/case-study-02.jpg 1360w\" sizes=\"auto, (max-width: 1024px) 100vw, 1024px\" \/><\/figure>\n\n\n\n<p>&nbsp;<\/p>\n\n\n\n<p class=\"has-text-color has-link-color has-large-font-size wp-elements-31bde46dcb7a6d8932b94cfd3af15b25\" style=\"color:#199782\"><strong>&gt; <\/strong><a href=\"https:\/\/www.bio-komp.com\/impianti\/110\/GM-GREEN-METHANE.html\" target=\"_blank\" rel=\"noreferrer noopener\"><strong>Wi\u0119cej informacji o projekcie.<\/strong><\/a><\/p>\n\n\n\n<div style=\"height:20px\" aria-hidden=\"true\" class=\"wp-block-spacer\"><\/div>\n\n\n\n<p class=\"has-text-color has-link-color has-large-font-size wp-elements-0856acacdc56fe2a8b06302a74c153be\" style=\"color:#199782\"><strong>&gt;<\/strong> <strong> <a href=\"https:\/\/www.fiorentini-polska.com\/pl\/news\/biokomp-instalacje-do-sprezania-i-uszlachetniania-biogazu\/\">Odwied\u017a now\u0105 prezentacj\u0119 BIOKOMP. <\/a><\/strong><\/p>\n","protected":false},"excerpt":{"rendered":"<p>Pionierzy w produkcji biometanu: Ju\u017c w 2014 roku firma\u00a0Biokomp\u00a0zapewni\u0142a oczyszczanie i spr\u0119\u017canie biogazu dla pierwszej instalacji do biometanu we W\u0142oszech. Nasze systemy mo\u017cna zastosowa\u0107 do r\u00f3\u017cnych technologii uszlachetniania (membrana, p\u0142uczka, PSA), a tak\u017ce bezpo\u015bredniego zat\u0142aczania biometanu do sieci.<\/p>\n","protected":false},"author":15,"featured_media":0,"parent":27551,"menu_order":0,"comment_status":"closed","ping_status":"closed","template":"template-expertise-post.php","meta":{"_acf_changed":false,"inline_featured_image":false,"footnotes":""},"class_list":["post-28153","page","type-page","status-publish","hentry"],"acf":[],"yoast_head":"<!-- This site is optimized with the Yoast SEO plugin v27.2 - https:\/\/yoast.com\/product\/yoast-seo-wordpress\/ -->\n<title>Uszlachetnianie biogazu - Pietro Fiorentini<\/title>\n<meta name=\"description\" content=\"Nasze systemy mog\u0105 by\u0107 stosowane do r\u00f3\u017cnych technologii uszlachetniania (membrana, skrubing, PSA), a tak\u017ce do bezpo\u015bredniego wtrysku biometanu do sieci.\" \/>\n<meta name=\"robots\" content=\"index, follow, max-snippet:-1, max-image-preview:large, max-video-preview:-1\" \/>\n<link rel=\"canonical\" href=\"https:\/\/fiorentini-polska.com\/pl\/doswiadczenie\/biometan\/uszlachetnianie-biogazu\/\" \/>\n<meta property=\"og:locale\" content=\"pl_PL\" \/>\n<meta property=\"og:type\" content=\"article\" \/>\n<meta property=\"og:title\" content=\"Uszlachetnianie biogazu - Pietro Fiorentini\" \/>\n<meta property=\"og:description\" content=\"Nasze systemy mog\u0105 by\u0107 stosowane do r\u00f3\u017cnych technologii uszlachetniania (membrana, skrubing, PSA), a tak\u017ce do bezpo\u015bredniego wtrysku biometanu do sieci.\" \/>\n<meta property=\"og:url\" content=\"https:\/\/fiorentini-polska.com\/pl\/doswiadczenie\/biometan\/uszlachetnianie-biogazu\/\" \/>\n<meta property=\"og:site_name\" content=\"Pietro Fiorentini\" \/>\n<meta property=\"article:modified_time\" content=\"2024-04-03T08:06:00+00:00\" \/>\n<meta property=\"og:image\" content=\"https:\/\/www.fiorentini-polska.com\/wp-content\/uploads\/2024\/03\/case-study-02-1024x214.jpg\" \/>\n<meta name=\"twitter:card\" content=\"summary_large_image\" \/>\n<meta name=\"twitter:site\" content=\"@FiorentiniSpa\" \/>\n<meta name=\"twitter:label1\" content=\"Szacowany czas czytania\" \/>\n\t<meta name=\"twitter:data1\" content=\"1 minuta\" \/>\n<script type=\"application\/ld+json\" class=\"yoast-schema-graph\">{\"@context\":\"https:\/\/schema.org\",\"@graph\":[{\"@type\":\"WebPage\",\"@id\":\"https:\/\/fiorentini-polska.com\/pl\/doswiadczenie\/biometan\/uszlachetnianie-biogazu\/\",\"url\":\"https:\/\/fiorentini-polska.com\/pl\/doswiadczenie\/biometan\/uszlachetnianie-biogazu\/\",\"name\":\"Uszlachetnianie biogazu - Pietro Fiorentini\",\"isPartOf\":{\"@id\":\"https:\/\/www.fiorentini-polska.com\/pl\/#website\"},\"primaryImageOfPage\":{\"@id\":\"https:\/\/fiorentini-polska.com\/pl\/doswiadczenie\/biometan\/uszlachetnianie-biogazu\/#primaryimage\"},\"image\":{\"@id\":\"https:\/\/fiorentini-polska.com\/pl\/doswiadczenie\/biometan\/uszlachetnianie-biogazu\/#primaryimage\"},\"thumbnailUrl\":\"https:\/\/www.fiorentini-polska.com\/wp-content\/uploads\/2024\/03\/case-study-02-1024x214.jpg\",\"datePublished\":\"2024-03-31T20:14:50+00:00\",\"dateModified\":\"2024-04-03T08:06:00+00:00\",\"description\":\"Nasze systemy mog\u0105 by\u0107 stosowane do r\u00f3\u017cnych technologii uszlachetniania (membrana, skrubing, PSA), a tak\u017ce do bezpo\u015bredniego wtrysku biometanu do sieci.\",\"breadcrumb\":{\"@id\":\"https:\/\/fiorentini-polska.com\/pl\/doswiadczenie\/biometan\/uszlachetnianie-biogazu\/#breadcrumb\"},\"inLanguage\":\"pl-PL\",\"potentialAction\":[{\"@type\":\"ReadAction\",\"target\":[\"https:\/\/fiorentini-polska.com\/pl\/doswiadczenie\/biometan\/uszlachetnianie-biogazu\/\"]}]},{\"@type\":\"ImageObject\",\"inLanguage\":\"pl-PL\",\"@id\":\"https:\/\/fiorentini-polska.com\/pl\/doswiadczenie\/biometan\/uszlachetnianie-biogazu\/#primaryimage\",\"url\":\"https:\/\/www.fiorentini-polska.com\/wp-content\/uploads\/2024\/03\/case-study-02-1024x214.jpg\",\"contentUrl\":\"https:\/\/www.fiorentini-polska.com\/wp-content\/uploads\/2024\/03\/case-study-02-1024x214.jpg\"},{\"@type\":\"BreadcrumbList\",\"@id\":\"https:\/\/fiorentini-polska.com\/pl\/doswiadczenie\/biometan\/uszlachetnianie-biogazu\/#breadcrumb\",\"itemListElement\":[{\"@type\":\"ListItem\",\"position\":1,\"name\":\"Home\",\"item\":\"https:\/\/www.fiorentini-polska.com\/pl\/\"},{\"@type\":\"ListItem\",\"position\":2,\"name\":\"Do\u015bwiadczenie\",\"item\":\"https:\/\/www.fiorentini-polska.com\/pl\/doswiadczenie\/\"},{\"@type\":\"ListItem\",\"position\":3,\"name\":\"Biometan\",\"item\":\"https:\/\/www.fiorentini-polska.com\/pl\/doswiadczenie\/biometan\/\"},{\"@type\":\"ListItem\",\"position\":4,\"name\":\"Uszlachetnianie biogazu\"}]},{\"@type\":\"WebSite\",\"@id\":\"https:\/\/www.fiorentini-polska.com\/pl\/#website\",\"url\":\"https:\/\/www.fiorentini-polska.com\/pl\/\",\"name\":\"Pietro Fiorentini Polska\",\"description\":\"Pietro Fiorentini projektuje i produkuje komponenty, systemy i us\u0142ugi do regulacji, pomiar\u00f3w i zarz\u0105dzania rop\u0105 naftow\u0105 i gazem.\",\"publisher\":{\"@id\":\"https:\/\/www.fiorentini-polska.com\/pl\/#organization\"},\"potentialAction\":[{\"@type\":\"SearchAction\",\"target\":{\"@type\":\"EntryPoint\",\"urlTemplate\":\"https:\/\/www.fiorentini-polska.com\/pl\/?s={search_term_string}\"},\"query-input\":{\"@type\":\"PropertyValueSpecification\",\"valueRequired\":true,\"valueName\":\"search_term_string\"}}],\"inLanguage\":\"pl-PL\"},{\"@type\":\"Organization\",\"@id\":\"https:\/\/www.fiorentini-polska.com\/pl\/#organization\",\"name\":\"Pietro Fiorentini Polska\",\"url\":\"https:\/\/www.fiorentini-polska.com\/pl\/\",\"logo\":{\"@type\":\"ImageObject\",\"inLanguage\":\"pl-PL\",\"@id\":\"https:\/\/www.fiorentini-polska.com\/pl\/#\/schema\/logo\/image\/\",\"url\":\"https:\/\/www.fiorentini-polska.com\/wp-content\/uploads\/2021\/07\/LOGO_CMYK_COLOR.png\",\"contentUrl\":\"https:\/\/www.fiorentini-polska.com\/wp-content\/uploads\/2021\/07\/LOGO_CMYK_COLOR.png\",\"width\":3077,\"height\":1259,\"caption\":\"Pietro Fiorentini Polska\"},\"image\":{\"@id\":\"https:\/\/www.fiorentini-polska.com\/pl\/#\/schema\/logo\/image\/\"},\"sameAs\":[\"https:\/\/x.com\/FiorentiniSpa\"]}]}<\/script>\n<!-- \/ Yoast SEO plugin. -->","yoast_head_json":{"title":"Uszlachetnianie biogazu - Pietro Fiorentini","description":"Nasze systemy mog\u0105 by\u0107 stosowane do r\u00f3\u017cnych technologii uszlachetniania (membrana, skrubing, PSA), a tak\u017ce do bezpo\u015bredniego wtrysku biometanu do sieci.","robots":{"index":"index","follow":"follow","max-snippet":"max-snippet:-1","max-image-preview":"max-image-preview:large","max-video-preview":"max-video-preview:-1"},"canonical":"https:\/\/fiorentini-polska.com\/pl\/doswiadczenie\/biometan\/uszlachetnianie-biogazu\/","og_locale":"pl_PL","og_type":"article","og_title":"Uszlachetnianie biogazu - Pietro Fiorentini","og_description":"Nasze systemy mog\u0105 by\u0107 stosowane do r\u00f3\u017cnych technologii uszlachetniania (membrana, skrubing, PSA), a tak\u017ce do bezpo\u015bredniego wtrysku biometanu do sieci.","og_url":"https:\/\/fiorentini-polska.com\/pl\/doswiadczenie\/biometan\/uszlachetnianie-biogazu\/","og_site_name":"Pietro Fiorentini","article_modified_time":"2024-04-03T08:06:00+00:00","og_image":[{"url":"https:\/\/www.fiorentini-polska.com\/wp-content\/uploads\/2024\/03\/case-study-02-1024x214.jpg","type":"","width":"","height":""}],"twitter_card":"summary_large_image","twitter_site":"@FiorentiniSpa","twitter_misc":{"Szacowany czas czytania":"1 minuta"},"schema":{"@context":"https:\/\/schema.org","@graph":[{"@type":"WebPage","@id":"https:\/\/fiorentini-polska.com\/pl\/doswiadczenie\/biometan\/uszlachetnianie-biogazu\/","url":"https:\/\/fiorentini-polska.com\/pl\/doswiadczenie\/biometan\/uszlachetnianie-biogazu\/","name":"Uszlachetnianie biogazu - Pietro Fiorentini","isPartOf":{"@id":"https:\/\/www.fiorentini-polska.com\/pl\/#website"},"primaryImageOfPage":{"@id":"https:\/\/fiorentini-polska.com\/pl\/doswiadczenie\/biometan\/uszlachetnianie-biogazu\/#primaryimage"},"image":{"@id":"https:\/\/fiorentini-polska.com\/pl\/doswiadczenie\/biometan\/uszlachetnianie-biogazu\/#primaryimage"},"thumbnailUrl":"https:\/\/www.fiorentini-polska.com\/wp-content\/uploads\/2024\/03\/case-study-02-1024x214.jpg","datePublished":"2024-03-31T20:14:50+00:00","dateModified":"2024-04-03T08:06:00+00:00","description":"Nasze systemy mog\u0105 by\u0107 stosowane do r\u00f3\u017cnych technologii uszlachetniania (membrana, skrubing, PSA), a tak\u017ce do bezpo\u015bredniego wtrysku biometanu do sieci.","breadcrumb":{"@id":"https:\/\/fiorentini-polska.com\/pl\/doswiadczenie\/biometan\/uszlachetnianie-biogazu\/#breadcrumb"},"inLanguage":"pl-PL","potentialAction":[{"@type":"ReadAction","target":["https:\/\/fiorentini-polska.com\/pl\/doswiadczenie\/biometan\/uszlachetnianie-biogazu\/"]}]},{"@type":"ImageObject","inLanguage":"pl-PL","@id":"https:\/\/fiorentini-polska.com\/pl\/doswiadczenie\/biometan\/uszlachetnianie-biogazu\/#primaryimage","url":"https:\/\/www.fiorentini-polska.com\/wp-content\/uploads\/2024\/03\/case-study-02-1024x214.jpg","contentUrl":"https:\/\/www.fiorentini-polska.com\/wp-content\/uploads\/2024\/03\/case-study-02-1024x214.jpg"},{"@type":"BreadcrumbList","@id":"https:\/\/fiorentini-polska.com\/pl\/doswiadczenie\/biometan\/uszlachetnianie-biogazu\/#breadcrumb","itemListElement":[{"@type":"ListItem","position":1,"name":"Home","item":"https:\/\/www.fiorentini-polska.com\/pl\/"},{"@type":"ListItem","position":2,"name":"Do\u015bwiadczenie","item":"https:\/\/www.fiorentini-polska.com\/pl\/doswiadczenie\/"},{"@type":"ListItem","position":3,"name":"Biometan","item":"https:\/\/www.fiorentini-polska.com\/pl\/doswiadczenie\/biometan\/"},{"@type":"ListItem","position":4,"name":"Uszlachetnianie biogazu"}]},{"@type":"WebSite","@id":"https:\/\/www.fiorentini-polska.com\/pl\/#website","url":"https:\/\/www.fiorentini-polska.com\/pl\/","name":"Pietro Fiorentini Polska","description":"Pietro Fiorentini projektuje i produkuje komponenty, systemy i us\u0142ugi do regulacji, pomiar\u00f3w i zarz\u0105dzania rop\u0105 naftow\u0105 i gazem.","publisher":{"@id":"https:\/\/www.fiorentini-polska.com\/pl\/#organization"},"potentialAction":[{"@type":"SearchAction","target":{"@type":"EntryPoint","urlTemplate":"https:\/\/www.fiorentini-polska.com\/pl\/?s={search_term_string}"},"query-input":{"@type":"PropertyValueSpecification","valueRequired":true,"valueName":"search_term_string"}}],"inLanguage":"pl-PL"},{"@type":"Organization","@id":"https:\/\/www.fiorentini-polska.com\/pl\/#organization","name":"Pietro Fiorentini Polska","url":"https:\/\/www.fiorentini-polska.com\/pl\/","logo":{"@type":"ImageObject","inLanguage":"pl-PL","@id":"https:\/\/www.fiorentini-polska.com\/pl\/#\/schema\/logo\/image\/","url":"https:\/\/www.fiorentini-polska.com\/wp-content\/uploads\/2021\/07\/LOGO_CMYK_COLOR.png","contentUrl":"https:\/\/www.fiorentini-polska.com\/wp-content\/uploads\/2021\/07\/LOGO_CMYK_COLOR.png","width":3077,"height":1259,"caption":"Pietro Fiorentini Polska"},"image":{"@id":"https:\/\/www.fiorentini-polska.com\/pl\/#\/schema\/logo\/image\/"},"sameAs":["https:\/\/x.com\/FiorentiniSpa"]}]}},"_links":{"self":[{"href":"https:\/\/fiorentini-polska.com\/pl\/wp-json\/wp\/v2\/pages\/28153","targetHints":{"allow":["GET"]}}],"collection":[{"href":"https:\/\/fiorentini-polska.com\/pl\/wp-json\/wp\/v2\/pages"}],"about":[{"href":"https:\/\/fiorentini-polska.com\/pl\/wp-json\/wp\/v2\/types\/page"}],"author":[{"embeddable":true,"href":"https:\/\/fiorentini-polska.com\/pl\/wp-json\/wp\/v2\/users\/15"}],"replies":[{"embeddable":true,"href":"https:\/\/fiorentini-polska.com\/pl\/wp-json\/wp\/v2\/comments?post=28153"}],"version-history":[{"count":2,"href":"https:\/\/fiorentini-polska.com\/pl\/wp-json\/wp\/v2\/pages\/28153\/revisions"}],"predecessor-version":[{"id":28226,"href":"https:\/\/fiorentini-polska.com\/pl\/wp-json\/wp\/v2\/pages\/28153\/revisions\/28226"}],"up":[{"embeddable":true,"href":"https:\/\/fiorentini-polska.com\/pl\/wp-json\/wp\/v2\/pages\/27551"}],"wp:attachment":[{"href":"https:\/\/fiorentini-polska.com\/pl\/wp-json\/wp\/v2\/media?parent=28153"}],"curies":[{"name":"wp","href":"https:\/\/api.w.org\/{rel}","templated":true}]}}