{"id":28144,"date":"2024-03-31T22:05:27","date_gmt":"2024-03-31T20:05:27","guid":{"rendered":"https:\/\/fiorentini-polska.com\/doswiadczenie\/biometan\/coke-oven-gas-recovery\/"},"modified":"2024-04-03T09:53:32","modified_gmt":"2024-04-03T07:53:32","slug":"odzysk-gazu-koksowniczego","status":"publish","type":"page","link":"https:\/\/fiorentini-polska.com\/pl\/doswiadczenie\/biometan\/odzysk-gazu-koksowniczego\/","title":{"rendered":"Odzysk gazu koksowniczego"},"content":{"rendered":"\n<p><strong>Zwi\u0119kszanie wydajno\u015bci produkcji stali<\/strong>: W celu wykorzystania gazu procesowego w kotle parowym o mocy 2MW, w ostatnim czasie dostarczyli\u015bmy kompresor gazu z uk\u0142adem dog\u0142\u0119bnej filtracji zanieczyszcze\u0144 sta\u0142ych oraz systemem kontroli temperatury sch\u0142adzania gazu do temperatury wymaganej przez palnik.<br>\u00a0<\/p>\n\n\n\n<figure class=\"wp-block-embed is-type-video is-provider-youtube wp-block-embed-youtube wp-embed-aspect-16-9 wp-has-aspect-ratio\"><div class=\"wp-block-embed__wrapper\">\n<iframe loading=\"lazy\" title=\"Hydrogen Plant in ArcelorMittal\" width=\"500\" height=\"281\" src=\"https:\/\/www.youtube.com\/embed\/I_NwiYDdViY?feature=oembed\" frameborder=\"0\" allow=\"accelerometer; autoplay; clipboard-write; encrypted-media; gyroscope; picture-in-picture; web-share\" referrerpolicy=\"strict-origin-when-cross-origin\" allowfullscreen><\/iframe>\n<\/div><\/figure>\n\n\n\n<p>&nbsp;<br>Klient:&nbsp;<strong>ArcelorMittal<\/strong><br>Kraj:&nbsp;<strong>B\u00f3snia<\/strong><br>&nbsp;<br>ArcelorMittal jest <strong>najwi\u0119ksz\u0105 na \u015bwiecie firm\u0105 stalow\u0105<\/strong>, obecn\u0105 w ponad 60 krajach. ArcelorMittal przewodzi konsolidacji mi\u0119dzynarodowego sektora stalowego i jest dzi\u015b uwa\u017cany za jedynego prawdziwie globalnego producenta stali.<br>&nbsp;<br><a href=\"https:\/\/www.bio-komp.com\/case-studies\" target=\"_blank\" rel=\"noreferrer noopener\"><strong>&gt; Wi\u0119cej informacji na temat studium przypadku znajdziesz pod tym linkiem.<\/strong><\/a><br><a href=\"https:\/\/www.bio-komp.com\/filedata\/BIOKOMP_Industrial_Gas_2018.pdf\" target=\"_blank\" rel=\"noreferrer noopener\"><strong>&gt; Pobierz arkusz danych technicznych rozwi\u0105za\u0144 w zakresie gaz\u00f3w przemys\u0142owych.<\/strong><\/a><\/p>\n\n\n\n<figure class=\"wp-block-image size-large\"><img loading=\"lazy\" decoding=\"async\" width=\"1024\" height=\"248\" src=\"https:\/\/www.fiorentini-polska.com\/wp-content\/uploads\/2024\/03\/case-study-01-1024x248.jpg\" alt=\"\" class=\"wp-image-28141\" srcset=\"https:\/\/fiorentini-polska.com\/wp-content\/uploads\/2024\/03\/case-study-01-1024x248.jpg 1024w, https:\/\/fiorentini-polska.com\/wp-content\/uploads\/2024\/03\/case-study-01-300x73.jpg 300w, https:\/\/fiorentini-polska.com\/wp-content\/uploads\/2024\/03\/case-study-01-768x186.jpg 768w, https:\/\/fiorentini-polska.com\/wp-content\/uploads\/2024\/03\/case-study-01.jpg 1175w\" sizes=\"auto, (max-width: 1024px) 100vw, 1024px\" \/><\/figure>\n\n\n\n<p>&nbsp;<\/p>\n\n\n\n<p class=\"has-text-color has-link-color has-large-font-size wp-elements-86faf004a6d7d3ad32e6ea6fd367bae2\" style=\"color:#199782\"><strong>&gt; <\/strong><a href=\"https:\/\/www.bio-komp.com\/impianti\/128\/ARCELOR-MITTAL.html\" target=\"_blank\" rel=\"noreferrer noopener\"><strong>Wi\u0119cej informacji o projekcie.<\/strong><\/a><\/p>\n\n\n\n<div style=\"height:20px\" aria-hidden=\"true\" class=\"wp-block-spacer\"><\/div>\n\n\n\n<p class=\"has-text-color has-link-color has-large-font-size wp-elements-e94650d6551b093f1c48c714c8ffce46\" style=\"color:#199782\"><strong>&gt;<\/strong>  <strong><a href=\"https:\/\/www.fiorentini-polska.com\/pl\/news\/biokomp-instalacje-do-sprezania-i-uszlachetniania-biogazu\/\">Odwied\u017a now\u0105 prezentacj\u0119 BIOKOMP.<\/a><\/strong><\/p>\n","protected":false},"excerpt":{"rendered":"<p>Boosting steelmaking efficiency: In order to use the process gas into a 2MW steam boiler, we have recently supplied a gas booster with knock-out drum for fine filtration of solid contaminants and temperature control system to cool the gas at the temperature required by the burner.<\/p>\n","protected":false},"author":15,"featured_media":0,"parent":27551,"menu_order":0,"comment_status":"closed","ping_status":"closed","template":"template-expertise-post.php","meta":{"_acf_changed":false,"inline_featured_image":false,"footnotes":""},"class_list":["post-28144","page","type-page","status-publish","hentry"],"acf":[],"yoast_head":"<!-- This site is optimized with the Yoast SEO plugin v27.2 - https:\/\/yoast.com\/product\/yoast-seo-wordpress\/ -->\n<title>Odzysk gazu koksowniczego - Pietro Fiorentini<\/title>\n<meta name=\"description\" content=\"We have recently supplied a gas booster with knock-out drum for fine filtration of solid contaminants and temperature control system.\" \/>\n<meta name=\"robots\" content=\"index, follow, max-snippet:-1, max-image-preview:large, max-video-preview:-1\" \/>\n<link rel=\"canonical\" href=\"https:\/\/fiorentini-polska.com\/pl\/doswiadczenie\/biometan\/odzysk-gazu-koksowniczego\/\" \/>\n<meta property=\"og:locale\" content=\"pl_PL\" \/>\n<meta property=\"og:type\" content=\"article\" \/>\n<meta property=\"og:title\" content=\"Odzysk gazu koksowniczego - Pietro Fiorentini\" \/>\n<meta property=\"og:description\" content=\"We have recently supplied a gas booster with knock-out drum for fine filtration of solid contaminants and temperature control system.\" \/>\n<meta property=\"og:url\" content=\"https:\/\/fiorentini-polska.com\/pl\/doswiadczenie\/biometan\/odzysk-gazu-koksowniczego\/\" \/>\n<meta property=\"og:site_name\" content=\"Pietro Fiorentini\" \/>\n<meta property=\"article:modified_time\" content=\"2024-04-03T07:53:32+00:00\" \/>\n<meta property=\"og:image\" content=\"https:\/\/www.fiorentini-polska.com\/wp-content\/uploads\/2024\/03\/case-study-01-1024x248.jpg\" \/>\n<meta name=\"twitter:card\" content=\"summary_large_image\" \/>\n<meta name=\"twitter:site\" content=\"@FiorentiniSpa\" \/>\n<meta name=\"twitter:label1\" content=\"Szacowany czas czytania\" \/>\n\t<meta name=\"twitter:data1\" content=\"1 minuta\" \/>\n<script type=\"application\/ld+json\" class=\"yoast-schema-graph\">{\"@context\":\"https:\/\/schema.org\",\"@graph\":[{\"@type\":\"WebPage\",\"@id\":\"https:\/\/fiorentini-polska.com\/pl\/doswiadczenie\/biometan\/odzysk-gazu-koksowniczego\/\",\"url\":\"https:\/\/fiorentini-polska.com\/pl\/doswiadczenie\/biometan\/odzysk-gazu-koksowniczego\/\",\"name\":\"Odzysk gazu koksowniczego - Pietro Fiorentini\",\"isPartOf\":{\"@id\":\"https:\/\/www.fiorentini-polska.com\/pl\/#website\"},\"primaryImageOfPage\":{\"@id\":\"https:\/\/fiorentini-polska.com\/pl\/doswiadczenie\/biometan\/odzysk-gazu-koksowniczego\/#primaryimage\"},\"image\":{\"@id\":\"https:\/\/fiorentini-polska.com\/pl\/doswiadczenie\/biometan\/odzysk-gazu-koksowniczego\/#primaryimage\"},\"thumbnailUrl\":\"https:\/\/www.fiorentini-polska.com\/wp-content\/uploads\/2024\/03\/case-study-01-1024x248.jpg\",\"datePublished\":\"2024-03-31T20:05:27+00:00\",\"dateModified\":\"2024-04-03T07:53:32+00:00\",\"description\":\"We have recently supplied a gas booster with knock-out drum for fine filtration of solid contaminants and temperature control system.\",\"breadcrumb\":{\"@id\":\"https:\/\/fiorentini-polska.com\/pl\/doswiadczenie\/biometan\/odzysk-gazu-koksowniczego\/#breadcrumb\"},\"inLanguage\":\"pl-PL\",\"potentialAction\":[{\"@type\":\"ReadAction\",\"target\":[\"https:\/\/fiorentini-polska.com\/pl\/doswiadczenie\/biometan\/odzysk-gazu-koksowniczego\/\"]}]},{\"@type\":\"ImageObject\",\"inLanguage\":\"pl-PL\",\"@id\":\"https:\/\/fiorentini-polska.com\/pl\/doswiadczenie\/biometan\/odzysk-gazu-koksowniczego\/#primaryimage\",\"url\":\"https:\/\/www.fiorentini-polska.com\/wp-content\/uploads\/2024\/03\/case-study-01-1024x248.jpg\",\"contentUrl\":\"https:\/\/www.fiorentini-polska.com\/wp-content\/uploads\/2024\/03\/case-study-01-1024x248.jpg\"},{\"@type\":\"BreadcrumbList\",\"@id\":\"https:\/\/fiorentini-polska.com\/pl\/doswiadczenie\/biometan\/odzysk-gazu-koksowniczego\/#breadcrumb\",\"itemListElement\":[{\"@type\":\"ListItem\",\"position\":1,\"name\":\"Home\",\"item\":\"https:\/\/www.fiorentini-polska.com\/pl\/\"},{\"@type\":\"ListItem\",\"position\":2,\"name\":\"Do\u015bwiadczenie\",\"item\":\"https:\/\/www.fiorentini-polska.com\/pl\/doswiadczenie\/\"},{\"@type\":\"ListItem\",\"position\":3,\"name\":\"Biometan\",\"item\":\"https:\/\/www.fiorentini-polska.com\/pl\/doswiadczenie\/biometan\/\"},{\"@type\":\"ListItem\",\"position\":4,\"name\":\"Odzysk gazu koksowniczego\"}]},{\"@type\":\"WebSite\",\"@id\":\"https:\/\/www.fiorentini-polska.com\/pl\/#website\",\"url\":\"https:\/\/www.fiorentini-polska.com\/pl\/\",\"name\":\"Pietro Fiorentini Polska\",\"description\":\"Pietro Fiorentini projektuje i produkuje komponenty, systemy i us\u0142ugi do regulacji, pomiar\u00f3w i zarz\u0105dzania rop\u0105 naftow\u0105 i gazem.\",\"publisher\":{\"@id\":\"https:\/\/www.fiorentini-polska.com\/pl\/#organization\"},\"potentialAction\":[{\"@type\":\"SearchAction\",\"target\":{\"@type\":\"EntryPoint\",\"urlTemplate\":\"https:\/\/www.fiorentini-polska.com\/pl\/?s={search_term_string}\"},\"query-input\":{\"@type\":\"PropertyValueSpecification\",\"valueRequired\":true,\"valueName\":\"search_term_string\"}}],\"inLanguage\":\"pl-PL\"},{\"@type\":\"Organization\",\"@id\":\"https:\/\/www.fiorentini-polska.com\/pl\/#organization\",\"name\":\"Pietro Fiorentini Polska\",\"url\":\"https:\/\/www.fiorentini-polska.com\/pl\/\",\"logo\":{\"@type\":\"ImageObject\",\"inLanguage\":\"pl-PL\",\"@id\":\"https:\/\/www.fiorentini-polska.com\/pl\/#\/schema\/logo\/image\/\",\"url\":\"https:\/\/www.fiorentini-polska.com\/wp-content\/uploads\/2021\/07\/LOGO_CMYK_COLOR.png\",\"contentUrl\":\"https:\/\/www.fiorentini-polska.com\/wp-content\/uploads\/2021\/07\/LOGO_CMYK_COLOR.png\",\"width\":3077,\"height\":1259,\"caption\":\"Pietro Fiorentini Polska\"},\"image\":{\"@id\":\"https:\/\/www.fiorentini-polska.com\/pl\/#\/schema\/logo\/image\/\"},\"sameAs\":[\"https:\/\/x.com\/FiorentiniSpa\"]}]}<\/script>\n<!-- \/ Yoast SEO plugin. -->","yoast_head_json":{"title":"Odzysk gazu koksowniczego - Pietro Fiorentini","description":"We have recently supplied a gas booster with knock-out drum for fine filtration of solid contaminants and temperature control system.","robots":{"index":"index","follow":"follow","max-snippet":"max-snippet:-1","max-image-preview":"max-image-preview:large","max-video-preview":"max-video-preview:-1"},"canonical":"https:\/\/fiorentini-polska.com\/pl\/doswiadczenie\/biometan\/odzysk-gazu-koksowniczego\/","og_locale":"pl_PL","og_type":"article","og_title":"Odzysk gazu koksowniczego - Pietro Fiorentini","og_description":"We have recently supplied a gas booster with knock-out drum for fine filtration of solid contaminants and temperature control system.","og_url":"https:\/\/fiorentini-polska.com\/pl\/doswiadczenie\/biometan\/odzysk-gazu-koksowniczego\/","og_site_name":"Pietro Fiorentini","article_modified_time":"2024-04-03T07:53:32+00:00","og_image":[{"url":"https:\/\/www.fiorentini-polska.com\/wp-content\/uploads\/2024\/03\/case-study-01-1024x248.jpg","type":"","width":"","height":""}],"twitter_card":"summary_large_image","twitter_site":"@FiorentiniSpa","twitter_misc":{"Szacowany czas czytania":"1 minuta"},"schema":{"@context":"https:\/\/schema.org","@graph":[{"@type":"WebPage","@id":"https:\/\/fiorentini-polska.com\/pl\/doswiadczenie\/biometan\/odzysk-gazu-koksowniczego\/","url":"https:\/\/fiorentini-polska.com\/pl\/doswiadczenie\/biometan\/odzysk-gazu-koksowniczego\/","name":"Odzysk gazu koksowniczego - Pietro Fiorentini","isPartOf":{"@id":"https:\/\/www.fiorentini-polska.com\/pl\/#website"},"primaryImageOfPage":{"@id":"https:\/\/fiorentini-polska.com\/pl\/doswiadczenie\/biometan\/odzysk-gazu-koksowniczego\/#primaryimage"},"image":{"@id":"https:\/\/fiorentini-polska.com\/pl\/doswiadczenie\/biometan\/odzysk-gazu-koksowniczego\/#primaryimage"},"thumbnailUrl":"https:\/\/www.fiorentini-polska.com\/wp-content\/uploads\/2024\/03\/case-study-01-1024x248.jpg","datePublished":"2024-03-31T20:05:27+00:00","dateModified":"2024-04-03T07:53:32+00:00","description":"We have recently supplied a gas booster with knock-out drum for fine filtration of solid contaminants and temperature control system.","breadcrumb":{"@id":"https:\/\/fiorentini-polska.com\/pl\/doswiadczenie\/biometan\/odzysk-gazu-koksowniczego\/#breadcrumb"},"inLanguage":"pl-PL","potentialAction":[{"@type":"ReadAction","target":["https:\/\/fiorentini-polska.com\/pl\/doswiadczenie\/biometan\/odzysk-gazu-koksowniczego\/"]}]},{"@type":"ImageObject","inLanguage":"pl-PL","@id":"https:\/\/fiorentini-polska.com\/pl\/doswiadczenie\/biometan\/odzysk-gazu-koksowniczego\/#primaryimage","url":"https:\/\/www.fiorentini-polska.com\/wp-content\/uploads\/2024\/03\/case-study-01-1024x248.jpg","contentUrl":"https:\/\/www.fiorentini-polska.com\/wp-content\/uploads\/2024\/03\/case-study-01-1024x248.jpg"},{"@type":"BreadcrumbList","@id":"https:\/\/fiorentini-polska.com\/pl\/doswiadczenie\/biometan\/odzysk-gazu-koksowniczego\/#breadcrumb","itemListElement":[{"@type":"ListItem","position":1,"name":"Home","item":"https:\/\/www.fiorentini-polska.com\/pl\/"},{"@type":"ListItem","position":2,"name":"Do\u015bwiadczenie","item":"https:\/\/www.fiorentini-polska.com\/pl\/doswiadczenie\/"},{"@type":"ListItem","position":3,"name":"Biometan","item":"https:\/\/www.fiorentini-polska.com\/pl\/doswiadczenie\/biometan\/"},{"@type":"ListItem","position":4,"name":"Odzysk gazu koksowniczego"}]},{"@type":"WebSite","@id":"https:\/\/www.fiorentini-polska.com\/pl\/#website","url":"https:\/\/www.fiorentini-polska.com\/pl\/","name":"Pietro Fiorentini Polska","description":"Pietro Fiorentini projektuje i produkuje komponenty, systemy i us\u0142ugi do regulacji, pomiar\u00f3w i zarz\u0105dzania rop\u0105 naftow\u0105 i gazem.","publisher":{"@id":"https:\/\/www.fiorentini-polska.com\/pl\/#organization"},"potentialAction":[{"@type":"SearchAction","target":{"@type":"EntryPoint","urlTemplate":"https:\/\/www.fiorentini-polska.com\/pl\/?s={search_term_string}"},"query-input":{"@type":"PropertyValueSpecification","valueRequired":true,"valueName":"search_term_string"}}],"inLanguage":"pl-PL"},{"@type":"Organization","@id":"https:\/\/www.fiorentini-polska.com\/pl\/#organization","name":"Pietro Fiorentini Polska","url":"https:\/\/www.fiorentini-polska.com\/pl\/","logo":{"@type":"ImageObject","inLanguage":"pl-PL","@id":"https:\/\/www.fiorentini-polska.com\/pl\/#\/schema\/logo\/image\/","url":"https:\/\/www.fiorentini-polska.com\/wp-content\/uploads\/2021\/07\/LOGO_CMYK_COLOR.png","contentUrl":"https:\/\/www.fiorentini-polska.com\/wp-content\/uploads\/2021\/07\/LOGO_CMYK_COLOR.png","width":3077,"height":1259,"caption":"Pietro Fiorentini Polska"},"image":{"@id":"https:\/\/www.fiorentini-polska.com\/pl\/#\/schema\/logo\/image\/"},"sameAs":["https:\/\/x.com\/FiorentiniSpa"]}]}},"_links":{"self":[{"href":"https:\/\/fiorentini-polska.com\/pl\/wp-json\/wp\/v2\/pages\/28144","targetHints":{"allow":["GET"]}}],"collection":[{"href":"https:\/\/fiorentini-polska.com\/pl\/wp-json\/wp\/v2\/pages"}],"about":[{"href":"https:\/\/fiorentini-polska.com\/pl\/wp-json\/wp\/v2\/types\/page"}],"author":[{"embeddable":true,"href":"https:\/\/fiorentini-polska.com\/pl\/wp-json\/wp\/v2\/users\/15"}],"replies":[{"embeddable":true,"href":"https:\/\/fiorentini-polska.com\/pl\/wp-json\/wp\/v2\/comments?post=28144"}],"version-history":[{"count":2,"href":"https:\/\/fiorentini-polska.com\/pl\/wp-json\/wp\/v2\/pages\/28144\/revisions"}],"predecessor-version":[{"id":28220,"href":"https:\/\/fiorentini-polska.com\/pl\/wp-json\/wp\/v2\/pages\/28144\/revisions\/28220"}],"up":[{"embeddable":true,"href":"https:\/\/fiorentini-polska.com\/pl\/wp-json\/wp\/v2\/pages\/27551"}],"wp:attachment":[{"href":"https:\/\/fiorentini-polska.com\/pl\/wp-json\/wp\/v2\/media?parent=28144"}],"curies":[{"name":"wp","href":"https:\/\/api.w.org\/{rel}","templated":true}]}}