{"id":28133,"date":"2024-03-31T21:29:53","date_gmt":"2024-03-31T19:29:53","guid":{"rendered":"https:\/\/fiorentini-polska.com\/doswiadczenie\/biometan\/biogas-vs-biomethane\/"},"modified":"2026-03-09T19:30:07","modified_gmt":"2026-03-09T18:30:07","slug":"biogaz-vs-biometan","status":"publish","type":"page","link":"https:\/\/fiorentini-polska.com\/pl\/doswiadczenie\/biometan\/biogaz-vs-biometan\/","title":{"rendered":"Biogaz vs biometan"},"content":{"rendered":"\n<p class=\"has-text-color has-link-color has-medium-font-size wp-elements-bb642425eb222780fe098699091bb788\" style=\"color:#199782\"><strong>Z BIOGAZU DO BIOMETANU<br><\/strong><br>&nbsp;<\/p>\n\n\n\n<figure class=\"wp-block-image size-full\"><img loading=\"lazy\" decoding=\"async\" width=\"1024\" height=\"575\" src=\"https:\/\/www.fiorentini-polska.com\/wp-content\/uploads\/2024\/03\/RENEWABLES_biogas-1-1024x575-1.jpg\" alt=\"\" class=\"wp-image-28126\" srcset=\"https:\/\/fiorentini-polska.com\/wp-content\/uploads\/2024\/03\/RENEWABLES_biogas-1-1024x575-1.jpg 1024w, https:\/\/fiorentini-polska.com\/wp-content\/uploads\/2024\/03\/RENEWABLES_biogas-1-1024x575-1-300x168.jpg 300w, https:\/\/fiorentini-polska.com\/wp-content\/uploads\/2024\/03\/RENEWABLES_biogas-1-1024x575-1-768x431.jpg 768w\" sizes=\"auto, (max-width: 1024px) 100vw, 1024px\" \/><\/figure>\n\n\n\n<p>&nbsp; <br><strong>Biogaz<\/strong> sk\u0142ada si\u0119 g\u0142\u00f3wnie z <strong>metanu<\/strong> (mi\u0119dzy 50-70%) i jest wytwarzany w procesie fermentacji odpad\u00f3w organicznych z biomasy rolniczej (dedykowane uprawy, produkty uboczne, odpady rolnicze i obornik zwierz\u0119cy), biomasy rolno-przemys\u0142owej (odpady z \u0142a\u0144cucha przetw\u00f3rstwa \u017cywno\u015bci), odpad\u00f3w z przetw\u00f3rstwa przemys\u0142owego, osad\u00f3w ze \u015bciek\u00f3w komunalnych i organicznych frakcji sta\u0142ych odpad\u00f3w komunalnych (OFMSW).<\/p>\n\n\n\n<p><strong>Biometan<\/strong> to biogaz poddany procesowi oczyszczania w celu uzyskania st\u0119\u017cenia metanu r\u00f3wnego lub wy\u017cszego ni\u017c 97%, kt\u00f3ry mo\u017ce by\u0107 wykorzystywany w taki sam spos\u00f3b jak gaz ziemny poprzez zat\u0142aczanie do sieci lub jako biopaliwo w postaci gazowej lub skroplonej do transportu.<br>&nbsp;<\/p>\n\n\n\n<ol class=\"wp-block-list\">\n<li><strong><a href=\"#HOW\">Jak wytwarza\u0107 biometan<\/a><\/strong><\/li>\n\n\n\n<li><strong><a href=\"#WHAT\">Co dzieje si\u0119 po uszlachetnieniu biogazu<\/a><\/strong><\/li>\n<\/ol>\n\n\n\n<h2 class=\"wp-block-heading has-text-color has-link-color has-medium-font-size wp-elements-3e22743fec181de50d5635678ca7cc84\" id=\"HOW\" style=\"color:#199782\">&nbsp;<br>&nbsp;<br>JAK WYTWARZA\u0106 BIOMETAN<\/h2>\n\n\n\n<p><strong>Konwersja biogazu do biometanu<\/strong> odbywa si\u0119 poprzez proces <strong>uszlachetniania<\/strong>, kt\u00f3ry usuwa dwutlenek w\u0119gla w wieloetapowym procesie separacji molekularnej. Poszczeg\u00f3lne etapy procesu (obr\u00f3bka wst\u0119pna, odwodnienie, spr\u0119\u017canie itp.) s\u0105 optymalizowane w zale\u017cno\u015bci od wybranej technologii uszlachetniania i sk\u0142adu biogazu, kt\u00f3ry ma zosta\u0107 poddany obr\u00f3bce.<\/p>\n\n\n\n<p>Opr\u00f3cz dwutlenku w\u0119gla usuwane s\u0105 r\u00f3wnie\u017c inne gazy, takie jak siarkowod\u00f3r, amoniak, siloksany, lotne zwi\u0105zki organiczne (LZO), zanieczyszczenia i inne substancje oboj\u0119tne obecne w biogazie. Usuni\u0119cie tych substancji jest niezb\u0119dne, poniewa\u017c je\u015bli pozostan\u0105 one obecne, mog\u0105 powodowa\u0107 r\u00f3\u017cne problemy: mog\u0105 zosta\u0107 uwolnione do atmosfery lub mog\u0105 pozosta\u0107 w biometanie i zmieni\u0107 jego specyfikacj\u0119 jako\u015bciow\u0105, a tak\u017ce wp\u0142yn\u0105\u0107 na prawid\u0142owe dzia\u0142anie samej instalacji. Ponadto, obecno\u015b\u0107 lotnych zwi\u0105zk\u00f3w organicznych ma negatywny wp\u0142yw na zapach biometanu.<\/p>\n\n\n\n<figure class=\"wp-block-embed is-type-video is-provider-youtube wp-block-embed-youtube wp-embed-aspect-16-9 wp-has-aspect-ratio\"><div class=\"wp-block-embed__wrapper\">\n<iframe loading=\"lazy\" title=\"From Biogas to Gas Grid\" width=\"500\" height=\"281\" src=\"https:\/\/www.youtube.com\/embed\/jj2-LFS3ZJ0?feature=oembed\" frameborder=\"0\" allow=\"accelerometer; autoplay; clipboard-write; encrypted-media; gyroscope; picture-in-picture; web-share\" referrerpolicy=\"strict-origin-when-cross-origin\" allowfullscreen><\/iframe>\n<\/div><\/figure>\n\n\n\n<h2 class=\"wp-block-heading has-text-color has-link-color has-medium-font-size wp-elements-220ad8632419f8d8d7d352cf5296a216\" id=\"WHAT\" style=\"color:#199782\">CO DZIEJE SI\u0118 PO USZLACHETNIENIU BIOGAZU<\/h2>\n\n\n\n<p>Biometan uzyskany po fazie uszlachetniania kwalifikuje si\u0119 do poddania r\u00f3\u017cnym etapom <strong>kontroli jako\u015bci, pomiaru ilo\u015bci, spr\u0119\u017cania, regulacji i ewentualnego nawaniania<\/strong>. Etapy te musz\u0105 by\u0107 koniecznie uko\u0144czone przed jednym z mo\u017cliwych kolejnych etap\u00f3w:<\/p>\n\n\n\n<ul class=\"wp-block-list\">\n<li>Etap zat\u0142aczania do sieci &#8211; mo\u017ce to by\u0107 sie\u0107 przesy\u0142owa lub dystrybucyjna &#8211; kt\u00f3ry nale\u017cy wykona\u0107 zgodnie ze specyfikacj\u0105 okre\u015blon\u0105 w obowi\u0105zuj\u0105cych przepisach. Ten etap wymaga dedykowanych rozwi\u0105za\u0144.<\/li>\n\n\n\n<li>Produkcja skroplonego biometanu (LBM), kt\u00f3ra wymaga dedykowanej analizy jako\u015bci i fiskalnych rozwi\u0105za\u0144 pomiarowych.<br>&nbsp;<\/li>\n<\/ul>\n\n\n\n<figure class=\"wp-block-image size-full\"><img loading=\"lazy\" decoding=\"async\" width=\"1024\" height=\"576\" src=\"https:\/\/www.fiorentini-polska.com\/wp-content\/uploads\/2024\/04\/Expertise_Biometano_Map-EXPPAG-1-1024x576-PK-2.jpg\" alt=\"Expertise_Biometano_Map\" class=\"wp-image-28210\" srcset=\"https:\/\/fiorentini-polska.com\/wp-content\/uploads\/2024\/04\/Expertise_Biometano_Map-EXPPAG-1-1024x576-PK-2.jpg 1024w, https:\/\/fiorentini-polska.com\/wp-content\/uploads\/2024\/04\/Expertise_Biometano_Map-EXPPAG-1-1024x576-PK-2-300x169.jpg 300w, https:\/\/fiorentini-polska.com\/wp-content\/uploads\/2024\/04\/Expertise_Biometano_Map-EXPPAG-1-1024x576-PK-2-768x432.jpg 768w\" sizes=\"auto, (max-width: 1024px) 100vw, 1024px\" \/><\/figure>\n","protected":false},"excerpt":{"rendered":"<p>Biogaz i biometan to r\u00f3\u017cne substancje: biogaz to zwi\u0105zek o zawarto\u015bci metanu mi\u0119dzy 50 a 70 procent, podczas gdy biometan to biogaz, kt\u00f3ry zosta\u0142 poddany procesowi rafinacji w celu osi\u0105gni\u0119cia zawarto\u015bci procentowej metanu wynosz\u0105cej 97 procent lub wi\u0119cej, gotowy do wtrysku do sieci transportowych i dystrybucyjnych.<\/p>\n","protected":false},"author":15,"featured_media":0,"parent":27551,"menu_order":0,"comment_status":"closed","ping_status":"closed","template":"template-expertise-post.php","meta":{"_acf_changed":false,"inline_featured_image":false,"footnotes":""},"class_list":["post-28133","page","type-page","status-publish","hentry"],"acf":[],"yoast_head":"<!-- This site is optimized with the Yoast SEO plugin v27.2 - https:\/\/yoast.com\/product\/yoast-seo-wordpress\/ -->\n<title>Biogaz vs biometan - Pietro Fiorentini<\/title>\n<meta name=\"description\" content=\"Konwersja odbywa si\u0119 poprzez proces uszlachetniania, kt\u00f3ry usuwa dwutlenek w\u0119gla w wieloetapowym procesie separacji molekularnej.\" \/>\n<meta name=\"robots\" content=\"index, follow, max-snippet:-1, max-image-preview:large, max-video-preview:-1\" \/>\n<link rel=\"canonical\" href=\"https:\/\/fiorentini-polska.com\/pl\/doswiadczenie\/biometan\/biogaz-vs-biometan\/\" \/>\n<meta property=\"og:locale\" content=\"pl_PL\" \/>\n<meta property=\"og:type\" content=\"article\" \/>\n<meta property=\"og:title\" content=\"Biogaz vs biometan - Pietro Fiorentini\" \/>\n<meta property=\"og:description\" content=\"Konwersja odbywa si\u0119 poprzez proces uszlachetniania, kt\u00f3ry usuwa dwutlenek w\u0119gla w wieloetapowym procesie separacji molekularnej.\" \/>\n<meta property=\"og:url\" content=\"https:\/\/fiorentini-polska.com\/pl\/doswiadczenie\/biometan\/biogaz-vs-biometan\/\" \/>\n<meta property=\"og:site_name\" content=\"Pietro Fiorentini\" \/>\n<meta property=\"article:modified_time\" content=\"2026-03-09T18:30:07+00:00\" \/>\n<meta property=\"og:image\" content=\"https:\/\/www.fiorentini-polska.com\/wp-content\/uploads\/2024\/03\/RENEWABLES_biogas-1-1024x575-1.jpg\" \/>\n<meta name=\"twitter:card\" content=\"summary_large_image\" \/>\n<meta name=\"twitter:site\" content=\"@FiorentiniSpa\" \/>\n<meta name=\"twitter:label1\" content=\"Szacowany czas czytania\" \/>\n\t<meta name=\"twitter:data1\" content=\"2 minuty\" \/>\n<script type=\"application\/ld+json\" class=\"yoast-schema-graph\">{\"@context\":\"https:\/\/schema.org\",\"@graph\":[{\"@type\":\"WebPage\",\"@id\":\"https:\/\/fiorentini-polska.com\/pl\/doswiadczenie\/biometan\/biogaz-vs-biometan\/\",\"url\":\"https:\/\/fiorentini-polska.com\/pl\/doswiadczenie\/biometan\/biogaz-vs-biometan\/\",\"name\":\"Biogaz vs biometan - Pietro Fiorentini\",\"isPartOf\":{\"@id\":\"https:\/\/www.fiorentini-polska.com\/pl\/#website\"},\"primaryImageOfPage\":{\"@id\":\"https:\/\/fiorentini-polska.com\/pl\/doswiadczenie\/biometan\/biogaz-vs-biometan\/#primaryimage\"},\"image\":{\"@id\":\"https:\/\/fiorentini-polska.com\/pl\/doswiadczenie\/biometan\/biogaz-vs-biometan\/#primaryimage\"},\"thumbnailUrl\":\"https:\/\/www.fiorentini-polska.com\/wp-content\/uploads\/2024\/03\/RENEWABLES_biogas-1-1024x575-1.jpg\",\"datePublished\":\"2024-03-31T19:29:53+00:00\",\"dateModified\":\"2026-03-09T18:30:07+00:00\",\"description\":\"Konwersja odbywa si\u0119 poprzez proces uszlachetniania, kt\u00f3ry usuwa dwutlenek w\u0119gla w wieloetapowym procesie separacji molekularnej.\",\"breadcrumb\":{\"@id\":\"https:\/\/fiorentini-polska.com\/pl\/doswiadczenie\/biometan\/biogaz-vs-biometan\/#breadcrumb\"},\"inLanguage\":\"pl-PL\",\"potentialAction\":[{\"@type\":\"ReadAction\",\"target\":[\"https:\/\/fiorentini-polska.com\/pl\/doswiadczenie\/biometan\/biogaz-vs-biometan\/\"]}]},{\"@type\":\"ImageObject\",\"inLanguage\":\"pl-PL\",\"@id\":\"https:\/\/fiorentini-polska.com\/pl\/doswiadczenie\/biometan\/biogaz-vs-biometan\/#primaryimage\",\"url\":\"https:\/\/www.fiorentini-polska.com\/wp-content\/uploads\/2024\/03\/RENEWABLES_biogas-1-1024x575-1.jpg\",\"contentUrl\":\"https:\/\/www.fiorentini-polska.com\/wp-content\/uploads\/2024\/03\/RENEWABLES_biogas-1-1024x575-1.jpg\"},{\"@type\":\"BreadcrumbList\",\"@id\":\"https:\/\/fiorentini-polska.com\/pl\/doswiadczenie\/biometan\/biogaz-vs-biometan\/#breadcrumb\",\"itemListElement\":[{\"@type\":\"ListItem\",\"position\":1,\"name\":\"Home\",\"item\":\"https:\/\/www.fiorentini-polska.com\/pl\/\"},{\"@type\":\"ListItem\",\"position\":2,\"name\":\"Do\u015bwiadczenie\",\"item\":\"https:\/\/www.fiorentini-polska.com\/pl\/doswiadczenie\/\"},{\"@type\":\"ListItem\",\"position\":3,\"name\":\"Biometan\",\"item\":\"https:\/\/www.fiorentini-polska.com\/pl\/doswiadczenie\/biometan\/\"},{\"@type\":\"ListItem\",\"position\":4,\"name\":\"Biogaz vs biometan\"}]},{\"@type\":\"WebSite\",\"@id\":\"https:\/\/www.fiorentini-polska.com\/pl\/#website\",\"url\":\"https:\/\/www.fiorentini-polska.com\/pl\/\",\"name\":\"Pietro Fiorentini Polska\",\"description\":\"Pietro Fiorentini projektuje i produkuje komponenty, systemy i us\u0142ugi do regulacji, pomiar\u00f3w i zarz\u0105dzania rop\u0105 naftow\u0105 i gazem.\",\"publisher\":{\"@id\":\"https:\/\/www.fiorentini-polska.com\/pl\/#organization\"},\"potentialAction\":[{\"@type\":\"SearchAction\",\"target\":{\"@type\":\"EntryPoint\",\"urlTemplate\":\"https:\/\/www.fiorentini-polska.com\/pl\/?s={search_term_string}\"},\"query-input\":{\"@type\":\"PropertyValueSpecification\",\"valueRequired\":true,\"valueName\":\"search_term_string\"}}],\"inLanguage\":\"pl-PL\"},{\"@type\":\"Organization\",\"@id\":\"https:\/\/www.fiorentini-polska.com\/pl\/#organization\",\"name\":\"Pietro Fiorentini Polska\",\"url\":\"https:\/\/www.fiorentini-polska.com\/pl\/\",\"logo\":{\"@type\":\"ImageObject\",\"inLanguage\":\"pl-PL\",\"@id\":\"https:\/\/www.fiorentini-polska.com\/pl\/#\/schema\/logo\/image\/\",\"url\":\"https:\/\/www.fiorentini-polska.com\/wp-content\/uploads\/2021\/07\/LOGO_CMYK_COLOR.png\",\"contentUrl\":\"https:\/\/www.fiorentini-polska.com\/wp-content\/uploads\/2021\/07\/LOGO_CMYK_COLOR.png\",\"width\":3077,\"height\":1259,\"caption\":\"Pietro Fiorentini Polska\"},\"image\":{\"@id\":\"https:\/\/www.fiorentini-polska.com\/pl\/#\/schema\/logo\/image\/\"},\"sameAs\":[\"https:\/\/x.com\/FiorentiniSpa\"]}]}<\/script>\n<!-- \/ Yoast SEO plugin. -->","yoast_head_json":{"title":"Biogaz vs biometan - Pietro Fiorentini","description":"Konwersja odbywa si\u0119 poprzez proces uszlachetniania, kt\u00f3ry usuwa dwutlenek w\u0119gla w wieloetapowym procesie separacji molekularnej.","robots":{"index":"index","follow":"follow","max-snippet":"max-snippet:-1","max-image-preview":"max-image-preview:large","max-video-preview":"max-video-preview:-1"},"canonical":"https:\/\/fiorentini-polska.com\/pl\/doswiadczenie\/biometan\/biogaz-vs-biometan\/","og_locale":"pl_PL","og_type":"article","og_title":"Biogaz vs biometan - Pietro Fiorentini","og_description":"Konwersja odbywa si\u0119 poprzez proces uszlachetniania, kt\u00f3ry usuwa dwutlenek w\u0119gla w wieloetapowym procesie separacji molekularnej.","og_url":"https:\/\/fiorentini-polska.com\/pl\/doswiadczenie\/biometan\/biogaz-vs-biometan\/","og_site_name":"Pietro Fiorentini","article_modified_time":"2026-03-09T18:30:07+00:00","og_image":[{"url":"https:\/\/www.fiorentini-polska.com\/wp-content\/uploads\/2024\/03\/RENEWABLES_biogas-1-1024x575-1.jpg","type":"","width":"","height":""}],"twitter_card":"summary_large_image","twitter_site":"@FiorentiniSpa","twitter_misc":{"Szacowany czas czytania":"2 minuty"},"schema":{"@context":"https:\/\/schema.org","@graph":[{"@type":"WebPage","@id":"https:\/\/fiorentini-polska.com\/pl\/doswiadczenie\/biometan\/biogaz-vs-biometan\/","url":"https:\/\/fiorentini-polska.com\/pl\/doswiadczenie\/biometan\/biogaz-vs-biometan\/","name":"Biogaz vs biometan - Pietro Fiorentini","isPartOf":{"@id":"https:\/\/www.fiorentini-polska.com\/pl\/#website"},"primaryImageOfPage":{"@id":"https:\/\/fiorentini-polska.com\/pl\/doswiadczenie\/biometan\/biogaz-vs-biometan\/#primaryimage"},"image":{"@id":"https:\/\/fiorentini-polska.com\/pl\/doswiadczenie\/biometan\/biogaz-vs-biometan\/#primaryimage"},"thumbnailUrl":"https:\/\/www.fiorentini-polska.com\/wp-content\/uploads\/2024\/03\/RENEWABLES_biogas-1-1024x575-1.jpg","datePublished":"2024-03-31T19:29:53+00:00","dateModified":"2026-03-09T18:30:07+00:00","description":"Konwersja odbywa si\u0119 poprzez proces uszlachetniania, kt\u00f3ry usuwa dwutlenek w\u0119gla w wieloetapowym procesie separacji molekularnej.","breadcrumb":{"@id":"https:\/\/fiorentini-polska.com\/pl\/doswiadczenie\/biometan\/biogaz-vs-biometan\/#breadcrumb"},"inLanguage":"pl-PL","potentialAction":[{"@type":"ReadAction","target":["https:\/\/fiorentini-polska.com\/pl\/doswiadczenie\/biometan\/biogaz-vs-biometan\/"]}]},{"@type":"ImageObject","inLanguage":"pl-PL","@id":"https:\/\/fiorentini-polska.com\/pl\/doswiadczenie\/biometan\/biogaz-vs-biometan\/#primaryimage","url":"https:\/\/www.fiorentini-polska.com\/wp-content\/uploads\/2024\/03\/RENEWABLES_biogas-1-1024x575-1.jpg","contentUrl":"https:\/\/www.fiorentini-polska.com\/wp-content\/uploads\/2024\/03\/RENEWABLES_biogas-1-1024x575-1.jpg"},{"@type":"BreadcrumbList","@id":"https:\/\/fiorentini-polska.com\/pl\/doswiadczenie\/biometan\/biogaz-vs-biometan\/#breadcrumb","itemListElement":[{"@type":"ListItem","position":1,"name":"Home","item":"https:\/\/www.fiorentini-polska.com\/pl\/"},{"@type":"ListItem","position":2,"name":"Do\u015bwiadczenie","item":"https:\/\/www.fiorentini-polska.com\/pl\/doswiadczenie\/"},{"@type":"ListItem","position":3,"name":"Biometan","item":"https:\/\/www.fiorentini-polska.com\/pl\/doswiadczenie\/biometan\/"},{"@type":"ListItem","position":4,"name":"Biogaz vs biometan"}]},{"@type":"WebSite","@id":"https:\/\/www.fiorentini-polska.com\/pl\/#website","url":"https:\/\/www.fiorentini-polska.com\/pl\/","name":"Pietro Fiorentini Polska","description":"Pietro Fiorentini projektuje i produkuje komponenty, systemy i us\u0142ugi do regulacji, pomiar\u00f3w i zarz\u0105dzania rop\u0105 naftow\u0105 i gazem.","publisher":{"@id":"https:\/\/www.fiorentini-polska.com\/pl\/#organization"},"potentialAction":[{"@type":"SearchAction","target":{"@type":"EntryPoint","urlTemplate":"https:\/\/www.fiorentini-polska.com\/pl\/?s={search_term_string}"},"query-input":{"@type":"PropertyValueSpecification","valueRequired":true,"valueName":"search_term_string"}}],"inLanguage":"pl-PL"},{"@type":"Organization","@id":"https:\/\/www.fiorentini-polska.com\/pl\/#organization","name":"Pietro Fiorentini Polska","url":"https:\/\/www.fiorentini-polska.com\/pl\/","logo":{"@type":"ImageObject","inLanguage":"pl-PL","@id":"https:\/\/www.fiorentini-polska.com\/pl\/#\/schema\/logo\/image\/","url":"https:\/\/www.fiorentini-polska.com\/wp-content\/uploads\/2021\/07\/LOGO_CMYK_COLOR.png","contentUrl":"https:\/\/www.fiorentini-polska.com\/wp-content\/uploads\/2021\/07\/LOGO_CMYK_COLOR.png","width":3077,"height":1259,"caption":"Pietro Fiorentini Polska"},"image":{"@id":"https:\/\/www.fiorentini-polska.com\/pl\/#\/schema\/logo\/image\/"},"sameAs":["https:\/\/x.com\/FiorentiniSpa"]}]}},"_links":{"self":[{"href":"https:\/\/fiorentini-polska.com\/pl\/wp-json\/wp\/v2\/pages\/28133","targetHints":{"allow":["GET"]}}],"collection":[{"href":"https:\/\/fiorentini-polska.com\/pl\/wp-json\/wp\/v2\/pages"}],"about":[{"href":"https:\/\/fiorentini-polska.com\/pl\/wp-json\/wp\/v2\/types\/page"}],"author":[{"embeddable":true,"href":"https:\/\/fiorentini-polska.com\/pl\/wp-json\/wp\/v2\/users\/15"}],"replies":[{"embeddable":true,"href":"https:\/\/fiorentini-polska.com\/pl\/wp-json\/wp\/v2\/comments?post=28133"}],"version-history":[{"count":3,"href":"https:\/\/fiorentini-polska.com\/pl\/wp-json\/wp\/v2\/pages\/28133\/revisions"}],"predecessor-version":[{"id":30773,"href":"https:\/\/fiorentini-polska.com\/pl\/wp-json\/wp\/v2\/pages\/28133\/revisions\/30773"}],"up":[{"embeddable":true,"href":"https:\/\/fiorentini-polska.com\/pl\/wp-json\/wp\/v2\/pages\/27551"}],"wp:attachment":[{"href":"https:\/\/fiorentini-polska.com\/pl\/wp-json\/wp\/v2\/media?parent=28133"}],"curies":[{"name":"wp","href":"https:\/\/api.w.org\/{rel}","templated":true}]}}