{"id":27777,"date":"2024-02-26T13:06:04","date_gmt":"2024-02-26T12:06:04","guid":{"rendered":"https:\/\/fiorentini-polska.com\/doswiadczenie\/inteligentne-sieci-gazowe\/sustainable-digitalised-grids-for-gas-distribution\/"},"modified":"2024-02-28T11:23:57","modified_gmt":"2024-02-28T10:23:57","slug":"zrownowazone-cyfrowe-sieci-dystrybucji-gazuzrownowazone-cyfrowe-sieci-dystrybucji-gazu","status":"publish","type":"page","link":"https:\/\/fiorentini-polska.com\/pl\/doswiadczenie\/inteligentne-sieci-gazowe\/zrownowazone-cyfrowe-sieci-dystrybucji-gazuzrownowazone-cyfrowe-sieci-dystrybucji-gazu\/","title":{"rendered":"Zr\u00f3wnowa\u017cone, cyfrowe sieci dystrybucji gazu"},"content":{"rendered":"\n<p>Pietro Fiorentini od lat aktywnie bada i rozwija nowe rozwi\u0105zania, kt\u00f3re mog\u0105 by\u0107 wykorzystywane w inteligentnych sieciach, zw\u0142aszcza w sieciach gazu ziemnego.<\/p>\n\n\n\n<p><strong>Obecne sieci dystrybucji gazu maj\u0105 znacz\u0105ce ograniczenia<\/strong>: s\u0105 nara\u017cone na spodziewane wycieki, szczeg\u00f3lnie w <strong>punktach po\u0142\u0105cze\u0144 mi\u0119dzy ruroci\u0105gami i zaworami<\/strong>, gdy przypadkowe uszkodzenia s\u0105 spowodowane pracami ziemnymi lub innymi nast\u0119pstwami, kt\u00f3re blokuj\u0105 po\u0142\u0105czenia. Inne pow\u00f3d to korozja katodowa, niewystarczaj\u0105co zabezpieczona sie\u0107 gazowa.<\/p>\n\n\n\n<p>Wycieki s\u0105 wprost proporcjonalne do ci\u015bnienia, przy kt\u00f3rym gaz jest utrzymywany w celu zapewnienia odpowiednich standard\u00f3w obs\u0142ugi w punktach dostawy, co jest szczeg\u00f3lnie szkodliwe z <strong>punktu widzenia ochrony \u015brodowiska<\/strong>. W rzeczywisto\u015bci gaz ziemny po spaleniu jest paliwem kopalnym o najmniejszym wp\u0142ywie na \u015brodowisko spo\u015br\u00f3d obecnie dost\u0119pnych. Je\u015bli jednak zostanie uwolniony do atmosfery bez spalania, jest znacznie bardziej szkodliwy ni\u017c CO2.<\/p>\n\n\n\n<p>Dystrybucja gazu ziemnego za po\u015brednictwem zr\u00f3wnowa\u017conych, inteligentnych sieci oznacza zatem projektowanie system\u00f3w, kt\u00f3re charakteryzuj\u0105 si\u0119:<\/p>\n\n\n\n<ul class=\"wp-block-list\">\n<li><strong>elastyczno\u015bci\u0105<\/strong> w zarz\u0105dzaniu przep\u0142ywami pochodz\u0105cymi z r\u00f3\u017cnych zasob\u00f3w zlokalizowanych w wielu punktach zasilania i o r\u00f3\u017cnych w\u0142a\u015bciwo\u015bciach;<\/li>\n\n\n\n<li>zdolno\u015bci\u0105 do <strong>utrzymania r\u00f3wnowagi<\/strong> w zdecentralizowanych sieciach z dwukierunkowymi przep\u0142ywami;<\/li>\n\n\n\n<li><strong>odporno\u015bci\u0105<\/strong> na zak\u0142\u00f3cenia pracy, co wi\u0105\u017ce si\u0119 z potrzeb\u0105 cyfryzacji sieci gazowych; <\/li>\n<\/ul>\n","protected":false},"excerpt":{"rendered":"<p>Dystrybucja gazu ziemnego za pomoc\u0105 zr\u00f3wnowa\u017conych, inteligentnych sieci oznacza projektowanie system\u00f3w, kt\u00f3re charakteryzuj\u0105 si\u0119 elastyczno\u015bci\u0105 w zarz\u0105dzaniu przep\u0142ywami, zdolno\u015bci\u0105 do utrzymania r\u00f3wnowagi w zdecentralizowanych sieciach z dwukierunkowymi przep\u0142ywami i odporno\u015bci\u0105 samych system\u00f3w.<\/p>\n","protected":false},"author":15,"featured_media":0,"parent":27754,"menu_order":0,"comment_status":"closed","ping_status":"closed","template":"template-expertise-post.php","meta":{"_acf_changed":false,"inline_featured_image":false,"footnotes":""},"class_list":["post-27777","page","type-page","status-publish","hentry"],"acf":[],"yoast_head":"<!-- This site is optimized with the Yoast SEO plugin v27.2 - https:\/\/yoast.com\/product\/yoast-seo-wordpress\/ -->\n<title>Zr\u00f3wnowa\u017cone, cyfrowe sieci dystrybucji gazu - Pietro Fiorentini<\/title>\n<meta name=\"description\" content=\"Pietro Fiorentini od lat aktywnie bada i rozwija nowe rozwi\u0105zania, kt\u00f3re mog\u0105 by\u0107 wykorzystywane w inteligentnych sieciach, zw\u0142aszcza w sieciach gazu ziemnego.\" \/>\n<meta name=\"robots\" content=\"index, follow, max-snippet:-1, max-image-preview:large, max-video-preview:-1\" \/>\n<link rel=\"canonical\" href=\"https:\/\/fiorentini-polska.com\/pl\/doswiadczenie\/inteligentne-sieci-gazowe\/zrownowazone-cyfrowe-sieci-dystrybucji-gazuzrownowazone-cyfrowe-sieci-dystrybucji-gazu\/\" \/>\n<meta property=\"og:locale\" content=\"pl_PL\" \/>\n<meta property=\"og:type\" content=\"article\" \/>\n<meta property=\"og:title\" content=\"Zr\u00f3wnowa\u017cone, cyfrowe sieci dystrybucji gazu - Pietro Fiorentini\" \/>\n<meta property=\"og:description\" content=\"Pietro Fiorentini od lat aktywnie bada i rozwija nowe rozwi\u0105zania, kt\u00f3re mog\u0105 by\u0107 wykorzystywane w inteligentnych sieciach, zw\u0142aszcza w sieciach gazu ziemnego.\" \/>\n<meta property=\"og:url\" content=\"https:\/\/fiorentini-polska.com\/pl\/doswiadczenie\/inteligentne-sieci-gazowe\/zrownowazone-cyfrowe-sieci-dystrybucji-gazuzrownowazone-cyfrowe-sieci-dystrybucji-gazu\/\" \/>\n<meta property=\"og:site_name\" content=\"Pietro Fiorentini\" \/>\n<meta property=\"article:modified_time\" content=\"2024-02-28T10:23:57+00:00\" \/>\n<meta name=\"twitter:card\" content=\"summary_large_image\" \/>\n<meta name=\"twitter:site\" content=\"@FiorentiniSpa\" \/>\n<meta name=\"twitter:label1\" content=\"Szacowany czas czytania\" \/>\n\t<meta name=\"twitter:data1\" content=\"1 minuta\" \/>\n<script type=\"application\/ld+json\" class=\"yoast-schema-graph\">{\"@context\":\"https:\/\/schema.org\",\"@graph\":[{\"@type\":\"WebPage\",\"@id\":\"https:\/\/fiorentini-polska.com\/pl\/doswiadczenie\/inteligentne-sieci-gazowe\/zrownowazone-cyfrowe-sieci-dystrybucji-gazuzrownowazone-cyfrowe-sieci-dystrybucji-gazu\/\",\"url\":\"https:\/\/fiorentini-polska.com\/pl\/doswiadczenie\/inteligentne-sieci-gazowe\/zrownowazone-cyfrowe-sieci-dystrybucji-gazuzrownowazone-cyfrowe-sieci-dystrybucji-gazu\/\",\"name\":\"Zr\u00f3wnowa\u017cone, cyfrowe sieci dystrybucji gazu - Pietro Fiorentini\",\"isPartOf\":{\"@id\":\"https:\/\/fiorentini-polska.com\/pl\/#website\"},\"datePublished\":\"2024-02-26T12:06:04+00:00\",\"dateModified\":\"2024-02-28T10:23:57+00:00\",\"description\":\"Pietro Fiorentini od lat aktywnie bada i rozwija nowe rozwi\u0105zania, kt\u00f3re mog\u0105 by\u0107 wykorzystywane w inteligentnych sieciach, zw\u0142aszcza w sieciach gazu ziemnego.\",\"breadcrumb\":{\"@id\":\"https:\/\/fiorentini-polska.com\/pl\/doswiadczenie\/inteligentne-sieci-gazowe\/zrownowazone-cyfrowe-sieci-dystrybucji-gazuzrownowazone-cyfrowe-sieci-dystrybucji-gazu\/#breadcrumb\"},\"inLanguage\":\"pl-PL\",\"potentialAction\":[{\"@type\":\"ReadAction\",\"target\":[\"https:\/\/fiorentini-polska.com\/pl\/doswiadczenie\/inteligentne-sieci-gazowe\/zrownowazone-cyfrowe-sieci-dystrybucji-gazuzrownowazone-cyfrowe-sieci-dystrybucji-gazu\/\"]}]},{\"@type\":\"BreadcrumbList\",\"@id\":\"https:\/\/fiorentini-polska.com\/pl\/doswiadczenie\/inteligentne-sieci-gazowe\/zrownowazone-cyfrowe-sieci-dystrybucji-gazuzrownowazone-cyfrowe-sieci-dystrybucji-gazu\/#breadcrumb\",\"itemListElement\":[{\"@type\":\"ListItem\",\"position\":1,\"name\":\"Home\",\"item\":\"https:\/\/www.fiorentini-polska.com\/pl\/\"},{\"@type\":\"ListItem\",\"position\":2,\"name\":\"Do\u015bwiadczenie\",\"item\":\"https:\/\/fiorentini-polska.com\/pl\/doswiadczenie\/\"},{\"@type\":\"ListItem\",\"position\":3,\"name\":\"Inteligentne Sieci Gazowe\",\"item\":\"https:\/\/www.fiorentini-polska.com\/pl\/doswiadczenie\/inteligentne-sieci-gazowe\/\"},{\"@type\":\"ListItem\",\"position\":4,\"name\":\"Zr\u00f3wnowa\u017cone, cyfrowe sieci dystrybucji gazu\"}]},{\"@type\":\"WebSite\",\"@id\":\"https:\/\/fiorentini-polska.com\/pl\/#website\",\"url\":\"https:\/\/fiorentini-polska.com\/pl\/\",\"name\":\"Pietro Fiorentini Polska\",\"description\":\"Pietro Fiorentini projektuje i produkuje komponenty, systemy i us\u0142ugi do regulacji, pomiar\u00f3w i zarz\u0105dzania rop\u0105 naftow\u0105 i gazem.\",\"publisher\":{\"@id\":\"https:\/\/fiorentini-polska.com\/pl\/#organization\"},\"potentialAction\":[{\"@type\":\"SearchAction\",\"target\":{\"@type\":\"EntryPoint\",\"urlTemplate\":\"https:\/\/fiorentini-polska.com\/pl\/?s={search_term_string}\"},\"query-input\":{\"@type\":\"PropertyValueSpecification\",\"valueRequired\":true,\"valueName\":\"search_term_string\"}}],\"inLanguage\":\"pl-PL\"},{\"@type\":\"Organization\",\"@id\":\"https:\/\/fiorentini-polska.com\/pl\/#organization\",\"name\":\"Pietro Fiorentini Polska\",\"url\":\"https:\/\/fiorentini-polska.com\/pl\/\",\"logo\":{\"@type\":\"ImageObject\",\"inLanguage\":\"pl-PL\",\"@id\":\"https:\/\/fiorentini-polska.com\/pl\/#\/schema\/logo\/image\/\",\"url\":\"https:\/\/www.fiorentini-polska.com\/wp-content\/uploads\/2021\/07\/LOGO_CMYK_COLOR.png\",\"contentUrl\":\"https:\/\/www.fiorentini-polska.com\/wp-content\/uploads\/2021\/07\/LOGO_CMYK_COLOR.png\",\"width\":3077,\"height\":1259,\"caption\":\"Pietro Fiorentini Polska\"},\"image\":{\"@id\":\"https:\/\/fiorentini-polska.com\/pl\/#\/schema\/logo\/image\/\"},\"sameAs\":[\"https:\/\/x.com\/FiorentiniSpa\"]}]}<\/script>\n<!-- \/ Yoast SEO plugin. -->","yoast_head_json":{"title":"Zr\u00f3wnowa\u017cone, cyfrowe sieci dystrybucji gazu - Pietro Fiorentini","description":"Pietro Fiorentini od lat aktywnie bada i rozwija nowe rozwi\u0105zania, kt\u00f3re mog\u0105 by\u0107 wykorzystywane w inteligentnych sieciach, zw\u0142aszcza w sieciach gazu ziemnego.","robots":{"index":"index","follow":"follow","max-snippet":"max-snippet:-1","max-image-preview":"max-image-preview:large","max-video-preview":"max-video-preview:-1"},"canonical":"https:\/\/fiorentini-polska.com\/pl\/doswiadczenie\/inteligentne-sieci-gazowe\/zrownowazone-cyfrowe-sieci-dystrybucji-gazuzrownowazone-cyfrowe-sieci-dystrybucji-gazu\/","og_locale":"pl_PL","og_type":"article","og_title":"Zr\u00f3wnowa\u017cone, cyfrowe sieci dystrybucji gazu - Pietro Fiorentini","og_description":"Pietro Fiorentini od lat aktywnie bada i rozwija nowe rozwi\u0105zania, kt\u00f3re mog\u0105 by\u0107 wykorzystywane w inteligentnych sieciach, zw\u0142aszcza w sieciach gazu ziemnego.","og_url":"https:\/\/fiorentini-polska.com\/pl\/doswiadczenie\/inteligentne-sieci-gazowe\/zrownowazone-cyfrowe-sieci-dystrybucji-gazuzrownowazone-cyfrowe-sieci-dystrybucji-gazu\/","og_site_name":"Pietro Fiorentini","article_modified_time":"2024-02-28T10:23:57+00:00","twitter_card":"summary_large_image","twitter_site":"@FiorentiniSpa","twitter_misc":{"Szacowany czas czytania":"1 minuta"},"schema":{"@context":"https:\/\/schema.org","@graph":[{"@type":"WebPage","@id":"https:\/\/fiorentini-polska.com\/pl\/doswiadczenie\/inteligentne-sieci-gazowe\/zrownowazone-cyfrowe-sieci-dystrybucji-gazuzrownowazone-cyfrowe-sieci-dystrybucji-gazu\/","url":"https:\/\/fiorentini-polska.com\/pl\/doswiadczenie\/inteligentne-sieci-gazowe\/zrownowazone-cyfrowe-sieci-dystrybucji-gazuzrownowazone-cyfrowe-sieci-dystrybucji-gazu\/","name":"Zr\u00f3wnowa\u017cone, cyfrowe sieci dystrybucji gazu - Pietro Fiorentini","isPartOf":{"@id":"https:\/\/fiorentini-polska.com\/pl\/#website"},"datePublished":"2024-02-26T12:06:04+00:00","dateModified":"2024-02-28T10:23:57+00:00","description":"Pietro Fiorentini od lat aktywnie bada i rozwija nowe rozwi\u0105zania, kt\u00f3re mog\u0105 by\u0107 wykorzystywane w inteligentnych sieciach, zw\u0142aszcza w sieciach gazu ziemnego.","breadcrumb":{"@id":"https:\/\/fiorentini-polska.com\/pl\/doswiadczenie\/inteligentne-sieci-gazowe\/zrownowazone-cyfrowe-sieci-dystrybucji-gazuzrownowazone-cyfrowe-sieci-dystrybucji-gazu\/#breadcrumb"},"inLanguage":"pl-PL","potentialAction":[{"@type":"ReadAction","target":["https:\/\/fiorentini-polska.com\/pl\/doswiadczenie\/inteligentne-sieci-gazowe\/zrownowazone-cyfrowe-sieci-dystrybucji-gazuzrownowazone-cyfrowe-sieci-dystrybucji-gazu\/"]}]},{"@type":"BreadcrumbList","@id":"https:\/\/fiorentini-polska.com\/pl\/doswiadczenie\/inteligentne-sieci-gazowe\/zrownowazone-cyfrowe-sieci-dystrybucji-gazuzrownowazone-cyfrowe-sieci-dystrybucji-gazu\/#breadcrumb","itemListElement":[{"@type":"ListItem","position":1,"name":"Home","item":"https:\/\/www.fiorentini-polska.com\/pl\/"},{"@type":"ListItem","position":2,"name":"Do\u015bwiadczenie","item":"https:\/\/fiorentini-polska.com\/pl\/doswiadczenie\/"},{"@type":"ListItem","position":3,"name":"Inteligentne Sieci Gazowe","item":"https:\/\/www.fiorentini-polska.com\/pl\/doswiadczenie\/inteligentne-sieci-gazowe\/"},{"@type":"ListItem","position":4,"name":"Zr\u00f3wnowa\u017cone, cyfrowe sieci dystrybucji gazu"}]},{"@type":"WebSite","@id":"https:\/\/fiorentini-polska.com\/pl\/#website","url":"https:\/\/fiorentini-polska.com\/pl\/","name":"Pietro Fiorentini Polska","description":"Pietro Fiorentini projektuje i produkuje komponenty, systemy i us\u0142ugi do regulacji, pomiar\u00f3w i zarz\u0105dzania rop\u0105 naftow\u0105 i gazem.","publisher":{"@id":"https:\/\/fiorentini-polska.com\/pl\/#organization"},"potentialAction":[{"@type":"SearchAction","target":{"@type":"EntryPoint","urlTemplate":"https:\/\/fiorentini-polska.com\/pl\/?s={search_term_string}"},"query-input":{"@type":"PropertyValueSpecification","valueRequired":true,"valueName":"search_term_string"}}],"inLanguage":"pl-PL"},{"@type":"Organization","@id":"https:\/\/fiorentini-polska.com\/pl\/#organization","name":"Pietro Fiorentini Polska","url":"https:\/\/fiorentini-polska.com\/pl\/","logo":{"@type":"ImageObject","inLanguage":"pl-PL","@id":"https:\/\/fiorentini-polska.com\/pl\/#\/schema\/logo\/image\/","url":"https:\/\/www.fiorentini-polska.com\/wp-content\/uploads\/2021\/07\/LOGO_CMYK_COLOR.png","contentUrl":"https:\/\/www.fiorentini-polska.com\/wp-content\/uploads\/2021\/07\/LOGO_CMYK_COLOR.png","width":3077,"height":1259,"caption":"Pietro Fiorentini Polska"},"image":{"@id":"https:\/\/fiorentini-polska.com\/pl\/#\/schema\/logo\/image\/"},"sameAs":["https:\/\/x.com\/FiorentiniSpa"]}]}},"_links":{"self":[{"href":"https:\/\/fiorentini-polska.com\/pl\/wp-json\/wp\/v2\/pages\/27777","targetHints":{"allow":["GET"]}}],"collection":[{"href":"https:\/\/fiorentini-polska.com\/pl\/wp-json\/wp\/v2\/pages"}],"about":[{"href":"https:\/\/fiorentini-polska.com\/pl\/wp-json\/wp\/v2\/types\/page"}],"author":[{"embeddable":true,"href":"https:\/\/fiorentini-polska.com\/pl\/wp-json\/wp\/v2\/users\/15"}],"replies":[{"embeddable":true,"href":"https:\/\/fiorentini-polska.com\/pl\/wp-json\/wp\/v2\/comments?post=27777"}],"version-history":[{"count":2,"href":"https:\/\/fiorentini-polska.com\/pl\/wp-json\/wp\/v2\/pages\/27777\/revisions"}],"predecessor-version":[{"id":27813,"href":"https:\/\/fiorentini-polska.com\/pl\/wp-json\/wp\/v2\/pages\/27777\/revisions\/27813"}],"up":[{"embeddable":true,"href":"https:\/\/fiorentini-polska.com\/pl\/wp-json\/wp\/v2\/pages\/27754"}],"wp:attachment":[{"href":"https:\/\/fiorentini-polska.com\/pl\/wp-json\/wp\/v2\/media?parent=27777"}],"curies":[{"name":"wp","href":"https:\/\/api.w.org\/{rel}","templated":true}]}}