{"id":27754,"date":"2024-02-13T23:29:31","date_gmt":"2024-02-13T22:29:31","guid":{"rendered":"https:\/\/fiorentini-polska.com\/doswiadczenie\/smart-gas-grids\/"},"modified":"2024-03-13T09:59:20","modified_gmt":"2024-03-13T08:59:20","slug":"inteligentne-sieci-gazowe","status":"publish","type":"page","link":"https:\/\/fiorentini-polska.com\/pl\/doswiadczenie\/inteligentne-sieci-gazowe\/","title":{"rendered":"Inteligentne Sieci Gazowe"},"content":{"rendered":"\n<h2 class=\"wp-block-heading\"><strong>Samoreguluj\u0105ce sieci<\/strong><\/h2>\n\n\n\n<p><strong>Aktywne systemy<\/strong>, kt\u00f3re integruj\u0105 r\u00f3\u017cne rodzaje energii i <strong>samodzielnie<\/strong> <strong>podejmuj\u0105<\/strong> <strong>decyzje<\/strong> w celu optymalizacji dystrybucji energii. Inteligentne Sieci to ambitny projekt, dzi\u0119ki kt\u00f3remu w niedalekiej przysz\u0142o\u015bci energia b\u0119dzie rozprowadzana poprzez sieci zdolne do <strong>natychmiastowego<\/strong> <strong>zarz\u0105dzania i regulowania wielokrotnych, zmiennych i dwukierunkowych przep\u0142yw\u00f3w.<\/strong><br>\u00a0<\/p>\n\n\n\n<figure class=\"wp-block-image size-full is-resized\"><a href=\"https:\/\/fiorentini-polska.com\/pl\/grupa-pietro-fiorentini\/grupy-pf-oddzialy-i-marki\/#terranova\"><img loading=\"lazy\" decoding=\"async\" width=\"391\" height=\"60\" src=\"https:\/\/www.fiorentini-iberia.com\/wp-content\/uploads\/2021\/07\/Terranova-Logo-60px.png\" alt=\"\" class=\"wp-image-16336\" style=\"width:302px;height:auto\" srcset=\"https:\/\/fiorentini-polska.com\/wp-content\/uploads\/2021\/07\/Terranova-Logo-60px.png 391w, https:\/\/fiorentini-polska.com\/wp-content\/uploads\/2021\/07\/Terranova-Logo-60px-300x46.png 300w\" sizes=\"auto, (max-width: 391px) 100vw, 391px\" \/><\/a><\/figure>\n\n\n\n<p>Firma <a href=\"https:\/\/fiorentini-polska.com\/pl\/grupa-pietro-fiorentini\/grupy-pf-oddzialy-i-marki\/#terranova\"><strong><strong><a href=\"https:\/\/fiorentini-polska.com\/pl\/grupa-pietro-fiorentini\/grupy-pf-oddzialy-i-marki\/#terranova\">TERRANOVA<\/a><\/strong><\/strong><\/a> z <a href=\"https:\/\/fiorentini-polska.com\/pl\/grupa-pietro-fiorentini\/grupy-pf-oddzialy-i-marki\"><strong>Grupy Pietro Fiorentini<\/strong><\/a>, lider w rozwoju oprogramowania do inteligentnego opomiarowania, operacji i zarz\u0105dzania inteligentnymi sieciami, oferuje szerok\u0105 gam\u0119 oprogramowania opracowywanego ad hoc w odpowiedzi na z\u0142o\u017cone potrzeby sektora u\u017cyteczno\u015bci publicznej.<br>\u00a0<\/p>\n\n\n\n<figure class=\"wp-block-image size-large is-resized\"><img decoding=\"async\" src=\"https:\/\/www.fiorentini-iberia.com\/wp-content\/uploads\/2024\/02\/1213_t_tamm-logo-1024x324.png\" alt=\"\" class=\"wp-image-49464\" style=\"width:311px;height:auto\"\/><\/figure>\n\n\n\n<p><strong>TAMM <\/strong>to wielous\u0142ugowy system oprogramowania przeznaczony do automatyzacji proces\u00f3w <strong>zdalnego opomiarowania<\/strong> i <strong>zdalnego zarz\u0105dzania<\/strong> licznikami Gazu, Energii elektrycznej i Wody w scenariuszu <strong>inteligentnych pomiar\u00f3w<\/strong>. Aplikacja <strong>TAMM<\/strong> zosta\u0142a zaprojektowana, aby wspiera\u0107 Sp\u00f3\u0142ki Dystrybucyjne w zarz\u0105dzaniu procesami zwi\u0105zanymi ze zdalnym opomiarowaniem oraz zdalnym zarz\u0105dzaniem grupami pomiarowymi dostarczanych medi\u00f3w, zgodnie z ustalonymi standardami funkcjonalno\u015bci, wydajno\u015bci i bezpiecze\u0144stwa w r\u00f3\u017cnych scenariuszach zastosowa\u0144:&nbsp;<strong>Przemys\u0142owym, Handlowym i Mieszkaniowym<\/strong>.<\/p>\n\n\n\n<p>Wszystko to jest zintegrowane z technologi\u0105 <strong>Narrow Band Internet of Things technology (NBIoT)<\/strong>, najbardziej obiecuj\u0105c\u0105 technologi\u0105 komunikacyjn\u0105 do pomiaru medi\u00f3w.<br>&nbsp;<\/p>\n\n\n\n<div class=\"wp-block-buttons is-layout-flex wp-block-buttons-is-layout-flex\">\n<div class=\"wp-block-button has-custom-font-size is-style-fill\" style=\"font-size:18px\"><a class=\"wp-block-button__link has-background wp-element-button\" href=\"https:\/\/fiorentini-polska.com\/wp-content\/uploads\/2024\/03\/terranova-tamm-smart-metering-pdf.pdf\" style=\"border-radius:0px;background-color:#199782\" target=\"_blank\" rel=\"noreferrer noopener\"><strong>\u2013 Prezentacja TAMM<\/strong><\/a><\/div>\n<\/div>\n\n\n\n<p>&nbsp;<br>Dodatkowe informacje s\u0105 dost\u0119pne na stronie:&nbsp;<a href=\"https:\/\/www.terranovasoftware.eu\/en\" target=\"_blank\" rel=\"noreferrer noopener\"><strong>terranovasoftware.eu<\/strong><\/a><\/p>\n","protected":false},"excerpt":{"rendered":"<p>Inteligentne sieci energetyczne, kt\u00f3re integruj\u0105 r\u00f3\u017cne rodzaje energii i podejmuj\u0105 samodzielne decyzje w celu optymalizacji dystrybucji energii, s\u0105 ambitnym projektem, kt\u00f3ry w niedalekiej przysz\u0142o\u015bci b\u0119dzie zarz\u0105dza\u0142 energi\u0105 poprzez sieci zdolne do natychmiastowej regulacji wielu, nieci\u0105g\u0142ych i dwukierunkowych przep\u0142yw\u00f3w.<\/p>\n","protected":false},"author":15,"featured_media":23976,"parent":27546,"menu_order":4,"comment_status":"closed","ping_status":"closed","template":"template-expertise-child.php","meta":{"_acf_changed":false,"inline_featured_image":false,"footnotes":""},"class_list":["post-27754","page","type-page","status-publish","has-post-thumbnail","hentry"],"acf":[],"yoast_head":"<!-- This site is optimized with the Yoast SEO plugin v27.2 - https:\/\/yoast.com\/product\/yoast-seo-wordpress\/ -->\n<title>Inteligentne Sieci Gazowe - Pietro Fiorentini<\/title>\n<meta name=\"description\" content=\"Aktywne systemy, kt\u00f3re integruj\u0105 r\u00f3\u017cne rodzaje energii i samodzielnie podejmuj\u0105 decyzje w celu optymalizacji dystrybucji energii.\" \/>\n<meta name=\"robots\" content=\"index, follow, max-snippet:-1, max-image-preview:large, max-video-preview:-1\" \/>\n<link rel=\"canonical\" href=\"https:\/\/fiorentini-polska.com\/pl\/doswiadczenie\/inteligentne-sieci-gazowe\/\" \/>\n<meta property=\"og:locale\" content=\"pl_PL\" \/>\n<meta property=\"og:type\" content=\"article\" \/>\n<meta property=\"og:title\" content=\"Inteligentne Sieci Gazowe - Pietro Fiorentini\" \/>\n<meta property=\"og:description\" content=\"Aktywne systemy, kt\u00f3re integruj\u0105 r\u00f3\u017cne rodzaje energii i samodzielnie podejmuj\u0105 decyzje w celu optymalizacji dystrybucji energii.\" \/>\n<meta property=\"og:url\" content=\"https:\/\/fiorentini-polska.com\/pl\/doswiadczenie\/inteligentne-sieci-gazowe\/\" \/>\n<meta property=\"og:site_name\" content=\"Pietro Fiorentini\" \/>\n<meta property=\"article:modified_time\" content=\"2024-03-13T08:59:20+00:00\" \/>\n<meta property=\"og:image\" content=\"https:\/\/www.fiorentini-polska.com\/wp-content\/uploads\/2022\/09\/02_expertise_smartgrids.jpeg\" \/>\n\t<meta property=\"og:image:width\" content=\"991\" \/>\n\t<meta property=\"og:image:height\" content=\"991\" \/>\n\t<meta property=\"og:image:type\" content=\"image\/jpeg\" \/>\n<meta name=\"twitter:card\" content=\"summary_large_image\" \/>\n<meta name=\"twitter:site\" content=\"@FiorentiniSpa\" \/>\n<meta name=\"twitter:label1\" content=\"Szacowany czas czytania\" \/>\n\t<meta name=\"twitter:data1\" content=\"2 minuty\" \/>\n<script type=\"application\/ld+json\" class=\"yoast-schema-graph\">{\"@context\":\"https:\/\/schema.org\",\"@graph\":[{\"@type\":\"WebPage\",\"@id\":\"https:\/\/fiorentini-polska.com\/pl\/doswiadczenie\/inteligentne-sieci-gazowe\/\",\"url\":\"https:\/\/fiorentini-polska.com\/pl\/doswiadczenie\/inteligentne-sieci-gazowe\/\",\"name\":\"Inteligentne Sieci Gazowe - Pietro Fiorentini\",\"isPartOf\":{\"@id\":\"https:\/\/fiorentini-polska.com\/pl\/#website\"},\"primaryImageOfPage\":{\"@id\":\"https:\/\/fiorentini-polska.com\/pl\/doswiadczenie\/inteligentne-sieci-gazowe\/#primaryimage\"},\"image\":{\"@id\":\"https:\/\/fiorentini-polska.com\/pl\/doswiadczenie\/inteligentne-sieci-gazowe\/#primaryimage\"},\"thumbnailUrl\":\"https:\/\/fiorentini-polska.com\/wp-content\/uploads\/2022\/09\/02_expertise_smartgrids.jpeg\",\"datePublished\":\"2024-02-13T22:29:31+00:00\",\"dateModified\":\"2024-03-13T08:59:20+00:00\",\"description\":\"Aktywne systemy, kt\u00f3re integruj\u0105 r\u00f3\u017cne rodzaje energii i samodzielnie podejmuj\u0105 decyzje w celu optymalizacji dystrybucji energii.\",\"breadcrumb\":{\"@id\":\"https:\/\/fiorentini-polska.com\/pl\/doswiadczenie\/inteligentne-sieci-gazowe\/#breadcrumb\"},\"inLanguage\":\"pl-PL\",\"potentialAction\":[{\"@type\":\"ReadAction\",\"target\":[\"https:\/\/fiorentini-polska.com\/pl\/doswiadczenie\/inteligentne-sieci-gazowe\/\"]}]},{\"@type\":\"ImageObject\",\"inLanguage\":\"pl-PL\",\"@id\":\"https:\/\/fiorentini-polska.com\/pl\/doswiadczenie\/inteligentne-sieci-gazowe\/#primaryimage\",\"url\":\"https:\/\/fiorentini-polska.com\/wp-content\/uploads\/2022\/09\/02_expertise_smartgrids.jpeg\",\"contentUrl\":\"https:\/\/fiorentini-polska.com\/wp-content\/uploads\/2022\/09\/02_expertise_smartgrids.jpeg\",\"width\":991,\"height\":991},{\"@type\":\"BreadcrumbList\",\"@id\":\"https:\/\/fiorentini-polska.com\/pl\/doswiadczenie\/inteligentne-sieci-gazowe\/#breadcrumb\",\"itemListElement\":[{\"@type\":\"ListItem\",\"position\":1,\"name\":\"Home\",\"item\":\"https:\/\/www.fiorentini-polska.com\/pl\/\"},{\"@type\":\"ListItem\",\"position\":2,\"name\":\"Do\u015bwiadczenie\",\"item\":\"https:\/\/fiorentini-polska.com\/pl\/doswiadczenie\/\"},{\"@type\":\"ListItem\",\"position\":3,\"name\":\"Inteligentne Sieci Gazowe\"}]},{\"@type\":\"WebSite\",\"@id\":\"https:\/\/fiorentini-polska.com\/pl\/#website\",\"url\":\"https:\/\/fiorentini-polska.com\/pl\/\",\"name\":\"Pietro Fiorentini Polska\",\"description\":\"Pietro Fiorentini projektuje i produkuje komponenty, systemy i us\u0142ugi do regulacji, pomiar\u00f3w i zarz\u0105dzania rop\u0105 naftow\u0105 i gazem.\",\"publisher\":{\"@id\":\"https:\/\/fiorentini-polska.com\/pl\/#organization\"},\"potentialAction\":[{\"@type\":\"SearchAction\",\"target\":{\"@type\":\"EntryPoint\",\"urlTemplate\":\"https:\/\/fiorentini-polska.com\/pl\/?s={search_term_string}\"},\"query-input\":{\"@type\":\"PropertyValueSpecification\",\"valueRequired\":true,\"valueName\":\"search_term_string\"}}],\"inLanguage\":\"pl-PL\"},{\"@type\":\"Organization\",\"@id\":\"https:\/\/fiorentini-polska.com\/pl\/#organization\",\"name\":\"Pietro Fiorentini Polska\",\"url\":\"https:\/\/fiorentini-polska.com\/pl\/\",\"logo\":{\"@type\":\"ImageObject\",\"inLanguage\":\"pl-PL\",\"@id\":\"https:\/\/fiorentini-polska.com\/pl\/#\/schema\/logo\/image\/\",\"url\":\"https:\/\/www.fiorentini-polska.com\/wp-content\/uploads\/2021\/07\/LOGO_CMYK_COLOR.png\",\"contentUrl\":\"https:\/\/www.fiorentini-polska.com\/wp-content\/uploads\/2021\/07\/LOGO_CMYK_COLOR.png\",\"width\":3077,\"height\":1259,\"caption\":\"Pietro Fiorentini Polska\"},\"image\":{\"@id\":\"https:\/\/fiorentini-polska.com\/pl\/#\/schema\/logo\/image\/\"},\"sameAs\":[\"https:\/\/x.com\/FiorentiniSpa\"]}]}<\/script>\n<!-- \/ Yoast SEO plugin. -->","yoast_head_json":{"title":"Inteligentne Sieci Gazowe - Pietro Fiorentini","description":"Aktywne systemy, kt\u00f3re integruj\u0105 r\u00f3\u017cne rodzaje energii i samodzielnie podejmuj\u0105 decyzje w celu optymalizacji dystrybucji energii.","robots":{"index":"index","follow":"follow","max-snippet":"max-snippet:-1","max-image-preview":"max-image-preview:large","max-video-preview":"max-video-preview:-1"},"canonical":"https:\/\/fiorentini-polska.com\/pl\/doswiadczenie\/inteligentne-sieci-gazowe\/","og_locale":"pl_PL","og_type":"article","og_title":"Inteligentne Sieci Gazowe - Pietro Fiorentini","og_description":"Aktywne systemy, kt\u00f3re integruj\u0105 r\u00f3\u017cne rodzaje energii i samodzielnie podejmuj\u0105 decyzje w celu optymalizacji dystrybucji energii.","og_url":"https:\/\/fiorentini-polska.com\/pl\/doswiadczenie\/inteligentne-sieci-gazowe\/","og_site_name":"Pietro Fiorentini","article_modified_time":"2024-03-13T08:59:20+00:00","og_image":[{"width":991,"height":991,"url":"https:\/\/www.fiorentini-polska.com\/wp-content\/uploads\/2022\/09\/02_expertise_smartgrids.jpeg","type":"image\/jpeg"}],"twitter_card":"summary_large_image","twitter_site":"@FiorentiniSpa","twitter_misc":{"Szacowany czas czytania":"2 minuty"},"schema":{"@context":"https:\/\/schema.org","@graph":[{"@type":"WebPage","@id":"https:\/\/fiorentini-polska.com\/pl\/doswiadczenie\/inteligentne-sieci-gazowe\/","url":"https:\/\/fiorentini-polska.com\/pl\/doswiadczenie\/inteligentne-sieci-gazowe\/","name":"Inteligentne Sieci Gazowe - Pietro Fiorentini","isPartOf":{"@id":"https:\/\/fiorentini-polska.com\/pl\/#website"},"primaryImageOfPage":{"@id":"https:\/\/fiorentini-polska.com\/pl\/doswiadczenie\/inteligentne-sieci-gazowe\/#primaryimage"},"image":{"@id":"https:\/\/fiorentini-polska.com\/pl\/doswiadczenie\/inteligentne-sieci-gazowe\/#primaryimage"},"thumbnailUrl":"https:\/\/fiorentini-polska.com\/wp-content\/uploads\/2022\/09\/02_expertise_smartgrids.jpeg","datePublished":"2024-02-13T22:29:31+00:00","dateModified":"2024-03-13T08:59:20+00:00","description":"Aktywne systemy, kt\u00f3re integruj\u0105 r\u00f3\u017cne rodzaje energii i samodzielnie podejmuj\u0105 decyzje w celu optymalizacji dystrybucji energii.","breadcrumb":{"@id":"https:\/\/fiorentini-polska.com\/pl\/doswiadczenie\/inteligentne-sieci-gazowe\/#breadcrumb"},"inLanguage":"pl-PL","potentialAction":[{"@type":"ReadAction","target":["https:\/\/fiorentini-polska.com\/pl\/doswiadczenie\/inteligentne-sieci-gazowe\/"]}]},{"@type":"ImageObject","inLanguage":"pl-PL","@id":"https:\/\/fiorentini-polska.com\/pl\/doswiadczenie\/inteligentne-sieci-gazowe\/#primaryimage","url":"https:\/\/fiorentini-polska.com\/wp-content\/uploads\/2022\/09\/02_expertise_smartgrids.jpeg","contentUrl":"https:\/\/fiorentini-polska.com\/wp-content\/uploads\/2022\/09\/02_expertise_smartgrids.jpeg","width":991,"height":991},{"@type":"BreadcrumbList","@id":"https:\/\/fiorentini-polska.com\/pl\/doswiadczenie\/inteligentne-sieci-gazowe\/#breadcrumb","itemListElement":[{"@type":"ListItem","position":1,"name":"Home","item":"https:\/\/www.fiorentini-polska.com\/pl\/"},{"@type":"ListItem","position":2,"name":"Do\u015bwiadczenie","item":"https:\/\/fiorentini-polska.com\/pl\/doswiadczenie\/"},{"@type":"ListItem","position":3,"name":"Inteligentne Sieci Gazowe"}]},{"@type":"WebSite","@id":"https:\/\/fiorentini-polska.com\/pl\/#website","url":"https:\/\/fiorentini-polska.com\/pl\/","name":"Pietro Fiorentini Polska","description":"Pietro Fiorentini projektuje i produkuje komponenty, systemy i us\u0142ugi do regulacji, pomiar\u00f3w i zarz\u0105dzania rop\u0105 naftow\u0105 i gazem.","publisher":{"@id":"https:\/\/fiorentini-polska.com\/pl\/#organization"},"potentialAction":[{"@type":"SearchAction","target":{"@type":"EntryPoint","urlTemplate":"https:\/\/fiorentini-polska.com\/pl\/?s={search_term_string}"},"query-input":{"@type":"PropertyValueSpecification","valueRequired":true,"valueName":"search_term_string"}}],"inLanguage":"pl-PL"},{"@type":"Organization","@id":"https:\/\/fiorentini-polska.com\/pl\/#organization","name":"Pietro Fiorentini Polska","url":"https:\/\/fiorentini-polska.com\/pl\/","logo":{"@type":"ImageObject","inLanguage":"pl-PL","@id":"https:\/\/fiorentini-polska.com\/pl\/#\/schema\/logo\/image\/","url":"https:\/\/www.fiorentini-polska.com\/wp-content\/uploads\/2021\/07\/LOGO_CMYK_COLOR.png","contentUrl":"https:\/\/www.fiorentini-polska.com\/wp-content\/uploads\/2021\/07\/LOGO_CMYK_COLOR.png","width":3077,"height":1259,"caption":"Pietro Fiorentini Polska"},"image":{"@id":"https:\/\/fiorentini-polska.com\/pl\/#\/schema\/logo\/image\/"},"sameAs":["https:\/\/x.com\/FiorentiniSpa"]}]}},"_links":{"self":[{"href":"https:\/\/fiorentini-polska.com\/pl\/wp-json\/wp\/v2\/pages\/27754","targetHints":{"allow":["GET"]}}],"collection":[{"href":"https:\/\/fiorentini-polska.com\/pl\/wp-json\/wp\/v2\/pages"}],"about":[{"href":"https:\/\/fiorentini-polska.com\/pl\/wp-json\/wp\/v2\/types\/page"}],"author":[{"embeddable":true,"href":"https:\/\/fiorentini-polska.com\/pl\/wp-json\/wp\/v2\/users\/15"}],"replies":[{"embeddable":true,"href":"https:\/\/fiorentini-polska.com\/pl\/wp-json\/wp\/v2\/comments?post=27754"}],"version-history":[{"count":3,"href":"https:\/\/fiorentini-polska.com\/pl\/wp-json\/wp\/v2\/pages\/27754\/revisions"}],"predecessor-version":[{"id":28076,"href":"https:\/\/fiorentini-polska.com\/pl\/wp-json\/wp\/v2\/pages\/27754\/revisions\/28076"}],"up":[{"embeddable":true,"href":"https:\/\/fiorentini-polska.com\/pl\/wp-json\/wp\/v2\/pages\/27546"}],"wp:featuredmedia":[{"embeddable":true,"href":"https:\/\/fiorentini-polska.com\/pl\/wp-json\/wp\/v2\/media\/23976"}],"wp:attachment":[{"href":"https:\/\/fiorentini-polska.com\/pl\/wp-json\/wp\/v2\/media?parent=27754"}],"curies":[{"name":"wp","href":"https:\/\/api.w.org\/{rel}","templated":true}]}}