{"id":27749,"date":"2024-02-26T11:57:26","date_gmt":"2024-02-26T10:57:26","guid":{"rendered":"https:\/\/fiorentini-polska.com\/doswiadczenie\/przetwarzanie-energii-elektrycznej-w-gaz\/pietro-fiorentinis-complete-power-to-gas-solutions\/"},"modified":"2024-02-28T11:11:19","modified_gmt":"2024-02-28T10:11:19","slug":"kompletne-rozwiazania-power-to-gas-firmy-pietro-fiorentini","status":"publish","type":"page","link":"https:\/\/fiorentini-polska.com\/pl\/doswiadczenie\/przetwarzanie-energii-elektrycznej-w-gaz\/kompletne-rozwiazania-power-to-gas-firmy-pietro-fiorentini\/","title":{"rendered":"Kompletne rozwi\u0105zania Power-to-Gas firmy Pietro Fiorentini"},"content":{"rendered":"\n<p>80 lat do\u015bwiadczenia w przetwarzaniu gazu ziemnego w po\u0142\u0105czeniu z naszym zaanga\u017cowaniem w proces dekarbonizacji doprowadzi\u0142o nas do opracowania kompletnych rozwi\u0105za\u0144, pocz\u0105wszy od przetwarzania energii elektrycznej w metan, w celu przekszta\u0142cenia energii elektrycznej w zielony gaz zgodny z odpowiedni\u0105 infrastruktur\u0105, po biologiczne instalacje metanizacji.<\/p>\n\n\n\n<p><strong>Opr\u00f3cz rozwi\u0105za\u0144 typu &#8222;power-to-methane&#8221;<\/strong>, kt\u00f3re r\u00f3wnowa\u017c\u0105 te wysi\u0142ki, sprawiaj\u0105c, \u017ce produkowany <strong>zielony gaz jest w pe\u0142ni kompatybilny z odpowiedni\u0105 infrastruktur\u0105 od samego pocz\u0105tku<\/strong>, Pietro Fiorentini rozszerzy\u0142o ostatnio swoj\u0105 ofert\u0119 us\u0142ug o alternatywne biologiczne systemy metanizacji zaprojektowane w celu zaspokojenia potrzeb w <strong>zakresie produkcji energii<\/strong> odnawialnej w <strong>ma\u0142ych i \u015brednich zak\u0142adach<\/strong>.<\/p>\n\n\n\n<ol class=\"wp-block-list\">\n<li><a href=\"#biomethanation-systems\"><strong>Systemy biometanizacji<\/strong><\/a><\/li>\n\n\n\n<li><a href=\"#pietro-fiorentinis-commitment-to-energy-transition\"><strong>Zaanga\u017cowanie Pietro Fiorentiniego w transformacj\u0119 energetyczn\u0105<\/strong><\/a><\/li>\n<\/ol>\n\n\n\n<h3 class=\"wp-block-heading\" id=\"biomethanation-systems\">&nbsp;<br>Systemy biometanizacji<\/h3>\n\n\n\n<p>W procesie <strong>biometanizacji<\/strong> miliardy mikroorganizm\u00f3w <strong>metanogennych zwanych Archaea<\/strong> metabolizuj\u0105 wod\u00f3r i dwutlenek w\u0119gla do metanu i wody w \u015brodowisku beztlenowym.<\/p>\n\n\n\n<p>Proces ten jest szczeg\u00f3lnie odpowiedni tam, gdzie wymagana jest silna reaktywno\u015b\u0107, na przyk\u0142ad w przypadku przetwarzania energii na gaz, a tak\u017ce w przypadkach, gdy gazy zawieraj\u0105ce zanieczyszczenia s\u0105 przetwarzane przy u\u017cyciu tradycyjnych technologii, kt\u00f3re wymaga\u0142yby wst\u0119pnej obr\u00f3bki w celu unikni\u0119cia zatrucia katalizatora.<\/p>\n\n\n\n<p>Biometanizacja pozwala nam r\u00f3wnie\u017c wykorzysta\u0107 synergi\u0119 mi\u0119dzy instalacjami fermentacji <strong>beztlenowej power-to-gas i biogazu<\/strong>, poniewa\u017c obecny osad mo\u017ce by\u0107 wykorzystywany jako po\u017cywienie dla archeon\u00f3w.<\/p>\n\n\n\n<p>S\u0105 to innowacyjne rozwi\u0105zania, kt\u00f3re wzmacniaj\u0105 zaanga\u017cowanie Pietro Fiorentini w produkcj\u0119 zielonych moleku\u0142: <strong>nasze systemy uszlachetniania biogazu do biometanu<\/strong>, zdecentralizowane rozwi\u0105zania wtrysku gazu sieciowego i BiRemi\u2122 ju\u017c uruchomi\u0142y i nadal wspieraj\u0105 <strong>modernizacj\u0119 infrastruktury zaprojektowanej <\/strong>z my\u015bl\u0105 o transporcie i dystrybucji zielonego gazu.<br>&nbsp;<\/p>\n\n\n\n<h3 class=\"wp-block-heading\" id=\"pietro-fiorentinis-commitment-to-energy-transition\"><strong>Zaanga\u017cowanie Pietro Fiorentini w transformacj\u0119 energetyczn\u0105<\/strong><\/h3>\n\n\n\n<p>Power-to-gas jest obecnie jedn\u0105 z najbardziej obiecuj\u0105cych <strong>technologii u\u0142atwiaj\u0105cych transformacj\u0119 energetyczn\u0105<\/strong> i zgodno\u015b\u0107 z <a href=\"https:\/\/ec.europa.eu\/info\/strategy\/priorities-2019-2024\/european-green-deal_en\" target=\"_blank\" rel=\"noreferrer noopener\">Zielonym \u0141adem<\/a> podpisanym przez Uni\u0119 Europejsk\u0105, kt\u00f3ry przewiduje zerow\u0105 emisj\u0119 gaz\u00f3w cieplarnianych netto do 2050 r., z niezwykle wymagaj\u0105cymi celami po\u015brednimi na 2030 r. W rzeczywisto\u015bci wykorzystanie istniej\u0105cej infrastruktury gazowej pozwoli na powszechne udost\u0119pnienie du\u017cych ilo\u015bci energii.<\/p>\n\n\n\n<p>W rzeczywisto\u015bci wykorzystanie istniej\u0105cej infrastruktury gazowej umo\u017cliwi szerokie udost\u0119pnienie <strong>du\u017cych ilo\u015bci energii<\/strong>, w kierunku dekarbonizacji i defosforyzacji system\u00f3w gazowych osadzonych w infrastrukturze energetycznej. To holistyczna wizja zgodna z polityk\u0105 Pietro Fiorentini. W zwi\u0105zku z tym b\u0119dzie ona obejmowa\u0107 nie tylko <strong>zak\u0142ady i technologie oczyszczania gazu<\/strong>, ale tak\u017ce projekty zdolne do uwzgl\u0119dnienia wszystkich rozwi\u0105za\u0144 niezb\u0119dnych do osi\u0105gni\u0119cia odporno\u015bci systemu w jednym \u015brodowisku i spe\u0142nienia nowych wymaga\u0144 w <strong>zakresie r\u00f3wnowa\u017cenia poda\u017cy i popytu na energi\u0119<\/strong>.<\/p>\n","protected":false},"excerpt":{"rendered":"<p>80 lat do\u015bwiadczenia w przetwarzaniu gazu ziemnego w po\u0142\u0105czeniu z naszym zaanga\u017cowaniem w proces dekarbonizacji doprowadzi\u0142o nas do opracowania kompletnych rozwi\u0105za\u0144, pocz\u0105wszy od przetwarzania energii elektrycznej w metan, w celu przekszta\u0142cenia energii elektrycznej w zielony gaz zgodny z odpowiedni\u0105 infrastruktur\u0105, po biologiczne instalacje metanizacji.<\/p>\n","protected":false},"author":15,"featured_media":0,"parent":27726,"menu_order":0,"comment_status":"closed","ping_status":"closed","template":"template-expertise-post.php","meta":{"_acf_changed":false,"inline_featured_image":false,"footnotes":""},"class_list":["post-27749","page","type-page","status-publish","hentry"],"acf":[],"yoast_head":"<!-- This site is optimized with the Yoast SEO plugin v27.2 - https:\/\/yoast.com\/product\/yoast-seo-wordpress\/ -->\n<title>Kompletne rozwi\u0105zania Power-to-Gas firmy Pietro Fiorentini - Pietro Fiorentini<\/title>\n<meta name=\"description\" content=\"80 lat do\u015bwiadczenia w przetwarzaniu gazu ziemnego w po\u0142\u0105czeniu z naszym zaanga\u017cowaniem w proces dekarbonizacji doprowadzi\u0142o nas do opracowania kompletnych rozwi\u0105za\u0144.\" \/>\n<meta name=\"robots\" content=\"index, follow, max-snippet:-1, max-image-preview:large, max-video-preview:-1\" \/>\n<link rel=\"canonical\" href=\"https:\/\/fiorentini-polska.com\/pl\/doswiadczenie\/przetwarzanie-energii-elektrycznej-w-gaz\/kompletne-rozwiazania-power-to-gas-firmy-pietro-fiorentini\/\" \/>\n<meta property=\"og:locale\" content=\"pl_PL\" \/>\n<meta property=\"og:type\" content=\"article\" \/>\n<meta property=\"og:title\" content=\"Kompletne rozwi\u0105zania Power-to-Gas firmy Pietro Fiorentini - Pietro Fiorentini\" \/>\n<meta property=\"og:description\" content=\"80 lat do\u015bwiadczenia w przetwarzaniu gazu ziemnego w po\u0142\u0105czeniu z naszym zaanga\u017cowaniem w proces dekarbonizacji doprowadzi\u0142o nas do opracowania kompletnych rozwi\u0105za\u0144.\" \/>\n<meta property=\"og:url\" content=\"https:\/\/fiorentini-polska.com\/pl\/doswiadczenie\/przetwarzanie-energii-elektrycznej-w-gaz\/kompletne-rozwiazania-power-to-gas-firmy-pietro-fiorentini\/\" \/>\n<meta property=\"og:site_name\" content=\"Pietro Fiorentini\" \/>\n<meta property=\"article:modified_time\" content=\"2024-02-28T10:11:19+00:00\" \/>\n<meta name=\"twitter:card\" content=\"summary_large_image\" \/>\n<meta name=\"twitter:site\" content=\"@FiorentiniSpa\" \/>\n<meta name=\"twitter:label1\" content=\"Szacowany czas czytania\" \/>\n\t<meta name=\"twitter:data1\" content=\"2 minuty\" \/>\n<script type=\"application\/ld+json\" class=\"yoast-schema-graph\">{\"@context\":\"https:\/\/schema.org\",\"@graph\":[{\"@type\":\"WebPage\",\"@id\":\"https:\/\/fiorentini-polska.com\/pl\/doswiadczenie\/przetwarzanie-energii-elektrycznej-w-gaz\/kompletne-rozwiazania-power-to-gas-firmy-pietro-fiorentini\/\",\"url\":\"https:\/\/fiorentini-polska.com\/pl\/doswiadczenie\/przetwarzanie-energii-elektrycznej-w-gaz\/kompletne-rozwiazania-power-to-gas-firmy-pietro-fiorentini\/\",\"name\":\"Kompletne rozwi\u0105zania Power-to-Gas firmy Pietro Fiorentini - Pietro Fiorentini\",\"isPartOf\":{\"@id\":\"https:\/\/fiorentini-polska.com\/pl\/#website\"},\"datePublished\":\"2024-02-26T10:57:26+00:00\",\"dateModified\":\"2024-02-28T10:11:19+00:00\",\"description\":\"80 lat do\u015bwiadczenia w przetwarzaniu gazu ziemnego w po\u0142\u0105czeniu z naszym zaanga\u017cowaniem w proces dekarbonizacji doprowadzi\u0142o nas do opracowania kompletnych rozwi\u0105za\u0144.\",\"breadcrumb\":{\"@id\":\"https:\/\/fiorentini-polska.com\/pl\/doswiadczenie\/przetwarzanie-energii-elektrycznej-w-gaz\/kompletne-rozwiazania-power-to-gas-firmy-pietro-fiorentini\/#breadcrumb\"},\"inLanguage\":\"pl-PL\",\"potentialAction\":[{\"@type\":\"ReadAction\",\"target\":[\"https:\/\/fiorentini-polska.com\/pl\/doswiadczenie\/przetwarzanie-energii-elektrycznej-w-gaz\/kompletne-rozwiazania-power-to-gas-firmy-pietro-fiorentini\/\"]}]},{\"@type\":\"BreadcrumbList\",\"@id\":\"https:\/\/fiorentini-polska.com\/pl\/doswiadczenie\/przetwarzanie-energii-elektrycznej-w-gaz\/kompletne-rozwiazania-power-to-gas-firmy-pietro-fiorentini\/#breadcrumb\",\"itemListElement\":[{\"@type\":\"ListItem\",\"position\":1,\"name\":\"Home\",\"item\":\"https:\/\/www.fiorentini-polska.com\/pl\/\"},{\"@type\":\"ListItem\",\"position\":2,\"name\":\"Do\u015bwiadczenie\",\"item\":\"https:\/\/fiorentini-polska.com\/pl\/doswiadczenie\/\"},{\"@type\":\"ListItem\",\"position\":3,\"name\":\"Przetwarzanie energii elektrycznej w gaz\",\"item\":\"https:\/\/www.fiorentini-polska.com\/pl\/doswiadczenie\/przetwarzanie-energii-elektrycznej-w-gaz\/\"},{\"@type\":\"ListItem\",\"position\":4,\"name\":\"Kompletne rozwi\u0105zania Power-to-Gas firmy Pietro Fiorentini\"}]},{\"@type\":\"WebSite\",\"@id\":\"https:\/\/fiorentini-polska.com\/pl\/#website\",\"url\":\"https:\/\/fiorentini-polska.com\/pl\/\",\"name\":\"Pietro Fiorentini Polska\",\"description\":\"Pietro Fiorentini projektuje i produkuje komponenty, systemy i us\u0142ugi do regulacji, pomiar\u00f3w i zarz\u0105dzania rop\u0105 naftow\u0105 i gazem.\",\"publisher\":{\"@id\":\"https:\/\/fiorentini-polska.com\/pl\/#organization\"},\"potentialAction\":[{\"@type\":\"SearchAction\",\"target\":{\"@type\":\"EntryPoint\",\"urlTemplate\":\"https:\/\/fiorentini-polska.com\/pl\/?s={search_term_string}\"},\"query-input\":{\"@type\":\"PropertyValueSpecification\",\"valueRequired\":true,\"valueName\":\"search_term_string\"}}],\"inLanguage\":\"pl-PL\"},{\"@type\":\"Organization\",\"@id\":\"https:\/\/fiorentini-polska.com\/pl\/#organization\",\"name\":\"Pietro Fiorentini Polska\",\"url\":\"https:\/\/fiorentini-polska.com\/pl\/\",\"logo\":{\"@type\":\"ImageObject\",\"inLanguage\":\"pl-PL\",\"@id\":\"https:\/\/fiorentini-polska.com\/pl\/#\/schema\/logo\/image\/\",\"url\":\"https:\/\/www.fiorentini-polska.com\/wp-content\/uploads\/2021\/07\/LOGO_CMYK_COLOR.png\",\"contentUrl\":\"https:\/\/www.fiorentini-polska.com\/wp-content\/uploads\/2021\/07\/LOGO_CMYK_COLOR.png\",\"width\":3077,\"height\":1259,\"caption\":\"Pietro Fiorentini Polska\"},\"image\":{\"@id\":\"https:\/\/fiorentini-polska.com\/pl\/#\/schema\/logo\/image\/\"},\"sameAs\":[\"https:\/\/x.com\/FiorentiniSpa\"]}]}<\/script>\n<!-- \/ Yoast SEO plugin. -->","yoast_head_json":{"title":"Kompletne rozwi\u0105zania Power-to-Gas firmy Pietro Fiorentini - Pietro Fiorentini","description":"80 lat do\u015bwiadczenia w przetwarzaniu gazu ziemnego w po\u0142\u0105czeniu z naszym zaanga\u017cowaniem w proces dekarbonizacji doprowadzi\u0142o nas do opracowania kompletnych rozwi\u0105za\u0144.","robots":{"index":"index","follow":"follow","max-snippet":"max-snippet:-1","max-image-preview":"max-image-preview:large","max-video-preview":"max-video-preview:-1"},"canonical":"https:\/\/fiorentini-polska.com\/pl\/doswiadczenie\/przetwarzanie-energii-elektrycznej-w-gaz\/kompletne-rozwiazania-power-to-gas-firmy-pietro-fiorentini\/","og_locale":"pl_PL","og_type":"article","og_title":"Kompletne rozwi\u0105zania Power-to-Gas firmy Pietro Fiorentini - Pietro Fiorentini","og_description":"80 lat do\u015bwiadczenia w przetwarzaniu gazu ziemnego w po\u0142\u0105czeniu z naszym zaanga\u017cowaniem w proces dekarbonizacji doprowadzi\u0142o nas do opracowania kompletnych rozwi\u0105za\u0144.","og_url":"https:\/\/fiorentini-polska.com\/pl\/doswiadczenie\/przetwarzanie-energii-elektrycznej-w-gaz\/kompletne-rozwiazania-power-to-gas-firmy-pietro-fiorentini\/","og_site_name":"Pietro Fiorentini","article_modified_time":"2024-02-28T10:11:19+00:00","twitter_card":"summary_large_image","twitter_site":"@FiorentiniSpa","twitter_misc":{"Szacowany czas czytania":"2 minuty"},"schema":{"@context":"https:\/\/schema.org","@graph":[{"@type":"WebPage","@id":"https:\/\/fiorentini-polska.com\/pl\/doswiadczenie\/przetwarzanie-energii-elektrycznej-w-gaz\/kompletne-rozwiazania-power-to-gas-firmy-pietro-fiorentini\/","url":"https:\/\/fiorentini-polska.com\/pl\/doswiadczenie\/przetwarzanie-energii-elektrycznej-w-gaz\/kompletne-rozwiazania-power-to-gas-firmy-pietro-fiorentini\/","name":"Kompletne rozwi\u0105zania Power-to-Gas firmy Pietro Fiorentini - Pietro Fiorentini","isPartOf":{"@id":"https:\/\/fiorentini-polska.com\/pl\/#website"},"datePublished":"2024-02-26T10:57:26+00:00","dateModified":"2024-02-28T10:11:19+00:00","description":"80 lat do\u015bwiadczenia w przetwarzaniu gazu ziemnego w po\u0142\u0105czeniu z naszym zaanga\u017cowaniem w proces dekarbonizacji doprowadzi\u0142o nas do opracowania kompletnych rozwi\u0105za\u0144.","breadcrumb":{"@id":"https:\/\/fiorentini-polska.com\/pl\/doswiadczenie\/przetwarzanie-energii-elektrycznej-w-gaz\/kompletne-rozwiazania-power-to-gas-firmy-pietro-fiorentini\/#breadcrumb"},"inLanguage":"pl-PL","potentialAction":[{"@type":"ReadAction","target":["https:\/\/fiorentini-polska.com\/pl\/doswiadczenie\/przetwarzanie-energii-elektrycznej-w-gaz\/kompletne-rozwiazania-power-to-gas-firmy-pietro-fiorentini\/"]}]},{"@type":"BreadcrumbList","@id":"https:\/\/fiorentini-polska.com\/pl\/doswiadczenie\/przetwarzanie-energii-elektrycznej-w-gaz\/kompletne-rozwiazania-power-to-gas-firmy-pietro-fiorentini\/#breadcrumb","itemListElement":[{"@type":"ListItem","position":1,"name":"Home","item":"https:\/\/www.fiorentini-polska.com\/pl\/"},{"@type":"ListItem","position":2,"name":"Do\u015bwiadczenie","item":"https:\/\/fiorentini-polska.com\/pl\/doswiadczenie\/"},{"@type":"ListItem","position":3,"name":"Przetwarzanie energii elektrycznej w gaz","item":"https:\/\/www.fiorentini-polska.com\/pl\/doswiadczenie\/przetwarzanie-energii-elektrycznej-w-gaz\/"},{"@type":"ListItem","position":4,"name":"Kompletne rozwi\u0105zania Power-to-Gas firmy Pietro Fiorentini"}]},{"@type":"WebSite","@id":"https:\/\/fiorentini-polska.com\/pl\/#website","url":"https:\/\/fiorentini-polska.com\/pl\/","name":"Pietro Fiorentini Polska","description":"Pietro Fiorentini projektuje i produkuje komponenty, systemy i us\u0142ugi do regulacji, pomiar\u00f3w i zarz\u0105dzania rop\u0105 naftow\u0105 i gazem.","publisher":{"@id":"https:\/\/fiorentini-polska.com\/pl\/#organization"},"potentialAction":[{"@type":"SearchAction","target":{"@type":"EntryPoint","urlTemplate":"https:\/\/fiorentini-polska.com\/pl\/?s={search_term_string}"},"query-input":{"@type":"PropertyValueSpecification","valueRequired":true,"valueName":"search_term_string"}}],"inLanguage":"pl-PL"},{"@type":"Organization","@id":"https:\/\/fiorentini-polska.com\/pl\/#organization","name":"Pietro Fiorentini Polska","url":"https:\/\/fiorentini-polska.com\/pl\/","logo":{"@type":"ImageObject","inLanguage":"pl-PL","@id":"https:\/\/fiorentini-polska.com\/pl\/#\/schema\/logo\/image\/","url":"https:\/\/www.fiorentini-polska.com\/wp-content\/uploads\/2021\/07\/LOGO_CMYK_COLOR.png","contentUrl":"https:\/\/www.fiorentini-polska.com\/wp-content\/uploads\/2021\/07\/LOGO_CMYK_COLOR.png","width":3077,"height":1259,"caption":"Pietro Fiorentini Polska"},"image":{"@id":"https:\/\/fiorentini-polska.com\/pl\/#\/schema\/logo\/image\/"},"sameAs":["https:\/\/x.com\/FiorentiniSpa"]}]}},"_links":{"self":[{"href":"https:\/\/fiorentini-polska.com\/pl\/wp-json\/wp\/v2\/pages\/27749","targetHints":{"allow":["GET"]}}],"collection":[{"href":"https:\/\/fiorentini-polska.com\/pl\/wp-json\/wp\/v2\/pages"}],"about":[{"href":"https:\/\/fiorentini-polska.com\/pl\/wp-json\/wp\/v2\/types\/page"}],"author":[{"embeddable":true,"href":"https:\/\/fiorentini-polska.com\/pl\/wp-json\/wp\/v2\/users\/15"}],"replies":[{"embeddable":true,"href":"https:\/\/fiorentini-polska.com\/pl\/wp-json\/wp\/v2\/comments?post=27749"}],"version-history":[{"count":3,"href":"https:\/\/fiorentini-polska.com\/pl\/wp-json\/wp\/v2\/pages\/27749\/revisions"}],"predecessor-version":[{"id":27811,"href":"https:\/\/fiorentini-polska.com\/pl\/wp-json\/wp\/v2\/pages\/27749\/revisions\/27811"}],"up":[{"embeddable":true,"href":"https:\/\/fiorentini-polska.com\/pl\/wp-json\/wp\/v2\/pages\/27726"}],"wp:attachment":[{"href":"https:\/\/fiorentini-polska.com\/pl\/wp-json\/wp\/v2\/media?parent=27749"}],"curies":[{"name":"wp","href":"https:\/\/api.w.org\/{rel}","templated":true}]}}