{"id":27742,"date":"2024-02-26T11:41:47","date_gmt":"2024-02-26T10:41:47","guid":{"rendered":"https:\/\/fiorentini-polska.com\/doswiadczenie\/przetwarzanie-energii-elektrycznej-w-gaz\/from-electricity-to-green-gas\/"},"modified":"2024-02-28T12:47:12","modified_gmt":"2024-02-28T11:47:12","slug":"od-energii-elektrycznej-do-zielonego-gazu","status":"publish","type":"page","link":"https:\/\/fiorentini-polska.com\/pl\/doswiadczenie\/przetwarzanie-energii-elektrycznej-w-gaz\/od-energii-elektrycznej-do-zielonego-gazu\/","title":{"rendered":"Od energii elektrycznej do zielonego gazu"},"content":{"rendered":"\n<p>Technologia Power-to-Gas wykorzystuje zjawisko <strong>elektrolizy<\/strong>: nadmiar energii z farm wiatrowych, p\u00f3l fotowoltaicznych i przeci\u0105\u017cenia infrastruktury elektrycznej jest wykorzystywany do rozbijania wi\u0105za\u0144 cz\u0105steczek wody i <strong>produkcji wodoru<\/strong>.<\/p>\n\n\n\n<p>Zielony wod\u00f3r mo\u017ce by\u0107 <strong>przetwarzany na miejscu<\/strong>, gdzie jest zu\u017cywany, na przyk\u0142ad w sektorze motoryzacyjnym, <strong>lub transportowany do punktu u\u017cytkowania<\/strong> za po\u015brednictwem nowej dedykowanej infrastruktury lub, alternatywnie, przy u\u017cyciu istniej\u0105cej sieci gazowej (do dozwolonych procent\u00f3w zgodno\u015bci).<\/p>\n\n\n\n<p>Infrastruktura ta ewoluuje, aby m\u00f3c przyjmowa\u0107 coraz wi\u0119ksze ilo\u015bci wodoru, kt\u00f3ry mo\u017ce by\u0107 wprowadzany do sieci dzi\u0119ki zastosowaniu <strong>system\u00f3w mieszania<\/strong>. Jest to ograniczenie technologiczne, kt\u00f3re mo\u017cna teraz ca\u0142kowicie przezwyci\u0119\u017cy\u0107 dzi\u0119ki rozwi\u0105zaniom <strong>typu power-to-methane (P2M)<\/strong>.<\/p>\n\n\n\n<p>W rzeczywisto\u015bci <strong>mo\u017cemy przekszta\u0142ci\u0107 wod\u00f3r wytwarzany z energii elektrycznej<\/strong> w metan i wod\u0119, wykorzystuj\u0105c reakcj\u0119 Sabatiera przy u\u017cyciu zewn\u0119trznego \u017ar\u00f3d\u0142a dwutlenku w\u0119gla. Ten proces metanizacji, kt\u00f3ry mo\u017ce odbywa\u0107 si\u0119 na drodze <strong>biologicznej lub katalitycznej<\/strong>, wytwarza cenny no\u015bnik energii, kt\u00f3ry ma takie same w\u0142a\u015bciwo\u015bci jak tradycyjny gaz ziemny, a zatem mo\u017ce by\u0107 <strong>transportowany i przechowywany w podobny spos\u00f3b<\/strong>.<\/p>\n\n\n\n<p><strong>Je\u015bli wykorzystywany dwutlenek<\/strong> w\u0119gla jest pochodzenia odnawialnego (biogaz, procesy fermentacji biologicznej itp.), zielone cz\u0105steczki uzyskane w procesie metanizacji s\u0105 <strong>uwa\u017cane za biometan<\/strong>.<br>&nbsp;<\/p>\n\n\n<div class=\"wp-block-image\">\n<figure class=\"aligncenter size-full is-resized\"><img loading=\"lazy\" decoding=\"async\" width=\"2133\" height=\"856\" src=\"https:\/\/fiorentini-polska.com\/wp-content\/uploads\/2024\/02\/Expertise_Powertogas_1ENG-EXPPAG-1024x411-PK-1.jpg\" alt=\"Magazynowanie energii odnawialnej przy u\u017cyciu technologii Power-to-gas\" class=\"wp-image-27817\" style=\"width:1119px;height:auto\" srcset=\"https:\/\/fiorentini-polska.com\/wp-content\/uploads\/2024\/02\/Expertise_Powertogas_1ENG-EXPPAG-1024x411-PK-1.jpg 2133w, https:\/\/fiorentini-polska.com\/wp-content\/uploads\/2024\/02\/Expertise_Powertogas_1ENG-EXPPAG-1024x411-PK-1-300x120.jpg 300w, https:\/\/fiorentini-polska.com\/wp-content\/uploads\/2024\/02\/Expertise_Powertogas_1ENG-EXPPAG-1024x411-PK-1-1024x411.jpg 1024w, https:\/\/fiorentini-polska.com\/wp-content\/uploads\/2024\/02\/Expertise_Powertogas_1ENG-EXPPAG-1024x411-PK-1-768x308.jpg 768w, https:\/\/fiorentini-polska.com\/wp-content\/uploads\/2024\/02\/Expertise_Powertogas_1ENG-EXPPAG-1024x411-PK-1-1536x616.jpg 1536w, https:\/\/fiorentini-polska.com\/wp-content\/uploads\/2024\/02\/Expertise_Powertogas_1ENG-EXPPAG-1024x411-PK-1-2048x822.jpg 2048w\" sizes=\"auto, (max-width: 2133px) 100vw, 2133px\" \/><\/figure>\n<\/div>\n\n\n<p class=\"has-text-align-center has-cyan-bluish-gray-color has-text-color has-link-color wp-elements-3b0f5ab467cd3d8250c369f45ee34381\"><em>Magazynowanie energii odnawialnej przy u\u017cyciu technologii Power-to-gas<\/em><\/p>\n","protected":false},"excerpt":{"rendered":"<p>Technologia Power-to-Gas wykorzystuje zjawisko elektrolizy: nadmiar odnawialnej energii elektrycznej z farm wiatrowych, p\u00f3l fotowoltaicznych i przeci\u0105\u017cenia infrastruktury elektrycznej jest wykorzystywany do rozbijania wi\u0105za\u0144 cz\u0105steczek wody i produkcji wodoru, kt\u00f3ry mo\u017ce by\u0107 przetwarzany na miejscu lub transportowany do innych miejsc.<\/p>\n","protected":false},"author":15,"featured_media":0,"parent":27726,"menu_order":0,"comment_status":"closed","ping_status":"closed","template":"template-expertise-post.php","meta":{"_acf_changed":false,"inline_featured_image":false,"footnotes":""},"class_list":["post-27742","page","type-page","status-publish","hentry"],"acf":[],"yoast_head":"<!-- This site is optimized with the Yoast SEO plugin v27.2 - https:\/\/yoast.com\/product\/yoast-seo-wordpress\/ -->\n<title>Od energii elektrycznej do zielonego gazu - Pietro Fiorentini<\/title>\n<meta name=\"description\" content=\"Technologia Power-to-Gas wykorzystuje zjawisko elektrolizy: nadmiar energii z farm wiatrowych, p\u00f3l fotowoltaicznych i przeci\u0105\u017cenia infrastruktury elektrycznej jest wykorzystywany do rozbijania wi\u0105za\u0144 cz\u0105steczek wody i produkcji wodoru.\" \/>\n<meta name=\"robots\" content=\"index, follow, max-snippet:-1, max-image-preview:large, max-video-preview:-1\" \/>\n<link rel=\"canonical\" href=\"https:\/\/fiorentini-polska.com\/pl\/doswiadczenie\/przetwarzanie-energii-elektrycznej-w-gaz\/od-energii-elektrycznej-do-zielonego-gazu\/\" \/>\n<meta property=\"og:locale\" content=\"pl_PL\" \/>\n<meta property=\"og:type\" content=\"article\" \/>\n<meta property=\"og:title\" content=\"Od energii elektrycznej do zielonego gazu - Pietro Fiorentini\" \/>\n<meta property=\"og:description\" content=\"Technologia Power-to-Gas wykorzystuje zjawisko elektrolizy: nadmiar energii z farm wiatrowych, p\u00f3l fotowoltaicznych i przeci\u0105\u017cenia infrastruktury elektrycznej jest wykorzystywany do rozbijania wi\u0105za\u0144 cz\u0105steczek wody i produkcji wodoru.\" \/>\n<meta property=\"og:url\" content=\"https:\/\/fiorentini-polska.com\/pl\/doswiadczenie\/przetwarzanie-energii-elektrycznej-w-gaz\/od-energii-elektrycznej-do-zielonego-gazu\/\" \/>\n<meta property=\"og:site_name\" content=\"Pietro Fiorentini\" \/>\n<meta property=\"article:modified_time\" content=\"2024-02-28T11:47:12+00:00\" \/>\n<meta property=\"og:image\" content=\"https:\/\/fiorentini-polska.com\/wp-content\/uploads\/2024\/02\/Expertise_Powertogas_1ENG-EXPPAG-1024x411-PK-1.jpg\" \/>\n<meta name=\"twitter:card\" content=\"summary_large_image\" \/>\n<meta name=\"twitter:site\" content=\"@FiorentiniSpa\" \/>\n<meta name=\"twitter:label1\" content=\"Szacowany czas czytania\" \/>\n\t<meta name=\"twitter:data1\" content=\"1 minuta\" \/>\n<script type=\"application\/ld+json\" class=\"yoast-schema-graph\">{\"@context\":\"https:\/\/schema.org\",\"@graph\":[{\"@type\":\"WebPage\",\"@id\":\"https:\/\/fiorentini-polska.com\/pl\/doswiadczenie\/przetwarzanie-energii-elektrycznej-w-gaz\/od-energii-elektrycznej-do-zielonego-gazu\/\",\"url\":\"https:\/\/fiorentini-polska.com\/pl\/doswiadczenie\/przetwarzanie-energii-elektrycznej-w-gaz\/od-energii-elektrycznej-do-zielonego-gazu\/\",\"name\":\"Od energii elektrycznej do zielonego gazu - Pietro Fiorentini\",\"isPartOf\":{\"@id\":\"https:\/\/www.fiorentini-polska.com\/pl\/#website\"},\"primaryImageOfPage\":{\"@id\":\"https:\/\/fiorentini-polska.com\/pl\/doswiadczenie\/przetwarzanie-energii-elektrycznej-w-gaz\/od-energii-elektrycznej-do-zielonego-gazu\/#primaryimage\"},\"image\":{\"@id\":\"https:\/\/fiorentini-polska.com\/pl\/doswiadczenie\/przetwarzanie-energii-elektrycznej-w-gaz\/od-energii-elektrycznej-do-zielonego-gazu\/#primaryimage\"},\"thumbnailUrl\":\"https:\/\/fiorentini-polska.com\/wp-content\/uploads\/2024\/02\/Expertise_Powertogas_1ENG-EXPPAG-1024x411-PK-1.jpg\",\"datePublished\":\"2024-02-26T10:41:47+00:00\",\"dateModified\":\"2024-02-28T11:47:12+00:00\",\"description\":\"Technologia Power-to-Gas wykorzystuje zjawisko elektrolizy: nadmiar energii z farm wiatrowych, p\u00f3l fotowoltaicznych i przeci\u0105\u017cenia infrastruktury elektrycznej jest wykorzystywany do rozbijania wi\u0105za\u0144 cz\u0105steczek wody i produkcji wodoru.\",\"breadcrumb\":{\"@id\":\"https:\/\/fiorentini-polska.com\/pl\/doswiadczenie\/przetwarzanie-energii-elektrycznej-w-gaz\/od-energii-elektrycznej-do-zielonego-gazu\/#breadcrumb\"},\"inLanguage\":\"pl-PL\",\"potentialAction\":[{\"@type\":\"ReadAction\",\"target\":[\"https:\/\/fiorentini-polska.com\/pl\/doswiadczenie\/przetwarzanie-energii-elektrycznej-w-gaz\/od-energii-elektrycznej-do-zielonego-gazu\/\"]}]},{\"@type\":\"ImageObject\",\"inLanguage\":\"pl-PL\",\"@id\":\"https:\/\/fiorentini-polska.com\/pl\/doswiadczenie\/przetwarzanie-energii-elektrycznej-w-gaz\/od-energii-elektrycznej-do-zielonego-gazu\/#primaryimage\",\"url\":\"https:\/\/fiorentini-polska.com\/wp-content\/uploads\/2024\/02\/Expertise_Powertogas_1ENG-EXPPAG-1024x411-PK-1.jpg\",\"contentUrl\":\"https:\/\/fiorentini-polska.com\/wp-content\/uploads\/2024\/02\/Expertise_Powertogas_1ENG-EXPPAG-1024x411-PK-1.jpg\"},{\"@type\":\"BreadcrumbList\",\"@id\":\"https:\/\/fiorentini-polska.com\/pl\/doswiadczenie\/przetwarzanie-energii-elektrycznej-w-gaz\/od-energii-elektrycznej-do-zielonego-gazu\/#breadcrumb\",\"itemListElement\":[{\"@type\":\"ListItem\",\"position\":1,\"name\":\"Home\",\"item\":\"https:\/\/www.fiorentini-polska.com\/pl\/\"},{\"@type\":\"ListItem\",\"position\":2,\"name\":\"Do\u015bwiadczenie\",\"item\":\"https:\/\/fiorentini-polska.com\/pl\/doswiadczenie\/\"},{\"@type\":\"ListItem\",\"position\":3,\"name\":\"Przetwarzanie energii elektrycznej w gaz\",\"item\":\"https:\/\/fiorentini-polska.com\/pl\/doswiadczenie\/przetwarzanie-energii-elektrycznej-w-gaz\/\"},{\"@type\":\"ListItem\",\"position\":4,\"name\":\"Od energii elektrycznej do zielonego gazu\"}]},{\"@type\":\"WebSite\",\"@id\":\"https:\/\/www.fiorentini-polska.com\/pl\/#website\",\"url\":\"https:\/\/www.fiorentini-polska.com\/pl\/\",\"name\":\"Pietro Fiorentini Polska\",\"description\":\"Pietro Fiorentini projektuje i produkuje komponenty, systemy i us\u0142ugi do regulacji, pomiar\u00f3w i zarz\u0105dzania rop\u0105 naftow\u0105 i gazem.\",\"publisher\":{\"@id\":\"https:\/\/www.fiorentini-polska.com\/pl\/#organization\"},\"potentialAction\":[{\"@type\":\"SearchAction\",\"target\":{\"@type\":\"EntryPoint\",\"urlTemplate\":\"https:\/\/www.fiorentini-polska.com\/pl\/?s={search_term_string}\"},\"query-input\":{\"@type\":\"PropertyValueSpecification\",\"valueRequired\":true,\"valueName\":\"search_term_string\"}}],\"inLanguage\":\"pl-PL\"},{\"@type\":\"Organization\",\"@id\":\"https:\/\/www.fiorentini-polska.com\/pl\/#organization\",\"name\":\"Pietro Fiorentini Polska\",\"url\":\"https:\/\/www.fiorentini-polska.com\/pl\/\",\"logo\":{\"@type\":\"ImageObject\",\"inLanguage\":\"pl-PL\",\"@id\":\"https:\/\/www.fiorentini-polska.com\/pl\/#\/schema\/logo\/image\/\",\"url\":\"https:\/\/www.fiorentini-polska.com\/wp-content\/uploads\/2021\/07\/LOGO_CMYK_COLOR.png\",\"contentUrl\":\"https:\/\/www.fiorentini-polska.com\/wp-content\/uploads\/2021\/07\/LOGO_CMYK_COLOR.png\",\"width\":3077,\"height\":1259,\"caption\":\"Pietro Fiorentini Polska\"},\"image\":{\"@id\":\"https:\/\/www.fiorentini-polska.com\/pl\/#\/schema\/logo\/image\/\"},\"sameAs\":[\"https:\/\/x.com\/FiorentiniSpa\"]}]}<\/script>\n<!-- \/ Yoast SEO plugin. -->","yoast_head_json":{"title":"Od energii elektrycznej do zielonego gazu - Pietro Fiorentini","description":"Technologia Power-to-Gas wykorzystuje zjawisko elektrolizy: nadmiar energii z farm wiatrowych, p\u00f3l fotowoltaicznych i przeci\u0105\u017cenia infrastruktury elektrycznej jest wykorzystywany do rozbijania wi\u0105za\u0144 cz\u0105steczek wody i produkcji wodoru.","robots":{"index":"index","follow":"follow","max-snippet":"max-snippet:-1","max-image-preview":"max-image-preview:large","max-video-preview":"max-video-preview:-1"},"canonical":"https:\/\/fiorentini-polska.com\/pl\/doswiadczenie\/przetwarzanie-energii-elektrycznej-w-gaz\/od-energii-elektrycznej-do-zielonego-gazu\/","og_locale":"pl_PL","og_type":"article","og_title":"Od energii elektrycznej do zielonego gazu - Pietro Fiorentini","og_description":"Technologia Power-to-Gas wykorzystuje zjawisko elektrolizy: nadmiar energii z farm wiatrowych, p\u00f3l fotowoltaicznych i przeci\u0105\u017cenia infrastruktury elektrycznej jest wykorzystywany do rozbijania wi\u0105za\u0144 cz\u0105steczek wody i produkcji wodoru.","og_url":"https:\/\/fiorentini-polska.com\/pl\/doswiadczenie\/przetwarzanie-energii-elektrycznej-w-gaz\/od-energii-elektrycznej-do-zielonego-gazu\/","og_site_name":"Pietro Fiorentini","article_modified_time":"2024-02-28T11:47:12+00:00","og_image":[{"url":"https:\/\/fiorentini-polska.com\/wp-content\/uploads\/2024\/02\/Expertise_Powertogas_1ENG-EXPPAG-1024x411-PK-1.jpg","type":"","width":"","height":""}],"twitter_card":"summary_large_image","twitter_site":"@FiorentiniSpa","twitter_misc":{"Szacowany czas czytania":"1 minuta"},"schema":{"@context":"https:\/\/schema.org","@graph":[{"@type":"WebPage","@id":"https:\/\/fiorentini-polska.com\/pl\/doswiadczenie\/przetwarzanie-energii-elektrycznej-w-gaz\/od-energii-elektrycznej-do-zielonego-gazu\/","url":"https:\/\/fiorentini-polska.com\/pl\/doswiadczenie\/przetwarzanie-energii-elektrycznej-w-gaz\/od-energii-elektrycznej-do-zielonego-gazu\/","name":"Od energii elektrycznej do zielonego gazu - Pietro Fiorentini","isPartOf":{"@id":"https:\/\/www.fiorentini-polska.com\/pl\/#website"},"primaryImageOfPage":{"@id":"https:\/\/fiorentini-polska.com\/pl\/doswiadczenie\/przetwarzanie-energii-elektrycznej-w-gaz\/od-energii-elektrycznej-do-zielonego-gazu\/#primaryimage"},"image":{"@id":"https:\/\/fiorentini-polska.com\/pl\/doswiadczenie\/przetwarzanie-energii-elektrycznej-w-gaz\/od-energii-elektrycznej-do-zielonego-gazu\/#primaryimage"},"thumbnailUrl":"https:\/\/fiorentini-polska.com\/wp-content\/uploads\/2024\/02\/Expertise_Powertogas_1ENG-EXPPAG-1024x411-PK-1.jpg","datePublished":"2024-02-26T10:41:47+00:00","dateModified":"2024-02-28T11:47:12+00:00","description":"Technologia Power-to-Gas wykorzystuje zjawisko elektrolizy: nadmiar energii z farm wiatrowych, p\u00f3l fotowoltaicznych i przeci\u0105\u017cenia infrastruktury elektrycznej jest wykorzystywany do rozbijania wi\u0105za\u0144 cz\u0105steczek wody i produkcji wodoru.","breadcrumb":{"@id":"https:\/\/fiorentini-polska.com\/pl\/doswiadczenie\/przetwarzanie-energii-elektrycznej-w-gaz\/od-energii-elektrycznej-do-zielonego-gazu\/#breadcrumb"},"inLanguage":"pl-PL","potentialAction":[{"@type":"ReadAction","target":["https:\/\/fiorentini-polska.com\/pl\/doswiadczenie\/przetwarzanie-energii-elektrycznej-w-gaz\/od-energii-elektrycznej-do-zielonego-gazu\/"]}]},{"@type":"ImageObject","inLanguage":"pl-PL","@id":"https:\/\/fiorentini-polska.com\/pl\/doswiadczenie\/przetwarzanie-energii-elektrycznej-w-gaz\/od-energii-elektrycznej-do-zielonego-gazu\/#primaryimage","url":"https:\/\/fiorentini-polska.com\/wp-content\/uploads\/2024\/02\/Expertise_Powertogas_1ENG-EXPPAG-1024x411-PK-1.jpg","contentUrl":"https:\/\/fiorentini-polska.com\/wp-content\/uploads\/2024\/02\/Expertise_Powertogas_1ENG-EXPPAG-1024x411-PK-1.jpg"},{"@type":"BreadcrumbList","@id":"https:\/\/fiorentini-polska.com\/pl\/doswiadczenie\/przetwarzanie-energii-elektrycznej-w-gaz\/od-energii-elektrycznej-do-zielonego-gazu\/#breadcrumb","itemListElement":[{"@type":"ListItem","position":1,"name":"Home","item":"https:\/\/www.fiorentini-polska.com\/pl\/"},{"@type":"ListItem","position":2,"name":"Do\u015bwiadczenie","item":"https:\/\/fiorentini-polska.com\/pl\/doswiadczenie\/"},{"@type":"ListItem","position":3,"name":"Przetwarzanie energii elektrycznej w gaz","item":"https:\/\/fiorentini-polska.com\/pl\/doswiadczenie\/przetwarzanie-energii-elektrycznej-w-gaz\/"},{"@type":"ListItem","position":4,"name":"Od energii elektrycznej do zielonego gazu"}]},{"@type":"WebSite","@id":"https:\/\/www.fiorentini-polska.com\/pl\/#website","url":"https:\/\/www.fiorentini-polska.com\/pl\/","name":"Pietro Fiorentini Polska","description":"Pietro Fiorentini projektuje i produkuje komponenty, systemy i us\u0142ugi do regulacji, pomiar\u00f3w i zarz\u0105dzania rop\u0105 naftow\u0105 i gazem.","publisher":{"@id":"https:\/\/www.fiorentini-polska.com\/pl\/#organization"},"potentialAction":[{"@type":"SearchAction","target":{"@type":"EntryPoint","urlTemplate":"https:\/\/www.fiorentini-polska.com\/pl\/?s={search_term_string}"},"query-input":{"@type":"PropertyValueSpecification","valueRequired":true,"valueName":"search_term_string"}}],"inLanguage":"pl-PL"},{"@type":"Organization","@id":"https:\/\/www.fiorentini-polska.com\/pl\/#organization","name":"Pietro Fiorentini Polska","url":"https:\/\/www.fiorentini-polska.com\/pl\/","logo":{"@type":"ImageObject","inLanguage":"pl-PL","@id":"https:\/\/www.fiorentini-polska.com\/pl\/#\/schema\/logo\/image\/","url":"https:\/\/www.fiorentini-polska.com\/wp-content\/uploads\/2021\/07\/LOGO_CMYK_COLOR.png","contentUrl":"https:\/\/www.fiorentini-polska.com\/wp-content\/uploads\/2021\/07\/LOGO_CMYK_COLOR.png","width":3077,"height":1259,"caption":"Pietro Fiorentini Polska"},"image":{"@id":"https:\/\/www.fiorentini-polska.com\/pl\/#\/schema\/logo\/image\/"},"sameAs":["https:\/\/x.com\/FiorentiniSpa"]}]}},"_links":{"self":[{"href":"https:\/\/fiorentini-polska.com\/pl\/wp-json\/wp\/v2\/pages\/27742","targetHints":{"allow":["GET"]}}],"collection":[{"href":"https:\/\/fiorentini-polska.com\/pl\/wp-json\/wp\/v2\/pages"}],"about":[{"href":"https:\/\/fiorentini-polska.com\/pl\/wp-json\/wp\/v2\/types\/page"}],"author":[{"embeddable":true,"href":"https:\/\/fiorentini-polska.com\/pl\/wp-json\/wp\/v2\/users\/15"}],"replies":[{"embeddable":true,"href":"https:\/\/fiorentini-polska.com\/pl\/wp-json\/wp\/v2\/comments?post=27742"}],"version-history":[{"count":2,"href":"https:\/\/fiorentini-polska.com\/pl\/wp-json\/wp\/v2\/pages\/27742\/revisions"}],"predecessor-version":[{"id":27825,"href":"https:\/\/fiorentini-polska.com\/pl\/wp-json\/wp\/v2\/pages\/27742\/revisions\/27825"}],"up":[{"embeddable":true,"href":"https:\/\/fiorentini-polska.com\/pl\/wp-json\/wp\/v2\/pages\/27726"}],"wp:attachment":[{"href":"https:\/\/fiorentini-polska.com\/pl\/wp-json\/wp\/v2\/media?parent=27742"}],"curies":[{"name":"wp","href":"https:\/\/api.w.org\/{rel}","templated":true}]}}