{"id":27726,"date":"2024-02-13T23:18:17","date_gmt":"2024-02-13T22:18:17","guid":{"rendered":"https:\/\/fiorentini-polska.com\/doswiadczenie\/power-to-gas\/"},"modified":"2024-03-06T19:11:19","modified_gmt":"2024-03-06T18:11:19","slug":"przetwarzanie-energii-elektrycznej-w-gaz","status":"publish","type":"page","link":"https:\/\/fiorentini-polska.com\/pl\/doswiadczenie\/przetwarzanie-energii-elektrycznej-w-gaz\/","title":{"rendered":"Przetwarzanie energii elektrycznej w gaz"},"content":{"rendered":"\n<h2 class=\"wp-block-heading\"><strong><strong>Na us\u0142ugach odnawialnych \u017ar\u00f3de\u0142 energii<\/strong><\/strong><\/h2>\n\n\n\n<p><a href=\"https:\/\/fiorentini-polska.com\/pl\/bez-kategorii\/systemy\/odnawialne-zrodla-energii\/systemy-przetwarzania-energii-w-gaz-systemy-metanizacji\/\"><strong>Przetwarzanie energii elektrycznej w gaz<\/strong><\/a> (P2G) <strong>przekszta\u0142ca nadwy\u017cki energii elektrycznej w zielone cz\u0105steczki<\/strong>, kt\u00f3re mo\u017cna transportowa\u0107 na du\u017ce odleg\u0142o\u015bci przy niskich kosztach i przy coraz mniejszych stratach. Jednocze\u015bnie oferuje opcj\u0119 <strong>sezonowego magazynowania <\/strong>energii odnawialnej, kt\u00f3ra mo\u017ce by\u0107 wykorzystywana w okresach najwi\u0119kszego zapotrzebowania.<br>\u00a0\u00a0<\/p>\n\n\n\n<figure class=\"wp-block-image size-full is-resized\"><a href=\"https:\/\/www.micropyros.de\" target=\"_blank\" rel=\"noreferrer noopener\"><img decoding=\"async\" src=\"https:\/\/www.fiorentini-iberia.com\/wp-content\/uploads\/2022\/10\/MicroPyros-Logo.svg\" alt=\"\" class=\"wp-image-21542\" style=\"width:298px;height:auto\"\/><\/a><\/figure>\n\n\n\n<p><a href=\"https:\/\/fiorentini-polska.com\/pl\/grupa-pietro-fiorentini\/grupy-pf-oddzialy-i-marki\/#micropyros\"><strong>MicroPyros BioEnerTec<\/strong><\/a>, firma biotechnologiczna nale\u017c\u0105ca do <a href=\"https:\/\/fiorentini-polska.com\/pl\/grupa-pietro-fiorentini\/grupy-pf-oddzialy-i-marki\"><strong>Grupy Pietro Fiorentini<\/strong><\/a>, jest jedn\u0105 z zaledwie trzech firm na \u015bwiecie <strong>zdolnych do zastosowania metanizacji organicznej<\/strong> w procesach przemys\u0142owych. <\/p>\n\n\n\n<p>Wykorzystuj\u0105c \u015bcieki jako sk\u0142adniki od\u017cywcze dla mikroorganizm\u00f3w, <strong>wychwytuje dwutlenek w\u0119gla uwalniany w fazie metanizacji<\/strong>. Jest to jedno z najbardziej obiecuj\u0105cych \u017ar\u00f3de\u0142 zwi\u0105zanych z przekszta\u0142caniem energii w gaz (Power-to-gas).<\/p>\n","protected":false},"excerpt":{"rendered":"<p>Zarz\u0105dzanie \u201ezielonymi moleku\u0142ami\u201d w czasie i przestrzeni jest wa\u017cne, aby uzyska\u0107 jak najwi\u0119cej energii, gdy dost\u0119pne s\u0105 \u017ar\u00f3d\u0142a odnawialne, takie jak s\u0142o\u0144ce i wiatr.<br \/>\nOdpowiedzi\u0105 jest technologia przetwarzania energii elektrycznej w gaz, kt\u00f3ra przekszta\u0142ca nadwy\u017cki energii elektrycznej w cz\u0105steczki gazu, kt\u00f3re mo\u017cna transportowa\u0107 na du\u017ce odleg\u0142o\u015bci przy niskich kosztach i kt\u00f3re mog\u0105 oferowa\u0107 mo\u017cliwo\u015b\u0107 sezonowego magazynowania energii odnawialnej.<\/p>\n","protected":false},"author":12,"featured_media":27727,"parent":27546,"menu_order":5,"comment_status":"closed","ping_status":"closed","template":"template-expertise-child.php","meta":{"_acf_changed":false,"inline_featured_image":false,"footnotes":""},"class_list":["post-27726","page","type-page","status-publish","has-post-thumbnail","hentry"],"acf":[],"yoast_head":"<!-- This site is optimized with the Yoast SEO plugin v27.2 - https:\/\/yoast.com\/product\/yoast-seo-wordpress\/ -->\n<title>Przetwarzanie energii elektrycznej w gaz - Pietro Fiorentini<\/title>\n<meta name=\"description\" content=\"Energia s\u0142oneczna i wiatrowa nie tylko umo\u017cliwia coraz \u0142atwiejsze rozpowszechnianie zr\u00f3wnowa\u017conej energii elektrycznej, ale tak\u017ce rewolucjonizuj\u0105 dynamik\u0119 rynku.\" \/>\n<meta name=\"robots\" content=\"index, follow, max-snippet:-1, max-image-preview:large, max-video-preview:-1\" \/>\n<link rel=\"canonical\" href=\"https:\/\/fiorentini-polska.com\/pl\/doswiadczenie\/przetwarzanie-energii-elektrycznej-w-gaz\/\" \/>\n<meta property=\"og:locale\" content=\"pl_PL\" \/>\n<meta property=\"og:type\" content=\"article\" \/>\n<meta property=\"og:title\" content=\"Przetwarzanie energii elektrycznej w gaz - Pietro Fiorentini\" \/>\n<meta property=\"og:description\" content=\"Energia s\u0142oneczna i wiatrowa nie tylko umo\u017cliwia coraz \u0142atwiejsze rozpowszechnianie zr\u00f3wnowa\u017conej energii elektrycznej, ale tak\u017ce rewolucjonizuj\u0105 dynamik\u0119 rynku.\" \/>\n<meta property=\"og:url\" content=\"https:\/\/fiorentini-polska.com\/pl\/doswiadczenie\/przetwarzanie-energii-elektrycznej-w-gaz\/\" \/>\n<meta property=\"og:site_name\" content=\"Pietro Fiorentini\" \/>\n<meta property=\"article:modified_time\" content=\"2024-03-06T18:11:19+00:00\" \/>\n<meta property=\"og:image\" content=\"https:\/\/www.fiorentini-polska.com\/wp-content\/uploads\/2021\/03\/04_expertise_powertogas.jpeg\" \/>\n\t<meta property=\"og:image:width\" content=\"991\" \/>\n\t<meta property=\"og:image:height\" content=\"991\" \/>\n\t<meta property=\"og:image:type\" content=\"image\/jpeg\" \/>\n<meta name=\"twitter:card\" content=\"summary_large_image\" \/>\n<meta name=\"twitter:site\" content=\"@FiorentiniSpa\" \/>\n<meta name=\"twitter:label1\" content=\"Szacowany czas czytania\" \/>\n\t<meta name=\"twitter:data1\" content=\"1 minuta\" \/>\n<script type=\"application\/ld+json\" class=\"yoast-schema-graph\">{\"@context\":\"https:\/\/schema.org\",\"@graph\":[{\"@type\":\"WebPage\",\"@id\":\"https:\/\/fiorentini-polska.com\/pl\/doswiadczenie\/przetwarzanie-energii-elektrycznej-w-gaz\/\",\"url\":\"https:\/\/fiorentini-polska.com\/pl\/doswiadczenie\/przetwarzanie-energii-elektrycznej-w-gaz\/\",\"name\":\"Przetwarzanie energii elektrycznej w gaz - Pietro Fiorentini\",\"isPartOf\":{\"@id\":\"https:\/\/fiorentini-polska.com\/pl\/#website\"},\"primaryImageOfPage\":{\"@id\":\"https:\/\/fiorentini-polska.com\/pl\/doswiadczenie\/przetwarzanie-energii-elektrycznej-w-gaz\/#primaryimage\"},\"image\":{\"@id\":\"https:\/\/fiorentini-polska.com\/pl\/doswiadczenie\/przetwarzanie-energii-elektrycznej-w-gaz\/#primaryimage\"},\"thumbnailUrl\":\"https:\/\/fiorentini-polska.com\/wp-content\/uploads\/2021\/03\/04_expertise_powertogas.jpeg\",\"datePublished\":\"2024-02-13T22:18:17+00:00\",\"dateModified\":\"2024-03-06T18:11:19+00:00\",\"description\":\"Energia s\u0142oneczna i wiatrowa nie tylko umo\u017cliwia coraz \u0142atwiejsze rozpowszechnianie zr\u00f3wnowa\u017conej energii elektrycznej, ale tak\u017ce rewolucjonizuj\u0105 dynamik\u0119 rynku.\",\"breadcrumb\":{\"@id\":\"https:\/\/fiorentini-polska.com\/pl\/doswiadczenie\/przetwarzanie-energii-elektrycznej-w-gaz\/#breadcrumb\"},\"inLanguage\":\"pl-PL\",\"potentialAction\":[{\"@type\":\"ReadAction\",\"target\":[\"https:\/\/fiorentini-polska.com\/pl\/doswiadczenie\/przetwarzanie-energii-elektrycznej-w-gaz\/\"]}]},{\"@type\":\"ImageObject\",\"inLanguage\":\"pl-PL\",\"@id\":\"https:\/\/fiorentini-polska.com\/pl\/doswiadczenie\/przetwarzanie-energii-elektrycznej-w-gaz\/#primaryimage\",\"url\":\"https:\/\/fiorentini-polska.com\/wp-content\/uploads\/2021\/03\/04_expertise_powertogas.jpeg\",\"contentUrl\":\"https:\/\/fiorentini-polska.com\/wp-content\/uploads\/2021\/03\/04_expertise_powertogas.jpeg\",\"width\":991,\"height\":991},{\"@type\":\"BreadcrumbList\",\"@id\":\"https:\/\/fiorentini-polska.com\/pl\/doswiadczenie\/przetwarzanie-energii-elektrycznej-w-gaz\/#breadcrumb\",\"itemListElement\":[{\"@type\":\"ListItem\",\"position\":1,\"name\":\"Home\",\"item\":\"https:\/\/www.fiorentini-polska.com\/pl\/\"},{\"@type\":\"ListItem\",\"position\":2,\"name\":\"Do\u015bwiadczenie\",\"item\":\"https:\/\/fiorentini-polska.com\/pl\/doswiadczenie\/\"},{\"@type\":\"ListItem\",\"position\":3,\"name\":\"Przetwarzanie energii elektrycznej w gaz\"}]},{\"@type\":\"WebSite\",\"@id\":\"https:\/\/fiorentini-polska.com\/pl\/#website\",\"url\":\"https:\/\/fiorentini-polska.com\/pl\/\",\"name\":\"Pietro Fiorentini Polska\",\"description\":\"Pietro Fiorentini projektuje i produkuje komponenty, systemy i us\u0142ugi do regulacji, pomiar\u00f3w i zarz\u0105dzania rop\u0105 naftow\u0105 i gazem.\",\"publisher\":{\"@id\":\"https:\/\/fiorentini-polska.com\/pl\/#organization\"},\"potentialAction\":[{\"@type\":\"SearchAction\",\"target\":{\"@type\":\"EntryPoint\",\"urlTemplate\":\"https:\/\/fiorentini-polska.com\/pl\/?s={search_term_string}\"},\"query-input\":{\"@type\":\"PropertyValueSpecification\",\"valueRequired\":true,\"valueName\":\"search_term_string\"}}],\"inLanguage\":\"pl-PL\"},{\"@type\":\"Organization\",\"@id\":\"https:\/\/fiorentini-polska.com\/pl\/#organization\",\"name\":\"Pietro Fiorentini Polska\",\"url\":\"https:\/\/fiorentini-polska.com\/pl\/\",\"logo\":{\"@type\":\"ImageObject\",\"inLanguage\":\"pl-PL\",\"@id\":\"https:\/\/fiorentini-polska.com\/pl\/#\/schema\/logo\/image\/\",\"url\":\"https:\/\/www.fiorentini-polska.com\/wp-content\/uploads\/2021\/07\/LOGO_CMYK_COLOR.png\",\"contentUrl\":\"https:\/\/www.fiorentini-polska.com\/wp-content\/uploads\/2021\/07\/LOGO_CMYK_COLOR.png\",\"width\":3077,\"height\":1259,\"caption\":\"Pietro Fiorentini Polska\"},\"image\":{\"@id\":\"https:\/\/fiorentini-polska.com\/pl\/#\/schema\/logo\/image\/\"},\"sameAs\":[\"https:\/\/x.com\/FiorentiniSpa\"]}]}<\/script>\n<!-- \/ Yoast SEO plugin. -->","yoast_head_json":{"title":"Przetwarzanie energii elektrycznej w gaz - Pietro Fiorentini","description":"Energia s\u0142oneczna i wiatrowa nie tylko umo\u017cliwia coraz \u0142atwiejsze rozpowszechnianie zr\u00f3wnowa\u017conej energii elektrycznej, ale tak\u017ce rewolucjonizuj\u0105 dynamik\u0119 rynku.","robots":{"index":"index","follow":"follow","max-snippet":"max-snippet:-1","max-image-preview":"max-image-preview:large","max-video-preview":"max-video-preview:-1"},"canonical":"https:\/\/fiorentini-polska.com\/pl\/doswiadczenie\/przetwarzanie-energii-elektrycznej-w-gaz\/","og_locale":"pl_PL","og_type":"article","og_title":"Przetwarzanie energii elektrycznej w gaz - Pietro Fiorentini","og_description":"Energia s\u0142oneczna i wiatrowa nie tylko umo\u017cliwia coraz \u0142atwiejsze rozpowszechnianie zr\u00f3wnowa\u017conej energii elektrycznej, ale tak\u017ce rewolucjonizuj\u0105 dynamik\u0119 rynku.","og_url":"https:\/\/fiorentini-polska.com\/pl\/doswiadczenie\/przetwarzanie-energii-elektrycznej-w-gaz\/","og_site_name":"Pietro Fiorentini","article_modified_time":"2024-03-06T18:11:19+00:00","og_image":[{"width":991,"height":991,"url":"https:\/\/www.fiorentini-polska.com\/wp-content\/uploads\/2021\/03\/04_expertise_powertogas.jpeg","type":"image\/jpeg"}],"twitter_card":"summary_large_image","twitter_site":"@FiorentiniSpa","twitter_misc":{"Szacowany czas czytania":"1 minuta"},"schema":{"@context":"https:\/\/schema.org","@graph":[{"@type":"WebPage","@id":"https:\/\/fiorentini-polska.com\/pl\/doswiadczenie\/przetwarzanie-energii-elektrycznej-w-gaz\/","url":"https:\/\/fiorentini-polska.com\/pl\/doswiadczenie\/przetwarzanie-energii-elektrycznej-w-gaz\/","name":"Przetwarzanie energii elektrycznej w gaz - Pietro Fiorentini","isPartOf":{"@id":"https:\/\/fiorentini-polska.com\/pl\/#website"},"primaryImageOfPage":{"@id":"https:\/\/fiorentini-polska.com\/pl\/doswiadczenie\/przetwarzanie-energii-elektrycznej-w-gaz\/#primaryimage"},"image":{"@id":"https:\/\/fiorentini-polska.com\/pl\/doswiadczenie\/przetwarzanie-energii-elektrycznej-w-gaz\/#primaryimage"},"thumbnailUrl":"https:\/\/fiorentini-polska.com\/wp-content\/uploads\/2021\/03\/04_expertise_powertogas.jpeg","datePublished":"2024-02-13T22:18:17+00:00","dateModified":"2024-03-06T18:11:19+00:00","description":"Energia s\u0142oneczna i wiatrowa nie tylko umo\u017cliwia coraz \u0142atwiejsze rozpowszechnianie zr\u00f3wnowa\u017conej energii elektrycznej, ale tak\u017ce rewolucjonizuj\u0105 dynamik\u0119 rynku.","breadcrumb":{"@id":"https:\/\/fiorentini-polska.com\/pl\/doswiadczenie\/przetwarzanie-energii-elektrycznej-w-gaz\/#breadcrumb"},"inLanguage":"pl-PL","potentialAction":[{"@type":"ReadAction","target":["https:\/\/fiorentini-polska.com\/pl\/doswiadczenie\/przetwarzanie-energii-elektrycznej-w-gaz\/"]}]},{"@type":"ImageObject","inLanguage":"pl-PL","@id":"https:\/\/fiorentini-polska.com\/pl\/doswiadczenie\/przetwarzanie-energii-elektrycznej-w-gaz\/#primaryimage","url":"https:\/\/fiorentini-polska.com\/wp-content\/uploads\/2021\/03\/04_expertise_powertogas.jpeg","contentUrl":"https:\/\/fiorentini-polska.com\/wp-content\/uploads\/2021\/03\/04_expertise_powertogas.jpeg","width":991,"height":991},{"@type":"BreadcrumbList","@id":"https:\/\/fiorentini-polska.com\/pl\/doswiadczenie\/przetwarzanie-energii-elektrycznej-w-gaz\/#breadcrumb","itemListElement":[{"@type":"ListItem","position":1,"name":"Home","item":"https:\/\/www.fiorentini-polska.com\/pl\/"},{"@type":"ListItem","position":2,"name":"Do\u015bwiadczenie","item":"https:\/\/fiorentini-polska.com\/pl\/doswiadczenie\/"},{"@type":"ListItem","position":3,"name":"Przetwarzanie energii elektrycznej w gaz"}]},{"@type":"WebSite","@id":"https:\/\/fiorentini-polska.com\/pl\/#website","url":"https:\/\/fiorentini-polska.com\/pl\/","name":"Pietro Fiorentini Polska","description":"Pietro Fiorentini projektuje i produkuje komponenty, systemy i us\u0142ugi do regulacji, pomiar\u00f3w i zarz\u0105dzania rop\u0105 naftow\u0105 i gazem.","publisher":{"@id":"https:\/\/fiorentini-polska.com\/pl\/#organization"},"potentialAction":[{"@type":"SearchAction","target":{"@type":"EntryPoint","urlTemplate":"https:\/\/fiorentini-polska.com\/pl\/?s={search_term_string}"},"query-input":{"@type":"PropertyValueSpecification","valueRequired":true,"valueName":"search_term_string"}}],"inLanguage":"pl-PL"},{"@type":"Organization","@id":"https:\/\/fiorentini-polska.com\/pl\/#organization","name":"Pietro Fiorentini Polska","url":"https:\/\/fiorentini-polska.com\/pl\/","logo":{"@type":"ImageObject","inLanguage":"pl-PL","@id":"https:\/\/fiorentini-polska.com\/pl\/#\/schema\/logo\/image\/","url":"https:\/\/www.fiorentini-polska.com\/wp-content\/uploads\/2021\/07\/LOGO_CMYK_COLOR.png","contentUrl":"https:\/\/www.fiorentini-polska.com\/wp-content\/uploads\/2021\/07\/LOGO_CMYK_COLOR.png","width":3077,"height":1259,"caption":"Pietro Fiorentini Polska"},"image":{"@id":"https:\/\/fiorentini-polska.com\/pl\/#\/schema\/logo\/image\/"},"sameAs":["https:\/\/x.com\/FiorentiniSpa"]}]}},"_links":{"self":[{"href":"https:\/\/fiorentini-polska.com\/pl\/wp-json\/wp\/v2\/pages\/27726","targetHints":{"allow":["GET"]}}],"collection":[{"href":"https:\/\/fiorentini-polska.com\/pl\/wp-json\/wp\/v2\/pages"}],"about":[{"href":"https:\/\/fiorentini-polska.com\/pl\/wp-json\/wp\/v2\/types\/page"}],"author":[{"embeddable":true,"href":"https:\/\/fiorentini-polska.com\/pl\/wp-json\/wp\/v2\/users\/12"}],"replies":[{"embeddable":true,"href":"https:\/\/fiorentini-polska.com\/pl\/wp-json\/wp\/v2\/comments?post=27726"}],"version-history":[{"count":2,"href":"https:\/\/fiorentini-polska.com\/pl\/wp-json\/wp\/v2\/pages\/27726\/revisions"}],"predecessor-version":[{"id":28054,"href":"https:\/\/fiorentini-polska.com\/pl\/wp-json\/wp\/v2\/pages\/27726\/revisions\/28054"}],"up":[{"embeddable":true,"href":"https:\/\/fiorentini-polska.com\/pl\/wp-json\/wp\/v2\/pages\/27546"}],"wp:featuredmedia":[{"embeddable":true,"href":"https:\/\/fiorentini-polska.com\/pl\/wp-json\/wp\/v2\/media\/27727"}],"wp:attachment":[{"href":"https:\/\/fiorentini-polska.com\/pl\/wp-json\/wp\/v2\/media?parent=27726"}],"curies":[{"name":"wp","href":"https:\/\/api.w.org\/{rel}","templated":true}]}}