{"id":27711,"date":"2024-02-26T09:53:42","date_gmt":"2024-02-26T08:53:42","guid":{"rendered":"https:\/\/fiorentini-polska.com\/doswiadczenie\/wodor\/how-hydrogen-is-produced\/"},"modified":"2024-02-28T12:33:40","modified_gmt":"2024-02-28T11:33:40","slug":"jak-produkowany-jest-wodor","status":"publish","type":"page","link":"https:\/\/fiorentini-polska.com\/pl\/doswiadczenie\/wodor\/jak-produkowany-jest-wodor\/","title":{"rendered":"Jak produkowany jest wod\u00f3r"},"content":{"rendered":"\n<p class=\"has-text-color has-link-color has-medium-font-size wp-elements-ea4d08f4d4599355de485497885a925d\" style=\"color:#199782\"><strong>JEDEN ELEMENT, R\u00d3\u017bNE SPOSOBY JEGO PRODUKCJI<\/strong><\/p>\n\n\n\n<figure class=\"wp-block-image size-full\"><img loading=\"lazy\" decoding=\"async\" width=\"1024\" height=\"429\" src=\"https:\/\/fiorentini-polska.com\/wp-content\/uploads\/2024\/02\/RENEWABLES_h2_energy-1-1024x429-1.jpg\" alt=\"How hydrogen is produced\" class=\"wp-image-27686\" srcset=\"https:\/\/fiorentini-polska.com\/wp-content\/uploads\/2024\/02\/RENEWABLES_h2_energy-1-1024x429-1.jpg 1024w, https:\/\/fiorentini-polska.com\/wp-content\/uploads\/2024\/02\/RENEWABLES_h2_energy-1-1024x429-1-300x126.jpg 300w, https:\/\/fiorentini-polska.com\/wp-content\/uploads\/2024\/02\/RENEWABLES_h2_energy-1-1024x429-1-768x322.jpg 768w\" sizes=\"auto, (max-width: 1024px) 100vw, 1024px\" \/><\/figure>\n\n\n\n<p>&nbsp;<br>Wod\u00f3r jest najobficiej wyst\u0119puj\u0105cym pierwiastkiem we wszech\u015bwiecie, jednak na naszej planecie znajdujemy go tylko zwi\u0105zanego z innymi pierwiastkami, takimi jak tlen czy w\u0119giel. W rzeczywisto\u015bci jest on nazywany <strong>wektorem energii<\/strong>, a nie \u017ar\u00f3d\u0142em, poniewa\u017c musimy zu\u017cywa\u0107 energi\u0119, aby go oddzieli\u0107 i wydoby\u0107, a tego rodzaju proces wi\u0105\u017ce si\u0119 z kosztami.<\/p>\n\n\n\n<ol class=\"wp-block-list\">\n<li><a href=\"#colors\"><strong>Wszystkie kolory wodoru<\/strong><\/a><\/li>\n\n\n\n<li><strong><a href=\"#technology\">Nowa technologia produkcji wodoru<\/a><\/strong><\/li>\n<\/ol>\n\n\n\n<h3 class=\"wp-block-heading\" id=\"colors\">&nbsp;<br><strong>Wszystkie kolory wodoru<\/strong><\/h3>\n\n\n\n<p>Wod\u00f3r ma r\u00f3\u017cne nazwy w zale\u017cno\u015bci od <strong>sposobu jego produkcji<\/strong> i wynikaj\u0105cego z tego <strong>wp\u0142ywu na \u015brodowisko<\/strong> proces\u00f3w wykorzystywanych do jego uzyskania.<\/p>\n\n\n\n<figure class=\"wp-block-image size-full is-resized\"><img loading=\"lazy\" decoding=\"async\" width=\"1024\" height=\"442\" src=\"https:\/\/fiorentini-polska.com\/wp-content\/uploads\/2024\/02\/i-colori-dell-idrogeno-1-1024x442-PK.jpg\" alt=\"Wszystkie kolory wodoru\" class=\"wp-image-27714\" style=\"width:904px;height:auto\" srcset=\"https:\/\/fiorentini-polska.com\/wp-content\/uploads\/2024\/02\/i-colori-dell-idrogeno-1-1024x442-PK.jpg 1024w, https:\/\/fiorentini-polska.com\/wp-content\/uploads\/2024\/02\/i-colori-dell-idrogeno-1-1024x442-PK-300x129.jpg 300w, https:\/\/fiorentini-polska.com\/wp-content\/uploads\/2024\/02\/i-colori-dell-idrogeno-1-1024x442-PK-768x332.jpg 768w\" sizes=\"auto, (max-width: 1024px) 100vw, 1024px\" \/><\/figure>\n\n\n\n<p class=\"has-text-align-center has-cyan-bluish-gray-color has-text-color has-link-color wp-elements-ba5c1c69b8977f1ef553ad9b8ee3ea4e\"><em>Kolory wodoru<\/em><\/p>\n\n\n\n<p>&nbsp;<\/p>\n\n\n\n<p><strong>Szary wod\u00f3r<\/strong>: jest produkowany ze \u017ar\u00f3de\u0142 kopalnych.<\/p>\n\n\n\n<p><strong>Niebieski wod\u00f3r<\/strong>: jest produkowany ze \u017ar\u00f3de\u0142 kopalnych, ale wychwytywany i przechowywany.<\/p>\n\n\n\n<p><strong>R\u00f3\u017cowy wod\u00f3r<\/strong>: znany r\u00f3wnie\u017c jako fioletowy, jest produkowany z energii j\u0105drowej.<\/p>\n\n\n\n<p><strong>Turkusowy wod\u00f3r<\/strong>: jest wytwarzany w procesie pirolizy metanu, w wyniku czego powstaje w\u0119giel drzewny.<\/p>\n\n\n\n<p><strong>\u017b\u00f3\u0142ty wod\u00f3r<\/strong>: jest produkowany przy u\u017cyciu energii pobieranej z krajowej sieci energetycznej.<\/p>\n\n\n\n<p><strong>Zielony wod\u00f3r<\/strong>: jest produkowany z energii odnawialnej.<\/p>\n\n\n<div class=\"wp-block-image\">\n<figure class=\"aligncenter size-full is-resized\"><img loading=\"lazy\" decoding=\"async\" width=\"1024\" height=\"463\" src=\"https:\/\/fiorentini-polska.com\/wp-content\/uploads\/2024\/02\/Expertise_Idrogeno_1ENG-EXPPAG-e1618588456689-1024x463-PK-2.jpg\" alt=\"Podsumowanie r\u00f3\u017cnych metod produkcji wodoru\" class=\"wp-image-27814\" style=\"width:887px;height:auto\" srcset=\"https:\/\/fiorentini-polska.com\/wp-content\/uploads\/2024\/02\/Expertise_Idrogeno_1ENG-EXPPAG-e1618588456689-1024x463-PK-2.jpg 1024w, https:\/\/fiorentini-polska.com\/wp-content\/uploads\/2024\/02\/Expertise_Idrogeno_1ENG-EXPPAG-e1618588456689-1024x463-PK-2-300x136.jpg 300w, https:\/\/fiorentini-polska.com\/wp-content\/uploads\/2024\/02\/Expertise_Idrogeno_1ENG-EXPPAG-e1618588456689-1024x463-PK-2-768x347.jpg 768w\" sizes=\"auto, (max-width: 1024px) 100vw, 1024px\" \/><\/figure>\n<\/div>\n\n\n<p class=\"has-text-align-center has-cyan-bluish-gray-color has-text-color has-link-color wp-elements-d33f2f9b27a690e040f8e599192d1488\"><em>Podsumowanie r\u00f3\u017cnych metod produkcji wodoru<\/em><\/p>\n\n\n<div class=\"wp-block-image\">\n<figure class=\"aligncenter size-full is-resized\"><img loading=\"lazy\" decoding=\"async\" width=\"951\" height=\"556\" src=\"https:\/\/fiorentini-polska.com\/wp-content\/uploads\/2024\/02\/Expertise_Idrogeno_2-PK.jpg\" alt=\"Emisje CO2 w oparciu o zastosowan\u0105 technologi\u0119 produkcji wodoru\" class=\"wp-image-27720\" style=\"width:729px;height:auto\" srcset=\"https:\/\/fiorentini-polska.com\/wp-content\/uploads\/2024\/02\/Expertise_Idrogeno_2-PK.jpg 951w, https:\/\/fiorentini-polska.com\/wp-content\/uploads\/2024\/02\/Expertise_Idrogeno_2-PK-300x175.jpg 300w, https:\/\/fiorentini-polska.com\/wp-content\/uploads\/2024\/02\/Expertise_Idrogeno_2-PK-768x449.jpg 768w\" sizes=\"auto, (max-width: 951px) 100vw, 951px\" \/><\/figure>\n<\/div>\n\n\n<p class=\"has-text-align-center has-cyan-bluish-gray-color has-text-color has-link-color wp-elements-faa2192ba8955336127877806ee113b7\"><em>Emisje CO2 w oparciu o zastosowan\u0105 technologi\u0119 produkcji wodoru<\/em><\/p>\n\n\n\n<p><br><\/p>\n\n\n\n<p>Jedn\u0105 z g\u0142\u00f3wnych metod wytwarzania wodoru jest <strong>elektroliza<\/strong>, proces znany ju\u017c w XIX wieku, w kt\u00f3rym przep\u0142yw pr\u0105du elektrycznego przez wod\u0119 powoduje jej rozszczepienie na tlen i wod\u00f3r.<\/p>\n\n\n\n<p>Wod\u00f3r wytwarzany przy u\u017cyciu odnawialnych \u017ar\u00f3de\u0142 energii nazywany jest<strong> zielonym wodorem<\/strong>, kt\u00f3ry jest obecnie wytwarzany za pomoc\u0105 dw\u00f3ch g\u0142\u00f3wnych technologii: alkalicznej (AEC) i membrany wymiany proton\u00f3w (PEM).<\/p>\n\n\n\n<p>Niekt\u00f3re badania koncentruj\u0105 si\u0119 obecnie na nowych sposobach jego pozyskiwania poprzez wykorzystanie aktywno\u015bci czerwonych bakterii, <strong>cyjanobakterii i mikroalg<\/strong>, a tak\u017ce gazyfikacji sta\u0142ych odpad\u00f3w komunalnych i tworzyw sztucznych nienadaj\u0105cych si\u0119 do recyklingu, poprzez rozk\u0142ad materii organicznej za pomoc\u0105 obr\u00f3bki termicznej w wysokich temperaturach w atmosferze prawie pozbawionej tlenu.<\/p>\n\n\n\n<h3 class=\"wp-block-heading\" id=\"technology\">Nowa technologia produkcji wodoru<\/h3>\n\n\n\n<p><a href=\"https:\/\/hyter.it\/en\/\" target=\"_blank\" rel=\"noreferrer noopener\"><strong>Hyter<\/strong><\/a>, sp\u00f3\u0142ka nale\u017c\u0105ca do Grupy Pietro Fiorentini od 2021 r., opracowa\u0142a generator wodoru oparty na innowacyjnej technologii <strong>AEMWE (Anion Exchange Membrane Water Electrolyser)<\/strong>.<br>&nbsp;<\/p>\n\n\n<div class=\"wp-block-image\">\n<figure class=\"aligncenter size-full is-resized\"><img loading=\"lazy\" decoding=\"async\" width=\"991\" height=\"991\" src=\"https:\/\/fiorentini-polska.com\/wp-content\/uploads\/2024\/02\/News_PLTEnergiaHyter_1-1.jpg\" alt=\"A new technology for hydrogen production\" class=\"wp-image-27694\" style=\"width:678px;height:auto\" srcset=\"https:\/\/fiorentini-polska.com\/wp-content\/uploads\/2024\/02\/News_PLTEnergiaHyter_1-1.jpg 991w, https:\/\/fiorentini-polska.com\/wp-content\/uploads\/2024\/02\/News_PLTEnergiaHyter_1-1-300x300.jpg 300w, https:\/\/fiorentini-polska.com\/wp-content\/uploads\/2024\/02\/News_PLTEnergiaHyter_1-1-150x150.jpg 150w, https:\/\/fiorentini-polska.com\/wp-content\/uploads\/2024\/02\/News_PLTEnergiaHyter_1-1-768x768.jpg 768w\" sizes=\"auto, (max-width: 991px) 100vw, 991px\" \/><\/figure>\n<\/div>\n\n\n<p>&nbsp;<br><\/p>\n\n\n\n<p>Elektrolizer dostarczony przez firm\u0119 Hyter \u0142\u0105czy w <strong>sobie zalety system\u00f3w PEM i alkalicznych<\/strong>, umo\u017cliwiaj\u0105c obni\u017cenie koszt\u00f3w inwestycji i mniejszy wp\u0142yw na \u015brodowisko dzi\u0119ki mniejszemu zu\u017cyciu metali szlachetnych.<\/p>\n\n\n\n<p>Wymiana jon\u00f3w odbywa si\u0119 poprzez membran\u0119 polimerow\u0105 produkowan\u0105 przez firm\u0119 Hyter. Membrana ta zawiera <strong>substancje elektrolityczne<\/strong>, kt\u00f3re poprawiaj\u0105 wydajno\u015b\u0107 rozszczepiania wody i ma funkcj\u0119 oddzielania wodoru i tlenu ju\u017c na etapie produkcji.<\/p>\n\n\n\n<p>Technologia ta jest znacznie ta\u0144sza chemicznie, a jednocze\u015bnie charakteryzuje si\u0119 doskona\u0142\u0105 wydajno\u015bci\u0105 pod wzgl\u0119dem uzysku.<\/p>\n\n\n\n<p>Elektrolizer dostarczony przez Hyter b\u0119dzie wykorzystywany w ramach projektu <strong>PLT Energia<\/strong>, firmy, kt\u00f3ra od 15 lat zarz\u0105dza ca\u0142ym \u0142a\u0144cuchem warto\u015bci odnawialnych \u017ar\u00f3de\u0142 energii. Nowy <strong>elektrolizer Hyter<\/strong> b\u0119dzie wsp\u00f3\u0142pracowa\u0142 z systemem fotowoltaicznym dzia\u0142aj\u0105cym w budynkach PLT Energia: w ten spos\u00f3b mo\u017cliwe b\u0119dzie wytwarzanie wodoru niezb\u0119dnego do zagwarantowania zr\u00f3wnowa\u017conego \u015brodowiskowo zu\u017cycia energii elektrycznej i cieplnej w ich siedzibie.<\/p>\n\n\n\n<p><a href=\"https:\/\/fiorentini-polska.com\/pl\/news\/zielona-fabryka-wodoru-dla-plt-energia-dzieki-elektrolizerom-hyter\/\" target=\"_blank\" rel=\"noreferrer noopener\">Zielona fabryka wodoru dla PLT Energia dzi\u0119ki elektrolizerowi Hyter<br><\/a>&nbsp;<\/p>\n\n\n<div class=\"wp-block-image\">\n<figure class=\"aligncenter size-full is-resized\"><img loading=\"lazy\" decoding=\"async\" width=\"991\" height=\"991\" src=\"https:\/\/fiorentini-polska.com\/wp-content\/uploads\/2024\/02\/News_PLTEnergiaHyter_2-1.jpg\" alt=\"Hyter electrolyser\" class=\"wp-image-27696\" style=\"width:682px;height:auto\" srcset=\"https:\/\/fiorentini-polska.com\/wp-content\/uploads\/2024\/02\/News_PLTEnergiaHyter_2-1.jpg 991w, https:\/\/fiorentini-polska.com\/wp-content\/uploads\/2024\/02\/News_PLTEnergiaHyter_2-1-300x300.jpg 300w, https:\/\/fiorentini-polska.com\/wp-content\/uploads\/2024\/02\/News_PLTEnergiaHyter_2-1-150x150.jpg 150w, https:\/\/fiorentini-polska.com\/wp-content\/uploads\/2024\/02\/News_PLTEnergiaHyter_2-1-768x768.jpg 768w\" sizes=\"auto, (max-width: 991px) 100vw, 991px\" \/><\/figure>\n<\/div>\n\n\n<p><br>&nbsp;<\/p>\n\n\n\n<p><strong>Hyter<\/strong> wygra\u0142 niedawno jeden z przetarg\u00f3w MiTE na <strong>projekt Sirius<\/strong>, kt\u00f3ry zak\u0142ada budow\u0119 w ci\u0105gu trzech lat pierwszego <strong>na \u015bwiecie elektrolizera o wielko\u015bci wi\u0119kszej ni\u017c jeden megawat w oparciu o technologi\u0119 AEMWE<\/strong>, Anion Exchange Membrane Water Electrolyser. Projekt Sirius, w kt\u00f3rym opr\u00f3cz firmy Hyter uczestnicz\u0105 r\u00f3wnie\u017c <a href=\"https:\/\/www.inretedistribuzione.it\/energy_distribution_activity\/\" target=\"_blank\" rel=\"noreferrer noopener\">INRETE Distribuzione Energia<\/a> (Hera Group), <a href=\"https:\/\/www.mbn.it\/en\/company\/\" target=\"_blank\" rel=\"noreferrer noopener\">MatRes<\/a> (MBN Nanomaterialia Group) i <a href=\"http:\/\/chimica.unipd.it\/en\/\" target=\"_blank\" rel=\"noreferrer noopener\">Wydzia\u0142 Nauk Chemicznych Uniwersytetu w Padwie<\/a>, zaj\u0105\u0142 <strong>trzecie<\/strong> miejsce w kategorii &#8222;Misja 2 &#8211; Komponent 2 &#8211; Inwestycja 3. 5 &#8211; Badania i rozw\u00f3j w zakresie wodoru&#8221; w\u015br\u00f3d pi\u0119\u0107dziesi\u0119ciu sze\u015bciu wniosk\u00f3w z\u0142o\u017conych do w\u0142oskiego Ministerstwa Transformacji Ekologicznej w celu uzyskania finansowania z Unii Europejskiej w ramach <strong>PNRR<\/strong>, Narodowego Planu Odbudowy Gospodarczej i Odporno\u015bci.<\/p>\n\n\n\n<p><a href=\"https:\/\/fiorentini-polska.com\/pl\/grupa-pietro-fiorentini\/grupy-pf-oddzialy-i-marki\/#hyter\">Projekt Sirius prowadzony przez firm\u0119 Hyter jest jednym ze zwyci\u0119zc\u00f3w zaproszenia MiTE do sk\u0142adania wniosk\u00f3w dotycz\u0105cych bada\u0144 nad wodorem<\/a><\/p>\n\n\n\n<p><em>Projekt finansowany w ramach PNRR, wsp\u00f3\u0142finansowany przez Uni\u0119 Europejsk\u0105 &#8211; NextGenerationEU.<br><\/em>&nbsp;<\/p>\n\n\n\n<figure class=\"wp-block-image size-full\"><img loading=\"lazy\" decoding=\"async\" width=\"1024\" height=\"1024\" src=\"https:\/\/fiorentini-polska.com\/wp-content\/uploads\/2024\/02\/sirius-project-1024x1024-1.png\" alt=\"\" class=\"wp-image-27698\" srcset=\"https:\/\/fiorentini-polska.com\/wp-content\/uploads\/2024\/02\/sirius-project-1024x1024-1.png 1024w, https:\/\/fiorentini-polska.com\/wp-content\/uploads\/2024\/02\/sirius-project-1024x1024-1-300x300.png 300w, https:\/\/fiorentini-polska.com\/wp-content\/uploads\/2024\/02\/sirius-project-1024x1024-1-150x150.png 150w, https:\/\/fiorentini-polska.com\/wp-content\/uploads\/2024\/02\/sirius-project-1024x1024-1-768x768.png 768w\" sizes=\"auto, (max-width: 1024px) 100vw, 1024px\" \/><\/figure>\n\n\n\n<p><br><\/p>\n","protected":false},"excerpt":{"rendered":"<p>Wod\u00f3r mo\u017ce by\u0107 produkowany na r\u00f3\u017cne sposoby z r\u00f3\u017cnych \u017ar\u00f3de\u0142 energii, przyjmuj\u0105c nazwy, kt\u00f3re przypominaj\u0105 o wp\u0142ywie proces\u00f3w produkcyjnych na \u015brodowisko. Hyter, sp\u00f3\u0142ka nale\u017c\u0105ca do Grupy Pietro Fiorentini, opracowa\u0142a now\u0105 technologi\u0119 produkcji wodoru o zmniejszonym wp\u0142ywie na \u015brodowisko.<\/p>\n","protected":false},"author":15,"featured_media":0,"parent":27663,"menu_order":0,"comment_status":"closed","ping_status":"closed","template":"template-expertise-post.php","meta":{"_acf_changed":false,"inline_featured_image":false,"footnotes":""},"class_list":["post-27711","page","type-page","status-publish","hentry"],"acf":[],"yoast_head":"<!-- This site is optimized with the Yoast SEO plugin v27.2 - https:\/\/yoast.com\/product\/yoast-seo-wordpress\/ -->\n<title>Jak produkowany jest wod\u00f3r - Pietro Fiorentini<\/title>\n<meta name=\"description\" content=\"Wod\u00f3r jest najobficiej wyst\u0119puj\u0105cym pierwiastkiem we wszech\u015bwiecie, jednak na naszej planecie znajdujemy go tylko zwi\u0105zanego z innymi pierwiastkami, takimi jak tlen czy w\u0119giel.\" \/>\n<meta name=\"robots\" content=\"index, follow, max-snippet:-1, max-image-preview:large, max-video-preview:-1\" \/>\n<link rel=\"canonical\" href=\"https:\/\/fiorentini-polska.com\/pl\/doswiadczenie\/wodor\/jak-produkowany-jest-wodor\/\" \/>\n<meta property=\"og:locale\" content=\"pl_PL\" \/>\n<meta property=\"og:type\" content=\"article\" \/>\n<meta property=\"og:title\" content=\"Jak produkowany jest wod\u00f3r - Pietro Fiorentini\" \/>\n<meta property=\"og:description\" content=\"Wod\u00f3r jest najobficiej wyst\u0119puj\u0105cym pierwiastkiem we wszech\u015bwiecie, jednak na naszej planecie znajdujemy go tylko zwi\u0105zanego z innymi pierwiastkami, takimi jak tlen czy w\u0119giel.\" \/>\n<meta property=\"og:url\" content=\"https:\/\/fiorentini-polska.com\/pl\/doswiadczenie\/wodor\/jak-produkowany-jest-wodor\/\" \/>\n<meta property=\"og:site_name\" content=\"Pietro Fiorentini\" \/>\n<meta property=\"article:modified_time\" content=\"2024-02-28T11:33:40+00:00\" \/>\n<meta property=\"og:image\" content=\"https:\/\/fiorentini-polska.com\/wp-content\/uploads\/2024\/02\/RENEWABLES_h2_energy-1-1024x429-1.jpg\" \/>\n<meta name=\"twitter:card\" content=\"summary_large_image\" \/>\n<meta name=\"twitter:site\" content=\"@FiorentiniSpa\" \/>\n<meta name=\"twitter:label1\" content=\"Szacowany czas czytania\" \/>\n\t<meta name=\"twitter:data1\" content=\"4 minuty\" \/>\n<script type=\"application\/ld+json\" class=\"yoast-schema-graph\">{\"@context\":\"https:\/\/schema.org\",\"@graph\":[{\"@type\":\"WebPage\",\"@id\":\"https:\/\/fiorentini-polska.com\/pl\/doswiadczenie\/wodor\/jak-produkowany-jest-wodor\/\",\"url\":\"https:\/\/fiorentini-polska.com\/pl\/doswiadczenie\/wodor\/jak-produkowany-jest-wodor\/\",\"name\":\"Jak produkowany jest wod\u00f3r - Pietro Fiorentini\",\"isPartOf\":{\"@id\":\"https:\/\/fiorentini-polska.com\/pl\/#website\"},\"primaryImageOfPage\":{\"@id\":\"https:\/\/fiorentini-polska.com\/pl\/doswiadczenie\/wodor\/jak-produkowany-jest-wodor\/#primaryimage\"},\"image\":{\"@id\":\"https:\/\/fiorentini-polska.com\/pl\/doswiadczenie\/wodor\/jak-produkowany-jest-wodor\/#primaryimage\"},\"thumbnailUrl\":\"https:\/\/fiorentini-polska.com\/wp-content\/uploads\/2024\/02\/RENEWABLES_h2_energy-1-1024x429-1.jpg\",\"datePublished\":\"2024-02-26T08:53:42+00:00\",\"dateModified\":\"2024-02-28T11:33:40+00:00\",\"description\":\"Wod\u00f3r jest najobficiej wyst\u0119puj\u0105cym pierwiastkiem we wszech\u015bwiecie, jednak na naszej planecie znajdujemy go tylko zwi\u0105zanego z innymi pierwiastkami, takimi jak tlen czy w\u0119giel.\",\"breadcrumb\":{\"@id\":\"https:\/\/fiorentini-polska.com\/pl\/doswiadczenie\/wodor\/jak-produkowany-jest-wodor\/#breadcrumb\"},\"inLanguage\":\"pl-PL\",\"potentialAction\":[{\"@type\":\"ReadAction\",\"target\":[\"https:\/\/fiorentini-polska.com\/pl\/doswiadczenie\/wodor\/jak-produkowany-jest-wodor\/\"]}]},{\"@type\":\"ImageObject\",\"inLanguage\":\"pl-PL\",\"@id\":\"https:\/\/fiorentini-polska.com\/pl\/doswiadczenie\/wodor\/jak-produkowany-jest-wodor\/#primaryimage\",\"url\":\"https:\/\/fiorentini-polska.com\/wp-content\/uploads\/2024\/02\/RENEWABLES_h2_energy-1-1024x429-1.jpg\",\"contentUrl\":\"https:\/\/fiorentini-polska.com\/wp-content\/uploads\/2024\/02\/RENEWABLES_h2_energy-1-1024x429-1.jpg\"},{\"@type\":\"BreadcrumbList\",\"@id\":\"https:\/\/fiorentini-polska.com\/pl\/doswiadczenie\/wodor\/jak-produkowany-jest-wodor\/#breadcrumb\",\"itemListElement\":[{\"@type\":\"ListItem\",\"position\":1,\"name\":\"Home\",\"item\":\"https:\/\/www.fiorentini-polska.com\/pl\/\"},{\"@type\":\"ListItem\",\"position\":2,\"name\":\"Do\u015bwiadczenie\",\"item\":\"https:\/\/fiorentini-polska.com\/pl\/doswiadczenie\/\"},{\"@type\":\"ListItem\",\"position\":3,\"name\":\"Wod\u00f3r\",\"item\":\"https:\/\/fiorentini-polska.com\/pl\/doswiadczenie\/wodor\/\"},{\"@type\":\"ListItem\",\"position\":4,\"name\":\"Jak produkowany jest wod\u00f3r\"}]},{\"@type\":\"WebSite\",\"@id\":\"https:\/\/fiorentini-polska.com\/pl\/#website\",\"url\":\"https:\/\/fiorentini-polska.com\/pl\/\",\"name\":\"Pietro Fiorentini Polska\",\"description\":\"Pietro Fiorentini projektuje i produkuje komponenty, systemy i us\u0142ugi do regulacji, pomiar\u00f3w i zarz\u0105dzania rop\u0105 naftow\u0105 i gazem.\",\"publisher\":{\"@id\":\"https:\/\/fiorentini-polska.com\/pl\/#organization\"},\"potentialAction\":[{\"@type\":\"SearchAction\",\"target\":{\"@type\":\"EntryPoint\",\"urlTemplate\":\"https:\/\/fiorentini-polska.com\/pl\/?s={search_term_string}\"},\"query-input\":{\"@type\":\"PropertyValueSpecification\",\"valueRequired\":true,\"valueName\":\"search_term_string\"}}],\"inLanguage\":\"pl-PL\"},{\"@type\":\"Organization\",\"@id\":\"https:\/\/fiorentini-polska.com\/pl\/#organization\",\"name\":\"Pietro Fiorentini Polska\",\"url\":\"https:\/\/fiorentini-polska.com\/pl\/\",\"logo\":{\"@type\":\"ImageObject\",\"inLanguage\":\"pl-PL\",\"@id\":\"https:\/\/fiorentini-polska.com\/pl\/#\/schema\/logo\/image\/\",\"url\":\"https:\/\/www.fiorentini-polska.com\/wp-content\/uploads\/2021\/07\/LOGO_CMYK_COLOR.png\",\"contentUrl\":\"https:\/\/www.fiorentini-polska.com\/wp-content\/uploads\/2021\/07\/LOGO_CMYK_COLOR.png\",\"width\":3077,\"height\":1259,\"caption\":\"Pietro Fiorentini Polska\"},\"image\":{\"@id\":\"https:\/\/fiorentini-polska.com\/pl\/#\/schema\/logo\/image\/\"},\"sameAs\":[\"https:\/\/x.com\/FiorentiniSpa\"]}]}<\/script>\n<!-- \/ Yoast SEO plugin. -->","yoast_head_json":{"title":"Jak produkowany jest wod\u00f3r - Pietro Fiorentini","description":"Wod\u00f3r jest najobficiej wyst\u0119puj\u0105cym pierwiastkiem we wszech\u015bwiecie, jednak na naszej planecie znajdujemy go tylko zwi\u0105zanego z innymi pierwiastkami, takimi jak tlen czy w\u0119giel.","robots":{"index":"index","follow":"follow","max-snippet":"max-snippet:-1","max-image-preview":"max-image-preview:large","max-video-preview":"max-video-preview:-1"},"canonical":"https:\/\/fiorentini-polska.com\/pl\/doswiadczenie\/wodor\/jak-produkowany-jest-wodor\/","og_locale":"pl_PL","og_type":"article","og_title":"Jak produkowany jest wod\u00f3r - Pietro Fiorentini","og_description":"Wod\u00f3r jest najobficiej wyst\u0119puj\u0105cym pierwiastkiem we wszech\u015bwiecie, jednak na naszej planecie znajdujemy go tylko zwi\u0105zanego z innymi pierwiastkami, takimi jak tlen czy w\u0119giel.","og_url":"https:\/\/fiorentini-polska.com\/pl\/doswiadczenie\/wodor\/jak-produkowany-jest-wodor\/","og_site_name":"Pietro Fiorentini","article_modified_time":"2024-02-28T11:33:40+00:00","og_image":[{"url":"https:\/\/fiorentini-polska.com\/wp-content\/uploads\/2024\/02\/RENEWABLES_h2_energy-1-1024x429-1.jpg","type":"","width":"","height":""}],"twitter_card":"summary_large_image","twitter_site":"@FiorentiniSpa","twitter_misc":{"Szacowany czas czytania":"4 minuty"},"schema":{"@context":"https:\/\/schema.org","@graph":[{"@type":"WebPage","@id":"https:\/\/fiorentini-polska.com\/pl\/doswiadczenie\/wodor\/jak-produkowany-jest-wodor\/","url":"https:\/\/fiorentini-polska.com\/pl\/doswiadczenie\/wodor\/jak-produkowany-jest-wodor\/","name":"Jak produkowany jest wod\u00f3r - Pietro Fiorentini","isPartOf":{"@id":"https:\/\/fiorentini-polska.com\/pl\/#website"},"primaryImageOfPage":{"@id":"https:\/\/fiorentini-polska.com\/pl\/doswiadczenie\/wodor\/jak-produkowany-jest-wodor\/#primaryimage"},"image":{"@id":"https:\/\/fiorentini-polska.com\/pl\/doswiadczenie\/wodor\/jak-produkowany-jest-wodor\/#primaryimage"},"thumbnailUrl":"https:\/\/fiorentini-polska.com\/wp-content\/uploads\/2024\/02\/RENEWABLES_h2_energy-1-1024x429-1.jpg","datePublished":"2024-02-26T08:53:42+00:00","dateModified":"2024-02-28T11:33:40+00:00","description":"Wod\u00f3r jest najobficiej wyst\u0119puj\u0105cym pierwiastkiem we wszech\u015bwiecie, jednak na naszej planecie znajdujemy go tylko zwi\u0105zanego z innymi pierwiastkami, takimi jak tlen czy w\u0119giel.","breadcrumb":{"@id":"https:\/\/fiorentini-polska.com\/pl\/doswiadczenie\/wodor\/jak-produkowany-jest-wodor\/#breadcrumb"},"inLanguage":"pl-PL","potentialAction":[{"@type":"ReadAction","target":["https:\/\/fiorentini-polska.com\/pl\/doswiadczenie\/wodor\/jak-produkowany-jest-wodor\/"]}]},{"@type":"ImageObject","inLanguage":"pl-PL","@id":"https:\/\/fiorentini-polska.com\/pl\/doswiadczenie\/wodor\/jak-produkowany-jest-wodor\/#primaryimage","url":"https:\/\/fiorentini-polska.com\/wp-content\/uploads\/2024\/02\/RENEWABLES_h2_energy-1-1024x429-1.jpg","contentUrl":"https:\/\/fiorentini-polska.com\/wp-content\/uploads\/2024\/02\/RENEWABLES_h2_energy-1-1024x429-1.jpg"},{"@type":"BreadcrumbList","@id":"https:\/\/fiorentini-polska.com\/pl\/doswiadczenie\/wodor\/jak-produkowany-jest-wodor\/#breadcrumb","itemListElement":[{"@type":"ListItem","position":1,"name":"Home","item":"https:\/\/www.fiorentini-polska.com\/pl\/"},{"@type":"ListItem","position":2,"name":"Do\u015bwiadczenie","item":"https:\/\/fiorentini-polska.com\/pl\/doswiadczenie\/"},{"@type":"ListItem","position":3,"name":"Wod\u00f3r","item":"https:\/\/fiorentini-polska.com\/pl\/doswiadczenie\/wodor\/"},{"@type":"ListItem","position":4,"name":"Jak produkowany jest wod\u00f3r"}]},{"@type":"WebSite","@id":"https:\/\/fiorentini-polska.com\/pl\/#website","url":"https:\/\/fiorentini-polska.com\/pl\/","name":"Pietro Fiorentini Polska","description":"Pietro Fiorentini projektuje i produkuje komponenty, systemy i us\u0142ugi do regulacji, pomiar\u00f3w i zarz\u0105dzania rop\u0105 naftow\u0105 i gazem.","publisher":{"@id":"https:\/\/fiorentini-polska.com\/pl\/#organization"},"potentialAction":[{"@type":"SearchAction","target":{"@type":"EntryPoint","urlTemplate":"https:\/\/fiorentini-polska.com\/pl\/?s={search_term_string}"},"query-input":{"@type":"PropertyValueSpecification","valueRequired":true,"valueName":"search_term_string"}}],"inLanguage":"pl-PL"},{"@type":"Organization","@id":"https:\/\/fiorentini-polska.com\/pl\/#organization","name":"Pietro Fiorentini Polska","url":"https:\/\/fiorentini-polska.com\/pl\/","logo":{"@type":"ImageObject","inLanguage":"pl-PL","@id":"https:\/\/fiorentini-polska.com\/pl\/#\/schema\/logo\/image\/","url":"https:\/\/www.fiorentini-polska.com\/wp-content\/uploads\/2021\/07\/LOGO_CMYK_COLOR.png","contentUrl":"https:\/\/www.fiorentini-polska.com\/wp-content\/uploads\/2021\/07\/LOGO_CMYK_COLOR.png","width":3077,"height":1259,"caption":"Pietro Fiorentini Polska"},"image":{"@id":"https:\/\/fiorentini-polska.com\/pl\/#\/schema\/logo\/image\/"},"sameAs":["https:\/\/x.com\/FiorentiniSpa"]}]}},"_links":{"self":[{"href":"https:\/\/fiorentini-polska.com\/pl\/wp-json\/wp\/v2\/pages\/27711","targetHints":{"allow":["GET"]}}],"collection":[{"href":"https:\/\/fiorentini-polska.com\/pl\/wp-json\/wp\/v2\/pages"}],"about":[{"href":"https:\/\/fiorentini-polska.com\/pl\/wp-json\/wp\/v2\/types\/page"}],"author":[{"embeddable":true,"href":"https:\/\/fiorentini-polska.com\/pl\/wp-json\/wp\/v2\/users\/15"}],"replies":[{"embeddable":true,"href":"https:\/\/fiorentini-polska.com\/pl\/wp-json\/wp\/v2\/comments?post=27711"}],"version-history":[{"count":3,"href":"https:\/\/fiorentini-polska.com\/pl\/wp-json\/wp\/v2\/pages\/27711\/revisions"}],"predecessor-version":[{"id":27816,"href":"https:\/\/fiorentini-polska.com\/pl\/wp-json\/wp\/v2\/pages\/27711\/revisions\/27816"}],"up":[{"embeddable":true,"href":"https:\/\/fiorentini-polska.com\/pl\/wp-json\/wp\/v2\/pages\/27663"}],"wp:attachment":[{"href":"https:\/\/fiorentini-polska.com\/pl\/wp-json\/wp\/v2\/media?parent=27711"}],"curies":[{"name":"wp","href":"https:\/\/api.w.org\/{rel}","templated":true}]}}