{"id":27680,"date":"2024-02-23T16:45:08","date_gmt":"2024-02-23T15:45:08","guid":{"rendered":"https:\/\/fiorentini-polska.com\/doswiadczenie\/wodor\/pietro-fiorentinis-hydrogen-innovation-lab\/"},"modified":"2024-02-23T16:54:49","modified_gmt":"2024-02-23T15:54:49","slug":"laboratorium-innowacji-wodorowych-pietro-fiorentiniego","status":"publish","type":"page","link":"https:\/\/fiorentini-polska.com\/pl\/doswiadczenie\/wodor\/laboratorium-innowacji-wodorowych-pietro-fiorentiniego\/","title":{"rendered":"Laboratorium innowacji wodorowych Pietro Fiorentiniego"},"content":{"rendered":"\n<h2 class=\"wp-block-heading has-text-color has-link-color wp-elements-f3c782ba68888ce5e6501d2c87286ba7\" style=\"color:#199782\"><strong>WIOD\u0104CA POZYCJA W PROCESIE TRANSFORMACJI ENERGETYCZNEJ<\/strong><\/h2>\n\n\n\n<p>20 pa\u017adziernika 2022 r. odby\u0142o si\u0119 wirtualne uroczyste otwarcie <strong>Laboratorium Innowacji Wodorowych<\/strong>. W ramach tego projektu zbudowano wielofunkcyjny obiekt, w kt\u00f3rym wod\u00f3r mo\u017ce by\u0107 wytwarzany w procesie elektrolizy i wykorzystywany, w kt\u00f3rym mo\u017cna miesza\u0107 wod\u00f3r z gazem ziemnym oraz testowa\u0107 gotowo\u015b\u0107 urz\u0105dze\u0144 wykorzystywanych w istniej\u0105cych sieciach.\u00a0<\/p>\n\n\n\n<ol class=\"wp-block-list\">\n<li><strong><a href=\"#how-the-laboratory-came-to-be\">Jak powsta\u0142o laboratorium innowacji wodorowych<\/a><\/strong><\/li>\n\n\n\n<li><strong><a href=\"#challenges-in-implementation\">Wyzwania zwi\u0105zane z wdro\u017ceniem<\/a><\/strong><\/li>\n\n\n\n<li><strong><a href=\"#at-the-hearth-of-the-laboratory\">W sercu Laboratorium Innowacji Wodorowych<\/a><\/strong><\/li>\n\n\n\n<li><strong><a href=\"#an-innovation-centre-for-the-community\">Centrum innowacji dla spo\u0142eczno\u015bci<\/a><\/strong><br>\u00a0  <\/li>\n<\/ol>\n\n\n\n<figure class=\"wp-block-embed is-type-video is-provider-youtube wp-block-embed-youtube wp-embed-aspect-16-9 wp-has-aspect-ratio\"><div class=\"wp-block-embed__wrapper\">\nhttps:\/\/www.youtube.com\/watch?v=xXFN3mcy96U\n<\/div><\/figure>\n\n\n\n<h3 class=\"wp-block-heading\" id=\"how-the-laboratory-came-to-be\"> <br>Jak powsta\u0142o laboratorium innowacji wodorowych<\/h3>\n\n\n\n<p>Pietro Fiorentini rozpocz\u0119\u0142o swoj\u0105 wodorow\u0105 podr\u00f3\u017c w grudniu 2018 roku, bior\u0105c udzia\u0142 w konferencji projektu Hy4Heat w Londynie. Wydarzenie to zapocz\u0105tkowa\u0142o rozw\u00f3j rozwi\u0105za\u0144 w dziedzinie wodoru. Ju\u017c na tym etapie pojawi\u0142a si\u0119 potrzeba przetestowania zachowania istniej\u0105cych <strong>produkt\u00f3w na gaz<\/strong> ziemny pod k\u0105tem ich zachowania z wodorem. Ze wzgl\u0119du na trudno\u015bci w znalezieniu zewn\u0119trznych laboratori\u00f3w i ch\u0119\u0107 przeprowadzenia szeroko zakrojonych test\u00f3w z pierwszej r\u0119ki, na pierwszy plan wysun\u0105\u0142 si\u0119 pomys\u0142 <strong>zaprojektowania laboratorium<\/strong> wodorowego.<\/p>\n\n\n\n<p>Efektem ko\u0144cowym jest kompletny obiekt, sk\u0142adaj\u0105cy si\u0119 z obszaru produkcji wodoru, pomieszczenia, w kt\u00f3rym przeprowadza si\u0119 mieszanie wodoru i gazu ziemnego, oraz rzeczywistego laboratorium, w kt\u00f3rym istniej\u0105ce urz\u0105dzenia s\u0105 testowane z mieszaniem wodoru i gazu ziemnego lub 100% wodoru.<br>\u00a0<\/p>\n\n\n\n<h3 class=\"wp-block-heading\" id=\"challenges-in-implementation\"><strong>Wyzwania zwi\u0105zane z wdro\u017ceniem<\/strong><\/h3>\n\n\n\n<p>Wdro\u017cenie Hydrogen Innovation Lab nie by\u0142o \u0142atwe. Nie by\u0142o wielu precedens\u00f3w, do kt\u00f3rych mo\u017cna by si\u0119 odnie\u015b\u0107: nawet dzi\u015b temat wykorzystania wodoru w sieciach dystrybucyjnych <strong>nie jest zbyt szczeg\u00f3\u0142owy i znajdujemy<\/strong> si\u0119 w fazie niepewno\u015bci, w tym niepewno\u015bci regulacyjnej.<\/p>\n\n\n\n<p>Z tego powodu wst\u0119pny projekt wymaga\u0142 wiele wysi\u0142ku. Jeszcze przed aspektami funkcjonalnymi, Pietro Fiorentini dog\u0142\u0119bnie zaj\u0105\u0142 si\u0119 kwestiami bezpiecze\u0144stwa poprzez dok\u0142adn\u0105 <strong>analiz\u0119 ryzyka<\/strong>.<\/p>\n\n\n\n<p>Wysi\u0142ek zespo\u0142u, kt\u00f3ry pracowa\u0142 razem, aby zrealizowa\u0107 te wyzwania, zosta\u0142 nagrodzony ogromnym zainteresowaniem, jakie Pietro Fiorentini otrzyma\u0142o, gdy zacz\u0119\u0142y nap\u0142ywa\u0107 pro\u015bby o wsparcie od historycznych klient\u00f3w ze \u015bwiata gazu ziemnego, chc\u0105cych dowiedzie\u0107 si\u0119 wi\u0119cej o mo\u017cliwo\u015bciach, <strong>jakie niesie ze sob\u0105 wod\u00f3r<\/strong>.<br>\u00a0<\/p>\n\n\n\n<h3 class=\"wp-block-heading\" id=\"at-the-hearth-of-the-laboratory\"><strong>W sercu laboratorium innowacji wodorowych<\/strong><\/h3>\n\n\n\n<p>Laboratorium Innowacji Wodorowych zosta\u0142o zaprojektowane do pracy z wodorem pochodz\u0105cym z generatora znajduj\u0105cego si\u0119 przed obiektem oraz z normalnym gazem pochodz\u0105cym z sieci gazowej. Praktyka pracy z dwoma gazami, w szczeg\u00f3lno\u015bci wodorem i gazem ziemnym, polegaj\u0105ca na mieszaniu ich w r\u00f3\u017cnych proporcjach, nazywana jest <strong>mieszaniem wodoru<\/strong>. Parametry, kt\u00f3re nale\u017cy wzi\u0105\u0107 pod uwag\u0119 przy mieszaniu wodoru, to g\u0142\u00f3wnie ci\u015bnienie, temperatura, nat\u0119\u017cenie przep\u0142ywu i wilgotno\u015b\u0107 mieszaniny.<\/p>\n\n\n\n<p>Poniewa\u017c wod\u00f3r i gaz ziemny maj\u0105 r\u00f3\u017cne ci\u015bnienia wlotowe, istniej\u0105 dwie oddzielne linie, <strong>kt\u00f3re wykonuj\u0105 pocz\u0105tkowy skok ci\u015bnienia<\/strong>, aby osi\u0105gn\u0105\u0107 prawie identyczne ci\u015bnienia i temperatury mieszania. Mieszanie wodoru odbywa si\u0119 za po\u015brednictwem stacji mieszania sk\u0142adaj\u0105cej si\u0119 z trzech regulator\u00f3w przep\u0142ywu masowego, dw\u00f3ch na linii wodoru i jednego na linii gazu ziemnego: s\u0105 to przep\u0142ywomierze pod\u0142\u0105czone do <strong>elektrozaworu z ci\u0105g\u0142\u0105 regulacj\u0105<\/strong>. Po ustawieniu \u017c\u0105danej mieszanki system sterowania precyzyjnie dostosowuje otwarcie zawor\u00f3w, aby zapewni\u0107 prawid\u0142owe nat\u0119\u017cenia przep\u0142ywu w dw\u00f3ch ga\u0142\u0119ziach obwodu i utrzyma\u0107 r\u00f3wnowag\u0119 ko\u0144cowej mieszanki. Laboratorium zosta\u0142o zaprojektowane tak, aby by\u0142o w stanie wytworzy\u0107 dowoln\u0105 mieszanin\u0119 dw\u00f3ch gaz\u00f3w, <strong>a\u017c do pracy wy\u0142\u0105cznie z wodorem w\u0142\u0105cznie<\/strong>.<\/p>\n\n\n\n<p>Zanim mieszaniny z wodorem zostan\u0105 wprowadzone do istniej\u0105cych sieci, konieczne jest upewnienie si\u0119, \u017ce produkty u\u017cywane do zarz\u0105dzania ci\u015bnieniem i pomiaru fiskalnego s\u0105 odpowiednie do tego celu poprzez wsp\u00f3ln\u0105 \u015bcie\u017ck\u0119 bada\u0144, eksperyment\u00f3w i obserwacji w celu przetestowania materia\u0142\u00f3w i wydajno\u015bci urz\u0105dze\u0144. <strong>Laboratorium Innowacji Wodorowych zosta\u0142o r\u00f3wnie\u017c stworzone w celu oceny gotowo\u015bci przyrz\u0105d\u00f3w u\u017cywanych w siec<\/strong>i, czyli ich zdolno\u015bci do obs\u0142ugi r\u00f3\u017cnych mieszanin wodoru i gazu ziemnego. W laboratorium przeprowadzane s\u0105 r\u00f3\u017cne testy przep\u0142ywu na regulatorach i licznikach z czystym wodorem lub mieszaninami, kt\u00f3rych jako\u015b\u0107 jest weryfikowana w czasie rzeczywistym za pomoc\u0105 analizy chromatografii gazowej. Stanowisko testowe do badania licznik\u00f3w jest zgodne ze wskaz\u00f3wkami zawartymi w niedawno <a href=\"https:\/\/www.sciencedirect.com\/science\/article\/pii\/S0263224122010788\" target=\"_blank\" rel=\"noreferrer noopener\">opublikowanym artykule naukowym<\/a>, kt\u00f3rego jednym z autor\u00f3w jest Pietro Fiorentini.<br>\u00a0<\/p>\n\n\n\n<figure class=\"wp-block-gallery has-nested-images columns-default is-cropped wp-block-gallery-1 is-layout-flex wp-block-gallery-is-layout-flex\">\n<figure data-wp-context=\"{&quot;imageId&quot;:&quot;69dc9d59881fc&quot;}\" data-wp-interactive=\"core\/image\" data-wp-key=\"69dc9d59881fc\" class=\"wp-block-image size-full wp-lightbox-container\"><img decoding=\"async\" data-wp-class--hide=\"state.isContentHidden\" data-wp-class--show=\"state.isContentVisible\" data-wp-init=\"callbacks.setButtonStyles\" data-wp-on--click=\"actions.showLightbox\" data-wp-on--load=\"callbacks.setButtonStyles\" data-wp-on-window--resize=\"callbacks.setButtonStyles\" data-id=\"49005\" src=\"https:\/\/www.fiorentini-iberia.com\/wp-content\/uploads\/2024\/02\/hydrogen-lab-1.jpg\" alt=\"\" class=\"wp-image-49005\"\/><button\n\t\t\tclass=\"lightbox-trigger\"\n\t\t\ttype=\"button\"\n\t\t\taria-haspopup=\"dialog\"\n\t\t\taria-label=\"Powi\u0119ksz\"\n\t\t\tdata-wp-init=\"callbacks.initTriggerButton\"\n\t\t\tdata-wp-on--click=\"actions.showLightbox\"\n\t\t\tdata-wp-style--right=\"state.imageButtonRight\"\n\t\t\tdata-wp-style--top=\"state.imageButtonTop\"\n\t\t>\n\t\t\t<svg xmlns=\"http:\/\/www.w3.org\/2000\/svg\" width=\"12\" height=\"12\" fill=\"none\" viewBox=\"0 0 12 12\">\n\t\t\t\t<path fill=\"#fff\" d=\"M2 0a2 2 0 0 0-2 2v2h1.5V2a.5.5 0 0 1 .5-.5h2V0H2Zm2 10.5H2a.5.5 0 0 1-.5-.5V8H0v2a2 2 0 0 0 2 2h2v-1.5ZM8 12v-1.5h2a.5.5 0 0 0 .5-.5V8H12v2a2 2 0 0 1-2 2H8Zm2-12a2 2 0 0 1 2 2v2h-1.5V2a.5.5 0 0 0-.5-.5H8V0h2Z\" \/>\n\t\t\t<\/svg>\n\t\t<\/button><\/figure>\n\n\n\n<figure data-wp-context=\"{&quot;imageId&quot;:&quot;69dc9d5988714&quot;}\" data-wp-interactive=\"core\/image\" data-wp-key=\"69dc9d5988714\" class=\"wp-block-image size-full wp-lightbox-container\"><img decoding=\"async\" data-wp-class--hide=\"state.isContentHidden\" data-wp-class--show=\"state.isContentVisible\" data-wp-init=\"callbacks.setButtonStyles\" data-wp-on--click=\"actions.showLightbox\" data-wp-on--load=\"callbacks.setButtonStyles\" data-wp-on-window--resize=\"callbacks.setButtonStyles\" data-id=\"49013\" src=\"https:\/\/www.fiorentini-iberia.com\/wp-content\/uploads\/2024\/02\/hydrogen-lab-2-1024x682-1.jpg\" alt=\"\" class=\"wp-image-49013\"\/><button\n\t\t\tclass=\"lightbox-trigger\"\n\t\t\ttype=\"button\"\n\t\t\taria-haspopup=\"dialog\"\n\t\t\taria-label=\"Powi\u0119ksz\"\n\t\t\tdata-wp-init=\"callbacks.initTriggerButton\"\n\t\t\tdata-wp-on--click=\"actions.showLightbox\"\n\t\t\tdata-wp-style--right=\"state.imageButtonRight\"\n\t\t\tdata-wp-style--top=\"state.imageButtonTop\"\n\t\t>\n\t\t\t<svg xmlns=\"http:\/\/www.w3.org\/2000\/svg\" width=\"12\" height=\"12\" fill=\"none\" viewBox=\"0 0 12 12\">\n\t\t\t\t<path fill=\"#fff\" d=\"M2 0a2 2 0 0 0-2 2v2h1.5V2a.5.5 0 0 1 .5-.5h2V0H2Zm2 10.5H2a.5.5 0 0 1-.5-.5V8H0v2a2 2 0 0 0 2 2h2v-1.5ZM8 12v-1.5h2a.5.5 0 0 0 .5-.5V8H12v2a2 2 0 0 1-2 2H8Zm2-12a2 2 0 0 1 2 2v2h-1.5V2a.5.5 0 0 0-.5-.5H8V0h2Z\" \/>\n\t\t\t<\/svg>\n\t\t<\/button><\/figure>\n\n\n\n<figure data-wp-context=\"{&quot;imageId&quot;:&quot;69dc9d5988b0b&quot;}\" data-wp-interactive=\"core\/image\" data-wp-key=\"69dc9d5988b0b\" class=\"wp-block-image size-full wp-lightbox-container\"><img decoding=\"async\" data-wp-class--hide=\"state.isContentHidden\" data-wp-class--show=\"state.isContentVisible\" data-wp-init=\"callbacks.setButtonStyles\" data-wp-on--click=\"actions.showLightbox\" data-wp-on--load=\"callbacks.setButtonStyles\" data-wp-on-window--resize=\"callbacks.setButtonStyles\" data-id=\"49009\" src=\"https:\/\/www.fiorentini-iberia.com\/wp-content\/uploads\/2024\/02\/hydrogen-lab-3-1024x676-1.jpg\" alt=\"\" class=\"wp-image-49009\"\/><button\n\t\t\tclass=\"lightbox-trigger\"\n\t\t\ttype=\"button\"\n\t\t\taria-haspopup=\"dialog\"\n\t\t\taria-label=\"Powi\u0119ksz\"\n\t\t\tdata-wp-init=\"callbacks.initTriggerButton\"\n\t\t\tdata-wp-on--click=\"actions.showLightbox\"\n\t\t\tdata-wp-style--right=\"state.imageButtonRight\"\n\t\t\tdata-wp-style--top=\"state.imageButtonTop\"\n\t\t>\n\t\t\t<svg xmlns=\"http:\/\/www.w3.org\/2000\/svg\" width=\"12\" height=\"12\" fill=\"none\" viewBox=\"0 0 12 12\">\n\t\t\t\t<path fill=\"#fff\" d=\"M2 0a2 2 0 0 0-2 2v2h1.5V2a.5.5 0 0 1 .5-.5h2V0H2Zm2 10.5H2a.5.5 0 0 1-.5-.5V8H0v2a2 2 0 0 0 2 2h2v-1.5ZM8 12v-1.5h2a.5.5 0 0 0 .5-.5V8H12v2a2 2 0 0 1-2 2H8Zm2-12a2 2 0 0 1 2 2v2h-1.5V2a.5.5 0 0 0-.5-.5H8V0h2Z\" \/>\n\t\t\t<\/svg>\n\t\t<\/button><\/figure>\n<\/figure>\n\n\n\n<p>&nbsp;<\/p>\n\n\n\n<h3 class=\"wp-block-heading\" id=\"an-innovation-centre-for-the-community\">Centrum innowacji dla spo\u0142eczno\u015bci<\/h3>\n\n\n\n<p>Celem Laboratorium Innowacji Wodorowych Pietro Fiorentiniego jest nie tylko bycie prostym obszarem testowym dla produkt\u00f3w Grupy: <strong>g\u0142\u00f3wnym celem budowy laboratorium jest uczynienie z niego prawdziwego akceleratora rozwoju<\/strong>, katalizatora tworzenia nowych technologii, kt\u00f3re mog\u0105 generowa\u0107 por\u00f3wnania i innowacyjne rozwi\u0105zania wraz z innymi podmiotami i firmami z sektora,<strong> tworz\u0105c centrum doskona\u0142o\u015bci dla W\u0142och<\/strong>.<\/p>\n\n\n\n<p>Opr\u00f3cz tego por\u00f3wnania konieczne jest r\u00f3wnie\u017c nawi\u0105zanie kontaktu z konsumentem ko\u0144cowym, poniewa\u017c transformacja energetyczna koniecznie zaczyna si\u0119 od u\u017cytkownik\u00f3w, kt\u00f3rzy musz\u0105 postrzega\u0107 nowe technologie jako szans\u0119, a nie zagro\u017cenie: <strong>dlatego Hydrogen Innovation Lab chce by\u0107 r\u00f3wnie\u017c centrum edukacyjnym i informacyjnym dla spo\u0142eczno\u015bci<\/strong>.<\/p>\n\n\n\n<p><\/p>\n","protected":false},"excerpt":{"rendered":"<p>Wodorowa podr\u00f3\u017c Pietro Fiorentiniego osi\u0105gn\u0119\u0142a wa\u017cny kamie\u0144 milowy w pa\u017adzierniku 2022 r. wraz z inauguracj\u0105 laboratorium wodorowego, wielofunkcyjnego obiektu w siedzibie Arcugnano, zdolnego do produkcji wodoru, mieszania gaz\u00f3w i testowania gotowo\u015bci urz\u0105dze\u0144.<\/p>\n","protected":false},"author":15,"featured_media":0,"parent":27663,"menu_order":0,"comment_status":"closed","ping_status":"closed","template":"","meta":{"_acf_changed":false,"inline_featured_image":false,"footnotes":""},"class_list":["post-27680","page","type-page","status-publish","hentry"],"acf":[],"yoast_head":"<!-- This site is optimized with the Yoast SEO plugin v27.2 - https:\/\/yoast.com\/product\/yoast-seo-wordpress\/ -->\n<title>Laboratorium innowacji wodorowych Pietro Fiorentiniego - Pietro Fiorentini<\/title>\n<meta name=\"description\" content=\"20 pa\u017adziernika 2022 r. odby\u0142o si\u0119 wirtualne wielkie otwarcie Laboratorium Innowacji Wodorowych.\" \/>\n<meta name=\"robots\" content=\"index, follow, max-snippet:-1, max-image-preview:large, max-video-preview:-1\" \/>\n<link rel=\"canonical\" href=\"https:\/\/fiorentini-polska.com\/pl\/doswiadczenie\/wodor\/laboratorium-innowacji-wodorowych-pietro-fiorentiniego\/\" \/>\n<meta property=\"og:locale\" content=\"pl_PL\" \/>\n<meta property=\"og:type\" content=\"article\" \/>\n<meta property=\"og:title\" content=\"Laboratorium innowacji wodorowych Pietro Fiorentiniego - Pietro Fiorentini\" \/>\n<meta property=\"og:description\" content=\"20 pa\u017adziernika 2022 r. odby\u0142o si\u0119 wirtualne wielkie otwarcie Laboratorium Innowacji Wodorowych.\" \/>\n<meta property=\"og:url\" content=\"https:\/\/fiorentini-polska.com\/pl\/doswiadczenie\/wodor\/laboratorium-innowacji-wodorowych-pietro-fiorentiniego\/\" \/>\n<meta property=\"og:site_name\" content=\"Pietro Fiorentini\" \/>\n<meta property=\"article:modified_time\" content=\"2024-02-23T15:54:49+00:00\" \/>\n<meta property=\"og:image\" content=\"https:\/\/www.fiorentini-iberia.com\/wp-content\/uploads\/2024\/02\/hydrogen-lab-1.jpg\" \/>\n<meta name=\"twitter:card\" content=\"summary_large_image\" \/>\n<meta name=\"twitter:site\" content=\"@FiorentiniSpa\" \/>\n<meta name=\"twitter:label1\" content=\"Szacowany czas czytania\" \/>\n\t<meta name=\"twitter:data1\" content=\"4 minuty\" \/>\n<script type=\"application\/ld+json\" class=\"yoast-schema-graph\">{\"@context\":\"https:\/\/schema.org\",\"@graph\":[{\"@type\":\"WebPage\",\"@id\":\"https:\/\/fiorentini-polska.com\/pl\/doswiadczenie\/wodor\/laboratorium-innowacji-wodorowych-pietro-fiorentiniego\/\",\"url\":\"https:\/\/fiorentini-polska.com\/pl\/doswiadczenie\/wodor\/laboratorium-innowacji-wodorowych-pietro-fiorentiniego\/\",\"name\":\"Laboratorium innowacji wodorowych Pietro Fiorentiniego - Pietro Fiorentini\",\"isPartOf\":{\"@id\":\"https:\/\/fiorentini-polska.com\/pl\/#website\"},\"primaryImageOfPage\":{\"@id\":\"https:\/\/fiorentini-polska.com\/pl\/doswiadczenie\/wodor\/laboratorium-innowacji-wodorowych-pietro-fiorentiniego\/#primaryimage\"},\"image\":{\"@id\":\"https:\/\/fiorentini-polska.com\/pl\/doswiadczenie\/wodor\/laboratorium-innowacji-wodorowych-pietro-fiorentiniego\/#primaryimage\"},\"thumbnailUrl\":\"https:\/\/www.fiorentini-iberia.com\/wp-content\/uploads\/2024\/02\/hydrogen-lab-1.jpg\",\"datePublished\":\"2024-02-23T15:45:08+00:00\",\"dateModified\":\"2024-02-23T15:54:49+00:00\",\"description\":\"20 pa\u017adziernika 2022 r. odby\u0142o si\u0119 wirtualne wielkie otwarcie Laboratorium Innowacji Wodorowych.\",\"breadcrumb\":{\"@id\":\"https:\/\/fiorentini-polska.com\/pl\/doswiadczenie\/wodor\/laboratorium-innowacji-wodorowych-pietro-fiorentiniego\/#breadcrumb\"},\"inLanguage\":\"pl-PL\",\"potentialAction\":[{\"@type\":\"ReadAction\",\"target\":[\"https:\/\/fiorentini-polska.com\/pl\/doswiadczenie\/wodor\/laboratorium-innowacji-wodorowych-pietro-fiorentiniego\/\"]}]},{\"@type\":\"ImageObject\",\"inLanguage\":\"pl-PL\",\"@id\":\"https:\/\/fiorentini-polska.com\/pl\/doswiadczenie\/wodor\/laboratorium-innowacji-wodorowych-pietro-fiorentiniego\/#primaryimage\",\"url\":\"https:\/\/www.fiorentini-iberia.com\/wp-content\/uploads\/2024\/02\/hydrogen-lab-1.jpg\",\"contentUrl\":\"https:\/\/www.fiorentini-iberia.com\/wp-content\/uploads\/2024\/02\/hydrogen-lab-1.jpg\"},{\"@type\":\"BreadcrumbList\",\"@id\":\"https:\/\/fiorentini-polska.com\/pl\/doswiadczenie\/wodor\/laboratorium-innowacji-wodorowych-pietro-fiorentiniego\/#breadcrumb\",\"itemListElement\":[{\"@type\":\"ListItem\",\"position\":1,\"name\":\"Home\",\"item\":\"https:\/\/www.fiorentini-polska.com\/pl\/\"},{\"@type\":\"ListItem\",\"position\":2,\"name\":\"Do\u015bwiadczenie\",\"item\":\"https:\/\/fiorentini-polska.com\/pl\/doswiadczenie\/\"},{\"@type\":\"ListItem\",\"position\":3,\"name\":\"Wod\u00f3r\",\"item\":\"https:\/\/fiorentini-polska.com\/pl\/doswiadczenie\/wodor\/\"},{\"@type\":\"ListItem\",\"position\":4,\"name\":\"Laboratorium innowacji wodorowych Pietro Fiorentiniego\"}]},{\"@type\":\"WebSite\",\"@id\":\"https:\/\/fiorentini-polska.com\/pl\/#website\",\"url\":\"https:\/\/fiorentini-polska.com\/pl\/\",\"name\":\"Pietro Fiorentini Polska\",\"description\":\"Pietro Fiorentini projektuje i produkuje komponenty, systemy i us\u0142ugi do regulacji, pomiar\u00f3w i zarz\u0105dzania rop\u0105 naftow\u0105 i gazem.\",\"publisher\":{\"@id\":\"https:\/\/fiorentini-polska.com\/pl\/#organization\"},\"potentialAction\":[{\"@type\":\"SearchAction\",\"target\":{\"@type\":\"EntryPoint\",\"urlTemplate\":\"https:\/\/fiorentini-polska.com\/pl\/?s={search_term_string}\"},\"query-input\":{\"@type\":\"PropertyValueSpecification\",\"valueRequired\":true,\"valueName\":\"search_term_string\"}}],\"inLanguage\":\"pl-PL\"},{\"@type\":\"Organization\",\"@id\":\"https:\/\/fiorentini-polska.com\/pl\/#organization\",\"name\":\"Pietro Fiorentini Polska\",\"url\":\"https:\/\/fiorentini-polska.com\/pl\/\",\"logo\":{\"@type\":\"ImageObject\",\"inLanguage\":\"pl-PL\",\"@id\":\"https:\/\/fiorentini-polska.com\/pl\/#\/schema\/logo\/image\/\",\"url\":\"https:\/\/www.fiorentini-polska.com\/wp-content\/uploads\/2021\/07\/LOGO_CMYK_COLOR.png\",\"contentUrl\":\"https:\/\/www.fiorentini-polska.com\/wp-content\/uploads\/2021\/07\/LOGO_CMYK_COLOR.png\",\"width\":3077,\"height\":1259,\"caption\":\"Pietro Fiorentini Polska\"},\"image\":{\"@id\":\"https:\/\/fiorentini-polska.com\/pl\/#\/schema\/logo\/image\/\"},\"sameAs\":[\"https:\/\/x.com\/FiorentiniSpa\"]}]}<\/script>\n<!-- \/ Yoast SEO plugin. -->","yoast_head_json":{"title":"Laboratorium innowacji wodorowych Pietro Fiorentiniego - Pietro Fiorentini","description":"20 pa\u017adziernika 2022 r. odby\u0142o si\u0119 wirtualne wielkie otwarcie Laboratorium Innowacji Wodorowych.","robots":{"index":"index","follow":"follow","max-snippet":"max-snippet:-1","max-image-preview":"max-image-preview:large","max-video-preview":"max-video-preview:-1"},"canonical":"https:\/\/fiorentini-polska.com\/pl\/doswiadczenie\/wodor\/laboratorium-innowacji-wodorowych-pietro-fiorentiniego\/","og_locale":"pl_PL","og_type":"article","og_title":"Laboratorium innowacji wodorowych Pietro Fiorentiniego - Pietro Fiorentini","og_description":"20 pa\u017adziernika 2022 r. odby\u0142o si\u0119 wirtualne wielkie otwarcie Laboratorium Innowacji Wodorowych.","og_url":"https:\/\/fiorentini-polska.com\/pl\/doswiadczenie\/wodor\/laboratorium-innowacji-wodorowych-pietro-fiorentiniego\/","og_site_name":"Pietro Fiorentini","article_modified_time":"2024-02-23T15:54:49+00:00","og_image":[{"url":"https:\/\/www.fiorentini-iberia.com\/wp-content\/uploads\/2024\/02\/hydrogen-lab-1.jpg","type":"","width":"","height":""}],"twitter_card":"summary_large_image","twitter_site":"@FiorentiniSpa","twitter_misc":{"Szacowany czas czytania":"4 minuty"},"schema":{"@context":"https:\/\/schema.org","@graph":[{"@type":"WebPage","@id":"https:\/\/fiorentini-polska.com\/pl\/doswiadczenie\/wodor\/laboratorium-innowacji-wodorowych-pietro-fiorentiniego\/","url":"https:\/\/fiorentini-polska.com\/pl\/doswiadczenie\/wodor\/laboratorium-innowacji-wodorowych-pietro-fiorentiniego\/","name":"Laboratorium innowacji wodorowych Pietro Fiorentiniego - Pietro Fiorentini","isPartOf":{"@id":"https:\/\/fiorentini-polska.com\/pl\/#website"},"primaryImageOfPage":{"@id":"https:\/\/fiorentini-polska.com\/pl\/doswiadczenie\/wodor\/laboratorium-innowacji-wodorowych-pietro-fiorentiniego\/#primaryimage"},"image":{"@id":"https:\/\/fiorentini-polska.com\/pl\/doswiadczenie\/wodor\/laboratorium-innowacji-wodorowych-pietro-fiorentiniego\/#primaryimage"},"thumbnailUrl":"https:\/\/www.fiorentini-iberia.com\/wp-content\/uploads\/2024\/02\/hydrogen-lab-1.jpg","datePublished":"2024-02-23T15:45:08+00:00","dateModified":"2024-02-23T15:54:49+00:00","description":"20 pa\u017adziernika 2022 r. odby\u0142o si\u0119 wirtualne wielkie otwarcie Laboratorium Innowacji Wodorowych.","breadcrumb":{"@id":"https:\/\/fiorentini-polska.com\/pl\/doswiadczenie\/wodor\/laboratorium-innowacji-wodorowych-pietro-fiorentiniego\/#breadcrumb"},"inLanguage":"pl-PL","potentialAction":[{"@type":"ReadAction","target":["https:\/\/fiorentini-polska.com\/pl\/doswiadczenie\/wodor\/laboratorium-innowacji-wodorowych-pietro-fiorentiniego\/"]}]},{"@type":"ImageObject","inLanguage":"pl-PL","@id":"https:\/\/fiorentini-polska.com\/pl\/doswiadczenie\/wodor\/laboratorium-innowacji-wodorowych-pietro-fiorentiniego\/#primaryimage","url":"https:\/\/www.fiorentini-iberia.com\/wp-content\/uploads\/2024\/02\/hydrogen-lab-1.jpg","contentUrl":"https:\/\/www.fiorentini-iberia.com\/wp-content\/uploads\/2024\/02\/hydrogen-lab-1.jpg"},{"@type":"BreadcrumbList","@id":"https:\/\/fiorentini-polska.com\/pl\/doswiadczenie\/wodor\/laboratorium-innowacji-wodorowych-pietro-fiorentiniego\/#breadcrumb","itemListElement":[{"@type":"ListItem","position":1,"name":"Home","item":"https:\/\/www.fiorentini-polska.com\/pl\/"},{"@type":"ListItem","position":2,"name":"Do\u015bwiadczenie","item":"https:\/\/fiorentini-polska.com\/pl\/doswiadczenie\/"},{"@type":"ListItem","position":3,"name":"Wod\u00f3r","item":"https:\/\/fiorentini-polska.com\/pl\/doswiadczenie\/wodor\/"},{"@type":"ListItem","position":4,"name":"Laboratorium innowacji wodorowych Pietro Fiorentiniego"}]},{"@type":"WebSite","@id":"https:\/\/fiorentini-polska.com\/pl\/#website","url":"https:\/\/fiorentini-polska.com\/pl\/","name":"Pietro Fiorentini Polska","description":"Pietro Fiorentini projektuje i produkuje komponenty, systemy i us\u0142ugi do regulacji, pomiar\u00f3w i zarz\u0105dzania rop\u0105 naftow\u0105 i gazem.","publisher":{"@id":"https:\/\/fiorentini-polska.com\/pl\/#organization"},"potentialAction":[{"@type":"SearchAction","target":{"@type":"EntryPoint","urlTemplate":"https:\/\/fiorentini-polska.com\/pl\/?s={search_term_string}"},"query-input":{"@type":"PropertyValueSpecification","valueRequired":true,"valueName":"search_term_string"}}],"inLanguage":"pl-PL"},{"@type":"Organization","@id":"https:\/\/fiorentini-polska.com\/pl\/#organization","name":"Pietro Fiorentini Polska","url":"https:\/\/fiorentini-polska.com\/pl\/","logo":{"@type":"ImageObject","inLanguage":"pl-PL","@id":"https:\/\/fiorentini-polska.com\/pl\/#\/schema\/logo\/image\/","url":"https:\/\/www.fiorentini-polska.com\/wp-content\/uploads\/2021\/07\/LOGO_CMYK_COLOR.png","contentUrl":"https:\/\/www.fiorentini-polska.com\/wp-content\/uploads\/2021\/07\/LOGO_CMYK_COLOR.png","width":3077,"height":1259,"caption":"Pietro Fiorentini Polska"},"image":{"@id":"https:\/\/fiorentini-polska.com\/pl\/#\/schema\/logo\/image\/"},"sameAs":["https:\/\/x.com\/FiorentiniSpa"]}]}},"_links":{"self":[{"href":"https:\/\/fiorentini-polska.com\/pl\/wp-json\/wp\/v2\/pages\/27680","targetHints":{"allow":["GET"]}}],"collection":[{"href":"https:\/\/fiorentini-polska.com\/pl\/wp-json\/wp\/v2\/pages"}],"about":[{"href":"https:\/\/fiorentini-polska.com\/pl\/wp-json\/wp\/v2\/types\/page"}],"author":[{"embeddable":true,"href":"https:\/\/fiorentini-polska.com\/pl\/wp-json\/wp\/v2\/users\/15"}],"replies":[{"embeddable":true,"href":"https:\/\/fiorentini-polska.com\/pl\/wp-json\/wp\/v2\/comments?post=27680"}],"version-history":[{"count":2,"href":"https:\/\/fiorentini-polska.com\/pl\/wp-json\/wp\/v2\/pages\/27680\/revisions"}],"predecessor-version":[{"id":27683,"href":"https:\/\/fiorentini-polska.com\/pl\/wp-json\/wp\/v2\/pages\/27680\/revisions\/27683"}],"up":[{"embeddable":true,"href":"https:\/\/fiorentini-polska.com\/pl\/wp-json\/wp\/v2\/pages\/27663"}],"wp:attachment":[{"href":"https:\/\/fiorentini-polska.com\/pl\/wp-json\/wp\/v2\/media?parent=27680"}],"curies":[{"name":"wp","href":"https:\/\/api.w.org\/{rel}","templated":true}]}}