{"id":27670,"date":"2024-02-13T23:15:23","date_gmt":"2024-02-13T22:15:23","guid":{"rendered":"https:\/\/fiorentini-polska.com\/doswiadczenie\/wodor\/pf-hydrogen-journey\/"},"modified":"2024-02-23T16:28:24","modified_gmt":"2024-02-23T15:28:24","slug":"pf-hydrogen-journey","status":"publish","type":"page","link":"https:\/\/fiorentini-polska.com\/pl\/doswiadczenie\/wodor\/pf-hydrogen-journey\/","title":{"rendered":"PF wodorowa droga"},"content":{"rendered":"\n<h2 class=\"wp-block-heading\"><strong>Wk\u0142ad Pietro Fiorentini w technologi\u0119 wodorow\u0105<\/strong><\/h2>\n\n\n\n<div style=\"height:32px\" aria-hidden=\"true\" class=\"wp-block-spacer\"><\/div>\n\n\n<div class=\"wp-block-image\">\n<figure class=\"aligncenter size-full\"><img loading=\"lazy\" decoding=\"async\" width=\"1670\" height=\"699\" src=\"https:\/\/fiorentini-polska.com\/wp-content\/uploads\/2024\/02\/RENEWABLES_h2_pipeline_regulator-1.jpg\" alt=\"\" class=\"wp-image-27389\" srcset=\"https:\/\/fiorentini-polska.com\/wp-content\/uploads\/2024\/02\/RENEWABLES_h2_pipeline_regulator-1.jpg 1670w, https:\/\/fiorentini-polska.com\/wp-content\/uploads\/2024\/02\/RENEWABLES_h2_pipeline_regulator-1-300x126.jpg 300w, https:\/\/fiorentini-polska.com\/wp-content\/uploads\/2024\/02\/RENEWABLES_h2_pipeline_regulator-1-1024x429.jpg 1024w, https:\/\/fiorentini-polska.com\/wp-content\/uploads\/2024\/02\/RENEWABLES_h2_pipeline_regulator-1-768x321.jpg 768w, https:\/\/fiorentini-polska.com\/wp-content\/uploads\/2024\/02\/RENEWABLES_h2_pipeline_regulator-1-1536x643.jpg 1536w\" sizes=\"auto, (max-width: 1670px) 100vw, 1670px\" \/><\/figure>\n<\/div>\n\n\n<div style=\"height:32px\" aria-hidden=\"true\" class=\"wp-block-spacer\"><\/div>\n\n\n\n<p>Pietro Fiorentini rozpocz\u0105\u0142 swoj\u0105 wodorow\u0105 podr\u00f3\u017c w grudniu 2018 r., bior\u0105c udzia\u0142 w konferencji projektu <a href=\"https:\/\/www.hy4heat.info\/\" target=\"_blank\" rel=\"noreferrer noopener\">Hy4Heat<\/a> w Londynie. Wielka Brytania postawi\u0142a sobie za cel uniezale\u017cnienie si\u0119 od paliw kopalnych do 2050 r. i<strong> osi\u0105gni\u0119cie zerowej emisji gaz\u00f3w cieplarnianych netto<\/strong>. Projekt Hy4Heat ma na celu weryfikacj\u0119 bezpiecze\u0144stwa oraz technicznej i ekonomicznej wykonalno\u015bci zast\u0105pienia metanu 100% wodorem w sieciach domowych\/przemys\u0142owych.<\/p>\n\n\n\n<p>Plan jest podzielony na dziesi\u0119\u0107 pakiet\u00f3w roboczych, kt\u00f3re s\u0105 przydzielane firmom w drodze przetarg\u00f3w publicznych. <strong>Pietro Fiorentini bra\u0142 udzia\u0142 w przetargach i otrzyma\u0142 dwa pakiety robocze<\/strong>: jeden dotycz\u0105cy opracowania licznika domowego, a drugi zwi\u0105zany z opracowaniem system\u00f3w pomocniczych znajduj\u0105cych si\u0119 przed licznikiem (stabilizatory ci\u015bnienia, zawory odcinaj\u0105ce i zawory nadmiarowe). Te dwa projekty pozwoli\u0142y naszej firmie zdoby\u0107 do\u015bwiadczenie i potwierdzi\u0107 swoj\u0105 obecno\u015b\u0107 na wschodz\u0105cym rynku wodoru.<\/p>\n\n\n\n<p><a href=\"https:\/\/www.fiorentini.com\/en\/news\/uk-hy4heat-programme-hydrogen-smart-meters-and-components-for-domestic-use-will-be-provided-by-pietro-fiorentini\/\" target=\"_blank\" rel=\"noreferrer noopener\">Brytyjski program Hy4Heat: inteligentne gazomierze wodoru i elementy do u\u017cytku domowego zostan\u0105 dostarczone przez Pietro Fiorentini<\/a>.<\/p>\n\n\n\n<div style=\"height:32px\" aria-hidden=\"true\" class=\"wp-block-spacer\"><\/div>\n\n\n<div class=\"wp-block-image is-resized\">\n<figure class=\"aligncenter size-full\"><img loading=\"lazy\" decoding=\"async\" width=\"951\" height=\"943\" src=\"https:\/\/fiorentini-polska.com\/wp-content\/uploads\/2024\/02\/Expertise_Idrogeno_Contatore2.jpg\" alt=\"\" class=\"wp-image-27387\" srcset=\"https:\/\/fiorentini-polska.com\/wp-content\/uploads\/2024\/02\/Expertise_Idrogeno_Contatore2.jpg 951w, https:\/\/fiorentini-polska.com\/wp-content\/uploads\/2024\/02\/Expertise_Idrogeno_Contatore2-300x297.jpg 300w, https:\/\/fiorentini-polska.com\/wp-content\/uploads\/2024\/02\/Expertise_Idrogeno_Contatore2-150x150.jpg 150w, https:\/\/fiorentini-polska.com\/wp-content\/uploads\/2024\/02\/Expertise_Idrogeno_Contatore2-768x762.jpg 768w\" sizes=\"auto, (max-width: 951px) 100vw, 951px\" \/><\/figure>\n<\/div>\n\n\n<p class=\"has-text-align-center\"><em>Prototyp inteligentnych gazomierzy wodoru wykonanych przez Pietro Fiorentini<\/em><\/p>\n\n\n\n<div style=\"height:32px\" aria-hidden=\"true\" class=\"wp-block-spacer\"><\/div>\n\n\n\n<p>W lipcu 2020 r. Pietro Fiorentini wygra\u0142 kolejny przetarg w Wielkiej Brytanii, w ramach projektu H21 dla miasta Leeds, na dostaw\u0119 <strong>stacji redukcji ci\u015bnienia dla linii 100% wodoru <\/strong>u\u017cywanej w centrum testowym Spadeadam.<\/p>\n\n\n\n<p><a href=\"https:\/\/www.h21.green\/about\/\" target=\"_blank\" rel=\"noreferrer noopener\">Projekt H21 Leeds City Gate<\/a><\/p>\n\n\n\n<p><a href=\"https:\/\/news.sky.com\/story\/fuel-of-the-future-inside-the-uks-first-hydrogen-powered-homes-12287892\" target=\"_blank\" rel=\"noreferrer noopener\">Stacja dla projektu H21<\/a><\/p>\n\n\n\n<p>We W\u0142oszech, aby sprosta\u0107 badawczo na potrzeby rynku, Pietro Fiorentini pracuje nad certyfikacj\u0105 swoich produkt\u00f3w do u\u017cytku z coraz wi\u0119kszymi mieszaninami H2. <strong>St\u0105d wa\u017cna wsp\u00f3\u0142praca z <\/strong><a href=\"https:\/\/polilapp.chem.polimi.it\/\" target=\"_blank\" rel=\"noreferrer noopener\"><strong>PoliMi<\/strong><\/a> w celu zbadania kompatybilno\u015bci materia\u0142\u00f3w poprzez po\u0142\u0105czenie wiedzy z testami laboratoryjnymi prowadzonych na materia\u0142ach w najlepszych wyspecjalizowanych laboratoriach w Europie oraz prowadzonych bada\u0144 we w\u0142asnym zakresie.<\/p>\n\n\n\n<p>Od maja 2021 r. Pietro Fiorentini jest cz\u0142onkiem <a href=\"https:\/\/ec.europa.eu\/growth\/industry\/policy\/european-clean-hydrogen-alliance_en\" target=\"_blank\" rel=\"noreferrer noopener\"><strong>Europejskiego Sojuszu na rzecz Czystego Wodoru<\/strong><\/a> powo\u0142anego przez Dyrekcj\u0119 Generaln\u0105 Komisji Europejskiej ds. Rynku Wewn\u0119trznego, Przemys\u0142u, Przedsi\u0119biorczo\u015bci i M\u015aP. Sojusz zrzesza wszystkie zainteresowane strony, kt\u00f3re chc\u0105 przyczyni\u0107 si\u0119 do rozwoju \u0142a\u0144cucha dostaw wodoru, kt\u00f3ry b\u0119dzie wspiera\u0142 pa\u0144stwa cz\u0142onkowskie UE w osi\u0105ganiu cel\u00f3w zerowej emisji gaz\u00f3w cieplarnianych netto okre\u015blonych w Europejskim <a href=\"https:\/\/ec.europa.eu\/info\/strategy\/priorities-2019-2024\/european-green-deal_en\" target=\"_blank\" rel=\"noreferrer noopener\">Zielonym \u0141adzie<\/a>. Dzi\u0119ki temu cz\u0142onkostwu Pietro Fiorentini bierze udzia\u0142 w spotkaniach po\u015bwi\u0119conych <strong>produkcji, przesy\u0142owi i dystrybucji czystego wodoru <\/strong>oraz jego zastosowa\u0144 w sektorach przemys\u0142owym, domowym, energetycznym i transportu.<\/p>\n\n\n\n<p><a href=\"https:\/\/www.fiorentini.com\/en\/news\/pietro-fiorentini-joins-the-european-clean-hydrogen-alliance\/\">Pietro Fiorentini do\u0142\u0105cza do Europejskiego Sojuszu na rzecz Czystego Wodoru<\/a><\/p>\n\n\n\n<p>Ponadto Pietro Fiorentini aktywnie uczestniczy w g\u0142\u00f3wnych w\u0142oskich i europejskich spotkaniach roboczych na rzecz wodoru, takich jak <a href=\"https:\/\/hydrogeneurope.eu\/\" target=\"_blank\" rel=\"noreferrer noopener\"><strong>Hydrogen Europe<\/strong><\/a>, <a href=\"https:\/\/www.h2it.it\/documenti\/\" target=\"_blank\" rel=\"noreferrer noopener\"><strong>H2IT<\/strong><\/a> i <a href=\"https:\/\/www.fondazionepolitecnico.it\/en\/initiatives\/hydrogen-jrp\/\" target=\"_blank\" rel=\"noreferrer noopener\"><strong>Hydrogen Joint Research Platform<\/strong><\/a>. Stowarzyszenia te maj\u0105 na celu promowanie rozwoju wiedzy i badania dyscyplin zwi\u0105zanych z technologiami i systemami produkcji i wykorzystania wodoru, otwieraj\u0105c si\u0119 na ci\u0105g\u0142\u0105 dyskusj\u0119 z zainteresowanymi stronami w \u0142a\u0144cuchu dostaw, wspieraj\u0105c agencje rz\u0105dowe w definiowaniu polityk umo\u017cliwiaj\u0105cych transformacj\u0119 energetyczn\u0105.<\/p>\n\n\n\n<div style=\"height:32px\" aria-hidden=\"true\" class=\"wp-block-spacer\"><\/div>\n\n\n\n<h3 class=\"wp-block-heading\"><strong>W sercu eksperymentu<\/strong><\/h3>\n\n\n\n<p>W ostatnich miesi\u0105cach firma Pietro Fiorentini zintensyfikowa\u0142a swoj\u0105 strategi\u0119 wsp\u00f3\u0142pracy z wiod\u0105cymi europejskimi o\u015brodkami badawczymi w celu weryfikacji gotowo\u015bci swoich produkt\u00f3w. W szczeg\u00f3lno\u015bci w zakresie aspekt\u00f3w pomiarowych, kt\u00f3re b\u0119d\u0105 odgrywa\u0107 strategiczn\u0105 rol\u0119 w kontek\u015bcie mieszania r\u00f3\u017cnych gaz\u00f3w.<\/p>\n\n\n\n<p>Pomimo niepewno\u015bci regulacyjnej, w kt\u00f3rej jednostki certyfikuj\u0105ce i firmy podejmuj\u0105 pierwsze kroki w celu uregulowania sektora wodorowego, w dniu 11 lipca 2022 r. firma Pietro Fiorentini uzyska\u0142a certyfikat dla swojego reduktora ci\u015bnienia gazu <strong><a href=\"https:\/\/fiorentini-polska.com\/pl\/bez-kategorii\/produkty\/reduktory-i-regulatory-niskiego-cisnienia-gazu\/lp-bezposredniego-dzialania\/fm\/\">Mod. FM<\/a><\/strong> do stosowania<strong> z mieszaninami zawieraj\u0105cymi do 20% wodoru<\/strong>. Jednostk\u0105 certyfikuj\u0105c\u0105 jest <a href=\"https:\/\/www.bureauveritas.it\/\" target=\"_blank\" rel=\"noreferrer noopener\"><strong>Bureau Veritas<\/strong><\/a>, \u015bwiatowy lider w zakresie us\u0142ug audytowych i certyfikacji.<\/p>\n\n\n\n<p><a href=\"https:\/\/www.fiorentini.com\/en\/news\/the-mod-fe-regulator-by-pietro-fiorentini-certified-for-hydrogen-by-bureau-veritas\/\" target=\"_blank\" rel=\"noreferrer noopener\">Reduktor Mod. FM firmy Pietro Fiorentini z certyfikatem dla wodoru wydanym przez Bureau Veritas<\/a><\/p>\n\n\n\n<p>20 pa\u017adziernika 2022 r. firma Pietro Fiorentini zainaugurowa\u0142a swoje nowe laboratorium do badania zastosowa\u0144 wodoru, <strong>Hydrogen Innovation Lab<\/strong>, zlokalizowane na terenie siedziby w Arcugnano (Vicenza). Jest to <strong>centrum innowacji ca\u0142kowicie po\u015bwi\u0119cone badaniom projekt\u00f3w zwi\u0105zanych z wodorem<\/strong>, kt\u00f3re ma sta\u0107 si\u0119 centrum kompetencyjnym we W\u0142oszech.<\/p>\n\n\n\n<p><a href=\"https:\/\/www.fiorentini.com\/en\/expertise\/hydrogen\/pietro-fiorentinis-hydrogen-innovation-lab\/\" target=\"_blank\" rel=\"noreferrer noopener\">Pietro Fiorentini\u2019s H2 laboratory<\/a><\/p>\n\n\n\n<p>Opr\u00f3cz eksperyment\u00f3w laboratoryjnych firma Pietro Fiorentini jest r\u00f3wnie\u017c aktywna we wczesnych badaniach terenowych; jest <strong>partnerem<\/strong> <strong>przemys\u0142owym<\/strong> <strong>Inrete Distribuzione Energia<\/strong>, <a href=\"https:\/\/eng.gruppohera.it\/group_eng\/\" target=\"_blank\" rel=\"noreferrer noopener\">sp\u00f3\u0142k\u0105 z grupy Hera<\/a>, w projekcie, w kt\u00f3rym<strong> wprowadzono mieszanin\u0119 metanu i wodoru na cz\u0119\u015b\u0107 <\/strong>infrastruktury gazowej w Castelfranco Emilia (MO). Produkt obj\u0119ty tym projektem to <a href=\"https:\/\/www.gruppohera.it\/-\/nexmeter-il-contatore-gas-smart-tra-innovazione-e-sicurezza\" target=\"_blank\" rel=\"noreferrer noopener\"><strong>NexMeter<\/strong><\/a>, jedyny licznik na rynku w\u0142oskim, kt\u00f3ry umo\u017cliwia ju\u017c pomiar mieszanin metanu i wodoru oraz <a href=\"https:\/\/www.fiorentini.com\/en\/category\/industries\/gas-distribution-mp\/district-stations\/\"><strong>stacja redukcyjno-pomiarowa<\/strong><\/a> w rejonie Castelfranco Emilia, kt\u00f3r\u0105 mo\u017cna zobaczy\u0107 w ramach us\u0142ugi <a href=\"https:\/\/www.rainews.it\/tgr\/emiliaromagna\/video\/2022\/11\/watchfolder-tgr-emilia-romagna-web-pini-tg-14-castelfranco-idrogenomxf-3bf32904-e5d8-442b-9ea1-43ae4d39e7b9.html?wt_mc=2.www.wzp.rainews24\" target=\"_blank\" rel=\"noreferrer noopener\">TGR Emilia service<\/a> (minuta 0:35).<\/p>\n\n\n\n<p><a href=\"https:\/\/www.fiorentini.com\/en\/news\/hydrogen-for-civil-use-pietro-fiorentini-participates-with-hera-group-in-the-first-italian-experimentation\/\">Wod\u00f3r do u\u017cytku domowego: Pietro Fiorentini uczestniczy wraz z Grup\u0105 Hera w pierwszym w\u0142oskim eksperymencie<\/a>.<\/p>\n","protected":false},"excerpt":{"rendered":"<p>Wod\u00f3r jest jednym z g\u0142\u00f3wnych graczy transformacji energetycznej, a firma Pietro Fiorentini zamierza udost\u0119pni\u0107 swoje do\u015bwiadczenie poprzez udzia\u0142 i rozw\u00f3j nowych projekt\u00f3w we W\u0142oszech i za granic\u0105, cz\u0142onkostwo w grupach roboczych bran\u017cy oraz eksperymenty wdro\u017ceniowe potwierdzaj\u0105ce gotowo\u015b\u0107 swoich urz\u0105dze\u0144.<\/p>\n","protected":false},"author":15,"featured_media":0,"parent":27663,"menu_order":0,"comment_status":"closed","ping_status":"closed","template":"template-expertise-post.php","meta":{"_acf_changed":false,"inline_featured_image":false,"footnotes":""},"class_list":["post-27670","page","type-page","status-publish","hentry"],"acf":[],"yoast_head":"<!-- This site is optimized with the Yoast SEO plugin v27.2 - https:\/\/yoast.com\/product\/yoast-seo-wordpress\/ -->\n<title>PF wodorowa droga - Pietro Fiorentini<\/title>\n<meta name=\"description\" content=\"Wielka Brytania postawi\u0142a sobie za cel uniezale\u017cnienie si\u0119 od paliw kopalnych do 2050 r. i osi\u0105gni\u0119cie zerowej emisji gaz\u00f3w cieplarnianych netto.\" \/>\n<meta name=\"robots\" content=\"index, follow, max-snippet:-1, max-image-preview:large, max-video-preview:-1\" \/>\n<link rel=\"canonical\" href=\"https:\/\/fiorentini-polska.com\/pl\/doswiadczenie\/wodor\/pf-hydrogen-journey\/\" \/>\n<meta property=\"og:locale\" content=\"pl_PL\" \/>\n<meta property=\"og:type\" content=\"article\" \/>\n<meta property=\"og:title\" content=\"PF wodorowa droga - Pietro Fiorentini\" \/>\n<meta property=\"og:description\" content=\"Wielka Brytania postawi\u0142a sobie za cel uniezale\u017cnienie si\u0119 od paliw kopalnych do 2050 r. i osi\u0105gni\u0119cie zerowej emisji gaz\u00f3w cieplarnianych netto.\" \/>\n<meta property=\"og:url\" content=\"https:\/\/fiorentini-polska.com\/pl\/doswiadczenie\/wodor\/pf-hydrogen-journey\/\" \/>\n<meta property=\"og:site_name\" content=\"Pietro Fiorentini\" \/>\n<meta property=\"article:modified_time\" content=\"2024-02-23T15:28:24+00:00\" \/>\n<meta property=\"og:image\" content=\"https:\/\/fiorentini-polska.com\/wp-content\/uploads\/2024\/02\/RENEWABLES_h2_pipeline_regulator-1.jpg\" \/>\n<meta name=\"twitter:card\" content=\"summary_large_image\" \/>\n<meta name=\"twitter:site\" content=\"@FiorentiniSpa\" \/>\n<meta name=\"twitter:label1\" content=\"Szacowany czas czytania\" \/>\n\t<meta name=\"twitter:data1\" content=\"4 minuty\" \/>\n<script type=\"application\/ld+json\" class=\"yoast-schema-graph\">{\"@context\":\"https:\/\/schema.org\",\"@graph\":[{\"@type\":\"WebPage\",\"@id\":\"https:\/\/fiorentini-polska.com\/pl\/doswiadczenie\/wodor\/pf-hydrogen-journey\/\",\"url\":\"https:\/\/fiorentini-polska.com\/pl\/doswiadczenie\/wodor\/pf-hydrogen-journey\/\",\"name\":\"PF wodorowa droga - Pietro Fiorentini\",\"isPartOf\":{\"@id\":\"https:\/\/fiorentini-polska.com\/pl\/#website\"},\"primaryImageOfPage\":{\"@id\":\"https:\/\/fiorentini-polska.com\/pl\/doswiadczenie\/wodor\/pf-hydrogen-journey\/#primaryimage\"},\"image\":{\"@id\":\"https:\/\/fiorentini-polska.com\/pl\/doswiadczenie\/wodor\/pf-hydrogen-journey\/#primaryimage\"},\"thumbnailUrl\":\"https:\/\/fiorentini-polska.com\/wp-content\/uploads\/2024\/02\/RENEWABLES_h2_pipeline_regulator-1.jpg\",\"datePublished\":\"2024-02-13T22:15:23+00:00\",\"dateModified\":\"2024-02-23T15:28:24+00:00\",\"description\":\"Wielka Brytania postawi\u0142a sobie za cel uniezale\u017cnienie si\u0119 od paliw kopalnych do 2050 r. i osi\u0105gni\u0119cie zerowej emisji gaz\u00f3w cieplarnianych netto.\",\"breadcrumb\":{\"@id\":\"https:\/\/fiorentini-polska.com\/pl\/doswiadczenie\/wodor\/pf-hydrogen-journey\/#breadcrumb\"},\"inLanguage\":\"pl-PL\",\"potentialAction\":[{\"@type\":\"ReadAction\",\"target\":[\"https:\/\/fiorentini-polska.com\/pl\/doswiadczenie\/wodor\/pf-hydrogen-journey\/\"]}]},{\"@type\":\"ImageObject\",\"inLanguage\":\"pl-PL\",\"@id\":\"https:\/\/fiorentini-polska.com\/pl\/doswiadczenie\/wodor\/pf-hydrogen-journey\/#primaryimage\",\"url\":\"https:\/\/fiorentini-polska.com\/wp-content\/uploads\/2024\/02\/RENEWABLES_h2_pipeline_regulator-1.jpg\",\"contentUrl\":\"https:\/\/fiorentini-polska.com\/wp-content\/uploads\/2024\/02\/RENEWABLES_h2_pipeline_regulator-1.jpg\"},{\"@type\":\"BreadcrumbList\",\"@id\":\"https:\/\/fiorentini-polska.com\/pl\/doswiadczenie\/wodor\/pf-hydrogen-journey\/#breadcrumb\",\"itemListElement\":[{\"@type\":\"ListItem\",\"position\":1,\"name\":\"Home\",\"item\":\"https:\/\/www.fiorentini-polska.com\/pl\/\"},{\"@type\":\"ListItem\",\"position\":2,\"name\":\"Do\u015bwiadczenie\",\"item\":\"https:\/\/fiorentini-polska.com\/pl\/doswiadczenie\/\"},{\"@type\":\"ListItem\",\"position\":3,\"name\":\"Wod\u00f3r\",\"item\":\"https:\/\/fiorentini-polska.com\/pl\/doswiadczenie\/wodor\/\"},{\"@type\":\"ListItem\",\"position\":4,\"name\":\"PF wodorowa droga\"}]},{\"@type\":\"WebSite\",\"@id\":\"https:\/\/fiorentini-polska.com\/pl\/#website\",\"url\":\"https:\/\/fiorentini-polska.com\/pl\/\",\"name\":\"Pietro Fiorentini Polska\",\"description\":\"Pietro Fiorentini projektuje i produkuje komponenty, systemy i us\u0142ugi do regulacji, pomiar\u00f3w i zarz\u0105dzania rop\u0105 naftow\u0105 i gazem.\",\"publisher\":{\"@id\":\"https:\/\/fiorentini-polska.com\/pl\/#organization\"},\"potentialAction\":[{\"@type\":\"SearchAction\",\"target\":{\"@type\":\"EntryPoint\",\"urlTemplate\":\"https:\/\/fiorentini-polska.com\/pl\/?s={search_term_string}\"},\"query-input\":{\"@type\":\"PropertyValueSpecification\",\"valueRequired\":true,\"valueName\":\"search_term_string\"}}],\"inLanguage\":\"pl-PL\"},{\"@type\":\"Organization\",\"@id\":\"https:\/\/fiorentini-polska.com\/pl\/#organization\",\"name\":\"Pietro Fiorentini Polska\",\"url\":\"https:\/\/fiorentini-polska.com\/pl\/\",\"logo\":{\"@type\":\"ImageObject\",\"inLanguage\":\"pl-PL\",\"@id\":\"https:\/\/fiorentini-polska.com\/pl\/#\/schema\/logo\/image\/\",\"url\":\"https:\/\/www.fiorentini-polska.com\/wp-content\/uploads\/2021\/07\/LOGO_CMYK_COLOR.png\",\"contentUrl\":\"https:\/\/www.fiorentini-polska.com\/wp-content\/uploads\/2021\/07\/LOGO_CMYK_COLOR.png\",\"width\":3077,\"height\":1259,\"caption\":\"Pietro Fiorentini Polska\"},\"image\":{\"@id\":\"https:\/\/fiorentini-polska.com\/pl\/#\/schema\/logo\/image\/\"},\"sameAs\":[\"https:\/\/x.com\/FiorentiniSpa\"]}]}<\/script>\n<!-- \/ Yoast SEO plugin. -->","yoast_head_json":{"title":"PF wodorowa droga - Pietro Fiorentini","description":"Wielka Brytania postawi\u0142a sobie za cel uniezale\u017cnienie si\u0119 od paliw kopalnych do 2050 r. i osi\u0105gni\u0119cie zerowej emisji gaz\u00f3w cieplarnianych netto.","robots":{"index":"index","follow":"follow","max-snippet":"max-snippet:-1","max-image-preview":"max-image-preview:large","max-video-preview":"max-video-preview:-1"},"canonical":"https:\/\/fiorentini-polska.com\/pl\/doswiadczenie\/wodor\/pf-hydrogen-journey\/","og_locale":"pl_PL","og_type":"article","og_title":"PF wodorowa droga - Pietro Fiorentini","og_description":"Wielka Brytania postawi\u0142a sobie za cel uniezale\u017cnienie si\u0119 od paliw kopalnych do 2050 r. i osi\u0105gni\u0119cie zerowej emisji gaz\u00f3w cieplarnianych netto.","og_url":"https:\/\/fiorentini-polska.com\/pl\/doswiadczenie\/wodor\/pf-hydrogen-journey\/","og_site_name":"Pietro Fiorentini","article_modified_time":"2024-02-23T15:28:24+00:00","og_image":[{"url":"https:\/\/fiorentini-polska.com\/wp-content\/uploads\/2024\/02\/RENEWABLES_h2_pipeline_regulator-1.jpg","type":"","width":"","height":""}],"twitter_card":"summary_large_image","twitter_site":"@FiorentiniSpa","twitter_misc":{"Szacowany czas czytania":"4 minuty"},"schema":{"@context":"https:\/\/schema.org","@graph":[{"@type":"WebPage","@id":"https:\/\/fiorentini-polska.com\/pl\/doswiadczenie\/wodor\/pf-hydrogen-journey\/","url":"https:\/\/fiorentini-polska.com\/pl\/doswiadczenie\/wodor\/pf-hydrogen-journey\/","name":"PF wodorowa droga - Pietro Fiorentini","isPartOf":{"@id":"https:\/\/fiorentini-polska.com\/pl\/#website"},"primaryImageOfPage":{"@id":"https:\/\/fiorentini-polska.com\/pl\/doswiadczenie\/wodor\/pf-hydrogen-journey\/#primaryimage"},"image":{"@id":"https:\/\/fiorentini-polska.com\/pl\/doswiadczenie\/wodor\/pf-hydrogen-journey\/#primaryimage"},"thumbnailUrl":"https:\/\/fiorentini-polska.com\/wp-content\/uploads\/2024\/02\/RENEWABLES_h2_pipeline_regulator-1.jpg","datePublished":"2024-02-13T22:15:23+00:00","dateModified":"2024-02-23T15:28:24+00:00","description":"Wielka Brytania postawi\u0142a sobie za cel uniezale\u017cnienie si\u0119 od paliw kopalnych do 2050 r. i osi\u0105gni\u0119cie zerowej emisji gaz\u00f3w cieplarnianych netto.","breadcrumb":{"@id":"https:\/\/fiorentini-polska.com\/pl\/doswiadczenie\/wodor\/pf-hydrogen-journey\/#breadcrumb"},"inLanguage":"pl-PL","potentialAction":[{"@type":"ReadAction","target":["https:\/\/fiorentini-polska.com\/pl\/doswiadczenie\/wodor\/pf-hydrogen-journey\/"]}]},{"@type":"ImageObject","inLanguage":"pl-PL","@id":"https:\/\/fiorentini-polska.com\/pl\/doswiadczenie\/wodor\/pf-hydrogen-journey\/#primaryimage","url":"https:\/\/fiorentini-polska.com\/wp-content\/uploads\/2024\/02\/RENEWABLES_h2_pipeline_regulator-1.jpg","contentUrl":"https:\/\/fiorentini-polska.com\/wp-content\/uploads\/2024\/02\/RENEWABLES_h2_pipeline_regulator-1.jpg"},{"@type":"BreadcrumbList","@id":"https:\/\/fiorentini-polska.com\/pl\/doswiadczenie\/wodor\/pf-hydrogen-journey\/#breadcrumb","itemListElement":[{"@type":"ListItem","position":1,"name":"Home","item":"https:\/\/www.fiorentini-polska.com\/pl\/"},{"@type":"ListItem","position":2,"name":"Do\u015bwiadczenie","item":"https:\/\/fiorentini-polska.com\/pl\/doswiadczenie\/"},{"@type":"ListItem","position":3,"name":"Wod\u00f3r","item":"https:\/\/fiorentini-polska.com\/pl\/doswiadczenie\/wodor\/"},{"@type":"ListItem","position":4,"name":"PF wodorowa droga"}]},{"@type":"WebSite","@id":"https:\/\/fiorentini-polska.com\/pl\/#website","url":"https:\/\/fiorentini-polska.com\/pl\/","name":"Pietro Fiorentini Polska","description":"Pietro Fiorentini projektuje i produkuje komponenty, systemy i us\u0142ugi do regulacji, pomiar\u00f3w i zarz\u0105dzania rop\u0105 naftow\u0105 i gazem.","publisher":{"@id":"https:\/\/fiorentini-polska.com\/pl\/#organization"},"potentialAction":[{"@type":"SearchAction","target":{"@type":"EntryPoint","urlTemplate":"https:\/\/fiorentini-polska.com\/pl\/?s={search_term_string}"},"query-input":{"@type":"PropertyValueSpecification","valueRequired":true,"valueName":"search_term_string"}}],"inLanguage":"pl-PL"},{"@type":"Organization","@id":"https:\/\/fiorentini-polska.com\/pl\/#organization","name":"Pietro Fiorentini Polska","url":"https:\/\/fiorentini-polska.com\/pl\/","logo":{"@type":"ImageObject","inLanguage":"pl-PL","@id":"https:\/\/fiorentini-polska.com\/pl\/#\/schema\/logo\/image\/","url":"https:\/\/www.fiorentini-polska.com\/wp-content\/uploads\/2021\/07\/LOGO_CMYK_COLOR.png","contentUrl":"https:\/\/www.fiorentini-polska.com\/wp-content\/uploads\/2021\/07\/LOGO_CMYK_COLOR.png","width":3077,"height":1259,"caption":"Pietro Fiorentini Polska"},"image":{"@id":"https:\/\/fiorentini-polska.com\/pl\/#\/schema\/logo\/image\/"},"sameAs":["https:\/\/x.com\/FiorentiniSpa"]}]}},"_links":{"self":[{"href":"https:\/\/fiorentini-polska.com\/pl\/wp-json\/wp\/v2\/pages\/27670","targetHints":{"allow":["GET"]}}],"collection":[{"href":"https:\/\/fiorentini-polska.com\/pl\/wp-json\/wp\/v2\/pages"}],"about":[{"href":"https:\/\/fiorentini-polska.com\/pl\/wp-json\/wp\/v2\/types\/page"}],"author":[{"embeddable":true,"href":"https:\/\/fiorentini-polska.com\/pl\/wp-json\/wp\/v2\/users\/15"}],"replies":[{"embeddable":true,"href":"https:\/\/fiorentini-polska.com\/pl\/wp-json\/wp\/v2\/comments?post=27670"}],"version-history":[{"count":3,"href":"https:\/\/fiorentini-polska.com\/pl\/wp-json\/wp\/v2\/pages\/27670\/revisions"}],"predecessor-version":[{"id":27677,"href":"https:\/\/fiorentini-polska.com\/pl\/wp-json\/wp\/v2\/pages\/27670\/revisions\/27677"}],"up":[{"embeddable":true,"href":"https:\/\/fiorentini-polska.com\/pl\/wp-json\/wp\/v2\/pages\/27663"}],"wp:attachment":[{"href":"https:\/\/fiorentini-polska.com\/pl\/wp-json\/wp\/v2\/media?parent=27670"}],"curies":[{"name":"wp","href":"https:\/\/api.w.org\/{rel}","templated":true}]}}