{"id":27663,"date":"2024-02-13T23:10:37","date_gmt":"2024-02-13T22:10:37","guid":{"rendered":"https:\/\/fiorentini-polska.com\/doswiadczenie\/hydrogen\/"},"modified":"2024-06-25T22:48:07","modified_gmt":"2024-06-25T20:48:07","slug":"wodor","status":"publish","type":"page","link":"https:\/\/fiorentini-polska.com\/pl\/doswiadczenie\/wodor\/","title":{"rendered":"Wod\u00f3r"},"content":{"rendered":"\n<h2 class=\"wp-block-heading\"><strong><strong>Idealny sojusznik w dziedzinie zr\u00f3wnowa\u017conej energii<\/strong><\/strong><\/h2>\n\n\n\n<p>Wod\u00f3r jest pierwiastkiem, kt\u00f3ry obecnie mo\u017cna wprowadza\u0107 do sieci ruroci\u0105g\u00f3w i miesza\u0107 z gazem ziemnym w okre\u015blonych proporcjach. Naszym celem jest <strong>tworzenie system\u00f3w i urz\u0105dze\u0144, kt\u00f3re zwi\u0119ksz\u0105 jego udzia\u0142 procentowy<\/strong>, co stanowi wyzwanie technologiczne, kt\u00f3re otworzy niesamowite mo\u017cliwo\u015bci rozwoju bardziej zr\u00f3wnowa\u017conej energii.<\/p>\n\n\n\n<p>Zgodnie z tym planem, firma <strong>Pietro Fiorentini <\/strong>wprowadzi\u0142a na rynek szerok\u0105 gam\u0119 <a href=\"https:\/\/www.fiorentini-polska.com\/pl\/category\/bez-kategorii\/produkty\/produkty-w-100-wodorowe\/\"><strong>produkt\u00f3w w 100% wodorowych<\/strong><\/a>, obejmuj\u0105cych zar\u00f3wno <strong>zawory, liczniki, regulatory<\/strong> jak i <strong>elektrolizery<\/strong>.<\/p>\n\n\n\n<p>Z tego wzgl\u0119du <a href=\"https:\/\/www.fiorentini-polska.com\/pl\/bez-kategorii\/produkty\/produkty-w-100-wodorowe\/elektrolizery\/elektrolizery-wodorowy-firmy-hyter\/\"><strong>elektrolizer wodorowy firmy Hyter<\/strong><\/a> b\u0119d\u0105cej cz\u0119\u015bci\u0105 <a href=\"https:\/\/fiorentini-polska.com\/pl\/grupa-pietro-fiorentini\/grupy-pf-oddzialy-i-marki\/\"><strong>Grupy Pietro Fiorentini<\/strong><\/a>, wykorzystuje zaawansowan\u0105 <strong>technologi\u0119 AEMWE<\/strong> (Anion Exchange Membrane Water Electrolysis) do produkcji wodoru o wysokim stopniu czysto\u015bci i w zr\u00f3wnowa\u017cony spos\u00f3b.<\/p>\n\n\n\n<p>Z drugiej strony, potrzeba wykorzystania wodoru na du\u017c\u0105 skal\u0119 zainspirowa\u0142a nas do opracowania nowych <a href=\"https:\/\/fiorentini-polska.com\/pl\/bez-kategorii\/systemy\/odnawialne-zrodla-energii\/stacje-mieszania-wodoru\/\"><strong>stacji mieszania wodoru<\/strong><\/a>. Zosta\u0142y zaprojektowane tak, aby mo\u017cna je by\u0142o \u0142atwo dostosowa\u0107 <strong>z okr\u0119g\u00f3w niskoci\u015bnieniowych do wysokoci\u015bnieniowych sieci przesy\u0142owych i zastosowa\u0144 przemys\u0142owych<\/strong>.<\/p>\n","protected":false},"excerpt":{"rendered":"<p>Podczas spalania wodoru nie wydziela si\u0119 dwutlenek w\u0119gla, lecz para wodna, a ponadto jest on \u0142atwiejszy w transporcie i przechowywaniu ni\u017c energia elektryczna. To sprawia, \u017ce wod\u00f3r jest idealnym sprzymierze\u0144cem w produkcji energii odnawialnej.<br \/>\nObecnie wod\u00f3r mo\u017ce by\u0107 zat\u0142aczany do sieci ruroci\u0105g\u00f3w i mieszany z gazem ziemnym tylko do okre\u015blonych warto\u015bci procentowych: naszym celem jest tworzenie system\u00f3w i urz\u0105dze\u0144, kt\u00f3re s\u0105 w stanie pokona\u0107 to ograniczenie.<\/p>\n","protected":false},"author":12,"featured_media":27664,"parent":27546,"menu_order":1,"comment_status":"closed","ping_status":"closed","template":"template-expertise-child.php","meta":{"_acf_changed":false,"inline_featured_image":false,"footnotes":""},"class_list":["post-27663","page","type-page","status-publish","has-post-thumbnail","hentry"],"acf":[],"yoast_head":"<!-- This site is optimized with the Yoast SEO plugin v27.2 - https:\/\/yoast.com\/product\/yoast-seo-wordpress\/ -->\n<title>Wod\u00f3r - Pietro Fiorentini<\/title>\n<meta name=\"description\" content=\"Wod\u00f3r by\u0142 pierwszym pierwiastkiem, kt\u00f3ry powsta\u0142 po Wielkim Wybuchu i sam stanowi prawie 90% masy Wszech\u015bwiata.\" \/>\n<meta name=\"robots\" content=\"index, follow, max-snippet:-1, max-image-preview:large, max-video-preview:-1\" \/>\n<link rel=\"canonical\" href=\"https:\/\/fiorentini-polska.com\/pl\/doswiadczenie\/wodor\/\" \/>\n<meta property=\"og:locale\" content=\"pl_PL\" \/>\n<meta property=\"og:type\" content=\"article\" \/>\n<meta property=\"og:title\" content=\"Wod\u00f3r - Pietro Fiorentini\" \/>\n<meta property=\"og:description\" content=\"Wod\u00f3r by\u0142 pierwszym pierwiastkiem, kt\u00f3ry powsta\u0142 po Wielkim Wybuchu i sam stanowi prawie 90% masy Wszech\u015bwiata.\" \/>\n<meta property=\"og:url\" content=\"https:\/\/fiorentini-polska.com\/pl\/doswiadczenie\/wodor\/\" \/>\n<meta property=\"og:site_name\" content=\"Pietro Fiorentini\" \/>\n<meta property=\"article:modified_time\" content=\"2024-06-25T20:48:07+00:00\" \/>\n<meta property=\"og:image\" content=\"https:\/\/fiorentini-polska.com\/wp-content\/uploads\/2021\/03\/03_expertise_hydrogen.jpeg\" \/>\n\t<meta property=\"og:image:width\" content=\"991\" \/>\n\t<meta property=\"og:image:height\" content=\"991\" \/>\n\t<meta property=\"og:image:type\" content=\"image\/jpeg\" \/>\n<meta name=\"twitter:card\" content=\"summary_large_image\" \/>\n<meta name=\"twitter:site\" content=\"@FiorentiniSpa\" \/>\n<meta name=\"twitter:label1\" content=\"Szacowany czas czytania\" \/>\n\t<meta name=\"twitter:data1\" content=\"1 minuta\" \/>\n<script type=\"application\/ld+json\" class=\"yoast-schema-graph\">{\"@context\":\"https:\/\/schema.org\",\"@graph\":[{\"@type\":\"WebPage\",\"@id\":\"https:\/\/fiorentini-polska.com\/pl\/doswiadczenie\/wodor\/\",\"url\":\"https:\/\/fiorentini-polska.com\/pl\/doswiadczenie\/wodor\/\",\"name\":\"Wod\u00f3r - Pietro Fiorentini\",\"isPartOf\":{\"@id\":\"https:\/\/fiorentini-polska.com\/pl\/#website\"},\"primaryImageOfPage\":{\"@id\":\"https:\/\/fiorentini-polska.com\/pl\/doswiadczenie\/wodor\/#primaryimage\"},\"image\":{\"@id\":\"https:\/\/fiorentini-polska.com\/pl\/doswiadczenie\/wodor\/#primaryimage\"},\"thumbnailUrl\":\"https:\/\/fiorentini-polska.com\/wp-content\/uploads\/2021\/03\/03_expertise_hydrogen.jpeg\",\"datePublished\":\"2024-02-13T22:10:37+00:00\",\"dateModified\":\"2024-06-25T20:48:07+00:00\",\"description\":\"Wod\u00f3r by\u0142 pierwszym pierwiastkiem, kt\u00f3ry powsta\u0142 po Wielkim Wybuchu i sam stanowi prawie 90% masy Wszech\u015bwiata.\",\"breadcrumb\":{\"@id\":\"https:\/\/fiorentini-polska.com\/pl\/doswiadczenie\/wodor\/#breadcrumb\"},\"inLanguage\":\"pl-PL\",\"potentialAction\":[{\"@type\":\"ReadAction\",\"target\":[\"https:\/\/fiorentini-polska.com\/pl\/doswiadczenie\/wodor\/\"]}]},{\"@type\":\"ImageObject\",\"inLanguage\":\"pl-PL\",\"@id\":\"https:\/\/fiorentini-polska.com\/pl\/doswiadczenie\/wodor\/#primaryimage\",\"url\":\"https:\/\/fiorentini-polska.com\/wp-content\/uploads\/2021\/03\/03_expertise_hydrogen.jpeg\",\"contentUrl\":\"https:\/\/fiorentini-polska.com\/wp-content\/uploads\/2021\/03\/03_expertise_hydrogen.jpeg\",\"width\":991,\"height\":991},{\"@type\":\"BreadcrumbList\",\"@id\":\"https:\/\/fiorentini-polska.com\/pl\/doswiadczenie\/wodor\/#breadcrumb\",\"itemListElement\":[{\"@type\":\"ListItem\",\"position\":1,\"name\":\"Home\",\"item\":\"https:\/\/www.fiorentini-polska.com\/pl\/\"},{\"@type\":\"ListItem\",\"position\":2,\"name\":\"Do\u015bwiadczenie\",\"item\":\"https:\/\/fiorentini-polska.com\/pl\/doswiadczenie\/\"},{\"@type\":\"ListItem\",\"position\":3,\"name\":\"Wod\u00f3r\"}]},{\"@type\":\"WebSite\",\"@id\":\"https:\/\/fiorentini-polska.com\/pl\/#website\",\"url\":\"https:\/\/fiorentini-polska.com\/pl\/\",\"name\":\"Pietro Fiorentini Polska\",\"description\":\"Pietro Fiorentini projektuje i produkuje komponenty, systemy i us\u0142ugi do regulacji, pomiar\u00f3w i zarz\u0105dzania rop\u0105 naftow\u0105 i gazem.\",\"publisher\":{\"@id\":\"https:\/\/fiorentini-polska.com\/pl\/#organization\"},\"potentialAction\":[{\"@type\":\"SearchAction\",\"target\":{\"@type\":\"EntryPoint\",\"urlTemplate\":\"https:\/\/fiorentini-polska.com\/pl\/?s={search_term_string}\"},\"query-input\":{\"@type\":\"PropertyValueSpecification\",\"valueRequired\":true,\"valueName\":\"search_term_string\"}}],\"inLanguage\":\"pl-PL\"},{\"@type\":\"Organization\",\"@id\":\"https:\/\/fiorentini-polska.com\/pl\/#organization\",\"name\":\"Pietro Fiorentini Polska\",\"url\":\"https:\/\/fiorentini-polska.com\/pl\/\",\"logo\":{\"@type\":\"ImageObject\",\"inLanguage\":\"pl-PL\",\"@id\":\"https:\/\/fiorentini-polska.com\/pl\/#\/schema\/logo\/image\/\",\"url\":\"https:\/\/www.fiorentini-polska.com\/wp-content\/uploads\/2021\/07\/LOGO_CMYK_COLOR.png\",\"contentUrl\":\"https:\/\/www.fiorentini-polska.com\/wp-content\/uploads\/2021\/07\/LOGO_CMYK_COLOR.png\",\"width\":3077,\"height\":1259,\"caption\":\"Pietro Fiorentini Polska\"},\"image\":{\"@id\":\"https:\/\/fiorentini-polska.com\/pl\/#\/schema\/logo\/image\/\"},\"sameAs\":[\"https:\/\/x.com\/FiorentiniSpa\"]}]}<\/script>\n<!-- \/ Yoast SEO plugin. -->","yoast_head_json":{"title":"Wod\u00f3r - Pietro Fiorentini","description":"Wod\u00f3r by\u0142 pierwszym pierwiastkiem, kt\u00f3ry powsta\u0142 po Wielkim Wybuchu i sam stanowi prawie 90% masy Wszech\u015bwiata.","robots":{"index":"index","follow":"follow","max-snippet":"max-snippet:-1","max-image-preview":"max-image-preview:large","max-video-preview":"max-video-preview:-1"},"canonical":"https:\/\/fiorentini-polska.com\/pl\/doswiadczenie\/wodor\/","og_locale":"pl_PL","og_type":"article","og_title":"Wod\u00f3r - Pietro Fiorentini","og_description":"Wod\u00f3r by\u0142 pierwszym pierwiastkiem, kt\u00f3ry powsta\u0142 po Wielkim Wybuchu i sam stanowi prawie 90% masy Wszech\u015bwiata.","og_url":"https:\/\/fiorentini-polska.com\/pl\/doswiadczenie\/wodor\/","og_site_name":"Pietro Fiorentini","article_modified_time":"2024-06-25T20:48:07+00:00","og_image":[{"width":991,"height":991,"url":"https:\/\/fiorentini-polska.com\/wp-content\/uploads\/2021\/03\/03_expertise_hydrogen.jpeg","type":"image\/jpeg"}],"twitter_card":"summary_large_image","twitter_site":"@FiorentiniSpa","twitter_misc":{"Szacowany czas czytania":"1 minuta"},"schema":{"@context":"https:\/\/schema.org","@graph":[{"@type":"WebPage","@id":"https:\/\/fiorentini-polska.com\/pl\/doswiadczenie\/wodor\/","url":"https:\/\/fiorentini-polska.com\/pl\/doswiadczenie\/wodor\/","name":"Wod\u00f3r - Pietro Fiorentini","isPartOf":{"@id":"https:\/\/fiorentini-polska.com\/pl\/#website"},"primaryImageOfPage":{"@id":"https:\/\/fiorentini-polska.com\/pl\/doswiadczenie\/wodor\/#primaryimage"},"image":{"@id":"https:\/\/fiorentini-polska.com\/pl\/doswiadczenie\/wodor\/#primaryimage"},"thumbnailUrl":"https:\/\/fiorentini-polska.com\/wp-content\/uploads\/2021\/03\/03_expertise_hydrogen.jpeg","datePublished":"2024-02-13T22:10:37+00:00","dateModified":"2024-06-25T20:48:07+00:00","description":"Wod\u00f3r by\u0142 pierwszym pierwiastkiem, kt\u00f3ry powsta\u0142 po Wielkim Wybuchu i sam stanowi prawie 90% masy Wszech\u015bwiata.","breadcrumb":{"@id":"https:\/\/fiorentini-polska.com\/pl\/doswiadczenie\/wodor\/#breadcrumb"},"inLanguage":"pl-PL","potentialAction":[{"@type":"ReadAction","target":["https:\/\/fiorentini-polska.com\/pl\/doswiadczenie\/wodor\/"]}]},{"@type":"ImageObject","inLanguage":"pl-PL","@id":"https:\/\/fiorentini-polska.com\/pl\/doswiadczenie\/wodor\/#primaryimage","url":"https:\/\/fiorentini-polska.com\/wp-content\/uploads\/2021\/03\/03_expertise_hydrogen.jpeg","contentUrl":"https:\/\/fiorentini-polska.com\/wp-content\/uploads\/2021\/03\/03_expertise_hydrogen.jpeg","width":991,"height":991},{"@type":"BreadcrumbList","@id":"https:\/\/fiorentini-polska.com\/pl\/doswiadczenie\/wodor\/#breadcrumb","itemListElement":[{"@type":"ListItem","position":1,"name":"Home","item":"https:\/\/www.fiorentini-polska.com\/pl\/"},{"@type":"ListItem","position":2,"name":"Do\u015bwiadczenie","item":"https:\/\/fiorentini-polska.com\/pl\/doswiadczenie\/"},{"@type":"ListItem","position":3,"name":"Wod\u00f3r"}]},{"@type":"WebSite","@id":"https:\/\/fiorentini-polska.com\/pl\/#website","url":"https:\/\/fiorentini-polska.com\/pl\/","name":"Pietro Fiorentini Polska","description":"Pietro Fiorentini projektuje i produkuje komponenty, systemy i us\u0142ugi do regulacji, pomiar\u00f3w i zarz\u0105dzania rop\u0105 naftow\u0105 i gazem.","publisher":{"@id":"https:\/\/fiorentini-polska.com\/pl\/#organization"},"potentialAction":[{"@type":"SearchAction","target":{"@type":"EntryPoint","urlTemplate":"https:\/\/fiorentini-polska.com\/pl\/?s={search_term_string}"},"query-input":{"@type":"PropertyValueSpecification","valueRequired":true,"valueName":"search_term_string"}}],"inLanguage":"pl-PL"},{"@type":"Organization","@id":"https:\/\/fiorentini-polska.com\/pl\/#organization","name":"Pietro Fiorentini Polska","url":"https:\/\/fiorentini-polska.com\/pl\/","logo":{"@type":"ImageObject","inLanguage":"pl-PL","@id":"https:\/\/fiorentini-polska.com\/pl\/#\/schema\/logo\/image\/","url":"https:\/\/www.fiorentini-polska.com\/wp-content\/uploads\/2021\/07\/LOGO_CMYK_COLOR.png","contentUrl":"https:\/\/www.fiorentini-polska.com\/wp-content\/uploads\/2021\/07\/LOGO_CMYK_COLOR.png","width":3077,"height":1259,"caption":"Pietro Fiorentini Polska"},"image":{"@id":"https:\/\/fiorentini-polska.com\/pl\/#\/schema\/logo\/image\/"},"sameAs":["https:\/\/x.com\/FiorentiniSpa"]}]}},"_links":{"self":[{"href":"https:\/\/fiorentini-polska.com\/pl\/wp-json\/wp\/v2\/pages\/27663","targetHints":{"allow":["GET"]}}],"collection":[{"href":"https:\/\/fiorentini-polska.com\/pl\/wp-json\/wp\/v2\/pages"}],"about":[{"href":"https:\/\/fiorentini-polska.com\/pl\/wp-json\/wp\/v2\/types\/page"}],"author":[{"embeddable":true,"href":"https:\/\/fiorentini-polska.com\/pl\/wp-json\/wp\/v2\/users\/12"}],"replies":[{"embeddable":true,"href":"https:\/\/fiorentini-polska.com\/pl\/wp-json\/wp\/v2\/comments?post=27663"}],"version-history":[{"count":3,"href":"https:\/\/fiorentini-polska.com\/pl\/wp-json\/wp\/v2\/pages\/27663\/revisions"}],"predecessor-version":[{"id":28803,"href":"https:\/\/fiorentini-polska.com\/pl\/wp-json\/wp\/v2\/pages\/27663\/revisions\/28803"}],"up":[{"embeddable":true,"href":"https:\/\/fiorentini-polska.com\/pl\/wp-json\/wp\/v2\/pages\/27546"}],"wp:featuredmedia":[{"embeddable":true,"href":"https:\/\/fiorentini-polska.com\/pl\/wp-json\/wp\/v2\/media\/27664"}],"wp:attachment":[{"href":"https:\/\/fiorentini-polska.com\/pl\/wp-json\/wp\/v2\/media?parent=27663"}],"curies":[{"name":"wp","href":"https:\/\/api.w.org\/{rel}","templated":true}]}}