{"id":27648,"date":"2024-02-23T14:53:49","date_gmt":"2024-02-23T13:53:49","guid":{"rendered":"https:\/\/fiorentini-polska.com\/doswiadczenie\/water\/ultrasonic-smart-water-meters\/"},"modified":"2026-02-17T12:38:18","modified_gmt":"2026-02-17T11:38:18","slug":"ultradzwiekowe-inteligentne-wodomierze","status":"publish","type":"page","link":"https:\/\/fiorentini-polska.com\/pl\/doswiadczenie\/woda\/ultradzwiekowe-inteligentne-wodomierze\/","title":{"rendered":"SSM-Aquo, cyfryzacja przep\u0142ywu za pomoc\u0105 wodomierzy ultrad\u017awi\u0119kowych"},"content":{"rendered":"\n<p>Podczas gdy <strong>wodomierze mechaniczne<\/strong> mierz\u0105 obj\u0119to\u015b\u0107 wody w spos\u00f3b analogowy, zu\u017cywanej wody przez u\u017cytkownik\u00f3w ko\u0144cowych, dostarczaj\u0105 bardzo ograniczonych informacji na temat zu\u017cycia, podlegaj\u0105c ci\u0105g\u0142emu zu\u017cyciu ruchomych cz\u0119\u015bci, <strong>wodomierze ultrad\u017awi\u0119kowe<\/strong> wykonuj\u0105 statyczny pomiar ultrad\u017awi\u0119kowy bez zu\u017cycia ruchomych cz\u0119\u015bci, dostarczaj\u0105c u\u017cytecznych informacji o nat\u0119\u017ceniu przep\u0142ywu w czasie rzeczywistym w dok\u0142adny spos\u00f3b za pomoc\u0105 zintegrowanego modu\u0142u do zdalnego odczytu.<\/p>\n\n\n\n<h3 class=\"wp-block-heading\" id=\"ultrasonic-smart-water-meters-advantages\">&nbsp;<br><strong>Zalety ultrad\u017awi\u0119kowych inteligentnych wodomierzy<\/strong> SSM Aquo<br>&nbsp;<\/h3>\n\n\n\n<p><strong>SSM-Aquo<\/strong>, dzi\u0119ki kompaktowej konstrukcji z mosi\u0119\u017cnym z\u0142\u0105czem, zapewnia niezawodn\u0105 i dok\u0142adn\u0105 zintegrowan\u0105 telemetri\u0119 w <strong>szerokim zakresem pomiar\u00f3w<\/strong> za po\u015brednictwem r\u00f3\u017cnych protoko\u0142\u00f3w komunikacyjnych, co pomaga zmniejszy\u0107 nierozliczone straty wody, zar\u00f3wno poprzez wczesne wykrywanie wyciek\u00f3w, jak i potencjalnych oszustw.<\/p>\n\n\n\n<p>Zintegrowana telemetria SSM-Aquo oferuje t\u0105 sam\u0105,<strong> wysok\u0105 dok\u0142adno\u015b\u0107 przez ca\u0142y okres u\u017cytkowania, do 13 lat gwarancji<\/strong> w normalnych warunkach u\u017cytkowania, z minimalnym marginesem b\u0142\u0119du.<\/p>\n\n\n\n<p><strong>Inteligentne wodomierze ultrad\u017awi\u0119kowe SSM-Aquo<\/strong> z mosi\u0119\u017cnym z\u0142\u0105czem s\u0105 dost\u0119pne w <strong>rozmiarach od DN15 do DN40<\/strong>.<br>\u00a0<\/p>\n\n\n\n<figure class=\"wp-block-image size-full\"><img loading=\"lazy\" decoding=\"async\" width=\"970\" height=\"223\" src=\"https:\/\/fiorentini-polska.com\/wp-content\/uploads\/2025\/01\/banner-Aigua-NB-IOT-PK-1.jpg\" alt=\"\" class=\"wp-image-30730\" srcset=\"https:\/\/fiorentini-polska.com\/wp-content\/uploads\/2025\/01\/banner-Aigua-NB-IOT-PK-1.jpg 970w, https:\/\/fiorentini-polska.com\/wp-content\/uploads\/2025\/01\/banner-Aigua-NB-IOT-PK-1-300x69.jpg 300w, https:\/\/fiorentini-polska.com\/wp-content\/uploads\/2025\/01\/banner-Aigua-NB-IOT-PK-1-768x177.jpg 768w\" sizes=\"auto, (max-width: 970px) 100vw, 970px\" \/><\/figure>\n\n\n\n<p>&nbsp;&nbsp;<br><strong>Inteligentne wodomierze ultrad\u017awi\u0119kowe SSM-Aquo<\/strong>, przeznaczone dla sektora mieszkaniowego, oferuj\u0105<strong> szereg zalet w por\u00f3wnaniu z tradycyjnymi wodomierzami mechanicznymi<\/strong>:<br>&nbsp;<\/p>\n\n\n\n<ul class=\"wp-block-list\">\n<li>Miernik ultrad\u017awi\u0119kowy w kszta\u0142cie litery U<\/li>\n\n\n\n<li>lepsza dok\u0142adno\u015b\u0107 dzi\u0119ki statycznej technologii pomiarowej, bez ruchomych cz\u0119\u015bci podlegaj\u0105cych zu\u017cyciu<\/li>\n\n\n\n<li>zmniejszone ryzyko b\u0142\u0119dnego odczytu<\/li>\n\n\n\n<li>zautomatyzowane procesy<\/li>\n\n\n\n<li>mo\u017cliwo\u015b\u0107 zdalnego odczytu za pomoc\u0105 r\u00f3\u017cnych protoko\u0142\u00f3w komunikacyjnych: <strong>wM-Bus, 2\/4\/5G, Modele transmisji LoraWan lub NB-IoT<\/strong><\/li>\n\n\n\n<li>skuteczne wykrywanie bardzo niskich nat\u0119\u017ce\u0144 przep\u0142ywu, braku zu\u017cycia, impuls\u00f3w i przep\u0142yw\u00f3w wstecznych<\/li>\n\n\n\n<li>kompaktowa konstrukcja dzi\u0119ki zintegrowanemu modu\u0142owi komunikacyjnemu<\/li>\n\n\n\n<li>ostrze\u017cenia i alarmy pomagaj\u0105ce wykry\u0107 potencjalne wycieki<\/li>\n\n\n\n<li>wyd\u0142u\u017cona \u017cywotno\u015b\u0107: gwarancja do 13 lat pracy&nbsp;w normalnych warunkach u\u017cytkowania<\/li>\n<\/ul>\n\n\n\n<p>&nbsp;<\/p>\n\n\n\n<h3 class=\"wp-block-heading has-text-align-center\" id=\"fiorentini-ultrasonic-smart-water-meters-technical-features\"><strong>Cechy techniczne ultrad\u017awi\u0119kowych inteligentnych wodomierzy <\/strong>SSM-Aquo Pietro Fiorentini<br>&nbsp;<\/h3>\n\n\n\n<figure class=\"wp-block-image size-full\"><img loading=\"lazy\" decoding=\"async\" width=\"1024\" height=\"317\" src=\"https:\/\/fiorentini-polska.com\/wp-content\/uploads\/2023\/10\/Tabella_Ottone-1024x429-PK-ok-1.jpg\" alt=\"\" class=\"wp-image-29914\" srcset=\"https:\/\/fiorentini-polska.com\/wp-content\/uploads\/2023\/10\/Tabella_Ottone-1024x429-PK-ok-1.jpg 1024w, https:\/\/fiorentini-polska.com\/wp-content\/uploads\/2023\/10\/Tabella_Ottone-1024x429-PK-ok-1-300x93.jpg 300w, https:\/\/fiorentini-polska.com\/wp-content\/uploads\/2023\/10\/Tabella_Ottone-1024x429-PK-ok-1-768x238.jpg 768w\" sizes=\"auto, (max-width: 1024px) 100vw, 1024px\" \/><\/figure>\n\n\n\n<p class=\"has-text-align-center has-cyan-bluish-gray-color has-text-color has-link-color wp-elements-574ae893415bab92ef8ab6877170f804\"><\/p>\n\n\n\n<p>&nbsp;<br><strong><a href=\"https:\/\/www.fiorentini-polska.com\/pl\/bez-kategorii\/produkty\/wodomierze\/inteligentne-ultradzwiekowe-wodomierze\/ssm-aquo-lorawan\/\">Kart\u0119 produktu SSM Aquo M-Bus + LoRaWAN<\/a><\/strong><\/p>\n\n\n\n<p><strong><a href=\"https:\/\/www.fiorentini-polska.com\/pl\/bez-kategorii\/produkty\/wodomierze\/inteligentne-ultradzwiekowe-wodomierze\/ssm-aquo-nb-iot\/\">Kart\u0119 produktu SSM Aquo NB-IoT<\/a><\/strong><\/p>\n\n\n\n<p><br><\/p>\n\n\n\n<p><\/p>\n","protected":false},"excerpt":{"rendered":"<p>Inteligentne wodomierze ultrad\u017awi\u0119kowe mierz\u0105 obj\u0119to\u015b\u0107 wody zu\u017cywanej przez u\u017cytkownik\u00f3w ko\u0144cowych, a tak\u017ce s\u0142u\u017c\u0105 do okre\u015blania przep\u0142ywu przez okre\u015blon\u0105 cz\u0119\u015b\u0107 cyklu. Pomiar wody jest elementem publicznego zarz\u0105dzania zasobami wodnymi, kt\u00f3rego celem jest monitorowanie i ostatecznie zmniejszenie zu\u017cycia wody.<\/p>\n","protected":false},"author":15,"featured_media":30743,"parent":27606,"menu_order":0,"comment_status":"closed","ping_status":"closed","template":"template-expertise-post.php","meta":{"_acf_changed":false,"inline_featured_image":false,"footnotes":""},"class_list":["post-27648","page","type-page","status-publish","has-post-thumbnail","hentry"],"acf":[],"yoast_head":"<!-- This site is optimized with the Yoast SEO plugin v27.2 - https:\/\/yoast.com\/product\/yoast-seo-wordpress\/ -->\n<title>SSM-Aquo, cyfryzacja przep\u0142ywu za pomoc\u0105 wodomierzy ultrad\u017awi\u0119kowych - Pietro Fiorentini<\/title>\n<meta name=\"description\" content=\"Wodomierze mierz\u0105 ilo\u015b\u0107 wody zu\u017cywanej przez u\u017cytkownik\u00f3w ko\u0144cowych, kt\u00f3rzy s\u0105 zaopatrywani w wod\u0119 przez publiczny system wodoci\u0105gowy.\" \/>\n<meta name=\"robots\" content=\"index, follow, max-snippet:-1, max-image-preview:large, max-video-preview:-1\" \/>\n<link rel=\"canonical\" href=\"https:\/\/fiorentini-polska.com\/pl\/doswiadczenie\/woda\/ultradzwiekowe-inteligentne-wodomierze\/\" \/>\n<meta property=\"og:locale\" content=\"pl_PL\" \/>\n<meta property=\"og:type\" content=\"article\" \/>\n<meta property=\"og:title\" content=\"SSM-Aquo, cyfryzacja przep\u0142ywu za pomoc\u0105 wodomierzy ultrad\u017awi\u0119kowych - Pietro Fiorentini\" \/>\n<meta property=\"og:description\" content=\"Wodomierze mierz\u0105 ilo\u015b\u0107 wody zu\u017cywanej przez u\u017cytkownik\u00f3w ko\u0144cowych, kt\u00f3rzy s\u0105 zaopatrywani w wod\u0119 przez publiczny system wodoci\u0105gowy.\" \/>\n<meta property=\"og:url\" content=\"https:\/\/fiorentini-polska.com\/pl\/doswiadczenie\/woda\/ultradzwiekowe-inteligentne-wodomierze\/\" \/>\n<meta property=\"og:site_name\" content=\"Pietro Fiorentini\" \/>\n<meta property=\"article:modified_time\" content=\"2026-02-17T11:38:18+00:00\" \/>\n<meta property=\"og:image\" content=\"https:\/\/www.fiorentini-polska.com\/wp-content\/uploads\/2026\/02\/Noticia-Smart-Water-meters-PK.jpg\" \/>\n\t<meta property=\"og:image:width\" content=\"970\" \/>\n\t<meta property=\"og:image:height\" content=\"1020\" \/>\n\t<meta property=\"og:image:type\" content=\"image\/jpeg\" \/>\n<meta name=\"twitter:card\" content=\"summary_large_image\" \/>\n<meta name=\"twitter:site\" content=\"@FiorentiniSpa\" \/>\n<meta name=\"twitter:label1\" content=\"Szacowany czas czytania\" \/>\n\t<meta name=\"twitter:data1\" content=\"2 minuty\" \/>\n<script type=\"application\/ld+json\" class=\"yoast-schema-graph\">{\"@context\":\"https:\/\/schema.org\",\"@graph\":[{\"@type\":\"WebPage\",\"@id\":\"https:\/\/fiorentini-polska.com\/pl\/doswiadczenie\/woda\/ultradzwiekowe-inteligentne-wodomierze\/\",\"url\":\"https:\/\/fiorentini-polska.com\/pl\/doswiadczenie\/woda\/ultradzwiekowe-inteligentne-wodomierze\/\",\"name\":\"SSM-Aquo, cyfryzacja przep\u0142ywu za pomoc\u0105 wodomierzy ultrad\u017awi\u0119kowych - Pietro Fiorentini\",\"isPartOf\":{\"@id\":\"https:\/\/www.fiorentini-polska.com\/pl\/#website\"},\"primaryImageOfPage\":{\"@id\":\"https:\/\/fiorentini-polska.com\/pl\/doswiadczenie\/woda\/ultradzwiekowe-inteligentne-wodomierze\/#primaryimage\"},\"image\":{\"@id\":\"https:\/\/fiorentini-polska.com\/pl\/doswiadczenie\/woda\/ultradzwiekowe-inteligentne-wodomierze\/#primaryimage\"},\"thumbnailUrl\":\"https:\/\/fiorentini-polska.com\/wp-content\/uploads\/2026\/02\/Noticia-Smart-Water-meters-PK.jpg\",\"datePublished\":\"2024-02-23T13:53:49+00:00\",\"dateModified\":\"2026-02-17T11:38:18+00:00\",\"description\":\"Wodomierze mierz\u0105 ilo\u015b\u0107 wody zu\u017cywanej przez u\u017cytkownik\u00f3w ko\u0144cowych, kt\u00f3rzy s\u0105 zaopatrywani w wod\u0119 przez publiczny system wodoci\u0105gowy.\",\"breadcrumb\":{\"@id\":\"https:\/\/fiorentini-polska.com\/pl\/doswiadczenie\/woda\/ultradzwiekowe-inteligentne-wodomierze\/#breadcrumb\"},\"inLanguage\":\"pl-PL\",\"potentialAction\":[{\"@type\":\"ReadAction\",\"target\":[\"https:\/\/fiorentini-polska.com\/pl\/doswiadczenie\/woda\/ultradzwiekowe-inteligentne-wodomierze\/\"]}]},{\"@type\":\"ImageObject\",\"inLanguage\":\"pl-PL\",\"@id\":\"https:\/\/fiorentini-polska.com\/pl\/doswiadczenie\/woda\/ultradzwiekowe-inteligentne-wodomierze\/#primaryimage\",\"url\":\"https:\/\/fiorentini-polska.com\/wp-content\/uploads\/2026\/02\/Noticia-Smart-Water-meters-PK.jpg\",\"contentUrl\":\"https:\/\/fiorentini-polska.com\/wp-content\/uploads\/2026\/02\/Noticia-Smart-Water-meters-PK.jpg\",\"width\":970,\"height\":1020},{\"@type\":\"BreadcrumbList\",\"@id\":\"https:\/\/fiorentini-polska.com\/pl\/doswiadczenie\/woda\/ultradzwiekowe-inteligentne-wodomierze\/#breadcrumb\",\"itemListElement\":[{\"@type\":\"ListItem\",\"position\":1,\"name\":\"Home\",\"item\":\"https:\/\/www.fiorentini-polska.com\/pl\/\"},{\"@type\":\"ListItem\",\"position\":2,\"name\":\"Do\u015bwiadczenie\",\"item\":\"https:\/\/www.fiorentini-polska.com\/pl\/doswiadczenie\/\"},{\"@type\":\"ListItem\",\"position\":3,\"name\":\"Woda\",\"item\":\"https:\/\/www.fiorentini-polska.com\/pl\/doswiadczenie\/woda\/\"},{\"@type\":\"ListItem\",\"position\":4,\"name\":\"SSM-Aquo, cyfryzacja przep\u0142ywu za pomoc\u0105 wodomierzy ultrad\u017awi\u0119kowych\"}]},{\"@type\":\"WebSite\",\"@id\":\"https:\/\/www.fiorentini-polska.com\/pl\/#website\",\"url\":\"https:\/\/www.fiorentini-polska.com\/pl\/\",\"name\":\"Pietro Fiorentini Polska\",\"description\":\"Pietro Fiorentini projektuje i produkuje komponenty, systemy i us\u0142ugi do regulacji, pomiar\u00f3w i zarz\u0105dzania rop\u0105 naftow\u0105 i gazem.\",\"publisher\":{\"@id\":\"https:\/\/www.fiorentini-polska.com\/pl\/#organization\"},\"potentialAction\":[{\"@type\":\"SearchAction\",\"target\":{\"@type\":\"EntryPoint\",\"urlTemplate\":\"https:\/\/www.fiorentini-polska.com\/pl\/?s={search_term_string}\"},\"query-input\":{\"@type\":\"PropertyValueSpecification\",\"valueRequired\":true,\"valueName\":\"search_term_string\"}}],\"inLanguage\":\"pl-PL\"},{\"@type\":\"Organization\",\"@id\":\"https:\/\/www.fiorentini-polska.com\/pl\/#organization\",\"name\":\"Pietro Fiorentini Polska\",\"url\":\"https:\/\/www.fiorentini-polska.com\/pl\/\",\"logo\":{\"@type\":\"ImageObject\",\"inLanguage\":\"pl-PL\",\"@id\":\"https:\/\/www.fiorentini-polska.com\/pl\/#\/schema\/logo\/image\/\",\"url\":\"https:\/\/www.fiorentini-polska.com\/wp-content\/uploads\/2021\/07\/LOGO_CMYK_COLOR.png\",\"contentUrl\":\"https:\/\/www.fiorentini-polska.com\/wp-content\/uploads\/2021\/07\/LOGO_CMYK_COLOR.png\",\"width\":3077,\"height\":1259,\"caption\":\"Pietro Fiorentini Polska\"},\"image\":{\"@id\":\"https:\/\/www.fiorentini-polska.com\/pl\/#\/schema\/logo\/image\/\"},\"sameAs\":[\"https:\/\/x.com\/FiorentiniSpa\"]}]}<\/script>\n<!-- \/ Yoast SEO plugin. -->","yoast_head_json":{"title":"SSM-Aquo, cyfryzacja przep\u0142ywu za pomoc\u0105 wodomierzy ultrad\u017awi\u0119kowych - Pietro Fiorentini","description":"Wodomierze mierz\u0105 ilo\u015b\u0107 wody zu\u017cywanej przez u\u017cytkownik\u00f3w ko\u0144cowych, kt\u00f3rzy s\u0105 zaopatrywani w wod\u0119 przez publiczny system wodoci\u0105gowy.","robots":{"index":"index","follow":"follow","max-snippet":"max-snippet:-1","max-image-preview":"max-image-preview:large","max-video-preview":"max-video-preview:-1"},"canonical":"https:\/\/fiorentini-polska.com\/pl\/doswiadczenie\/woda\/ultradzwiekowe-inteligentne-wodomierze\/","og_locale":"pl_PL","og_type":"article","og_title":"SSM-Aquo, cyfryzacja przep\u0142ywu za pomoc\u0105 wodomierzy ultrad\u017awi\u0119kowych - Pietro Fiorentini","og_description":"Wodomierze mierz\u0105 ilo\u015b\u0107 wody zu\u017cywanej przez u\u017cytkownik\u00f3w ko\u0144cowych, kt\u00f3rzy s\u0105 zaopatrywani w wod\u0119 przez publiczny system wodoci\u0105gowy.","og_url":"https:\/\/fiorentini-polska.com\/pl\/doswiadczenie\/woda\/ultradzwiekowe-inteligentne-wodomierze\/","og_site_name":"Pietro Fiorentini","article_modified_time":"2026-02-17T11:38:18+00:00","og_image":[{"width":970,"height":1020,"url":"https:\/\/www.fiorentini-polska.com\/wp-content\/uploads\/2026\/02\/Noticia-Smart-Water-meters-PK.jpg","type":"image\/jpeg"}],"twitter_card":"summary_large_image","twitter_site":"@FiorentiniSpa","twitter_misc":{"Szacowany czas czytania":"2 minuty"},"schema":{"@context":"https:\/\/schema.org","@graph":[{"@type":"WebPage","@id":"https:\/\/fiorentini-polska.com\/pl\/doswiadczenie\/woda\/ultradzwiekowe-inteligentne-wodomierze\/","url":"https:\/\/fiorentini-polska.com\/pl\/doswiadczenie\/woda\/ultradzwiekowe-inteligentne-wodomierze\/","name":"SSM-Aquo, cyfryzacja przep\u0142ywu za pomoc\u0105 wodomierzy ultrad\u017awi\u0119kowych - Pietro Fiorentini","isPartOf":{"@id":"https:\/\/www.fiorentini-polska.com\/pl\/#website"},"primaryImageOfPage":{"@id":"https:\/\/fiorentini-polska.com\/pl\/doswiadczenie\/woda\/ultradzwiekowe-inteligentne-wodomierze\/#primaryimage"},"image":{"@id":"https:\/\/fiorentini-polska.com\/pl\/doswiadczenie\/woda\/ultradzwiekowe-inteligentne-wodomierze\/#primaryimage"},"thumbnailUrl":"https:\/\/fiorentini-polska.com\/wp-content\/uploads\/2026\/02\/Noticia-Smart-Water-meters-PK.jpg","datePublished":"2024-02-23T13:53:49+00:00","dateModified":"2026-02-17T11:38:18+00:00","description":"Wodomierze mierz\u0105 ilo\u015b\u0107 wody zu\u017cywanej przez u\u017cytkownik\u00f3w ko\u0144cowych, kt\u00f3rzy s\u0105 zaopatrywani w wod\u0119 przez publiczny system wodoci\u0105gowy.","breadcrumb":{"@id":"https:\/\/fiorentini-polska.com\/pl\/doswiadczenie\/woda\/ultradzwiekowe-inteligentne-wodomierze\/#breadcrumb"},"inLanguage":"pl-PL","potentialAction":[{"@type":"ReadAction","target":["https:\/\/fiorentini-polska.com\/pl\/doswiadczenie\/woda\/ultradzwiekowe-inteligentne-wodomierze\/"]}]},{"@type":"ImageObject","inLanguage":"pl-PL","@id":"https:\/\/fiorentini-polska.com\/pl\/doswiadczenie\/woda\/ultradzwiekowe-inteligentne-wodomierze\/#primaryimage","url":"https:\/\/fiorentini-polska.com\/wp-content\/uploads\/2026\/02\/Noticia-Smart-Water-meters-PK.jpg","contentUrl":"https:\/\/fiorentini-polska.com\/wp-content\/uploads\/2026\/02\/Noticia-Smart-Water-meters-PK.jpg","width":970,"height":1020},{"@type":"BreadcrumbList","@id":"https:\/\/fiorentini-polska.com\/pl\/doswiadczenie\/woda\/ultradzwiekowe-inteligentne-wodomierze\/#breadcrumb","itemListElement":[{"@type":"ListItem","position":1,"name":"Home","item":"https:\/\/www.fiorentini-polska.com\/pl\/"},{"@type":"ListItem","position":2,"name":"Do\u015bwiadczenie","item":"https:\/\/www.fiorentini-polska.com\/pl\/doswiadczenie\/"},{"@type":"ListItem","position":3,"name":"Woda","item":"https:\/\/www.fiorentini-polska.com\/pl\/doswiadczenie\/woda\/"},{"@type":"ListItem","position":4,"name":"SSM-Aquo, cyfryzacja przep\u0142ywu za pomoc\u0105 wodomierzy ultrad\u017awi\u0119kowych"}]},{"@type":"WebSite","@id":"https:\/\/www.fiorentini-polska.com\/pl\/#website","url":"https:\/\/www.fiorentini-polska.com\/pl\/","name":"Pietro Fiorentini Polska","description":"Pietro Fiorentini projektuje i produkuje komponenty, systemy i us\u0142ugi do regulacji, pomiar\u00f3w i zarz\u0105dzania rop\u0105 naftow\u0105 i gazem.","publisher":{"@id":"https:\/\/www.fiorentini-polska.com\/pl\/#organization"},"potentialAction":[{"@type":"SearchAction","target":{"@type":"EntryPoint","urlTemplate":"https:\/\/www.fiorentini-polska.com\/pl\/?s={search_term_string}"},"query-input":{"@type":"PropertyValueSpecification","valueRequired":true,"valueName":"search_term_string"}}],"inLanguage":"pl-PL"},{"@type":"Organization","@id":"https:\/\/www.fiorentini-polska.com\/pl\/#organization","name":"Pietro Fiorentini Polska","url":"https:\/\/www.fiorentini-polska.com\/pl\/","logo":{"@type":"ImageObject","inLanguage":"pl-PL","@id":"https:\/\/www.fiorentini-polska.com\/pl\/#\/schema\/logo\/image\/","url":"https:\/\/www.fiorentini-polska.com\/wp-content\/uploads\/2021\/07\/LOGO_CMYK_COLOR.png","contentUrl":"https:\/\/www.fiorentini-polska.com\/wp-content\/uploads\/2021\/07\/LOGO_CMYK_COLOR.png","width":3077,"height":1259,"caption":"Pietro Fiorentini Polska"},"image":{"@id":"https:\/\/www.fiorentini-polska.com\/pl\/#\/schema\/logo\/image\/"},"sameAs":["https:\/\/x.com\/FiorentiniSpa"]}]}},"_links":{"self":[{"href":"https:\/\/fiorentini-polska.com\/pl\/wp-json\/wp\/v2\/pages\/27648","targetHints":{"allow":["GET"]}}],"collection":[{"href":"https:\/\/fiorentini-polska.com\/pl\/wp-json\/wp\/v2\/pages"}],"about":[{"href":"https:\/\/fiorentini-polska.com\/pl\/wp-json\/wp\/v2\/types\/page"}],"author":[{"embeddable":true,"href":"https:\/\/fiorentini-polska.com\/pl\/wp-json\/wp\/v2\/users\/15"}],"replies":[{"embeddable":true,"href":"https:\/\/fiorentini-polska.com\/pl\/wp-json\/wp\/v2\/comments?post=27648"}],"version-history":[{"count":3,"href":"https:\/\/fiorentini-polska.com\/pl\/wp-json\/wp\/v2\/pages\/27648\/revisions"}],"predecessor-version":[{"id":30742,"href":"https:\/\/fiorentini-polska.com\/pl\/wp-json\/wp\/v2\/pages\/27648\/revisions\/30742"}],"up":[{"embeddable":true,"href":"https:\/\/fiorentini-polska.com\/pl\/wp-json\/wp\/v2\/pages\/27606"}],"wp:featuredmedia":[{"embeddable":true,"href":"https:\/\/fiorentini-polska.com\/pl\/wp-json\/wp\/v2\/media\/30743"}],"wp:attachment":[{"href":"https:\/\/fiorentini-polska.com\/pl\/wp-json\/wp\/v2\/media?parent=27648"}],"curies":[{"name":"wp","href":"https:\/\/api.w.org\/{rel}","templated":true}]}}