{"id":27624,"date":"2024-02-23T14:26:12","date_gmt":"2024-02-23T13:26:12","guid":{"rendered":"https:\/\/fiorentini-polska.com\/digitalising-the-water-cycle\/"},"modified":"2024-02-23T14:36:20","modified_gmt":"2024-02-23T13:36:20","slug":"cyfryzacja-obiegu-wody","status":"publish","type":"page","link":"https:\/\/fiorentini-polska.com\/pl\/doswiadczenie\/woda\/cyfryzacja-obiegu-wody\/","title":{"rendered":"Cyfryzacja obiegu wody"},"content":{"rendered":"\n<p><strong>W obiegu wody wsp\u00f3\u0142istnieje wiele r\u00f3\u017cnych i z\u0142o\u017conych system\u00f3w<\/strong>, wymagaj\u0105cych tysi\u0119cy punkt\u00f3w kontrolnych i prostych instalacji zawor\u00f3w lub czujnik\u00f3w, charakteryzuj\u0105cych si\u0119 ograniczon\u0105, ale wa\u017cn\u0105 liczb\u0105 sygna\u0142\u00f3w. Dlatego narz\u0119dzia automatyzacji (PLC, SCADA, DCS) i systemy zdalnego sterowania musz\u0105 by\u0107 w pe\u0142ni zintegrowane w celu skutecznego zarz\u0105dzania us\u0142ugami.<\/p>\n\n\n\n<p>Zastosowanie <strong>technologii IoT<\/strong> umo\u017cliwia strategiczne zarz\u0105dzanie obiegiem wody dzi\u0119ki powszechnemu rozpowszechnieniu czujnik\u00f3w i dost\u0119pno\u015bci informacji na du\u017c\u0105 skal\u0119 z chmury.<\/p>\n\n\n\n<p>Grupa Pietro Fiorentini oferuje rozwi\u0105zania sprz\u0119towe i programowe do pe\u0142nej kontroli sieci wodoci\u0105gowych na ka\u017cdym etapie procesu, <strong>unikaj\u0105c problem\u00f3w zwi\u0105zanych<\/strong> z nak\u0142adaniem si\u0119 i integracj\u0105, <strong>kt\u00f3re wynikaj\u0105 z konieczno\u015bci polegania<\/strong> na r\u00f3\u017cnych partnerach, ale tak\u017ce elastycznie oferuj\u0105c konkretne rozwi\u0105zania dla konkretnych potrzeb.<\/p>\n\n\n\n<p>Produkty i us\u0142ugi s\u0105 <strong>synergicznie zintegrowane<\/strong> ze sob\u0105, zwi\u0119kszaj\u0105c w ten <strong>spos\u00f3b wydajno\u015b\u0107<\/strong> i <strong>efektywno\u015b\u0107<\/strong> z pe\u0142n\u0105 korzy\u015bci\u0105 dla klienta.<\/p>\n\n\n\n<figure class=\"wp-block-embed is-type-video is-provider-youtube wp-block-embed-youtube wp-embed-aspect-16-9 wp-has-aspect-ratio\"><div class=\"wp-block-embed__wrapper\">\nhttps:\/\/www.youtube.com\/watch?v=KZnretHzdmQ\n<\/div><\/figure>\n\n\n\n<figure class=\"wp-block-image size-full\"><img loading=\"lazy\" decoding=\"async\" width=\"1024\" height=\"551\" src=\"https:\/\/fiorentini-polska.com\/wp-content\/uploads\/2024\/02\/Digitalizing_water_cycle-1024x551-PK.jpg\" alt=\"Cyfryzacja obiegu wody\" class=\"wp-image-27618\" srcset=\"https:\/\/fiorentini-polska.com\/wp-content\/uploads\/2024\/02\/Digitalizing_water_cycle-1024x551-PK.jpg 1024w, https:\/\/fiorentini-polska.com\/wp-content\/uploads\/2024\/02\/Digitalizing_water_cycle-1024x551-PK-300x161.jpg 300w, https:\/\/fiorentini-polska.com\/wp-content\/uploads\/2024\/02\/Digitalizing_water_cycle-1024x551-PK-768x413.jpg 768w\" sizes=\"auto, (max-width: 1024px) 100vw, 1024px\" \/><\/figure>\n","protected":false},"excerpt":{"rendered":"<p>W obiegu wody wsp\u00f3\u0142istnieje wiele r\u00f3\u017cnych i z\u0142o\u017conych system\u00f3w, wymagaj\u0105cych tysi\u0119cy punkt\u00f3w kontrolnych i prostych instalacji zawor\u00f3w lub czujnik\u00f3w, charakteryzuj\u0105cych si\u0119 ograniczon\u0105, ale wa\u017cn\u0105 liczb\u0105 sygna\u0142\u00f3w.<br \/>\nZastosowanie technologii IoT umo\u017cliwia strategiczne zarz\u0105dzanie obiegiem wody.<\/p>\n","protected":false},"author":15,"featured_media":0,"parent":27606,"menu_order":2,"comment_status":"closed","ping_status":"closed","template":"template-expertise-post.php","meta":{"_acf_changed":false,"inline_featured_image":false,"footnotes":""},"class_list":["post-27624","page","type-page","status-publish","hentry"],"acf":[],"yoast_head":"<!-- This site is optimized with the Yoast SEO plugin v27.2 - https:\/\/yoast.com\/product\/yoast-seo-wordpress\/ -->\n<title>Cyfryzacja obiegu wody - Pietro Fiorentini<\/title>\n<meta name=\"description\" content=\"Dobre zarz\u0105dzanie zasobami wodnymi to strategiczna odpowiedzialno\u015b\u0107 z ka\u017cdego punktu widzenia: instytucjonalnego, \u015brodowiskowego i ekonomicznego.\" \/>\n<meta name=\"robots\" content=\"index, follow, max-snippet:-1, max-image-preview:large, max-video-preview:-1\" \/>\n<link rel=\"canonical\" href=\"https:\/\/fiorentini-polska.com\/pl\/doswiadczenie\/woda\/cyfryzacja-obiegu-wody\/\" \/>\n<meta property=\"og:locale\" content=\"pl_PL\" \/>\n<meta property=\"og:type\" content=\"article\" \/>\n<meta property=\"og:title\" content=\"Cyfryzacja obiegu wody - Pietro Fiorentini\" \/>\n<meta property=\"og:description\" content=\"Dobre zarz\u0105dzanie zasobami wodnymi to strategiczna odpowiedzialno\u015b\u0107 z ka\u017cdego punktu widzenia: instytucjonalnego, \u015brodowiskowego i ekonomicznego.\" \/>\n<meta property=\"og:url\" content=\"https:\/\/fiorentini-polska.com\/pl\/doswiadczenie\/woda\/cyfryzacja-obiegu-wody\/\" \/>\n<meta property=\"og:site_name\" content=\"Pietro Fiorentini\" \/>\n<meta property=\"article:modified_time\" content=\"2024-02-23T13:36:20+00:00\" \/>\n<meta property=\"og:image\" content=\"https:\/\/fiorentini-polska.com\/wp-content\/uploads\/2024\/02\/Digitalizing_water_cycle-1024x551-PK.jpg\" \/>\n<meta name=\"twitter:card\" content=\"summary_large_image\" \/>\n<meta name=\"twitter:site\" content=\"@FiorentiniSpa\" \/>\n<meta name=\"twitter:label1\" content=\"Szacowany czas czytania\" \/>\n\t<meta name=\"twitter:data1\" content=\"1 minuta\" \/>\n<script type=\"application\/ld+json\" class=\"yoast-schema-graph\">{\"@context\":\"https:\/\/schema.org\",\"@graph\":[{\"@type\":\"WebPage\",\"@id\":\"https:\/\/fiorentini-polska.com\/pl\/doswiadczenie\/woda\/cyfryzacja-obiegu-wody\/\",\"url\":\"https:\/\/fiorentini-polska.com\/pl\/doswiadczenie\/woda\/cyfryzacja-obiegu-wody\/\",\"name\":\"Cyfryzacja obiegu wody - Pietro Fiorentini\",\"isPartOf\":{\"@id\":\"https:\/\/www.fiorentini-polska.com\/pl\/#website\"},\"primaryImageOfPage\":{\"@id\":\"https:\/\/fiorentini-polska.com\/pl\/doswiadczenie\/woda\/cyfryzacja-obiegu-wody\/#primaryimage\"},\"image\":{\"@id\":\"https:\/\/fiorentini-polska.com\/pl\/doswiadczenie\/woda\/cyfryzacja-obiegu-wody\/#primaryimage\"},\"thumbnailUrl\":\"https:\/\/fiorentini-polska.com\/wp-content\/uploads\/2024\/02\/Digitalizing_water_cycle-1024x551-PK.jpg\",\"datePublished\":\"2024-02-23T13:26:12+00:00\",\"dateModified\":\"2024-02-23T13:36:20+00:00\",\"description\":\"Dobre zarz\u0105dzanie zasobami wodnymi to strategiczna odpowiedzialno\u015b\u0107 z ka\u017cdego punktu widzenia: instytucjonalnego, \u015brodowiskowego i ekonomicznego.\",\"breadcrumb\":{\"@id\":\"https:\/\/fiorentini-polska.com\/pl\/doswiadczenie\/woda\/cyfryzacja-obiegu-wody\/#breadcrumb\"},\"inLanguage\":\"pl-PL\",\"potentialAction\":[{\"@type\":\"ReadAction\",\"target\":[\"https:\/\/fiorentini-polska.com\/pl\/doswiadczenie\/woda\/cyfryzacja-obiegu-wody\/\"]}]},{\"@type\":\"ImageObject\",\"inLanguage\":\"pl-PL\",\"@id\":\"https:\/\/fiorentini-polska.com\/pl\/doswiadczenie\/woda\/cyfryzacja-obiegu-wody\/#primaryimage\",\"url\":\"https:\/\/fiorentini-polska.com\/wp-content\/uploads\/2024\/02\/Digitalizing_water_cycle-1024x551-PK.jpg\",\"contentUrl\":\"https:\/\/fiorentini-polska.com\/wp-content\/uploads\/2024\/02\/Digitalizing_water_cycle-1024x551-PK.jpg\"},{\"@type\":\"BreadcrumbList\",\"@id\":\"https:\/\/fiorentini-polska.com\/pl\/doswiadczenie\/woda\/cyfryzacja-obiegu-wody\/#breadcrumb\",\"itemListElement\":[{\"@type\":\"ListItem\",\"position\":1,\"name\":\"Home\",\"item\":\"https:\/\/www.fiorentini-polska.com\/pl\/\"},{\"@type\":\"ListItem\",\"position\":2,\"name\":\"Do\u015bwiadczenie\",\"item\":\"https:\/\/www.fiorentini-polska.com\/pl\/doswiadczenie\/\"},{\"@type\":\"ListItem\",\"position\":3,\"name\":\"Woda\",\"item\":\"https:\/\/fiorentini-polska.com\/pl\/doswiadczenie\/woda\/\"},{\"@type\":\"ListItem\",\"position\":4,\"name\":\"Cyfryzacja obiegu wody\"}]},{\"@type\":\"WebSite\",\"@id\":\"https:\/\/www.fiorentini-polska.com\/pl\/#website\",\"url\":\"https:\/\/www.fiorentini-polska.com\/pl\/\",\"name\":\"Pietro Fiorentini Polska\",\"description\":\"Pietro Fiorentini projektuje i produkuje komponenty, systemy i us\u0142ugi do regulacji, pomiar\u00f3w i zarz\u0105dzania rop\u0105 naftow\u0105 i gazem.\",\"publisher\":{\"@id\":\"https:\/\/www.fiorentini-polska.com\/pl\/#organization\"},\"potentialAction\":[{\"@type\":\"SearchAction\",\"target\":{\"@type\":\"EntryPoint\",\"urlTemplate\":\"https:\/\/www.fiorentini-polska.com\/pl\/?s={search_term_string}\"},\"query-input\":{\"@type\":\"PropertyValueSpecification\",\"valueRequired\":true,\"valueName\":\"search_term_string\"}}],\"inLanguage\":\"pl-PL\"},{\"@type\":\"Organization\",\"@id\":\"https:\/\/www.fiorentini-polska.com\/pl\/#organization\",\"name\":\"Pietro Fiorentini Polska\",\"url\":\"https:\/\/www.fiorentini-polska.com\/pl\/\",\"logo\":{\"@type\":\"ImageObject\",\"inLanguage\":\"pl-PL\",\"@id\":\"https:\/\/www.fiorentini-polska.com\/pl\/#\/schema\/logo\/image\/\",\"url\":\"https:\/\/www.fiorentini-polska.com\/wp-content\/uploads\/2021\/07\/LOGO_CMYK_COLOR.png\",\"contentUrl\":\"https:\/\/www.fiorentini-polska.com\/wp-content\/uploads\/2021\/07\/LOGO_CMYK_COLOR.png\",\"width\":3077,\"height\":1259,\"caption\":\"Pietro Fiorentini Polska\"},\"image\":{\"@id\":\"https:\/\/www.fiorentini-polska.com\/pl\/#\/schema\/logo\/image\/\"},\"sameAs\":[\"https:\/\/x.com\/FiorentiniSpa\"]}]}<\/script>\n<!-- \/ Yoast SEO plugin. -->","yoast_head_json":{"title":"Cyfryzacja obiegu wody - Pietro Fiorentini","description":"Dobre zarz\u0105dzanie zasobami wodnymi to strategiczna odpowiedzialno\u015b\u0107 z ka\u017cdego punktu widzenia: instytucjonalnego, \u015brodowiskowego i ekonomicznego.","robots":{"index":"index","follow":"follow","max-snippet":"max-snippet:-1","max-image-preview":"max-image-preview:large","max-video-preview":"max-video-preview:-1"},"canonical":"https:\/\/fiorentini-polska.com\/pl\/doswiadczenie\/woda\/cyfryzacja-obiegu-wody\/","og_locale":"pl_PL","og_type":"article","og_title":"Cyfryzacja obiegu wody - Pietro Fiorentini","og_description":"Dobre zarz\u0105dzanie zasobami wodnymi to strategiczna odpowiedzialno\u015b\u0107 z ka\u017cdego punktu widzenia: instytucjonalnego, \u015brodowiskowego i ekonomicznego.","og_url":"https:\/\/fiorentini-polska.com\/pl\/doswiadczenie\/woda\/cyfryzacja-obiegu-wody\/","og_site_name":"Pietro Fiorentini","article_modified_time":"2024-02-23T13:36:20+00:00","og_image":[{"url":"https:\/\/fiorentini-polska.com\/wp-content\/uploads\/2024\/02\/Digitalizing_water_cycle-1024x551-PK.jpg","type":"","width":"","height":""}],"twitter_card":"summary_large_image","twitter_site":"@FiorentiniSpa","twitter_misc":{"Szacowany czas czytania":"1 minuta"},"schema":{"@context":"https:\/\/schema.org","@graph":[{"@type":"WebPage","@id":"https:\/\/fiorentini-polska.com\/pl\/doswiadczenie\/woda\/cyfryzacja-obiegu-wody\/","url":"https:\/\/fiorentini-polska.com\/pl\/doswiadczenie\/woda\/cyfryzacja-obiegu-wody\/","name":"Cyfryzacja obiegu wody - Pietro Fiorentini","isPartOf":{"@id":"https:\/\/www.fiorentini-polska.com\/pl\/#website"},"primaryImageOfPage":{"@id":"https:\/\/fiorentini-polska.com\/pl\/doswiadczenie\/woda\/cyfryzacja-obiegu-wody\/#primaryimage"},"image":{"@id":"https:\/\/fiorentini-polska.com\/pl\/doswiadczenie\/woda\/cyfryzacja-obiegu-wody\/#primaryimage"},"thumbnailUrl":"https:\/\/fiorentini-polska.com\/wp-content\/uploads\/2024\/02\/Digitalizing_water_cycle-1024x551-PK.jpg","datePublished":"2024-02-23T13:26:12+00:00","dateModified":"2024-02-23T13:36:20+00:00","description":"Dobre zarz\u0105dzanie zasobami wodnymi to strategiczna odpowiedzialno\u015b\u0107 z ka\u017cdego punktu widzenia: instytucjonalnego, \u015brodowiskowego i ekonomicznego.","breadcrumb":{"@id":"https:\/\/fiorentini-polska.com\/pl\/doswiadczenie\/woda\/cyfryzacja-obiegu-wody\/#breadcrumb"},"inLanguage":"pl-PL","potentialAction":[{"@type":"ReadAction","target":["https:\/\/fiorentini-polska.com\/pl\/doswiadczenie\/woda\/cyfryzacja-obiegu-wody\/"]}]},{"@type":"ImageObject","inLanguage":"pl-PL","@id":"https:\/\/fiorentini-polska.com\/pl\/doswiadczenie\/woda\/cyfryzacja-obiegu-wody\/#primaryimage","url":"https:\/\/fiorentini-polska.com\/wp-content\/uploads\/2024\/02\/Digitalizing_water_cycle-1024x551-PK.jpg","contentUrl":"https:\/\/fiorentini-polska.com\/wp-content\/uploads\/2024\/02\/Digitalizing_water_cycle-1024x551-PK.jpg"},{"@type":"BreadcrumbList","@id":"https:\/\/fiorentini-polska.com\/pl\/doswiadczenie\/woda\/cyfryzacja-obiegu-wody\/#breadcrumb","itemListElement":[{"@type":"ListItem","position":1,"name":"Home","item":"https:\/\/www.fiorentini-polska.com\/pl\/"},{"@type":"ListItem","position":2,"name":"Do\u015bwiadczenie","item":"https:\/\/www.fiorentini-polska.com\/pl\/doswiadczenie\/"},{"@type":"ListItem","position":3,"name":"Woda","item":"https:\/\/fiorentini-polska.com\/pl\/doswiadczenie\/woda\/"},{"@type":"ListItem","position":4,"name":"Cyfryzacja obiegu wody"}]},{"@type":"WebSite","@id":"https:\/\/www.fiorentini-polska.com\/pl\/#website","url":"https:\/\/www.fiorentini-polska.com\/pl\/","name":"Pietro Fiorentini Polska","description":"Pietro Fiorentini projektuje i produkuje komponenty, systemy i us\u0142ugi do regulacji, pomiar\u00f3w i zarz\u0105dzania rop\u0105 naftow\u0105 i gazem.","publisher":{"@id":"https:\/\/www.fiorentini-polska.com\/pl\/#organization"},"potentialAction":[{"@type":"SearchAction","target":{"@type":"EntryPoint","urlTemplate":"https:\/\/www.fiorentini-polska.com\/pl\/?s={search_term_string}"},"query-input":{"@type":"PropertyValueSpecification","valueRequired":true,"valueName":"search_term_string"}}],"inLanguage":"pl-PL"},{"@type":"Organization","@id":"https:\/\/www.fiorentini-polska.com\/pl\/#organization","name":"Pietro Fiorentini Polska","url":"https:\/\/www.fiorentini-polska.com\/pl\/","logo":{"@type":"ImageObject","inLanguage":"pl-PL","@id":"https:\/\/www.fiorentini-polska.com\/pl\/#\/schema\/logo\/image\/","url":"https:\/\/www.fiorentini-polska.com\/wp-content\/uploads\/2021\/07\/LOGO_CMYK_COLOR.png","contentUrl":"https:\/\/www.fiorentini-polska.com\/wp-content\/uploads\/2021\/07\/LOGO_CMYK_COLOR.png","width":3077,"height":1259,"caption":"Pietro Fiorentini Polska"},"image":{"@id":"https:\/\/www.fiorentini-polska.com\/pl\/#\/schema\/logo\/image\/"},"sameAs":["https:\/\/x.com\/FiorentiniSpa"]}]}},"_links":{"self":[{"href":"https:\/\/fiorentini-polska.com\/pl\/wp-json\/wp\/v2\/pages\/27624","targetHints":{"allow":["GET"]}}],"collection":[{"href":"https:\/\/fiorentini-polska.com\/pl\/wp-json\/wp\/v2\/pages"}],"about":[{"href":"https:\/\/fiorentini-polska.com\/pl\/wp-json\/wp\/v2\/types\/page"}],"author":[{"embeddable":true,"href":"https:\/\/fiorentini-polska.com\/pl\/wp-json\/wp\/v2\/users\/15"}],"replies":[{"embeddable":true,"href":"https:\/\/fiorentini-polska.com\/pl\/wp-json\/wp\/v2\/comments?post=27624"}],"version-history":[{"count":2,"href":"https:\/\/fiorentini-polska.com\/pl\/wp-json\/wp\/v2\/pages\/27624\/revisions"}],"predecessor-version":[{"id":27628,"href":"https:\/\/fiorentini-polska.com\/pl\/wp-json\/wp\/v2\/pages\/27624\/revisions\/27628"}],"up":[{"embeddable":true,"href":"https:\/\/fiorentini-polska.com\/pl\/wp-json\/wp\/v2\/pages\/27606"}],"wp:attachment":[{"href":"https:\/\/fiorentini-polska.com\/pl\/wp-json\/wp\/v2\/media?parent=27624"}],"curies":[{"name":"wp","href":"https:\/\/api.w.org\/{rel}","templated":true}]}}