{"id":27611,"date":"2024-02-13T23:39:07","date_gmt":"2024-02-13T22:39:07","guid":{"rendered":"https:\/\/fiorentini-polska.com\/doswiadczenie\/water\/solutions-for-water-cycle-control-and-monitoring\/"},"modified":"2024-12-20T11:04:37","modified_gmt":"2024-12-20T10:04:37","slug":"rozwiazania-do-kontroli-i-monitorowania-obiegu-wody","status":"publish","type":"page","link":"https:\/\/fiorentini-polska.com\/pl\/doswiadczenie\/woda\/rozwiazania-do-kontroli-i-monitorowania-obiegu-wody\/","title":{"rendered":"Rozwi\u0105zania do kontroli i monitorowania obiegu wody"},"content":{"rendered":"\n<p>W <strong><a href=\"https:\/\/www.fiorentini-polska.com\/en\/pietro-fiorentini-group\/\">Sp\u00f3\u0142ce Pietro Fiorentini<\/a><\/strong> dzia\u0142a wiele firm opracowuj\u0105cych <strong>rozwi\u0105zania dla sektora dystrybucji wod<\/strong>y; rozwi\u0105zania te pozwalaj\u0105 nam \u015bwiadczy\u0107 kompletne i zintegrowane us\u0142ugi naszym klientom.<\/p>\n\n\n\n<p>Wyzwania stawiane przez dzisiejszy \u015bwiat wymagaj\u0105 rozwi\u0105za\u0144, w kt\u00f3rych sprz\u0119t i oprogramowanie s\u0105 p\u0142ynnie zintegrowane, co umo\u017cliwi monitorowanie w czasie rzeczywistym i popraw\u0119 efektywno\u015bci kontroli zarz\u0105dzania sieci\u0105.<\/p>\n\n\n\n<p><strong>Internet Rzeczy<\/strong>, <strong>\u015bledzenie satelitarne<\/strong> i <strong>rzeczywisto\u015b\u0107 rozszerzona<\/strong> to tylko niekt\u00f3re z technologii, w kt\u00f3re nadal inwestujemy, aby rozwija\u0107 nasz\u0105 ofert\u0119.<\/p>\n\n\n\n<div class=\"wp-block-group index\"><div class=\"wp-block-group__inner-container is-layout-flow wp-block-group-is-layout-flow\">\n<ol class=\"wp-block-list\">\n<li><strong><a href=\"#water-cycle-control-technologies\"><strong>Technologie kontroli obiegu wody<\/strong><\/a><\/strong><\/li>\n\n\n\n<li><strong><a href=\"#data-management-solutions\"><strong>Rozwi\u0105zania do zarz\u0105dzania danymi<\/strong><\/a><\/strong><\/li>\n\n\n\n<li><strong><a href=\"#on-field-workforce-management\"><strong>Zarz\u0105dzanie pracownikami w terenie<\/strong><\/a><\/strong><\/li>\n<\/ol>\n<\/div><\/div>\n\n\n\n<div style=\"height:32px\" aria-hidden=\"true\" class=\"wp-block-spacer\"><\/div>\n\n\n\n<div id=\"water-cycle-control-technologies\" class=\"wp-block-group\"><div class=\"wp-block-group__inner-container is-layout-flow wp-block-group-is-layout-flow\">\n<h3 class=\"wp-block-heading\"><strong>Technologie kontroli obiegu wody<\/strong><br>&nbsp;<\/h3>\n\n\n<div class=\"wp-block-image\">\n<figure class=\"alignleft size-full\"><img loading=\"lazy\" decoding=\"async\" width=\"300\" height=\"78\" src=\"https:\/\/www.fiorentini-polska.com\/wp-content\/uploads\/2024\/02\/Fast_Logo.png\" alt=\"\" class=\"wp-image-27379\"\/><\/figure>\n<\/div>\n\n\n<p>Sp\u00f3\u0142ka FAST z Grupy PF oferuje specjalistyczn\u0105 wiedz\u0119 i inteligentne technologie umo\u017cliwiaj\u0105ce pe\u0142n\u0105 kontrol\u0119 sieci wodoci\u0105gowych na ka\u017cdym etapie procesu: sprz\u0119t do regulacji przep\u0142yw\u00f3w i ci\u015bnie\u0144 w sieci, oprogramowanie opracowane do nadzoru i zdalnego sterowania dzi\u0119ki technologii IoT i systemy analizy danych.<\/p>\n\n\n\n<p><strong>Wszystkie produkty i us\u0142ugi s\u0105 zintegrowane<\/strong>, co zwi\u0119ksza wydajno\u015b\u0107 i efektywno\u015b\u0107 w r\u00f3\u017cnych kontekstach us\u0142ug: wodoci\u0105gach, kanalizacji, oczyszczaniu itp.<\/p>\n\n\n\n<p>Rozwi\u0105zania proponowane przez FAST \u0142\u0105cz\u0105 w sobie zdalne sterowanie i funkcje automatyki, tworz\u0105c efektywny system zarz\u0105dzania, kt\u00f3ry <strong>podnosi jako\u015b\u0107 us\u0142ug, zmniejszaj\u0105c jednocze\u015bnie zu\u017cycie wody i koszty eksploatacji<\/strong>.<\/p>\n\n\n\n<p>Dodatkowe informacje mo\u017cna znale\u017a\u0107 na stronie <a href=\"https:\/\/www.fastonline.it\/en\" target=\"_blank\" rel=\"noreferrer noopener\">fastonline.it<\/a><\/p>\n\n\n\n<div style=\"height:32px\" aria-hidden=\"true\" class=\"wp-block-spacer\"><\/div>\n\n\n\n<figure class=\"wp-block-image size-full\"><img loading=\"lazy\" decoding=\"async\" width=\"1024\" height=\"678\" src=\"https:\/\/www.fiorentini-polska.com\/wp-content\/uploads\/2024\/02\/Fast_plant-1024x678-1.png\" alt=\"\" class=\"wp-image-27377\" srcset=\"https:\/\/fiorentini-polska.com\/wp-content\/uploads\/2024\/02\/Fast_plant-1024x678-1.png 1024w, https:\/\/fiorentini-polska.com\/wp-content\/uploads\/2024\/02\/Fast_plant-1024x678-1-300x199.png 300w, https:\/\/fiorentini-polska.com\/wp-content\/uploads\/2024\/02\/Fast_plant-1024x678-1-768x509.png 768w\" sizes=\"auto, (max-width: 1024px) 100vw, 1024px\" \/><\/figure>\n<\/div><\/div>\n\n\n\n<div style=\"height:32px\" aria-hidden=\"true\" class=\"wp-block-spacer\"><\/div>\n\n\n\n<div id=\"data-management-solutions\" class=\"wp-block-group\"><div class=\"wp-block-group__inner-container is-layout-flow wp-block-group-is-layout-flow\">\n<h3 class=\"wp-block-heading\"><strong>Rozwi\u0105zania do zarz\u0105dzania danymi<\/strong><br>&nbsp;<\/h3>\n\n\n<div class=\"wp-block-image\">\n<figure class=\"alignleft size-full is-resized\"><img loading=\"lazy\" decoding=\"async\" width=\"1024\" height=\"329\" src=\"https:\/\/www.fiorentini-polska.com\/wp-content\/uploads\/2024\/02\/Terranova-CMYK-01-1-1024x329-1.png\" alt=\"\" class=\"wp-image-27375\" style=\"width:400px\" srcset=\"https:\/\/fiorentini-polska.com\/wp-content\/uploads\/2024\/02\/Terranova-CMYK-01-1-1024x329-1.png 1024w, https:\/\/fiorentini-polska.com\/wp-content\/uploads\/2024\/02\/Terranova-CMYK-01-1-1024x329-1-300x96.png 300w, https:\/\/fiorentini-polska.com\/wp-content\/uploads\/2024\/02\/Terranova-CMYK-01-1-1024x329-1-768x247.png 768w\" sizes=\"auto, (max-width: 1024px) 100vw, 1024px\" \/><\/figure>\n<\/div>\n\n\n<p>Terranova jest <strong>wiod\u0105cym dostawc\u0105 oprogramowania<\/strong> dla sektora wodnego, gazowego i elektrycznego. Dzi\u0119ki wieloletniemu do\u015bwiadczeniu <strong>w zakresie inteligentnych pomiar\u00f3w, zarz\u0105dzania<\/strong> <strong>si\u0142\u0105 robocz\u0105 <\/strong>i<strong> inteligentnymi sieciami<\/strong>, firma oferuje szerok\u0105 gam\u0119 oprogramowania, kt\u00f3re mo\u017cna dostosowa\u0107 do <strong>nawet najbardziej z\u0142o\u017conych wymaga\u0144<\/strong> sektora u\u017cyteczno\u015bci publicznej.<\/p>\n\n\n\n<p><strong>TAMM <\/strong>to wielous\u0142ugowy system oprogramowania przeznaczony do automatyzacji proces\u00f3w zdalnego opomiarowania i zdalnego zarz\u0105dzania wod\u0105 (tak\u017ce energii elektrycznej i gazu) w scenariuszu inteligentnego pomiaru. Aplikacja TAMM zosta\u0142a zaprojektowana w celu wspierania firm dystrybucyjnych w procesach zwi\u0105zanych ze<strong> zdalnymi pomiarami i zdalnym zarz\u0105dzaniem<\/strong>, zgodnie z ustalonymi standardami funkcjonalno\u015bci, wydajno\u015bci i bezpiecze\u0144stwa w r\u00f3\u017cnych scenariuszach zastosowa\u0144 (przemys\u0142owych, komercyjnych czy domowych).<\/p>\n\n\n\n<p>Dodatkowe informacje mo\u017cna znale\u017a\u0107 na stronie <a href=\"https:\/\/www.terranovasoftware.eu\/eu\" target=\"_blank\" rel=\"noreferrer noopener\">terranovasoftware.eu<\/a>.<\/p>\n\n\n\n<div style=\"height:32px\" aria-hidden=\"true\" class=\"wp-block-spacer\"><\/div>\n\n\n\n<figure class=\"wp-block-image size-full\"><img loading=\"lazy\" decoding=\"async\" width=\"747\" height=\"665\" src=\"https:\/\/www.fiorentini-polska.com\/wp-content\/uploads\/2024\/02\/Terranova_watermetering.png\" alt=\"\" class=\"wp-image-27373\" srcset=\"https:\/\/fiorentini-polska.com\/wp-content\/uploads\/2024\/02\/Terranova_watermetering.png 747w, https:\/\/fiorentini-polska.com\/wp-content\/uploads\/2024\/02\/Terranova_watermetering-300x267.png 300w\" sizes=\"auto, (max-width: 747px) 100vw, 747px\" \/><\/figure>\n<\/div><\/div>\n\n\n\n<div style=\"height:32px\" aria-hidden=\"true\" class=\"wp-block-spacer\"><\/div>\n\n\n\n<div id=\"on-field-workforce-management\" class=\"wp-block-group\"><div class=\"wp-block-group__inner-container is-layout-flow wp-block-group-is-layout-flow\">\n<h3 class=\"wp-block-heading\"><strong>Zarz\u0105dzanie pracownikami w terenie<\/strong><br>&nbsp;<\/h3>\n\n\n<div class=\"wp-block-image\">\n<figure class=\"alignleft size-full\"><img loading=\"lazy\" decoding=\"async\" width=\"300\" height=\"87\" src=\"https:\/\/www.fiorentini-polska.com\/wp-content\/uploads\/2024\/02\/Logo-Arcoda-300x87-1.png\" alt=\"\" class=\"wp-image-27371\"\/><\/figure>\n<\/div>\n\n\n<p>Arcoda jest sp\u00f3\u0142k\u0105 nale\u017c\u0105c\u0105 do <strong>Grupy<\/strong> <strong>Terranova<\/strong>, kt\u00f3ra opracowuje rozwi\u0105zania technologiczne przeznaczone do <strong>zarz\u0105dzania<\/strong> <strong>pracownikami<\/strong> rozmieszczonymi w terenie, w celu ci\u0105g\u0142ego podnoszenia jako\u015bci us\u0142ug, przy jednoczesnym ograniczeniu czasu i koszt\u00f3w. Produkty Arcoda obejmuj\u0105 zar\u00f3wno<strong> \u015bledzenie satelitarne<\/strong>, jak i najnowocze\u015bniejsze zastosowania <strong>rzeczywisto\u015bci rozszerzonej:<\/strong> ka\u017cde oprogramowanie zosta\u0142o zaprojektowane tak, aby jak najlepiej integrowa\u0107 przep\u0142ywy korporacyjne i pomaga\u0107 firmom w procesie cyfryzacji.<\/p>\n\n\n\n<p>Wysoki poziom innowacyjno\u015bci wszystkich swoich rozwi\u0105za\u0144 uczyni\u0142 Arcoda akredytowanym <strong>partnerem najwy\u017cszej klasy mi\u0119dzynarodowych firm<\/strong>, kt\u00f3re chc\u0105 efektywnie wykorzystywa\u0107 swoich pracownik\u00f3w terenowych, jednocze\u015bnie patrz\u0105c w przysz\u0142o\u015b\u0107.<\/p>\n\n\n\n<p>Dodatkowe informacje mo\u017cna znale\u017a\u0107 na stronie <a href=\"https:\/\/www.arcoda.it\/ws\/en\/index.html\" target=\"_blank\" rel=\"noreferrer noopener\">arcoda.it<\/a>.<\/p>\n\n\n\n<div style=\"height:32px\" aria-hidden=\"true\" class=\"wp-block-spacer\"><\/div>\n\n\n\n<figure class=\"wp-block-image size-full\"><img loading=\"lazy\" decoding=\"async\" width=\"1002\" height=\"454\" src=\"https:\/\/www.fiorentini-polska.com\/wp-content\/uploads\/2024\/02\/arcoda_tracking.jpg\" alt=\"\" class=\"wp-image-27369\" srcset=\"https:\/\/fiorentini-polska.com\/wp-content\/uploads\/2024\/02\/arcoda_tracking.jpg 1002w, https:\/\/fiorentini-polska.com\/wp-content\/uploads\/2024\/02\/arcoda_tracking-300x136.jpg 300w, https:\/\/fiorentini-polska.com\/wp-content\/uploads\/2024\/02\/arcoda_tracking-768x348.jpg 768w\" sizes=\"auto, (max-width: 1002px) 100vw, 1002px\" \/><\/figure>\n<\/div><\/div>\n","protected":false},"excerpt":{"rendered":"<p>Technologie kontroli obiegu wody, rozwi\u0105zania do zarz\u0105dzania danymi wspieraj\u0105ce firmy dystrybucyjne w procesach zwi\u0105zanych ze zdalnymi pomiarami i zdalnym zarz\u0105dzaniem. Jak r\u00f3wnie\u017c zarz\u0105dzanie pracownikami w terenie poprzez \u015bledzenie satelitarne: to tylko niekt\u00f3re z rozwi\u0105za\u0144, kt\u00f3re mo\u017cemy zapewni\u0107.<\/p>\n","protected":false},"author":15,"featured_media":0,"parent":27606,"menu_order":1,"comment_status":"closed","ping_status":"closed","template":"template-expertise-post.php","meta":{"_acf_changed":false,"inline_featured_image":false,"footnotes":""},"class_list":["post-27611","page","type-page","status-publish","hentry"],"acf":[],"yoast_head":"<!-- This site is optimized with the Yoast SEO plugin v27.2 - https:\/\/yoast.com\/product\/yoast-seo-wordpress\/ -->\n<title>Rozwi\u0105zania do kontroli i monitorowania obiegu wody - Pietro Fiorentini<\/title>\n<meta name=\"description\" content=\"W Sp\u00f3\u0142ce Pietro Fiorentini dzia\u0142a wiele firm opracowuj\u0105cych rozwi\u0105zania dla sektora wodnego.\" \/>\n<meta name=\"robots\" content=\"index, follow, max-snippet:-1, max-image-preview:large, max-video-preview:-1\" \/>\n<link rel=\"canonical\" href=\"https:\/\/fiorentini-polska.com\/pl\/doswiadczenie\/woda\/rozwiazania-do-kontroli-i-monitorowania-obiegu-wody\/\" \/>\n<meta property=\"og:locale\" content=\"pl_PL\" \/>\n<meta property=\"og:type\" content=\"article\" \/>\n<meta property=\"og:title\" content=\"Rozwi\u0105zania do kontroli i monitorowania obiegu wody - Pietro Fiorentini\" \/>\n<meta property=\"og:description\" content=\"W Sp\u00f3\u0142ce Pietro Fiorentini dzia\u0142a wiele firm opracowuj\u0105cych rozwi\u0105zania dla sektora wodnego.\" \/>\n<meta property=\"og:url\" content=\"https:\/\/fiorentini-polska.com\/pl\/doswiadczenie\/woda\/rozwiazania-do-kontroli-i-monitorowania-obiegu-wody\/\" \/>\n<meta property=\"og:site_name\" content=\"Pietro Fiorentini\" \/>\n<meta property=\"article:modified_time\" content=\"2024-12-20T10:04:37+00:00\" \/>\n<meta property=\"og:image\" content=\"https:\/\/www.fiorentini-polska.com\/wp-content\/uploads\/2024\/02\/Fast_Logo.png\" \/>\n<meta name=\"twitter:card\" content=\"summary_large_image\" \/>\n<meta name=\"twitter:site\" content=\"@FiorentiniSpa\" \/>\n<meta name=\"twitter:label1\" content=\"Szacowany czas czytania\" \/>\n\t<meta name=\"twitter:data1\" content=\"3 minuty\" \/>\n<script type=\"application\/ld+json\" class=\"yoast-schema-graph\">{\"@context\":\"https:\/\/schema.org\",\"@graph\":[{\"@type\":\"WebPage\",\"@id\":\"https:\/\/fiorentini-polska.com\/pl\/doswiadczenie\/woda\/rozwiazania-do-kontroli-i-monitorowania-obiegu-wody\/\",\"url\":\"https:\/\/fiorentini-polska.com\/pl\/doswiadczenie\/woda\/rozwiazania-do-kontroli-i-monitorowania-obiegu-wody\/\",\"name\":\"Rozwi\u0105zania do kontroli i monitorowania obiegu wody - Pietro Fiorentini\",\"isPartOf\":{\"@id\":\"https:\/\/fiorentini-polska.com\/pl\/#website\"},\"primaryImageOfPage\":{\"@id\":\"https:\/\/fiorentini-polska.com\/pl\/doswiadczenie\/woda\/rozwiazania-do-kontroli-i-monitorowania-obiegu-wody\/#primaryimage\"},\"image\":{\"@id\":\"https:\/\/fiorentini-polska.com\/pl\/doswiadczenie\/woda\/rozwiazania-do-kontroli-i-monitorowania-obiegu-wody\/#primaryimage\"},\"thumbnailUrl\":\"https:\/\/www.fiorentini-polska.com\/wp-content\/uploads\/2024\/02\/Fast_Logo.png\",\"datePublished\":\"2024-02-13T22:39:07+00:00\",\"dateModified\":\"2024-12-20T10:04:37+00:00\",\"description\":\"W Sp\u00f3\u0142ce Pietro Fiorentini dzia\u0142a wiele firm opracowuj\u0105cych rozwi\u0105zania dla sektora wodnego.\",\"breadcrumb\":{\"@id\":\"https:\/\/fiorentini-polska.com\/pl\/doswiadczenie\/woda\/rozwiazania-do-kontroli-i-monitorowania-obiegu-wody\/#breadcrumb\"},\"inLanguage\":\"pl-PL\",\"potentialAction\":[{\"@type\":\"ReadAction\",\"target\":[\"https:\/\/fiorentini-polska.com\/pl\/doswiadczenie\/woda\/rozwiazania-do-kontroli-i-monitorowania-obiegu-wody\/\"]}]},{\"@type\":\"ImageObject\",\"inLanguage\":\"pl-PL\",\"@id\":\"https:\/\/fiorentini-polska.com\/pl\/doswiadczenie\/woda\/rozwiazania-do-kontroli-i-monitorowania-obiegu-wody\/#primaryimage\",\"url\":\"https:\/\/www.fiorentini-polska.com\/wp-content\/uploads\/2024\/02\/Fast_Logo.png\",\"contentUrl\":\"https:\/\/www.fiorentini-polska.com\/wp-content\/uploads\/2024\/02\/Fast_Logo.png\"},{\"@type\":\"BreadcrumbList\",\"@id\":\"https:\/\/fiorentini-polska.com\/pl\/doswiadczenie\/woda\/rozwiazania-do-kontroli-i-monitorowania-obiegu-wody\/#breadcrumb\",\"itemListElement\":[{\"@type\":\"ListItem\",\"position\":1,\"name\":\"Home\",\"item\":\"https:\/\/www.fiorentini-polska.com\/pl\/\"},{\"@type\":\"ListItem\",\"position\":2,\"name\":\"Do\u015bwiadczenie\",\"item\":\"https:\/\/fiorentini-polska.com\/pl\/doswiadczenie\/\"},{\"@type\":\"ListItem\",\"position\":3,\"name\":\"Woda\",\"item\":\"https:\/\/fiorentini-polska.com\/pl\/doswiadczenie\/woda\/\"},{\"@type\":\"ListItem\",\"position\":4,\"name\":\"Rozwi\u0105zania do kontroli i monitorowania obiegu wody\"}]},{\"@type\":\"WebSite\",\"@id\":\"https:\/\/fiorentini-polska.com\/pl\/#website\",\"url\":\"https:\/\/fiorentini-polska.com\/pl\/\",\"name\":\"Pietro Fiorentini Polska\",\"description\":\"Pietro Fiorentini projektuje i produkuje komponenty, systemy i us\u0142ugi do regulacji, pomiar\u00f3w i zarz\u0105dzania rop\u0105 naftow\u0105 i gazem.\",\"publisher\":{\"@id\":\"https:\/\/fiorentini-polska.com\/pl\/#organization\"},\"potentialAction\":[{\"@type\":\"SearchAction\",\"target\":{\"@type\":\"EntryPoint\",\"urlTemplate\":\"https:\/\/fiorentini-polska.com\/pl\/?s={search_term_string}\"},\"query-input\":{\"@type\":\"PropertyValueSpecification\",\"valueRequired\":true,\"valueName\":\"search_term_string\"}}],\"inLanguage\":\"pl-PL\"},{\"@type\":\"Organization\",\"@id\":\"https:\/\/fiorentini-polska.com\/pl\/#organization\",\"name\":\"Pietro Fiorentini Polska\",\"url\":\"https:\/\/fiorentini-polska.com\/pl\/\",\"logo\":{\"@type\":\"ImageObject\",\"inLanguage\":\"pl-PL\",\"@id\":\"https:\/\/fiorentini-polska.com\/pl\/#\/schema\/logo\/image\/\",\"url\":\"https:\/\/www.fiorentini-polska.com\/wp-content\/uploads\/2021\/07\/LOGO_CMYK_COLOR.png\",\"contentUrl\":\"https:\/\/www.fiorentini-polska.com\/wp-content\/uploads\/2021\/07\/LOGO_CMYK_COLOR.png\",\"width\":3077,\"height\":1259,\"caption\":\"Pietro Fiorentini Polska\"},\"image\":{\"@id\":\"https:\/\/fiorentini-polska.com\/pl\/#\/schema\/logo\/image\/\"},\"sameAs\":[\"https:\/\/x.com\/FiorentiniSpa\"]}]}<\/script>\n<!-- \/ Yoast SEO plugin. -->","yoast_head_json":{"title":"Rozwi\u0105zania do kontroli i monitorowania obiegu wody - Pietro Fiorentini","description":"W Sp\u00f3\u0142ce Pietro Fiorentini dzia\u0142a wiele firm opracowuj\u0105cych rozwi\u0105zania dla sektora wodnego.","robots":{"index":"index","follow":"follow","max-snippet":"max-snippet:-1","max-image-preview":"max-image-preview:large","max-video-preview":"max-video-preview:-1"},"canonical":"https:\/\/fiorentini-polska.com\/pl\/doswiadczenie\/woda\/rozwiazania-do-kontroli-i-monitorowania-obiegu-wody\/","og_locale":"pl_PL","og_type":"article","og_title":"Rozwi\u0105zania do kontroli i monitorowania obiegu wody - Pietro Fiorentini","og_description":"W Sp\u00f3\u0142ce Pietro Fiorentini dzia\u0142a wiele firm opracowuj\u0105cych rozwi\u0105zania dla sektora wodnego.","og_url":"https:\/\/fiorentini-polska.com\/pl\/doswiadczenie\/woda\/rozwiazania-do-kontroli-i-monitorowania-obiegu-wody\/","og_site_name":"Pietro Fiorentini","article_modified_time":"2024-12-20T10:04:37+00:00","og_image":[{"url":"https:\/\/www.fiorentini-polska.com\/wp-content\/uploads\/2024\/02\/Fast_Logo.png","type":"","width":"","height":""}],"twitter_card":"summary_large_image","twitter_site":"@FiorentiniSpa","twitter_misc":{"Szacowany czas czytania":"3 minuty"},"schema":{"@context":"https:\/\/schema.org","@graph":[{"@type":"WebPage","@id":"https:\/\/fiorentini-polska.com\/pl\/doswiadczenie\/woda\/rozwiazania-do-kontroli-i-monitorowania-obiegu-wody\/","url":"https:\/\/fiorentini-polska.com\/pl\/doswiadczenie\/woda\/rozwiazania-do-kontroli-i-monitorowania-obiegu-wody\/","name":"Rozwi\u0105zania do kontroli i monitorowania obiegu wody - Pietro Fiorentini","isPartOf":{"@id":"https:\/\/fiorentini-polska.com\/pl\/#website"},"primaryImageOfPage":{"@id":"https:\/\/fiorentini-polska.com\/pl\/doswiadczenie\/woda\/rozwiazania-do-kontroli-i-monitorowania-obiegu-wody\/#primaryimage"},"image":{"@id":"https:\/\/fiorentini-polska.com\/pl\/doswiadczenie\/woda\/rozwiazania-do-kontroli-i-monitorowania-obiegu-wody\/#primaryimage"},"thumbnailUrl":"https:\/\/www.fiorentini-polska.com\/wp-content\/uploads\/2024\/02\/Fast_Logo.png","datePublished":"2024-02-13T22:39:07+00:00","dateModified":"2024-12-20T10:04:37+00:00","description":"W Sp\u00f3\u0142ce Pietro Fiorentini dzia\u0142a wiele firm opracowuj\u0105cych rozwi\u0105zania dla sektora wodnego.","breadcrumb":{"@id":"https:\/\/fiorentini-polska.com\/pl\/doswiadczenie\/woda\/rozwiazania-do-kontroli-i-monitorowania-obiegu-wody\/#breadcrumb"},"inLanguage":"pl-PL","potentialAction":[{"@type":"ReadAction","target":["https:\/\/fiorentini-polska.com\/pl\/doswiadczenie\/woda\/rozwiazania-do-kontroli-i-monitorowania-obiegu-wody\/"]}]},{"@type":"ImageObject","inLanguage":"pl-PL","@id":"https:\/\/fiorentini-polska.com\/pl\/doswiadczenie\/woda\/rozwiazania-do-kontroli-i-monitorowania-obiegu-wody\/#primaryimage","url":"https:\/\/www.fiorentini-polska.com\/wp-content\/uploads\/2024\/02\/Fast_Logo.png","contentUrl":"https:\/\/www.fiorentini-polska.com\/wp-content\/uploads\/2024\/02\/Fast_Logo.png"},{"@type":"BreadcrumbList","@id":"https:\/\/fiorentini-polska.com\/pl\/doswiadczenie\/woda\/rozwiazania-do-kontroli-i-monitorowania-obiegu-wody\/#breadcrumb","itemListElement":[{"@type":"ListItem","position":1,"name":"Home","item":"https:\/\/www.fiorentini-polska.com\/pl\/"},{"@type":"ListItem","position":2,"name":"Do\u015bwiadczenie","item":"https:\/\/fiorentini-polska.com\/pl\/doswiadczenie\/"},{"@type":"ListItem","position":3,"name":"Woda","item":"https:\/\/fiorentini-polska.com\/pl\/doswiadczenie\/woda\/"},{"@type":"ListItem","position":4,"name":"Rozwi\u0105zania do kontroli i monitorowania obiegu wody"}]},{"@type":"WebSite","@id":"https:\/\/fiorentini-polska.com\/pl\/#website","url":"https:\/\/fiorentini-polska.com\/pl\/","name":"Pietro Fiorentini Polska","description":"Pietro Fiorentini projektuje i produkuje komponenty, systemy i us\u0142ugi do regulacji, pomiar\u00f3w i zarz\u0105dzania rop\u0105 naftow\u0105 i gazem.","publisher":{"@id":"https:\/\/fiorentini-polska.com\/pl\/#organization"},"potentialAction":[{"@type":"SearchAction","target":{"@type":"EntryPoint","urlTemplate":"https:\/\/fiorentini-polska.com\/pl\/?s={search_term_string}"},"query-input":{"@type":"PropertyValueSpecification","valueRequired":true,"valueName":"search_term_string"}}],"inLanguage":"pl-PL"},{"@type":"Organization","@id":"https:\/\/fiorentini-polska.com\/pl\/#organization","name":"Pietro Fiorentini Polska","url":"https:\/\/fiorentini-polska.com\/pl\/","logo":{"@type":"ImageObject","inLanguage":"pl-PL","@id":"https:\/\/fiorentini-polska.com\/pl\/#\/schema\/logo\/image\/","url":"https:\/\/www.fiorentini-polska.com\/wp-content\/uploads\/2021\/07\/LOGO_CMYK_COLOR.png","contentUrl":"https:\/\/www.fiorentini-polska.com\/wp-content\/uploads\/2021\/07\/LOGO_CMYK_COLOR.png","width":3077,"height":1259,"caption":"Pietro Fiorentini Polska"},"image":{"@id":"https:\/\/fiorentini-polska.com\/pl\/#\/schema\/logo\/image\/"},"sameAs":["https:\/\/x.com\/FiorentiniSpa"]}]}},"_links":{"self":[{"href":"https:\/\/fiorentini-polska.com\/pl\/wp-json\/wp\/v2\/pages\/27611","targetHints":{"allow":["GET"]}}],"collection":[{"href":"https:\/\/fiorentini-polska.com\/pl\/wp-json\/wp\/v2\/pages"}],"about":[{"href":"https:\/\/fiorentini-polska.com\/pl\/wp-json\/wp\/v2\/types\/page"}],"author":[{"embeddable":true,"href":"https:\/\/fiorentini-polska.com\/pl\/wp-json\/wp\/v2\/users\/15"}],"replies":[{"embeddable":true,"href":"https:\/\/fiorentini-polska.com\/pl\/wp-json\/wp\/v2\/comments?post=27611"}],"version-history":[{"count":2,"href":"https:\/\/fiorentini-polska.com\/pl\/wp-json\/wp\/v2\/pages\/27611\/revisions"}],"predecessor-version":[{"id":29897,"href":"https:\/\/fiorentini-polska.com\/pl\/wp-json\/wp\/v2\/pages\/27611\/revisions\/29897"}],"up":[{"embeddable":true,"href":"https:\/\/fiorentini-polska.com\/pl\/wp-json\/wp\/v2\/pages\/27606"}],"wp:attachment":[{"href":"https:\/\/fiorentini-polska.com\/pl\/wp-json\/wp\/v2\/media?parent=27611"}],"curies":[{"name":"wp","href":"https:\/\/api.w.org\/{rel}","templated":true}]}}