{"id":27606,"date":"2024-02-13T23:35:32","date_gmt":"2024-02-13T22:35:32","guid":{"rendered":"https:\/\/fiorentini-polska.com\/doswiadczenie\/water\/"},"modified":"2026-02-17T13:08:25","modified_gmt":"2026-02-17T12:08:25","slug":"woda","status":"publish","type":"page","link":"https:\/\/fiorentini-polska.com\/pl\/doswiadczenie\/woda\/","title":{"rendered":"Woda"},"content":{"rendered":"\n<h2 class=\"wp-block-heading\"><strong>Najskuteczniejsza ewolucja w monitorowaniu sieci<\/strong><\/h2>\n\n\n\n<p>Jako specjali\u015bci w dziedzinie <strong>inteligentnych pomiar\u00f3w<\/strong> koncentrujemy si\u0119 na sektorze wodnym, maj\u0105c jeden g\u0142\u00f3wny cel &#8211; <strong>optymalizacj\u0119 sieci wodoci\u0105gowych<\/strong>.<\/p>\n\n\n\n<p><strong>Prezes Grupy Fiorentini, Cristiano Nardi<\/strong>, wyja\u015bnia zaanga\u017cowanie Pietro Fiorentini w naturaln\u0105 transformacj\u0119 firmy w sektorze wodnym.<br>&nbsp;<\/p>\n\n\n\n<figure ><video width=\"700\" controls poster=\"https:\/\/fiorentini-polska.com\/wp-content\/uploads\/2024\/10\/cartela-video.jpg\" src=\"https:\/\/www.fiorentini-polska.com\/wp-content\/uploads\/2024\/10\/Festival_dellAcqua_2024_-_Cristiano_Nardi_-_Gruppo_Fiorentini-ENG.mp4\"><\/video><\/figure>\n\n\n\n<p>&nbsp;<\/p>\n\n\n\n<p class=\"has-text-color has-link-color wp-elements-2e19d0f995f82e14b66b6fc8d930784c\" style=\"color:#069782;font-size:24px\"><strong>TECHNOLOGIA ULTRAD\u0179WI\u0118KOWA ZAPEWNIAJ\u0104CA ABSOLUTN\u0104 KONTROL\u0118<\/strong><br>&nbsp;<\/p>\n\n\n\n<figure class=\"wp-block-image size-full\"><img loading=\"lazy\" decoding=\"async\" width=\"970\" height=\"223\" src=\"https:\/\/fiorentini-polska.com\/wp-content\/uploads\/2026\/02\/banner-Aigua-PK.jpg\" alt=\"\" class=\"wp-image-30752\" srcset=\"https:\/\/fiorentini-polska.com\/wp-content\/uploads\/2026\/02\/banner-Aigua-PK.jpg 970w, https:\/\/fiorentini-polska.com\/wp-content\/uploads\/2026\/02\/banner-Aigua-PK-300x69.jpg 300w, https:\/\/fiorentini-polska.com\/wp-content\/uploads\/2026\/02\/banner-Aigua-PK-768x177.jpg 768w\" sizes=\"auto, (max-width: 970px) 100vw, 970px\" \/><\/figure>\n\n\n\n<p>&nbsp;<br><strong><a href=\"https:\/\/fiorentini-polska.com\/pl\/bez-kategorii\/produkty\/wodomierze\/inteligentne-ultradzwiekowe-wodomierze\/ssm-aquo\/\">SSM-AQUO<\/a><\/strong> to <strong>ultrad\u017awi\u0119kowe wodomierze Pietro Fiorentini do zdalnego odczytu<\/strong>, kt\u00f3re dostarczaj\u0105 wszystkich niezb\u0119dnych danych do dok\u0142adnej i wydajnej kontroli przep\u0142ywu i zu\u017cycia.<\/p>\n\n\n\n<p>Opr\u00f3cz <strong>pomiaru zu\u017cycia<\/strong>, monitoruj\u0105 r\u00f3wnie\u017c informacje o mo\u017cliwym <strong>uszkodzeniu ruroci\u0105gu, braku zu\u017cycia wody lub przep\u0142ywie wstecznym<\/strong>, pozwalaj\u0105c na wykrycie mo\u017cliwego wycieku.<\/p>\n\n\n\n<p><strong>Zautomatyzowane procesy zapewniaj\u0105 ca\u0142kowit\u0105 kontrol\u0119 przep\u0142ywu wody dzi\u0119ki zintegrowanym, zdalnym odczytom danych w czasie rzeczywistym.<br><\/strong>&nbsp;<\/p>\n\n\n\n<p><strong><a href=\"https:\/\/www.fiorentini-polska.com\/pl\/doswiadczenie\/woda\/ultradzwiekowe-inteligentne-wodomierze\/\">Odkryj zalety ultrad\u017awi\u0119kowych wodomierzy SSM-AQUO tutaj.<\/a><\/strong><br>&nbsp;<\/p>\n","protected":false},"excerpt":{"rendered":"<p>Woda jest podstawowym zasobem, niezb\u0119dnym do \u017cycia i jako taka wymaga odpowiedniego zarz\u0105dzania ze wszystkich punkt\u00f3w widzenia: instytucjonalnego, \u015brodowiskowego i ekonomicznego.<br \/>\n\u00a0<\/p>\n<p>Obecnym celem sektora jest zautomatyzowanie tego procesu poprzez cyfryzacj\u0119 sieci wodoci\u0105gowych, a tym samym optymalizacj\u0119 zarz\u0105dzania zasobami i danymi w celu optymalizacji zarz\u0105dzania i zminimalizowania strat nierozliczonej wody, czy to z powodu wyciek\u00f3w, czy oszustw.<\/p>\n","protected":false},"author":12,"featured_media":27607,"parent":27546,"menu_order":2,"comment_status":"closed","ping_status":"closed","template":"template-expertise-child.php","meta":{"_acf_changed":false,"inline_featured_image":false,"footnotes":""},"class_list":["post-27606","page","type-page","status-publish","has-post-thumbnail","hentry"],"acf":[],"yoast_head":"<!-- This site is optimized with the Yoast SEO plugin v27.2 - https:\/\/yoast.com\/product\/yoast-seo-wordpress\/ -->\n<title>Woda - Pietro Fiorentini<\/title>\n<meta name=\"description\" content=\"Dobre zarz\u0105dzanie zasobami wodnymi to strategiczny obowi\u0105zek z ka\u017cdego punktu widzenia: instytucjonalnego, \u015brodowiskowego i ekonomicznego.\" \/>\n<meta name=\"robots\" content=\"index, follow, max-snippet:-1, max-image-preview:large, max-video-preview:-1\" \/>\n<link rel=\"canonical\" href=\"https:\/\/fiorentini-polska.com\/pl\/doswiadczenie\/woda\/\" \/>\n<meta property=\"og:locale\" content=\"pl_PL\" \/>\n<meta property=\"og:type\" content=\"article\" \/>\n<meta property=\"og:title\" content=\"Woda - Pietro Fiorentini\" \/>\n<meta property=\"og:description\" content=\"Dobre zarz\u0105dzanie zasobami wodnymi to strategiczny obowi\u0105zek z ka\u017cdego punktu widzenia: instytucjonalnego, \u015brodowiskowego i ekonomicznego.\" \/>\n<meta property=\"og:url\" content=\"https:\/\/fiorentini-polska.com\/pl\/doswiadczenie\/woda\/\" \/>\n<meta property=\"og:site_name\" content=\"Pietro Fiorentini\" \/>\n<meta property=\"article:modified_time\" content=\"2026-02-17T12:08:25+00:00\" \/>\n<meta property=\"og:image\" content=\"https:\/\/fiorentini-polska.com\/wp-content\/uploads\/2021\/07\/as_fluid_as_water_quadrata.jpeg\" \/>\n\t<meta property=\"og:image:width\" content=\"991\" \/>\n\t<meta property=\"og:image:height\" content=\"991\" \/>\n\t<meta property=\"og:image:type\" content=\"image\/jpeg\" \/>\n<meta name=\"twitter:card\" content=\"summary_large_image\" \/>\n<meta name=\"twitter:site\" content=\"@FiorentiniSpa\" \/>\n<meta name=\"twitter:label1\" content=\"Szacowany czas czytania\" \/>\n\t<meta name=\"twitter:data1\" content=\"1 minuta\" \/>\n<script type=\"application\/ld+json\" class=\"yoast-schema-graph\">{\"@context\":\"https:\/\/schema.org\",\"@graph\":[{\"@type\":\"WebPage\",\"@id\":\"https:\/\/fiorentini-polska.com\/pl\/doswiadczenie\/woda\/\",\"url\":\"https:\/\/fiorentini-polska.com\/pl\/doswiadczenie\/woda\/\",\"name\":\"Woda - Pietro Fiorentini\",\"isPartOf\":{\"@id\":\"https:\/\/fiorentini-polska.com\/pl\/#website\"},\"primaryImageOfPage\":{\"@id\":\"https:\/\/fiorentini-polska.com\/pl\/doswiadczenie\/woda\/#primaryimage\"},\"image\":{\"@id\":\"https:\/\/fiorentini-polska.com\/pl\/doswiadczenie\/woda\/#primaryimage\"},\"thumbnailUrl\":\"https:\/\/fiorentini-polska.com\/wp-content\/uploads\/2021\/07\/as_fluid_as_water_quadrata.jpeg\",\"datePublished\":\"2024-02-13T22:35:32+00:00\",\"dateModified\":\"2026-02-17T12:08:25+00:00\",\"description\":\"Dobre zarz\u0105dzanie zasobami wodnymi to strategiczny obowi\u0105zek z ka\u017cdego punktu widzenia: instytucjonalnego, \u015brodowiskowego i ekonomicznego.\",\"breadcrumb\":{\"@id\":\"https:\/\/fiorentini-polska.com\/pl\/doswiadczenie\/woda\/#breadcrumb\"},\"inLanguage\":\"pl-PL\",\"potentialAction\":[{\"@type\":\"ReadAction\",\"target\":[\"https:\/\/fiorentini-polska.com\/pl\/doswiadczenie\/woda\/\"]}]},{\"@type\":\"ImageObject\",\"inLanguage\":\"pl-PL\",\"@id\":\"https:\/\/fiorentini-polska.com\/pl\/doswiadczenie\/woda\/#primaryimage\",\"url\":\"https:\/\/fiorentini-polska.com\/wp-content\/uploads\/2021\/07\/as_fluid_as_water_quadrata.jpeg\",\"contentUrl\":\"https:\/\/fiorentini-polska.com\/wp-content\/uploads\/2021\/07\/as_fluid_as_water_quadrata.jpeg\",\"width\":991,\"height\":991},{\"@type\":\"BreadcrumbList\",\"@id\":\"https:\/\/fiorentini-polska.com\/pl\/doswiadczenie\/woda\/#breadcrumb\",\"itemListElement\":[{\"@type\":\"ListItem\",\"position\":1,\"name\":\"Home\",\"item\":\"https:\/\/www.fiorentini-polska.com\/pl\/\"},{\"@type\":\"ListItem\",\"position\":2,\"name\":\"Do\u015bwiadczenie\",\"item\":\"https:\/\/fiorentini-polska.com\/pl\/doswiadczenie\/\"},{\"@type\":\"ListItem\",\"position\":3,\"name\":\"Woda\"}]},{\"@type\":\"WebSite\",\"@id\":\"https:\/\/fiorentini-polska.com\/pl\/#website\",\"url\":\"https:\/\/fiorentini-polska.com\/pl\/\",\"name\":\"Pietro Fiorentini Polska\",\"description\":\"Pietro Fiorentini projektuje i produkuje komponenty, systemy i us\u0142ugi do regulacji, pomiar\u00f3w i zarz\u0105dzania rop\u0105 naftow\u0105 i gazem.\",\"publisher\":{\"@id\":\"https:\/\/fiorentini-polska.com\/pl\/#organization\"},\"potentialAction\":[{\"@type\":\"SearchAction\",\"target\":{\"@type\":\"EntryPoint\",\"urlTemplate\":\"https:\/\/fiorentini-polska.com\/pl\/?s={search_term_string}\"},\"query-input\":{\"@type\":\"PropertyValueSpecification\",\"valueRequired\":true,\"valueName\":\"search_term_string\"}}],\"inLanguage\":\"pl-PL\"},{\"@type\":\"Organization\",\"@id\":\"https:\/\/fiorentini-polska.com\/pl\/#organization\",\"name\":\"Pietro Fiorentini Polska\",\"url\":\"https:\/\/fiorentini-polska.com\/pl\/\",\"logo\":{\"@type\":\"ImageObject\",\"inLanguage\":\"pl-PL\",\"@id\":\"https:\/\/fiorentini-polska.com\/pl\/#\/schema\/logo\/image\/\",\"url\":\"https:\/\/www.fiorentini-polska.com\/wp-content\/uploads\/2021\/07\/LOGO_CMYK_COLOR.png\",\"contentUrl\":\"https:\/\/www.fiorentini-polska.com\/wp-content\/uploads\/2021\/07\/LOGO_CMYK_COLOR.png\",\"width\":3077,\"height\":1259,\"caption\":\"Pietro Fiorentini Polska\"},\"image\":{\"@id\":\"https:\/\/fiorentini-polska.com\/pl\/#\/schema\/logo\/image\/\"},\"sameAs\":[\"https:\/\/x.com\/FiorentiniSpa\"]}]}<\/script>\n<!-- \/ Yoast SEO plugin. -->","yoast_head_json":{"title":"Woda - Pietro Fiorentini","description":"Dobre zarz\u0105dzanie zasobami wodnymi to strategiczny obowi\u0105zek z ka\u017cdego punktu widzenia: instytucjonalnego, \u015brodowiskowego i ekonomicznego.","robots":{"index":"index","follow":"follow","max-snippet":"max-snippet:-1","max-image-preview":"max-image-preview:large","max-video-preview":"max-video-preview:-1"},"canonical":"https:\/\/fiorentini-polska.com\/pl\/doswiadczenie\/woda\/","og_locale":"pl_PL","og_type":"article","og_title":"Woda - Pietro Fiorentini","og_description":"Dobre zarz\u0105dzanie zasobami wodnymi to strategiczny obowi\u0105zek z ka\u017cdego punktu widzenia: instytucjonalnego, \u015brodowiskowego i ekonomicznego.","og_url":"https:\/\/fiorentini-polska.com\/pl\/doswiadczenie\/woda\/","og_site_name":"Pietro Fiorentini","article_modified_time":"2026-02-17T12:08:25+00:00","og_image":[{"width":991,"height":991,"url":"https:\/\/fiorentini-polska.com\/wp-content\/uploads\/2021\/07\/as_fluid_as_water_quadrata.jpeg","type":"image\/jpeg"}],"twitter_card":"summary_large_image","twitter_site":"@FiorentiniSpa","twitter_misc":{"Szacowany czas czytania":"1 minuta"},"schema":{"@context":"https:\/\/schema.org","@graph":[{"@type":"WebPage","@id":"https:\/\/fiorentini-polska.com\/pl\/doswiadczenie\/woda\/","url":"https:\/\/fiorentini-polska.com\/pl\/doswiadczenie\/woda\/","name":"Woda - Pietro Fiorentini","isPartOf":{"@id":"https:\/\/fiorentini-polska.com\/pl\/#website"},"primaryImageOfPage":{"@id":"https:\/\/fiorentini-polska.com\/pl\/doswiadczenie\/woda\/#primaryimage"},"image":{"@id":"https:\/\/fiorentini-polska.com\/pl\/doswiadczenie\/woda\/#primaryimage"},"thumbnailUrl":"https:\/\/fiorentini-polska.com\/wp-content\/uploads\/2021\/07\/as_fluid_as_water_quadrata.jpeg","datePublished":"2024-02-13T22:35:32+00:00","dateModified":"2026-02-17T12:08:25+00:00","description":"Dobre zarz\u0105dzanie zasobami wodnymi to strategiczny obowi\u0105zek z ka\u017cdego punktu widzenia: instytucjonalnego, \u015brodowiskowego i ekonomicznego.","breadcrumb":{"@id":"https:\/\/fiorentini-polska.com\/pl\/doswiadczenie\/woda\/#breadcrumb"},"inLanguage":"pl-PL","potentialAction":[{"@type":"ReadAction","target":["https:\/\/fiorentini-polska.com\/pl\/doswiadczenie\/woda\/"]}]},{"@type":"ImageObject","inLanguage":"pl-PL","@id":"https:\/\/fiorentini-polska.com\/pl\/doswiadczenie\/woda\/#primaryimage","url":"https:\/\/fiorentini-polska.com\/wp-content\/uploads\/2021\/07\/as_fluid_as_water_quadrata.jpeg","contentUrl":"https:\/\/fiorentini-polska.com\/wp-content\/uploads\/2021\/07\/as_fluid_as_water_quadrata.jpeg","width":991,"height":991},{"@type":"BreadcrumbList","@id":"https:\/\/fiorentini-polska.com\/pl\/doswiadczenie\/woda\/#breadcrumb","itemListElement":[{"@type":"ListItem","position":1,"name":"Home","item":"https:\/\/www.fiorentini-polska.com\/pl\/"},{"@type":"ListItem","position":2,"name":"Do\u015bwiadczenie","item":"https:\/\/fiorentini-polska.com\/pl\/doswiadczenie\/"},{"@type":"ListItem","position":3,"name":"Woda"}]},{"@type":"WebSite","@id":"https:\/\/fiorentini-polska.com\/pl\/#website","url":"https:\/\/fiorentini-polska.com\/pl\/","name":"Pietro Fiorentini Polska","description":"Pietro Fiorentini projektuje i produkuje komponenty, systemy i us\u0142ugi do regulacji, pomiar\u00f3w i zarz\u0105dzania rop\u0105 naftow\u0105 i gazem.","publisher":{"@id":"https:\/\/fiorentini-polska.com\/pl\/#organization"},"potentialAction":[{"@type":"SearchAction","target":{"@type":"EntryPoint","urlTemplate":"https:\/\/fiorentini-polska.com\/pl\/?s={search_term_string}"},"query-input":{"@type":"PropertyValueSpecification","valueRequired":true,"valueName":"search_term_string"}}],"inLanguage":"pl-PL"},{"@type":"Organization","@id":"https:\/\/fiorentini-polska.com\/pl\/#organization","name":"Pietro Fiorentini Polska","url":"https:\/\/fiorentini-polska.com\/pl\/","logo":{"@type":"ImageObject","inLanguage":"pl-PL","@id":"https:\/\/fiorentini-polska.com\/pl\/#\/schema\/logo\/image\/","url":"https:\/\/www.fiorentini-polska.com\/wp-content\/uploads\/2021\/07\/LOGO_CMYK_COLOR.png","contentUrl":"https:\/\/www.fiorentini-polska.com\/wp-content\/uploads\/2021\/07\/LOGO_CMYK_COLOR.png","width":3077,"height":1259,"caption":"Pietro Fiorentini Polska"},"image":{"@id":"https:\/\/fiorentini-polska.com\/pl\/#\/schema\/logo\/image\/"},"sameAs":["https:\/\/x.com\/FiorentiniSpa"]}]}},"_links":{"self":[{"href":"https:\/\/fiorentini-polska.com\/pl\/wp-json\/wp\/v2\/pages\/27606","targetHints":{"allow":["GET"]}}],"collection":[{"href":"https:\/\/fiorentini-polska.com\/pl\/wp-json\/wp\/v2\/pages"}],"about":[{"href":"https:\/\/fiorentini-polska.com\/pl\/wp-json\/wp\/v2\/types\/page"}],"author":[{"embeddable":true,"href":"https:\/\/fiorentini-polska.com\/pl\/wp-json\/wp\/v2\/users\/12"}],"replies":[{"embeddable":true,"href":"https:\/\/fiorentini-polska.com\/pl\/wp-json\/wp\/v2\/comments?post=27606"}],"version-history":[{"count":3,"href":"https:\/\/fiorentini-polska.com\/pl\/wp-json\/wp\/v2\/pages\/27606\/revisions"}],"predecessor-version":[{"id":30754,"href":"https:\/\/fiorentini-polska.com\/pl\/wp-json\/wp\/v2\/pages\/27606\/revisions\/30754"}],"up":[{"embeddable":true,"href":"https:\/\/fiorentini-polska.com\/pl\/wp-json\/wp\/v2\/pages\/27546"}],"wp:featuredmedia":[{"embeddable":true,"href":"https:\/\/fiorentini-polska.com\/pl\/wp-json\/wp\/v2\/media\/27607"}],"wp:attachment":[{"href":"https:\/\/fiorentini-polska.com\/pl\/wp-json\/wp\/v2\/media?parent=27606"}],"curies":[{"name":"wp","href":"https:\/\/api.w.org\/{rel}","templated":true}]}}