{"id":27599,"date":"2024-02-23T12:18:42","date_gmt":"2024-02-23T11:18:42","guid":{"rendered":"https:\/\/fiorentini-polska.com\/doswiadczenie\/biometan\/biomethane-the-advantages-of-this-gas\/"},"modified":"2024-02-23T12:34:08","modified_gmt":"2024-02-23T11:34:08","slug":"biometan-zalety-tego-gazu","status":"publish","type":"page","link":"https:\/\/fiorentini-polska.com\/pl\/doswiadczenie\/biometan\/biometan-zalety-tego-gazu\/","title":{"rendered":"Biometan: zalety tego gazu"},"content":{"rendered":"\n<p class=\"has-text-color has-link-color has-medium-font-size wp-elements-e0a8e09f2c6638352d849bbabe54b47d\" style=\"color:#199782\"><strong>GAZ, WIELE KORZY\u015aCI DLA SPO\u0141ECZNO\u015aCI<\/strong><\/p>\n\n\n\n<figure class=\"wp-block-image size-full\"><img loading=\"lazy\" decoding=\"async\" width=\"1024\" height=\"723\" src=\"https:\/\/fiorentini-polska.com\/wp-content\/uploads\/2024\/02\/RENEWABLES_green_world-1-1024x723-1.jpg\" alt=\"A GAS, MANY ADVANTAGES FOR COMMUNITIES\" class=\"wp-image-27589\" srcset=\"https:\/\/fiorentini-polska.com\/wp-content\/uploads\/2024\/02\/RENEWABLES_green_world-1-1024x723-1.jpg 1024w, https:\/\/fiorentini-polska.com\/wp-content\/uploads\/2024\/02\/RENEWABLES_green_world-1-1024x723-1-300x212.jpg 300w, https:\/\/fiorentini-polska.com\/wp-content\/uploads\/2024\/02\/RENEWABLES_green_world-1-1024x723-1-768x542.jpg 768w\" sizes=\"auto, (max-width: 1024px) 100vw, 1024px\" \/><\/figure>\n\n\n\n<p>&nbsp;<\/p>\n\n\n\n<p>W ramach efektywnej energetycznie i bezemisyjnej \u015bcie\u017cki, gaz ziemny b\u0119dzie w coraz wi\u0119kszym stopniu <strong>uzupe\u0142niany produkcj\u0105 biogazu i biometanu<\/strong>, kt\u00f3ry jest uwa\u017cany za jeden z zasob\u00f3w, kt\u00f3re w najwi\u0119kszym stopniu przyczyni\u0105 si\u0119 do zmniejszenia obecnego stanu zanieczyszczenia powietrza.<\/p>\n\n\n\n<p>Rosn\u0105ca produkcja i p\u00f3\u017aniejsze wykorzystanie biometanu przyniesie korzy\u015bci <strong>w postaci przyspieszenia proces\u00f3w zmierzaj\u0105cych do neutralno\u015bci w\u0119glowej i gospodarki o obiegu zamkni\u0119tym<\/strong>.<\/p>\n\n\n\n<ol class=\"wp-block-list\">\n<li><strong><a href=\"#Sustainability\">Zr\u00f3wnowa\u017cony rozw\u00f3j i gospodarka o obiegu zamkni\u0119tym: czym s\u0105<\/a><\/strong><\/li>\n\n\n\n<li><strong><a href=\"#why\">Dlaczego biometan jest zr\u00f3wnowa\u017conym gazem<\/a><\/strong><\/li>\n<\/ol>\n\n\n\n<p class=\"has-text-color has-link-color has-medium-font-size wp-elements-c7bf51eafa4e259f97f1d0fee33e4f60\" id=\"Sustainability\" style=\"color:#199782;text-transform:uppercase\">\u00a0<br><strong>Zr\u00f3wnowa\u017cony rozw\u00f3j i gospodarka o obiegu zamkni\u0119tym: czym s\u0105<\/strong><\/p>\n\n\n\n<p>Pod poj\u0119ciem &#8222;<strong>zr\u00f3wnowa\u017conego rozwoju<\/strong>&#8221; kryj\u0105 si\u0119 r\u00f3\u017cne obszary, w kt\u00f3rych zr\u00f3wnowa\u017cony rozw\u00f3j mo\u017ce zosta\u0107 odrzucony. Og\u00f3lnie rzecz bior\u0105c, mo\u017cemy zdefiniowa\u0107 <strong>zr\u00f3wnowa\u017cony rozw\u00f3j jako stan rozwoju, kt\u00f3ry zaspokaja potrzeby obecnego pokolenia bez uszczerbku dla zdolno\u015bci kolejnych pokole\u0144 do zaspokajania ich w\u0142asnych potrzeb<\/strong>. Istniej\u0105 trzy g\u0142\u00f3wne obszary zr\u00f3wnowa\u017conego rozwoju, kt\u00f3re, gdy si\u0119 przecinaj\u0105, mog\u0105 umo\u017cliwi\u0107 realizacj\u0119 w pe\u0142ni zr\u00f3wnowa\u017conego rozwoju: zr\u00f3wnowa\u017cony rozw\u00f3j gospodarczy, zr\u00f3wnowa\u017cony rozw\u00f3j \u015brodowiska i zr\u00f3wnowa\u017cony rozw\u00f3j spo\u0142eczny.<\/p>\n\n\n\n<p><strong>Gospodarka o obiegu zamkni\u0119tym<\/strong> jest \u015bci\u015ble zwi\u0105zana ze zr\u00f3wnowa\u017conym rozwojem: jest to w rzeczywisto\u015bci model produkcji i konsumpcji, w kt\u00f3rym k\u0142adzie si\u0119 nacisk na dzielenie si\u0119, <strong>ponowne wykorzystanie, napraw\u0119, regeneracj\u0119 i recykling materia\u0142\u00f3w<\/strong>. To, co w &#8222;tradycyjnej&#8221; gospodarce jest uwa\u017cane za odpady, tutaj jest odzyskiwane i ponownie wykorzystywane, zmniejszaj\u0105c w ten spos\u00f3b ilo\u015b\u0107 odpad\u00f3w i zwi\u0119kszaj\u0105c specyfik\u0119 i potencja\u0142 terytorium.<br>\u00a0<\/p>\n\n\n\n<figure class=\"wp-block-image size-full\"><img loading=\"lazy\" decoding=\"async\" width=\"1024\" height=\"790\" src=\"https:\/\/fiorentini-polska.com\/wp-content\/uploads\/2024\/02\/RENEWABLES_cycle-1-1024x790-1.jpg\" alt=\"Sustainability and circular economy\" class=\"wp-image-27591\" srcset=\"https:\/\/fiorentini-polska.com\/wp-content\/uploads\/2024\/02\/RENEWABLES_cycle-1-1024x790-1.jpg 1024w, https:\/\/fiorentini-polska.com\/wp-content\/uploads\/2024\/02\/RENEWABLES_cycle-1-1024x790-1-300x231.jpg 300w, https:\/\/fiorentini-polska.com\/wp-content\/uploads\/2024\/02\/RENEWABLES_cycle-1-1024x790-1-768x593.jpg 768w\" sizes=\"auto, (max-width: 1024px) 100vw, 1024px\" \/><\/figure>\n\n\n\n<h3 class=\"wp-block-heading has-text-color has-link-color wp-elements-3563d38362d88616f083b503f42bbe32\" id=\"why\" style=\"color:#199782;text-transform:uppercase\">\u00a0<br><strong>Dlaczego biometan jest zr\u00f3wnowa\u017conym gazem<\/strong><\/h3>\n\n\n\n<p><strong>Biometan to zr\u00f3wnowa\u017cony gaz<\/strong> wytwarzany w procesie fermentacji biomasy organicznej, g\u0142\u00f3wnie produkt\u00f3w ubocznych i odpad\u00f3w z przetw\u00f3rstwa rolnego lub przemys\u0142owego. Wykorzystanie surowc\u00f3w uznawanych za odpady, kt\u00f3re po odpowiednim przetworzeniu daj\u0105 pocz\u0105tek biometanowi, jest dobrym przyk\u0142adem zr\u00f3wnowa\u017conego <strong>ekologicznie biznesu o obiegu zamkni\u0119tym<\/strong>.<\/p>\n\n\n\n<p>W kilku przypadkach, np. gdy wykorzystywanym surowcem s\u0105 odpady rolnicze, przetwarzanie w celu uzyskania biometanu wytwarza r\u00f3wnie\u017c inny produkt uboczny zwany odpadem <strong>pofermentacyjnym<\/strong>. Substancja ta jest wsp\u00f3\u0142wytwarzana w procesie fermentacji beztlenowej i nie zale\u017cy od u\u017cytej biomasy: na przyk\u0142ad fermentacja odpad\u00f3w r\u00f3wnie\u017c wytwarza mas\u0119 pofermentacyjn\u0105. Ten produkt uboczny mo\u017cna <strong>wykorzysta\u0107 jako naw\u00f3z rolniczy<\/strong>, unikaj\u0105c stosowania produkt\u00f3w chemicznych i maj\u0105c na uwadze pe\u0142ny obieg zamkni\u0119ty cyklu przetwarzania surowc\u00f3w.<br>\u00a0<\/p>\n\n\n\n<figure class=\"wp-block-image size-full\"><img loading=\"lazy\" decoding=\"async\" width=\"1024\" height=\"683\" src=\"https:\/\/fiorentini-polska.com\/wp-content\/uploads\/2024\/02\/biomethane-plant-1-1024x683-1.jpg\" alt=\"Why biomethane is a sustainable gas\" class=\"wp-image-27593\" srcset=\"https:\/\/fiorentini-polska.com\/wp-content\/uploads\/2024\/02\/biomethane-plant-1-1024x683-1.jpg 1024w, https:\/\/fiorentini-polska.com\/wp-content\/uploads\/2024\/02\/biomethane-plant-1-1024x683-1-300x200.jpg 300w, https:\/\/fiorentini-polska.com\/wp-content\/uploads\/2024\/02\/biomethane-plant-1-1024x683-1-768x512.jpg 768w\" sizes=\"auto, (max-width: 1024px) 100vw, 1024px\" \/><\/figure>\n","protected":false},"excerpt":{"rendered":"<p>Biometan jest cennym sprzymierze\u0144cem w procesie transformacji energetycznej: jest to zr\u00f3wnowa\u017cony gaz wytwarzany w wyniku fermentacji biomasy, surowca uwa\u017canego za odpad, kt\u00f3ry rozpoczyna cnotliwe ko\u0142o, w kt\u00f3rym ko\u0144cowy produkt uboczny r\u00f3wnie\u017c znajduje nowe zastosowanie.<\/p>\n","protected":false},"author":15,"featured_media":0,"parent":27551,"menu_order":0,"comment_status":"closed","ping_status":"closed","template":"template-expertise-post.php","meta":{"_acf_changed":false,"inline_featured_image":false,"footnotes":""},"class_list":["post-27599","page","type-page","status-publish","hentry"],"acf":[],"yoast_head":"<!-- This site is optimized with the Yoast SEO plugin v27.2 - https:\/\/yoast.com\/product\/yoast-seo-wordpress\/ -->\n<title>Biometan: zalety tego gazu - Pietro Fiorentini<\/title>\n<meta name=\"description\" content=\"Biometan jest uwa\u017cany za jeden z zasob\u00f3w, kt\u00f3re w najwi\u0119kszym stopniu przyczyni\u0105 si\u0119 do zmniejszenia obecnego stanu zanieczyszczenia powietrza.\" \/>\n<meta name=\"robots\" content=\"index, follow, max-snippet:-1, max-image-preview:large, max-video-preview:-1\" \/>\n<link rel=\"canonical\" href=\"https:\/\/fiorentini-polska.com\/pl\/doswiadczenie\/biometan\/biometan-zalety-tego-gazu\/\" \/>\n<meta property=\"og:locale\" content=\"pl_PL\" \/>\n<meta property=\"og:type\" content=\"article\" \/>\n<meta property=\"og:title\" content=\"Biometan: zalety tego gazu - Pietro Fiorentini\" \/>\n<meta property=\"og:description\" content=\"Biometan jest uwa\u017cany za jeden z zasob\u00f3w, kt\u00f3re w najwi\u0119kszym stopniu przyczyni\u0105 si\u0119 do zmniejszenia obecnego stanu zanieczyszczenia powietrza.\" \/>\n<meta property=\"og:url\" content=\"https:\/\/fiorentini-polska.com\/pl\/doswiadczenie\/biometan\/biometan-zalety-tego-gazu\/\" \/>\n<meta property=\"og:site_name\" content=\"Pietro Fiorentini\" \/>\n<meta property=\"article:modified_time\" content=\"2024-02-23T11:34:08+00:00\" \/>\n<meta property=\"og:image\" content=\"https:\/\/fiorentini-polska.com\/wp-content\/uploads\/2024\/02\/RENEWABLES_green_world-1-1024x723-1.jpg\" \/>\n<meta name=\"twitter:card\" content=\"summary_large_image\" \/>\n<meta name=\"twitter:site\" content=\"@FiorentiniSpa\" \/>\n<meta name=\"twitter:label1\" content=\"Szacowany czas czytania\" \/>\n\t<meta name=\"twitter:data1\" content=\"3 minuty\" \/>\n<script type=\"application\/ld+json\" class=\"yoast-schema-graph\">{\"@context\":\"https:\/\/schema.org\",\"@graph\":[{\"@type\":\"WebPage\",\"@id\":\"https:\/\/fiorentini-polska.com\/pl\/doswiadczenie\/biometan\/biometan-zalety-tego-gazu\/\",\"url\":\"https:\/\/fiorentini-polska.com\/pl\/doswiadczenie\/biometan\/biometan-zalety-tego-gazu\/\",\"name\":\"Biometan: zalety tego gazu - Pietro Fiorentini\",\"isPartOf\":{\"@id\":\"https:\/\/www.fiorentini-polska.com\/pl\/#website\"},\"primaryImageOfPage\":{\"@id\":\"https:\/\/fiorentini-polska.com\/pl\/doswiadczenie\/biometan\/biometan-zalety-tego-gazu\/#primaryimage\"},\"image\":{\"@id\":\"https:\/\/fiorentini-polska.com\/pl\/doswiadczenie\/biometan\/biometan-zalety-tego-gazu\/#primaryimage\"},\"thumbnailUrl\":\"https:\/\/fiorentini-polska.com\/wp-content\/uploads\/2024\/02\/RENEWABLES_green_world-1-1024x723-1.jpg\",\"datePublished\":\"2024-02-23T11:18:42+00:00\",\"dateModified\":\"2024-02-23T11:34:08+00:00\",\"description\":\"Biometan jest uwa\u017cany za jeden z zasob\u00f3w, kt\u00f3re w najwi\u0119kszym stopniu przyczyni\u0105 si\u0119 do zmniejszenia obecnego stanu zanieczyszczenia powietrza.\",\"breadcrumb\":{\"@id\":\"https:\/\/fiorentini-polska.com\/pl\/doswiadczenie\/biometan\/biometan-zalety-tego-gazu\/#breadcrumb\"},\"inLanguage\":\"pl-PL\",\"potentialAction\":[{\"@type\":\"ReadAction\",\"target\":[\"https:\/\/fiorentini-polska.com\/pl\/doswiadczenie\/biometan\/biometan-zalety-tego-gazu\/\"]}]},{\"@type\":\"ImageObject\",\"inLanguage\":\"pl-PL\",\"@id\":\"https:\/\/fiorentini-polska.com\/pl\/doswiadczenie\/biometan\/biometan-zalety-tego-gazu\/#primaryimage\",\"url\":\"https:\/\/fiorentini-polska.com\/wp-content\/uploads\/2024\/02\/RENEWABLES_green_world-1-1024x723-1.jpg\",\"contentUrl\":\"https:\/\/fiorentini-polska.com\/wp-content\/uploads\/2024\/02\/RENEWABLES_green_world-1-1024x723-1.jpg\"},{\"@type\":\"BreadcrumbList\",\"@id\":\"https:\/\/fiorentini-polska.com\/pl\/doswiadczenie\/biometan\/biometan-zalety-tego-gazu\/#breadcrumb\",\"itemListElement\":[{\"@type\":\"ListItem\",\"position\":1,\"name\":\"Home\",\"item\":\"https:\/\/www.fiorentini-polska.com\/pl\/\"},{\"@type\":\"ListItem\",\"position\":2,\"name\":\"Do\u015bwiadczenie\",\"item\":\"https:\/\/www.fiorentini-polska.com\/pl\/doswiadczenie\/\"},{\"@type\":\"ListItem\",\"position\":3,\"name\":\"Biometan\",\"item\":\"https:\/\/www.fiorentini-polska.com\/pl\/doswiadczenie\/biometan\/\"},{\"@type\":\"ListItem\",\"position\":4,\"name\":\"Biometan: zalety tego gazu\"}]},{\"@type\":\"WebSite\",\"@id\":\"https:\/\/www.fiorentini-polska.com\/pl\/#website\",\"url\":\"https:\/\/www.fiorentini-polska.com\/pl\/\",\"name\":\"Pietro Fiorentini Polska\",\"description\":\"Pietro Fiorentini projektuje i produkuje komponenty, systemy i us\u0142ugi do regulacji, pomiar\u00f3w i zarz\u0105dzania rop\u0105 naftow\u0105 i gazem.\",\"publisher\":{\"@id\":\"https:\/\/www.fiorentini-polska.com\/pl\/#organization\"},\"potentialAction\":[{\"@type\":\"SearchAction\",\"target\":{\"@type\":\"EntryPoint\",\"urlTemplate\":\"https:\/\/www.fiorentini-polska.com\/pl\/?s={search_term_string}\"},\"query-input\":{\"@type\":\"PropertyValueSpecification\",\"valueRequired\":true,\"valueName\":\"search_term_string\"}}],\"inLanguage\":\"pl-PL\"},{\"@type\":\"Organization\",\"@id\":\"https:\/\/www.fiorentini-polska.com\/pl\/#organization\",\"name\":\"Pietro Fiorentini Polska\",\"url\":\"https:\/\/www.fiorentini-polska.com\/pl\/\",\"logo\":{\"@type\":\"ImageObject\",\"inLanguage\":\"pl-PL\",\"@id\":\"https:\/\/www.fiorentini-polska.com\/pl\/#\/schema\/logo\/image\/\",\"url\":\"https:\/\/www.fiorentini-polska.com\/wp-content\/uploads\/2021\/07\/LOGO_CMYK_COLOR.png\",\"contentUrl\":\"https:\/\/www.fiorentini-polska.com\/wp-content\/uploads\/2021\/07\/LOGO_CMYK_COLOR.png\",\"width\":3077,\"height\":1259,\"caption\":\"Pietro Fiorentini Polska\"},\"image\":{\"@id\":\"https:\/\/www.fiorentini-polska.com\/pl\/#\/schema\/logo\/image\/\"},\"sameAs\":[\"https:\/\/x.com\/FiorentiniSpa\"]}]}<\/script>\n<!-- \/ Yoast SEO plugin. -->","yoast_head_json":{"title":"Biometan: zalety tego gazu - Pietro Fiorentini","description":"Biometan jest uwa\u017cany za jeden z zasob\u00f3w, kt\u00f3re w najwi\u0119kszym stopniu przyczyni\u0105 si\u0119 do zmniejszenia obecnego stanu zanieczyszczenia powietrza.","robots":{"index":"index","follow":"follow","max-snippet":"max-snippet:-1","max-image-preview":"max-image-preview:large","max-video-preview":"max-video-preview:-1"},"canonical":"https:\/\/fiorentini-polska.com\/pl\/doswiadczenie\/biometan\/biometan-zalety-tego-gazu\/","og_locale":"pl_PL","og_type":"article","og_title":"Biometan: zalety tego gazu - Pietro Fiorentini","og_description":"Biometan jest uwa\u017cany za jeden z zasob\u00f3w, kt\u00f3re w najwi\u0119kszym stopniu przyczyni\u0105 si\u0119 do zmniejszenia obecnego stanu zanieczyszczenia powietrza.","og_url":"https:\/\/fiorentini-polska.com\/pl\/doswiadczenie\/biometan\/biometan-zalety-tego-gazu\/","og_site_name":"Pietro Fiorentini","article_modified_time":"2024-02-23T11:34:08+00:00","og_image":[{"url":"https:\/\/fiorentini-polska.com\/wp-content\/uploads\/2024\/02\/RENEWABLES_green_world-1-1024x723-1.jpg","type":"","width":"","height":""}],"twitter_card":"summary_large_image","twitter_site":"@FiorentiniSpa","twitter_misc":{"Szacowany czas czytania":"3 minuty"},"schema":{"@context":"https:\/\/schema.org","@graph":[{"@type":"WebPage","@id":"https:\/\/fiorentini-polska.com\/pl\/doswiadczenie\/biometan\/biometan-zalety-tego-gazu\/","url":"https:\/\/fiorentini-polska.com\/pl\/doswiadczenie\/biometan\/biometan-zalety-tego-gazu\/","name":"Biometan: zalety tego gazu - Pietro Fiorentini","isPartOf":{"@id":"https:\/\/www.fiorentini-polska.com\/pl\/#website"},"primaryImageOfPage":{"@id":"https:\/\/fiorentini-polska.com\/pl\/doswiadczenie\/biometan\/biometan-zalety-tego-gazu\/#primaryimage"},"image":{"@id":"https:\/\/fiorentini-polska.com\/pl\/doswiadczenie\/biometan\/biometan-zalety-tego-gazu\/#primaryimage"},"thumbnailUrl":"https:\/\/fiorentini-polska.com\/wp-content\/uploads\/2024\/02\/RENEWABLES_green_world-1-1024x723-1.jpg","datePublished":"2024-02-23T11:18:42+00:00","dateModified":"2024-02-23T11:34:08+00:00","description":"Biometan jest uwa\u017cany za jeden z zasob\u00f3w, kt\u00f3re w najwi\u0119kszym stopniu przyczyni\u0105 si\u0119 do zmniejszenia obecnego stanu zanieczyszczenia powietrza.","breadcrumb":{"@id":"https:\/\/fiorentini-polska.com\/pl\/doswiadczenie\/biometan\/biometan-zalety-tego-gazu\/#breadcrumb"},"inLanguage":"pl-PL","potentialAction":[{"@type":"ReadAction","target":["https:\/\/fiorentini-polska.com\/pl\/doswiadczenie\/biometan\/biometan-zalety-tego-gazu\/"]}]},{"@type":"ImageObject","inLanguage":"pl-PL","@id":"https:\/\/fiorentini-polska.com\/pl\/doswiadczenie\/biometan\/biometan-zalety-tego-gazu\/#primaryimage","url":"https:\/\/fiorentini-polska.com\/wp-content\/uploads\/2024\/02\/RENEWABLES_green_world-1-1024x723-1.jpg","contentUrl":"https:\/\/fiorentini-polska.com\/wp-content\/uploads\/2024\/02\/RENEWABLES_green_world-1-1024x723-1.jpg"},{"@type":"BreadcrumbList","@id":"https:\/\/fiorentini-polska.com\/pl\/doswiadczenie\/biometan\/biometan-zalety-tego-gazu\/#breadcrumb","itemListElement":[{"@type":"ListItem","position":1,"name":"Home","item":"https:\/\/www.fiorentini-polska.com\/pl\/"},{"@type":"ListItem","position":2,"name":"Do\u015bwiadczenie","item":"https:\/\/www.fiorentini-polska.com\/pl\/doswiadczenie\/"},{"@type":"ListItem","position":3,"name":"Biometan","item":"https:\/\/www.fiorentini-polska.com\/pl\/doswiadczenie\/biometan\/"},{"@type":"ListItem","position":4,"name":"Biometan: zalety tego gazu"}]},{"@type":"WebSite","@id":"https:\/\/www.fiorentini-polska.com\/pl\/#website","url":"https:\/\/www.fiorentini-polska.com\/pl\/","name":"Pietro Fiorentini Polska","description":"Pietro Fiorentini projektuje i produkuje komponenty, systemy i us\u0142ugi do regulacji, pomiar\u00f3w i zarz\u0105dzania rop\u0105 naftow\u0105 i gazem.","publisher":{"@id":"https:\/\/www.fiorentini-polska.com\/pl\/#organization"},"potentialAction":[{"@type":"SearchAction","target":{"@type":"EntryPoint","urlTemplate":"https:\/\/www.fiorentini-polska.com\/pl\/?s={search_term_string}"},"query-input":{"@type":"PropertyValueSpecification","valueRequired":true,"valueName":"search_term_string"}}],"inLanguage":"pl-PL"},{"@type":"Organization","@id":"https:\/\/www.fiorentini-polska.com\/pl\/#organization","name":"Pietro Fiorentini Polska","url":"https:\/\/www.fiorentini-polska.com\/pl\/","logo":{"@type":"ImageObject","inLanguage":"pl-PL","@id":"https:\/\/www.fiorentini-polska.com\/pl\/#\/schema\/logo\/image\/","url":"https:\/\/www.fiorentini-polska.com\/wp-content\/uploads\/2021\/07\/LOGO_CMYK_COLOR.png","contentUrl":"https:\/\/www.fiorentini-polska.com\/wp-content\/uploads\/2021\/07\/LOGO_CMYK_COLOR.png","width":3077,"height":1259,"caption":"Pietro Fiorentini Polska"},"image":{"@id":"https:\/\/www.fiorentini-polska.com\/pl\/#\/schema\/logo\/image\/"},"sameAs":["https:\/\/x.com\/FiorentiniSpa"]}]}},"_links":{"self":[{"href":"https:\/\/fiorentini-polska.com\/pl\/wp-json\/wp\/v2\/pages\/27599","targetHints":{"allow":["GET"]}}],"collection":[{"href":"https:\/\/fiorentini-polska.com\/pl\/wp-json\/wp\/v2\/pages"}],"about":[{"href":"https:\/\/fiorentini-polska.com\/pl\/wp-json\/wp\/v2\/types\/page"}],"author":[{"embeddable":true,"href":"https:\/\/fiorentini-polska.com\/pl\/wp-json\/wp\/v2\/users\/15"}],"replies":[{"embeddable":true,"href":"https:\/\/fiorentini-polska.com\/pl\/wp-json\/wp\/v2\/comments?post=27599"}],"version-history":[{"count":3,"href":"https:\/\/fiorentini-polska.com\/pl\/wp-json\/wp\/v2\/pages\/27599\/revisions"}],"predecessor-version":[{"id":27605,"href":"https:\/\/fiorentini-polska.com\/pl\/wp-json\/wp\/v2\/pages\/27599\/revisions\/27605"}],"up":[{"embeddable":true,"href":"https:\/\/fiorentini-polska.com\/pl\/wp-json\/wp\/v2\/pages\/27551"}],"wp:attachment":[{"href":"https:\/\/fiorentini-polska.com\/pl\/wp-json\/wp\/v2\/media?parent=27599"}],"curies":[{"name":"wp","href":"https:\/\/api.w.org\/{rel}","templated":true}]}}