{"id":27577,"date":"2024-02-13T22:41:24","date_gmt":"2024-02-13T21:41:24","guid":{"rendered":"https:\/\/fiorentini-polska.com\/doswiadczenie\/biometan\/biogas-upgrading-plant-and-the-injection-of-biomethane-into-the-grid\/"},"modified":"2024-03-29T09:56:35","modified_gmt":"2024-03-29T08:56:35","slug":"instalacja-do-uszlachetniania-biogazu-i-zatlaczania-biometanu-do-sieci","status":"publish","type":"page","link":"https:\/\/fiorentini-polska.com\/pl\/doswiadczenie\/biometan\/instalacja-do-uszlachetniania-biogazu-i-zatlaczania-biometanu-do-sieci\/","title":{"rendered":"Instalacja do uszlachetniania biogazu i zat\u0142aczania biometanu do sieci\u00a0"},"content":{"rendered":"\n<p>W 2022 roku zaprojektowano, zbudowano i uruchomiono instalacj\u0119 <strong>do uszlachetniania i zat\u0142aczania biometanu w Cella Dati <\/strong>(Cremona). Inwestorem jest sp\u00f3\u0142ka EGEA i Santini Agricoltura Rinnovabile. Dzia\u0142aj\u0105ca od marca 2022 roku <strong>instalacja<\/strong> <strong>zat\u0142acza<\/strong> <strong>do<\/strong> <strong>sieci<\/strong> <strong>dystrybucyjnej<\/strong> <strong>biometan<\/strong> pochodz\u0105cy z odchod\u00f3w zwierz\u0119cych i biomasy ro\u015blinnej uprawianej na przyleg\u0142ym terenie.\u00a0<\/p>\n\n\n\n<p><strong>Produkowana ilo\u015b\u0107 przekracza 4 miliony metr\u00f3w sze\u015bciennych rocznie<\/strong>, co odpowiada rocznemu zu\u017cyciu paliwa przez prawie 4000 samochod\u00f3w. Opr\u00f3cz biometanu, instalacja pozwala uzyska\u0107 z pofermentu naw\u00f3z, kt\u00f3ry mo\u017cna stosowa\u0107 zamiast nawoz\u00f3w syntetycznych.\u00a0<\/p>\n\n\n\n<div style=\"height:34px\" aria-hidden=\"true\" class=\"wp-block-spacer\"><\/div>\n\n\n\n<figure class=\"wp-block-image size-full\"><img loading=\"lazy\" decoding=\"async\" width=\"1196\" height=\"674\" src=\"https:\/\/www.fiorentini-polska.com\/wp-content\/uploads\/2024\/02\/Fiorentini_celladati_aerial-PK.jpg\" alt=\"Fiorentini_celladati_aerial-PK\" class=\"wp-image-27572\" srcset=\"https:\/\/fiorentini-polska.com\/wp-content\/uploads\/2024\/02\/Fiorentini_celladati_aerial-PK.jpg 1196w, https:\/\/fiorentini-polska.com\/wp-content\/uploads\/2024\/02\/Fiorentini_celladati_aerial-PK-300x169.jpg 300w, https:\/\/fiorentini-polska.com\/wp-content\/uploads\/2024\/02\/Fiorentini_celladati_aerial-PK-1024x577.jpg 1024w, https:\/\/fiorentini-polska.com\/wp-content\/uploads\/2024\/02\/Fiorentini_celladati_aerial-PK-768x433.jpg 768w\" sizes=\"auto, (max-width: 1196px) 100vw, 1196px\" \/><\/figure>\n\n\n\n<div style=\"height:29px\" aria-hidden=\"true\" class=\"wp-block-spacer\"><\/div>\n\n\n\n<figure class=\"wp-block-table is-style-stripes\"><table class=\"has-white-background-color has-background has-fixed-layout\"><tbody><tr><td>Lokalizacja<\/td><td><strong>Cella Dati (CR)<\/strong>&nbsp;<\/td><\/tr><tr><td>Partner przemys\u0142owy&nbsp;<\/td><td><strong>EGEA Group&nbsp;<\/strong><\/td><\/tr><tr><td>Partner rolniczy<\/td><td><strong>Santini Agricoltura Rinnovabile<\/strong>&nbsp;<\/td><\/tr><tr><td>Instalacja jednostki&nbsp;<\/td><td><strong>Pietro Fiorentini SPA&nbsp;<\/strong><\/td><\/tr><tr><td>Zdolno\u015b\u0107 produkcyjna<\/td><td><strong>4,000,000 m\u00b3\/rok<\/strong><\/td><\/tr><\/tbody><\/table><\/figure>\n\n\n\n<div style=\"height:51px\" aria-hidden=\"true\" class=\"wp-block-spacer\"><\/div>\n\n\n\n<p>Projekt <strong>Biometan Cella Dati<\/strong> <a href=\"https:\/\/www.egea.it\/en\/egea-group\" target=\"_blank\" rel=\"noreferrer noopener\"><strong>Grupy Egea<\/strong><\/a><strong> <\/strong>(partnera przemys\u0142owego) i <strong>Santini Agricoltura Rinnovabile<\/strong> (partnera rolniczego) wynika z ch\u0119ci nadania znaczenia biogazowi pochodz\u0105cego z produkt\u00f3w ubocznych rolnictwa lokalnych gospodarstw, <strong>przekszta\u0142caj\u0105c go w biometan, kt\u00f3ry b\u0119dzie zat\u0142aczany do sieci dystrybucyjnej gazu ziemnego.<\/strong><\/p>\n\n\n\n<div style=\"height:20px\" aria-hidden=\"true\" class=\"wp-block-spacer\"><\/div>\n\n\n<div class=\"wp-block-image is-style-default\">\n<figure data-wp-context=\"{&quot;imageId&quot;:&quot;69ea37c2e0dbe&quot;}\" data-wp-interactive=\"core\/image\" data-wp-key=\"69ea37c2e0dbe\" class=\"aligncenter size-full is-resized wp-lightbox-container\"><img loading=\"lazy\" decoding=\"async\" width=\"1584\" height=\"1746\" data-wp-class--hide=\"state.isContentHidden\" data-wp-class--show=\"state.isContentVisible\" data-wp-init=\"callbacks.setButtonStyles\" data-wp-on--click=\"actions.showLightbox\" data-wp-on--load=\"callbacks.setButtonStyles\" data-wp-on-window--resize=\"callbacks.setButtonStyles\" src=\"https:\/\/www.fiorentini-polska.com\/wp-content\/uploads\/2024\/02\/Foto-2-PK.jpg\" alt=\"Kamienie milowe\" class=\"wp-image-27579\" style=\"width:838px;height:auto\" srcset=\"https:\/\/fiorentini-polska.com\/wp-content\/uploads\/2024\/02\/Foto-2-PK.jpg 1584w, https:\/\/fiorentini-polska.com\/wp-content\/uploads\/2024\/02\/Foto-2-PK-272x300.jpg 272w, https:\/\/fiorentini-polska.com\/wp-content\/uploads\/2024\/02\/Foto-2-PK-929x1024.jpg 929w, https:\/\/fiorentini-polska.com\/wp-content\/uploads\/2024\/02\/Foto-2-PK-768x847.jpg 768w, https:\/\/fiorentini-polska.com\/wp-content\/uploads\/2024\/02\/Foto-2-PK-1393x1536.jpg 1393w\" sizes=\"auto, (max-width: 1584px) 100vw, 1584px\" \/><button\n\t\t\tclass=\"lightbox-trigger\"\n\t\t\ttype=\"button\"\n\t\t\taria-haspopup=\"dialog\"\n\t\t\taria-label=\"Powi\u0119ksz\"\n\t\t\tdata-wp-init=\"callbacks.initTriggerButton\"\n\t\t\tdata-wp-on--click=\"actions.showLightbox\"\n\t\t\tdata-wp-style--right=\"state.imageButtonRight\"\n\t\t\tdata-wp-style--top=\"state.imageButtonTop\"\n\t\t>\n\t\t\t<svg xmlns=\"http:\/\/www.w3.org\/2000\/svg\" width=\"12\" height=\"12\" fill=\"none\" viewBox=\"0 0 12 12\">\n\t\t\t\t<path fill=\"#fff\" d=\"M2 0a2 2 0 0 0-2 2v2h1.5V2a.5.5 0 0 1 .5-.5h2V0H2Zm2 10.5H2a.5.5 0 0 1-.5-.5V8H0v2a2 2 0 0 0 2 2h2v-1.5ZM8 12v-1.5h2a.5.5 0 0 0 .5-.5V8H12v2a2 2 0 0 1-2 2H8Zm2-12a2 2 0 0 1 2 2v2h-1.5V2a.5.5 0 0 0-.5-.5H8V0h2Z\" \/>\n\t\t\t<\/svg>\n\t\t<\/button><\/figure>\n<\/div>\n\n\n<div style=\"height:50px\" aria-hidden=\"true\" class=\"wp-block-spacer\"><\/div>\n\n\n\n<p class=\"has-text-color has-link-color wp-elements-3ccf373c1d480240cf7d310acb52cb8c\" style=\"color:#1ca88c\"><strong><strong>KORZY\u015aCI EKONOMICZNE I \u015aRODOWISKOWE<\/strong><\/strong><\/p>\n\n\n\n<p>We W\u0142oszech zu\u017cywa si\u0119 ponad 75 miliard\u00f3w m\u00b3 gazu ziemnego rocznie. Instalacja zbudowana przez Pietro Fiorentini <strong>produkuje<\/strong> <strong>4 000 000 m\u00b3 gazu<\/strong>, wykorzystuj\u0105c rolnicze produkty uboczne odzyskiwane bezpo\u015brednio przez lokalne firmy.<\/p>\n\n\n\n<p>Produkt uboczny produkcji biogazu, zwany odpadem po fermentacyjnym, mo\u017cna wykorzysta\u0107 jako naw\u00f3z zamiast nawoz\u00f3w chemicznych.<\/p>\n\n\n\n<div style=\"height:16px\" aria-hidden=\"true\" class=\"wp-block-spacer\"><\/div>\n\n\n<div class=\"wp-block-image\">\n<figure class=\"aligncenter size-full is-resized\"><img loading=\"lazy\" decoding=\"async\" width=\"1260\" height=\"586\" src=\"https:\/\/www.fiorentini-polska.com\/wp-content\/uploads\/2024\/02\/foto-03-PK.jpg\" alt=\"Cella Dati\" class=\"wp-image-27584\" style=\"width:599px;height:auto\" srcset=\"https:\/\/fiorentini-polska.com\/wp-content\/uploads\/2024\/02\/foto-03-PK.jpg 1260w, https:\/\/fiorentini-polska.com\/wp-content\/uploads\/2024\/02\/foto-03-PK-300x140.jpg 300w, https:\/\/fiorentini-polska.com\/wp-content\/uploads\/2024\/02\/foto-03-PK-1024x476.jpg 1024w, https:\/\/fiorentini-polska.com\/wp-content\/uploads\/2024\/02\/foto-03-PK-768x357.jpg 768w\" sizes=\"auto, (max-width: 1260px) 100vw, 1260px\" \/><\/figure>\n<\/div>\n\n\n<div style=\"height:48px\" aria-hidden=\"true\" class=\"wp-block-spacer\"><\/div>\n\n\n\n<p>Wiele podobnych projekt\u00f3w zosta\u0142o ju\u017c oddanych do u\u017cytku i b\u0119dzie realizowanych w ci\u0105gu najbli\u017cszych kilku lat.<br>&nbsp;<\/p>\n\n\n\n<p class=\"has-text-color has-link-color has-medium-font-size wp-elements-fb9e6a43be3dbfbffbe1975a2a5e1c0b\" style=\"color:#1ca88c\"><strong><strong>ZORIENTOWANIE NA PRZEDSI\u0118BIORSTWACH<\/strong><\/strong><\/p>\n\n\n<div class=\"wp-block-image\">\n<figure class=\"alignleft size-full is-resized\"><a href=\"https:\/\/www.egea.it\/en\/egea-group\" target=\"_blank\" rel=\"noreferrer noopener\"><img loading=\"lazy\" decoding=\"async\" width=\"672\" height=\"262\" src=\"https:\/\/www.fiorentini-polska.com\/wp-content\/uploads\/2024\/02\/EGEA.jpg\" alt=\"\" class=\"wp-image-27401\" style=\"width:186px;height:auto\" srcset=\"https:\/\/fiorentini-polska.com\/wp-content\/uploads\/2024\/02\/EGEA.jpg 672w, https:\/\/fiorentini-polska.com\/wp-content\/uploads\/2024\/02\/EGEA-300x117.jpg 300w\" sizes=\"auto, (max-width: 672px) 100vw, 672px\" \/><\/a><\/figure>\n<\/div>\n\n\n<p><\/p>\n\n\n\n<p><\/p>\n\n\n\n<div style=\"height:28px\" aria-hidden=\"true\" class=\"wp-block-spacer\"><\/div>\n\n\n\n<p><strong>Grupa EGEA,<\/strong> b\u0119d\u0105ca grup\u0105 obejmuj\u0105c\u0105 wiele us\u0142ug z siedzib\u0105 w Albie, zawsze zwraca\u0142a uwag\u0119 na lokalne potrzeby i dzia\u0142a w oparciu o globalny model.&nbsp;<\/p>\n\n\n\n<div style=\"height:28px\" aria-hidden=\"true\" class=\"wp-block-spacer\"><\/div>\n\n\n<div class=\"wp-block-image\">\n<figure class=\"alignleft size-full is-resized\"><img loading=\"lazy\" decoding=\"async\" width=\"522\" height=\"186\" src=\"https:\/\/www.fiorentini-polska.com\/wp-content\/uploads\/2024\/02\/SAR.jpg\" alt=\"\" class=\"wp-image-27399\" style=\"width:196px;height:auto\" srcset=\"https:\/\/fiorentini-polska.com\/wp-content\/uploads\/2024\/02\/SAR.jpg 522w, https:\/\/fiorentini-polska.com\/wp-content\/uploads\/2024\/02\/SAR-300x107.jpg 300w\" sizes=\"auto, (max-width: 522px) 100vw, 522px\" \/><\/figure>\n<\/div>\n\n\n<p>Rodzina Santini jest obecna na tym obszarze od ponad 200 lat i <strong>zarz\u0105dza 500 hektarami w prowincji Cremona<\/strong> z ponad 4000 sztuk byd\u0142a i kolejnymi 300 hektarami podzielonymi mi\u0119dzy Emili\u0119-Romani\u0119 i Toskani\u0119.&nbsp;<br>&nbsp;<\/p>\n\n\n\n<div style=\"height:15px\" aria-hidden=\"true\" class=\"wp-block-spacer\"><\/div>\n\n\n\n<p>Pobierz <a href=\"https:\/\/www.fiorentini-iberia.com\/wp-content\/uploads\/2024\/01\/case-study-BCD_ENG.pdf\" target=\"_blank\" rel=\"noreferrer noopener\"><strong>Studium przypadku projektu Cella Dati<\/strong><\/a>.<\/p>\n","protected":false},"excerpt":{"rendered":"<p>W 2022 roku zaprojektowano, zbudowano i zainstalowano instalacj\u0119 do uszlachetniania i zat\u0142aczania biometanu w Cella Dati (Cremona). Inwestorem jest sp\u00f3\u0142ka EGEA i Santini Agricoltura Rinnovabile. Dzia\u0142aj\u0105ca od marca 2022 roku instalacja zat\u0142acza do sieci dystrybucyjnej biometan pochodz\u0105cy z odchod\u00f3w zwierz\u0119cych i biomasy ro\u015blinnej uprawianej na przyleg\u0142ym terenie.<\/p>\n","protected":false},"author":12,"featured_media":0,"parent":27551,"menu_order":0,"comment_status":"closed","ping_status":"closed","template":"template-expertise-post.php","meta":{"_acf_changed":false,"inline_featured_image":false,"footnotes":""},"class_list":["post-27577","page","type-page","status-publish","hentry"],"acf":[],"yoast_head":"<!-- This site is optimized with the Yoast SEO plugin v27.2 - https:\/\/yoast.com\/product\/yoast-seo-wordpress\/ -->\n<title>Instalacja do uszlachetniania biogazu i zat\u0142aczania biometanu do sieci\u00a0 - Pietro Fiorentini<\/title>\n<meta name=\"description\" content=\"W 2022 roku zaprojektowano, zbudowano i zainstalowano instalacj\u0119 do uszlachetniania i zat\u0142aczania biometanu w Cella Dati (Cremona).\" \/>\n<meta name=\"robots\" content=\"index, follow, max-snippet:-1, max-image-preview:large, max-video-preview:-1\" \/>\n<link rel=\"canonical\" href=\"https:\/\/fiorentini-polska.com\/pl\/doswiadczenie\/biometan\/instalacja-do-uszlachetniania-biogazu-i-zatlaczania-biometanu-do-sieci\/\" \/>\n<meta property=\"og:locale\" content=\"pl_PL\" \/>\n<meta property=\"og:type\" content=\"article\" \/>\n<meta property=\"og:title\" content=\"Instalacja do uszlachetniania biogazu i zat\u0142aczania biometanu do sieci\u00a0 - Pietro Fiorentini\" \/>\n<meta property=\"og:description\" content=\"W 2022 roku zaprojektowano, zbudowano i zainstalowano instalacj\u0119 do uszlachetniania i zat\u0142aczania biometanu w Cella Dati (Cremona).\" \/>\n<meta property=\"og:url\" content=\"https:\/\/fiorentini-polska.com\/pl\/doswiadczenie\/biometan\/instalacja-do-uszlachetniania-biogazu-i-zatlaczania-biometanu-do-sieci\/\" \/>\n<meta property=\"og:site_name\" content=\"Pietro Fiorentini\" \/>\n<meta property=\"article:modified_time\" content=\"2024-03-29T08:56:35+00:00\" \/>\n<meta property=\"og:image\" content=\"https:\/\/www.fiorentini-polska.com\/wp-content\/uploads\/2024\/02\/Fiorentini_celladati_aerial-PK.jpg\" \/>\n<meta name=\"twitter:card\" content=\"summary_large_image\" \/>\n<meta name=\"twitter:site\" content=\"@FiorentiniSpa\" \/>\n<meta name=\"twitter:label1\" content=\"Szacowany czas czytania\" \/>\n\t<meta name=\"twitter:data1\" content=\"3 minuty\" \/>\n<script type=\"application\/ld+json\" class=\"yoast-schema-graph\">{\"@context\":\"https:\/\/schema.org\",\"@graph\":[{\"@type\":\"WebPage\",\"@id\":\"https:\/\/fiorentini-polska.com\/pl\/doswiadczenie\/biometan\/instalacja-do-uszlachetniania-biogazu-i-zatlaczania-biometanu-do-sieci\/\",\"url\":\"https:\/\/fiorentini-polska.com\/pl\/doswiadczenie\/biometan\/instalacja-do-uszlachetniania-biogazu-i-zatlaczania-biometanu-do-sieci\/\",\"name\":\"Instalacja do uszlachetniania biogazu i zat\u0142aczania biometanu do sieci\u00a0 - Pietro Fiorentini\",\"isPartOf\":{\"@id\":\"https:\/\/www.fiorentini-polska.com\/pl\/#website\"},\"primaryImageOfPage\":{\"@id\":\"https:\/\/fiorentini-polska.com\/pl\/doswiadczenie\/biometan\/instalacja-do-uszlachetniania-biogazu-i-zatlaczania-biometanu-do-sieci\/#primaryimage\"},\"image\":{\"@id\":\"https:\/\/fiorentini-polska.com\/pl\/doswiadczenie\/biometan\/instalacja-do-uszlachetniania-biogazu-i-zatlaczania-biometanu-do-sieci\/#primaryimage\"},\"thumbnailUrl\":\"https:\/\/www.fiorentini-polska.com\/wp-content\/uploads\/2024\/02\/Fiorentini_celladati_aerial-PK.jpg\",\"datePublished\":\"2024-02-13T21:41:24+00:00\",\"dateModified\":\"2024-03-29T08:56:35+00:00\",\"description\":\"W 2022 roku zaprojektowano, zbudowano i zainstalowano instalacj\u0119 do uszlachetniania i zat\u0142aczania biometanu w Cella Dati (Cremona).\",\"breadcrumb\":{\"@id\":\"https:\/\/fiorentini-polska.com\/pl\/doswiadczenie\/biometan\/instalacja-do-uszlachetniania-biogazu-i-zatlaczania-biometanu-do-sieci\/#breadcrumb\"},\"inLanguage\":\"pl-PL\",\"potentialAction\":[{\"@type\":\"ReadAction\",\"target\":[\"https:\/\/fiorentini-polska.com\/pl\/doswiadczenie\/biometan\/instalacja-do-uszlachetniania-biogazu-i-zatlaczania-biometanu-do-sieci\/\"]}]},{\"@type\":\"ImageObject\",\"inLanguage\":\"pl-PL\",\"@id\":\"https:\/\/fiorentini-polska.com\/pl\/doswiadczenie\/biometan\/instalacja-do-uszlachetniania-biogazu-i-zatlaczania-biometanu-do-sieci\/#primaryimage\",\"url\":\"https:\/\/www.fiorentini-polska.com\/wp-content\/uploads\/2024\/02\/Fiorentini_celladati_aerial-PK.jpg\",\"contentUrl\":\"https:\/\/www.fiorentini-polska.com\/wp-content\/uploads\/2024\/02\/Fiorentini_celladati_aerial-PK.jpg\"},{\"@type\":\"BreadcrumbList\",\"@id\":\"https:\/\/fiorentini-polska.com\/pl\/doswiadczenie\/biometan\/instalacja-do-uszlachetniania-biogazu-i-zatlaczania-biometanu-do-sieci\/#breadcrumb\",\"itemListElement\":[{\"@type\":\"ListItem\",\"position\":1,\"name\":\"Home\",\"item\":\"https:\/\/www.fiorentini-polska.com\/pl\/\"},{\"@type\":\"ListItem\",\"position\":2,\"name\":\"Do\u015bwiadczenie\",\"item\":\"https:\/\/fiorentini-polska.com\/pl\/doswiadczenie\/\"},{\"@type\":\"ListItem\",\"position\":3,\"name\":\"Biometan\",\"item\":\"https:\/\/fiorentini-polska.com\/pl\/doswiadczenie\/biometan\/\"},{\"@type\":\"ListItem\",\"position\":4,\"name\":\"Instalacja do uszlachetniania biogazu i zat\u0142aczania biometanu do sieci\u00a0\"}]},{\"@type\":\"WebSite\",\"@id\":\"https:\/\/www.fiorentini-polska.com\/pl\/#website\",\"url\":\"https:\/\/www.fiorentini-polska.com\/pl\/\",\"name\":\"Pietro Fiorentini Polska\",\"description\":\"Pietro Fiorentini projektuje i produkuje komponenty, systemy i us\u0142ugi do regulacji, pomiar\u00f3w i zarz\u0105dzania rop\u0105 naftow\u0105 i gazem.\",\"publisher\":{\"@id\":\"https:\/\/www.fiorentini-polska.com\/pl\/#organization\"},\"potentialAction\":[{\"@type\":\"SearchAction\",\"target\":{\"@type\":\"EntryPoint\",\"urlTemplate\":\"https:\/\/www.fiorentini-polska.com\/pl\/?s={search_term_string}\"},\"query-input\":{\"@type\":\"PropertyValueSpecification\",\"valueRequired\":true,\"valueName\":\"search_term_string\"}}],\"inLanguage\":\"pl-PL\"},{\"@type\":\"Organization\",\"@id\":\"https:\/\/www.fiorentini-polska.com\/pl\/#organization\",\"name\":\"Pietro Fiorentini Polska\",\"url\":\"https:\/\/www.fiorentini-polska.com\/pl\/\",\"logo\":{\"@type\":\"ImageObject\",\"inLanguage\":\"pl-PL\",\"@id\":\"https:\/\/www.fiorentini-polska.com\/pl\/#\/schema\/logo\/image\/\",\"url\":\"https:\/\/www.fiorentini-polska.com\/wp-content\/uploads\/2021\/07\/LOGO_CMYK_COLOR.png\",\"contentUrl\":\"https:\/\/www.fiorentini-polska.com\/wp-content\/uploads\/2021\/07\/LOGO_CMYK_COLOR.png\",\"width\":3077,\"height\":1259,\"caption\":\"Pietro Fiorentini Polska\"},\"image\":{\"@id\":\"https:\/\/www.fiorentini-polska.com\/pl\/#\/schema\/logo\/image\/\"},\"sameAs\":[\"https:\/\/x.com\/FiorentiniSpa\"]}]}<\/script>\n<!-- \/ Yoast SEO plugin. -->","yoast_head_json":{"title":"Instalacja do uszlachetniania biogazu i zat\u0142aczania biometanu do sieci\u00a0 - Pietro Fiorentini","description":"W 2022 roku zaprojektowano, zbudowano i zainstalowano instalacj\u0119 do uszlachetniania i zat\u0142aczania biometanu w Cella Dati (Cremona).","robots":{"index":"index","follow":"follow","max-snippet":"max-snippet:-1","max-image-preview":"max-image-preview:large","max-video-preview":"max-video-preview:-1"},"canonical":"https:\/\/fiorentini-polska.com\/pl\/doswiadczenie\/biometan\/instalacja-do-uszlachetniania-biogazu-i-zatlaczania-biometanu-do-sieci\/","og_locale":"pl_PL","og_type":"article","og_title":"Instalacja do uszlachetniania biogazu i zat\u0142aczania biometanu do sieci\u00a0 - Pietro Fiorentini","og_description":"W 2022 roku zaprojektowano, zbudowano i zainstalowano instalacj\u0119 do uszlachetniania i zat\u0142aczania biometanu w Cella Dati (Cremona).","og_url":"https:\/\/fiorentini-polska.com\/pl\/doswiadczenie\/biometan\/instalacja-do-uszlachetniania-biogazu-i-zatlaczania-biometanu-do-sieci\/","og_site_name":"Pietro Fiorentini","article_modified_time":"2024-03-29T08:56:35+00:00","og_image":[{"url":"https:\/\/www.fiorentini-polska.com\/wp-content\/uploads\/2024\/02\/Fiorentini_celladati_aerial-PK.jpg","type":"","width":"","height":""}],"twitter_card":"summary_large_image","twitter_site":"@FiorentiniSpa","twitter_misc":{"Szacowany czas czytania":"3 minuty"},"schema":{"@context":"https:\/\/schema.org","@graph":[{"@type":"WebPage","@id":"https:\/\/fiorentini-polska.com\/pl\/doswiadczenie\/biometan\/instalacja-do-uszlachetniania-biogazu-i-zatlaczania-biometanu-do-sieci\/","url":"https:\/\/fiorentini-polska.com\/pl\/doswiadczenie\/biometan\/instalacja-do-uszlachetniania-biogazu-i-zatlaczania-biometanu-do-sieci\/","name":"Instalacja do uszlachetniania biogazu i zat\u0142aczania biometanu do sieci\u00a0 - Pietro Fiorentini","isPartOf":{"@id":"https:\/\/www.fiorentini-polska.com\/pl\/#website"},"primaryImageOfPage":{"@id":"https:\/\/fiorentini-polska.com\/pl\/doswiadczenie\/biometan\/instalacja-do-uszlachetniania-biogazu-i-zatlaczania-biometanu-do-sieci\/#primaryimage"},"image":{"@id":"https:\/\/fiorentini-polska.com\/pl\/doswiadczenie\/biometan\/instalacja-do-uszlachetniania-biogazu-i-zatlaczania-biometanu-do-sieci\/#primaryimage"},"thumbnailUrl":"https:\/\/www.fiorentini-polska.com\/wp-content\/uploads\/2024\/02\/Fiorentini_celladati_aerial-PK.jpg","datePublished":"2024-02-13T21:41:24+00:00","dateModified":"2024-03-29T08:56:35+00:00","description":"W 2022 roku zaprojektowano, zbudowano i zainstalowano instalacj\u0119 do uszlachetniania i zat\u0142aczania biometanu w Cella Dati (Cremona).","breadcrumb":{"@id":"https:\/\/fiorentini-polska.com\/pl\/doswiadczenie\/biometan\/instalacja-do-uszlachetniania-biogazu-i-zatlaczania-biometanu-do-sieci\/#breadcrumb"},"inLanguage":"pl-PL","potentialAction":[{"@type":"ReadAction","target":["https:\/\/fiorentini-polska.com\/pl\/doswiadczenie\/biometan\/instalacja-do-uszlachetniania-biogazu-i-zatlaczania-biometanu-do-sieci\/"]}]},{"@type":"ImageObject","inLanguage":"pl-PL","@id":"https:\/\/fiorentini-polska.com\/pl\/doswiadczenie\/biometan\/instalacja-do-uszlachetniania-biogazu-i-zatlaczania-biometanu-do-sieci\/#primaryimage","url":"https:\/\/www.fiorentini-polska.com\/wp-content\/uploads\/2024\/02\/Fiorentini_celladati_aerial-PK.jpg","contentUrl":"https:\/\/www.fiorentini-polska.com\/wp-content\/uploads\/2024\/02\/Fiorentini_celladati_aerial-PK.jpg"},{"@type":"BreadcrumbList","@id":"https:\/\/fiorentini-polska.com\/pl\/doswiadczenie\/biometan\/instalacja-do-uszlachetniania-biogazu-i-zatlaczania-biometanu-do-sieci\/#breadcrumb","itemListElement":[{"@type":"ListItem","position":1,"name":"Home","item":"https:\/\/www.fiorentini-polska.com\/pl\/"},{"@type":"ListItem","position":2,"name":"Do\u015bwiadczenie","item":"https:\/\/fiorentini-polska.com\/pl\/doswiadczenie\/"},{"@type":"ListItem","position":3,"name":"Biometan","item":"https:\/\/fiorentini-polska.com\/pl\/doswiadczenie\/biometan\/"},{"@type":"ListItem","position":4,"name":"Instalacja do uszlachetniania biogazu i zat\u0142aczania biometanu do sieci\u00a0"}]},{"@type":"WebSite","@id":"https:\/\/www.fiorentini-polska.com\/pl\/#website","url":"https:\/\/www.fiorentini-polska.com\/pl\/","name":"Pietro Fiorentini Polska","description":"Pietro Fiorentini projektuje i produkuje komponenty, systemy i us\u0142ugi do regulacji, pomiar\u00f3w i zarz\u0105dzania rop\u0105 naftow\u0105 i gazem.","publisher":{"@id":"https:\/\/www.fiorentini-polska.com\/pl\/#organization"},"potentialAction":[{"@type":"SearchAction","target":{"@type":"EntryPoint","urlTemplate":"https:\/\/www.fiorentini-polska.com\/pl\/?s={search_term_string}"},"query-input":{"@type":"PropertyValueSpecification","valueRequired":true,"valueName":"search_term_string"}}],"inLanguage":"pl-PL"},{"@type":"Organization","@id":"https:\/\/www.fiorentini-polska.com\/pl\/#organization","name":"Pietro Fiorentini Polska","url":"https:\/\/www.fiorentini-polska.com\/pl\/","logo":{"@type":"ImageObject","inLanguage":"pl-PL","@id":"https:\/\/www.fiorentini-polska.com\/pl\/#\/schema\/logo\/image\/","url":"https:\/\/www.fiorentini-polska.com\/wp-content\/uploads\/2021\/07\/LOGO_CMYK_COLOR.png","contentUrl":"https:\/\/www.fiorentini-polska.com\/wp-content\/uploads\/2021\/07\/LOGO_CMYK_COLOR.png","width":3077,"height":1259,"caption":"Pietro Fiorentini Polska"},"image":{"@id":"https:\/\/www.fiorentini-polska.com\/pl\/#\/schema\/logo\/image\/"},"sameAs":["https:\/\/x.com\/FiorentiniSpa"]}]}},"_links":{"self":[{"href":"https:\/\/fiorentini-polska.com\/pl\/wp-json\/wp\/v2\/pages\/27577","targetHints":{"allow":["GET"]}}],"collection":[{"href":"https:\/\/fiorentini-polska.com\/pl\/wp-json\/wp\/v2\/pages"}],"about":[{"href":"https:\/\/fiorentini-polska.com\/pl\/wp-json\/wp\/v2\/types\/page"}],"author":[{"embeddable":true,"href":"https:\/\/fiorentini-polska.com\/pl\/wp-json\/wp\/v2\/users\/12"}],"replies":[{"embeddable":true,"href":"https:\/\/fiorentini-polska.com\/pl\/wp-json\/wp\/v2\/comments?post=27577"}],"version-history":[{"count":2,"href":"https:\/\/fiorentini-polska.com\/pl\/wp-json\/wp\/v2\/pages\/27577\/revisions"}],"predecessor-version":[{"id":28118,"href":"https:\/\/fiorentini-polska.com\/pl\/wp-json\/wp\/v2\/pages\/27577\/revisions\/28118"}],"up":[{"embeddable":true,"href":"https:\/\/fiorentini-polska.com\/pl\/wp-json\/wp\/v2\/pages\/27551"}],"wp:attachment":[{"href":"https:\/\/fiorentini-polska.com\/pl\/wp-json\/wp\/v2\/media?parent=27577"}],"curies":[{"name":"wp","href":"https:\/\/api.w.org\/{rel}","templated":true}]}}