{"id":27551,"date":"2024-02-13T22:36:08","date_gmt":"2024-02-13T21:36:08","guid":{"rendered":"https:\/\/fiorentini-polska.com\/doswiadczenie\/biomethane\/"},"modified":"2026-03-09T19:07:13","modified_gmt":"2026-03-09T18:07:13","slug":"biometan","status":"publish","type":"page","link":"https:\/\/fiorentini-polska.com\/pl\/doswiadczenie\/biometan\/","title":{"rendered":"Biometan"},"content":{"rendered":"\n<h2 class=\"wp-block-heading\"><strong>Kamie\u0144 milowy transformacji energetycznej<\/strong><\/h2>\n\n\n\n<p><strong><a href=\"https:\/\/fiorentini-polska.com\/pl\/bez-kategorii\/systemy\/odnawialne-zrodla-energii\/usluga-biometanu\/\">Biometan<\/a><\/strong> odgrywa w tym znacz\u0105c\u0105 rol\u0119. W przeciwie\u0144stwie do innych \u017ar\u00f3de\u0142 odnawialnych wymaga <strong>ograniczonych inwestycji w infrastruktur\u0119,<\/strong> a pod wzgl\u0119dem emisji jest uwa\u017cana za <strong>neutraln\u0105<\/strong>, poniewa\u017c powstaje w wyniku fermentacji biomasy z produkt\u00f3w ubocznych, odpad\u00f3w z przetwarzania przemys\u0142owego i materia\u0142u organicznego.<\/p>\n\n\n\n<p><strong>Pietro Fiorentini<\/strong> dostarcza zintegrowane rozwi\u0105zania do ka\u017cdego rodzaju instalacji, od bezpo\u015bredniego <a href=\"https:\/\/fiorentini-polska.com\/pl\/bez-kategorii\/systemy\/odnawialne-zrodla-energii\/wtrysk-biometanu\/\"><strong>zat\u0142aczania biometanu<\/strong><\/a><strong> do sieci przesy\u0142owej lub dystrybucyjnej<\/strong>, po rozwi\u0105zania do <a href=\"https:\/\/fiorentini-polska.com\/pl\/bez-kategorii\/systemy\/odnawialne-zrodla-energii\/metrologia-skroplonego-biometanu\/\"><strong>skroplonego biometanu<\/strong><\/a>.<\/p>\n\n\n\n<p>Dzi\u0119ki rozwi\u0105zaniom firmy Pietro Fiorentini w zakresie <a href=\"https:\/\/fiorentini-polska.com\/pl\/bez-kategorii\/systemy\/odnawialne-zrodla-energii\/uszlachetnianie-biogazu\/\"><strong>uszlachetniania biogazu<\/strong><\/a>, zanieczyszczenia i substancje oboj\u0119tne, kt\u00f3re obni\u017caj\u0105 warto\u015b\u0107 opa\u0142ow\u0105, s\u0105 eliminowane z biogazu, przekszta\u0142caj\u0105c go w biometan.<\/p>\n\n\n\n<p>Dzi\u0119ki bezpo\u015bredniemu wykrywaniu kryteri\u00f3w systemu w spos\u00f3b ci\u0105g\u0142y, mo\u017cemy zarz\u0105dza\u0107 instalacj\u0105 <strong>zdalnie i szybko reagowa\u0107<\/strong> oraz szybko informowa\u0107 w przypadku wyst\u0105pienia zak\u0142\u00f3ce\u0144.<\/p>\n","protected":false},"excerpt":{"rendered":"<p>W przeciwie\u0144stwie do innych odnawialnych \u017ar\u00f3de\u0142 energii, biometan wymaga limitowanych inwestycji w infrastruktur\u0119. Ponadto, je\u015bli chodzi o emisj\u0119, uwa\u017ca si\u0119 go za neutralny, poniewa\u017c powstaje w wyniku fermentacji biomasy z produkt\u00f3w ubocznych, odpad\u00f3w z przetw\u00f3rstwa przemys\u0142owego i materia\u0142\u00f3w organicznych.<br \/>\nSpecjalne zach\u0119ty promowane na poziomie europejskim sprawiaj\u0105, \u017ce jego wykorzystanie jest zr\u00f3wnowa\u017cone ekonomicznie, w wyniku czego zdecydowanie zach\u0119ca si\u0119 do produkcji i wykorzystania tego \u017ar\u00f3d\u0142a.<\/p>\n","protected":false},"author":12,"featured_media":27552,"parent":27546,"menu_order":0,"comment_status":"closed","ping_status":"closed","template":"template-expertise-child.php","meta":{"_acf_changed":false,"inline_featured_image":false,"footnotes":""},"class_list":["post-27551","page","type-page","status-publish","has-post-thumbnail","hentry"],"acf":[],"yoast_head":"<!-- This site is optimized with the Yoast SEO plugin v27.2 - https:\/\/yoast.com\/product\/yoast-seo-wordpress\/ -->\n<title>Biometan - Pietro Fiorentini<\/title>\n<meta name=\"description\" content=\"Biometan odgrywa w tym znacz\u0105c\u0105 rol\u0119. W przeciwie\u0144stwie do innych \u017ar\u00f3de\u0142 odnawialnych wymaga minimalnych inwestycji w infrastruktur\u0119.\" \/>\n<meta name=\"robots\" content=\"index, follow, max-snippet:-1, max-image-preview:large, max-video-preview:-1\" \/>\n<link rel=\"canonical\" href=\"https:\/\/fiorentini-polska.com\/pl\/doswiadczenie\/biometan\/\" \/>\n<meta property=\"og:locale\" content=\"pl_PL\" \/>\n<meta property=\"og:type\" content=\"article\" \/>\n<meta property=\"og:title\" content=\"Biometan - Pietro Fiorentini\" \/>\n<meta property=\"og:description\" content=\"Biometan odgrywa w tym znacz\u0105c\u0105 rol\u0119. W przeciwie\u0144stwie do innych \u017ar\u00f3de\u0142 odnawialnych wymaga minimalnych inwestycji w infrastruktur\u0119.\" \/>\n<meta property=\"og:url\" content=\"https:\/\/fiorentini-polska.com\/pl\/doswiadczenie\/biometan\/\" \/>\n<meta property=\"og:site_name\" content=\"Pietro Fiorentini\" \/>\n<meta property=\"article:modified_time\" content=\"2026-03-09T18:07:13+00:00\" \/>\n<meta property=\"og:image\" content=\"https:\/\/www.fiorentini-polska.com\/wp-content\/uploads\/2021\/03\/01_expertise_biogas.jpeg\" \/>\n\t<meta property=\"og:image:width\" content=\"991\" \/>\n\t<meta property=\"og:image:height\" content=\"991\" \/>\n\t<meta property=\"og:image:type\" content=\"image\/jpeg\" \/>\n<meta name=\"twitter:card\" content=\"summary_large_image\" \/>\n<meta name=\"twitter:site\" content=\"@FiorentiniSpa\" \/>\n<meta name=\"twitter:label1\" content=\"Szacowany czas czytania\" \/>\n\t<meta name=\"twitter:data1\" content=\"1 minuta\" \/>\n<script type=\"application\/ld+json\" class=\"yoast-schema-graph\">{\"@context\":\"https:\/\/schema.org\",\"@graph\":[{\"@type\":\"WebPage\",\"@id\":\"https:\/\/fiorentini-polska.com\/pl\/doswiadczenie\/biometan\/\",\"url\":\"https:\/\/fiorentini-polska.com\/pl\/doswiadczenie\/biometan\/\",\"name\":\"Biometan - Pietro Fiorentini\",\"isPartOf\":{\"@id\":\"https:\/\/www.fiorentini-polska.com\/pl\/#website\"},\"primaryImageOfPage\":{\"@id\":\"https:\/\/fiorentini-polska.com\/pl\/doswiadczenie\/biometan\/#primaryimage\"},\"image\":{\"@id\":\"https:\/\/fiorentini-polska.com\/pl\/doswiadczenie\/biometan\/#primaryimage\"},\"thumbnailUrl\":\"https:\/\/fiorentini-polska.com\/wp-content\/uploads\/2021\/03\/01_expertise_biogas.jpeg\",\"datePublished\":\"2024-02-13T21:36:08+00:00\",\"dateModified\":\"2026-03-09T18:07:13+00:00\",\"description\":\"Biometan odgrywa w tym znacz\u0105c\u0105 rol\u0119. W przeciwie\u0144stwie do innych \u017ar\u00f3de\u0142 odnawialnych wymaga minimalnych inwestycji w infrastruktur\u0119.\",\"breadcrumb\":{\"@id\":\"https:\/\/fiorentini-polska.com\/pl\/doswiadczenie\/biometan\/#breadcrumb\"},\"inLanguage\":\"pl-PL\",\"potentialAction\":[{\"@type\":\"ReadAction\",\"target\":[\"https:\/\/fiorentini-polska.com\/pl\/doswiadczenie\/biometan\/\"]}]},{\"@type\":\"ImageObject\",\"inLanguage\":\"pl-PL\",\"@id\":\"https:\/\/fiorentini-polska.com\/pl\/doswiadczenie\/biometan\/#primaryimage\",\"url\":\"https:\/\/fiorentini-polska.com\/wp-content\/uploads\/2021\/03\/01_expertise_biogas.jpeg\",\"contentUrl\":\"https:\/\/fiorentini-polska.com\/wp-content\/uploads\/2021\/03\/01_expertise_biogas.jpeg\",\"width\":991,\"height\":991},{\"@type\":\"BreadcrumbList\",\"@id\":\"https:\/\/fiorentini-polska.com\/pl\/doswiadczenie\/biometan\/#breadcrumb\",\"itemListElement\":[{\"@type\":\"ListItem\",\"position\":1,\"name\":\"Home\",\"item\":\"https:\/\/www.fiorentini-polska.com\/pl\/\"},{\"@type\":\"ListItem\",\"position\":2,\"name\":\"Do\u015bwiadczenie\",\"item\":\"https:\/\/www.fiorentini-polska.com\/pl\/doswiadczenie\/\"},{\"@type\":\"ListItem\",\"position\":3,\"name\":\"Biometan\"}]},{\"@type\":\"WebSite\",\"@id\":\"https:\/\/www.fiorentini-polska.com\/pl\/#website\",\"url\":\"https:\/\/www.fiorentini-polska.com\/pl\/\",\"name\":\"Pietro Fiorentini Polska\",\"description\":\"Pietro Fiorentini projektuje i produkuje komponenty, systemy i us\u0142ugi do regulacji, pomiar\u00f3w i zarz\u0105dzania rop\u0105 naftow\u0105 i gazem.\",\"publisher\":{\"@id\":\"https:\/\/www.fiorentini-polska.com\/pl\/#organization\"},\"potentialAction\":[{\"@type\":\"SearchAction\",\"target\":{\"@type\":\"EntryPoint\",\"urlTemplate\":\"https:\/\/www.fiorentini-polska.com\/pl\/?s={search_term_string}\"},\"query-input\":{\"@type\":\"PropertyValueSpecification\",\"valueRequired\":true,\"valueName\":\"search_term_string\"}}],\"inLanguage\":\"pl-PL\"},{\"@type\":\"Organization\",\"@id\":\"https:\/\/www.fiorentini-polska.com\/pl\/#organization\",\"name\":\"Pietro Fiorentini Polska\",\"url\":\"https:\/\/www.fiorentini-polska.com\/pl\/\",\"logo\":{\"@type\":\"ImageObject\",\"inLanguage\":\"pl-PL\",\"@id\":\"https:\/\/www.fiorentini-polska.com\/pl\/#\/schema\/logo\/image\/\",\"url\":\"https:\/\/www.fiorentini-polska.com\/wp-content\/uploads\/2021\/07\/LOGO_CMYK_COLOR.png\",\"contentUrl\":\"https:\/\/www.fiorentini-polska.com\/wp-content\/uploads\/2021\/07\/LOGO_CMYK_COLOR.png\",\"width\":3077,\"height\":1259,\"caption\":\"Pietro Fiorentini Polska\"},\"image\":{\"@id\":\"https:\/\/www.fiorentini-polska.com\/pl\/#\/schema\/logo\/image\/\"},\"sameAs\":[\"https:\/\/x.com\/FiorentiniSpa\"]}]}<\/script>\n<!-- \/ Yoast SEO plugin. -->","yoast_head_json":{"title":"Biometan - Pietro Fiorentini","description":"Biometan odgrywa w tym znacz\u0105c\u0105 rol\u0119. W przeciwie\u0144stwie do innych \u017ar\u00f3de\u0142 odnawialnych wymaga minimalnych inwestycji w infrastruktur\u0119.","robots":{"index":"index","follow":"follow","max-snippet":"max-snippet:-1","max-image-preview":"max-image-preview:large","max-video-preview":"max-video-preview:-1"},"canonical":"https:\/\/fiorentini-polska.com\/pl\/doswiadczenie\/biometan\/","og_locale":"pl_PL","og_type":"article","og_title":"Biometan - Pietro Fiorentini","og_description":"Biometan odgrywa w tym znacz\u0105c\u0105 rol\u0119. W przeciwie\u0144stwie do innych \u017ar\u00f3de\u0142 odnawialnych wymaga minimalnych inwestycji w infrastruktur\u0119.","og_url":"https:\/\/fiorentini-polska.com\/pl\/doswiadczenie\/biometan\/","og_site_name":"Pietro Fiorentini","article_modified_time":"2026-03-09T18:07:13+00:00","og_image":[{"width":991,"height":991,"url":"https:\/\/www.fiorentini-polska.com\/wp-content\/uploads\/2021\/03\/01_expertise_biogas.jpeg","type":"image\/jpeg"}],"twitter_card":"summary_large_image","twitter_site":"@FiorentiniSpa","twitter_misc":{"Szacowany czas czytania":"1 minuta"},"schema":{"@context":"https:\/\/schema.org","@graph":[{"@type":"WebPage","@id":"https:\/\/fiorentini-polska.com\/pl\/doswiadczenie\/biometan\/","url":"https:\/\/fiorentini-polska.com\/pl\/doswiadczenie\/biometan\/","name":"Biometan - Pietro Fiorentini","isPartOf":{"@id":"https:\/\/www.fiorentini-polska.com\/pl\/#website"},"primaryImageOfPage":{"@id":"https:\/\/fiorentini-polska.com\/pl\/doswiadczenie\/biometan\/#primaryimage"},"image":{"@id":"https:\/\/fiorentini-polska.com\/pl\/doswiadczenie\/biometan\/#primaryimage"},"thumbnailUrl":"https:\/\/fiorentini-polska.com\/wp-content\/uploads\/2021\/03\/01_expertise_biogas.jpeg","datePublished":"2024-02-13T21:36:08+00:00","dateModified":"2026-03-09T18:07:13+00:00","description":"Biometan odgrywa w tym znacz\u0105c\u0105 rol\u0119. W przeciwie\u0144stwie do innych \u017ar\u00f3de\u0142 odnawialnych wymaga minimalnych inwestycji w infrastruktur\u0119.","breadcrumb":{"@id":"https:\/\/fiorentini-polska.com\/pl\/doswiadczenie\/biometan\/#breadcrumb"},"inLanguage":"pl-PL","potentialAction":[{"@type":"ReadAction","target":["https:\/\/fiorentini-polska.com\/pl\/doswiadczenie\/biometan\/"]}]},{"@type":"ImageObject","inLanguage":"pl-PL","@id":"https:\/\/fiorentini-polska.com\/pl\/doswiadczenie\/biometan\/#primaryimage","url":"https:\/\/fiorentini-polska.com\/wp-content\/uploads\/2021\/03\/01_expertise_biogas.jpeg","contentUrl":"https:\/\/fiorentini-polska.com\/wp-content\/uploads\/2021\/03\/01_expertise_biogas.jpeg","width":991,"height":991},{"@type":"BreadcrumbList","@id":"https:\/\/fiorentini-polska.com\/pl\/doswiadczenie\/biometan\/#breadcrumb","itemListElement":[{"@type":"ListItem","position":1,"name":"Home","item":"https:\/\/www.fiorentini-polska.com\/pl\/"},{"@type":"ListItem","position":2,"name":"Do\u015bwiadczenie","item":"https:\/\/www.fiorentini-polska.com\/pl\/doswiadczenie\/"},{"@type":"ListItem","position":3,"name":"Biometan"}]},{"@type":"WebSite","@id":"https:\/\/www.fiorentini-polska.com\/pl\/#website","url":"https:\/\/www.fiorentini-polska.com\/pl\/","name":"Pietro Fiorentini Polska","description":"Pietro Fiorentini projektuje i produkuje komponenty, systemy i us\u0142ugi do regulacji, pomiar\u00f3w i zarz\u0105dzania rop\u0105 naftow\u0105 i gazem.","publisher":{"@id":"https:\/\/www.fiorentini-polska.com\/pl\/#organization"},"potentialAction":[{"@type":"SearchAction","target":{"@type":"EntryPoint","urlTemplate":"https:\/\/www.fiorentini-polska.com\/pl\/?s={search_term_string}"},"query-input":{"@type":"PropertyValueSpecification","valueRequired":true,"valueName":"search_term_string"}}],"inLanguage":"pl-PL"},{"@type":"Organization","@id":"https:\/\/www.fiorentini-polska.com\/pl\/#organization","name":"Pietro Fiorentini Polska","url":"https:\/\/www.fiorentini-polska.com\/pl\/","logo":{"@type":"ImageObject","inLanguage":"pl-PL","@id":"https:\/\/www.fiorentini-polska.com\/pl\/#\/schema\/logo\/image\/","url":"https:\/\/www.fiorentini-polska.com\/wp-content\/uploads\/2021\/07\/LOGO_CMYK_COLOR.png","contentUrl":"https:\/\/www.fiorentini-polska.com\/wp-content\/uploads\/2021\/07\/LOGO_CMYK_COLOR.png","width":3077,"height":1259,"caption":"Pietro Fiorentini Polska"},"image":{"@id":"https:\/\/www.fiorentini-polska.com\/pl\/#\/schema\/logo\/image\/"},"sameAs":["https:\/\/x.com\/FiorentiniSpa"]}]}},"_links":{"self":[{"href":"https:\/\/fiorentini-polska.com\/pl\/wp-json\/wp\/v2\/pages\/27551","targetHints":{"allow":["GET"]}}],"collection":[{"href":"https:\/\/fiorentini-polska.com\/pl\/wp-json\/wp\/v2\/pages"}],"about":[{"href":"https:\/\/fiorentini-polska.com\/pl\/wp-json\/wp\/v2\/types\/page"}],"author":[{"embeddable":true,"href":"https:\/\/fiorentini-polska.com\/pl\/wp-json\/wp\/v2\/users\/12"}],"replies":[{"embeddable":true,"href":"https:\/\/fiorentini-polska.com\/pl\/wp-json\/wp\/v2\/comments?post=27551"}],"version-history":[{"count":3,"href":"https:\/\/fiorentini-polska.com\/pl\/wp-json\/wp\/v2\/pages\/27551\/revisions"}],"predecessor-version":[{"id":30760,"href":"https:\/\/fiorentini-polska.com\/pl\/wp-json\/wp\/v2\/pages\/27551\/revisions\/30760"}],"up":[{"embeddable":true,"href":"https:\/\/fiorentini-polska.com\/pl\/wp-json\/wp\/v2\/pages\/27546"}],"wp:featuredmedia":[{"embeddable":true,"href":"https:\/\/fiorentini-polska.com\/pl\/wp-json\/wp\/v2\/media\/27552"}],"wp:attachment":[{"href":"https:\/\/fiorentini-polska.com\/pl\/wp-json\/wp\/v2\/media?parent=27551"}],"curies":[{"name":"wp","href":"https:\/\/api.w.org\/{rel}","templated":true}]}}