{"id":24115,"date":"2021-09-08T10:26:43","date_gmt":"2021-09-08T08:26:43","guid":{"rendered":"https:\/\/fiorentini-polska.com\/terms-and-conditions-of-use\/"},"modified":"2023-11-23T16:17:13","modified_gmt":"2023-11-23T15:17:13","slug":"warunki-uzytkowania","status":"publish","type":"page","link":"https:\/\/fiorentini-polska.com\/pl\/warunki-uzytkowania\/","title":{"rendered":"Warunki u\u017cytkowania"},"content":{"rendered":"\n<h2 class=\"wp-block-heading\"><strong><strong>Ochrona w\u0142asno\u015bci intelektualnej<\/strong><\/strong><\/h2>\n\n\n\n<p>Platformy\/portale Pietro Fiorentini i ca\u0142a ich zawarto\u015b\u0107, w tym mi\u0119dzy innymi logo, ikony, marki, tekst, grafika, zdj\u0119cia, obrazy, obrazy ruchome, audio, ilustracje, informacje techniczne i handlowe oraz oprogramowanie (zwane dalej \u201e<strong>Zawarto\u015bci\u0105 Portalu<\/strong>\u201d), s\u0105 i pozostan\u0105 wy\u0142\u0105czn\u0105 w\u0142asno\u015bci\u0105 Sprzedawcy. Klient jest upowa\u017cniony do przegl\u0105dania, powielania, drukowania i pobierania dokument\u00f3w lub innych materia\u0142\u00f3w, w tym audio i wideo, znajduj\u0105cych si\u0119 w Portalu wy\u0142\u0105cznie do u\u017cytku osobistego, w celach informacyjnych, a nie komercyjnych. W \u017cadnym wypadku Klient nie mo\u017ce modyfikowa\u0107, kopiowa\u0107, dystrybuowa\u0107, wysy\u0142a\u0107, reprodukowa\u0107, publikowa\u0107, licencjonowa\u0107, wykorzystywa\u0107 do tworzenia innych aplikacji, przekazywa\u0107 ani sprzedawa\u0107 Tre\u015bci Portalu.<\/p>\n\n\n\n<div style=\"height:32px\" aria-hidden=\"true\" class=\"wp-block-spacer\"><\/div>\n\n\n\n<h2 class=\"wp-block-heading\"><strong>Nieujawnianie i poufno\u015b\u0107<\/strong><\/h2>\n\n\n\n<p>Klient przyjmuje do wiadomo\u015bci, \u017ce wszystkie informacje, o kt\u00f3rych dowie si\u0119 podczas korzystania z Portalu i Zawarto\u015bci Portalu, s\u0105 poufne i zastrze\u017cone oraz zobowi\u0105zuje si\u0119 zapewni\u0107, \u017ce on sam oraz jego wsp\u00f3\u0142pracownicy i pracownicy nie b\u0119d\u0105 ich wykorzystywa\u0107 ani ujawnia\u0107 osobom trzecim w jakikolwiek spos\u00f3b.<\/p>\n\n\n\n<div style=\"height:32px\" aria-hidden=\"true\" class=\"wp-block-spacer\"><\/div>\n\n\n\n<h2 class=\"wp-block-heading\"><strong>Wy\u0142\u0105czenie odpowiedzialno\u015bci z tytu\u0142u gwarancji<\/strong><\/h2>\n\n\n\n<p>Sprzedawca nie gwarantuje, \u017ce Portal nie zawiera b\u0142\u0119d\u00f3w ani \u017ce oferowane produkty s\u0105 stale dost\u0119pne. Sprzedawca nie sk\u0142ada \u017cadnych o\u015bwiadcze\u0144 ani nie udziela \u017cadnych gwarancji w odniesieniu do korzystania z Zawarto\u015bci pod wzgl\u0119dem poprawno\u015bci, dok\u0142adno\u015bci, stosowno\u015bci, przydatno\u015bci, precyzji, niezawodno\u015bci lub innych. <\/p>\n\n\n\n<p>Sprzedawca nie ponosi odpowiedzialno\u015bci, je\u015bli z powodu b\u0142\u0119du wynikaj\u0105cego z niew\u0142a\u015bciwego wyboru dokonanego przez Klienta, towary zakupione przez Klienta za po\u015brednictwem Portalu s\u0105 nieodpowiednie do ich zamierzonego zastosowania.<\/p>\n\n\n\n<div style=\"height:32px\" aria-hidden=\"true\" class=\"wp-block-spacer\"><\/div>\n\n\n\n<h2 class=\"wp-block-heading\"><strong><strong>Informacje kontaktowe<\/strong><\/strong><\/h2>\n\n\n\n<p>W przypadku wszelkich wyja\u015bnie\u0144 lub pr\u00f3\u015bb o pomoc dotycz\u0105cych korzystania z PF, Klient mo\u017ce zwr\u00f3ci\u0107 si\u0119 do wewn\u0119trznego kontaktu referencyjnego Sprzedawcy, dzwoni\u0105c pod numer +48 61 87 00 107 (pon.-czw. 08:00 &#8211; 16:00, pi\u0105tek 08:00 &#8211; 14:00).<\/p>\n\n\n\n<div style=\"height:32px\" aria-hidden=\"true\" class=\"wp-block-spacer\"><\/div>\n\n\n\n<h2 class=\"wp-block-heading\"><strong>Prawo w\u0142a\u015bciwe i jurysdykcja<\/strong><\/h2>\n\n\n\n<p>Regulamin podlega prawu polskiemu. Wszelkie spory wynikaj\u0105ce z niniejszego Regulaminu b\u0119d\u0105 rozstrzygane przez s\u0105d w\u0142a\u015bciwy dla Fiorentini Polska Sp. z o.o.<\/p>\n\n\n\n<div style=\"height:32px\" aria-hidden=\"true\" class=\"wp-block-spacer\"><\/div>\n\n\n\n<h2 class=\"wp-block-heading\"><strong>Ochrona danych Klienta zgodnie z (w\u0142.) Dekretem ustawodawczym nr 196 z 30.6.2003 (z p\u00f3\u017aniejszymi zmianami) i rozporz\u0105dzeniem (UE) 679\/2016<\/strong><\/h2>\n\n\n\n<p>Wszelkie dane Klienta uzyskane w zwi\u0105zku z rejestracj\u0105 w Portalu lub korzystaniem z niego przez Klienta b\u0119d\u0105 przetwarzane i przechowywane przez Sprzedawc\u0119 w formie papierowej, elektronicznej lub na no\u015bnikach magnetycznych i b\u0119d\u0105 wykorzystywane wy\u0142\u0105cznie do cel\u00f3w, dla kt\u00f3rych zosta\u0142y zebrane.<\/p>\n","protected":false},"excerpt":{"rendered":"<p>Ochrona w\u0142asno\u015bci intelektualnej Platformy\/portale Pietro Fiorentini i ca\u0142a ich zawarto\u015b\u0107, w tym mi\u0119dzy innymi logo, ikony, marki, tekst, grafika, zdj\u0119cia, obrazy, obrazy ruchome, audio, ilustracje, informacje techniczne i handlowe oraz oprogramowanie (zwane dalej \u201eZawarto\u015bci\u0105 Portalu\u201d), s\u0105 i pozostan\u0105 wy\u0142\u0105czn\u0105 w\u0142asno\u015bci\u0105 Sprzedawcy. Klient jest upowa\u017cniony do przegl\u0105dania, powielania, drukowania i pobierania dokument\u00f3w lub innych materia\u0142\u00f3w, w [&hellip;]<\/p>\n","protected":false},"author":15,"featured_media":24116,"parent":0,"menu_order":0,"comment_status":"closed","ping_status":"closed","template":"","meta":{"_acf_changed":false,"inline_featured_image":false,"footnotes":""},"class_list":["post-24115","page","type-page","status-publish","has-post-thumbnail","hentry"],"acf":[],"yoast_head":"<!-- This site is optimized with the Yoast SEO plugin v27.2 - https:\/\/yoast.com\/product\/yoast-seo-wordpress\/ -->\n<title>Warunki u\u017cytkowania - Pietro Fiorentini<\/title>\n<meta name=\"description\" content=\"Dost\u0119p do Portalu i korzystanie z niego podlega przyj\u0119ciu niniejszych zasad i warunk\u00f3w korzystania.\" \/>\n<meta name=\"robots\" content=\"index, follow, max-snippet:-1, max-image-preview:large, max-video-preview:-1\" \/>\n<link rel=\"canonical\" href=\"https:\/\/fiorentini-polska.com\/pl\/warunki-uzytkowania\/\" \/>\n<meta property=\"og:locale\" content=\"pl_PL\" \/>\n<meta property=\"og:type\" content=\"article\" \/>\n<meta property=\"og:title\" content=\"Warunki u\u017cytkowania - Pietro Fiorentini\" \/>\n<meta property=\"og:description\" content=\"Dost\u0119p do Portalu i korzystanie z niego podlega przyj\u0119ciu niniejszych zasad i warunk\u00f3w korzystania.\" \/>\n<meta property=\"og:url\" content=\"https:\/\/fiorentini-polska.com\/pl\/warunki-uzytkowania\/\" \/>\n<meta property=\"og:site_name\" content=\"Pietro Fiorentini\" \/>\n<meta property=\"article:modified_time\" content=\"2023-11-23T15:17:13+00:00\" \/>\n<meta property=\"og:image\" content=\"https:\/\/fiorentini-polska.com\/wp-content\/uploads\/2021\/04\/01_legal.jpeg\" \/>\n\t<meta property=\"og:image:width\" content=\"1920\" \/>\n\t<meta property=\"og:image:height\" content=\"288\" \/>\n\t<meta property=\"og:image:type\" content=\"image\/jpeg\" \/>\n<meta name=\"twitter:card\" content=\"summary_large_image\" \/>\n<meta name=\"twitter:site\" content=\"@FiorentiniSpa\" \/>\n<meta name=\"twitter:label1\" content=\"Szacowany czas czytania\" \/>\n\t<meta name=\"twitter:data1\" content=\"2 minuty\" \/>\n<script type=\"application\/ld+json\" class=\"yoast-schema-graph\">{\"@context\":\"https:\/\/schema.org\",\"@graph\":[{\"@type\":\"WebPage\",\"@id\":\"https:\/\/fiorentini-polska.com\/pl\/warunki-uzytkowania\/\",\"url\":\"https:\/\/fiorentini-polska.com\/pl\/warunki-uzytkowania\/\",\"name\":\"Warunki u\u017cytkowania - Pietro Fiorentini\",\"isPartOf\":{\"@id\":\"https:\/\/www.fiorentini-polska.com\/pl\/#website\"},\"primaryImageOfPage\":{\"@id\":\"https:\/\/fiorentini-polska.com\/pl\/warunki-uzytkowania\/#primaryimage\"},\"image\":{\"@id\":\"https:\/\/fiorentini-polska.com\/pl\/warunki-uzytkowania\/#primaryimage\"},\"thumbnailUrl\":\"https:\/\/fiorentini-polska.com\/wp-content\/uploads\/2021\/04\/01_legal.jpeg\",\"datePublished\":\"2021-09-08T08:26:43+00:00\",\"dateModified\":\"2023-11-23T15:17:13+00:00\",\"description\":\"Dost\u0119p do Portalu i korzystanie z niego podlega przyj\u0119ciu niniejszych zasad i warunk\u00f3w korzystania.\",\"breadcrumb\":{\"@id\":\"https:\/\/fiorentini-polska.com\/pl\/warunki-uzytkowania\/#breadcrumb\"},\"inLanguage\":\"pl-PL\",\"potentialAction\":[{\"@type\":\"ReadAction\",\"target\":[\"https:\/\/fiorentini-polska.com\/pl\/warunki-uzytkowania\/\"]}]},{\"@type\":\"ImageObject\",\"inLanguage\":\"pl-PL\",\"@id\":\"https:\/\/fiorentini-polska.com\/pl\/warunki-uzytkowania\/#primaryimage\",\"url\":\"https:\/\/fiorentini-polska.com\/wp-content\/uploads\/2021\/04\/01_legal.jpeg\",\"contentUrl\":\"https:\/\/fiorentini-polska.com\/wp-content\/uploads\/2021\/04\/01_legal.jpeg\",\"width\":1920,\"height\":288},{\"@type\":\"BreadcrumbList\",\"@id\":\"https:\/\/fiorentini-polska.com\/pl\/warunki-uzytkowania\/#breadcrumb\",\"itemListElement\":[{\"@type\":\"ListItem\",\"position\":1,\"name\":\"Home\",\"item\":\"https:\/\/www.fiorentini-polska.com\/pl\/\"},{\"@type\":\"ListItem\",\"position\":2,\"name\":\"Warunki u\u017cytkowania\"}]},{\"@type\":\"WebSite\",\"@id\":\"https:\/\/www.fiorentini-polska.com\/pl\/#website\",\"url\":\"https:\/\/www.fiorentini-polska.com\/pl\/\",\"name\":\"Pietro Fiorentini Polska\",\"description\":\"Pietro Fiorentini projektuje i produkuje komponenty, systemy i us\u0142ugi do regulacji, pomiar\u00f3w i zarz\u0105dzania rop\u0105 naftow\u0105 i gazem.\",\"publisher\":{\"@id\":\"https:\/\/www.fiorentini-polska.com\/pl\/#organization\"},\"potentialAction\":[{\"@type\":\"SearchAction\",\"target\":{\"@type\":\"EntryPoint\",\"urlTemplate\":\"https:\/\/www.fiorentini-polska.com\/pl\/?s={search_term_string}\"},\"query-input\":{\"@type\":\"PropertyValueSpecification\",\"valueRequired\":true,\"valueName\":\"search_term_string\"}}],\"inLanguage\":\"pl-PL\"},{\"@type\":\"Organization\",\"@id\":\"https:\/\/www.fiorentini-polska.com\/pl\/#organization\",\"name\":\"Pietro Fiorentini Polska\",\"url\":\"https:\/\/www.fiorentini-polska.com\/pl\/\",\"logo\":{\"@type\":\"ImageObject\",\"inLanguage\":\"pl-PL\",\"@id\":\"https:\/\/www.fiorentini-polska.com\/pl\/#\/schema\/logo\/image\/\",\"url\":\"https:\/\/www.fiorentini-polska.com\/wp-content\/uploads\/2021\/07\/LOGO_CMYK_COLOR.png\",\"contentUrl\":\"https:\/\/www.fiorentini-polska.com\/wp-content\/uploads\/2021\/07\/LOGO_CMYK_COLOR.png\",\"width\":3077,\"height\":1259,\"caption\":\"Pietro Fiorentini Polska\"},\"image\":{\"@id\":\"https:\/\/www.fiorentini-polska.com\/pl\/#\/schema\/logo\/image\/\"},\"sameAs\":[\"https:\/\/x.com\/FiorentiniSpa\"]}]}<\/script>\n<!-- \/ Yoast SEO plugin. -->","yoast_head_json":{"title":"Warunki u\u017cytkowania - Pietro Fiorentini","description":"Dost\u0119p do Portalu i korzystanie z niego podlega przyj\u0119ciu niniejszych zasad i warunk\u00f3w korzystania.","robots":{"index":"index","follow":"follow","max-snippet":"max-snippet:-1","max-image-preview":"max-image-preview:large","max-video-preview":"max-video-preview:-1"},"canonical":"https:\/\/fiorentini-polska.com\/pl\/warunki-uzytkowania\/","og_locale":"pl_PL","og_type":"article","og_title":"Warunki u\u017cytkowania - Pietro Fiorentini","og_description":"Dost\u0119p do Portalu i korzystanie z niego podlega przyj\u0119ciu niniejszych zasad i warunk\u00f3w korzystania.","og_url":"https:\/\/fiorentini-polska.com\/pl\/warunki-uzytkowania\/","og_site_name":"Pietro Fiorentini","article_modified_time":"2023-11-23T15:17:13+00:00","og_image":[{"width":1920,"height":288,"url":"https:\/\/fiorentini-polska.com\/wp-content\/uploads\/2021\/04\/01_legal.jpeg","type":"image\/jpeg"}],"twitter_card":"summary_large_image","twitter_site":"@FiorentiniSpa","twitter_misc":{"Szacowany czas czytania":"2 minuty"},"schema":{"@context":"https:\/\/schema.org","@graph":[{"@type":"WebPage","@id":"https:\/\/fiorentini-polska.com\/pl\/warunki-uzytkowania\/","url":"https:\/\/fiorentini-polska.com\/pl\/warunki-uzytkowania\/","name":"Warunki u\u017cytkowania - Pietro Fiorentini","isPartOf":{"@id":"https:\/\/www.fiorentini-polska.com\/pl\/#website"},"primaryImageOfPage":{"@id":"https:\/\/fiorentini-polska.com\/pl\/warunki-uzytkowania\/#primaryimage"},"image":{"@id":"https:\/\/fiorentini-polska.com\/pl\/warunki-uzytkowania\/#primaryimage"},"thumbnailUrl":"https:\/\/fiorentini-polska.com\/wp-content\/uploads\/2021\/04\/01_legal.jpeg","datePublished":"2021-09-08T08:26:43+00:00","dateModified":"2023-11-23T15:17:13+00:00","description":"Dost\u0119p do Portalu i korzystanie z niego podlega przyj\u0119ciu niniejszych zasad i warunk\u00f3w korzystania.","breadcrumb":{"@id":"https:\/\/fiorentini-polska.com\/pl\/warunki-uzytkowania\/#breadcrumb"},"inLanguage":"pl-PL","potentialAction":[{"@type":"ReadAction","target":["https:\/\/fiorentini-polska.com\/pl\/warunki-uzytkowania\/"]}]},{"@type":"ImageObject","inLanguage":"pl-PL","@id":"https:\/\/fiorentini-polska.com\/pl\/warunki-uzytkowania\/#primaryimage","url":"https:\/\/fiorentini-polska.com\/wp-content\/uploads\/2021\/04\/01_legal.jpeg","contentUrl":"https:\/\/fiorentini-polska.com\/wp-content\/uploads\/2021\/04\/01_legal.jpeg","width":1920,"height":288},{"@type":"BreadcrumbList","@id":"https:\/\/fiorentini-polska.com\/pl\/warunki-uzytkowania\/#breadcrumb","itemListElement":[{"@type":"ListItem","position":1,"name":"Home","item":"https:\/\/www.fiorentini-polska.com\/pl\/"},{"@type":"ListItem","position":2,"name":"Warunki u\u017cytkowania"}]},{"@type":"WebSite","@id":"https:\/\/www.fiorentini-polska.com\/pl\/#website","url":"https:\/\/www.fiorentini-polska.com\/pl\/","name":"Pietro Fiorentini Polska","description":"Pietro Fiorentini projektuje i produkuje komponenty, systemy i us\u0142ugi do regulacji, pomiar\u00f3w i zarz\u0105dzania rop\u0105 naftow\u0105 i gazem.","publisher":{"@id":"https:\/\/www.fiorentini-polska.com\/pl\/#organization"},"potentialAction":[{"@type":"SearchAction","target":{"@type":"EntryPoint","urlTemplate":"https:\/\/www.fiorentini-polska.com\/pl\/?s={search_term_string}"},"query-input":{"@type":"PropertyValueSpecification","valueRequired":true,"valueName":"search_term_string"}}],"inLanguage":"pl-PL"},{"@type":"Organization","@id":"https:\/\/www.fiorentini-polska.com\/pl\/#organization","name":"Pietro Fiorentini Polska","url":"https:\/\/www.fiorentini-polska.com\/pl\/","logo":{"@type":"ImageObject","inLanguage":"pl-PL","@id":"https:\/\/www.fiorentini-polska.com\/pl\/#\/schema\/logo\/image\/","url":"https:\/\/www.fiorentini-polska.com\/wp-content\/uploads\/2021\/07\/LOGO_CMYK_COLOR.png","contentUrl":"https:\/\/www.fiorentini-polska.com\/wp-content\/uploads\/2021\/07\/LOGO_CMYK_COLOR.png","width":3077,"height":1259,"caption":"Pietro Fiorentini Polska"},"image":{"@id":"https:\/\/www.fiorentini-polska.com\/pl\/#\/schema\/logo\/image\/"},"sameAs":["https:\/\/x.com\/FiorentiniSpa"]}]}},"_links":{"self":[{"href":"https:\/\/fiorentini-polska.com\/pl\/wp-json\/wp\/v2\/pages\/24115","targetHints":{"allow":["GET"]}}],"collection":[{"href":"https:\/\/fiorentini-polska.com\/pl\/wp-json\/wp\/v2\/pages"}],"about":[{"href":"https:\/\/fiorentini-polska.com\/pl\/wp-json\/wp\/v2\/types\/page"}],"author":[{"embeddable":true,"href":"https:\/\/fiorentini-polska.com\/pl\/wp-json\/wp\/v2\/users\/15"}],"replies":[{"embeddable":true,"href":"https:\/\/fiorentini-polska.com\/pl\/wp-json\/wp\/v2\/comments?post=24115"}],"version-history":[{"count":3,"href":"https:\/\/fiorentini-polska.com\/pl\/wp-json\/wp\/v2\/pages\/24115\/revisions"}],"predecessor-version":[{"id":26978,"href":"https:\/\/fiorentini-polska.com\/pl\/wp-json\/wp\/v2\/pages\/24115\/revisions\/26978"}],"wp:featuredmedia":[{"embeddable":true,"href":"https:\/\/fiorentini-polska.com\/pl\/wp-json\/wp\/v2\/media\/24116"}],"wp:attachment":[{"href":"https:\/\/fiorentini-polska.com\/pl\/wp-json\/wp\/v2\/media?parent=24115"}],"curies":[{"name":"wp","href":"https:\/\/api.w.org\/{rel}","templated":true}]}}