{"id":24113,"date":"2020-11-18T17:21:55","date_gmt":"2020-11-18T16:21:55","guid":{"rendered":"https:\/\/fiorentini-polska.com\/cookie-consent\/"},"modified":"2024-08-26T10:25:09","modified_gmt":"2024-08-26T08:25:09","slug":"zgoda-na-pliki-cookie","status":"publish","type":"page","link":"https:\/\/fiorentini-polska.com\/pl\/zgoda-na-pliki-cookie\/","title":{"rendered":"Zgoda na pliki cookie"},"content":{"rendered":"","protected":false},"excerpt":{"rendered":"","protected":false},"author":15,"featured_media":0,"parent":0,"menu_order":0,"comment_status":"closed","ping_status":"closed","template":"template-cookie.php","meta":{"_acf_changed":false,"inline_featured_image":false,"footnotes":""},"class_list":["post-24113","page","type-page","status-publish","hentry"],"acf":[],"yoast_head":"<!-- This site is optimized with the Yoast SEO plugin v27.2 - https:\/\/yoast.com\/product\/yoast-seo-wordpress\/ -->\n<title>Zgoda na pliki cookie - Pietro Fiorentini<\/title>\n<meta name=\"description\" content=\"Pliki cookie umo\u017cliwiaj\u0105 W\u0142a\u015bcicielowi gromadzenie i zapisywanie informacji lub korzystanie z zasob\u00f3w na urz\u0105dzeniu U\u017cytkownika, gdy ten wchodzi w interakcj\u0119 z t\u0105 Witryn\u0105.\" \/>\n<meta name=\"robots\" content=\"index, follow, max-snippet:-1, max-image-preview:large, max-video-preview:-1\" \/>\n<link rel=\"canonical\" href=\"https:\/\/fiorentini-polska.com\/pl\/zgoda-na-pliki-cookie\/\" \/>\n<meta property=\"og:locale\" content=\"pl_PL\" \/>\n<meta property=\"og:type\" content=\"article\" \/>\n<meta property=\"og:title\" content=\"Zgoda na pliki cookie - Pietro Fiorentini\" \/>\n<meta property=\"og:description\" content=\"Pliki cookie umo\u017cliwiaj\u0105 W\u0142a\u015bcicielowi gromadzenie i zapisywanie informacji lub korzystanie z zasob\u00f3w na urz\u0105dzeniu U\u017cytkownika, gdy ten wchodzi w interakcj\u0119 z t\u0105 Witryn\u0105.\" \/>\n<meta property=\"og:url\" content=\"https:\/\/fiorentini-polska.com\/pl\/zgoda-na-pliki-cookie\/\" \/>\n<meta property=\"og:site_name\" content=\"Pietro Fiorentini\" \/>\n<meta property=\"article:modified_time\" content=\"2024-08-26T08:25:09+00:00\" \/>\n<meta name=\"twitter:card\" content=\"summary_large_image\" \/>\n<meta name=\"twitter:site\" content=\"@FiorentiniSpa\" \/>\n<script type=\"application\/ld+json\" class=\"yoast-schema-graph\">{\"@context\":\"https:\/\/schema.org\",\"@graph\":[{\"@type\":\"WebPage\",\"@id\":\"https:\/\/fiorentini-polska.com\/pl\/zgoda-na-pliki-cookie\/\",\"url\":\"https:\/\/fiorentini-polska.com\/pl\/zgoda-na-pliki-cookie\/\",\"name\":\"Zgoda na pliki cookie - Pietro Fiorentini\",\"isPartOf\":{\"@id\":\"https:\/\/fiorentini-polska.com\/pl\/#website\"},\"datePublished\":\"2020-11-18T16:21:55+00:00\",\"dateModified\":\"2024-08-26T08:25:09+00:00\",\"description\":\"Pliki cookie umo\u017cliwiaj\u0105 W\u0142a\u015bcicielowi gromadzenie i zapisywanie informacji lub korzystanie z zasob\u00f3w na urz\u0105dzeniu U\u017cytkownika, gdy ten wchodzi w interakcj\u0119 z t\u0105 Witryn\u0105.\",\"breadcrumb\":{\"@id\":\"https:\/\/fiorentini-polska.com\/pl\/zgoda-na-pliki-cookie\/#breadcrumb\"},\"inLanguage\":\"pl-PL\",\"potentialAction\":[{\"@type\":\"ReadAction\",\"target\":[\"https:\/\/fiorentini-polska.com\/pl\/zgoda-na-pliki-cookie\/\"]}]},{\"@type\":\"BreadcrumbList\",\"@id\":\"https:\/\/fiorentini-polska.com\/pl\/zgoda-na-pliki-cookie\/#breadcrumb\",\"itemListElement\":[{\"@type\":\"ListItem\",\"position\":1,\"name\":\"Home\",\"item\":\"https:\/\/www.fiorentini-polska.com\/pl\/\"},{\"@type\":\"ListItem\",\"position\":2,\"name\":\"Zgoda na pliki cookie\"}]},{\"@type\":\"WebSite\",\"@id\":\"https:\/\/fiorentini-polska.com\/pl\/#website\",\"url\":\"https:\/\/fiorentini-polska.com\/pl\/\",\"name\":\"Pietro Fiorentini Polska\",\"description\":\"Pietro Fiorentini projektuje i produkuje komponenty, systemy i us\u0142ugi do regulacji, pomiar\u00f3w i zarz\u0105dzania rop\u0105 naftow\u0105 i gazem.\",\"publisher\":{\"@id\":\"https:\/\/fiorentini-polska.com\/pl\/#organization\"},\"potentialAction\":[{\"@type\":\"SearchAction\",\"target\":{\"@type\":\"EntryPoint\",\"urlTemplate\":\"https:\/\/fiorentini-polska.com\/pl\/?s={search_term_string}\"},\"query-input\":{\"@type\":\"PropertyValueSpecification\",\"valueRequired\":true,\"valueName\":\"search_term_string\"}}],\"inLanguage\":\"pl-PL\"},{\"@type\":\"Organization\",\"@id\":\"https:\/\/fiorentini-polska.com\/pl\/#organization\",\"name\":\"Pietro Fiorentini Polska\",\"url\":\"https:\/\/fiorentini-polska.com\/pl\/\",\"logo\":{\"@type\":\"ImageObject\",\"inLanguage\":\"pl-PL\",\"@id\":\"https:\/\/fiorentini-polska.com\/pl\/#\/schema\/logo\/image\/\",\"url\":\"https:\/\/www.fiorentini-polska.com\/wp-content\/uploads\/2021\/07\/LOGO_CMYK_COLOR.png\",\"contentUrl\":\"https:\/\/www.fiorentini-polska.com\/wp-content\/uploads\/2021\/07\/LOGO_CMYK_COLOR.png\",\"width\":3077,\"height\":1259,\"caption\":\"Pietro Fiorentini Polska\"},\"image\":{\"@id\":\"https:\/\/fiorentini-polska.com\/pl\/#\/schema\/logo\/image\/\"},\"sameAs\":[\"https:\/\/x.com\/FiorentiniSpa\"]}]}<\/script>\n<!-- \/ Yoast SEO plugin. -->","yoast_head_json":{"title":"Zgoda na pliki cookie - Pietro Fiorentini","description":"Pliki cookie umo\u017cliwiaj\u0105 W\u0142a\u015bcicielowi gromadzenie i zapisywanie informacji lub korzystanie z zasob\u00f3w na urz\u0105dzeniu U\u017cytkownika, gdy ten wchodzi w interakcj\u0119 z t\u0105 Witryn\u0105.","robots":{"index":"index","follow":"follow","max-snippet":"max-snippet:-1","max-image-preview":"max-image-preview:large","max-video-preview":"max-video-preview:-1"},"canonical":"https:\/\/fiorentini-polska.com\/pl\/zgoda-na-pliki-cookie\/","og_locale":"pl_PL","og_type":"article","og_title":"Zgoda na pliki cookie - Pietro Fiorentini","og_description":"Pliki cookie umo\u017cliwiaj\u0105 W\u0142a\u015bcicielowi gromadzenie i zapisywanie informacji lub korzystanie z zasob\u00f3w na urz\u0105dzeniu U\u017cytkownika, gdy ten wchodzi w interakcj\u0119 z t\u0105 Witryn\u0105.","og_url":"https:\/\/fiorentini-polska.com\/pl\/zgoda-na-pliki-cookie\/","og_site_name":"Pietro Fiorentini","article_modified_time":"2024-08-26T08:25:09+00:00","twitter_card":"summary_large_image","twitter_site":"@FiorentiniSpa","schema":{"@context":"https:\/\/schema.org","@graph":[{"@type":"WebPage","@id":"https:\/\/fiorentini-polska.com\/pl\/zgoda-na-pliki-cookie\/","url":"https:\/\/fiorentini-polska.com\/pl\/zgoda-na-pliki-cookie\/","name":"Zgoda na pliki cookie - Pietro Fiorentini","isPartOf":{"@id":"https:\/\/fiorentini-polska.com\/pl\/#website"},"datePublished":"2020-11-18T16:21:55+00:00","dateModified":"2024-08-26T08:25:09+00:00","description":"Pliki cookie umo\u017cliwiaj\u0105 W\u0142a\u015bcicielowi gromadzenie i zapisywanie informacji lub korzystanie z zasob\u00f3w na urz\u0105dzeniu U\u017cytkownika, gdy ten wchodzi w interakcj\u0119 z t\u0105 Witryn\u0105.","breadcrumb":{"@id":"https:\/\/fiorentini-polska.com\/pl\/zgoda-na-pliki-cookie\/#breadcrumb"},"inLanguage":"pl-PL","potentialAction":[{"@type":"ReadAction","target":["https:\/\/fiorentini-polska.com\/pl\/zgoda-na-pliki-cookie\/"]}]},{"@type":"BreadcrumbList","@id":"https:\/\/fiorentini-polska.com\/pl\/zgoda-na-pliki-cookie\/#breadcrumb","itemListElement":[{"@type":"ListItem","position":1,"name":"Home","item":"https:\/\/www.fiorentini-polska.com\/pl\/"},{"@type":"ListItem","position":2,"name":"Zgoda na pliki cookie"}]},{"@type":"WebSite","@id":"https:\/\/fiorentini-polska.com\/pl\/#website","url":"https:\/\/fiorentini-polska.com\/pl\/","name":"Pietro Fiorentini Polska","description":"Pietro Fiorentini projektuje i produkuje komponenty, systemy i us\u0142ugi do regulacji, pomiar\u00f3w i zarz\u0105dzania rop\u0105 naftow\u0105 i gazem.","publisher":{"@id":"https:\/\/fiorentini-polska.com\/pl\/#organization"},"potentialAction":[{"@type":"SearchAction","target":{"@type":"EntryPoint","urlTemplate":"https:\/\/fiorentini-polska.com\/pl\/?s={search_term_string}"},"query-input":{"@type":"PropertyValueSpecification","valueRequired":true,"valueName":"search_term_string"}}],"inLanguage":"pl-PL"},{"@type":"Organization","@id":"https:\/\/fiorentini-polska.com\/pl\/#organization","name":"Pietro Fiorentini Polska","url":"https:\/\/fiorentini-polska.com\/pl\/","logo":{"@type":"ImageObject","inLanguage":"pl-PL","@id":"https:\/\/fiorentini-polska.com\/pl\/#\/schema\/logo\/image\/","url":"https:\/\/www.fiorentini-polska.com\/wp-content\/uploads\/2021\/07\/LOGO_CMYK_COLOR.png","contentUrl":"https:\/\/www.fiorentini-polska.com\/wp-content\/uploads\/2021\/07\/LOGO_CMYK_COLOR.png","width":3077,"height":1259,"caption":"Pietro Fiorentini Polska"},"image":{"@id":"https:\/\/fiorentini-polska.com\/pl\/#\/schema\/logo\/image\/"},"sameAs":["https:\/\/x.com\/FiorentiniSpa"]}]}},"_links":{"self":[{"href":"https:\/\/fiorentini-polska.com\/pl\/wp-json\/wp\/v2\/pages\/24113","targetHints":{"allow":["GET"]}}],"collection":[{"href":"https:\/\/fiorentini-polska.com\/pl\/wp-json\/wp\/v2\/pages"}],"about":[{"href":"https:\/\/fiorentini-polska.com\/pl\/wp-json\/wp\/v2\/types\/page"}],"author":[{"embeddable":true,"href":"https:\/\/fiorentini-polska.com\/pl\/wp-json\/wp\/v2\/users\/15"}],"replies":[{"embeddable":true,"href":"https:\/\/fiorentini-polska.com\/pl\/wp-json\/wp\/v2\/comments?post=24113"}],"version-history":[{"count":3,"href":"https:\/\/fiorentini-polska.com\/pl\/wp-json\/wp\/v2\/pages\/24113\/revisions"}],"predecessor-version":[{"id":29087,"href":"https:\/\/fiorentini-polska.com\/pl\/wp-json\/wp\/v2\/pages\/24113\/revisions\/29087"}],"wp:attachment":[{"href":"https:\/\/fiorentini-polska.com\/pl\/wp-json\/wp\/v2\/media?parent=24113"}],"curies":[{"name":"wp","href":"https:\/\/api.w.org\/{rel}","templated":true}]}}