{"id":23948,"date":"2022-05-02T09:56:06","date_gmt":"2022-05-02T07:56:06","guid":{"rendered":"https:\/\/fiorentini-polska.com\/pietro-fiorentini-polska\/"},"modified":"2025-08-28T12:28:47","modified_gmt":"2025-08-28T10:28:47","slug":"fiorentini-polska","status":"publish","type":"page","link":"https:\/\/fiorentini-polska.com\/pl\/fiorentini-polska\/","title":{"rendered":"Fiorentini Polska"},"content":{"rendered":"","protected":false},"excerpt":{"rendered":"","protected":false},"author":15,"featured_media":26386,"parent":0,"menu_order":0,"comment_status":"closed","ping_status":"closed","template":"template-company-master.php","meta":{"_acf_changed":false,"inline_featured_image":false,"footnotes":""},"class_list":["post-23948","page","type-page","status-publish","has-post-thumbnail","hentry"],"acf":[],"yoast_head":"<!-- This site is optimized with the Yoast SEO plugin v27.2 - https:\/\/yoast.com\/product\/yoast-seo-wordpress\/ -->\n<title>Fiorentini Polska - Bezpo\u015brednia obecno\u015b\u0107 w Polsce<\/title>\n<meta name=\"description\" content=\"Fiorentini Polska dostarcza sprz\u0119t i rozwi\u0105zania dla gazu ziemnego, biogazu i wodoru na wszystkich poziomach ci\u015bnienia.\" \/>\n<meta name=\"robots\" content=\"index, follow, max-snippet:-1, max-image-preview:large, max-video-preview:-1\" \/>\n<link rel=\"canonical\" href=\"https:\/\/fiorentini-polska.com\/pl\/fiorentini-polska\/\" \/>\n<meta property=\"og:locale\" content=\"pl_PL\" \/>\n<meta property=\"og:type\" content=\"article\" \/>\n<meta property=\"og:title\" content=\"Fiorentini Polska - Bezpo\u015brednia obecno\u015b\u0107 w Polsce\" \/>\n<meta property=\"og:description\" content=\"Fiorentini Polska dostarcza sprz\u0119t i rozwi\u0105zania dla gazu ziemnego, biogazu i wodoru na wszystkich poziomach ci\u015bnienia.\" \/>\n<meta property=\"og:url\" content=\"https:\/\/fiorentini-polska.com\/pl\/fiorentini-polska\/\" \/>\n<meta property=\"og:site_name\" content=\"Pietro Fiorentini\" \/>\n<meta property=\"article:modified_time\" content=\"2025-08-28T10:28:47+00:00\" \/>\n<meta property=\"og:image\" content=\"https:\/\/www.fiorentini-polska.com\/wp-content\/uploads\/2023\/10\/Fachada-Pietro-Fiorentini-Polska-1.jpg\" \/>\n\t<meta property=\"og:image:width\" content=\"1920\" \/>\n\t<meta property=\"og:image:height\" content=\"1440\" \/>\n\t<meta property=\"og:image:type\" content=\"image\/jpeg\" \/>\n<meta name=\"twitter:card\" content=\"summary_large_image\" \/>\n<meta name=\"twitter:site\" content=\"@FiorentiniSpa\" \/>\n<meta name=\"twitter:label1\" content=\"Szacowany czas czytania\" \/>\n\t<meta name=\"twitter:data1\" content=\"1 minuta\" \/>\n<script type=\"application\/ld+json\" class=\"yoast-schema-graph\">{\"@context\":\"https:\/\/schema.org\",\"@graph\":[{\"@type\":\"WebPage\",\"@id\":\"https:\/\/fiorentini-polska.com\/pl\/fiorentini-polska\/\",\"url\":\"https:\/\/fiorentini-polska.com\/pl\/fiorentini-polska\/\",\"name\":\"Fiorentini Polska - Bezpo\u015brednia obecno\u015b\u0107 w Polsce\",\"isPartOf\":{\"@id\":\"https:\/\/www.fiorentini-polska.com\/pl\/#website\"},\"primaryImageOfPage\":{\"@id\":\"https:\/\/fiorentini-polska.com\/pl\/fiorentini-polska\/#primaryimage\"},\"image\":{\"@id\":\"https:\/\/fiorentini-polska.com\/pl\/fiorentini-polska\/#primaryimage\"},\"thumbnailUrl\":\"https:\/\/fiorentini-polska.com\/wp-content\/uploads\/2023\/10\/Fachada-Pietro-Fiorentini-Polska-1.jpg\",\"datePublished\":\"2022-05-02T07:56:06+00:00\",\"dateModified\":\"2025-08-28T10:28:47+00:00\",\"description\":\"Fiorentini Polska dostarcza sprz\u0119t i rozwi\u0105zania dla gazu ziemnego, biogazu i wodoru na wszystkich poziomach ci\u015bnienia.\",\"breadcrumb\":{\"@id\":\"https:\/\/fiorentini-polska.com\/pl\/fiorentini-polska\/#breadcrumb\"},\"inLanguage\":\"pl-PL\",\"potentialAction\":[{\"@type\":\"ReadAction\",\"target\":[\"https:\/\/fiorentini-polska.com\/pl\/fiorentini-polska\/\"]}]},{\"@type\":\"ImageObject\",\"inLanguage\":\"pl-PL\",\"@id\":\"https:\/\/fiorentini-polska.com\/pl\/fiorentini-polska\/#primaryimage\",\"url\":\"https:\/\/fiorentini-polska.com\/wp-content\/uploads\/2023\/10\/Fachada-Pietro-Fiorentini-Polska-1.jpg\",\"contentUrl\":\"https:\/\/fiorentini-polska.com\/wp-content\/uploads\/2023\/10\/Fachada-Pietro-Fiorentini-Polska-1.jpg\",\"width\":1920,\"height\":1440,\"caption\":\"Fachada Pietro Fiorentini Polska\"},{\"@type\":\"BreadcrumbList\",\"@id\":\"https:\/\/fiorentini-polska.com\/pl\/fiorentini-polska\/#breadcrumb\",\"itemListElement\":[{\"@type\":\"ListItem\",\"position\":1,\"name\":\"Home\",\"item\":\"https:\/\/www.fiorentini-polska.com\/pl\/\"},{\"@type\":\"ListItem\",\"position\":2,\"name\":\"Fiorentini Polska\"}]},{\"@type\":\"WebSite\",\"@id\":\"https:\/\/www.fiorentini-polska.com\/pl\/#website\",\"url\":\"https:\/\/www.fiorentini-polska.com\/pl\/\",\"name\":\"Pietro Fiorentini Polska\",\"description\":\"Pietro Fiorentini projektuje i produkuje komponenty, systemy i us\u0142ugi do regulacji, pomiar\u00f3w i zarz\u0105dzania rop\u0105 naftow\u0105 i gazem.\",\"publisher\":{\"@id\":\"https:\/\/www.fiorentini-polska.com\/pl\/#organization\"},\"potentialAction\":[{\"@type\":\"SearchAction\",\"target\":{\"@type\":\"EntryPoint\",\"urlTemplate\":\"https:\/\/www.fiorentini-polska.com\/pl\/?s={search_term_string}\"},\"query-input\":{\"@type\":\"PropertyValueSpecification\",\"valueRequired\":true,\"valueName\":\"search_term_string\"}}],\"inLanguage\":\"pl-PL\"},{\"@type\":\"Organization\",\"@id\":\"https:\/\/www.fiorentini-polska.com\/pl\/#organization\",\"name\":\"Pietro Fiorentini Polska\",\"url\":\"https:\/\/www.fiorentini-polska.com\/pl\/\",\"logo\":{\"@type\":\"ImageObject\",\"inLanguage\":\"pl-PL\",\"@id\":\"https:\/\/www.fiorentini-polska.com\/pl\/#\/schema\/logo\/image\/\",\"url\":\"https:\/\/www.fiorentini-polska.com\/wp-content\/uploads\/2021\/07\/LOGO_CMYK_COLOR.png\",\"contentUrl\":\"https:\/\/www.fiorentini-polska.com\/wp-content\/uploads\/2021\/07\/LOGO_CMYK_COLOR.png\",\"width\":3077,\"height\":1259,\"caption\":\"Pietro Fiorentini Polska\"},\"image\":{\"@id\":\"https:\/\/www.fiorentini-polska.com\/pl\/#\/schema\/logo\/image\/\"},\"sameAs\":[\"https:\/\/x.com\/FiorentiniSpa\"]}]}<\/script>\n<!-- \/ Yoast SEO plugin. -->","yoast_head_json":{"title":"Fiorentini Polska - Bezpo\u015brednia obecno\u015b\u0107 w Polsce","description":"Fiorentini Polska dostarcza sprz\u0119t i rozwi\u0105zania dla gazu ziemnego, biogazu i wodoru na wszystkich poziomach ci\u015bnienia.","robots":{"index":"index","follow":"follow","max-snippet":"max-snippet:-1","max-image-preview":"max-image-preview:large","max-video-preview":"max-video-preview:-1"},"canonical":"https:\/\/fiorentini-polska.com\/pl\/fiorentini-polska\/","og_locale":"pl_PL","og_type":"article","og_title":"Fiorentini Polska - Bezpo\u015brednia obecno\u015b\u0107 w Polsce","og_description":"Fiorentini Polska dostarcza sprz\u0119t i rozwi\u0105zania dla gazu ziemnego, biogazu i wodoru na wszystkich poziomach ci\u015bnienia.","og_url":"https:\/\/fiorentini-polska.com\/pl\/fiorentini-polska\/","og_site_name":"Pietro Fiorentini","article_modified_time":"2025-08-28T10:28:47+00:00","og_image":[{"width":1920,"height":1440,"url":"https:\/\/www.fiorentini-polska.com\/wp-content\/uploads\/2023\/10\/Fachada-Pietro-Fiorentini-Polska-1.jpg","type":"image\/jpeg"}],"twitter_card":"summary_large_image","twitter_site":"@FiorentiniSpa","twitter_misc":{"Szacowany czas czytania":"1 minuta"},"schema":{"@context":"https:\/\/schema.org","@graph":[{"@type":"WebPage","@id":"https:\/\/fiorentini-polska.com\/pl\/fiorentini-polska\/","url":"https:\/\/fiorentini-polska.com\/pl\/fiorentini-polska\/","name":"Fiorentini Polska - Bezpo\u015brednia obecno\u015b\u0107 w Polsce","isPartOf":{"@id":"https:\/\/www.fiorentini-polska.com\/pl\/#website"},"primaryImageOfPage":{"@id":"https:\/\/fiorentini-polska.com\/pl\/fiorentini-polska\/#primaryimage"},"image":{"@id":"https:\/\/fiorentini-polska.com\/pl\/fiorentini-polska\/#primaryimage"},"thumbnailUrl":"https:\/\/fiorentini-polska.com\/wp-content\/uploads\/2023\/10\/Fachada-Pietro-Fiorentini-Polska-1.jpg","datePublished":"2022-05-02T07:56:06+00:00","dateModified":"2025-08-28T10:28:47+00:00","description":"Fiorentini Polska dostarcza sprz\u0119t i rozwi\u0105zania dla gazu ziemnego, biogazu i wodoru na wszystkich poziomach ci\u015bnienia.","breadcrumb":{"@id":"https:\/\/fiorentini-polska.com\/pl\/fiorentini-polska\/#breadcrumb"},"inLanguage":"pl-PL","potentialAction":[{"@type":"ReadAction","target":["https:\/\/fiorentini-polska.com\/pl\/fiorentini-polska\/"]}]},{"@type":"ImageObject","inLanguage":"pl-PL","@id":"https:\/\/fiorentini-polska.com\/pl\/fiorentini-polska\/#primaryimage","url":"https:\/\/fiorentini-polska.com\/wp-content\/uploads\/2023\/10\/Fachada-Pietro-Fiorentini-Polska-1.jpg","contentUrl":"https:\/\/fiorentini-polska.com\/wp-content\/uploads\/2023\/10\/Fachada-Pietro-Fiorentini-Polska-1.jpg","width":1920,"height":1440,"caption":"Fachada Pietro Fiorentini Polska"},{"@type":"BreadcrumbList","@id":"https:\/\/fiorentini-polska.com\/pl\/fiorentini-polska\/#breadcrumb","itemListElement":[{"@type":"ListItem","position":1,"name":"Home","item":"https:\/\/www.fiorentini-polska.com\/pl\/"},{"@type":"ListItem","position":2,"name":"Fiorentini Polska"}]},{"@type":"WebSite","@id":"https:\/\/www.fiorentini-polska.com\/pl\/#website","url":"https:\/\/www.fiorentini-polska.com\/pl\/","name":"Pietro Fiorentini Polska","description":"Pietro Fiorentini projektuje i produkuje komponenty, systemy i us\u0142ugi do regulacji, pomiar\u00f3w i zarz\u0105dzania rop\u0105 naftow\u0105 i gazem.","publisher":{"@id":"https:\/\/www.fiorentini-polska.com\/pl\/#organization"},"potentialAction":[{"@type":"SearchAction","target":{"@type":"EntryPoint","urlTemplate":"https:\/\/www.fiorentini-polska.com\/pl\/?s={search_term_string}"},"query-input":{"@type":"PropertyValueSpecification","valueRequired":true,"valueName":"search_term_string"}}],"inLanguage":"pl-PL"},{"@type":"Organization","@id":"https:\/\/www.fiorentini-polska.com\/pl\/#organization","name":"Pietro Fiorentini Polska","url":"https:\/\/www.fiorentini-polska.com\/pl\/","logo":{"@type":"ImageObject","inLanguage":"pl-PL","@id":"https:\/\/www.fiorentini-polska.com\/pl\/#\/schema\/logo\/image\/","url":"https:\/\/www.fiorentini-polska.com\/wp-content\/uploads\/2021\/07\/LOGO_CMYK_COLOR.png","contentUrl":"https:\/\/www.fiorentini-polska.com\/wp-content\/uploads\/2021\/07\/LOGO_CMYK_COLOR.png","width":3077,"height":1259,"caption":"Pietro Fiorentini Polska"},"image":{"@id":"https:\/\/www.fiorentini-polska.com\/pl\/#\/schema\/logo\/image\/"},"sameAs":["https:\/\/x.com\/FiorentiniSpa"]}]}},"_links":{"self":[{"href":"https:\/\/fiorentini-polska.com\/pl\/wp-json\/wp\/v2\/pages\/23948","targetHints":{"allow":["GET"]}}],"collection":[{"href":"https:\/\/fiorentini-polska.com\/pl\/wp-json\/wp\/v2\/pages"}],"about":[{"href":"https:\/\/fiorentini-polska.com\/pl\/wp-json\/wp\/v2\/types\/page"}],"author":[{"embeddable":true,"href":"https:\/\/fiorentini-polska.com\/pl\/wp-json\/wp\/v2\/users\/15"}],"replies":[{"embeddable":true,"href":"https:\/\/fiorentini-polska.com\/pl\/wp-json\/wp\/v2\/comments?post=23948"}],"version-history":[{"count":2,"href":"https:\/\/fiorentini-polska.com\/pl\/wp-json\/wp\/v2\/pages\/23948\/revisions"}],"predecessor-version":[{"id":30559,"href":"https:\/\/fiorentini-polska.com\/pl\/wp-json\/wp\/v2\/pages\/23948\/revisions\/30559"}],"wp:featuredmedia":[{"embeddable":true,"href":"https:\/\/fiorentini-polska.com\/pl\/wp-json\/wp\/v2\/media\/26386"}],"wp:attachment":[{"href":"https:\/\/fiorentini-polska.com\/pl\/wp-json\/wp\/v2\/media?parent=23948"}],"curies":[{"name":"wp","href":"https:\/\/api.w.org\/{rel}","templated":true}]}}