{"id":3,"date":"2020-11-18T11:00:44","date_gmt":"2020-11-18T10:00:44","guid":{"rendered":"https:\/\/master.fiorentini.com\/?page_id=3"},"modified":"2025-06-12T10:26:18","modified_gmt":"2025-06-12T08:26:18","slug":"privacy-policy","status":"publish","type":"page","link":"https:\/\/fiorentini-polska.com\/en\/privacy-policy\/","title":{"rendered":"Privacy Policy"},"content":{"rendered":"","protected":false},"excerpt":{"rendered":"","protected":false},"author":12,"featured_media":0,"parent":0,"menu_order":0,"comment_status":"closed","ping_status":"closed","template":"template-privacy.php","meta":{"_acf_changed":false,"inline_featured_image":false,"footnotes":""},"class_list":["post-3","page","type-page","status-publish","hentry"],"acf":[],"yoast_head":"<!-- This site is optimized with the Yoast SEO plugin v27.2 - https:\/\/yoast.com\/product\/yoast-seo-wordpress\/ -->\n<title>Privacy Policy - Pietro Fiorentini<\/title>\n<meta name=\"description\" content=\"For Pietro Fiorentini, the safety of his users is important, even when they browse our sites. Read our Privacy &amp; Policy\" \/>\n<meta name=\"robots\" content=\"index, follow, max-snippet:-1, max-image-preview:large, max-video-preview:-1\" \/>\n<link rel=\"canonical\" href=\"https:\/\/fiorentini-polska.com\/en\/privacy-policy\/\" \/>\n<meta property=\"og:locale\" content=\"en_US\" \/>\n<meta property=\"og:type\" content=\"article\" \/>\n<meta property=\"og:title\" content=\"Privacy Policy - Pietro Fiorentini\" \/>\n<meta property=\"og:description\" content=\"For Pietro Fiorentini, the safety of his users is important, even when they browse our sites. Read our Privacy &amp; Policy\" \/>\n<meta property=\"og:url\" content=\"https:\/\/fiorentini-polska.com\/en\/privacy-policy\/\" \/>\n<meta property=\"og:site_name\" content=\"Pietro Fiorentini\" \/>\n<meta property=\"article:modified_time\" content=\"2025-06-12T08:26:18+00:00\" \/>\n<meta name=\"twitter:card\" content=\"summary_large_image\" \/>\n<meta name=\"twitter:site\" content=\"@FiorentiniSpa\" \/>\n<script type=\"application\/ld+json\" class=\"yoast-schema-graph\">{\"@context\":\"https:\/\/schema.org\",\"@graph\":[{\"@type\":\"WebPage\",\"@id\":\"https:\/\/fiorentini-polska.com\/en\/privacy-policy\/\",\"url\":\"https:\/\/fiorentini-polska.com\/en\/privacy-policy\/\",\"name\":\"Privacy Policy - Pietro Fiorentini\",\"isPartOf\":{\"@id\":\"https:\/\/www.fiorentini-polska.com\/en\/#website\"},\"datePublished\":\"2020-11-18T10:00:44+00:00\",\"dateModified\":\"2025-06-12T08:26:18+00:00\",\"description\":\"For Pietro Fiorentini, the safety of his users is important, even when they browse our sites. Read our Privacy & Policy\",\"breadcrumb\":{\"@id\":\"https:\/\/fiorentini-polska.com\/en\/privacy-policy\/#breadcrumb\"},\"inLanguage\":\"en-US\",\"potentialAction\":[{\"@type\":\"ReadAction\",\"target\":[\"https:\/\/fiorentini-polska.com\/en\/privacy-policy\/\"]}]},{\"@type\":\"BreadcrumbList\",\"@id\":\"https:\/\/fiorentini-polska.com\/en\/privacy-policy\/#breadcrumb\",\"itemListElement\":[{\"@type\":\"ListItem\",\"position\":1,\"name\":\"Home\",\"item\":\"https:\/\/www.fiorentini-polska.com\/en\/\"},{\"@type\":\"ListItem\",\"position\":2,\"name\":\"Privacy Policy\"}]},{\"@type\":\"WebSite\",\"@id\":\"https:\/\/www.fiorentini-polska.com\/en\/#website\",\"url\":\"https:\/\/www.fiorentini-polska.com\/en\/\",\"name\":\"Pietro Fiorentini Polska\",\"description\":\"Pietro Fiorentini projektuje i produkuje komponenty, systemy i us\u0142ugi do regulacji, pomiar\u00f3w i zarz\u0105dzania rop\u0105 naftow\u0105 i gazem.\",\"publisher\":{\"@id\":\"https:\/\/www.fiorentini-polska.com\/en\/#organization\"},\"potentialAction\":[{\"@type\":\"SearchAction\",\"target\":{\"@type\":\"EntryPoint\",\"urlTemplate\":\"https:\/\/www.fiorentini-polska.com\/en\/?s={search_term_string}\"},\"query-input\":{\"@type\":\"PropertyValueSpecification\",\"valueRequired\":true,\"valueName\":\"search_term_string\"}}],\"inLanguage\":\"en-US\"},{\"@type\":\"Organization\",\"@id\":\"https:\/\/www.fiorentini-polska.com\/en\/#organization\",\"name\":\"Pietro Fiorentini Polska\",\"url\":\"https:\/\/www.fiorentini-polska.com\/en\/\",\"logo\":{\"@type\":\"ImageObject\",\"inLanguage\":\"en-US\",\"@id\":\"https:\/\/www.fiorentini-polska.com\/en\/#\/schema\/logo\/image\/\",\"url\":\"https:\/\/www.fiorentini-polska.com\/wp-content\/uploads\/2021\/07\/LOGO_CMYK_COLOR.png\",\"contentUrl\":\"https:\/\/www.fiorentini-polska.com\/wp-content\/uploads\/2021\/07\/LOGO_CMYK_COLOR.png\",\"width\":3077,\"height\":1259,\"caption\":\"Pietro Fiorentini Polska\"},\"image\":{\"@id\":\"https:\/\/www.fiorentini-polska.com\/en\/#\/schema\/logo\/image\/\"},\"sameAs\":[\"https:\/\/x.com\/FiorentiniSpa\"]}]}<\/script>\n<!-- \/ Yoast SEO plugin. -->","yoast_head_json":{"title":"Privacy Policy - Pietro Fiorentini","description":"For Pietro Fiorentini, the safety of his users is important, even when they browse our sites. Read our Privacy & Policy","robots":{"index":"index","follow":"follow","max-snippet":"max-snippet:-1","max-image-preview":"max-image-preview:large","max-video-preview":"max-video-preview:-1"},"canonical":"https:\/\/fiorentini-polska.com\/en\/privacy-policy\/","og_locale":"en_US","og_type":"article","og_title":"Privacy Policy - Pietro Fiorentini","og_description":"For Pietro Fiorentini, the safety of his users is important, even when they browse our sites. Read our Privacy & Policy","og_url":"https:\/\/fiorentini-polska.com\/en\/privacy-policy\/","og_site_name":"Pietro Fiorentini","article_modified_time":"2025-06-12T08:26:18+00:00","twitter_card":"summary_large_image","twitter_site":"@FiorentiniSpa","schema":{"@context":"https:\/\/schema.org","@graph":[{"@type":"WebPage","@id":"https:\/\/fiorentini-polska.com\/en\/privacy-policy\/","url":"https:\/\/fiorentini-polska.com\/en\/privacy-policy\/","name":"Privacy Policy - Pietro Fiorentini","isPartOf":{"@id":"https:\/\/www.fiorentini-polska.com\/en\/#website"},"datePublished":"2020-11-18T10:00:44+00:00","dateModified":"2025-06-12T08:26:18+00:00","description":"For Pietro Fiorentini, the safety of his users is important, even when they browse our sites. Read our Privacy & Policy","breadcrumb":{"@id":"https:\/\/fiorentini-polska.com\/en\/privacy-policy\/#breadcrumb"},"inLanguage":"en-US","potentialAction":[{"@type":"ReadAction","target":["https:\/\/fiorentini-polska.com\/en\/privacy-policy\/"]}]},{"@type":"BreadcrumbList","@id":"https:\/\/fiorentini-polska.com\/en\/privacy-policy\/#breadcrumb","itemListElement":[{"@type":"ListItem","position":1,"name":"Home","item":"https:\/\/www.fiorentini-polska.com\/en\/"},{"@type":"ListItem","position":2,"name":"Privacy Policy"}]},{"@type":"WebSite","@id":"https:\/\/www.fiorentini-polska.com\/en\/#website","url":"https:\/\/www.fiorentini-polska.com\/en\/","name":"Pietro Fiorentini Polska","description":"Pietro Fiorentini projektuje i produkuje komponenty, systemy i us\u0142ugi do regulacji, pomiar\u00f3w i zarz\u0105dzania rop\u0105 naftow\u0105 i gazem.","publisher":{"@id":"https:\/\/www.fiorentini-polska.com\/en\/#organization"},"potentialAction":[{"@type":"SearchAction","target":{"@type":"EntryPoint","urlTemplate":"https:\/\/www.fiorentini-polska.com\/en\/?s={search_term_string}"},"query-input":{"@type":"PropertyValueSpecification","valueRequired":true,"valueName":"search_term_string"}}],"inLanguage":"en-US"},{"@type":"Organization","@id":"https:\/\/www.fiorentini-polska.com\/en\/#organization","name":"Pietro Fiorentini Polska","url":"https:\/\/www.fiorentini-polska.com\/en\/","logo":{"@type":"ImageObject","inLanguage":"en-US","@id":"https:\/\/www.fiorentini-polska.com\/en\/#\/schema\/logo\/image\/","url":"https:\/\/www.fiorentini-polska.com\/wp-content\/uploads\/2021\/07\/LOGO_CMYK_COLOR.png","contentUrl":"https:\/\/www.fiorentini-polska.com\/wp-content\/uploads\/2021\/07\/LOGO_CMYK_COLOR.png","width":3077,"height":1259,"caption":"Pietro Fiorentini Polska"},"image":{"@id":"https:\/\/www.fiorentini-polska.com\/en\/#\/schema\/logo\/image\/"},"sameAs":["https:\/\/x.com\/FiorentiniSpa"]}]}},"_links":{"self":[{"href":"https:\/\/fiorentini-polska.com\/en\/wp-json\/wp\/v2\/pages\/3","targetHints":{"allow":["GET"]}}],"collection":[{"href":"https:\/\/fiorentini-polska.com\/en\/wp-json\/wp\/v2\/pages"}],"about":[{"href":"https:\/\/fiorentini-polska.com\/en\/wp-json\/wp\/v2\/types\/page"}],"author":[{"embeddable":true,"href":"https:\/\/fiorentini-polska.com\/en\/wp-json\/wp\/v2\/users\/12"}],"replies":[{"embeddable":true,"href":"https:\/\/fiorentini-polska.com\/en\/wp-json\/wp\/v2\/comments?post=3"}],"version-history":[{"count":3,"href":"https:\/\/fiorentini-polska.com\/en\/wp-json\/wp\/v2\/pages\/3\/revisions"}],"predecessor-version":[{"id":30329,"href":"https:\/\/fiorentini-polska.com\/en\/wp-json\/wp\/v2\/pages\/3\/revisions\/30329"}],"wp:attachment":[{"href":"https:\/\/fiorentini-polska.com\/en\/wp-json\/wp\/v2\/media?parent=3"}],"curies":[{"name":"wp","href":"https:\/\/api.w.org\/{rel}","templated":true}]}}