{"id":29132,"date":"2024-09-30T15:49:14","date_gmt":"2024-09-30T13:49:14","guid":{"rendered":"https:\/\/fiorentini-polska.com\/?page_id=29132"},"modified":"2024-09-30T19:38:01","modified_gmt":"2024-09-30T17:38:01","slug":"e-fuels","status":"publish","type":"page","link":"https:\/\/fiorentini-polska.com\/en\/expertise\/e-fuels\/","title":{"rendered":"E-fuels"},"content":{"rendered":"\n<h2 class=\"wp-block-heading has-text-align-left\"><strong>Renewable fuels to reduce carbon emissions<\/strong><\/h2>\n\n\n\n<p><strong>E-fuels<\/strong> are&nbsp;<strong>non-fossil, renewable<\/strong>&nbsp;fuels produced by means of an artificial chemical synthesis process using renewable sources.<\/p>\n\n\n\n<p>The process converts a gas made of electrolytic\u00a0<strong><a href=\"https:\/\/www.fiorentini-polska.com\/en\/expertise\/hydrogen\/\">hydrogen<\/a>\u00a0<\/strong>(H<sub>2<\/sub>) and a carbon containing molecule, such as carbon dioxide (CO<sub>2<\/sub>) coming from biogenic waste material.<\/p>\n\n\n\n<p>Methanation process produces&nbsp;<strong>e-methane<\/strong>, a renewable gas virtually identical to the natural gas we know. This has many advantages, including the possibility of&nbsp;<strong>storing electricity<\/strong>&nbsp;in the form of renewable methane in gas infrastructures,&nbsp;<a href=\"https:\/\/www.fiorentini.com\/en\/category\/solutions\/systems\/solutions-renewable-energies\/ccus\/\" target=\"_blank\" rel=\"noreferrer noopener\"><strong>capturing carbon dioxide&nbsp;<\/strong><\/a>for later use, and&nbsp;<strong>replacing a fossil source<\/strong>&nbsp;as it can be directly used in heating or vehicles as a drop-in replacement fuel.<\/p>\n\n\n\n<p><strong>Pietro Fiorentini<\/strong>\u2019s technological solution relies on a\u00a0<strong><a href=\"https:\/\/www.fiorentini-polska.com\/en\/solutions\/systems\/renewables-energies\/biological-methanation\/\">biological methanation<\/a>\u00a0<\/strong>process to generate renewable methane.<\/p>\n","protected":false},"excerpt":{"rendered":"<p>Methanation process has many advantages, including the possibility of storing electricity in the form of renewable methane in gas infrastructures, capturing carbon dioxide for later use, and replacing a fossil source as it can be directly used in heating or vehicles as a drop-in replacement fuel.<br \/>\n<\/b><br \/>\nPietro Fiorentini\u2019s technological solution relies on a biological methanation process to generate renewable methane. The biology for this process is developed by MicroPyros BioEnerTec GmbH\u2122, part of Pietro Fiorentini Group.<\/p>\n","protected":false},"author":15,"featured_media":29133,"parent":27340,"menu_order":3,"comment_status":"closed","ping_status":"closed","template":"template-expertise-child.php","meta":{"_acf_changed":false,"inline_featured_image":false,"footnotes":""},"class_list":["post-29132","page","type-page","status-publish","has-post-thumbnail","hentry"],"acf":[],"yoast_head":"<!-- This site is optimized with the Yoast SEO plugin v27.2 - https:\/\/yoast.com\/product\/yoast-seo-wordpress\/ -->\n<title>E-fuels - Pietro Fiorentini<\/title>\n<meta name=\"description\" content=\"E-fuels are\u00a0non-fossil, renewable\u00a0fuels produced by means of an artificial chemical synthesis process using renewable sources.\" \/>\n<meta name=\"robots\" content=\"index, follow, max-snippet:-1, max-image-preview:large, max-video-preview:-1\" \/>\n<link rel=\"canonical\" href=\"https:\/\/fiorentini-polska.com\/en\/expertise\/e-fuels\/\" \/>\n<meta property=\"og:locale\" content=\"en_US\" \/>\n<meta property=\"og:type\" content=\"article\" \/>\n<meta property=\"og:title\" content=\"E-fuels - Pietro Fiorentini\" \/>\n<meta property=\"og:description\" content=\"E-fuels are\u00a0non-fossil, renewable\u00a0fuels produced by means of an artificial chemical synthesis process using renewable sources.\" \/>\n<meta property=\"og:url\" content=\"https:\/\/fiorentini-polska.com\/en\/expertise\/e-fuels\/\" \/>\n<meta property=\"og:site_name\" content=\"Pietro Fiorentini\" \/>\n<meta property=\"article:modified_time\" content=\"2024-09-30T17:38:01+00:00\" \/>\n<meta property=\"og:image\" content=\"https:\/\/fiorentini-polska.com\/wp-content\/uploads\/2024\/09\/e-fuels-thumb.jpg\" \/>\n\t<meta property=\"og:image:width\" content=\"930\" \/>\n\t<meta property=\"og:image:height\" content=\"930\" \/>\n\t<meta property=\"og:image:type\" content=\"image\/jpeg\" \/>\n<meta name=\"twitter:card\" content=\"summary_large_image\" \/>\n<meta name=\"twitter:site\" content=\"@FiorentiniSpa\" \/>\n<meta name=\"twitter:label1\" content=\"Est. reading time\" \/>\n\t<meta name=\"twitter:data1\" content=\"1 minute\" \/>\n<script type=\"application\/ld+json\" class=\"yoast-schema-graph\">{\"@context\":\"https:\/\/schema.org\",\"@graph\":[{\"@type\":\"WebPage\",\"@id\":\"https:\/\/fiorentini-polska.com\/en\/expertise\/e-fuels\/\",\"url\":\"https:\/\/fiorentini-polska.com\/en\/expertise\/e-fuels\/\",\"name\":\"E-fuels - Pietro Fiorentini\",\"isPartOf\":{\"@id\":\"https:\/\/www.fiorentini-polska.com\/en\/#website\"},\"primaryImageOfPage\":{\"@id\":\"https:\/\/fiorentini-polska.com\/en\/expertise\/e-fuels\/#primaryimage\"},\"image\":{\"@id\":\"https:\/\/fiorentini-polska.com\/en\/expertise\/e-fuels\/#primaryimage\"},\"thumbnailUrl\":\"https:\/\/fiorentini-polska.com\/wp-content\/uploads\/2024\/09\/e-fuels-thumb.jpg\",\"datePublished\":\"2024-09-30T13:49:14+00:00\",\"dateModified\":\"2024-09-30T17:38:01+00:00\",\"description\":\"E-fuels are\u00a0non-fossil, renewable\u00a0fuels produced by means of an artificial chemical synthesis process using renewable sources.\",\"breadcrumb\":{\"@id\":\"https:\/\/fiorentini-polska.com\/en\/expertise\/e-fuels\/#breadcrumb\"},\"inLanguage\":\"en-US\",\"potentialAction\":[{\"@type\":\"ReadAction\",\"target\":[\"https:\/\/fiorentini-polska.com\/en\/expertise\/e-fuels\/\"]}]},{\"@type\":\"ImageObject\",\"inLanguage\":\"en-US\",\"@id\":\"https:\/\/fiorentini-polska.com\/en\/expertise\/e-fuels\/#primaryimage\",\"url\":\"https:\/\/fiorentini-polska.com\/wp-content\/uploads\/2024\/09\/e-fuels-thumb.jpg\",\"contentUrl\":\"https:\/\/fiorentini-polska.com\/wp-content\/uploads\/2024\/09\/e-fuels-thumb.jpg\",\"width\":930,\"height\":930},{\"@type\":\"BreadcrumbList\",\"@id\":\"https:\/\/fiorentini-polska.com\/en\/expertise\/e-fuels\/#breadcrumb\",\"itemListElement\":[{\"@type\":\"ListItem\",\"position\":1,\"name\":\"Home\",\"item\":\"https:\/\/www.fiorentini-polska.com\/en\/\"},{\"@type\":\"ListItem\",\"position\":2,\"name\":\"Expertise\",\"item\":\"https:\/\/fiorentini-polska.com\/en\/expertise\/\"},{\"@type\":\"ListItem\",\"position\":3,\"name\":\"E-fuels\"}]},{\"@type\":\"WebSite\",\"@id\":\"https:\/\/www.fiorentini-polska.com\/en\/#website\",\"url\":\"https:\/\/www.fiorentini-polska.com\/en\/\",\"name\":\"Pietro Fiorentini Polska\",\"description\":\"Pietro Fiorentini projektuje i produkuje komponenty, systemy i us\u0142ugi do regulacji, pomiar\u00f3w i zarz\u0105dzania rop\u0105 naftow\u0105 i gazem.\",\"publisher\":{\"@id\":\"https:\/\/www.fiorentini-polska.com\/en\/#organization\"},\"potentialAction\":[{\"@type\":\"SearchAction\",\"target\":{\"@type\":\"EntryPoint\",\"urlTemplate\":\"https:\/\/www.fiorentini-polska.com\/en\/?s={search_term_string}\"},\"query-input\":{\"@type\":\"PropertyValueSpecification\",\"valueRequired\":true,\"valueName\":\"search_term_string\"}}],\"inLanguage\":\"en-US\"},{\"@type\":\"Organization\",\"@id\":\"https:\/\/www.fiorentini-polska.com\/en\/#organization\",\"name\":\"Pietro Fiorentini Polska\",\"url\":\"https:\/\/www.fiorentini-polska.com\/en\/\",\"logo\":{\"@type\":\"ImageObject\",\"inLanguage\":\"en-US\",\"@id\":\"https:\/\/www.fiorentini-polska.com\/en\/#\/schema\/logo\/image\/\",\"url\":\"https:\/\/www.fiorentini-polska.com\/wp-content\/uploads\/2021\/07\/LOGO_CMYK_COLOR.png\",\"contentUrl\":\"https:\/\/www.fiorentini-polska.com\/wp-content\/uploads\/2021\/07\/LOGO_CMYK_COLOR.png\",\"width\":3077,\"height\":1259,\"caption\":\"Pietro Fiorentini Polska\"},\"image\":{\"@id\":\"https:\/\/www.fiorentini-polska.com\/en\/#\/schema\/logo\/image\/\"},\"sameAs\":[\"https:\/\/x.com\/FiorentiniSpa\"]}]}<\/script>\n<!-- \/ Yoast SEO plugin. -->","yoast_head_json":{"title":"E-fuels - Pietro Fiorentini","description":"E-fuels are\u00a0non-fossil, renewable\u00a0fuels produced by means of an artificial chemical synthesis process using renewable sources.","robots":{"index":"index","follow":"follow","max-snippet":"max-snippet:-1","max-image-preview":"max-image-preview:large","max-video-preview":"max-video-preview:-1"},"canonical":"https:\/\/fiorentini-polska.com\/en\/expertise\/e-fuels\/","og_locale":"en_US","og_type":"article","og_title":"E-fuels - Pietro Fiorentini","og_description":"E-fuels are\u00a0non-fossil, renewable\u00a0fuels produced by means of an artificial chemical synthesis process using renewable sources.","og_url":"https:\/\/fiorentini-polska.com\/en\/expertise\/e-fuels\/","og_site_name":"Pietro Fiorentini","article_modified_time":"2024-09-30T17:38:01+00:00","og_image":[{"width":930,"height":930,"url":"https:\/\/fiorentini-polska.com\/wp-content\/uploads\/2024\/09\/e-fuels-thumb.jpg","type":"image\/jpeg"}],"twitter_card":"summary_large_image","twitter_site":"@FiorentiniSpa","twitter_misc":{"Est. reading time":"1 minute"},"schema":{"@context":"https:\/\/schema.org","@graph":[{"@type":"WebPage","@id":"https:\/\/fiorentini-polska.com\/en\/expertise\/e-fuels\/","url":"https:\/\/fiorentini-polska.com\/en\/expertise\/e-fuels\/","name":"E-fuels - Pietro Fiorentini","isPartOf":{"@id":"https:\/\/www.fiorentini-polska.com\/en\/#website"},"primaryImageOfPage":{"@id":"https:\/\/fiorentini-polska.com\/en\/expertise\/e-fuels\/#primaryimage"},"image":{"@id":"https:\/\/fiorentini-polska.com\/en\/expertise\/e-fuels\/#primaryimage"},"thumbnailUrl":"https:\/\/fiorentini-polska.com\/wp-content\/uploads\/2024\/09\/e-fuels-thumb.jpg","datePublished":"2024-09-30T13:49:14+00:00","dateModified":"2024-09-30T17:38:01+00:00","description":"E-fuels are\u00a0non-fossil, renewable\u00a0fuels produced by means of an artificial chemical synthesis process using renewable sources.","breadcrumb":{"@id":"https:\/\/fiorentini-polska.com\/en\/expertise\/e-fuels\/#breadcrumb"},"inLanguage":"en-US","potentialAction":[{"@type":"ReadAction","target":["https:\/\/fiorentini-polska.com\/en\/expertise\/e-fuels\/"]}]},{"@type":"ImageObject","inLanguage":"en-US","@id":"https:\/\/fiorentini-polska.com\/en\/expertise\/e-fuels\/#primaryimage","url":"https:\/\/fiorentini-polska.com\/wp-content\/uploads\/2024\/09\/e-fuels-thumb.jpg","contentUrl":"https:\/\/fiorentini-polska.com\/wp-content\/uploads\/2024\/09\/e-fuels-thumb.jpg","width":930,"height":930},{"@type":"BreadcrumbList","@id":"https:\/\/fiorentini-polska.com\/en\/expertise\/e-fuels\/#breadcrumb","itemListElement":[{"@type":"ListItem","position":1,"name":"Home","item":"https:\/\/www.fiorentini-polska.com\/en\/"},{"@type":"ListItem","position":2,"name":"Expertise","item":"https:\/\/fiorentini-polska.com\/en\/expertise\/"},{"@type":"ListItem","position":3,"name":"E-fuels"}]},{"@type":"WebSite","@id":"https:\/\/www.fiorentini-polska.com\/en\/#website","url":"https:\/\/www.fiorentini-polska.com\/en\/","name":"Pietro Fiorentini Polska","description":"Pietro Fiorentini projektuje i produkuje komponenty, systemy i us\u0142ugi do regulacji, pomiar\u00f3w i zarz\u0105dzania rop\u0105 naftow\u0105 i gazem.","publisher":{"@id":"https:\/\/www.fiorentini-polska.com\/en\/#organization"},"potentialAction":[{"@type":"SearchAction","target":{"@type":"EntryPoint","urlTemplate":"https:\/\/www.fiorentini-polska.com\/en\/?s={search_term_string}"},"query-input":{"@type":"PropertyValueSpecification","valueRequired":true,"valueName":"search_term_string"}}],"inLanguage":"en-US"},{"@type":"Organization","@id":"https:\/\/www.fiorentini-polska.com\/en\/#organization","name":"Pietro Fiorentini Polska","url":"https:\/\/www.fiorentini-polska.com\/en\/","logo":{"@type":"ImageObject","inLanguage":"en-US","@id":"https:\/\/www.fiorentini-polska.com\/en\/#\/schema\/logo\/image\/","url":"https:\/\/www.fiorentini-polska.com\/wp-content\/uploads\/2021\/07\/LOGO_CMYK_COLOR.png","contentUrl":"https:\/\/www.fiorentini-polska.com\/wp-content\/uploads\/2021\/07\/LOGO_CMYK_COLOR.png","width":3077,"height":1259,"caption":"Pietro Fiorentini Polska"},"image":{"@id":"https:\/\/www.fiorentini-polska.com\/en\/#\/schema\/logo\/image\/"},"sameAs":["https:\/\/x.com\/FiorentiniSpa"]}]}},"_links":{"self":[{"href":"https:\/\/fiorentini-polska.com\/en\/wp-json\/wp\/v2\/pages\/29132","targetHints":{"allow":["GET"]}}],"collection":[{"href":"https:\/\/fiorentini-polska.com\/en\/wp-json\/wp\/v2\/pages"}],"about":[{"href":"https:\/\/fiorentini-polska.com\/en\/wp-json\/wp\/v2\/types\/page"}],"author":[{"embeddable":true,"href":"https:\/\/fiorentini-polska.com\/en\/wp-json\/wp\/v2\/users\/15"}],"replies":[{"embeddable":true,"href":"https:\/\/fiorentini-polska.com\/en\/wp-json\/wp\/v2\/comments?post=29132"}],"version-history":[{"count":3,"href":"https:\/\/fiorentini-polska.com\/en\/wp-json\/wp\/v2\/pages\/29132\/revisions"}],"predecessor-version":[{"id":29158,"href":"https:\/\/fiorentini-polska.com\/en\/wp-json\/wp\/v2\/pages\/29132\/revisions\/29158"}],"up":[{"embeddable":true,"href":"https:\/\/fiorentini-polska.com\/en\/wp-json\/wp\/v2\/pages\/27340"}],"wp:featuredmedia":[{"embeddable":true,"href":"https:\/\/fiorentini-polska.com\/en\/wp-json\/wp\/v2\/media\/29133"}],"wp:attachment":[{"href":"https:\/\/fiorentini-polska.com\/en\/wp-json\/wp\/v2\/media?parent=29132"}],"curies":[{"name":"wp","href":"https:\/\/api.w.org\/{rel}","templated":true}]}}