{"id":28199,"date":"2024-04-01T01:36:45","date_gmt":"2024-03-31T23:36:45","guid":{"rendered":"https:\/\/fiorentini-polska.com\/?page_id=28199"},"modified":"2024-04-01T01:41:22","modified_gmt":"2024-03-31T23:41:22","slug":"straubing","status":"publish","type":"page","link":"https:\/\/fiorentini-polska.com\/en\/expertise\/hydrogen\/straubing\/","title":{"rendered":"STRAUBING"},"content":{"rendered":"\n<p class=\"has-text-color has-link-color wp-elements-e25be7d7c26c1805d4113bfb9e6733ed\" style=\"color:#199782;font-size:24px\"><strong>RENEWABLE ENERGY QUEENS CONQUER GERMANY: WORK STARTS ON STRAUBING PILOT PLANT<\/strong><br>\u00a0 <\/p>\n\n\n\n<figure class=\"wp-block-image size-full is-resized\"><img decoding=\"async\" src=\"https:\/\/www.fiorentini-iberia.com\/wp-content\/uploads\/2024\/03\/MicroPyrosBioEnerTecHyterBiokompPietroFiorentini_BiomethanationPlantStraubing.png\" alt=\"\" class=\"wp-image-50430\" style=\"width:1031px;height:auto\"\/><\/figure>\n\n\n\n<div style=\"height:54px\" aria-hidden=\"true\" class=\"wp-block-spacer\"><\/div>\n\n\n\n<p>On the 28th of July, 2022, at the\u00a0<strong>Straubing wastewater treatment plant in Germany<\/strong>, the work to install a specific solution by\u00a0<a href=\"https:\/\/fiorentini-polska.com\/en\/pietro-fiorentini-group\/pf-group-companies-and-brands\/#micropyros\"><strong>MicroPyros BioEnerTec<\/strong><\/a>,\u00a0<a href=\"https:\/\/fiorentini-polska.com\/en\/pietro-fiorentini-group\/pf-group-companies-and-brands\/#hyter\"><strong>Hyter<\/strong><\/a>,\u00a0<strong><a href=\"https:\/\/fiorentini-polska.com\/en\/pietro-fiorentini-group\/pf-group-companies-and-brands\/#biokomp\">Biokomp<\/a><\/strong>\u00a0and\u00a0<strong>Pietro Fiorentini<\/strong>\u00a0to research and experiment with biomethanation processes from various sources, in particular biogas and synthesis gas, was started.<\/p>\n\n\n\n<p>All the companies involved in the design, construction and installation of the project are part of the\u00a0<strong><a href=\"https:\/\/fiorentini-polska.com\/en\/pietro-fiorentini-group\/pf-group-companies-and-brands\">Pietro Fiorentini Group<\/a><\/strong>, the main promoter of\u00a0<strong>a unique research and experimentation system for biomethanation<\/strong>\u00a0throughout Europe, thanks to which it will be possible to create gas mixtures on site and rely on the direct feeding of biogas from the wastewater treatment plant\u2019s digesters.<\/p>\n\n\n\n<p>Each company is bringing its own contribution. The&nbsp;<strong>electrolytic stack with Anion Exchange Membrane Water Electrolyser (AEMWE) technology<\/strong>&nbsp;for power-to-gas will be supplied by&nbsp;<strong>Hyter<\/strong>.<\/p>\n\n\n\n<p>&nbsp;<\/p>\n\n\n\n<p class=\"has-text-color has-link-color has-large-font-size wp-elements-ae12d64796b040abb65189b03dab61d1\" style=\"color:#199782\"><strong>&gt; <\/strong><a href=\"https:\/\/hyter.it\/en\/straubing\/?bk=1\" target=\"_blank\" rel=\"noreferrer noopener\"><strong>More project info.<\/strong><\/a><\/p>\n\n\n\n<div style=\"height:20px\" aria-hidden=\"true\" class=\"wp-block-spacer\"><\/div>\n\n\n\n<p class=\"has-text-color has-link-color has-large-font-size wp-elements-5950879d7539dc0514193eee2d13f3ca\" style=\"color:#199782\"><strong>><\/strong>  <strong><a href=\"https:\/\/www.fiorentini-polska.com\/en\/news\/hyter-green-hydrogen-generation-through-electrolysis\/\">Visit the HYTER presentation new.<\/a><\/strong><\/p>\n","protected":false},"excerpt":{"rendered":"<p>Renewable energy queens conquer germany: work starts on straubing pilot plant.<br \/>\n\u00a0<br \/>\nOn the 28th of July, 2022, at the\u00a0Straubing wastewater treatment plant in Germany, the work to install a specific solution by\u00a0MicroPyros BioEnerTec,\u00a0Hyter,\u00a0Biokomp\u00a0and\u00a0Pietro Fiorentini\u00a0to research and experiment with biomethanation processes from various sources, in particular biogas and synthesis gas, was started.<\/p>\n","protected":false},"author":15,"featured_media":0,"parent":27426,"menu_order":0,"comment_status":"closed","ping_status":"closed","template":"template-expertise-post.php","meta":{"_acf_changed":false,"inline_featured_image":false,"footnotes":""},"class_list":["post-28199","page","type-page","status-publish","hentry"],"acf":[],"yoast_head":"<!-- This site is optimized with the Yoast SEO plugin v27.2 - https:\/\/yoast.com\/product\/yoast-seo-wordpress\/ -->\n<title>STRAUBING - Pietro Fiorentini<\/title>\n<meta name=\"description\" content=\"Renewable energy queens conquer germany: work starts on straubing pilot plant.\" \/>\n<meta name=\"robots\" content=\"index, follow, max-snippet:-1, max-image-preview:large, max-video-preview:-1\" \/>\n<link rel=\"canonical\" href=\"https:\/\/fiorentini-polska.com\/en\/expertise\/hydrogen\/straubing\/\" \/>\n<meta property=\"og:locale\" content=\"en_US\" \/>\n<meta property=\"og:type\" content=\"article\" \/>\n<meta property=\"og:title\" content=\"STRAUBING - Pietro Fiorentini\" \/>\n<meta property=\"og:description\" content=\"Renewable energy queens conquer germany: work starts on straubing pilot plant.\" \/>\n<meta property=\"og:url\" content=\"https:\/\/fiorentini-polska.com\/en\/expertise\/hydrogen\/straubing\/\" \/>\n<meta property=\"og:site_name\" content=\"Pietro Fiorentini\" \/>\n<meta property=\"article:modified_time\" content=\"2024-03-31T23:41:22+00:00\" \/>\n<meta property=\"og:image\" content=\"https:\/\/www.fiorentini-iberia.com\/wp-content\/uploads\/2024\/03\/MicroPyrosBioEnerTecHyterBiokompPietroFiorentini_BiomethanationPlantStraubing.png\" \/>\n<meta name=\"twitter:card\" content=\"summary_large_image\" \/>\n<meta name=\"twitter:site\" content=\"@FiorentiniSpa\" \/>\n<meta name=\"twitter:label1\" content=\"Est. reading time\" \/>\n\t<meta name=\"twitter:data1\" content=\"1 minute\" \/>\n<script type=\"application\/ld+json\" class=\"yoast-schema-graph\">{\"@context\":\"https:\/\/schema.org\",\"@graph\":[{\"@type\":\"WebPage\",\"@id\":\"https:\/\/fiorentini-polska.com\/en\/expertise\/hydrogen\/straubing\/\",\"url\":\"https:\/\/fiorentini-polska.com\/en\/expertise\/hydrogen\/straubing\/\",\"name\":\"STRAUBING - Pietro Fiorentini\",\"isPartOf\":{\"@id\":\"https:\/\/fiorentini-polska.com\/en\/#website\"},\"primaryImageOfPage\":{\"@id\":\"https:\/\/fiorentini-polska.com\/en\/expertise\/hydrogen\/straubing\/#primaryimage\"},\"image\":{\"@id\":\"https:\/\/fiorentini-polska.com\/en\/expertise\/hydrogen\/straubing\/#primaryimage\"},\"thumbnailUrl\":\"https:\/\/www.fiorentini-iberia.com\/wp-content\/uploads\/2024\/03\/MicroPyrosBioEnerTecHyterBiokompPietroFiorentini_BiomethanationPlantStraubing.png\",\"datePublished\":\"2024-03-31T23:36:45+00:00\",\"dateModified\":\"2024-03-31T23:41:22+00:00\",\"description\":\"Renewable energy queens conquer germany: work starts on straubing pilot plant.\",\"breadcrumb\":{\"@id\":\"https:\/\/fiorentini-polska.com\/en\/expertise\/hydrogen\/straubing\/#breadcrumb\"},\"inLanguage\":\"en-US\",\"potentialAction\":[{\"@type\":\"ReadAction\",\"target\":[\"https:\/\/fiorentini-polska.com\/en\/expertise\/hydrogen\/straubing\/\"]}]},{\"@type\":\"ImageObject\",\"inLanguage\":\"en-US\",\"@id\":\"https:\/\/fiorentini-polska.com\/en\/expertise\/hydrogen\/straubing\/#primaryimage\",\"url\":\"https:\/\/www.fiorentini-iberia.com\/wp-content\/uploads\/2024\/03\/MicroPyrosBioEnerTecHyterBiokompPietroFiorentini_BiomethanationPlantStraubing.png\",\"contentUrl\":\"https:\/\/www.fiorentini-iberia.com\/wp-content\/uploads\/2024\/03\/MicroPyrosBioEnerTecHyterBiokompPietroFiorentini_BiomethanationPlantStraubing.png\"},{\"@type\":\"BreadcrumbList\",\"@id\":\"https:\/\/fiorentini-polska.com\/en\/expertise\/hydrogen\/straubing\/#breadcrumb\",\"itemListElement\":[{\"@type\":\"ListItem\",\"position\":1,\"name\":\"Home\",\"item\":\"https:\/\/fiorentini-polska.com\/en\/\"},{\"@type\":\"ListItem\",\"position\":2,\"name\":\"Expertise\",\"item\":\"https:\/\/fiorentini-polska.com\/en\/expertise\/\"},{\"@type\":\"ListItem\",\"position\":3,\"name\":\"Hydrogen\",\"item\":\"https:\/\/fiorentini-polska.com\/en\/expertise\/hydrogen\/\"},{\"@type\":\"ListItem\",\"position\":4,\"name\":\"STRAUBING\"}]},{\"@type\":\"WebSite\",\"@id\":\"https:\/\/fiorentini-polska.com\/en\/#website\",\"url\":\"https:\/\/fiorentini-polska.com\/en\/\",\"name\":\"Pietro Fiorentini Polska\",\"description\":\"Pietro Fiorentini projektuje i produkuje komponenty, systemy i us\u0142ugi do regulacji, pomiar\u00f3w i zarz\u0105dzania rop\u0105 naftow\u0105 i gazem.\",\"publisher\":{\"@id\":\"https:\/\/fiorentini-polska.com\/en\/#organization\"},\"potentialAction\":[{\"@type\":\"SearchAction\",\"target\":{\"@type\":\"EntryPoint\",\"urlTemplate\":\"https:\/\/fiorentini-polska.com\/en\/?s={search_term_string}\"},\"query-input\":{\"@type\":\"PropertyValueSpecification\",\"valueRequired\":true,\"valueName\":\"search_term_string\"}}],\"inLanguage\":\"en-US\"},{\"@type\":\"Organization\",\"@id\":\"https:\/\/fiorentini-polska.com\/en\/#organization\",\"name\":\"Pietro Fiorentini Polska\",\"url\":\"https:\/\/fiorentini-polska.com\/en\/\",\"logo\":{\"@type\":\"ImageObject\",\"inLanguage\":\"en-US\",\"@id\":\"https:\/\/fiorentini-polska.com\/en\/#\/schema\/logo\/image\/\",\"url\":\"https:\/\/www.fiorentini-polska.com\/wp-content\/uploads\/2021\/07\/LOGO_CMYK_COLOR.png\",\"contentUrl\":\"https:\/\/www.fiorentini-polska.com\/wp-content\/uploads\/2021\/07\/LOGO_CMYK_COLOR.png\",\"width\":3077,\"height\":1259,\"caption\":\"Pietro Fiorentini Polska\"},\"image\":{\"@id\":\"https:\/\/fiorentini-polska.com\/en\/#\/schema\/logo\/image\/\"},\"sameAs\":[\"https:\/\/x.com\/FiorentiniSpa\"]}]}<\/script>\n<!-- \/ Yoast SEO plugin. -->","yoast_head_json":{"title":"STRAUBING - Pietro Fiorentini","description":"Renewable energy queens conquer germany: work starts on straubing pilot plant.","robots":{"index":"index","follow":"follow","max-snippet":"max-snippet:-1","max-image-preview":"max-image-preview:large","max-video-preview":"max-video-preview:-1"},"canonical":"https:\/\/fiorentini-polska.com\/en\/expertise\/hydrogen\/straubing\/","og_locale":"en_US","og_type":"article","og_title":"STRAUBING - Pietro Fiorentini","og_description":"Renewable energy queens conquer germany: work starts on straubing pilot plant.","og_url":"https:\/\/fiorentini-polska.com\/en\/expertise\/hydrogen\/straubing\/","og_site_name":"Pietro Fiorentini","article_modified_time":"2024-03-31T23:41:22+00:00","og_image":[{"url":"https:\/\/www.fiorentini-iberia.com\/wp-content\/uploads\/2024\/03\/MicroPyrosBioEnerTecHyterBiokompPietroFiorentini_BiomethanationPlantStraubing.png","type":"","width":"","height":""}],"twitter_card":"summary_large_image","twitter_site":"@FiorentiniSpa","twitter_misc":{"Est. reading time":"1 minute"},"schema":{"@context":"https:\/\/schema.org","@graph":[{"@type":"WebPage","@id":"https:\/\/fiorentini-polska.com\/en\/expertise\/hydrogen\/straubing\/","url":"https:\/\/fiorentini-polska.com\/en\/expertise\/hydrogen\/straubing\/","name":"STRAUBING - Pietro Fiorentini","isPartOf":{"@id":"https:\/\/fiorentini-polska.com\/en\/#website"},"primaryImageOfPage":{"@id":"https:\/\/fiorentini-polska.com\/en\/expertise\/hydrogen\/straubing\/#primaryimage"},"image":{"@id":"https:\/\/fiorentini-polska.com\/en\/expertise\/hydrogen\/straubing\/#primaryimage"},"thumbnailUrl":"https:\/\/www.fiorentini-iberia.com\/wp-content\/uploads\/2024\/03\/MicroPyrosBioEnerTecHyterBiokompPietroFiorentini_BiomethanationPlantStraubing.png","datePublished":"2024-03-31T23:36:45+00:00","dateModified":"2024-03-31T23:41:22+00:00","description":"Renewable energy queens conquer germany: work starts on straubing pilot plant.","breadcrumb":{"@id":"https:\/\/fiorentini-polska.com\/en\/expertise\/hydrogen\/straubing\/#breadcrumb"},"inLanguage":"en-US","potentialAction":[{"@type":"ReadAction","target":["https:\/\/fiorentini-polska.com\/en\/expertise\/hydrogen\/straubing\/"]}]},{"@type":"ImageObject","inLanguage":"en-US","@id":"https:\/\/fiorentini-polska.com\/en\/expertise\/hydrogen\/straubing\/#primaryimage","url":"https:\/\/www.fiorentini-iberia.com\/wp-content\/uploads\/2024\/03\/MicroPyrosBioEnerTecHyterBiokompPietroFiorentini_BiomethanationPlantStraubing.png","contentUrl":"https:\/\/www.fiorentini-iberia.com\/wp-content\/uploads\/2024\/03\/MicroPyrosBioEnerTecHyterBiokompPietroFiorentini_BiomethanationPlantStraubing.png"},{"@type":"BreadcrumbList","@id":"https:\/\/fiorentini-polska.com\/en\/expertise\/hydrogen\/straubing\/#breadcrumb","itemListElement":[{"@type":"ListItem","position":1,"name":"Home","item":"https:\/\/fiorentini-polska.com\/en\/"},{"@type":"ListItem","position":2,"name":"Expertise","item":"https:\/\/fiorentini-polska.com\/en\/expertise\/"},{"@type":"ListItem","position":3,"name":"Hydrogen","item":"https:\/\/fiorentini-polska.com\/en\/expertise\/hydrogen\/"},{"@type":"ListItem","position":4,"name":"STRAUBING"}]},{"@type":"WebSite","@id":"https:\/\/fiorentini-polska.com\/en\/#website","url":"https:\/\/fiorentini-polska.com\/en\/","name":"Pietro Fiorentini Polska","description":"Pietro Fiorentini projektuje i produkuje komponenty, systemy i us\u0142ugi do regulacji, pomiar\u00f3w i zarz\u0105dzania rop\u0105 naftow\u0105 i gazem.","publisher":{"@id":"https:\/\/fiorentini-polska.com\/en\/#organization"},"potentialAction":[{"@type":"SearchAction","target":{"@type":"EntryPoint","urlTemplate":"https:\/\/fiorentini-polska.com\/en\/?s={search_term_string}"},"query-input":{"@type":"PropertyValueSpecification","valueRequired":true,"valueName":"search_term_string"}}],"inLanguage":"en-US"},{"@type":"Organization","@id":"https:\/\/fiorentini-polska.com\/en\/#organization","name":"Pietro Fiorentini Polska","url":"https:\/\/fiorentini-polska.com\/en\/","logo":{"@type":"ImageObject","inLanguage":"en-US","@id":"https:\/\/fiorentini-polska.com\/en\/#\/schema\/logo\/image\/","url":"https:\/\/www.fiorentini-polska.com\/wp-content\/uploads\/2021\/07\/LOGO_CMYK_COLOR.png","contentUrl":"https:\/\/www.fiorentini-polska.com\/wp-content\/uploads\/2021\/07\/LOGO_CMYK_COLOR.png","width":3077,"height":1259,"caption":"Pietro Fiorentini Polska"},"image":{"@id":"https:\/\/fiorentini-polska.com\/en\/#\/schema\/logo\/image\/"},"sameAs":["https:\/\/x.com\/FiorentiniSpa"]}]}},"_links":{"self":[{"href":"https:\/\/fiorentini-polska.com\/en\/wp-json\/wp\/v2\/pages\/28199","targetHints":{"allow":["GET"]}}],"collection":[{"href":"https:\/\/fiorentini-polska.com\/en\/wp-json\/wp\/v2\/pages"}],"about":[{"href":"https:\/\/fiorentini-polska.com\/en\/wp-json\/wp\/v2\/types\/page"}],"author":[{"embeddable":true,"href":"https:\/\/fiorentini-polska.com\/en\/wp-json\/wp\/v2\/users\/15"}],"replies":[{"embeddable":true,"href":"https:\/\/fiorentini-polska.com\/en\/wp-json\/wp\/v2\/comments?post=28199"}],"version-history":[{"count":2,"href":"https:\/\/fiorentini-polska.com\/en\/wp-json\/wp\/v2\/pages\/28199\/revisions"}],"predecessor-version":[{"id":28202,"href":"https:\/\/fiorentini-polska.com\/en\/wp-json\/wp\/v2\/pages\/28199\/revisions\/28202"}],"up":[{"embeddable":true,"href":"https:\/\/fiorentini-polska.com\/en\/wp-json\/wp\/v2\/pages\/27426"}],"wp:attachment":[{"href":"https:\/\/fiorentini-polska.com\/en\/wp-json\/wp\/v2\/media?parent=28199"}],"curies":[{"name":"wp","href":"https:\/\/api.w.org\/{rel}","templated":true}]}}