{"id":28192,"date":"2024-04-01T01:27:09","date_gmt":"2024-03-31T23:27:09","guid":{"rendered":"https:\/\/fiorentini-polska.com\/?page_id=28192"},"modified":"2024-04-01T01:27:37","modified_gmt":"2024-03-31T23:27:37","slug":"sirius","status":"publish","type":"page","link":"https:\/\/fiorentini-polska.com\/en\/expertise\/hydrogen\/sirius\/","title":{"rendered":"SIRIUS"},"content":{"rendered":"\n<p class=\"has-text-color has-link-color wp-elements-0af61ee1c7bc277c079615be38888440\" style=\"color:#199782;font-size:24px\"><strong>THE SIRIUS PROJECT LED BY HYTER IS AMONG THE WINNERS OF THE MITE CALL FOR PROPOSALS ON HYDROGEN RESEARCH<\/strong><br>\u00a0 <\/p>\n\n\n\n<figure class=\"wp-block-image size-full is-resized\"><img decoding=\"async\" src=\"https:\/\/www.fiorentini-iberia.com\/wp-content\/uploads\/2024\/03\/Sirius_1.png\" alt=\"\" class=\"wp-image-50423\" style=\"width:1031px;height:auto\"\/><\/figure>\n\n\n\n<div style=\"height:54px\" aria-hidden=\"true\" class=\"wp-block-spacer\"><\/div>\n\n\n\n<p>Hyter was recently awarded one of MiTE\u2019s calls for tenders with the Sirius project, which involves the construction within three years of the world\u2019s&nbsp;<strong>first electrolyser with a size greater than one megawatt based on AEMWE technology<\/strong>, Anion Exchange Membrane Water Electrolyser.<\/p>\n\n\n\n<p>The Department of Chemical Sciences of the University of Padua and MatRes will carry out the research activities aimed at&nbsp;<strong>improving the performance of specific components<\/strong>&nbsp;(the catalyst cells), exploiting new nanostructured materials that are also conducive to a lower environmental impact compared to those currently in use. The project will be completed by INRETE Distribuzione Energia with the construction of the&nbsp;<strong>experimental industrial site for hydrogen utilisation<\/strong>.<\/p>\n\n\n\n<p><strong>INRETE Distribuzione Energia S.p.A.<\/strong>&nbsp;manages the activity of natural gas and electricity distribution mainly in the Emilia Romagna region with the distribution of gas in 143 municipalities, plus 3 in Tuscany, and of electricity in 24 municipalities.<br>&nbsp;<br><strong>MBN Nanomaterialia<\/strong>&nbsp;operates on the promotion of innovative high-tech materials and on production of customer-specific product solutions.<\/p>\n\n\n\n<p>&nbsp;<\/p>\n\n\n\n<p class=\"has-text-color has-link-color has-large-font-size wp-elements-d4179b60904a60edc597ccc0d6879acd\" style=\"color:#199782\"><strong>&gt; <\/strong><a href=\"https:\/\/hyter.it\/en\/sirius\/?bk=1\" target=\"_blank\" rel=\"noreferrer noopener\"><strong>More project info.<\/strong><\/a><\/p>\n\n\n\n<div style=\"height:20px\" aria-hidden=\"true\" class=\"wp-block-spacer\"><\/div>\n\n\n\n<p class=\"has-text-color has-link-color has-large-font-size wp-elements-5950879d7539dc0514193eee2d13f3ca\" style=\"color:#199782\"><strong>><\/strong>  <strong><a href=\"https:\/\/www.fiorentini-polska.com\/en\/news\/hyter-green-hydrogen-generation-through-electrolysis\/\">Visit the HYTER presentation new.<\/a><\/strong><\/p>\n","protected":false},"excerpt":{"rendered":"<p>The sirius project led by hyter is among the winners of the mite call for proposals on hydrogen research.<br \/>\n\u00a0<br \/>\nHyter was recently awarded one of MiTE\u2019s calls for tenders with the Sirius project, which involves the construction within three years of the world\u2019s\u00a0first electrolyser with a size greater than one megawatt based on AEMWE technology, Anion Exchange Membrane Water Electrolyser.<\/p>\n","protected":false},"author":15,"featured_media":0,"parent":27426,"menu_order":0,"comment_status":"closed","ping_status":"closed","template":"template-expertise-post.php","meta":{"_acf_changed":false,"inline_featured_image":false,"footnotes":""},"class_list":["post-28192","page","type-page","status-publish","hentry"],"acf":[],"yoast_head":"<!-- This site is optimized with the Yoast SEO plugin v27.2 - https:\/\/yoast.com\/product\/yoast-seo-wordpress\/ -->\n<title>SIRIUS - Pietro Fiorentini<\/title>\n<meta name=\"description\" content=\"The sirius project led by hyter is among the winners of the mite call for proposals on hydrogen research.\" \/>\n<meta name=\"robots\" content=\"index, follow, max-snippet:-1, max-image-preview:large, max-video-preview:-1\" \/>\n<link rel=\"canonical\" href=\"https:\/\/fiorentini-polska.com\/en\/expertise\/hydrogen\/sirius\/\" \/>\n<meta property=\"og:locale\" content=\"en_US\" \/>\n<meta property=\"og:type\" content=\"article\" \/>\n<meta property=\"og:title\" content=\"SIRIUS - Pietro Fiorentini\" \/>\n<meta property=\"og:description\" content=\"The sirius project led by hyter is among the winners of the mite call for proposals on hydrogen research.\" \/>\n<meta property=\"og:url\" content=\"https:\/\/fiorentini-polska.com\/en\/expertise\/hydrogen\/sirius\/\" \/>\n<meta property=\"og:site_name\" content=\"Pietro Fiorentini\" \/>\n<meta property=\"article:modified_time\" content=\"2024-03-31T23:27:37+00:00\" \/>\n<meta property=\"og:image\" content=\"https:\/\/www.fiorentini-iberia.com\/wp-content\/uploads\/2024\/03\/Sirius_1.png\" \/>\n<meta name=\"twitter:card\" content=\"summary_large_image\" \/>\n<meta name=\"twitter:site\" content=\"@FiorentiniSpa\" \/>\n<meta name=\"twitter:label1\" content=\"Est. reading time\" \/>\n\t<meta name=\"twitter:data1\" content=\"2 minutes\" \/>\n<script type=\"application\/ld+json\" class=\"yoast-schema-graph\">{\"@context\":\"https:\/\/schema.org\",\"@graph\":[{\"@type\":\"WebPage\",\"@id\":\"https:\/\/fiorentini-polska.com\/en\/expertise\/hydrogen\/sirius\/\",\"url\":\"https:\/\/fiorentini-polska.com\/en\/expertise\/hydrogen\/sirius\/\",\"name\":\"SIRIUS - Pietro Fiorentini\",\"isPartOf\":{\"@id\":\"https:\/\/www.fiorentini-polska.com\/en\/#website\"},\"primaryImageOfPage\":{\"@id\":\"https:\/\/fiorentini-polska.com\/en\/expertise\/hydrogen\/sirius\/#primaryimage\"},\"image\":{\"@id\":\"https:\/\/fiorentini-polska.com\/en\/expertise\/hydrogen\/sirius\/#primaryimage\"},\"thumbnailUrl\":\"https:\/\/www.fiorentini-iberia.com\/wp-content\/uploads\/2024\/03\/Sirius_1.png\",\"datePublished\":\"2024-03-31T23:27:09+00:00\",\"dateModified\":\"2024-03-31T23:27:37+00:00\",\"description\":\"The sirius project led by hyter is among the winners of the mite call for proposals on hydrogen research.\",\"breadcrumb\":{\"@id\":\"https:\/\/fiorentini-polska.com\/en\/expertise\/hydrogen\/sirius\/#breadcrumb\"},\"inLanguage\":\"en-US\",\"potentialAction\":[{\"@type\":\"ReadAction\",\"target\":[\"https:\/\/fiorentini-polska.com\/en\/expertise\/hydrogen\/sirius\/\"]}]},{\"@type\":\"ImageObject\",\"inLanguage\":\"en-US\",\"@id\":\"https:\/\/fiorentini-polska.com\/en\/expertise\/hydrogen\/sirius\/#primaryimage\",\"url\":\"https:\/\/www.fiorentini-iberia.com\/wp-content\/uploads\/2024\/03\/Sirius_1.png\",\"contentUrl\":\"https:\/\/www.fiorentini-iberia.com\/wp-content\/uploads\/2024\/03\/Sirius_1.png\"},{\"@type\":\"BreadcrumbList\",\"@id\":\"https:\/\/fiorentini-polska.com\/en\/expertise\/hydrogen\/sirius\/#breadcrumb\",\"itemListElement\":[{\"@type\":\"ListItem\",\"position\":1,\"name\":\"Home\",\"item\":\"https:\/\/www.fiorentini-polska.com\/en\/\"},{\"@type\":\"ListItem\",\"position\":2,\"name\":\"Expertise\",\"item\":\"https:\/\/fiorentini-polska.com\/en\/expertise\/\"},{\"@type\":\"ListItem\",\"position\":3,\"name\":\"Hydrogen\",\"item\":\"https:\/\/fiorentini-polska.com\/en\/expertise\/hydrogen\/\"},{\"@type\":\"ListItem\",\"position\":4,\"name\":\"SIRIUS\"}]},{\"@type\":\"WebSite\",\"@id\":\"https:\/\/www.fiorentini-polska.com\/en\/#website\",\"url\":\"https:\/\/www.fiorentini-polska.com\/en\/\",\"name\":\"Pietro Fiorentini Polska\",\"description\":\"Pietro Fiorentini projektuje i produkuje komponenty, systemy i us\u0142ugi do regulacji, pomiar\u00f3w i zarz\u0105dzania rop\u0105 naftow\u0105 i gazem.\",\"publisher\":{\"@id\":\"https:\/\/www.fiorentini-polska.com\/en\/#organization\"},\"potentialAction\":[{\"@type\":\"SearchAction\",\"target\":{\"@type\":\"EntryPoint\",\"urlTemplate\":\"https:\/\/www.fiorentini-polska.com\/en\/?s={search_term_string}\"},\"query-input\":{\"@type\":\"PropertyValueSpecification\",\"valueRequired\":true,\"valueName\":\"search_term_string\"}}],\"inLanguage\":\"en-US\"},{\"@type\":\"Organization\",\"@id\":\"https:\/\/www.fiorentini-polska.com\/en\/#organization\",\"name\":\"Pietro Fiorentini Polska\",\"url\":\"https:\/\/www.fiorentini-polska.com\/en\/\",\"logo\":{\"@type\":\"ImageObject\",\"inLanguage\":\"en-US\",\"@id\":\"https:\/\/www.fiorentini-polska.com\/en\/#\/schema\/logo\/image\/\",\"url\":\"https:\/\/www.fiorentini-polska.com\/wp-content\/uploads\/2021\/07\/LOGO_CMYK_COLOR.png\",\"contentUrl\":\"https:\/\/www.fiorentini-polska.com\/wp-content\/uploads\/2021\/07\/LOGO_CMYK_COLOR.png\",\"width\":3077,\"height\":1259,\"caption\":\"Pietro Fiorentini Polska\"},\"image\":{\"@id\":\"https:\/\/www.fiorentini-polska.com\/en\/#\/schema\/logo\/image\/\"},\"sameAs\":[\"https:\/\/x.com\/FiorentiniSpa\"]}]}<\/script>\n<!-- \/ Yoast SEO plugin. -->","yoast_head_json":{"title":"SIRIUS - Pietro Fiorentini","description":"The sirius project led by hyter is among the winners of the mite call for proposals on hydrogen research.","robots":{"index":"index","follow":"follow","max-snippet":"max-snippet:-1","max-image-preview":"max-image-preview:large","max-video-preview":"max-video-preview:-1"},"canonical":"https:\/\/fiorentini-polska.com\/en\/expertise\/hydrogen\/sirius\/","og_locale":"en_US","og_type":"article","og_title":"SIRIUS - Pietro Fiorentini","og_description":"The sirius project led by hyter is among the winners of the mite call for proposals on hydrogen research.","og_url":"https:\/\/fiorentini-polska.com\/en\/expertise\/hydrogen\/sirius\/","og_site_name":"Pietro Fiorentini","article_modified_time":"2024-03-31T23:27:37+00:00","og_image":[{"url":"https:\/\/www.fiorentini-iberia.com\/wp-content\/uploads\/2024\/03\/Sirius_1.png","type":"","width":"","height":""}],"twitter_card":"summary_large_image","twitter_site":"@FiorentiniSpa","twitter_misc":{"Est. reading time":"2 minutes"},"schema":{"@context":"https:\/\/schema.org","@graph":[{"@type":"WebPage","@id":"https:\/\/fiorentini-polska.com\/en\/expertise\/hydrogen\/sirius\/","url":"https:\/\/fiorentini-polska.com\/en\/expertise\/hydrogen\/sirius\/","name":"SIRIUS - Pietro Fiorentini","isPartOf":{"@id":"https:\/\/www.fiorentini-polska.com\/en\/#website"},"primaryImageOfPage":{"@id":"https:\/\/fiorentini-polska.com\/en\/expertise\/hydrogen\/sirius\/#primaryimage"},"image":{"@id":"https:\/\/fiorentini-polska.com\/en\/expertise\/hydrogen\/sirius\/#primaryimage"},"thumbnailUrl":"https:\/\/www.fiorentini-iberia.com\/wp-content\/uploads\/2024\/03\/Sirius_1.png","datePublished":"2024-03-31T23:27:09+00:00","dateModified":"2024-03-31T23:27:37+00:00","description":"The sirius project led by hyter is among the winners of the mite call for proposals on hydrogen research.","breadcrumb":{"@id":"https:\/\/fiorentini-polska.com\/en\/expertise\/hydrogen\/sirius\/#breadcrumb"},"inLanguage":"en-US","potentialAction":[{"@type":"ReadAction","target":["https:\/\/fiorentini-polska.com\/en\/expertise\/hydrogen\/sirius\/"]}]},{"@type":"ImageObject","inLanguage":"en-US","@id":"https:\/\/fiorentini-polska.com\/en\/expertise\/hydrogen\/sirius\/#primaryimage","url":"https:\/\/www.fiorentini-iberia.com\/wp-content\/uploads\/2024\/03\/Sirius_1.png","contentUrl":"https:\/\/www.fiorentini-iberia.com\/wp-content\/uploads\/2024\/03\/Sirius_1.png"},{"@type":"BreadcrumbList","@id":"https:\/\/fiorentini-polska.com\/en\/expertise\/hydrogen\/sirius\/#breadcrumb","itemListElement":[{"@type":"ListItem","position":1,"name":"Home","item":"https:\/\/www.fiorentini-polska.com\/en\/"},{"@type":"ListItem","position":2,"name":"Expertise","item":"https:\/\/fiorentini-polska.com\/en\/expertise\/"},{"@type":"ListItem","position":3,"name":"Hydrogen","item":"https:\/\/fiorentini-polska.com\/en\/expertise\/hydrogen\/"},{"@type":"ListItem","position":4,"name":"SIRIUS"}]},{"@type":"WebSite","@id":"https:\/\/www.fiorentini-polska.com\/en\/#website","url":"https:\/\/www.fiorentini-polska.com\/en\/","name":"Pietro Fiorentini Polska","description":"Pietro Fiorentini projektuje i produkuje komponenty, systemy i us\u0142ugi do regulacji, pomiar\u00f3w i zarz\u0105dzania rop\u0105 naftow\u0105 i gazem.","publisher":{"@id":"https:\/\/www.fiorentini-polska.com\/en\/#organization"},"potentialAction":[{"@type":"SearchAction","target":{"@type":"EntryPoint","urlTemplate":"https:\/\/www.fiorentini-polska.com\/en\/?s={search_term_string}"},"query-input":{"@type":"PropertyValueSpecification","valueRequired":true,"valueName":"search_term_string"}}],"inLanguage":"en-US"},{"@type":"Organization","@id":"https:\/\/www.fiorentini-polska.com\/en\/#organization","name":"Pietro Fiorentini Polska","url":"https:\/\/www.fiorentini-polska.com\/en\/","logo":{"@type":"ImageObject","inLanguage":"en-US","@id":"https:\/\/www.fiorentini-polska.com\/en\/#\/schema\/logo\/image\/","url":"https:\/\/www.fiorentini-polska.com\/wp-content\/uploads\/2021\/07\/LOGO_CMYK_COLOR.png","contentUrl":"https:\/\/www.fiorentini-polska.com\/wp-content\/uploads\/2021\/07\/LOGO_CMYK_COLOR.png","width":3077,"height":1259,"caption":"Pietro Fiorentini Polska"},"image":{"@id":"https:\/\/www.fiorentini-polska.com\/en\/#\/schema\/logo\/image\/"},"sameAs":["https:\/\/x.com\/FiorentiniSpa"]}]}},"_links":{"self":[{"href":"https:\/\/fiorentini-polska.com\/en\/wp-json\/wp\/v2\/pages\/28192","targetHints":{"allow":["GET"]}}],"collection":[{"href":"https:\/\/fiorentini-polska.com\/en\/wp-json\/wp\/v2\/pages"}],"about":[{"href":"https:\/\/fiorentini-polska.com\/en\/wp-json\/wp\/v2\/types\/page"}],"author":[{"embeddable":true,"href":"https:\/\/fiorentini-polska.com\/en\/wp-json\/wp\/v2\/users\/15"}],"replies":[{"embeddable":true,"href":"https:\/\/fiorentini-polska.com\/en\/wp-json\/wp\/v2\/comments?post=28192"}],"version-history":[{"count":2,"href":"https:\/\/fiorentini-polska.com\/en\/wp-json\/wp\/v2\/pages\/28192\/revisions"}],"predecessor-version":[{"id":28195,"href":"https:\/\/fiorentini-polska.com\/en\/wp-json\/wp\/v2\/pages\/28192\/revisions\/28195"}],"up":[{"embeddable":true,"href":"https:\/\/fiorentini-polska.com\/en\/wp-json\/wp\/v2\/pages\/27426"}],"wp:attachment":[{"href":"https:\/\/fiorentini-polska.com\/en\/wp-json\/wp\/v2\/media?parent=28192"}],"curies":[{"name":"wp","href":"https:\/\/api.w.org\/{rel}","templated":true}]}}