{"id":28186,"date":"2024-04-01T00:58:37","date_gmt":"2024-03-31T22:58:37","guid":{"rendered":"https:\/\/fiorentini-polska.com\/?page_id=28186"},"modified":"2024-04-01T00:59:35","modified_gmt":"2024-03-31T22:59:35","slug":"plt-energia","status":"publish","type":"page","link":"https:\/\/fiorentini-polska.com\/en\/expertise\/hydrogen\/plt-energia\/","title":{"rendered":"PLT ENERGIA"},"content":{"rendered":"\n<p class=\"has-text-color has-link-color wp-elements-41837e9d3e37f821020455394b7c4726\" style=\"color:#199782;font-size:24px\"><strong>A\u00a0GREEN HYDROGEN PLANT FOR PLT ENERGIA\u00a0THANKS TO THE HYTER ELECTROLYSER<\/strong><\/p>\n\n\n\n<figure class=\"wp-block-image size-large is-resized\"><img decoding=\"async\" src=\"https:\/\/www.fiorentini-iberia.com\/wp-content\/uploads\/2024\/03\/Hyter-Electrolyser-1024x384.jpg\" alt=\"\" class=\"wp-image-50080\" style=\"width:1031px;height:auto\"\/><\/figure>\n\n\n\n<div style=\"height:28px\" aria-hidden=\"true\" class=\"wp-block-spacer\"><\/div>\n\n\n\n<p>With the innovative electrolyzer supplied by Hyter, a company part of the\u00a0<a href=\"https:\/\/fiorentini-polska.com\/en\/pietro-fiorentini-group\/\"><strong>Pietro Fiorentini Group<\/strong><\/a>, PLT energia will be able to\u00a0<strong>use green hydrogen as an energy vector<\/strong>\u00a0to make its offices even more sustainable.<\/p>\n\n\n\n<p><a href=\"https:\/\/www.pltenergia.it\/EN\/\" target=\"_blank\" rel=\"noreferrer noopener\"><strong>PLT energia<\/strong><\/a>&nbsp;has been presiding over&nbsp;<strong>the entire value chain of renewables<\/strong>, from the design of wind and photovoltaic plants to the direct sale of energy,&nbsp;<strong>for 15 years<\/strong>. Now, it will experience this technology for the first time to zero out the CO2 emissions of its offices and gain&nbsp;<strong>strategic know-how for a large-scale development<\/strong>.<\/p>\n\n\n\n<p><strong>PLT energia Srl<\/strong>&nbsp;is a company that manages&nbsp;<strong>photovoltaic, wind, small wind and biomass plants<\/strong>&nbsp;in Italy and abroad.<\/p>\n\n\n\n<p>The project is centred around the acquisition of the new plant built by&nbsp;<strong>Hyter<\/strong>: a technological jewel for the generation of green hydrogen through the electrolysis of water, using&nbsp;<strong>the innovative AEMWE<\/strong>, Anion Exchange Membrane Water Electrolyser, technology.<\/p>\n\n\n\n<p>&nbsp;<\/p>\n\n\n\n<p class=\"has-text-color has-link-color has-large-font-size wp-elements-cec5f852f6a6a0c591575c21df241a55\" style=\"color:#199782\"><strong>&gt; <\/strong><a href=\"https:\/\/hyter.it\/en\/plt-energia\/?bk=1\" target=\"_blank\" rel=\"noreferrer noopener\"><strong>More project info.<\/strong><\/a><\/p>\n\n\n\n<div style=\"height:20px\" aria-hidden=\"true\" class=\"wp-block-spacer\"><\/div>\n\n\n\n<p class=\"has-text-color has-link-color has-large-font-size wp-elements-5950879d7539dc0514193eee2d13f3ca\" style=\"color:#199782\"><strong>><\/strong>  <strong><a href=\"https:\/\/www.fiorentini-polska.com\/en\/news\/hyter-green-hydrogen-generation-through-electrolysis\/\">Visit the HYTER presentation new.<\/a><\/strong><\/p>\n","protected":false},"excerpt":{"rendered":"<p>A\u00a0green hydrogen plant for PLT Energia\u00a0thanks to the Hyter electrolyser.<br \/>\n\u00a0<br \/>\nWith the innovative electrolyzer supplied by Hyter, a company part of the\u00a0Pietro Fiorentini Group, PLT energia will be able to\u00a0use green hydrogen as an energy vector\u00a0to make its offices even more sustainable.<\/p>\n","protected":false},"author":15,"featured_media":0,"parent":27426,"menu_order":0,"comment_status":"closed","ping_status":"closed","template":"template-expertise-post.php","meta":{"_acf_changed":false,"inline_featured_image":false,"footnotes":""},"class_list":["post-28186","page","type-page","status-publish","hentry"],"acf":[],"yoast_head":"<!-- This site is optimized with the Yoast SEO plugin v27.2 - https:\/\/yoast.com\/product\/yoast-seo-wordpress\/ -->\n<title>PLT ENERGIA - Pietro Fiorentini<\/title>\n<meta name=\"description\" content=\"With the innovative electrolyzer supplied by Hyter, a company part of the\u00a0Pietro Fiorentini Group, PLT energia will be able to\u00a0use green hydrogen as an energy vector\u00a0to make its offices even more sustainable.\" \/>\n<meta name=\"robots\" content=\"index, follow, max-snippet:-1, max-image-preview:large, max-video-preview:-1\" \/>\n<link rel=\"canonical\" href=\"https:\/\/fiorentini-polska.com\/en\/expertise\/hydrogen\/plt-energia\/\" \/>\n<meta property=\"og:locale\" content=\"en_US\" \/>\n<meta property=\"og:type\" content=\"article\" \/>\n<meta property=\"og:title\" content=\"PLT ENERGIA - Pietro Fiorentini\" \/>\n<meta property=\"og:description\" content=\"With the innovative electrolyzer supplied by Hyter, a company part of the\u00a0Pietro Fiorentini Group, PLT energia will be able to\u00a0use green hydrogen as an energy vector\u00a0to make its offices even more sustainable.\" \/>\n<meta property=\"og:url\" content=\"https:\/\/fiorentini-polska.com\/en\/expertise\/hydrogen\/plt-energia\/\" \/>\n<meta property=\"og:site_name\" content=\"Pietro Fiorentini\" \/>\n<meta property=\"article:modified_time\" content=\"2024-03-31T22:59:35+00:00\" \/>\n<meta property=\"og:image\" content=\"https:\/\/www.fiorentini-iberia.com\/wp-content\/uploads\/2024\/03\/Hyter-Electrolyser-1024x384.jpg\" \/>\n<meta name=\"twitter:card\" content=\"summary_large_image\" \/>\n<meta name=\"twitter:site\" content=\"@FiorentiniSpa\" \/>\n<meta name=\"twitter:label1\" content=\"Est. reading time\" \/>\n\t<meta name=\"twitter:data1\" content=\"1 minute\" \/>\n<script type=\"application\/ld+json\" class=\"yoast-schema-graph\">{\"@context\":\"https:\/\/schema.org\",\"@graph\":[{\"@type\":\"WebPage\",\"@id\":\"https:\/\/fiorentini-polska.com\/en\/expertise\/hydrogen\/plt-energia\/\",\"url\":\"https:\/\/fiorentini-polska.com\/en\/expertise\/hydrogen\/plt-energia\/\",\"name\":\"PLT ENERGIA - Pietro Fiorentini\",\"isPartOf\":{\"@id\":\"https:\/\/fiorentini-polska.com\/en\/#website\"},\"primaryImageOfPage\":{\"@id\":\"https:\/\/fiorentini-polska.com\/en\/expertise\/hydrogen\/plt-energia\/#primaryimage\"},\"image\":{\"@id\":\"https:\/\/fiorentini-polska.com\/en\/expertise\/hydrogen\/plt-energia\/#primaryimage\"},\"thumbnailUrl\":\"https:\/\/www.fiorentini-iberia.com\/wp-content\/uploads\/2024\/03\/Hyter-Electrolyser-1024x384.jpg\",\"datePublished\":\"2024-03-31T22:58:37+00:00\",\"dateModified\":\"2024-03-31T22:59:35+00:00\",\"description\":\"With the innovative electrolyzer supplied by Hyter, a company part of the\u00a0Pietro Fiorentini Group, PLT energia will be able to\u00a0use green hydrogen as an energy vector\u00a0to make its offices even more sustainable.\",\"breadcrumb\":{\"@id\":\"https:\/\/fiorentini-polska.com\/en\/expertise\/hydrogen\/plt-energia\/#breadcrumb\"},\"inLanguage\":\"en-US\",\"potentialAction\":[{\"@type\":\"ReadAction\",\"target\":[\"https:\/\/fiorentini-polska.com\/en\/expertise\/hydrogen\/plt-energia\/\"]}]},{\"@type\":\"ImageObject\",\"inLanguage\":\"en-US\",\"@id\":\"https:\/\/fiorentini-polska.com\/en\/expertise\/hydrogen\/plt-energia\/#primaryimage\",\"url\":\"https:\/\/www.fiorentini-iberia.com\/wp-content\/uploads\/2024\/03\/Hyter-Electrolyser-1024x384.jpg\",\"contentUrl\":\"https:\/\/www.fiorentini-iberia.com\/wp-content\/uploads\/2024\/03\/Hyter-Electrolyser-1024x384.jpg\"},{\"@type\":\"BreadcrumbList\",\"@id\":\"https:\/\/fiorentini-polska.com\/en\/expertise\/hydrogen\/plt-energia\/#breadcrumb\",\"itemListElement\":[{\"@type\":\"ListItem\",\"position\":1,\"name\":\"Home\",\"item\":\"https:\/\/fiorentini-polska.com\/en\/\"},{\"@type\":\"ListItem\",\"position\":2,\"name\":\"Expertise\",\"item\":\"https:\/\/fiorentini-polska.com\/en\/expertise\/\"},{\"@type\":\"ListItem\",\"position\":3,\"name\":\"Hydrogen\",\"item\":\"https:\/\/www.fiorentini-polska.com\/en\/expertise\/hydrogen\/\"},{\"@type\":\"ListItem\",\"position\":4,\"name\":\"PLT ENERGIA\"}]},{\"@type\":\"WebSite\",\"@id\":\"https:\/\/fiorentini-polska.com\/en\/#website\",\"url\":\"https:\/\/fiorentini-polska.com\/en\/\",\"name\":\"Pietro Fiorentini Polska\",\"description\":\"Pietro Fiorentini projektuje i produkuje komponenty, systemy i us\u0142ugi do regulacji, pomiar\u00f3w i zarz\u0105dzania rop\u0105 naftow\u0105 i gazem.\",\"publisher\":{\"@id\":\"https:\/\/fiorentini-polska.com\/en\/#organization\"},\"potentialAction\":[{\"@type\":\"SearchAction\",\"target\":{\"@type\":\"EntryPoint\",\"urlTemplate\":\"https:\/\/fiorentini-polska.com\/en\/?s={search_term_string}\"},\"query-input\":{\"@type\":\"PropertyValueSpecification\",\"valueRequired\":true,\"valueName\":\"search_term_string\"}}],\"inLanguage\":\"en-US\"},{\"@type\":\"Organization\",\"@id\":\"https:\/\/fiorentini-polska.com\/en\/#organization\",\"name\":\"Pietro Fiorentini Polska\",\"url\":\"https:\/\/fiorentini-polska.com\/en\/\",\"logo\":{\"@type\":\"ImageObject\",\"inLanguage\":\"en-US\",\"@id\":\"https:\/\/fiorentini-polska.com\/en\/#\/schema\/logo\/image\/\",\"url\":\"https:\/\/www.fiorentini-polska.com\/wp-content\/uploads\/2021\/07\/LOGO_CMYK_COLOR.png\",\"contentUrl\":\"https:\/\/www.fiorentini-polska.com\/wp-content\/uploads\/2021\/07\/LOGO_CMYK_COLOR.png\",\"width\":3077,\"height\":1259,\"caption\":\"Pietro Fiorentini Polska\"},\"image\":{\"@id\":\"https:\/\/fiorentini-polska.com\/en\/#\/schema\/logo\/image\/\"},\"sameAs\":[\"https:\/\/x.com\/FiorentiniSpa\"]}]}<\/script>\n<!-- \/ Yoast SEO plugin. -->","yoast_head_json":{"title":"PLT ENERGIA - Pietro Fiorentini","description":"With the innovative electrolyzer supplied by Hyter, a company part of the\u00a0Pietro Fiorentini Group, PLT energia will be able to\u00a0use green hydrogen as an energy vector\u00a0to make its offices even more sustainable.","robots":{"index":"index","follow":"follow","max-snippet":"max-snippet:-1","max-image-preview":"max-image-preview:large","max-video-preview":"max-video-preview:-1"},"canonical":"https:\/\/fiorentini-polska.com\/en\/expertise\/hydrogen\/plt-energia\/","og_locale":"en_US","og_type":"article","og_title":"PLT ENERGIA - Pietro Fiorentini","og_description":"With the innovative electrolyzer supplied by Hyter, a company part of the\u00a0Pietro Fiorentini Group, PLT energia will be able to\u00a0use green hydrogen as an energy vector\u00a0to make its offices even more sustainable.","og_url":"https:\/\/fiorentini-polska.com\/en\/expertise\/hydrogen\/plt-energia\/","og_site_name":"Pietro Fiorentini","article_modified_time":"2024-03-31T22:59:35+00:00","og_image":[{"url":"https:\/\/www.fiorentini-iberia.com\/wp-content\/uploads\/2024\/03\/Hyter-Electrolyser-1024x384.jpg","type":"","width":"","height":""}],"twitter_card":"summary_large_image","twitter_site":"@FiorentiniSpa","twitter_misc":{"Est. reading time":"1 minute"},"schema":{"@context":"https:\/\/schema.org","@graph":[{"@type":"WebPage","@id":"https:\/\/fiorentini-polska.com\/en\/expertise\/hydrogen\/plt-energia\/","url":"https:\/\/fiorentini-polska.com\/en\/expertise\/hydrogen\/plt-energia\/","name":"PLT ENERGIA - Pietro Fiorentini","isPartOf":{"@id":"https:\/\/fiorentini-polska.com\/en\/#website"},"primaryImageOfPage":{"@id":"https:\/\/fiorentini-polska.com\/en\/expertise\/hydrogen\/plt-energia\/#primaryimage"},"image":{"@id":"https:\/\/fiorentini-polska.com\/en\/expertise\/hydrogen\/plt-energia\/#primaryimage"},"thumbnailUrl":"https:\/\/www.fiorentini-iberia.com\/wp-content\/uploads\/2024\/03\/Hyter-Electrolyser-1024x384.jpg","datePublished":"2024-03-31T22:58:37+00:00","dateModified":"2024-03-31T22:59:35+00:00","description":"With the innovative electrolyzer supplied by Hyter, a company part of the\u00a0Pietro Fiorentini Group, PLT energia will be able to\u00a0use green hydrogen as an energy vector\u00a0to make its offices even more sustainable.","breadcrumb":{"@id":"https:\/\/fiorentini-polska.com\/en\/expertise\/hydrogen\/plt-energia\/#breadcrumb"},"inLanguage":"en-US","potentialAction":[{"@type":"ReadAction","target":["https:\/\/fiorentini-polska.com\/en\/expertise\/hydrogen\/plt-energia\/"]}]},{"@type":"ImageObject","inLanguage":"en-US","@id":"https:\/\/fiorentini-polska.com\/en\/expertise\/hydrogen\/plt-energia\/#primaryimage","url":"https:\/\/www.fiorentini-iberia.com\/wp-content\/uploads\/2024\/03\/Hyter-Electrolyser-1024x384.jpg","contentUrl":"https:\/\/www.fiorentini-iberia.com\/wp-content\/uploads\/2024\/03\/Hyter-Electrolyser-1024x384.jpg"},{"@type":"BreadcrumbList","@id":"https:\/\/fiorentini-polska.com\/en\/expertise\/hydrogen\/plt-energia\/#breadcrumb","itemListElement":[{"@type":"ListItem","position":1,"name":"Home","item":"https:\/\/fiorentini-polska.com\/en\/"},{"@type":"ListItem","position":2,"name":"Expertise","item":"https:\/\/fiorentini-polska.com\/en\/expertise\/"},{"@type":"ListItem","position":3,"name":"Hydrogen","item":"https:\/\/www.fiorentini-polska.com\/en\/expertise\/hydrogen\/"},{"@type":"ListItem","position":4,"name":"PLT ENERGIA"}]},{"@type":"WebSite","@id":"https:\/\/fiorentini-polska.com\/en\/#website","url":"https:\/\/fiorentini-polska.com\/en\/","name":"Pietro Fiorentini Polska","description":"Pietro Fiorentini projektuje i produkuje komponenty, systemy i us\u0142ugi do regulacji, pomiar\u00f3w i zarz\u0105dzania rop\u0105 naftow\u0105 i gazem.","publisher":{"@id":"https:\/\/fiorentini-polska.com\/en\/#organization"},"potentialAction":[{"@type":"SearchAction","target":{"@type":"EntryPoint","urlTemplate":"https:\/\/fiorentini-polska.com\/en\/?s={search_term_string}"},"query-input":{"@type":"PropertyValueSpecification","valueRequired":true,"valueName":"search_term_string"}}],"inLanguage":"en-US"},{"@type":"Organization","@id":"https:\/\/fiorentini-polska.com\/en\/#organization","name":"Pietro Fiorentini Polska","url":"https:\/\/fiorentini-polska.com\/en\/","logo":{"@type":"ImageObject","inLanguage":"en-US","@id":"https:\/\/fiorentini-polska.com\/en\/#\/schema\/logo\/image\/","url":"https:\/\/www.fiorentini-polska.com\/wp-content\/uploads\/2021\/07\/LOGO_CMYK_COLOR.png","contentUrl":"https:\/\/www.fiorentini-polska.com\/wp-content\/uploads\/2021\/07\/LOGO_CMYK_COLOR.png","width":3077,"height":1259,"caption":"Pietro Fiorentini Polska"},"image":{"@id":"https:\/\/fiorentini-polska.com\/en\/#\/schema\/logo\/image\/"},"sameAs":["https:\/\/x.com\/FiorentiniSpa"]}]}},"_links":{"self":[{"href":"https:\/\/fiorentini-polska.com\/en\/wp-json\/wp\/v2\/pages\/28186","targetHints":{"allow":["GET"]}}],"collection":[{"href":"https:\/\/fiorentini-polska.com\/en\/wp-json\/wp\/v2\/pages"}],"about":[{"href":"https:\/\/fiorentini-polska.com\/en\/wp-json\/wp\/v2\/types\/page"}],"author":[{"embeddable":true,"href":"https:\/\/fiorentini-polska.com\/en\/wp-json\/wp\/v2\/users\/15"}],"replies":[{"embeddable":true,"href":"https:\/\/fiorentini-polska.com\/en\/wp-json\/wp\/v2\/comments?post=28186"}],"version-history":[{"count":2,"href":"https:\/\/fiorentini-polska.com\/en\/wp-json\/wp\/v2\/pages\/28186\/revisions"}],"predecessor-version":[{"id":28188,"href":"https:\/\/fiorentini-polska.com\/en\/wp-json\/wp\/v2\/pages\/28186\/revisions\/28188"}],"up":[{"embeddable":true,"href":"https:\/\/fiorentini-polska.com\/en\/wp-json\/wp\/v2\/pages\/27426"}],"wp:attachment":[{"href":"https:\/\/fiorentini-polska.com\/en\/wp-json\/wp\/v2\/media?parent=28186"}],"curies":[{"name":"wp","href":"https:\/\/api.w.org\/{rel}","templated":true}]}}