{"id":28140,"date":"2024-03-31T22:05:27","date_gmt":"2024-03-31T20:05:27","guid":{"rendered":"https:\/\/fiorentini-polska.com\/?page_id=28140"},"modified":"2024-03-31T22:05:28","modified_gmt":"2024-03-31T20:05:28","slug":"coke-oven-gas-recovery","status":"publish","type":"page","link":"https:\/\/fiorentini-polska.com\/en\/expertise\/biomethane\/coke-oven-gas-recovery\/","title":{"rendered":"Coke oven gas recovery"},"content":{"rendered":"\n<p><strong>Boosting steelmaking efficiency<\/strong>: In order to use the process gas into a 2MW steam boiler, we have recently supplied a gas booster with knock-out drum for fine filtration of solid contaminants and temperature control system to cool the gas at the temperature required by the burner.<br>\u00a0<\/p>\n\n\n\n<figure class=\"wp-block-embed is-type-video is-provider-youtube wp-block-embed-youtube wp-embed-aspect-16-9 wp-has-aspect-ratio\"><div class=\"wp-block-embed__wrapper\">\n<iframe loading=\"lazy\" title=\"Hydrogen Plant in ArcelorMittal\" width=\"500\" height=\"281\" src=\"https:\/\/www.youtube.com\/embed\/I_NwiYDdViY?feature=oembed\" frameborder=\"0\" allow=\"accelerometer; autoplay; clipboard-write; encrypted-media; gyroscope; picture-in-picture; web-share\" referrerpolicy=\"strict-origin-when-cross-origin\" allowfullscreen><\/iframe>\n<\/div><\/figure>\n\n\n\n<p>\u00a0<br>Client:\u00a0<strong>ArcelorMittal<\/strong><br>Country:\u00a0<strong>Bosnia<\/strong><br>\u00a0<br>ArcelorMittal is <strong>the world\u2019s largest steel company<\/strong>, with a presence in more than 60 countries. It has led the consolidation of the international steel sector, and is today considered the only truly global steel producer.<br>\u00a0<br><a href=\"https:\/\/www.bio-komp.com\/case-studies\" target=\"_blank\" rel=\"noreferrer noopener\"><strong>> Find out more about the case study in this link.<\/strong><\/a><br><a href=\"https:\/\/www.bio-komp.com\/filedata\/BIOKOMP_Industrial_Gas_2018.pdf\" target=\"_blank\" rel=\"noreferrer noopener\"><strong>> Download the Industrial Gas Solutions data sheet.<\/strong><\/a><\/p>\n\n\n\n<figure class=\"wp-block-image size-large\"><img loading=\"lazy\" decoding=\"async\" width=\"1024\" height=\"248\" src=\"https:\/\/fiorentini-polska.com\/wp-content\/uploads\/2024\/03\/case-study-01-1024x248.jpg\" alt=\"\" class=\"wp-image-28141\" srcset=\"https:\/\/fiorentini-polska.com\/wp-content\/uploads\/2024\/03\/case-study-01-1024x248.jpg 1024w, https:\/\/fiorentini-polska.com\/wp-content\/uploads\/2024\/03\/case-study-01-300x73.jpg 300w, https:\/\/fiorentini-polska.com\/wp-content\/uploads\/2024\/03\/case-study-01-768x186.jpg 768w, https:\/\/fiorentini-polska.com\/wp-content\/uploads\/2024\/03\/case-study-01.jpg 1175w\" sizes=\"auto, (max-width: 1024px) 100vw, 1024px\" \/><\/figure>\n\n\n\n<p>&nbsp;<\/p>\n\n\n\n<p class=\"has-text-color has-link-color has-large-font-size wp-elements-b579a67768a0ff6babc7509b52e35c40\" style=\"color:#199782\"><strong>&gt; <\/strong><a href=\"https:\/\/www.bio-komp.com\/impianti\/128\/ARCELOR-MITTAL.html\" target=\"_blank\" rel=\"noreferrer noopener\"><strong>More project info.<\/strong><\/a><\/p>\n\n\n\n<div style=\"height:20px\" aria-hidden=\"true\" class=\"wp-block-spacer\"><\/div>\n\n\n\n<p class=\"has-text-color has-link-color has-large-font-size wp-elements-be1bef5040581aa608ded9f54b409ebb\" style=\"color:#199782\"><strong>><\/strong>  <strong><a href=\"https:\/\/www.fiorentini-polska.com\/en\/news\/biokomp-biogas-treatment-plant\/\">Visit the BIOKOMP presentation new.<\/a><\/strong><\/p>\n","protected":false},"excerpt":{"rendered":"<p>Boosting steelmaking efficiency: In order to use the process gas into a 2MW steam boiler, we have recently supplied a gas booster with knock-out drum for fine filtration of solid contaminants and temperature control system to cool the gas at the temperature required by the burner.<\/p>\n","protected":false},"author":15,"featured_media":0,"parent":27359,"menu_order":0,"comment_status":"closed","ping_status":"closed","template":"template-expertise-post.php","meta":{"_acf_changed":false,"inline_featured_image":false,"footnotes":""},"class_list":["post-28140","page","type-page","status-publish","hentry"],"acf":[],"yoast_head":"<!-- This site is optimized with the Yoast SEO plugin v27.2 - https:\/\/yoast.com\/product\/yoast-seo-wordpress\/ -->\n<title>Coke oven gas recovery - Pietro Fiorentini<\/title>\n<meta name=\"description\" content=\"We have recently supplied a gas booster with knock-out drum for fine filtration of solid contaminants and temperature control system.\" \/>\n<meta name=\"robots\" content=\"index, follow, max-snippet:-1, max-image-preview:large, max-video-preview:-1\" \/>\n<link rel=\"canonical\" href=\"https:\/\/fiorentini-polska.com\/en\/expertise\/biomethane\/coke-oven-gas-recovery\/\" \/>\n<meta property=\"og:locale\" content=\"en_US\" \/>\n<meta property=\"og:type\" content=\"article\" \/>\n<meta property=\"og:title\" content=\"Coke oven gas recovery - Pietro Fiorentini\" \/>\n<meta property=\"og:description\" content=\"We have recently supplied a gas booster with knock-out drum for fine filtration of solid contaminants and temperature control system.\" \/>\n<meta property=\"og:url\" content=\"https:\/\/fiorentini-polska.com\/en\/expertise\/biomethane\/coke-oven-gas-recovery\/\" \/>\n<meta property=\"og:site_name\" content=\"Pietro Fiorentini\" \/>\n<meta property=\"article:modified_time\" content=\"2024-03-31T20:05:28+00:00\" \/>\n<meta property=\"og:image\" content=\"https:\/\/fiorentini-polska.com\/wp-content\/uploads\/2024\/03\/case-study-01-1024x248.jpg\" \/>\n<meta name=\"twitter:card\" content=\"summary_large_image\" \/>\n<meta name=\"twitter:site\" content=\"@FiorentiniSpa\" \/>\n<meta name=\"twitter:label1\" content=\"Est. reading time\" \/>\n\t<meta name=\"twitter:data1\" content=\"1 minute\" \/>\n<script type=\"application\/ld+json\" class=\"yoast-schema-graph\">{\"@context\":\"https:\/\/schema.org\",\"@graph\":[{\"@type\":\"WebPage\",\"@id\":\"https:\/\/fiorentini-polska.com\/en\/expertise\/biomethane\/coke-oven-gas-recovery\/\",\"url\":\"https:\/\/fiorentini-polska.com\/en\/expertise\/biomethane\/coke-oven-gas-recovery\/\",\"name\":\"Coke oven gas recovery - Pietro Fiorentini\",\"isPartOf\":{\"@id\":\"https:\/\/www.fiorentini-polska.com\/en\/#website\"},\"primaryImageOfPage\":{\"@id\":\"https:\/\/fiorentini-polska.com\/en\/expertise\/biomethane\/coke-oven-gas-recovery\/#primaryimage\"},\"image\":{\"@id\":\"https:\/\/fiorentini-polska.com\/en\/expertise\/biomethane\/coke-oven-gas-recovery\/#primaryimage\"},\"thumbnailUrl\":\"https:\/\/fiorentini-polska.com\/wp-content\/uploads\/2024\/03\/case-study-01-1024x248.jpg\",\"datePublished\":\"2024-03-31T20:05:27+00:00\",\"dateModified\":\"2024-03-31T20:05:28+00:00\",\"description\":\"We have recently supplied a gas booster with knock-out drum for fine filtration of solid contaminants and temperature control system.\",\"breadcrumb\":{\"@id\":\"https:\/\/fiorentini-polska.com\/en\/expertise\/biomethane\/coke-oven-gas-recovery\/#breadcrumb\"},\"inLanguage\":\"en-US\",\"potentialAction\":[{\"@type\":\"ReadAction\",\"target\":[\"https:\/\/fiorentini-polska.com\/en\/expertise\/biomethane\/coke-oven-gas-recovery\/\"]}]},{\"@type\":\"ImageObject\",\"inLanguage\":\"en-US\",\"@id\":\"https:\/\/fiorentini-polska.com\/en\/expertise\/biomethane\/coke-oven-gas-recovery\/#primaryimage\",\"url\":\"https:\/\/fiorentini-polska.com\/wp-content\/uploads\/2024\/03\/case-study-01-1024x248.jpg\",\"contentUrl\":\"https:\/\/fiorentini-polska.com\/wp-content\/uploads\/2024\/03\/case-study-01-1024x248.jpg\"},{\"@type\":\"BreadcrumbList\",\"@id\":\"https:\/\/fiorentini-polska.com\/en\/expertise\/biomethane\/coke-oven-gas-recovery\/#breadcrumb\",\"itemListElement\":[{\"@type\":\"ListItem\",\"position\":1,\"name\":\"Home\",\"item\":\"https:\/\/www.fiorentini-polska.com\/en\/\"},{\"@type\":\"ListItem\",\"position\":2,\"name\":\"Expertise\",\"item\":\"https:\/\/fiorentini-polska.com\/en\/expertise\/\"},{\"@type\":\"ListItem\",\"position\":3,\"name\":\"Biomethane\",\"item\":\"https:\/\/www.fiorentini-polska.com\/en\/expertise\/biomethane\/\"},{\"@type\":\"ListItem\",\"position\":4,\"name\":\"Coke oven gas recovery\"}]},{\"@type\":\"WebSite\",\"@id\":\"https:\/\/www.fiorentini-polska.com\/en\/#website\",\"url\":\"https:\/\/www.fiorentini-polska.com\/en\/\",\"name\":\"Pietro Fiorentini Polska\",\"description\":\"Pietro Fiorentini projektuje i produkuje komponenty, systemy i us\u0142ugi do regulacji, pomiar\u00f3w i zarz\u0105dzania rop\u0105 naftow\u0105 i gazem.\",\"publisher\":{\"@id\":\"https:\/\/www.fiorentini-polska.com\/en\/#organization\"},\"potentialAction\":[{\"@type\":\"SearchAction\",\"target\":{\"@type\":\"EntryPoint\",\"urlTemplate\":\"https:\/\/www.fiorentini-polska.com\/en\/?s={search_term_string}\"},\"query-input\":{\"@type\":\"PropertyValueSpecification\",\"valueRequired\":true,\"valueName\":\"search_term_string\"}}],\"inLanguage\":\"en-US\"},{\"@type\":\"Organization\",\"@id\":\"https:\/\/www.fiorentini-polska.com\/en\/#organization\",\"name\":\"Pietro Fiorentini Polska\",\"url\":\"https:\/\/www.fiorentini-polska.com\/en\/\",\"logo\":{\"@type\":\"ImageObject\",\"inLanguage\":\"en-US\",\"@id\":\"https:\/\/www.fiorentini-polska.com\/en\/#\/schema\/logo\/image\/\",\"url\":\"https:\/\/www.fiorentini-polska.com\/wp-content\/uploads\/2021\/07\/LOGO_CMYK_COLOR.png\",\"contentUrl\":\"https:\/\/www.fiorentini-polska.com\/wp-content\/uploads\/2021\/07\/LOGO_CMYK_COLOR.png\",\"width\":3077,\"height\":1259,\"caption\":\"Pietro Fiorentini Polska\"},\"image\":{\"@id\":\"https:\/\/www.fiorentini-polska.com\/en\/#\/schema\/logo\/image\/\"},\"sameAs\":[\"https:\/\/x.com\/FiorentiniSpa\"]}]}<\/script>\n<!-- \/ Yoast SEO plugin. -->","yoast_head_json":{"title":"Coke oven gas recovery - Pietro Fiorentini","description":"We have recently supplied a gas booster with knock-out drum for fine filtration of solid contaminants and temperature control system.","robots":{"index":"index","follow":"follow","max-snippet":"max-snippet:-1","max-image-preview":"max-image-preview:large","max-video-preview":"max-video-preview:-1"},"canonical":"https:\/\/fiorentini-polska.com\/en\/expertise\/biomethane\/coke-oven-gas-recovery\/","og_locale":"en_US","og_type":"article","og_title":"Coke oven gas recovery - Pietro Fiorentini","og_description":"We have recently supplied a gas booster with knock-out drum for fine filtration of solid contaminants and temperature control system.","og_url":"https:\/\/fiorentini-polska.com\/en\/expertise\/biomethane\/coke-oven-gas-recovery\/","og_site_name":"Pietro Fiorentini","article_modified_time":"2024-03-31T20:05:28+00:00","og_image":[{"url":"https:\/\/fiorentini-polska.com\/wp-content\/uploads\/2024\/03\/case-study-01-1024x248.jpg","type":"","width":"","height":""}],"twitter_card":"summary_large_image","twitter_site":"@FiorentiniSpa","twitter_misc":{"Est. reading time":"1 minute"},"schema":{"@context":"https:\/\/schema.org","@graph":[{"@type":"WebPage","@id":"https:\/\/fiorentini-polska.com\/en\/expertise\/biomethane\/coke-oven-gas-recovery\/","url":"https:\/\/fiorentini-polska.com\/en\/expertise\/biomethane\/coke-oven-gas-recovery\/","name":"Coke oven gas recovery - Pietro Fiorentini","isPartOf":{"@id":"https:\/\/www.fiorentini-polska.com\/en\/#website"},"primaryImageOfPage":{"@id":"https:\/\/fiorentini-polska.com\/en\/expertise\/biomethane\/coke-oven-gas-recovery\/#primaryimage"},"image":{"@id":"https:\/\/fiorentini-polska.com\/en\/expertise\/biomethane\/coke-oven-gas-recovery\/#primaryimage"},"thumbnailUrl":"https:\/\/fiorentini-polska.com\/wp-content\/uploads\/2024\/03\/case-study-01-1024x248.jpg","datePublished":"2024-03-31T20:05:27+00:00","dateModified":"2024-03-31T20:05:28+00:00","description":"We have recently supplied a gas booster with knock-out drum for fine filtration of solid contaminants and temperature control system.","breadcrumb":{"@id":"https:\/\/fiorentini-polska.com\/en\/expertise\/biomethane\/coke-oven-gas-recovery\/#breadcrumb"},"inLanguage":"en-US","potentialAction":[{"@type":"ReadAction","target":["https:\/\/fiorentini-polska.com\/en\/expertise\/biomethane\/coke-oven-gas-recovery\/"]}]},{"@type":"ImageObject","inLanguage":"en-US","@id":"https:\/\/fiorentini-polska.com\/en\/expertise\/biomethane\/coke-oven-gas-recovery\/#primaryimage","url":"https:\/\/fiorentini-polska.com\/wp-content\/uploads\/2024\/03\/case-study-01-1024x248.jpg","contentUrl":"https:\/\/fiorentini-polska.com\/wp-content\/uploads\/2024\/03\/case-study-01-1024x248.jpg"},{"@type":"BreadcrumbList","@id":"https:\/\/fiorentini-polska.com\/en\/expertise\/biomethane\/coke-oven-gas-recovery\/#breadcrumb","itemListElement":[{"@type":"ListItem","position":1,"name":"Home","item":"https:\/\/www.fiorentini-polska.com\/en\/"},{"@type":"ListItem","position":2,"name":"Expertise","item":"https:\/\/fiorentini-polska.com\/en\/expertise\/"},{"@type":"ListItem","position":3,"name":"Biomethane","item":"https:\/\/www.fiorentini-polska.com\/en\/expertise\/biomethane\/"},{"@type":"ListItem","position":4,"name":"Coke oven gas recovery"}]},{"@type":"WebSite","@id":"https:\/\/www.fiorentini-polska.com\/en\/#website","url":"https:\/\/www.fiorentini-polska.com\/en\/","name":"Pietro Fiorentini Polska","description":"Pietro Fiorentini projektuje i produkuje komponenty, systemy i us\u0142ugi do regulacji, pomiar\u00f3w i zarz\u0105dzania rop\u0105 naftow\u0105 i gazem.","publisher":{"@id":"https:\/\/www.fiorentini-polska.com\/en\/#organization"},"potentialAction":[{"@type":"SearchAction","target":{"@type":"EntryPoint","urlTemplate":"https:\/\/www.fiorentini-polska.com\/en\/?s={search_term_string}"},"query-input":{"@type":"PropertyValueSpecification","valueRequired":true,"valueName":"search_term_string"}}],"inLanguage":"en-US"},{"@type":"Organization","@id":"https:\/\/www.fiorentini-polska.com\/en\/#organization","name":"Pietro Fiorentini Polska","url":"https:\/\/www.fiorentini-polska.com\/en\/","logo":{"@type":"ImageObject","inLanguage":"en-US","@id":"https:\/\/www.fiorentini-polska.com\/en\/#\/schema\/logo\/image\/","url":"https:\/\/www.fiorentini-polska.com\/wp-content\/uploads\/2021\/07\/LOGO_CMYK_COLOR.png","contentUrl":"https:\/\/www.fiorentini-polska.com\/wp-content\/uploads\/2021\/07\/LOGO_CMYK_COLOR.png","width":3077,"height":1259,"caption":"Pietro Fiorentini Polska"},"image":{"@id":"https:\/\/www.fiorentini-polska.com\/en\/#\/schema\/logo\/image\/"},"sameAs":["https:\/\/x.com\/FiorentiniSpa"]}]}},"_links":{"self":[{"href":"https:\/\/fiorentini-polska.com\/en\/wp-json\/wp\/v2\/pages\/28140","targetHints":{"allow":["GET"]}}],"collection":[{"href":"https:\/\/fiorentini-polska.com\/en\/wp-json\/wp\/v2\/pages"}],"about":[{"href":"https:\/\/fiorentini-polska.com\/en\/wp-json\/wp\/v2\/types\/page"}],"author":[{"embeddable":true,"href":"https:\/\/fiorentini-polska.com\/en\/wp-json\/wp\/v2\/users\/15"}],"replies":[{"embeddable":true,"href":"https:\/\/fiorentini-polska.com\/en\/wp-json\/wp\/v2\/comments?post=28140"}],"version-history":[{"count":1,"href":"https:\/\/fiorentini-polska.com\/en\/wp-json\/wp\/v2\/pages\/28140\/revisions"}],"predecessor-version":[{"id":28143,"href":"https:\/\/fiorentini-polska.com\/en\/wp-json\/wp\/v2\/pages\/28140\/revisions\/28143"}],"up":[{"embeddable":true,"href":"https:\/\/fiorentini-polska.com\/en\/wp-json\/wp\/v2\/pages\/27359"}],"wp:attachment":[{"href":"https:\/\/fiorentini-polska.com\/en\/wp-json\/wp\/v2\/media?parent=28140"}],"curies":[{"name":"wp","href":"https:\/\/api.w.org\/{rel}","templated":true}]}}