{"id":27747,"date":"2024-02-26T11:57:26","date_gmt":"2024-02-26T10:57:26","guid":{"rendered":"https:\/\/fiorentini-polska.com\/?page_id=27747"},"modified":"2024-02-26T11:57:28","modified_gmt":"2024-02-26T10:57:28","slug":"pietro-fiorentinis-complete-power-to-gas-solutions","status":"publish","type":"page","link":"https:\/\/fiorentini-polska.com\/en\/expertise\/power-to-gas\/pietro-fiorentinis-complete-power-to-gas-solutions\/","title":{"rendered":"Pietro Fiorentini\u2019s complete power-to-gas solutions"},"content":{"rendered":"\n<p>80 years of experience in processing natural gas combined with our commitment to the process of decarbonisation has driven us to develop complete power-to-gas solutions. From pure hydrogen injection systems after blending to the development of hydrogen-ready network solutions, we are contributing to the development of the infrastructure to overcome the technological constraints that limit the introduction of green gases.<\/p>\n\n\n\n<p>Apart from\u00a0<strong>power-to-methane solutions<\/strong>, which balance out this effort, making the green gas produced fully compatible with the relevant infrastructure from the outset, Pietro Fiorentini has recently expanded its service offerings to alternative\u00a0<strong>biological methanation systems<\/strong>\u00a0designed to meet renewable energy production needs in small to medium-sized plants.<\/p>\n\n\n\n<ol class=\"wp-block-list\">\n<li><strong><a href=\"#biomethanation-systems\">Biomethanation systems<\/a><\/strong><\/li>\n\n\n\n<li><strong><a href=\"#pietro-fiorentinis-commitment-to-energy-transition\">Pietro Fiorentini\u2019s commitment to energy transition<\/a><\/strong><\/li>\n<\/ol>\n\n\n\n<h3 class=\"wp-block-heading\" id=\"biomethanation-systems\">&nbsp;<br><strong>Biomethanation systems<\/strong><\/h3>\n\n\n\n<p>In the&nbsp;<strong>biomethanation&nbsp;<\/strong>process, billions of&nbsp;<strong>methanogenic microorganisms called Archaea&nbsp;<\/strong>metabolise hydrogen and carbon dioxide into methane and water within an anaerobic environment.<\/p>\n\n\n\n<p>This process is particularly appropriate where strong reactivity is required, such as with power-to-gas, and in cases where contaminant-laced gases are processed with traditional technologies that would require pre-treatment to avoid catalyst poisoning.<\/p>\n\n\n\n<p>Biomethanation also allows us to exploit the synergies between power-to-gas and&nbsp;<strong>biogas anaerobic digestion plants<\/strong>&nbsp;as the sludge present can be used as nourishment for the Archaea.<\/p>\n\n\n\n<p>These are innovative solutions that&nbsp;<strong>reinforce Pietro Fiorentini\u2019s commitment to the production of green molecules<\/strong>: our biogas-to-biomethane upgrading systems, decentralised grid gas injection solutions and BiRemi\u2122 have already set in motion and continue to support the&nbsp;<strong>modernisation of the infrastructure<\/strong>&nbsp;designed around the transport and distribution needs of green gas.<br>&nbsp;<\/p>\n\n\n\n<h3 class=\"wp-block-heading\" id=\"pietro-fiorentinis-commitment-to-energy-transition\"><strong>Pietro Fiorentini\u2019s commitment to energy transition<\/strong><\/h3>\n\n\n\n<p>Power-to-gas is now one of the most promising technologies for&nbsp;<strong>facilitating the energy transition<\/strong>&nbsp;and complying with the&nbsp;<a href=\"https:\/\/ec.europa.eu\/info\/strategy\/priorities-2019-2024\/european-green-deal_en\" target=\"_blank\" rel=\"noreferrer noopener\">Green Deal<\/a>&nbsp;that was signed by the European Union, which envisages zero net greenhouse gas emissions by 2050, with extremely challenging intermediate targets for 2030.<\/p>\n\n\n\n<p>In fact, utilising existing gas infrastructure will make it possible to make large quantities of energy widely available. A journey towards&nbsp;<strong>decarbonised and defossilised gas systems&nbsp;<\/strong>embedded within energy infrastructures that will be holistic, according to Pietro Fiorentini\u2019s vision. Thus, it will not only include gas treatment plants and technologies, but projects capable of encompassing all the solutions needed to achieve&nbsp;<strong>system resilience<\/strong>&nbsp;within a single environment and meet the new requirements of balancing energy supply and demand.<\/p>\n","protected":false},"excerpt":{"rendered":"<p>80 years of experience in processing natural gas combined with our commitment to the process of decarbonisation has driven us to develop complete solutions ranging from power-to-methane, to convert electricity into green gas compatible with the relevant infrastructure, to biological methanation plants.<\/p>\n","protected":false},"author":15,"featured_media":0,"parent":27433,"menu_order":0,"comment_status":"closed","ping_status":"closed","template":"template-expertise-post.php","meta":{"_acf_changed":false,"inline_featured_image":false,"footnotes":""},"class_list":["post-27747","page","type-page","status-publish","hentry"],"acf":[],"yoast_head":"<!-- This site is optimized with the Yoast SEO plugin v27.2 - https:\/\/yoast.com\/product\/yoast-seo-wordpress\/ -->\n<title>Pietro Fiorentini\u2019s complete power-to-gas solutions - Pietro Fiorentini<\/title>\n<meta name=\"description\" content=\"80 years of experience in processing natural gas combined with our commitment to the process of decarbonisation has driven us to develop complete power-to-gas solutions.\" \/>\n<meta name=\"robots\" content=\"index, follow, max-snippet:-1, max-image-preview:large, max-video-preview:-1\" \/>\n<link rel=\"canonical\" href=\"https:\/\/fiorentini-polska.com\/en\/expertise\/power-to-gas\/pietro-fiorentinis-complete-power-to-gas-solutions\/\" \/>\n<meta property=\"og:locale\" content=\"en_US\" \/>\n<meta property=\"og:type\" content=\"article\" \/>\n<meta property=\"og:title\" content=\"Pietro Fiorentini\u2019s complete power-to-gas solutions - Pietro Fiorentini\" \/>\n<meta property=\"og:description\" content=\"80 years of experience in processing natural gas combined with our commitment to the process of decarbonisation has driven us to develop complete power-to-gas solutions.\" \/>\n<meta property=\"og:url\" content=\"https:\/\/fiorentini-polska.com\/en\/expertise\/power-to-gas\/pietro-fiorentinis-complete-power-to-gas-solutions\/\" \/>\n<meta property=\"og:site_name\" content=\"Pietro Fiorentini\" \/>\n<meta property=\"article:modified_time\" content=\"2024-02-26T10:57:28+00:00\" \/>\n<meta name=\"twitter:card\" content=\"summary_large_image\" \/>\n<meta name=\"twitter:site\" content=\"@FiorentiniSpa\" \/>\n<meta name=\"twitter:label1\" content=\"Est. reading time\" \/>\n\t<meta name=\"twitter:data1\" content=\"2 minutes\" \/>\n<script type=\"application\/ld+json\" class=\"yoast-schema-graph\">{\"@context\":\"https:\/\/schema.org\",\"@graph\":[{\"@type\":\"WebPage\",\"@id\":\"https:\/\/fiorentini-polska.com\/en\/expertise\/power-to-gas\/pietro-fiorentinis-complete-power-to-gas-solutions\/\",\"url\":\"https:\/\/fiorentini-polska.com\/en\/expertise\/power-to-gas\/pietro-fiorentinis-complete-power-to-gas-solutions\/\",\"name\":\"Pietro Fiorentini\u2019s complete power-to-gas solutions - Pietro Fiorentini\",\"isPartOf\":{\"@id\":\"https:\/\/fiorentini-polska.com\/en\/#website\"},\"datePublished\":\"2024-02-26T10:57:26+00:00\",\"dateModified\":\"2024-02-26T10:57:28+00:00\",\"description\":\"80 years of experience in processing natural gas combined with our commitment to the process of decarbonisation has driven us to develop complete power-to-gas solutions.\",\"breadcrumb\":{\"@id\":\"https:\/\/fiorentini-polska.com\/en\/expertise\/power-to-gas\/pietro-fiorentinis-complete-power-to-gas-solutions\/#breadcrumb\"},\"inLanguage\":\"en-US\",\"potentialAction\":[{\"@type\":\"ReadAction\",\"target\":[\"https:\/\/fiorentini-polska.com\/en\/expertise\/power-to-gas\/pietro-fiorentinis-complete-power-to-gas-solutions\/\"]}]},{\"@type\":\"BreadcrumbList\",\"@id\":\"https:\/\/fiorentini-polska.com\/en\/expertise\/power-to-gas\/pietro-fiorentinis-complete-power-to-gas-solutions\/#breadcrumb\",\"itemListElement\":[{\"@type\":\"ListItem\",\"position\":1,\"name\":\"Home\",\"item\":\"https:\/\/fiorentini-polska.com\/en\/\"},{\"@type\":\"ListItem\",\"position\":2,\"name\":\"Expertise\",\"item\":\"https:\/\/www.fiorentini-polska.com\/en\/expertise\/\"},{\"@type\":\"ListItem\",\"position\":3,\"name\":\"Power-to-gas\",\"item\":\"https:\/\/www.fiorentini-polska.com\/en\/expertise\/power-to-gas\/\"},{\"@type\":\"ListItem\",\"position\":4,\"name\":\"Pietro Fiorentini\u2019s complete power-to-gas solutions\"}]},{\"@type\":\"WebSite\",\"@id\":\"https:\/\/fiorentini-polska.com\/en\/#website\",\"url\":\"https:\/\/fiorentini-polska.com\/en\/\",\"name\":\"Pietro Fiorentini Polska\",\"description\":\"Pietro Fiorentini projektuje i produkuje komponenty, systemy i us\u0142ugi do regulacji, pomiar\u00f3w i zarz\u0105dzania rop\u0105 naftow\u0105 i gazem.\",\"publisher\":{\"@id\":\"https:\/\/fiorentini-polska.com\/en\/#organization\"},\"potentialAction\":[{\"@type\":\"SearchAction\",\"target\":{\"@type\":\"EntryPoint\",\"urlTemplate\":\"https:\/\/fiorentini-polska.com\/en\/?s={search_term_string}\"},\"query-input\":{\"@type\":\"PropertyValueSpecification\",\"valueRequired\":true,\"valueName\":\"search_term_string\"}}],\"inLanguage\":\"en-US\"},{\"@type\":\"Organization\",\"@id\":\"https:\/\/fiorentini-polska.com\/en\/#organization\",\"name\":\"Pietro Fiorentini Polska\",\"url\":\"https:\/\/fiorentini-polska.com\/en\/\",\"logo\":{\"@type\":\"ImageObject\",\"inLanguage\":\"en-US\",\"@id\":\"https:\/\/fiorentini-polska.com\/en\/#\/schema\/logo\/image\/\",\"url\":\"https:\/\/www.fiorentini-polska.com\/wp-content\/uploads\/2021\/07\/LOGO_CMYK_COLOR.png\",\"contentUrl\":\"https:\/\/www.fiorentini-polska.com\/wp-content\/uploads\/2021\/07\/LOGO_CMYK_COLOR.png\",\"width\":3077,\"height\":1259,\"caption\":\"Pietro Fiorentini Polska\"},\"image\":{\"@id\":\"https:\/\/fiorentini-polska.com\/en\/#\/schema\/logo\/image\/\"},\"sameAs\":[\"https:\/\/x.com\/FiorentiniSpa\"]}]}<\/script>\n<!-- \/ Yoast SEO plugin. -->","yoast_head_json":{"title":"Pietro Fiorentini\u2019s complete power-to-gas solutions - Pietro Fiorentini","description":"80 years of experience in processing natural gas combined with our commitment to the process of decarbonisation has driven us to develop complete power-to-gas solutions.","robots":{"index":"index","follow":"follow","max-snippet":"max-snippet:-1","max-image-preview":"max-image-preview:large","max-video-preview":"max-video-preview:-1"},"canonical":"https:\/\/fiorentini-polska.com\/en\/expertise\/power-to-gas\/pietro-fiorentinis-complete-power-to-gas-solutions\/","og_locale":"en_US","og_type":"article","og_title":"Pietro Fiorentini\u2019s complete power-to-gas solutions - Pietro Fiorentini","og_description":"80 years of experience in processing natural gas combined with our commitment to the process of decarbonisation has driven us to develop complete power-to-gas solutions.","og_url":"https:\/\/fiorentini-polska.com\/en\/expertise\/power-to-gas\/pietro-fiorentinis-complete-power-to-gas-solutions\/","og_site_name":"Pietro Fiorentini","article_modified_time":"2024-02-26T10:57:28+00:00","twitter_card":"summary_large_image","twitter_site":"@FiorentiniSpa","twitter_misc":{"Est. reading time":"2 minutes"},"schema":{"@context":"https:\/\/schema.org","@graph":[{"@type":"WebPage","@id":"https:\/\/fiorentini-polska.com\/en\/expertise\/power-to-gas\/pietro-fiorentinis-complete-power-to-gas-solutions\/","url":"https:\/\/fiorentini-polska.com\/en\/expertise\/power-to-gas\/pietro-fiorentinis-complete-power-to-gas-solutions\/","name":"Pietro Fiorentini\u2019s complete power-to-gas solutions - Pietro Fiorentini","isPartOf":{"@id":"https:\/\/fiorentini-polska.com\/en\/#website"},"datePublished":"2024-02-26T10:57:26+00:00","dateModified":"2024-02-26T10:57:28+00:00","description":"80 years of experience in processing natural gas combined with our commitment to the process of decarbonisation has driven us to develop complete power-to-gas solutions.","breadcrumb":{"@id":"https:\/\/fiorentini-polska.com\/en\/expertise\/power-to-gas\/pietro-fiorentinis-complete-power-to-gas-solutions\/#breadcrumb"},"inLanguage":"en-US","potentialAction":[{"@type":"ReadAction","target":["https:\/\/fiorentini-polska.com\/en\/expertise\/power-to-gas\/pietro-fiorentinis-complete-power-to-gas-solutions\/"]}]},{"@type":"BreadcrumbList","@id":"https:\/\/fiorentini-polska.com\/en\/expertise\/power-to-gas\/pietro-fiorentinis-complete-power-to-gas-solutions\/#breadcrumb","itemListElement":[{"@type":"ListItem","position":1,"name":"Home","item":"https:\/\/fiorentini-polska.com\/en\/"},{"@type":"ListItem","position":2,"name":"Expertise","item":"https:\/\/www.fiorentini-polska.com\/en\/expertise\/"},{"@type":"ListItem","position":3,"name":"Power-to-gas","item":"https:\/\/www.fiorentini-polska.com\/en\/expertise\/power-to-gas\/"},{"@type":"ListItem","position":4,"name":"Pietro Fiorentini\u2019s complete power-to-gas solutions"}]},{"@type":"WebSite","@id":"https:\/\/fiorentini-polska.com\/en\/#website","url":"https:\/\/fiorentini-polska.com\/en\/","name":"Pietro Fiorentini Polska","description":"Pietro Fiorentini projektuje i produkuje komponenty, systemy i us\u0142ugi do regulacji, pomiar\u00f3w i zarz\u0105dzania rop\u0105 naftow\u0105 i gazem.","publisher":{"@id":"https:\/\/fiorentini-polska.com\/en\/#organization"},"potentialAction":[{"@type":"SearchAction","target":{"@type":"EntryPoint","urlTemplate":"https:\/\/fiorentini-polska.com\/en\/?s={search_term_string}"},"query-input":{"@type":"PropertyValueSpecification","valueRequired":true,"valueName":"search_term_string"}}],"inLanguage":"en-US"},{"@type":"Organization","@id":"https:\/\/fiorentini-polska.com\/en\/#organization","name":"Pietro Fiorentini Polska","url":"https:\/\/fiorentini-polska.com\/en\/","logo":{"@type":"ImageObject","inLanguage":"en-US","@id":"https:\/\/fiorentini-polska.com\/en\/#\/schema\/logo\/image\/","url":"https:\/\/www.fiorentini-polska.com\/wp-content\/uploads\/2021\/07\/LOGO_CMYK_COLOR.png","contentUrl":"https:\/\/www.fiorentini-polska.com\/wp-content\/uploads\/2021\/07\/LOGO_CMYK_COLOR.png","width":3077,"height":1259,"caption":"Pietro Fiorentini Polska"},"image":{"@id":"https:\/\/fiorentini-polska.com\/en\/#\/schema\/logo\/image\/"},"sameAs":["https:\/\/x.com\/FiorentiniSpa"]}]}},"_links":{"self":[{"href":"https:\/\/fiorentini-polska.com\/en\/wp-json\/wp\/v2\/pages\/27747","targetHints":{"allow":["GET"]}}],"collection":[{"href":"https:\/\/fiorentini-polska.com\/en\/wp-json\/wp\/v2\/pages"}],"about":[{"href":"https:\/\/fiorentini-polska.com\/en\/wp-json\/wp\/v2\/types\/page"}],"author":[{"embeddable":true,"href":"https:\/\/fiorentini-polska.com\/en\/wp-json\/wp\/v2\/users\/15"}],"replies":[{"embeddable":true,"href":"https:\/\/fiorentini-polska.com\/en\/wp-json\/wp\/v2\/comments?post=27747"}],"version-history":[{"count":1,"href":"https:\/\/fiorentini-polska.com\/en\/wp-json\/wp\/v2\/pages\/27747\/revisions"}],"predecessor-version":[{"id":27748,"href":"https:\/\/fiorentini-polska.com\/en\/wp-json\/wp\/v2\/pages\/27747\/revisions\/27748"}],"up":[{"embeddable":true,"href":"https:\/\/fiorentini-polska.com\/en\/wp-json\/wp\/v2\/pages\/27433"}],"wp:attachment":[{"href":"https:\/\/fiorentini-polska.com\/en\/wp-json\/wp\/v2\/media?parent=27747"}],"curies":[{"name":"wp","href":"https:\/\/api.w.org\/{rel}","templated":true}]}}