{"id":27678,"date":"2024-02-23T16:45:08","date_gmt":"2024-02-23T15:45:08","guid":{"rendered":"https:\/\/fiorentini-polska.com\/?page_id=27678"},"modified":"2024-02-23T16:45:09","modified_gmt":"2024-02-23T15:45:09","slug":"pietro-fiorentinis-hydrogen-innovation-lab","status":"publish","type":"page","link":"https:\/\/fiorentini-polska.com\/en\/expertise\/hydrogen\/pietro-fiorentinis-hydrogen-innovation-lab\/","title":{"rendered":"Pietro Fiorentini\u2019s Hydrogen Innovation Lab"},"content":{"rendered":"\n<h2 class=\"wp-block-heading has-text-color has-link-color wp-elements-ade95835a8d7b92e9ca4281b60329a15\" style=\"color:#199782\"><strong>LEADING THE WAY IN ENERGY TRANSITION PROCESS<\/strong><\/h2>\n\n\n\n<p>On October 20, 2022, the virtual grand opening event of the&nbsp;<strong>Hydrogen Innovation Lab<\/strong>&nbsp;was held. This project saw the building of a multifunctional facility where hydrogen can be produced by electrolysis and used, where blending of hydrogen and natural gas can be done, and the readiness of devices used along existing networks can be tested.<br>&nbsp;<\/p>\n\n\n\n<ol class=\"wp-block-list\">\n<li><strong><a href=\"#how-the-laboratory-came-to-be\">How the Hydrogen Innovation Lab came to be<\/a><\/strong><\/li>\n\n\n\n<li><strong><a href=\"#challenges-in-implementation\">Challenges in implementation<\/a><\/strong><\/li>\n\n\n\n<li><strong><a href=\"#at-the-hearth-of-the-laboratory\">At the hearth of the Hydrogen Innovation Lab<\/a><\/strong><\/li>\n\n\n\n<li><strong><a href=\"#an-innovation-centre-for-the-community\">An innovation centre for the community<\/a><\/strong><br>\u00a0  <\/li>\n<\/ol>\n\n\n\n<figure class=\"wp-block-embed is-type-video is-provider-youtube wp-block-embed-youtube wp-embed-aspect-16-9 wp-has-aspect-ratio\"><div class=\"wp-block-embed__wrapper\">\n<iframe loading=\"lazy\" title=\"The news laboratory for hydrogen experimentation by Pietro Fiorentini\" width=\"500\" height=\"281\" src=\"https:\/\/www.youtube.com\/embed\/xXFN3mcy96U?feature=oembed\" frameborder=\"0\" allow=\"accelerometer; autoplay; clipboard-write; encrypted-media; gyroscope; picture-in-picture; web-share\" referrerpolicy=\"strict-origin-when-cross-origin\" allowfullscreen><\/iframe>\n<\/div><\/figure>\n\n\n\n<h3 class=\"wp-block-heading\" id=\"how-the-laboratory-came-to-be\"><strong>How the Hydrogen Innovation Lab came to be<\/strong><\/h3>\n\n\n\n<p>Pietro Fiorentini began its hydrogen-journey in December 2018, by taking part in the Hy4Heat project conference in London. This event marked the beginning of the development of solutions in the hydrogen field. Already at this stage, the need emerged&nbsp;<strong>to test the behavior of existing natural gas products<\/strong>&nbsp;for their behavior with hydrogen. Because of the difficulty in finding external laboratories, and with the desire to be able to conduct extensive testing firsthand, the idea of&nbsp;<strong>designing a hydrogen laboratory<\/strong>&nbsp;came to the fore.<\/p>\n\n\n\n<p>The end result is a complete facility, consisting of a hydrogen production area, a room in which blending of hydrogen and natural gas is carried out, and the actual laboratory in which existing devices are tested with hydrogen and natural gas blending or 100% hydrogen.<br>&nbsp;<\/p>\n\n\n\n<h3 class=\"wp-block-heading\" id=\"challenges-in-implementation\"><strong>Challenges in implementation<\/strong><\/h3>\n\n\n\n<p>The implementation of the Hydrogen Innovation Lab was not easy. There were not many precedents to refer to: even today, the topic of hydrogen use on distribution networks is not very thorough and we are in a&nbsp;<strong>phase of uncertainty<\/strong>, including regulatory uncertainty.<\/p>\n\n\n\n<p>For this reason, the initial design required a lot of effort. Even before the functional aspects, Pietro Fiorentini addressed safety issues in great depth through a thorough&nbsp;<strong>risk analysis<\/strong>.<\/p>\n\n\n\n<p>The effort of the team that worked together to bring these challenges to fruition was rewarded by the great interest Pietro Fiorentini received when requests for support began arriving from historical clients in the natural gas world, eager to learn more about the&nbsp;<strong>opportunities that hydrogen brings<\/strong>.<br>&nbsp;<\/p>\n\n\n\n<h3 class=\"wp-block-heading\" id=\"at-the-hearth-of-the-laboratory\"><strong>At the heart of the Hydrogen Innovation Lab<\/strong><\/h3>\n\n\n\n<p>The Hydrogen Innovation Lab is designed to work with hydrogen gas from the generator, located upstream of the facility, and with normal gas coming from gas network. The practice of working with two gases, specifically hydrogen and natural gas, mixing them in varying percentages, is called&nbsp;<strong>hydrogen blending<\/strong>. The parameters to be considered for hydrogen blending are mainly pressure, temperature, flow rate, and humidity of the mixture.<\/p>\n\n\n\n<p>Because hydrogen and natural gas have different inlet pressures, there are&nbsp;<strong>two separate lines<\/strong>&nbsp;that make an initial pressure jump so that almost identical mixing pressures and temperatures are achieved. Hydrogen blending is handled through a&nbsp;<strong>mixing station consisting of three mass flow controllers<\/strong>, two on the hydrogen line and one on the natural gas line: these are flow meters connected to a electrovalve with continuous regulation. Once the desired mixture is set, the control system precisely adjusts the opening of the valves to ensure the correct flow rates on the two branches of the circuit and keep the final mixture balanced. The laboratory is designed to be able to generate&nbsp;<strong>any mixture between the two gases, up to and including working exclusively with hydrogen<\/strong>.<\/p>\n\n\n\n<p>Before mixtures with hydrogen can be injected into existing networks, it is necessary to be sure that the products used for pressure management and fiscal measurement are suitable for this purpose through a common path of study, experimentation, and observation to test materials and performance of the devices. The Hydrogen Innovation Lab was also created&nbsp;<strong>to evaluate the readiness of the instruments used along the network<\/strong>, that is, their ability to handle different mixtures of hydrogen and natural gas. Within the laboratory, various flow tests are carried out on regulators and meters with pure hydrogen or mixtures whose quality is verified in real time by gas chromatographic analysis. The test bench for testing the meters follows the indications reported in a&nbsp;<a href=\"https:\/\/www.sciencedirect.com\/science\/article\/pii\/S0263224122010788\" target=\"_blank\" rel=\"noreferrer noopener\">recently published scientific article<\/a>, with Pietro Fiorentini among the authors.<br>&nbsp;<\/p>\n\n\n\n<figure class=\"wp-block-gallery has-nested-images columns-default is-cropped wp-block-gallery-1 is-layout-flex wp-block-gallery-is-layout-flex\">\n<figure data-wp-context=\"{&quot;imageId&quot;:&quot;69d11f17d431a&quot;}\" data-wp-interactive=\"core\/image\" data-wp-key=\"69d11f17d431a\" class=\"wp-block-image size-full wp-lightbox-container\"><img decoding=\"async\" data-wp-class--hide=\"state.isContentHidden\" data-wp-class--show=\"state.isContentVisible\" data-wp-init=\"callbacks.setButtonStyles\" data-wp-on--click=\"actions.showLightbox\" data-wp-on--load=\"callbacks.setButtonStyles\" data-wp-on-window--resize=\"callbacks.setButtonStyles\" data-id=\"49005\" src=\"https:\/\/www.fiorentini-iberia.com\/wp-content\/uploads\/2024\/02\/hydrogen-lab-1.jpg\" alt=\"\" class=\"wp-image-49005\"\/><button\n\t\t\tclass=\"lightbox-trigger\"\n\t\t\ttype=\"button\"\n\t\t\taria-haspopup=\"dialog\"\n\t\t\taria-label=\"Enlarge\"\n\t\t\tdata-wp-init=\"callbacks.initTriggerButton\"\n\t\t\tdata-wp-on--click=\"actions.showLightbox\"\n\t\t\tdata-wp-style--right=\"state.imageButtonRight\"\n\t\t\tdata-wp-style--top=\"state.imageButtonTop\"\n\t\t>\n\t\t\t<svg xmlns=\"http:\/\/www.w3.org\/2000\/svg\" width=\"12\" height=\"12\" fill=\"none\" viewBox=\"0 0 12 12\">\n\t\t\t\t<path fill=\"#fff\" d=\"M2 0a2 2 0 0 0-2 2v2h1.5V2a.5.5 0 0 1 .5-.5h2V0H2Zm2 10.5H2a.5.5 0 0 1-.5-.5V8H0v2a2 2 0 0 0 2 2h2v-1.5ZM8 12v-1.5h2a.5.5 0 0 0 .5-.5V8H12v2a2 2 0 0 1-2 2H8Zm2-12a2 2 0 0 1 2 2v2h-1.5V2a.5.5 0 0 0-.5-.5H8V0h2Z\" \/>\n\t\t\t<\/svg>\n\t\t<\/button><\/figure>\n\n\n\n<figure data-wp-context=\"{&quot;imageId&quot;:&quot;69d11f17d4cf6&quot;}\" data-wp-interactive=\"core\/image\" data-wp-key=\"69d11f17d4cf6\" class=\"wp-block-image size-full wp-lightbox-container\"><img decoding=\"async\" data-wp-class--hide=\"state.isContentHidden\" data-wp-class--show=\"state.isContentVisible\" data-wp-init=\"callbacks.setButtonStyles\" data-wp-on--click=\"actions.showLightbox\" data-wp-on--load=\"callbacks.setButtonStyles\" data-wp-on-window--resize=\"callbacks.setButtonStyles\" data-id=\"49013\" src=\"https:\/\/www.fiorentini-iberia.com\/wp-content\/uploads\/2024\/02\/hydrogen-lab-2-1024x682-1.jpg\" alt=\"\" class=\"wp-image-49013\"\/><button\n\t\t\tclass=\"lightbox-trigger\"\n\t\t\ttype=\"button\"\n\t\t\taria-haspopup=\"dialog\"\n\t\t\taria-label=\"Enlarge\"\n\t\t\tdata-wp-init=\"callbacks.initTriggerButton\"\n\t\t\tdata-wp-on--click=\"actions.showLightbox\"\n\t\t\tdata-wp-style--right=\"state.imageButtonRight\"\n\t\t\tdata-wp-style--top=\"state.imageButtonTop\"\n\t\t>\n\t\t\t<svg xmlns=\"http:\/\/www.w3.org\/2000\/svg\" width=\"12\" height=\"12\" fill=\"none\" viewBox=\"0 0 12 12\">\n\t\t\t\t<path fill=\"#fff\" d=\"M2 0a2 2 0 0 0-2 2v2h1.5V2a.5.5 0 0 1 .5-.5h2V0H2Zm2 10.5H2a.5.5 0 0 1-.5-.5V8H0v2a2 2 0 0 0 2 2h2v-1.5ZM8 12v-1.5h2a.5.5 0 0 0 .5-.5V8H12v2a2 2 0 0 1-2 2H8Zm2-12a2 2 0 0 1 2 2v2h-1.5V2a.5.5 0 0 0-.5-.5H8V0h2Z\" \/>\n\t\t\t<\/svg>\n\t\t<\/button><\/figure>\n\n\n\n<figure data-wp-context=\"{&quot;imageId&quot;:&quot;69d11f17d548d&quot;}\" data-wp-interactive=\"core\/image\" data-wp-key=\"69d11f17d548d\" class=\"wp-block-image size-full wp-lightbox-container\"><img decoding=\"async\" data-wp-class--hide=\"state.isContentHidden\" data-wp-class--show=\"state.isContentVisible\" data-wp-init=\"callbacks.setButtonStyles\" data-wp-on--click=\"actions.showLightbox\" data-wp-on--load=\"callbacks.setButtonStyles\" data-wp-on-window--resize=\"callbacks.setButtonStyles\" data-id=\"49009\" src=\"https:\/\/www.fiorentini-iberia.com\/wp-content\/uploads\/2024\/02\/hydrogen-lab-3-1024x676-1.jpg\" alt=\"\" class=\"wp-image-49009\"\/><button\n\t\t\tclass=\"lightbox-trigger\"\n\t\t\ttype=\"button\"\n\t\t\taria-haspopup=\"dialog\"\n\t\t\taria-label=\"Enlarge\"\n\t\t\tdata-wp-init=\"callbacks.initTriggerButton\"\n\t\t\tdata-wp-on--click=\"actions.showLightbox\"\n\t\t\tdata-wp-style--right=\"state.imageButtonRight\"\n\t\t\tdata-wp-style--top=\"state.imageButtonTop\"\n\t\t>\n\t\t\t<svg xmlns=\"http:\/\/www.w3.org\/2000\/svg\" width=\"12\" height=\"12\" fill=\"none\" viewBox=\"0 0 12 12\">\n\t\t\t\t<path fill=\"#fff\" d=\"M2 0a2 2 0 0 0-2 2v2h1.5V2a.5.5 0 0 1 .5-.5h2V0H2Zm2 10.5H2a.5.5 0 0 1-.5-.5V8H0v2a2 2 0 0 0 2 2h2v-1.5ZM8 12v-1.5h2a.5.5 0 0 0 .5-.5V8H12v2a2 2 0 0 1-2 2H8Zm2-12a2 2 0 0 1 2 2v2h-1.5V2a.5.5 0 0 0-.5-.5H8V0h2Z\" \/>\n\t\t\t<\/svg>\n\t\t<\/button><\/figure>\n<\/figure>\n\n\n\n<p>&nbsp;<\/p>\n\n\n\n<h3 class=\"wp-block-heading\" id=\"an-innovation-centre-for-the-community\"><strong>An innovation centre for the community<\/strong><\/h3>\n\n\n\n<p>The purpose of Pietro Fiorentini\u2019s Hydrogen Innovation Lab is not only to be a simple testing area for the Group\u2019s products: the main objective of building the laboratory is to make it a true&nbsp;<strong>development accelerator<\/strong>, a catalyst for the creation of new technologies that can generate comparison and innovative solutions together with other entities and companies in the sector, creating&nbsp;<strong>a hub of excellence for Italy<\/strong>.<\/p>\n\n\n\n<p>In addition to this comparison, it is also necessary to interface with the final consumer, since the energy transition necessarily starts with the users who must see new technologies as an opportunity and not a threat: that is why the Hydrogen Innovation Lab also wants to be an&nbsp;<strong>educational and informative centre for the community<\/strong>.<\/p>\n\n\n\n<p><\/p>\n","protected":false},"excerpt":{"rendered":"<p>Pietro Fiorentini&#8217;s hydrogen journey saw the achievement of an important milestone in October 2022 with the inauguration of the hydrogen laboratory, a multifunctional facility at the Arcugnano headquarters capable of producing hydrogen, gas blending and testing device readiness.<\/p>\n","protected":false},"author":15,"featured_media":0,"parent":27426,"menu_order":0,"comment_status":"closed","ping_status":"closed","template":"","meta":{"_acf_changed":false,"inline_featured_image":false,"footnotes":""},"class_list":["post-27678","page","type-page","status-publish","hentry"],"acf":[],"yoast_head":"<!-- This site is optimized with the Yoast SEO plugin v27.2 - https:\/\/yoast.com\/product\/yoast-seo-wordpress\/ -->\n<title>Pietro Fiorentini\u2019s Hydrogen Innovation Lab - Pietro Fiorentini<\/title>\n<meta name=\"description\" content=\"On October 20, 2022, the virtual grand opening event of the Hydrogen Innovation Lab was held.\" \/>\n<meta name=\"robots\" content=\"index, follow, max-snippet:-1, max-image-preview:large, max-video-preview:-1\" \/>\n<link rel=\"canonical\" href=\"https:\/\/fiorentini-polska.com\/en\/expertise\/hydrogen\/pietro-fiorentinis-hydrogen-innovation-lab\/\" \/>\n<meta property=\"og:locale\" content=\"en_US\" \/>\n<meta property=\"og:type\" content=\"article\" \/>\n<meta property=\"og:title\" content=\"Pietro Fiorentini\u2019s Hydrogen Innovation Lab - Pietro Fiorentini\" \/>\n<meta property=\"og:description\" content=\"On October 20, 2022, the virtual grand opening event of the Hydrogen Innovation Lab was held.\" \/>\n<meta property=\"og:url\" content=\"https:\/\/fiorentini-polska.com\/en\/expertise\/hydrogen\/pietro-fiorentinis-hydrogen-innovation-lab\/\" \/>\n<meta property=\"og:site_name\" content=\"Pietro Fiorentini\" \/>\n<meta property=\"article:modified_time\" content=\"2024-02-23T15:45:09+00:00\" \/>\n<meta property=\"og:image\" content=\"https:\/\/www.fiorentini-iberia.com\/wp-content\/uploads\/2024\/02\/hydrogen-lab-1.jpg\" \/>\n<meta name=\"twitter:card\" content=\"summary_large_image\" \/>\n<meta name=\"twitter:site\" content=\"@FiorentiniSpa\" \/>\n<meta name=\"twitter:label1\" content=\"Est. reading time\" \/>\n\t<meta name=\"twitter:data1\" content=\"5 minutes\" \/>\n<script type=\"application\/ld+json\" class=\"yoast-schema-graph\">{\"@context\":\"https:\/\/schema.org\",\"@graph\":[{\"@type\":\"WebPage\",\"@id\":\"https:\/\/fiorentini-polska.com\/en\/expertise\/hydrogen\/pietro-fiorentinis-hydrogen-innovation-lab\/\",\"url\":\"https:\/\/fiorentini-polska.com\/en\/expertise\/hydrogen\/pietro-fiorentinis-hydrogen-innovation-lab\/\",\"name\":\"Pietro Fiorentini\u2019s Hydrogen Innovation Lab - Pietro Fiorentini\",\"isPartOf\":{\"@id\":\"https:\/\/www.fiorentini-polska.com\/en\/#website\"},\"primaryImageOfPage\":{\"@id\":\"https:\/\/fiorentini-polska.com\/en\/expertise\/hydrogen\/pietro-fiorentinis-hydrogen-innovation-lab\/#primaryimage\"},\"image\":{\"@id\":\"https:\/\/fiorentini-polska.com\/en\/expertise\/hydrogen\/pietro-fiorentinis-hydrogen-innovation-lab\/#primaryimage\"},\"thumbnailUrl\":\"https:\/\/www.fiorentini-iberia.com\/wp-content\/uploads\/2024\/02\/hydrogen-lab-1.jpg\",\"datePublished\":\"2024-02-23T15:45:08+00:00\",\"dateModified\":\"2024-02-23T15:45:09+00:00\",\"description\":\"On October 20, 2022, the virtual grand opening event of the Hydrogen Innovation Lab was held.\",\"breadcrumb\":{\"@id\":\"https:\/\/fiorentini-polska.com\/en\/expertise\/hydrogen\/pietro-fiorentinis-hydrogen-innovation-lab\/#breadcrumb\"},\"inLanguage\":\"en-US\",\"potentialAction\":[{\"@type\":\"ReadAction\",\"target\":[\"https:\/\/fiorentini-polska.com\/en\/expertise\/hydrogen\/pietro-fiorentinis-hydrogen-innovation-lab\/\"]}]},{\"@type\":\"ImageObject\",\"inLanguage\":\"en-US\",\"@id\":\"https:\/\/fiorentini-polska.com\/en\/expertise\/hydrogen\/pietro-fiorentinis-hydrogen-innovation-lab\/#primaryimage\",\"url\":\"https:\/\/www.fiorentini-iberia.com\/wp-content\/uploads\/2024\/02\/hydrogen-lab-1.jpg\",\"contentUrl\":\"https:\/\/www.fiorentini-iberia.com\/wp-content\/uploads\/2024\/02\/hydrogen-lab-1.jpg\"},{\"@type\":\"BreadcrumbList\",\"@id\":\"https:\/\/fiorentini-polska.com\/en\/expertise\/hydrogen\/pietro-fiorentinis-hydrogen-innovation-lab\/#breadcrumb\",\"itemListElement\":[{\"@type\":\"ListItem\",\"position\":1,\"name\":\"Home\",\"item\":\"https:\/\/www.fiorentini-polska.com\/en\/\"},{\"@type\":\"ListItem\",\"position\":2,\"name\":\"Expertise\",\"item\":\"https:\/\/fiorentini-polska.com\/en\/expertise\/\"},{\"@type\":\"ListItem\",\"position\":3,\"name\":\"Hydrogen\",\"item\":\"https:\/\/fiorentini-polska.com\/en\/expertise\/hydrogen\/\"},{\"@type\":\"ListItem\",\"position\":4,\"name\":\"Pietro Fiorentini\u2019s Hydrogen Innovation Lab\"}]},{\"@type\":\"WebSite\",\"@id\":\"https:\/\/www.fiorentini-polska.com\/en\/#website\",\"url\":\"https:\/\/www.fiorentini-polska.com\/en\/\",\"name\":\"Pietro Fiorentini Polska\",\"description\":\"Pietro Fiorentini projektuje i produkuje komponenty, systemy i us\u0142ugi do regulacji, pomiar\u00f3w i zarz\u0105dzania rop\u0105 naftow\u0105 i gazem.\",\"publisher\":{\"@id\":\"https:\/\/www.fiorentini-polska.com\/en\/#organization\"},\"potentialAction\":[{\"@type\":\"SearchAction\",\"target\":{\"@type\":\"EntryPoint\",\"urlTemplate\":\"https:\/\/www.fiorentini-polska.com\/en\/?s={search_term_string}\"},\"query-input\":{\"@type\":\"PropertyValueSpecification\",\"valueRequired\":true,\"valueName\":\"search_term_string\"}}],\"inLanguage\":\"en-US\"},{\"@type\":\"Organization\",\"@id\":\"https:\/\/www.fiorentini-polska.com\/en\/#organization\",\"name\":\"Pietro Fiorentini Polska\",\"url\":\"https:\/\/www.fiorentini-polska.com\/en\/\",\"logo\":{\"@type\":\"ImageObject\",\"inLanguage\":\"en-US\",\"@id\":\"https:\/\/www.fiorentini-polska.com\/en\/#\/schema\/logo\/image\/\",\"url\":\"https:\/\/www.fiorentini-polska.com\/wp-content\/uploads\/2021\/07\/LOGO_CMYK_COLOR.png\",\"contentUrl\":\"https:\/\/www.fiorentini-polska.com\/wp-content\/uploads\/2021\/07\/LOGO_CMYK_COLOR.png\",\"width\":3077,\"height\":1259,\"caption\":\"Pietro Fiorentini Polska\"},\"image\":{\"@id\":\"https:\/\/www.fiorentini-polska.com\/en\/#\/schema\/logo\/image\/\"},\"sameAs\":[\"https:\/\/x.com\/FiorentiniSpa\"]}]}<\/script>\n<!-- \/ Yoast SEO plugin. -->","yoast_head_json":{"title":"Pietro Fiorentini\u2019s Hydrogen Innovation Lab - Pietro Fiorentini","description":"On October 20, 2022, the virtual grand opening event of the Hydrogen Innovation Lab was held.","robots":{"index":"index","follow":"follow","max-snippet":"max-snippet:-1","max-image-preview":"max-image-preview:large","max-video-preview":"max-video-preview:-1"},"canonical":"https:\/\/fiorentini-polska.com\/en\/expertise\/hydrogen\/pietro-fiorentinis-hydrogen-innovation-lab\/","og_locale":"en_US","og_type":"article","og_title":"Pietro Fiorentini\u2019s Hydrogen Innovation Lab - Pietro Fiorentini","og_description":"On October 20, 2022, the virtual grand opening event of the Hydrogen Innovation Lab was held.","og_url":"https:\/\/fiorentini-polska.com\/en\/expertise\/hydrogen\/pietro-fiorentinis-hydrogen-innovation-lab\/","og_site_name":"Pietro Fiorentini","article_modified_time":"2024-02-23T15:45:09+00:00","og_image":[{"url":"https:\/\/www.fiorentini-iberia.com\/wp-content\/uploads\/2024\/02\/hydrogen-lab-1.jpg","type":"","width":"","height":""}],"twitter_card":"summary_large_image","twitter_site":"@FiorentiniSpa","twitter_misc":{"Est. reading time":"5 minutes"},"schema":{"@context":"https:\/\/schema.org","@graph":[{"@type":"WebPage","@id":"https:\/\/fiorentini-polska.com\/en\/expertise\/hydrogen\/pietro-fiorentinis-hydrogen-innovation-lab\/","url":"https:\/\/fiorentini-polska.com\/en\/expertise\/hydrogen\/pietro-fiorentinis-hydrogen-innovation-lab\/","name":"Pietro Fiorentini\u2019s Hydrogen Innovation Lab - Pietro Fiorentini","isPartOf":{"@id":"https:\/\/www.fiorentini-polska.com\/en\/#website"},"primaryImageOfPage":{"@id":"https:\/\/fiorentini-polska.com\/en\/expertise\/hydrogen\/pietro-fiorentinis-hydrogen-innovation-lab\/#primaryimage"},"image":{"@id":"https:\/\/fiorentini-polska.com\/en\/expertise\/hydrogen\/pietro-fiorentinis-hydrogen-innovation-lab\/#primaryimage"},"thumbnailUrl":"https:\/\/www.fiorentini-iberia.com\/wp-content\/uploads\/2024\/02\/hydrogen-lab-1.jpg","datePublished":"2024-02-23T15:45:08+00:00","dateModified":"2024-02-23T15:45:09+00:00","description":"On October 20, 2022, the virtual grand opening event of the Hydrogen Innovation Lab was held.","breadcrumb":{"@id":"https:\/\/fiorentini-polska.com\/en\/expertise\/hydrogen\/pietro-fiorentinis-hydrogen-innovation-lab\/#breadcrumb"},"inLanguage":"en-US","potentialAction":[{"@type":"ReadAction","target":["https:\/\/fiorentini-polska.com\/en\/expertise\/hydrogen\/pietro-fiorentinis-hydrogen-innovation-lab\/"]}]},{"@type":"ImageObject","inLanguage":"en-US","@id":"https:\/\/fiorentini-polska.com\/en\/expertise\/hydrogen\/pietro-fiorentinis-hydrogen-innovation-lab\/#primaryimage","url":"https:\/\/www.fiorentini-iberia.com\/wp-content\/uploads\/2024\/02\/hydrogen-lab-1.jpg","contentUrl":"https:\/\/www.fiorentini-iberia.com\/wp-content\/uploads\/2024\/02\/hydrogen-lab-1.jpg"},{"@type":"BreadcrumbList","@id":"https:\/\/fiorentini-polska.com\/en\/expertise\/hydrogen\/pietro-fiorentinis-hydrogen-innovation-lab\/#breadcrumb","itemListElement":[{"@type":"ListItem","position":1,"name":"Home","item":"https:\/\/www.fiorentini-polska.com\/en\/"},{"@type":"ListItem","position":2,"name":"Expertise","item":"https:\/\/fiorentini-polska.com\/en\/expertise\/"},{"@type":"ListItem","position":3,"name":"Hydrogen","item":"https:\/\/fiorentini-polska.com\/en\/expertise\/hydrogen\/"},{"@type":"ListItem","position":4,"name":"Pietro Fiorentini\u2019s Hydrogen Innovation Lab"}]},{"@type":"WebSite","@id":"https:\/\/www.fiorentini-polska.com\/en\/#website","url":"https:\/\/www.fiorentini-polska.com\/en\/","name":"Pietro Fiorentini Polska","description":"Pietro Fiorentini projektuje i produkuje komponenty, systemy i us\u0142ugi do regulacji, pomiar\u00f3w i zarz\u0105dzania rop\u0105 naftow\u0105 i gazem.","publisher":{"@id":"https:\/\/www.fiorentini-polska.com\/en\/#organization"},"potentialAction":[{"@type":"SearchAction","target":{"@type":"EntryPoint","urlTemplate":"https:\/\/www.fiorentini-polska.com\/en\/?s={search_term_string}"},"query-input":{"@type":"PropertyValueSpecification","valueRequired":true,"valueName":"search_term_string"}}],"inLanguage":"en-US"},{"@type":"Organization","@id":"https:\/\/www.fiorentini-polska.com\/en\/#organization","name":"Pietro Fiorentini Polska","url":"https:\/\/www.fiorentini-polska.com\/en\/","logo":{"@type":"ImageObject","inLanguage":"en-US","@id":"https:\/\/www.fiorentini-polska.com\/en\/#\/schema\/logo\/image\/","url":"https:\/\/www.fiorentini-polska.com\/wp-content\/uploads\/2021\/07\/LOGO_CMYK_COLOR.png","contentUrl":"https:\/\/www.fiorentini-polska.com\/wp-content\/uploads\/2021\/07\/LOGO_CMYK_COLOR.png","width":3077,"height":1259,"caption":"Pietro Fiorentini Polska"},"image":{"@id":"https:\/\/www.fiorentini-polska.com\/en\/#\/schema\/logo\/image\/"},"sameAs":["https:\/\/x.com\/FiorentiniSpa"]}]}},"_links":{"self":[{"href":"https:\/\/fiorentini-polska.com\/en\/wp-json\/wp\/v2\/pages\/27678","targetHints":{"allow":["GET"]}}],"collection":[{"href":"https:\/\/fiorentini-polska.com\/en\/wp-json\/wp\/v2\/pages"}],"about":[{"href":"https:\/\/fiorentini-polska.com\/en\/wp-json\/wp\/v2\/types\/page"}],"author":[{"embeddable":true,"href":"https:\/\/fiorentini-polska.com\/en\/wp-json\/wp\/v2\/users\/15"}],"replies":[{"embeddable":true,"href":"https:\/\/fiorentini-polska.com\/en\/wp-json\/wp\/v2\/comments?post=27678"}],"version-history":[{"count":1,"href":"https:\/\/fiorentini-polska.com\/en\/wp-json\/wp\/v2\/pages\/27678\/revisions"}],"predecessor-version":[{"id":27679,"href":"https:\/\/fiorentini-polska.com\/en\/wp-json\/wp\/v2\/pages\/27678\/revisions\/27679"}],"up":[{"embeddable":true,"href":"https:\/\/fiorentini-polska.com\/en\/wp-json\/wp\/v2\/pages\/27426"}],"wp:attachment":[{"href":"https:\/\/fiorentini-polska.com\/en\/wp-json\/wp\/v2\/media?parent=27678"}],"curies":[{"name":"wp","href":"https:\/\/api.w.org\/{rel}","templated":true}]}}