{"id":27635,"date":"2024-02-23T14:53:49","date_gmt":"2024-02-23T13:53:49","guid":{"rendered":"https:\/\/fiorentini-polska.com\/?page_id=27635"},"modified":"2026-02-17T12:31:05","modified_gmt":"2026-02-17T11:31:05","slug":"ultrasonic-smart-water-meters","status":"publish","type":"page","link":"https:\/\/fiorentini-polska.com\/en\/expertise\/water\/ultrasonic-smart-water-meters\/","title":{"rendered":"SSM-Aquo, flow digitalisation with ultrasonic water meters"},"content":{"rendered":"\n<p>While&nbsp;<strong>mechanical water meters<\/strong>&nbsp;measure the volume of water used by end-users in an analogue way and give very limited information focused on consumption, subject to continuous wear of moving parts,&nbsp;<strong>ultrasonic water meters<\/strong>&nbsp;do wear-free static ultrasonic metering, providing useful real-time flow rate information in an accurate way by means of an integrated remote reading module.<\/p>\n\n\n\n<h3 class=\"wp-block-heading\" id=\"ultrasonic-smart-water-meters-advantages\">&nbsp;<br>SSM Aquo <strong>Ultrasonic smart water meters advantages<\/strong><br>&nbsp;<\/h3>\n\n\n\n<p><strong>SSM-Aquo<\/strong>, with a compact design and brass connector, provides reliable and accurate integrated telemetry with a&nbsp;<strong>wide range of measurements<\/strong>&nbsp;over a variety of communication protocols that helps to reduce unaccounted-for water loss, either by early detection of leaks or potential fraud.<\/p>\n\n\n\n<p>The SSM-Aquo integrated telemetry offers&nbsp;<strong>the same high accuracy throughout its lifetime<\/strong>,&nbsp;<strong>up to 13 years guaranteed<\/strong> under normal conditions of use, with a minimum margin of error.<\/p>\n\n\n\n<p><strong>SSM-Aquo ultrasonic smart water meters<\/strong>, with brass connector,&nbsp;<strong>range from DN15 to DN40<\/strong>.<br>&nbsp;<\/p>\n\n\n\n<figure class=\"wp-block-image size-full\"><img loading=\"lazy\" decoding=\"async\" width=\"970\" height=\"223\" src=\"https:\/\/fiorentini-polska.com\/wp-content\/uploads\/2025\/01\/banner-Aigua-NB-IOT-ENG-1.jpg\" alt=\"\" class=\"wp-image-30727\" srcset=\"https:\/\/fiorentini-polska.com\/wp-content\/uploads\/2025\/01\/banner-Aigua-NB-IOT-ENG-1.jpg 970w, https:\/\/fiorentini-polska.com\/wp-content\/uploads\/2025\/01\/banner-Aigua-NB-IOT-ENG-1-300x69.jpg 300w, https:\/\/fiorentini-polska.com\/wp-content\/uploads\/2025\/01\/banner-Aigua-NB-IOT-ENG-1-768x177.jpg 768w\" sizes=\"auto, (max-width: 970px) 100vw, 970px\" \/><\/figure>\n\n\n\n<p>&nbsp;<br><strong>SSM-Aquo ultrasonic smart water meters<\/strong>, designed for the residential sector, offer<strong> a number of advantages over traditional mechanical metering<\/strong>:<br>&nbsp;<\/p>\n\n\n\n<ul class=\"wp-block-list\">\n<li>U-shaped ultrasonic meter<\/li>\n\n\n\n<li>higher accuracy due to static metering technology, with no moving parts subject to wear and tear<\/li>\n\n\n\n<li>reduced risk of misreading<\/li>\n\n\n\n<li>automated processes<\/li>\n\n\n\n<li>remote reading capability with different communication protocols: <strong>wM-Bus, 2\/4\/5G, <strong>LoraWan or NB-IoT transmission<\/strong>&nbsp;<strong>models<\/strong><\/strong><\/li>\n\n\n\n<li>effective detection of very low flow rates, no consumption, bursts and reverse flows<\/li>\n\n\n\n<li>compact design thanks to integrated communication module<\/li>\n\n\n\n<li>warnings and alarms to help detect potential leaks<\/li>\n\n\n\n<li>extended lifetime: up to 13 years of operation guaranteed&nbsp;under normal conditions of use<\/li>\n<\/ul>\n\n\n\n<h3 class=\"wp-block-heading has-text-align-center\" id=\"fiorentini-ultrasonic-smart-water-meters-technical-features\">&nbsp;<br>&nbsp;<br>Pietro <strong>Fiorentini SSM-Aquo<\/strong> <strong>ultrasonic smart water meters technical features<\/strong><br>&nbsp;<\/h3>\n\n\n\n<p class=\"has-text-align-center has-small-font-size\"><\/p>\n\n\n\n<figure class=\"wp-block-image size-full\"><img loading=\"lazy\" decoding=\"async\" width=\"1024\" height=\"317\" src=\"https:\/\/fiorentini-polska.com\/wp-content\/uploads\/2023\/10\/Tabella_Ottone-1024x429-ENG-ok.jpg\" alt=\"\" class=\"wp-image-29649\" srcset=\"https:\/\/fiorentini-polska.com\/wp-content\/uploads\/2023\/10\/Tabella_Ottone-1024x429-ENG-ok.jpg 1024w, https:\/\/fiorentini-polska.com\/wp-content\/uploads\/2023\/10\/Tabella_Ottone-1024x429-ENG-ok-300x93.jpg 300w, https:\/\/fiorentini-polska.com\/wp-content\/uploads\/2023\/10\/Tabella_Ottone-1024x429-ENG-ok-768x238.jpg 768w\" sizes=\"auto, (max-width: 1024px) 100vw, 1024px\" \/><\/figure>\n\n\n\n<p class=\"has-text-align-center has-small-font-size\"><\/p>\n\n\n\n<p>&nbsp;<br>&nbsp;<br><strong><a href=\"https:\/\/www.fiorentini-polska.com\/en\/solutions\/products\/water-meters\/ultrasonic-smart-water-meters\/ssm-aquo-lorawan\/\">SSM Aquo M-Bus + LoRaWAN product sheet<\/a><\/strong><\/p>\n\n\n\n<p><strong><a href=\"https:\/\/www.fiorentini-polska.com\/en\/solutions\/products\/water-meters\/ultrasonic-smart-water-meters\/ssm-aquo-nb-iot\/\">SSM Aquo NB-IoT product sheet<\/a><\/strong><\/p>\n","protected":false},"excerpt":{"rendered":"<p>Ultrasonic smart water meters measure the volume of water used by final users and are also used to determine flow through a specific portion of the cycle. Water metering is a component of public water resource management aimed at monitoring and eventually reducing water consumption.<\/p>\n","protected":false},"author":15,"featured_media":30740,"parent":27444,"menu_order":0,"comment_status":"closed","ping_status":"closed","template":"template-expertise-post.php","meta":{"_acf_changed":false,"inline_featured_image":false,"footnotes":""},"class_list":["post-27635","page","type-page","status-publish","has-post-thumbnail","hentry"],"acf":[],"yoast_head":"<!-- This site is optimized with the Yoast SEO plugin v27.2 - https:\/\/yoast.com\/product\/yoast-seo-wordpress\/ -->\n<title>SSM-Aquo, flow digitalisation with ultrasonic water meters - Pietro Fiorentini<\/title>\n<meta name=\"description\" content=\"Water meters measure the volume of water used by final users that are supplied with water by a public water supply system.\" \/>\n<meta name=\"robots\" content=\"index, follow, max-snippet:-1, max-image-preview:large, max-video-preview:-1\" \/>\n<link rel=\"canonical\" href=\"https:\/\/fiorentini-polska.com\/en\/expertise\/water\/ultrasonic-smart-water-meters\/\" \/>\n<meta property=\"og:locale\" content=\"en_US\" \/>\n<meta property=\"og:type\" content=\"article\" \/>\n<meta property=\"og:title\" content=\"SSM-Aquo, flow digitalisation with ultrasonic water meters - Pietro Fiorentini\" \/>\n<meta property=\"og:description\" content=\"Water meters measure the volume of water used by final users that are supplied with water by a public water supply system.\" \/>\n<meta property=\"og:url\" content=\"https:\/\/fiorentini-polska.com\/en\/expertise\/water\/ultrasonic-smart-water-meters\/\" \/>\n<meta property=\"og:site_name\" content=\"Pietro Fiorentini\" \/>\n<meta property=\"article:modified_time\" content=\"2026-02-17T11:31:05+00:00\" \/>\n<meta property=\"og:image\" content=\"https:\/\/fiorentini-polska.com\/wp-content\/uploads\/2026\/02\/Noticia-Smart-Water-meters-ENG.jpg\" \/>\n\t<meta property=\"og:image:width\" content=\"970\" \/>\n\t<meta property=\"og:image:height\" content=\"1020\" \/>\n\t<meta property=\"og:image:type\" content=\"image\/jpeg\" \/>\n<meta name=\"twitter:card\" content=\"summary_large_image\" \/>\n<meta name=\"twitter:site\" content=\"@FiorentiniSpa\" \/>\n<meta name=\"twitter:label1\" content=\"Est. reading time\" \/>\n\t<meta name=\"twitter:data1\" content=\"2 minutes\" \/>\n<script type=\"application\/ld+json\" class=\"yoast-schema-graph\">{\"@context\":\"https:\/\/schema.org\",\"@graph\":[{\"@type\":\"WebPage\",\"@id\":\"https:\/\/fiorentini-polska.com\/en\/expertise\/water\/ultrasonic-smart-water-meters\/\",\"url\":\"https:\/\/fiorentini-polska.com\/en\/expertise\/water\/ultrasonic-smart-water-meters\/\",\"name\":\"SSM-Aquo, flow digitalisation with ultrasonic water meters - Pietro Fiorentini\",\"isPartOf\":{\"@id\":\"https:\/\/www.fiorentini-polska.com\/en\/#website\"},\"primaryImageOfPage\":{\"@id\":\"https:\/\/fiorentini-polska.com\/en\/expertise\/water\/ultrasonic-smart-water-meters\/#primaryimage\"},\"image\":{\"@id\":\"https:\/\/fiorentini-polska.com\/en\/expertise\/water\/ultrasonic-smart-water-meters\/#primaryimage\"},\"thumbnailUrl\":\"https:\/\/fiorentini-polska.com\/wp-content\/uploads\/2026\/02\/Noticia-Smart-Water-meters-ENG.jpg\",\"datePublished\":\"2024-02-23T13:53:49+00:00\",\"dateModified\":\"2026-02-17T11:31:05+00:00\",\"description\":\"Water meters measure the volume of water used by final users that are supplied with water by a public water supply system.\",\"breadcrumb\":{\"@id\":\"https:\/\/fiorentini-polska.com\/en\/expertise\/water\/ultrasonic-smart-water-meters\/#breadcrumb\"},\"inLanguage\":\"en-US\",\"potentialAction\":[{\"@type\":\"ReadAction\",\"target\":[\"https:\/\/fiorentini-polska.com\/en\/expertise\/water\/ultrasonic-smart-water-meters\/\"]}]},{\"@type\":\"ImageObject\",\"inLanguage\":\"en-US\",\"@id\":\"https:\/\/fiorentini-polska.com\/en\/expertise\/water\/ultrasonic-smart-water-meters\/#primaryimage\",\"url\":\"https:\/\/fiorentini-polska.com\/wp-content\/uploads\/2026\/02\/Noticia-Smart-Water-meters-ENG.jpg\",\"contentUrl\":\"https:\/\/fiorentini-polska.com\/wp-content\/uploads\/2026\/02\/Noticia-Smart-Water-meters-ENG.jpg\",\"width\":970,\"height\":1020},{\"@type\":\"BreadcrumbList\",\"@id\":\"https:\/\/fiorentini-polska.com\/en\/expertise\/water\/ultrasonic-smart-water-meters\/#breadcrumb\",\"itemListElement\":[{\"@type\":\"ListItem\",\"position\":1,\"name\":\"Home\",\"item\":\"https:\/\/www.fiorentini-polska.com\/en\/\"},{\"@type\":\"ListItem\",\"position\":2,\"name\":\"Expertise\",\"item\":\"https:\/\/fiorentini-polska.com\/en\/expertise\/\"},{\"@type\":\"ListItem\",\"position\":3,\"name\":\"Water\",\"item\":\"https:\/\/fiorentini-polska.com\/en\/expertise\/water\/\"},{\"@type\":\"ListItem\",\"position\":4,\"name\":\"SSM-Aquo, flow digitalisation with ultrasonic water meters\"}]},{\"@type\":\"WebSite\",\"@id\":\"https:\/\/www.fiorentini-polska.com\/en\/#website\",\"url\":\"https:\/\/www.fiorentini-polska.com\/en\/\",\"name\":\"Pietro Fiorentini Polska\",\"description\":\"Pietro Fiorentini projektuje i produkuje komponenty, systemy i us\u0142ugi do regulacji, pomiar\u00f3w i zarz\u0105dzania rop\u0105 naftow\u0105 i gazem.\",\"publisher\":{\"@id\":\"https:\/\/www.fiorentini-polska.com\/en\/#organization\"},\"potentialAction\":[{\"@type\":\"SearchAction\",\"target\":{\"@type\":\"EntryPoint\",\"urlTemplate\":\"https:\/\/www.fiorentini-polska.com\/en\/?s={search_term_string}\"},\"query-input\":{\"@type\":\"PropertyValueSpecification\",\"valueRequired\":true,\"valueName\":\"search_term_string\"}}],\"inLanguage\":\"en-US\"},{\"@type\":\"Organization\",\"@id\":\"https:\/\/www.fiorentini-polska.com\/en\/#organization\",\"name\":\"Pietro Fiorentini Polska\",\"url\":\"https:\/\/www.fiorentini-polska.com\/en\/\",\"logo\":{\"@type\":\"ImageObject\",\"inLanguage\":\"en-US\",\"@id\":\"https:\/\/www.fiorentini-polska.com\/en\/#\/schema\/logo\/image\/\",\"url\":\"https:\/\/www.fiorentini-polska.com\/wp-content\/uploads\/2021\/07\/LOGO_CMYK_COLOR.png\",\"contentUrl\":\"https:\/\/www.fiorentini-polska.com\/wp-content\/uploads\/2021\/07\/LOGO_CMYK_COLOR.png\",\"width\":3077,\"height\":1259,\"caption\":\"Pietro Fiorentini Polska\"},\"image\":{\"@id\":\"https:\/\/www.fiorentini-polska.com\/en\/#\/schema\/logo\/image\/\"},\"sameAs\":[\"https:\/\/x.com\/FiorentiniSpa\"]}]}<\/script>\n<!-- \/ Yoast SEO plugin. -->","yoast_head_json":{"title":"SSM-Aquo, flow digitalisation with ultrasonic water meters - Pietro Fiorentini","description":"Water meters measure the volume of water used by final users that are supplied with water by a public water supply system.","robots":{"index":"index","follow":"follow","max-snippet":"max-snippet:-1","max-image-preview":"max-image-preview:large","max-video-preview":"max-video-preview:-1"},"canonical":"https:\/\/fiorentini-polska.com\/en\/expertise\/water\/ultrasonic-smart-water-meters\/","og_locale":"en_US","og_type":"article","og_title":"SSM-Aquo, flow digitalisation with ultrasonic water meters - Pietro Fiorentini","og_description":"Water meters measure the volume of water used by final users that are supplied with water by a public water supply system.","og_url":"https:\/\/fiorentini-polska.com\/en\/expertise\/water\/ultrasonic-smart-water-meters\/","og_site_name":"Pietro Fiorentini","article_modified_time":"2026-02-17T11:31:05+00:00","og_image":[{"width":970,"height":1020,"url":"https:\/\/fiorentini-polska.com\/wp-content\/uploads\/2026\/02\/Noticia-Smart-Water-meters-ENG.jpg","type":"image\/jpeg"}],"twitter_card":"summary_large_image","twitter_site":"@FiorentiniSpa","twitter_misc":{"Est. reading time":"2 minutes"},"schema":{"@context":"https:\/\/schema.org","@graph":[{"@type":"WebPage","@id":"https:\/\/fiorentini-polska.com\/en\/expertise\/water\/ultrasonic-smart-water-meters\/","url":"https:\/\/fiorentini-polska.com\/en\/expertise\/water\/ultrasonic-smart-water-meters\/","name":"SSM-Aquo, flow digitalisation with ultrasonic water meters - Pietro Fiorentini","isPartOf":{"@id":"https:\/\/www.fiorentini-polska.com\/en\/#website"},"primaryImageOfPage":{"@id":"https:\/\/fiorentini-polska.com\/en\/expertise\/water\/ultrasonic-smart-water-meters\/#primaryimage"},"image":{"@id":"https:\/\/fiorentini-polska.com\/en\/expertise\/water\/ultrasonic-smart-water-meters\/#primaryimage"},"thumbnailUrl":"https:\/\/fiorentini-polska.com\/wp-content\/uploads\/2026\/02\/Noticia-Smart-Water-meters-ENG.jpg","datePublished":"2024-02-23T13:53:49+00:00","dateModified":"2026-02-17T11:31:05+00:00","description":"Water meters measure the volume of water used by final users that are supplied with water by a public water supply system.","breadcrumb":{"@id":"https:\/\/fiorentini-polska.com\/en\/expertise\/water\/ultrasonic-smart-water-meters\/#breadcrumb"},"inLanguage":"en-US","potentialAction":[{"@type":"ReadAction","target":["https:\/\/fiorentini-polska.com\/en\/expertise\/water\/ultrasonic-smart-water-meters\/"]}]},{"@type":"ImageObject","inLanguage":"en-US","@id":"https:\/\/fiorentini-polska.com\/en\/expertise\/water\/ultrasonic-smart-water-meters\/#primaryimage","url":"https:\/\/fiorentini-polska.com\/wp-content\/uploads\/2026\/02\/Noticia-Smart-Water-meters-ENG.jpg","contentUrl":"https:\/\/fiorentini-polska.com\/wp-content\/uploads\/2026\/02\/Noticia-Smart-Water-meters-ENG.jpg","width":970,"height":1020},{"@type":"BreadcrumbList","@id":"https:\/\/fiorentini-polska.com\/en\/expertise\/water\/ultrasonic-smart-water-meters\/#breadcrumb","itemListElement":[{"@type":"ListItem","position":1,"name":"Home","item":"https:\/\/www.fiorentini-polska.com\/en\/"},{"@type":"ListItem","position":2,"name":"Expertise","item":"https:\/\/fiorentini-polska.com\/en\/expertise\/"},{"@type":"ListItem","position":3,"name":"Water","item":"https:\/\/fiorentini-polska.com\/en\/expertise\/water\/"},{"@type":"ListItem","position":4,"name":"SSM-Aquo, flow digitalisation with ultrasonic water meters"}]},{"@type":"WebSite","@id":"https:\/\/www.fiorentini-polska.com\/en\/#website","url":"https:\/\/www.fiorentini-polska.com\/en\/","name":"Pietro Fiorentini Polska","description":"Pietro Fiorentini projektuje i produkuje komponenty, systemy i us\u0142ugi do regulacji, pomiar\u00f3w i zarz\u0105dzania rop\u0105 naftow\u0105 i gazem.","publisher":{"@id":"https:\/\/www.fiorentini-polska.com\/en\/#organization"},"potentialAction":[{"@type":"SearchAction","target":{"@type":"EntryPoint","urlTemplate":"https:\/\/www.fiorentini-polska.com\/en\/?s={search_term_string}"},"query-input":{"@type":"PropertyValueSpecification","valueRequired":true,"valueName":"search_term_string"}}],"inLanguage":"en-US"},{"@type":"Organization","@id":"https:\/\/www.fiorentini-polska.com\/en\/#organization","name":"Pietro Fiorentini Polska","url":"https:\/\/www.fiorentini-polska.com\/en\/","logo":{"@type":"ImageObject","inLanguage":"en-US","@id":"https:\/\/www.fiorentini-polska.com\/en\/#\/schema\/logo\/image\/","url":"https:\/\/www.fiorentini-polska.com\/wp-content\/uploads\/2021\/07\/LOGO_CMYK_COLOR.png","contentUrl":"https:\/\/www.fiorentini-polska.com\/wp-content\/uploads\/2021\/07\/LOGO_CMYK_COLOR.png","width":3077,"height":1259,"caption":"Pietro Fiorentini Polska"},"image":{"@id":"https:\/\/www.fiorentini-polska.com\/en\/#\/schema\/logo\/image\/"},"sameAs":["https:\/\/x.com\/FiorentiniSpa"]}]}},"_links":{"self":[{"href":"https:\/\/fiorentini-polska.com\/en\/wp-json\/wp\/v2\/pages\/27635","targetHints":{"allow":["GET"]}}],"collection":[{"href":"https:\/\/fiorentini-polska.com\/en\/wp-json\/wp\/v2\/pages"}],"about":[{"href":"https:\/\/fiorentini-polska.com\/en\/wp-json\/wp\/v2\/types\/page"}],"author":[{"embeddable":true,"href":"https:\/\/fiorentini-polska.com\/en\/wp-json\/wp\/v2\/users\/15"}],"replies":[{"embeddable":true,"href":"https:\/\/fiorentini-polska.com\/en\/wp-json\/wp\/v2\/comments?post=27635"}],"version-history":[{"count":3,"href":"https:\/\/fiorentini-polska.com\/en\/wp-json\/wp\/v2\/pages\/27635\/revisions"}],"predecessor-version":[{"id":30739,"href":"https:\/\/fiorentini-polska.com\/en\/wp-json\/wp\/v2\/pages\/27635\/revisions\/30739"}],"up":[{"embeddable":true,"href":"https:\/\/fiorentini-polska.com\/en\/wp-json\/wp\/v2\/pages\/27444"}],"wp:featuredmedia":[{"embeddable":true,"href":"https:\/\/fiorentini-polska.com\/en\/wp-json\/wp\/v2\/media\/30740"}],"wp:attachment":[{"href":"https:\/\/fiorentini-polska.com\/en\/wp-json\/wp\/v2\/media?parent=27635"}],"curies":[{"name":"wp","href":"https:\/\/api.w.org\/{rel}","templated":true}]}}