{"id":27616,"date":"2024-02-23T14:26:12","date_gmt":"2024-02-23T13:26:12","guid":{"rendered":"https:\/\/fiorentini-polska.com\/?page_id=27616"},"modified":"2024-10-20T11:27:26","modified_gmt":"2024-10-20T09:27:26","slug":"digitalising-the-water-cycle","status":"publish","type":"page","link":"https:\/\/fiorentini-polska.com\/en\/expertise\/water\/digitalising-the-water-cycle\/","title":{"rendered":"Digitalising the water cycle"},"content":{"rendered":"\n<p><strong>Within the water cycle coexist a wide number of different and complex systems<\/strong>, requiring thousands of control points and simple installations of valves or sensors, characterized by a limited but important number of signals. Therefore, automation tools (PLC, SCADA, DCS) and remote-control systems need to be fully integrated for an effective service management.<\/p>\n\n\n\n<p>The application of&nbsp;<strong>IoT technology&nbsp;<\/strong>enables the strategic management of the water cycle thanks to widespread diffusion of sensors and a large-scale availability of information accessible from cloud.<\/p>\n\n\n\n<p>The Pietro Fiorentini Group offers&nbsp;<strong>hardware and software solutions<\/strong>&nbsp;for the complete control of water networks&nbsp;<strong>at every stage of the process<\/strong>, avoiding the problems of overlap and integration that arise from having to rely on different partners, but also flexible in offering specific solutions for specific needs.<\/p>\n\n\n\n<p>Products and services are\u00a0<strong>synergically integrated<\/strong>\u00a0with each other, thus\u00a0<strong>increasing performance and efficiency<\/strong>\u00a0to the complete benefit of the customer.<br>\u00a0<\/p>\n\n\n\n<figure class=\"wp-block-embed aligncenter is-type-video is-provider-youtube wp-block-embed-youtube wp-embed-aspect-16-9 wp-has-aspect-ratio\"><div class=\"wp-block-embed__wrapper\">\n<iframe loading=\"lazy\" title=\"Leading Innovation for Sustainable Water\" width=\"500\" height=\"281\" src=\"https:\/\/www.youtube.com\/embed\/KZnretHzdmQ?feature=oembed\" frameborder=\"0\" allow=\"accelerometer; autoplay; clipboard-write; encrypted-media; gyroscope; picture-in-picture; web-share\" referrerpolicy=\"strict-origin-when-cross-origin\" allowfullscreen><\/iframe>\n<\/div><\/figure>\n\n\n\n<figure class=\"wp-block-image size-full\"><img loading=\"lazy\" decoding=\"async\" width=\"1024\" height=\"551\" src=\"https:\/\/fiorentini-polska.com\/wp-content\/uploads\/2024\/02\/Digitalizing_water_cycle-1024x551-1.jpg\" alt=\"Digitalising the water cycle\" class=\"wp-image-27620\" srcset=\"https:\/\/fiorentini-polska.com\/wp-content\/uploads\/2024\/02\/Digitalizing_water_cycle-1024x551-1.jpg 1024w, https:\/\/fiorentini-polska.com\/wp-content\/uploads\/2024\/02\/Digitalizing_water_cycle-1024x551-1-300x161.jpg 300w, https:\/\/fiorentini-polska.com\/wp-content\/uploads\/2024\/02\/Digitalizing_water_cycle-1024x551-1-768x413.jpg 768w\" sizes=\"auto, (max-width: 1024px) 100vw, 1024px\" \/><\/figure>\n","protected":false},"excerpt":{"rendered":"<p>Within the water cycle coexist a wide number of complex systems, requiring thousands of control points and simple installations of valves or sensors, characterised by a limited but important number of signals. The application of lot technology enables the strategic management of the water cycle.<\/p>\n","protected":false},"author":15,"featured_media":0,"parent":27444,"menu_order":2,"comment_status":"closed","ping_status":"closed","template":"template-expertise-post.php","meta":{"_acf_changed":false,"inline_featured_image":false,"footnotes":""},"class_list":["post-27616","page","type-page","status-publish","hentry"],"acf":[],"yoast_head":"<!-- This site is optimized with the Yoast SEO plugin v27.2 - https:\/\/yoast.com\/product\/yoast-seo-wordpress\/ -->\n<title>Digitalising the water cycle - Pietro Fiorentini<\/title>\n<meta name=\"description\" content=\"Good water governance is a strategic responsibility from every point of view: institutional, environmental and economic.\" \/>\n<meta name=\"robots\" content=\"index, follow, max-snippet:-1, max-image-preview:large, max-video-preview:-1\" \/>\n<link rel=\"canonical\" href=\"https:\/\/fiorentini-polska.com\/en\/expertise\/water\/digitalising-the-water-cycle\/\" \/>\n<meta property=\"og:locale\" content=\"en_US\" \/>\n<meta property=\"og:type\" content=\"article\" \/>\n<meta property=\"og:title\" content=\"Digitalising the water cycle - Pietro Fiorentini\" \/>\n<meta property=\"og:description\" content=\"Good water governance is a strategic responsibility from every point of view: institutional, environmental and economic.\" \/>\n<meta property=\"og:url\" content=\"https:\/\/fiorentini-polska.com\/en\/expertise\/water\/digitalising-the-water-cycle\/\" \/>\n<meta property=\"og:site_name\" content=\"Pietro Fiorentini\" \/>\n<meta property=\"article:modified_time\" content=\"2024-10-20T09:27:26+00:00\" \/>\n<meta property=\"og:image\" content=\"https:\/\/fiorentini-polska.com\/wp-content\/uploads\/2024\/02\/Digitalizing_water_cycle-1024x551-1.jpg\" \/>\n<meta name=\"twitter:card\" content=\"summary_large_image\" \/>\n<meta name=\"twitter:site\" content=\"@FiorentiniSpa\" \/>\n<meta name=\"twitter:label1\" content=\"Est. reading time\" \/>\n\t<meta name=\"twitter:data1\" content=\"1 minute\" \/>\n<script type=\"application\/ld+json\" class=\"yoast-schema-graph\">{\"@context\":\"https:\/\/schema.org\",\"@graph\":[{\"@type\":\"WebPage\",\"@id\":\"https:\/\/fiorentini-polska.com\/en\/expertise\/water\/digitalising-the-water-cycle\/\",\"url\":\"https:\/\/fiorentini-polska.com\/en\/expertise\/water\/digitalising-the-water-cycle\/\",\"name\":\"Digitalising the water cycle - Pietro Fiorentini\",\"isPartOf\":{\"@id\":\"https:\/\/www.fiorentini-polska.com\/en\/#website\"},\"primaryImageOfPage\":{\"@id\":\"https:\/\/fiorentini-polska.com\/en\/expertise\/water\/digitalising-the-water-cycle\/#primaryimage\"},\"image\":{\"@id\":\"https:\/\/fiorentini-polska.com\/en\/expertise\/water\/digitalising-the-water-cycle\/#primaryimage\"},\"thumbnailUrl\":\"https:\/\/fiorentini-polska.com\/wp-content\/uploads\/2024\/02\/Digitalizing_water_cycle-1024x551-1.jpg\",\"datePublished\":\"2024-02-23T13:26:12+00:00\",\"dateModified\":\"2024-10-20T09:27:26+00:00\",\"description\":\"Good water governance is a strategic responsibility from every point of view: institutional, environmental and economic.\",\"breadcrumb\":{\"@id\":\"https:\/\/fiorentini-polska.com\/en\/expertise\/water\/digitalising-the-water-cycle\/#breadcrumb\"},\"inLanguage\":\"en-US\",\"potentialAction\":[{\"@type\":\"ReadAction\",\"target\":[\"https:\/\/fiorentini-polska.com\/en\/expertise\/water\/digitalising-the-water-cycle\/\"]}]},{\"@type\":\"ImageObject\",\"inLanguage\":\"en-US\",\"@id\":\"https:\/\/fiorentini-polska.com\/en\/expertise\/water\/digitalising-the-water-cycle\/#primaryimage\",\"url\":\"https:\/\/fiorentini-polska.com\/wp-content\/uploads\/2024\/02\/Digitalizing_water_cycle-1024x551-1.jpg\",\"contentUrl\":\"https:\/\/fiorentini-polska.com\/wp-content\/uploads\/2024\/02\/Digitalizing_water_cycle-1024x551-1.jpg\"},{\"@type\":\"BreadcrumbList\",\"@id\":\"https:\/\/fiorentini-polska.com\/en\/expertise\/water\/digitalising-the-water-cycle\/#breadcrumb\",\"itemListElement\":[{\"@type\":\"ListItem\",\"position\":1,\"name\":\"Home\",\"item\":\"https:\/\/www.fiorentini-polska.com\/en\/\"},{\"@type\":\"ListItem\",\"position\":2,\"name\":\"Expertise\",\"item\":\"https:\/\/fiorentini-polska.com\/en\/expertise\/\"},{\"@type\":\"ListItem\",\"position\":3,\"name\":\"Water\",\"item\":\"https:\/\/fiorentini-polska.com\/en\/expertise\/water\/\"},{\"@type\":\"ListItem\",\"position\":4,\"name\":\"Digitalising the water cycle\"}]},{\"@type\":\"WebSite\",\"@id\":\"https:\/\/www.fiorentini-polska.com\/en\/#website\",\"url\":\"https:\/\/www.fiorentini-polska.com\/en\/\",\"name\":\"Pietro Fiorentini Polska\",\"description\":\"Pietro Fiorentini projektuje i produkuje komponenty, systemy i us\u0142ugi do regulacji, pomiar\u00f3w i zarz\u0105dzania rop\u0105 naftow\u0105 i gazem.\",\"publisher\":{\"@id\":\"https:\/\/www.fiorentini-polska.com\/en\/#organization\"},\"potentialAction\":[{\"@type\":\"SearchAction\",\"target\":{\"@type\":\"EntryPoint\",\"urlTemplate\":\"https:\/\/www.fiorentini-polska.com\/en\/?s={search_term_string}\"},\"query-input\":{\"@type\":\"PropertyValueSpecification\",\"valueRequired\":true,\"valueName\":\"search_term_string\"}}],\"inLanguage\":\"en-US\"},{\"@type\":\"Organization\",\"@id\":\"https:\/\/www.fiorentini-polska.com\/en\/#organization\",\"name\":\"Pietro Fiorentini Polska\",\"url\":\"https:\/\/www.fiorentini-polska.com\/en\/\",\"logo\":{\"@type\":\"ImageObject\",\"inLanguage\":\"en-US\",\"@id\":\"https:\/\/www.fiorentini-polska.com\/en\/#\/schema\/logo\/image\/\",\"url\":\"https:\/\/www.fiorentini-polska.com\/wp-content\/uploads\/2021\/07\/LOGO_CMYK_COLOR.png\",\"contentUrl\":\"https:\/\/www.fiorentini-polska.com\/wp-content\/uploads\/2021\/07\/LOGO_CMYK_COLOR.png\",\"width\":3077,\"height\":1259,\"caption\":\"Pietro Fiorentini Polska\"},\"image\":{\"@id\":\"https:\/\/www.fiorentini-polska.com\/en\/#\/schema\/logo\/image\/\"},\"sameAs\":[\"https:\/\/x.com\/FiorentiniSpa\"]}]}<\/script>\n<!-- \/ Yoast SEO plugin. -->","yoast_head_json":{"title":"Digitalising the water cycle - Pietro Fiorentini","description":"Good water governance is a strategic responsibility from every point of view: institutional, environmental and economic.","robots":{"index":"index","follow":"follow","max-snippet":"max-snippet:-1","max-image-preview":"max-image-preview:large","max-video-preview":"max-video-preview:-1"},"canonical":"https:\/\/fiorentini-polska.com\/en\/expertise\/water\/digitalising-the-water-cycle\/","og_locale":"en_US","og_type":"article","og_title":"Digitalising the water cycle - Pietro Fiorentini","og_description":"Good water governance is a strategic responsibility from every point of view: institutional, environmental and economic.","og_url":"https:\/\/fiorentini-polska.com\/en\/expertise\/water\/digitalising-the-water-cycle\/","og_site_name":"Pietro Fiorentini","article_modified_time":"2024-10-20T09:27:26+00:00","og_image":[{"url":"https:\/\/fiorentini-polska.com\/wp-content\/uploads\/2024\/02\/Digitalizing_water_cycle-1024x551-1.jpg","type":"","width":"","height":""}],"twitter_card":"summary_large_image","twitter_site":"@FiorentiniSpa","twitter_misc":{"Est. reading time":"1 minute"},"schema":{"@context":"https:\/\/schema.org","@graph":[{"@type":"WebPage","@id":"https:\/\/fiorentini-polska.com\/en\/expertise\/water\/digitalising-the-water-cycle\/","url":"https:\/\/fiorentini-polska.com\/en\/expertise\/water\/digitalising-the-water-cycle\/","name":"Digitalising the water cycle - Pietro Fiorentini","isPartOf":{"@id":"https:\/\/www.fiorentini-polska.com\/en\/#website"},"primaryImageOfPage":{"@id":"https:\/\/fiorentini-polska.com\/en\/expertise\/water\/digitalising-the-water-cycle\/#primaryimage"},"image":{"@id":"https:\/\/fiorentini-polska.com\/en\/expertise\/water\/digitalising-the-water-cycle\/#primaryimage"},"thumbnailUrl":"https:\/\/fiorentini-polska.com\/wp-content\/uploads\/2024\/02\/Digitalizing_water_cycle-1024x551-1.jpg","datePublished":"2024-02-23T13:26:12+00:00","dateModified":"2024-10-20T09:27:26+00:00","description":"Good water governance is a strategic responsibility from every point of view: institutional, environmental and economic.","breadcrumb":{"@id":"https:\/\/fiorentini-polska.com\/en\/expertise\/water\/digitalising-the-water-cycle\/#breadcrumb"},"inLanguage":"en-US","potentialAction":[{"@type":"ReadAction","target":["https:\/\/fiorentini-polska.com\/en\/expertise\/water\/digitalising-the-water-cycle\/"]}]},{"@type":"ImageObject","inLanguage":"en-US","@id":"https:\/\/fiorentini-polska.com\/en\/expertise\/water\/digitalising-the-water-cycle\/#primaryimage","url":"https:\/\/fiorentini-polska.com\/wp-content\/uploads\/2024\/02\/Digitalizing_water_cycle-1024x551-1.jpg","contentUrl":"https:\/\/fiorentini-polska.com\/wp-content\/uploads\/2024\/02\/Digitalizing_water_cycle-1024x551-1.jpg"},{"@type":"BreadcrumbList","@id":"https:\/\/fiorentini-polska.com\/en\/expertise\/water\/digitalising-the-water-cycle\/#breadcrumb","itemListElement":[{"@type":"ListItem","position":1,"name":"Home","item":"https:\/\/www.fiorentini-polska.com\/en\/"},{"@type":"ListItem","position":2,"name":"Expertise","item":"https:\/\/fiorentini-polska.com\/en\/expertise\/"},{"@type":"ListItem","position":3,"name":"Water","item":"https:\/\/fiorentini-polska.com\/en\/expertise\/water\/"},{"@type":"ListItem","position":4,"name":"Digitalising the water cycle"}]},{"@type":"WebSite","@id":"https:\/\/www.fiorentini-polska.com\/en\/#website","url":"https:\/\/www.fiorentini-polska.com\/en\/","name":"Pietro Fiorentini Polska","description":"Pietro Fiorentini projektuje i produkuje komponenty, systemy i us\u0142ugi do regulacji, pomiar\u00f3w i zarz\u0105dzania rop\u0105 naftow\u0105 i gazem.","publisher":{"@id":"https:\/\/www.fiorentini-polska.com\/en\/#organization"},"potentialAction":[{"@type":"SearchAction","target":{"@type":"EntryPoint","urlTemplate":"https:\/\/www.fiorentini-polska.com\/en\/?s={search_term_string}"},"query-input":{"@type":"PropertyValueSpecification","valueRequired":true,"valueName":"search_term_string"}}],"inLanguage":"en-US"},{"@type":"Organization","@id":"https:\/\/www.fiorentini-polska.com\/en\/#organization","name":"Pietro Fiorentini Polska","url":"https:\/\/www.fiorentini-polska.com\/en\/","logo":{"@type":"ImageObject","inLanguage":"en-US","@id":"https:\/\/www.fiorentini-polska.com\/en\/#\/schema\/logo\/image\/","url":"https:\/\/www.fiorentini-polska.com\/wp-content\/uploads\/2021\/07\/LOGO_CMYK_COLOR.png","contentUrl":"https:\/\/www.fiorentini-polska.com\/wp-content\/uploads\/2021\/07\/LOGO_CMYK_COLOR.png","width":3077,"height":1259,"caption":"Pietro Fiorentini Polska"},"image":{"@id":"https:\/\/www.fiorentini-polska.com\/en\/#\/schema\/logo\/image\/"},"sameAs":["https:\/\/x.com\/FiorentiniSpa"]}]}},"_links":{"self":[{"href":"https:\/\/fiorentini-polska.com\/en\/wp-json\/wp\/v2\/pages\/27616","targetHints":{"allow":["GET"]}}],"collection":[{"href":"https:\/\/fiorentini-polska.com\/en\/wp-json\/wp\/v2\/pages"}],"about":[{"href":"https:\/\/fiorentini-polska.com\/en\/wp-json\/wp\/v2\/types\/page"}],"author":[{"embeddable":true,"href":"https:\/\/fiorentini-polska.com\/en\/wp-json\/wp\/v2\/users\/15"}],"replies":[{"embeddable":true,"href":"https:\/\/fiorentini-polska.com\/en\/wp-json\/wp\/v2\/comments?post=27616"}],"version-history":[{"count":2,"href":"https:\/\/fiorentini-polska.com\/en\/wp-json\/wp\/v2\/pages\/27616\/revisions"}],"predecessor-version":[{"id":27634,"href":"https:\/\/fiorentini-polska.com\/en\/wp-json\/wp\/v2\/pages\/27616\/revisions\/27634"}],"up":[{"embeddable":true,"href":"https:\/\/fiorentini-polska.com\/en\/wp-json\/wp\/v2\/pages\/27444"}],"wp:attachment":[{"href":"https:\/\/fiorentini-polska.com\/en\/wp-json\/wp\/v2\/media?parent=27616"}],"curies":[{"name":"wp","href":"https:\/\/api.w.org\/{rel}","templated":true}]}}