{"id":27588,"date":"2024-02-23T12:18:42","date_gmt":"2024-02-23T11:18:42","guid":{"rendered":"https:\/\/fiorentini-polska.com\/?page_id=27588"},"modified":"2024-02-23T12:23:27","modified_gmt":"2024-02-23T11:23:27","slug":"biomethane-the-advantages-of-this-gas","status":"publish","type":"page","link":"https:\/\/fiorentini-polska.com\/en\/expertise\/biomethane\/biomethane-the-advantages-of-this-gas\/","title":{"rendered":"Biomethane: the advantages of this gas"},"content":{"rendered":"\n<p class=\"has-text-color has-link-color has-medium-font-size wp-elements-2439f52946470efc80df7976369540f2\" style=\"color:#199782\"><strong>A GAS, MANY ADVANTAGES FOR COMMUNITIES<\/strong><\/p>\n\n\n\n<figure class=\"wp-block-image size-full\"><img loading=\"lazy\" decoding=\"async\" width=\"1024\" height=\"723\" src=\"https:\/\/fiorentini-polska.com\/wp-content\/uploads\/2024\/02\/RENEWABLES_green_world-1-1024x723-1.jpg\" alt=\"A GAS, MANY ADVANTAGES FOR COMMUNITIES\" class=\"wp-image-27589\" srcset=\"https:\/\/fiorentini-polska.com\/wp-content\/uploads\/2024\/02\/RENEWABLES_green_world-1-1024x723-1.jpg 1024w, https:\/\/fiorentini-polska.com\/wp-content\/uploads\/2024\/02\/RENEWABLES_green_world-1-1024x723-1-300x212.jpg 300w, https:\/\/fiorentini-polska.com\/wp-content\/uploads\/2024\/02\/RENEWABLES_green_world-1-1024x723-1-768x542.jpg 768w\" sizes=\"auto, (max-width: 1024px) 100vw, 1024px\" \/><\/figure>\n\n\n\n<p>\u00a0<\/p>\n\n\n\n<p>As part of an energy-efficient and zero-emission pathway, natural gas will be increasingly complemented by the&nbsp;<strong>production of biogas and biomethane<\/strong>, which is considered as one of the resources that will contribute most to reducing the current state of air pollution.<\/p>\n\n\n\n<p>The increasing production and subsequent use of biomethane will bring as\u00a0<strong>advantages<\/strong>\u00a0an\u00a0<strong>acceleration in the processes towards carbon neutrality and circular economy<\/strong>.<br>\u00a0<\/p>\n\n\n\n<ol class=\"wp-block-list\">\n<li><strong><a href=\"#Sustainability\">Sustainability and circular economy: what they are<\/a><\/strong><\/li>\n\n\n\n<li><strong><a href=\"#why\">Why biomethane is a sustainable gas<\/a><\/strong>\u00a0<\/li>\n<\/ol>\n\n\n\n<p class=\"has-text-color has-link-color has-medium-font-size wp-elements-37cd2f042d834f75f7e9cfc34e0ea99c\" id=\"Sustainability\" style=\"color:#199782;text-transform:uppercase\">\u00a0<br><strong>Sustainability and circular economy: what they are<\/strong><\/p>\n\n\n\n<p>Under the umbrella of \u201csustainability\u201d we find different areas in which sustainability can be declined. In general, we can define&nbsp;<strong>sustainability<\/strong>&nbsp;as the&nbsp;<strong>condition of development that meets the needs of the present generation without compromising the ability of subsequent generations to meet their own needs<\/strong>. There are three main areas of sustainability, which, when they intersect, can enable the realisation of full&nbsp;<strong>sustainable development<\/strong>: economic sustainability, environmental sustainability and social sustainability.<\/p>\n\n\n\n<p>The\u00a0<strong>circular economy<\/strong>\u00a0is strictly connected with sustainability: it is in fact a model of production and consumption in which\u00a0<strong>sharing, reuse, repair, reconditioning and recycling of materials<\/strong>\u00a0are emphasised. What in the \u201ctraditional\u201d economy is considered as waste, here is recovered and reused, thus reducing waste and enhancing the specificities and potential of the territory.<\/p>\n\n\n\n<figure class=\"wp-block-image size-full\"><img loading=\"lazy\" decoding=\"async\" width=\"1024\" height=\"790\" src=\"https:\/\/fiorentini-polska.com\/wp-content\/uploads\/2024\/02\/RENEWABLES_cycle-1-1024x790-1.jpg\" alt=\"Sustainability and circular economy\" class=\"wp-image-27591\" srcset=\"https:\/\/fiorentini-polska.com\/wp-content\/uploads\/2024\/02\/RENEWABLES_cycle-1-1024x790-1.jpg 1024w, https:\/\/fiorentini-polska.com\/wp-content\/uploads\/2024\/02\/RENEWABLES_cycle-1-1024x790-1-300x231.jpg 300w, https:\/\/fiorentini-polska.com\/wp-content\/uploads\/2024\/02\/RENEWABLES_cycle-1-1024x790-1-768x593.jpg 768w\" sizes=\"auto, (max-width: 1024px) 100vw, 1024px\" \/><\/figure>\n\n\n\n<h3 class=\"wp-block-heading has-text-color has-link-color wp-elements-8ade8392b4a2fc2c9752f99e13e51e7b\" id=\"why\" style=\"color:#199782;text-transform:uppercase\">\u00a0<br><strong>Why biomethane is a sustainable gas<\/strong><\/h3>\n\n\n\n<p><strong>Biomethane<\/strong>&nbsp;is a&nbsp;<strong>sustainable gas<\/strong>&nbsp;produced through the digestion of organic material biomass, mainly by-products and waste from agricultural or industrial processing. The use of raw materials that are considered waste, which when properly processed give rise to biomethane, is a virtuous example of&nbsp;<strong>eco-sustainable and circular business<\/strong>.<\/p>\n\n\n\n<p>In several instances, such as when the raw material used is an agricultural waste, the processing to obtain biomethane also produces a different by-product called\u00a0<strong>digestate<\/strong>. This substance is co-produced by anaerobic digestion and does not depend on the biomass used: for example, waste digestion also produces digestate. This by-product can be used as an\u00a0<strong>agricultural fertiliser<\/strong>, avoiding the use of chemical products and with a view to complete circularity of the raw material processing cycle.<br>\u00a0<\/p>\n\n\n\n<figure class=\"wp-block-image size-full\"><img loading=\"lazy\" decoding=\"async\" width=\"1024\" height=\"683\" src=\"https:\/\/fiorentini-polska.com\/wp-content\/uploads\/2024\/02\/biomethane-plant-1-1024x683-1.jpg\" alt=\"Why biomethane is a sustainable gas\" class=\"wp-image-27593\" srcset=\"https:\/\/fiorentini-polska.com\/wp-content\/uploads\/2024\/02\/biomethane-plant-1-1024x683-1.jpg 1024w, https:\/\/fiorentini-polska.com\/wp-content\/uploads\/2024\/02\/biomethane-plant-1-1024x683-1-300x200.jpg 300w, https:\/\/fiorentini-polska.com\/wp-content\/uploads\/2024\/02\/biomethane-plant-1-1024x683-1-768x512.jpg 768w\" sizes=\"auto, (max-width: 1024px) 100vw, 1024px\" \/><\/figure>\n","protected":false},"excerpt":{"rendered":"<p>Biomethane is a valuable ally in the energy transition process: it is a sustainable gas produced from the digestion of biomass, a raw material considered as waste that starts a virtuous circle in which the final by-product also finds a new use.<\/p>\n","protected":false},"author":15,"featured_media":0,"parent":27359,"menu_order":0,"comment_status":"closed","ping_status":"closed","template":"template-expertise-post.php","meta":{"_acf_changed":false,"inline_featured_image":false,"footnotes":""},"class_list":["post-27588","page","type-page","status-publish","hentry"],"acf":[],"yoast_head":"<!-- This site is optimized with the Yoast SEO plugin v27.2 - https:\/\/yoast.com\/product\/yoast-seo-wordpress\/ -->\n<title>Biomethane: the advantages of this gas - Pietro Fiorentini<\/title>\n<meta name=\"description\" content=\"Biomethane is considered as one of the resources that will contribute most to reducing the current state of air pollution.\" \/>\n<meta name=\"robots\" content=\"index, follow, max-snippet:-1, max-image-preview:large, max-video-preview:-1\" \/>\n<link rel=\"canonical\" href=\"https:\/\/fiorentini-polska.com\/en\/expertise\/biomethane\/biomethane-the-advantages-of-this-gas\/\" \/>\n<meta property=\"og:locale\" content=\"en_US\" \/>\n<meta property=\"og:type\" content=\"article\" \/>\n<meta property=\"og:title\" content=\"Biomethane: the advantages of this gas - Pietro Fiorentini\" \/>\n<meta property=\"og:description\" content=\"Biomethane is considered as one of the resources that will contribute most to reducing the current state of air pollution.\" \/>\n<meta property=\"og:url\" content=\"https:\/\/fiorentini-polska.com\/en\/expertise\/biomethane\/biomethane-the-advantages-of-this-gas\/\" \/>\n<meta property=\"og:site_name\" content=\"Pietro Fiorentini\" \/>\n<meta property=\"article:modified_time\" content=\"2024-02-23T11:23:27+00:00\" \/>\n<meta property=\"og:image\" content=\"https:\/\/fiorentini-polska.com\/wp-content\/uploads\/2024\/02\/RENEWABLES_green_world-1-1024x723-1.jpg\" \/>\n<meta name=\"twitter:card\" content=\"summary_large_image\" \/>\n<meta name=\"twitter:site\" content=\"@FiorentiniSpa\" \/>\n<meta name=\"twitter:label1\" content=\"Est. reading time\" \/>\n\t<meta name=\"twitter:data1\" content=\"3 minutes\" \/>\n<script type=\"application\/ld+json\" class=\"yoast-schema-graph\">{\"@context\":\"https:\/\/schema.org\",\"@graph\":[{\"@type\":\"WebPage\",\"@id\":\"https:\/\/fiorentini-polska.com\/en\/expertise\/biomethane\/biomethane-the-advantages-of-this-gas\/\",\"url\":\"https:\/\/fiorentini-polska.com\/en\/expertise\/biomethane\/biomethane-the-advantages-of-this-gas\/\",\"name\":\"Biomethane: the advantages of this gas - Pietro Fiorentini\",\"isPartOf\":{\"@id\":\"https:\/\/www.fiorentini-polska.com\/en\/#website\"},\"primaryImageOfPage\":{\"@id\":\"https:\/\/fiorentini-polska.com\/en\/expertise\/biomethane\/biomethane-the-advantages-of-this-gas\/#primaryimage\"},\"image\":{\"@id\":\"https:\/\/fiorentini-polska.com\/en\/expertise\/biomethane\/biomethane-the-advantages-of-this-gas\/#primaryimage\"},\"thumbnailUrl\":\"https:\/\/fiorentini-polska.com\/wp-content\/uploads\/2024\/02\/RENEWABLES_green_world-1-1024x723-1.jpg\",\"datePublished\":\"2024-02-23T11:18:42+00:00\",\"dateModified\":\"2024-02-23T11:23:27+00:00\",\"description\":\"Biomethane is considered as one of the resources that will contribute most to reducing the current state of air pollution.\",\"breadcrumb\":{\"@id\":\"https:\/\/fiorentini-polska.com\/en\/expertise\/biomethane\/biomethane-the-advantages-of-this-gas\/#breadcrumb\"},\"inLanguage\":\"en-US\",\"potentialAction\":[{\"@type\":\"ReadAction\",\"target\":[\"https:\/\/fiorentini-polska.com\/en\/expertise\/biomethane\/biomethane-the-advantages-of-this-gas\/\"]}]},{\"@type\":\"ImageObject\",\"inLanguage\":\"en-US\",\"@id\":\"https:\/\/fiorentini-polska.com\/en\/expertise\/biomethane\/biomethane-the-advantages-of-this-gas\/#primaryimage\",\"url\":\"https:\/\/fiorentini-polska.com\/wp-content\/uploads\/2024\/02\/RENEWABLES_green_world-1-1024x723-1.jpg\",\"contentUrl\":\"https:\/\/fiorentini-polska.com\/wp-content\/uploads\/2024\/02\/RENEWABLES_green_world-1-1024x723-1.jpg\"},{\"@type\":\"BreadcrumbList\",\"@id\":\"https:\/\/fiorentini-polska.com\/en\/expertise\/biomethane\/biomethane-the-advantages-of-this-gas\/#breadcrumb\",\"itemListElement\":[{\"@type\":\"ListItem\",\"position\":1,\"name\":\"Home\",\"item\":\"https:\/\/www.fiorentini-polska.com\/en\/\"},{\"@type\":\"ListItem\",\"position\":2,\"name\":\"Expertise\",\"item\":\"https:\/\/fiorentini-polska.com\/en\/expertise\/\"},{\"@type\":\"ListItem\",\"position\":3,\"name\":\"Biomethane\",\"item\":\"https:\/\/www.fiorentini-polska.com\/en\/expertise\/biomethane\/\"},{\"@type\":\"ListItem\",\"position\":4,\"name\":\"Biomethane: the advantages of this gas\"}]},{\"@type\":\"WebSite\",\"@id\":\"https:\/\/www.fiorentini-polska.com\/en\/#website\",\"url\":\"https:\/\/www.fiorentini-polska.com\/en\/\",\"name\":\"Pietro Fiorentini Polska\",\"description\":\"Pietro Fiorentini projektuje i produkuje komponenty, systemy i us\u0142ugi do regulacji, pomiar\u00f3w i zarz\u0105dzania rop\u0105 naftow\u0105 i gazem.\",\"publisher\":{\"@id\":\"https:\/\/www.fiorentini-polska.com\/en\/#organization\"},\"potentialAction\":[{\"@type\":\"SearchAction\",\"target\":{\"@type\":\"EntryPoint\",\"urlTemplate\":\"https:\/\/www.fiorentini-polska.com\/en\/?s={search_term_string}\"},\"query-input\":{\"@type\":\"PropertyValueSpecification\",\"valueRequired\":true,\"valueName\":\"search_term_string\"}}],\"inLanguage\":\"en-US\"},{\"@type\":\"Organization\",\"@id\":\"https:\/\/www.fiorentini-polska.com\/en\/#organization\",\"name\":\"Pietro Fiorentini Polska\",\"url\":\"https:\/\/www.fiorentini-polska.com\/en\/\",\"logo\":{\"@type\":\"ImageObject\",\"inLanguage\":\"en-US\",\"@id\":\"https:\/\/www.fiorentini-polska.com\/en\/#\/schema\/logo\/image\/\",\"url\":\"https:\/\/www.fiorentini-polska.com\/wp-content\/uploads\/2021\/07\/LOGO_CMYK_COLOR.png\",\"contentUrl\":\"https:\/\/www.fiorentini-polska.com\/wp-content\/uploads\/2021\/07\/LOGO_CMYK_COLOR.png\",\"width\":3077,\"height\":1259,\"caption\":\"Pietro Fiorentini Polska\"},\"image\":{\"@id\":\"https:\/\/www.fiorentini-polska.com\/en\/#\/schema\/logo\/image\/\"},\"sameAs\":[\"https:\/\/x.com\/FiorentiniSpa\"]}]}<\/script>\n<!-- \/ Yoast SEO plugin. -->","yoast_head_json":{"title":"Biomethane: the advantages of this gas - Pietro Fiorentini","description":"Biomethane is considered as one of the resources that will contribute most to reducing the current state of air pollution.","robots":{"index":"index","follow":"follow","max-snippet":"max-snippet:-1","max-image-preview":"max-image-preview:large","max-video-preview":"max-video-preview:-1"},"canonical":"https:\/\/fiorentini-polska.com\/en\/expertise\/biomethane\/biomethane-the-advantages-of-this-gas\/","og_locale":"en_US","og_type":"article","og_title":"Biomethane: the advantages of this gas - Pietro Fiorentini","og_description":"Biomethane is considered as one of the resources that will contribute most to reducing the current state of air pollution.","og_url":"https:\/\/fiorentini-polska.com\/en\/expertise\/biomethane\/biomethane-the-advantages-of-this-gas\/","og_site_name":"Pietro Fiorentini","article_modified_time":"2024-02-23T11:23:27+00:00","og_image":[{"url":"https:\/\/fiorentini-polska.com\/wp-content\/uploads\/2024\/02\/RENEWABLES_green_world-1-1024x723-1.jpg","type":"","width":"","height":""}],"twitter_card":"summary_large_image","twitter_site":"@FiorentiniSpa","twitter_misc":{"Est. reading time":"3 minutes"},"schema":{"@context":"https:\/\/schema.org","@graph":[{"@type":"WebPage","@id":"https:\/\/fiorentini-polska.com\/en\/expertise\/biomethane\/biomethane-the-advantages-of-this-gas\/","url":"https:\/\/fiorentini-polska.com\/en\/expertise\/biomethane\/biomethane-the-advantages-of-this-gas\/","name":"Biomethane: the advantages of this gas - Pietro Fiorentini","isPartOf":{"@id":"https:\/\/www.fiorentini-polska.com\/en\/#website"},"primaryImageOfPage":{"@id":"https:\/\/fiorentini-polska.com\/en\/expertise\/biomethane\/biomethane-the-advantages-of-this-gas\/#primaryimage"},"image":{"@id":"https:\/\/fiorentini-polska.com\/en\/expertise\/biomethane\/biomethane-the-advantages-of-this-gas\/#primaryimage"},"thumbnailUrl":"https:\/\/fiorentini-polska.com\/wp-content\/uploads\/2024\/02\/RENEWABLES_green_world-1-1024x723-1.jpg","datePublished":"2024-02-23T11:18:42+00:00","dateModified":"2024-02-23T11:23:27+00:00","description":"Biomethane is considered as one of the resources that will contribute most to reducing the current state of air pollution.","breadcrumb":{"@id":"https:\/\/fiorentini-polska.com\/en\/expertise\/biomethane\/biomethane-the-advantages-of-this-gas\/#breadcrumb"},"inLanguage":"en-US","potentialAction":[{"@type":"ReadAction","target":["https:\/\/fiorentini-polska.com\/en\/expertise\/biomethane\/biomethane-the-advantages-of-this-gas\/"]}]},{"@type":"ImageObject","inLanguage":"en-US","@id":"https:\/\/fiorentini-polska.com\/en\/expertise\/biomethane\/biomethane-the-advantages-of-this-gas\/#primaryimage","url":"https:\/\/fiorentini-polska.com\/wp-content\/uploads\/2024\/02\/RENEWABLES_green_world-1-1024x723-1.jpg","contentUrl":"https:\/\/fiorentini-polska.com\/wp-content\/uploads\/2024\/02\/RENEWABLES_green_world-1-1024x723-1.jpg"},{"@type":"BreadcrumbList","@id":"https:\/\/fiorentini-polska.com\/en\/expertise\/biomethane\/biomethane-the-advantages-of-this-gas\/#breadcrumb","itemListElement":[{"@type":"ListItem","position":1,"name":"Home","item":"https:\/\/www.fiorentini-polska.com\/en\/"},{"@type":"ListItem","position":2,"name":"Expertise","item":"https:\/\/fiorentini-polska.com\/en\/expertise\/"},{"@type":"ListItem","position":3,"name":"Biomethane","item":"https:\/\/www.fiorentini-polska.com\/en\/expertise\/biomethane\/"},{"@type":"ListItem","position":4,"name":"Biomethane: the advantages of this gas"}]},{"@type":"WebSite","@id":"https:\/\/www.fiorentini-polska.com\/en\/#website","url":"https:\/\/www.fiorentini-polska.com\/en\/","name":"Pietro Fiorentini Polska","description":"Pietro Fiorentini projektuje i produkuje komponenty, systemy i us\u0142ugi do regulacji, pomiar\u00f3w i zarz\u0105dzania rop\u0105 naftow\u0105 i gazem.","publisher":{"@id":"https:\/\/www.fiorentini-polska.com\/en\/#organization"},"potentialAction":[{"@type":"SearchAction","target":{"@type":"EntryPoint","urlTemplate":"https:\/\/www.fiorentini-polska.com\/en\/?s={search_term_string}"},"query-input":{"@type":"PropertyValueSpecification","valueRequired":true,"valueName":"search_term_string"}}],"inLanguage":"en-US"},{"@type":"Organization","@id":"https:\/\/www.fiorentini-polska.com\/en\/#organization","name":"Pietro Fiorentini Polska","url":"https:\/\/www.fiorentini-polska.com\/en\/","logo":{"@type":"ImageObject","inLanguage":"en-US","@id":"https:\/\/www.fiorentini-polska.com\/en\/#\/schema\/logo\/image\/","url":"https:\/\/www.fiorentini-polska.com\/wp-content\/uploads\/2021\/07\/LOGO_CMYK_COLOR.png","contentUrl":"https:\/\/www.fiorentini-polska.com\/wp-content\/uploads\/2021\/07\/LOGO_CMYK_COLOR.png","width":3077,"height":1259,"caption":"Pietro Fiorentini Polska"},"image":{"@id":"https:\/\/www.fiorentini-polska.com\/en\/#\/schema\/logo\/image\/"},"sameAs":["https:\/\/x.com\/FiorentiniSpa"]}]}},"_links":{"self":[{"href":"https:\/\/fiorentini-polska.com\/en\/wp-json\/wp\/v2\/pages\/27588","targetHints":{"allow":["GET"]}}],"collection":[{"href":"https:\/\/fiorentini-polska.com\/en\/wp-json\/wp\/v2\/pages"}],"about":[{"href":"https:\/\/fiorentini-polska.com\/en\/wp-json\/wp\/v2\/types\/page"}],"author":[{"embeddable":true,"href":"https:\/\/fiorentini-polska.com\/en\/wp-json\/wp\/v2\/users\/15"}],"replies":[{"embeddable":true,"href":"https:\/\/fiorentini-polska.com\/en\/wp-json\/wp\/v2\/comments?post=27588"}],"version-history":[{"count":3,"href":"https:\/\/fiorentini-polska.com\/en\/wp-json\/wp\/v2\/pages\/27588\/revisions"}],"predecessor-version":[{"id":27598,"href":"https:\/\/fiorentini-polska.com\/en\/wp-json\/wp\/v2\/pages\/27588\/revisions\/27598"}],"up":[{"embeddable":true,"href":"https:\/\/fiorentini-polska.com\/en\/wp-json\/wp\/v2\/pages\/27359"}],"wp:attachment":[{"href":"https:\/\/fiorentini-polska.com\/en\/wp-json\/wp\/v2\/media?parent=27588"}],"curies":[{"name":"wp","href":"https:\/\/api.w.org\/{rel}","templated":true}]}}