{"id":27444,"date":"2024-02-13T23:35:32","date_gmt":"2024-02-13T22:35:32","guid":{"rendered":"https:\/\/fiorentini-polska.com\/?page_id=27444"},"modified":"2026-02-17T13:07:38","modified_gmt":"2026-02-17T12:07:38","slug":"water","status":"publish","type":"page","link":"https:\/\/fiorentini-polska.com\/en\/expertise\/water\/","title":{"rendered":"Water"},"content":{"rendered":"\n<h2 class=\"wp-block-heading\"><strong><strong>The most effective evolution in network monitoring<\/strong><\/strong><\/h2>\n\n\n\n<p>As specialists in <strong>smart metering<\/strong>, we focus on the water sector with one main objective, the <strong>optimisation of distribution networks<\/strong>.<\/p>\n\n\n\n<p>The <strong>President of the Fiorentini Group, Cristiano Nardi<\/strong>, explains Pietro Fiorentini&#8217;s commitment to the company&#8217;s natural transition within the water sector.<br>&nbsp;<\/p>\n\n\n\n<figure><video width=\"700\" controls poster=\"https:\/\/fiorentini-polska.com\/wp-content\/uploads\/2024\/10\/cartela-video.jpg\" src=\"https:\/\/fiorentini-polska.com\/wp-content\/uploads\/2024\/10\/Festival_dellAcqua_2024_-_Cristiano_Nardi_-_Gruppo_Fiorentini-ENG.mp4\"><\/video><\/figure>\n\n\n\n<p class=\"has-text-color has-link-color wp-elements-5003a77a14c002289aaba257a19f1ae1\" style=\"color:#069782;font-size:24px\">&nbsp;<br><strong>ULTRASONIC TECHNOLOGY FOR ABSOLUTE CONTROL<\/strong><br>&nbsp;<\/p>\n\n\n\n<figure class=\"wp-block-image size-full\"><img loading=\"lazy\" decoding=\"async\" width=\"970\" height=\"223\" src=\"https:\/\/fiorentini-polska.com\/wp-content\/uploads\/2026\/02\/banner-Aigua-ENG.jpg\" alt=\"\" class=\"wp-image-30749\" srcset=\"https:\/\/fiorentini-polska.com\/wp-content\/uploads\/2026\/02\/banner-Aigua-ENG.jpg 970w, https:\/\/fiorentini-polska.com\/wp-content\/uploads\/2026\/02\/banner-Aigua-ENG-300x69.jpg 300w, https:\/\/fiorentini-polska.com\/wp-content\/uploads\/2026\/02\/banner-Aigua-ENG-768x177.jpg 768w\" sizes=\"auto, (max-width: 970px) 100vw, 970px\" \/><\/figure>\n\n\n\n<p>&nbsp;<br><strong><a href=\"https:\/\/fiorentini-polska.com\/en\/solutions\/products\/water-meters\/ultrasonic-smart-water-meters\/ssm-aquo\/\">SSM-AQUO<\/a><\/strong> are <strong>Pietro Fiorentini&#8217;s ultrasonic water meters for remote reading<\/strong>, which provide all the necessary data for accurate and efficient flow and consumption control.<\/p>\n\n\n\n<p>In addition to <strong>providing consumptions<\/strong>, they also monitor information about a possible <strong>pipe break, lack of consumption or reverse flow<\/strong>, allowing to deduce a possible leakage.<\/p>\n\n\n\n<p><strong>Automated processes for total control of water flow through integrated real-time remote reading.<\/strong>&nbsp;<br>&nbsp;<\/p>\n\n\n\n<p><strong><a href=\"https:\/\/www.fiorentini-polska.com\/en\/expertise\/water\/ultrasonic-smart-water-meters\/\">Discover the advantages of the SSM-AQUO ultrasonic water meters here.<\/a><\/strong><br>&nbsp;<\/p>\n","protected":false},"excerpt":{"rendered":"<p>Water is a primary resource, a basic necessity for life, and as such requires proper management from all points of view: institutional, environmental and economic.<br \/>\n\u00a0<\/p>\n<p>The sector\u2019s current objective is to automate the process through the digitalisation of water networks, thereby optimising resources and data management to optimise management and minimise the loss of unaccounted-for water, whether through leaks or fraud.<\/p>\n","protected":false},"author":12,"featured_media":15862,"parent":27340,"menu_order":2,"comment_status":"closed","ping_status":"closed","template":"template-expertise-child.php","meta":{"_acf_changed":false,"inline_featured_image":false,"footnotes":""},"class_list":["post-27444","page","type-page","status-publish","has-post-thumbnail","hentry"],"acf":[],"yoast_head":"<!-- This site is optimized with the Yoast SEO plugin v27.2 - https:\/\/yoast.com\/product\/yoast-seo-wordpress\/ -->\n<title>Water - Pietro Fiorentini<\/title>\n<meta name=\"description\" content=\"Good water governance is a strategic responsibility from every point of view: institutional, environmental, economic.\" \/>\n<meta name=\"robots\" content=\"index, follow, max-snippet:-1, max-image-preview:large, max-video-preview:-1\" \/>\n<link rel=\"canonical\" href=\"https:\/\/fiorentini-polska.com\/en\/expertise\/water\/\" \/>\n<meta property=\"og:locale\" content=\"en_US\" \/>\n<meta property=\"og:type\" content=\"article\" \/>\n<meta property=\"og:title\" content=\"Water - Pietro Fiorentini\" \/>\n<meta property=\"og:description\" content=\"Good water governance is a strategic responsibility from every point of view: institutional, environmental, economic.\" \/>\n<meta property=\"og:url\" content=\"https:\/\/fiorentini-polska.com\/en\/expertise\/water\/\" \/>\n<meta property=\"og:site_name\" content=\"Pietro Fiorentini\" \/>\n<meta property=\"article:modified_time\" content=\"2026-02-17T12:07:38+00:00\" \/>\n<meta property=\"og:image\" content=\"https:\/\/fiorentini-polska.com\/wp-content\/uploads\/2021\/07\/as_fluid_as_water_quadrata.jpeg\" \/>\n\t<meta property=\"og:image:width\" content=\"991\" \/>\n\t<meta property=\"og:image:height\" content=\"991\" \/>\n\t<meta property=\"og:image:type\" content=\"image\/jpeg\" \/>\n<meta name=\"twitter:card\" content=\"summary_large_image\" \/>\n<meta name=\"twitter:site\" content=\"@FiorentiniSpa\" \/>\n<meta name=\"twitter:label1\" content=\"Est. reading time\" \/>\n\t<meta name=\"twitter:data1\" content=\"1 minute\" \/>\n<script type=\"application\/ld+json\" class=\"yoast-schema-graph\">{\"@context\":\"https:\/\/schema.org\",\"@graph\":[{\"@type\":\"WebPage\",\"@id\":\"https:\/\/fiorentini-polska.com\/en\/expertise\/water\/\",\"url\":\"https:\/\/fiorentini-polska.com\/en\/expertise\/water\/\",\"name\":\"Water - Pietro Fiorentini\",\"isPartOf\":{\"@id\":\"https:\/\/www.fiorentini-polska.com\/en\/#website\"},\"primaryImageOfPage\":{\"@id\":\"https:\/\/fiorentini-polska.com\/en\/expertise\/water\/#primaryimage\"},\"image\":{\"@id\":\"https:\/\/fiorentini-polska.com\/en\/expertise\/water\/#primaryimage\"},\"thumbnailUrl\":\"https:\/\/fiorentini-polska.com\/wp-content\/uploads\/2021\/07\/as_fluid_as_water_quadrata.jpeg\",\"datePublished\":\"2024-02-13T22:35:32+00:00\",\"dateModified\":\"2026-02-17T12:07:38+00:00\",\"description\":\"Good water governance is a strategic responsibility from every point of view: institutional, environmental, economic.\",\"breadcrumb\":{\"@id\":\"https:\/\/fiorentini-polska.com\/en\/expertise\/water\/#breadcrumb\"},\"inLanguage\":\"en-US\",\"potentialAction\":[{\"@type\":\"ReadAction\",\"target\":[\"https:\/\/fiorentini-polska.com\/en\/expertise\/water\/\"]}]},{\"@type\":\"ImageObject\",\"inLanguage\":\"en-US\",\"@id\":\"https:\/\/fiorentini-polska.com\/en\/expertise\/water\/#primaryimage\",\"url\":\"https:\/\/fiorentini-polska.com\/wp-content\/uploads\/2021\/07\/as_fluid_as_water_quadrata.jpeg\",\"contentUrl\":\"https:\/\/fiorentini-polska.com\/wp-content\/uploads\/2021\/07\/as_fluid_as_water_quadrata.jpeg\",\"width\":991,\"height\":991},{\"@type\":\"BreadcrumbList\",\"@id\":\"https:\/\/fiorentini-polska.com\/en\/expertise\/water\/#breadcrumb\",\"itemListElement\":[{\"@type\":\"ListItem\",\"position\":1,\"name\":\"Home\",\"item\":\"https:\/\/www.fiorentini-polska.com\/en\/\"},{\"@type\":\"ListItem\",\"position\":2,\"name\":\"Expertise\",\"item\":\"https:\/\/fiorentini-polska.com\/en\/expertise\/\"},{\"@type\":\"ListItem\",\"position\":3,\"name\":\"Water\"}]},{\"@type\":\"WebSite\",\"@id\":\"https:\/\/www.fiorentini-polska.com\/en\/#website\",\"url\":\"https:\/\/www.fiorentini-polska.com\/en\/\",\"name\":\"Pietro Fiorentini Polska\",\"description\":\"Pietro Fiorentini projektuje i produkuje komponenty, systemy i us\u0142ugi do regulacji, pomiar\u00f3w i zarz\u0105dzania rop\u0105 naftow\u0105 i gazem.\",\"publisher\":{\"@id\":\"https:\/\/www.fiorentini-polska.com\/en\/#organization\"},\"potentialAction\":[{\"@type\":\"SearchAction\",\"target\":{\"@type\":\"EntryPoint\",\"urlTemplate\":\"https:\/\/www.fiorentini-polska.com\/en\/?s={search_term_string}\"},\"query-input\":{\"@type\":\"PropertyValueSpecification\",\"valueRequired\":true,\"valueName\":\"search_term_string\"}}],\"inLanguage\":\"en-US\"},{\"@type\":\"Organization\",\"@id\":\"https:\/\/www.fiorentini-polska.com\/en\/#organization\",\"name\":\"Pietro Fiorentini Polska\",\"url\":\"https:\/\/www.fiorentini-polska.com\/en\/\",\"logo\":{\"@type\":\"ImageObject\",\"inLanguage\":\"en-US\",\"@id\":\"https:\/\/www.fiorentini-polska.com\/en\/#\/schema\/logo\/image\/\",\"url\":\"https:\/\/www.fiorentini-polska.com\/wp-content\/uploads\/2021\/07\/LOGO_CMYK_COLOR.png\",\"contentUrl\":\"https:\/\/www.fiorentini-polska.com\/wp-content\/uploads\/2021\/07\/LOGO_CMYK_COLOR.png\",\"width\":3077,\"height\":1259,\"caption\":\"Pietro Fiorentini Polska\"},\"image\":{\"@id\":\"https:\/\/www.fiorentini-polska.com\/en\/#\/schema\/logo\/image\/\"},\"sameAs\":[\"https:\/\/x.com\/FiorentiniSpa\"]}]}<\/script>\n<!-- \/ Yoast SEO plugin. -->","yoast_head_json":{"title":"Water - Pietro Fiorentini","description":"Good water governance is a strategic responsibility from every point of view: institutional, environmental, economic.","robots":{"index":"index","follow":"follow","max-snippet":"max-snippet:-1","max-image-preview":"max-image-preview:large","max-video-preview":"max-video-preview:-1"},"canonical":"https:\/\/fiorentini-polska.com\/en\/expertise\/water\/","og_locale":"en_US","og_type":"article","og_title":"Water - Pietro Fiorentini","og_description":"Good water governance is a strategic responsibility from every point of view: institutional, environmental, economic.","og_url":"https:\/\/fiorentini-polska.com\/en\/expertise\/water\/","og_site_name":"Pietro Fiorentini","article_modified_time":"2026-02-17T12:07:38+00:00","og_image":[{"width":991,"height":991,"url":"https:\/\/fiorentini-polska.com\/wp-content\/uploads\/2021\/07\/as_fluid_as_water_quadrata.jpeg","type":"image\/jpeg"}],"twitter_card":"summary_large_image","twitter_site":"@FiorentiniSpa","twitter_misc":{"Est. reading time":"1 minute"},"schema":{"@context":"https:\/\/schema.org","@graph":[{"@type":"WebPage","@id":"https:\/\/fiorentini-polska.com\/en\/expertise\/water\/","url":"https:\/\/fiorentini-polska.com\/en\/expertise\/water\/","name":"Water - Pietro Fiorentini","isPartOf":{"@id":"https:\/\/www.fiorentini-polska.com\/en\/#website"},"primaryImageOfPage":{"@id":"https:\/\/fiorentini-polska.com\/en\/expertise\/water\/#primaryimage"},"image":{"@id":"https:\/\/fiorentini-polska.com\/en\/expertise\/water\/#primaryimage"},"thumbnailUrl":"https:\/\/fiorentini-polska.com\/wp-content\/uploads\/2021\/07\/as_fluid_as_water_quadrata.jpeg","datePublished":"2024-02-13T22:35:32+00:00","dateModified":"2026-02-17T12:07:38+00:00","description":"Good water governance is a strategic responsibility from every point of view: institutional, environmental, economic.","breadcrumb":{"@id":"https:\/\/fiorentini-polska.com\/en\/expertise\/water\/#breadcrumb"},"inLanguage":"en-US","potentialAction":[{"@type":"ReadAction","target":["https:\/\/fiorentini-polska.com\/en\/expertise\/water\/"]}]},{"@type":"ImageObject","inLanguage":"en-US","@id":"https:\/\/fiorentini-polska.com\/en\/expertise\/water\/#primaryimage","url":"https:\/\/fiorentini-polska.com\/wp-content\/uploads\/2021\/07\/as_fluid_as_water_quadrata.jpeg","contentUrl":"https:\/\/fiorentini-polska.com\/wp-content\/uploads\/2021\/07\/as_fluid_as_water_quadrata.jpeg","width":991,"height":991},{"@type":"BreadcrumbList","@id":"https:\/\/fiorentini-polska.com\/en\/expertise\/water\/#breadcrumb","itemListElement":[{"@type":"ListItem","position":1,"name":"Home","item":"https:\/\/www.fiorentini-polska.com\/en\/"},{"@type":"ListItem","position":2,"name":"Expertise","item":"https:\/\/fiorentini-polska.com\/en\/expertise\/"},{"@type":"ListItem","position":3,"name":"Water"}]},{"@type":"WebSite","@id":"https:\/\/www.fiorentini-polska.com\/en\/#website","url":"https:\/\/www.fiorentini-polska.com\/en\/","name":"Pietro Fiorentini Polska","description":"Pietro Fiorentini projektuje i produkuje komponenty, systemy i us\u0142ugi do regulacji, pomiar\u00f3w i zarz\u0105dzania rop\u0105 naftow\u0105 i gazem.","publisher":{"@id":"https:\/\/www.fiorentini-polska.com\/en\/#organization"},"potentialAction":[{"@type":"SearchAction","target":{"@type":"EntryPoint","urlTemplate":"https:\/\/www.fiorentini-polska.com\/en\/?s={search_term_string}"},"query-input":{"@type":"PropertyValueSpecification","valueRequired":true,"valueName":"search_term_string"}}],"inLanguage":"en-US"},{"@type":"Organization","@id":"https:\/\/www.fiorentini-polska.com\/en\/#organization","name":"Pietro Fiorentini Polska","url":"https:\/\/www.fiorentini-polska.com\/en\/","logo":{"@type":"ImageObject","inLanguage":"en-US","@id":"https:\/\/www.fiorentini-polska.com\/en\/#\/schema\/logo\/image\/","url":"https:\/\/www.fiorentini-polska.com\/wp-content\/uploads\/2021\/07\/LOGO_CMYK_COLOR.png","contentUrl":"https:\/\/www.fiorentini-polska.com\/wp-content\/uploads\/2021\/07\/LOGO_CMYK_COLOR.png","width":3077,"height":1259,"caption":"Pietro Fiorentini Polska"},"image":{"@id":"https:\/\/www.fiorentini-polska.com\/en\/#\/schema\/logo\/image\/"},"sameAs":["https:\/\/x.com\/FiorentiniSpa"]}]}},"_links":{"self":[{"href":"https:\/\/fiorentini-polska.com\/en\/wp-json\/wp\/v2\/pages\/27444","targetHints":{"allow":["GET"]}}],"collection":[{"href":"https:\/\/fiorentini-polska.com\/en\/wp-json\/wp\/v2\/pages"}],"about":[{"href":"https:\/\/fiorentini-polska.com\/en\/wp-json\/wp\/v2\/types\/page"}],"author":[{"embeddable":true,"href":"https:\/\/fiorentini-polska.com\/en\/wp-json\/wp\/v2\/users\/12"}],"replies":[{"embeddable":true,"href":"https:\/\/fiorentini-polska.com\/en\/wp-json\/wp\/v2\/comments?post=27444"}],"version-history":[{"count":3,"href":"https:\/\/fiorentini-polska.com\/en\/wp-json\/wp\/v2\/pages\/27444\/revisions"}],"predecessor-version":[{"id":30751,"href":"https:\/\/fiorentini-polska.com\/en\/wp-json\/wp\/v2\/pages\/27444\/revisions\/30751"}],"up":[{"embeddable":true,"href":"https:\/\/fiorentini-polska.com\/en\/wp-json\/wp\/v2\/pages\/27340"}],"wp:featuredmedia":[{"embeddable":true,"href":"https:\/\/fiorentini-polska.com\/en\/wp-json\/wp\/v2\/media\/15862"}],"wp:attachment":[{"href":"https:\/\/fiorentini-polska.com\/en\/wp-json\/wp\/v2\/media?parent=27444"}],"curies":[{"name":"wp","href":"https:\/\/api.w.org\/{rel}","templated":true}]}}