{"id":27435,"date":"2024-02-13T23:26:16","date_gmt":"2024-02-13T22:26:16","guid":{"rendered":"https:\/\/fiorentini-polska.com\/?page_id=27435"},"modified":"2024-02-26T11:17:35","modified_gmt":"2024-02-26T10:17:35","slug":"successful-projects","status":"publish","type":"page","link":"https:\/\/fiorentini-polska.com\/en\/expertise\/power-to-gas\/successful-projects\/","title":{"rendered":"Successful projects"},"content":{"rendered":"\n<p>The development of power-to-gas solutions is part of the process of facilitating the energy transition in which the <a href=\"https:\/\/www.fiorentini-polska.com\/en\/pietro-fiorentini-group\/\"><strong>Pietro Fiorentini Group<\/strong><\/a> is engaged, strengthened by its experience in the world of natural gas and as a point of reference in the field of research and development.<\/p>\n\n\n\n<p>This innovation-oriented approach is embodied in the development of <strong>projects in Italy and Europe<\/strong>, with cutting-edge solutions in which Pietro Fiorentini and the other companies in the Group collaborate synergistically.<\/p>\n\n\n\n<div style=\"height:32px\" aria-hidden=\"true\" class=\"wp-block-spacer\"><\/div>\n\n\n\n<div class=\"wp-block-group index\"><div class=\"wp-block-group__inner-container is-layout-flow wp-block-group-is-layout-flow\">\n<ol class=\"wp-block-list\">\n<li><strong><a href=\"#bio-farm-straubing\">Bio FARM (Straubing)<\/a><\/strong><\/li>\n\n\n\n<li><strong><a href=\"#synbios-bologna\">SynBioS (Bologna)<\/a><\/strong><\/li>\n<\/ol>\n<\/div><\/div>\n\n\n\n<div id=\"bio-farm-straubing\" class=\"wp-block-group\"><div class=\"wp-block-group__inner-container is-layout-flow wp-block-group-is-layout-flow\">\n<h3 class=\"wp-block-heading\"><strong>Bio FARM (Straubing)<\/strong><\/h3>\n\n\n\n<p>On Thursday 28 July 2022, in the Straubing wastewater treatment plant in Germany, work began on Bio FARM, a plant for researching and experimenting with biomethanation processes from various sources, in particular biogas and synthesis gas, entirely designed and built by Pietro Fiorentini and its subsidiaries <strong><a href=\"https:\/\/www.fiorentini-polska.com\/en\/pietro-fiorentini-group\/pf-group-companies-and-brands\/#micropyros\">MicroPyros<\/a><\/strong>, <strong><a href=\"https:\/\/www.fiorentini-polska.com\/en\/pietro-fiorentini-group\/pf-group-companies-and-brands\/#hyter\">Hyter<\/a><\/strong> and <strong><a href=\"https:\/\/www.fiorentini-polska.com\/en\/pietro-fiorentini-group\/pf-group-companies-and-brands\/#biokomp\">Biokomp<\/a><\/strong>.<\/p>\n\n\n\n<p>The Group will thus be the main promoter of a research and experimentation system for biomethanation that is <strong>unique throughout Europe<\/strong>. The facility, which will be completed by spring 2023, will be dedicated to the research and testing of biomethanation processes from various sources, in particular biogas and synthesis gas. A facility where it will be possible to make gas mixtures on site and rely on the direct feeding of biogas from the digesters of the wastewater treatment plant.<\/p>\n\n\n\n<p><a href=\"https:\/\/fiorentini-polska.com\/en\/news\/inaugurated-bio-farm-micropyros-research-plant-for-biomethanation\/\">https:\/\/fiorentini-polska.com\/en\/news\/inaugurated-bio-farm-micropyros-research-plant-for-biomethanation\/<\/a><br>\u00a0<\/p>\n\n\n\n<figure class=\"wp-block-image size-full\"><img loading=\"lazy\" decoding=\"async\" width=\"1024\" height=\"576\" src=\"https:\/\/fiorentini-polska.com\/wp-content\/uploads\/2024\/02\/bio-farm-1024x576-1.jpg\" alt=\"\" class=\"wp-image-27385\" srcset=\"https:\/\/fiorentini-polska.com\/wp-content\/uploads\/2024\/02\/bio-farm-1024x576-1.jpg 1024w, https:\/\/fiorentini-polska.com\/wp-content\/uploads\/2024\/02\/bio-farm-1024x576-1-300x169.jpg 300w, https:\/\/fiorentini-polska.com\/wp-content\/uploads\/2024\/02\/bio-farm-1024x576-1-768x432.jpg 768w\" sizes=\"auto, (max-width: 1024px) 100vw, 1024px\" \/><\/figure>\n<\/div><\/div>\n\n\n\n<div style=\"height:32px\" aria-hidden=\"true\" class=\"wp-block-spacer\"><\/div>\n\n\n\n<div id=\"synbios-bologna\" class=\"wp-block-group\"><div class=\"wp-block-group__inner-container is-layout-flow wp-block-group-is-layout-flow\">\n<h3 class=\"wp-block-heading\"><strong>SynBioS<\/strong> (Bologna)<\/h3>\n\n\n\n<p>On Tuesday 6 September 2022, the <strong><a href=\"https:\/\/eng.gruppohera.it\/group_eng\/\" target=\"_blank\" rel=\"noreferrer noopener\">Hera Group<\/a><\/strong> presented the innovative power-to-gas plant called <strong>SynBioS<\/strong> (Syngas Biological Storage), a plant able to convert renewable electricity and wastewater into green hydrogen and then into biomethane, at the Gastech exhibition in Milan.<\/p>\n\n\n\n<p>The plant, designed and built by <strong>Pietro Fiorentini<\/strong>, <strong><a href=\"https:\/\/www.fiorentini-polska.com\/en\/pietro-fiorentini-group\/pf-group-companies-and-brands\/#micropyros\">MicroPyros<\/a><\/strong> and <strong><strong><a href=\"https:\/\/www.fiorentini-polska.com\/en\/pietro-fiorentini-group\/pf-group-companies-and-brands\/#hyter\">Hyter<\/a><\/strong><\/strong>, will come into operation by 2023 in Corticella, in the province of Bologna, where the Hera Group&#8217;s largest purification plant is located. Specifically, the plant will use wastewater and renewable electricity to produce green hydrogen and oxygen. The hydrogen will then be converted into biomethane by exploiting the carbon dioxide in the biogas produced by the digestion of sewage sludge. The biomethane thus obtained can be fed into the city&#8217;s gas network without concentration limits.<\/p>\n\n\n\n<p><a href=\"https:\/\/www.fiorentini.com\/en\/news\/synbios-power-to-gas-and-multi-business-expertise-to-meet-the-challenge-of-decarbonisation\" target=\"_blank\" rel=\"noreferrer noopener\">https:\/\/www.fiorentini.com\/en\/news\/synbios-power-to-gas-and-multi-business-expertise-to-meet-the-challenge-of-decarbonisation<\/a>\/ <\/p>\n\n\n\n<figure class=\"wp-block-image size-full\"><img loading=\"lazy\" decoding=\"async\" width=\"1024\" height=\"577\" src=\"https:\/\/fiorentini-polska.com\/wp-content\/uploads\/2024\/02\/synbios-bologna-1024x577-1.jpg\" alt=\"\" class=\"wp-image-27383\" srcset=\"https:\/\/fiorentini-polska.com\/wp-content\/uploads\/2024\/02\/synbios-bologna-1024x577-1.jpg 1024w, https:\/\/fiorentini-polska.com\/wp-content\/uploads\/2024\/02\/synbios-bologna-1024x577-1-300x169.jpg 300w, https:\/\/fiorentini-polska.com\/wp-content\/uploads\/2024\/02\/synbios-bologna-1024x577-1-768x433.jpg 768w\" sizes=\"auto, (max-width: 1024px) 100vw, 1024px\" \/><\/figure>\n<\/div><\/div>\n","protected":false},"excerpt":{"rendered":"<p>Pietro Fiorentini&#8217;s commitment to the development of power-to-gas solutions is reflected in cutting-edge projects in Italy and Europe, leading the company to establish itself as a reliable technology partner in the field of energy transition.<\/p>\n","protected":false},"author":12,"featured_media":0,"parent":27433,"menu_order":0,"comment_status":"closed","ping_status":"closed","template":"template-expertise-post.php","meta":{"_acf_changed":false,"inline_featured_image":false,"footnotes":""},"class_list":["post-27435","page","type-page","status-publish","hentry"],"acf":[],"yoast_head":"<!-- This site is optimized with the Yoast SEO plugin v27.2 - https:\/\/yoast.com\/product\/yoast-seo-wordpress\/ -->\n<title>Successful projects - Pietro Fiorentini<\/title>\n<meta name=\"description\" content=\"The development of power-to-gas solutions is part of the process of facilitating the energy transition in which the Pietro Fiorentini Group is engaged.\" \/>\n<meta name=\"robots\" content=\"index, follow, max-snippet:-1, max-image-preview:large, max-video-preview:-1\" \/>\n<link rel=\"canonical\" href=\"https:\/\/fiorentini-polska.com\/en\/expertise\/power-to-gas\/successful-projects\/\" \/>\n<meta property=\"og:locale\" content=\"en_US\" \/>\n<meta property=\"og:type\" content=\"article\" \/>\n<meta property=\"og:title\" content=\"Successful projects - Pietro Fiorentini\" \/>\n<meta property=\"og:description\" content=\"The development of power-to-gas solutions is part of the process of facilitating the energy transition in which the Pietro Fiorentini Group is engaged.\" \/>\n<meta property=\"og:url\" content=\"https:\/\/fiorentini-polska.com\/en\/expertise\/power-to-gas\/successful-projects\/\" \/>\n<meta property=\"og:site_name\" content=\"Pietro Fiorentini\" \/>\n<meta property=\"article:modified_time\" content=\"2024-02-26T10:17:35+00:00\" \/>\n<meta property=\"og:image\" content=\"https:\/\/fiorentini-polska.com\/wp-content\/uploads\/2024\/02\/bio-farm-1024x576-1.jpg\" \/>\n<meta name=\"twitter:card\" content=\"summary_large_image\" \/>\n<meta name=\"twitter:site\" content=\"@FiorentiniSpa\" \/>\n<meta name=\"twitter:label1\" content=\"Est. reading time\" \/>\n\t<meta name=\"twitter:data1\" content=\"6 minutes\" \/>\n<script type=\"application\/ld+json\" class=\"yoast-schema-graph\">{\"@context\":\"https:\/\/schema.org\",\"@graph\":[{\"@type\":\"WebPage\",\"@id\":\"https:\/\/fiorentini-polska.com\/en\/expertise\/power-to-gas\/successful-projects\/\",\"url\":\"https:\/\/fiorentini-polska.com\/en\/expertise\/power-to-gas\/successful-projects\/\",\"name\":\"Successful projects - Pietro Fiorentini\",\"isPartOf\":{\"@id\":\"https:\/\/fiorentini-polska.com\/en\/#website\"},\"primaryImageOfPage\":{\"@id\":\"https:\/\/fiorentini-polska.com\/en\/expertise\/power-to-gas\/successful-projects\/#primaryimage\"},\"image\":{\"@id\":\"https:\/\/fiorentini-polska.com\/en\/expertise\/power-to-gas\/successful-projects\/#primaryimage\"},\"thumbnailUrl\":\"https:\/\/fiorentini-polska.com\/wp-content\/uploads\/2024\/02\/bio-farm-1024x576-1.jpg\",\"datePublished\":\"2024-02-13T22:26:16+00:00\",\"dateModified\":\"2024-02-26T10:17:35+00:00\",\"description\":\"The development of power-to-gas solutions is part of the process of facilitating the energy transition in which the Pietro Fiorentini Group is engaged.\",\"breadcrumb\":{\"@id\":\"https:\/\/fiorentini-polska.com\/en\/expertise\/power-to-gas\/successful-projects\/#breadcrumb\"},\"inLanguage\":\"en-US\",\"potentialAction\":[{\"@type\":\"ReadAction\",\"target\":[\"https:\/\/fiorentini-polska.com\/en\/expertise\/power-to-gas\/successful-projects\/\"]}]},{\"@type\":\"ImageObject\",\"inLanguage\":\"en-US\",\"@id\":\"https:\/\/fiorentini-polska.com\/en\/expertise\/power-to-gas\/successful-projects\/#primaryimage\",\"url\":\"https:\/\/fiorentini-polska.com\/wp-content\/uploads\/2024\/02\/bio-farm-1024x576-1.jpg\",\"contentUrl\":\"https:\/\/fiorentini-polska.com\/wp-content\/uploads\/2024\/02\/bio-farm-1024x576-1.jpg\"},{\"@type\":\"BreadcrumbList\",\"@id\":\"https:\/\/fiorentini-polska.com\/en\/expertise\/power-to-gas\/successful-projects\/#breadcrumb\",\"itemListElement\":[{\"@type\":\"ListItem\",\"position\":1,\"name\":\"Home\",\"item\":\"https:\/\/www.fiorentini-polska.com\/en\/\"},{\"@type\":\"ListItem\",\"position\":2,\"name\":\"Expertise\",\"item\":\"https:\/\/fiorentini-polska.com\/en\/expertise\/\"},{\"@type\":\"ListItem\",\"position\":3,\"name\":\"Power-to-gas\",\"item\":\"https:\/\/fiorentini-polska.com\/en\/expertise\/power-to-gas\/\"},{\"@type\":\"ListItem\",\"position\":4,\"name\":\"Successful projects\"}]},{\"@type\":\"WebSite\",\"@id\":\"https:\/\/fiorentini-polska.com\/en\/#website\",\"url\":\"https:\/\/fiorentini-polska.com\/en\/\",\"name\":\"Pietro Fiorentini Polska\",\"description\":\"Pietro Fiorentini projektuje i produkuje komponenty, systemy i us\u0142ugi do regulacji, pomiar\u00f3w i zarz\u0105dzania rop\u0105 naftow\u0105 i gazem.\",\"publisher\":{\"@id\":\"https:\/\/fiorentini-polska.com\/en\/#organization\"},\"potentialAction\":[{\"@type\":\"SearchAction\",\"target\":{\"@type\":\"EntryPoint\",\"urlTemplate\":\"https:\/\/fiorentini-polska.com\/en\/?s={search_term_string}\"},\"query-input\":{\"@type\":\"PropertyValueSpecification\",\"valueRequired\":true,\"valueName\":\"search_term_string\"}}],\"inLanguage\":\"en-US\"},{\"@type\":\"Organization\",\"@id\":\"https:\/\/fiorentini-polska.com\/en\/#organization\",\"name\":\"Pietro Fiorentini Polska\",\"url\":\"https:\/\/fiorentini-polska.com\/en\/\",\"logo\":{\"@type\":\"ImageObject\",\"inLanguage\":\"en-US\",\"@id\":\"https:\/\/fiorentini-polska.com\/en\/#\/schema\/logo\/image\/\",\"url\":\"https:\/\/www.fiorentini-polska.com\/wp-content\/uploads\/2021\/07\/LOGO_CMYK_COLOR.png\",\"contentUrl\":\"https:\/\/www.fiorentini-polska.com\/wp-content\/uploads\/2021\/07\/LOGO_CMYK_COLOR.png\",\"width\":3077,\"height\":1259,\"caption\":\"Pietro Fiorentini Polska\"},\"image\":{\"@id\":\"https:\/\/fiorentini-polska.com\/en\/#\/schema\/logo\/image\/\"},\"sameAs\":[\"https:\/\/x.com\/FiorentiniSpa\"]}]}<\/script>\n<!-- \/ Yoast SEO plugin. -->","yoast_head_json":{"title":"Successful projects - Pietro Fiorentini","description":"The development of power-to-gas solutions is part of the process of facilitating the energy transition in which the Pietro Fiorentini Group is engaged.","robots":{"index":"index","follow":"follow","max-snippet":"max-snippet:-1","max-image-preview":"max-image-preview:large","max-video-preview":"max-video-preview:-1"},"canonical":"https:\/\/fiorentini-polska.com\/en\/expertise\/power-to-gas\/successful-projects\/","og_locale":"en_US","og_type":"article","og_title":"Successful projects - Pietro Fiorentini","og_description":"The development of power-to-gas solutions is part of the process of facilitating the energy transition in which the Pietro Fiorentini Group is engaged.","og_url":"https:\/\/fiorentini-polska.com\/en\/expertise\/power-to-gas\/successful-projects\/","og_site_name":"Pietro Fiorentini","article_modified_time":"2024-02-26T10:17:35+00:00","og_image":[{"url":"https:\/\/fiorentini-polska.com\/wp-content\/uploads\/2024\/02\/bio-farm-1024x576-1.jpg","type":"","width":"","height":""}],"twitter_card":"summary_large_image","twitter_site":"@FiorentiniSpa","twitter_misc":{"Est. reading time":"6 minutes"},"schema":{"@context":"https:\/\/schema.org","@graph":[{"@type":"WebPage","@id":"https:\/\/fiorentini-polska.com\/en\/expertise\/power-to-gas\/successful-projects\/","url":"https:\/\/fiorentini-polska.com\/en\/expertise\/power-to-gas\/successful-projects\/","name":"Successful projects - Pietro Fiorentini","isPartOf":{"@id":"https:\/\/fiorentini-polska.com\/en\/#website"},"primaryImageOfPage":{"@id":"https:\/\/fiorentini-polska.com\/en\/expertise\/power-to-gas\/successful-projects\/#primaryimage"},"image":{"@id":"https:\/\/fiorentini-polska.com\/en\/expertise\/power-to-gas\/successful-projects\/#primaryimage"},"thumbnailUrl":"https:\/\/fiorentini-polska.com\/wp-content\/uploads\/2024\/02\/bio-farm-1024x576-1.jpg","datePublished":"2024-02-13T22:26:16+00:00","dateModified":"2024-02-26T10:17:35+00:00","description":"The development of power-to-gas solutions is part of the process of facilitating the energy transition in which the Pietro Fiorentini Group is engaged.","breadcrumb":{"@id":"https:\/\/fiorentini-polska.com\/en\/expertise\/power-to-gas\/successful-projects\/#breadcrumb"},"inLanguage":"en-US","potentialAction":[{"@type":"ReadAction","target":["https:\/\/fiorentini-polska.com\/en\/expertise\/power-to-gas\/successful-projects\/"]}]},{"@type":"ImageObject","inLanguage":"en-US","@id":"https:\/\/fiorentini-polska.com\/en\/expertise\/power-to-gas\/successful-projects\/#primaryimage","url":"https:\/\/fiorentini-polska.com\/wp-content\/uploads\/2024\/02\/bio-farm-1024x576-1.jpg","contentUrl":"https:\/\/fiorentini-polska.com\/wp-content\/uploads\/2024\/02\/bio-farm-1024x576-1.jpg"},{"@type":"BreadcrumbList","@id":"https:\/\/fiorentini-polska.com\/en\/expertise\/power-to-gas\/successful-projects\/#breadcrumb","itemListElement":[{"@type":"ListItem","position":1,"name":"Home","item":"https:\/\/www.fiorentini-polska.com\/en\/"},{"@type":"ListItem","position":2,"name":"Expertise","item":"https:\/\/fiorentini-polska.com\/en\/expertise\/"},{"@type":"ListItem","position":3,"name":"Power-to-gas","item":"https:\/\/fiorentini-polska.com\/en\/expertise\/power-to-gas\/"},{"@type":"ListItem","position":4,"name":"Successful projects"}]},{"@type":"WebSite","@id":"https:\/\/fiorentini-polska.com\/en\/#website","url":"https:\/\/fiorentini-polska.com\/en\/","name":"Pietro Fiorentini Polska","description":"Pietro Fiorentini projektuje i produkuje komponenty, systemy i us\u0142ugi do regulacji, pomiar\u00f3w i zarz\u0105dzania rop\u0105 naftow\u0105 i gazem.","publisher":{"@id":"https:\/\/fiorentini-polska.com\/en\/#organization"},"potentialAction":[{"@type":"SearchAction","target":{"@type":"EntryPoint","urlTemplate":"https:\/\/fiorentini-polska.com\/en\/?s={search_term_string}"},"query-input":{"@type":"PropertyValueSpecification","valueRequired":true,"valueName":"search_term_string"}}],"inLanguage":"en-US"},{"@type":"Organization","@id":"https:\/\/fiorentini-polska.com\/en\/#organization","name":"Pietro Fiorentini Polska","url":"https:\/\/fiorentini-polska.com\/en\/","logo":{"@type":"ImageObject","inLanguage":"en-US","@id":"https:\/\/fiorentini-polska.com\/en\/#\/schema\/logo\/image\/","url":"https:\/\/www.fiorentini-polska.com\/wp-content\/uploads\/2021\/07\/LOGO_CMYK_COLOR.png","contentUrl":"https:\/\/www.fiorentini-polska.com\/wp-content\/uploads\/2021\/07\/LOGO_CMYK_COLOR.png","width":3077,"height":1259,"caption":"Pietro Fiorentini Polska"},"image":{"@id":"https:\/\/fiorentini-polska.com\/en\/#\/schema\/logo\/image\/"},"sameAs":["https:\/\/x.com\/FiorentiniSpa"]}]}},"_links":{"self":[{"href":"https:\/\/fiorentini-polska.com\/en\/wp-json\/wp\/v2\/pages\/27435","targetHints":{"allow":["GET"]}}],"collection":[{"href":"https:\/\/fiorentini-polska.com\/en\/wp-json\/wp\/v2\/pages"}],"about":[{"href":"https:\/\/fiorentini-polska.com\/en\/wp-json\/wp\/v2\/types\/page"}],"author":[{"embeddable":true,"href":"https:\/\/fiorentini-polska.com\/en\/wp-json\/wp\/v2\/users\/12"}],"replies":[{"embeddable":true,"href":"https:\/\/fiorentini-polska.com\/en\/wp-json\/wp\/v2\/comments?post=27435"}],"version-history":[{"count":1,"href":"https:\/\/fiorentini-polska.com\/en\/wp-json\/wp\/v2\/pages\/27435\/revisions"}],"predecessor-version":[{"id":27436,"href":"https:\/\/fiorentini-polska.com\/en\/wp-json\/wp\/v2\/pages\/27435\/revisions\/27436"}],"up":[{"embeddable":true,"href":"https:\/\/fiorentini-polska.com\/en\/wp-json\/wp\/v2\/pages\/27433"}],"wp:attachment":[{"href":"https:\/\/fiorentini-polska.com\/en\/wp-json\/wp\/v2\/media?parent=27435"}],"curies":[{"name":"wp","href":"https:\/\/api.w.org\/{rel}","templated":true}]}}