{"id":27431,"date":"2024-02-13T23:15:23","date_gmt":"2024-02-13T22:15:23","guid":{"rendered":"https:\/\/fiorentini-polska.com\/?page_id=27431"},"modified":"2024-02-23T16:27:00","modified_gmt":"2024-02-23T15:27:00","slug":"pf-hydrogen-journey","status":"publish","type":"page","link":"https:\/\/fiorentini-polska.com\/en\/expertise\/hydrogen\/pf-hydrogen-journey\/","title":{"rendered":"PF Hydrogen Journey"},"content":{"rendered":"\n<h2 class=\"wp-block-heading\"><strong>Pietro Fiorentini\u2019s contribution to the hydrogen chain<\/strong><\/h2>\n\n\n\n<div style=\"height:32px\" aria-hidden=\"true\" class=\"wp-block-spacer\"><\/div>\n\n\n<div class=\"wp-block-image\">\n<figure class=\"aligncenter size-full\"><img loading=\"lazy\" decoding=\"async\" width=\"1670\" height=\"699\" src=\"https:\/\/fiorentini-polska.com\/wp-content\/uploads\/2024\/02\/RENEWABLES_h2_pipeline_regulator-1.jpg\" alt=\"\" class=\"wp-image-27389\" srcset=\"https:\/\/fiorentini-polska.com\/wp-content\/uploads\/2024\/02\/RENEWABLES_h2_pipeline_regulator-1.jpg 1670w, https:\/\/fiorentini-polska.com\/wp-content\/uploads\/2024\/02\/RENEWABLES_h2_pipeline_regulator-1-300x126.jpg 300w, https:\/\/fiorentini-polska.com\/wp-content\/uploads\/2024\/02\/RENEWABLES_h2_pipeline_regulator-1-1024x429.jpg 1024w, https:\/\/fiorentini-polska.com\/wp-content\/uploads\/2024\/02\/RENEWABLES_h2_pipeline_regulator-1-768x321.jpg 768w, https:\/\/fiorentini-polska.com\/wp-content\/uploads\/2024\/02\/RENEWABLES_h2_pipeline_regulator-1-1536x643.jpg 1536w\" sizes=\"auto, (max-width: 1670px) 100vw, 1670px\" \/><\/figure>\n<\/div>\n\n\n<div style=\"height:32px\" aria-hidden=\"true\" class=\"wp-block-spacer\"><\/div>\n\n\n\n<p>Pietro Fiorentini began its hydrogen-journey in December 2018, by taking part in the <a href=\"https:\/\/www.hy4heat.info\/\" target=\"_blank\" rel=\"noreferrer noopener\">Hy4Heat<\/a> project conference in London. The United Kingdom has stated its goal to become fossil fuel independent by 2050 and<strong> achieve zero net greenhouse gas emissions<\/strong>. The Hy4Heat project aims to verify the safety and technical and economic feasibility of replacing methane gas with 100% hydrogen within domestic\/industrial networks.<\/p>\n\n\n\n<p>The plan is divided into ten Work Packages, which are assigned to companies through public tenders. <strong>Pietro Fiorentini has participated in the tenders and been assigned two Work Packages<\/strong>: one to develop a domestic meter and one related to the development of auxiliary systems present upstream of the meter (pressure stabilisers, shut-off valves, and overflow valves). The two projects have allowed our Company to acquire expertise and confirm its presence in the emerging hydrogen market.<\/p>\n\n\n\n<p><a href=\"https:\/\/www.fiorentini.com\/en\/news\/uk-hy4heat-programme-hydrogen-smart-meters-and-components-for-domestic-use-will-be-provided-by-pietro-fiorentini\/\" target=\"_blank\" rel=\"noreferrer noopener\">UK Hy4Heat programme: hydrogen smart meters and components for domestic use will be provided by Pietro Fiorentini<\/a><\/p>\n\n\n\n<div style=\"height:32px\" aria-hidden=\"true\" class=\"wp-block-spacer\"><\/div>\n\n\n<div class=\"wp-block-image is-resized\">\n<figure class=\"aligncenter size-full\"><img loading=\"lazy\" decoding=\"async\" width=\"951\" height=\"943\" src=\"https:\/\/fiorentini-polska.com\/wp-content\/uploads\/2024\/02\/Expertise_Idrogeno_Contatore2.jpg\" alt=\"\" class=\"wp-image-27387\" srcset=\"https:\/\/fiorentini-polska.com\/wp-content\/uploads\/2024\/02\/Expertise_Idrogeno_Contatore2.jpg 951w, https:\/\/fiorentini-polska.com\/wp-content\/uploads\/2024\/02\/Expertise_Idrogeno_Contatore2-300x297.jpg 300w, https:\/\/fiorentini-polska.com\/wp-content\/uploads\/2024\/02\/Expertise_Idrogeno_Contatore2-150x150.jpg 150w, https:\/\/fiorentini-polska.com\/wp-content\/uploads\/2024\/02\/Expertise_Idrogeno_Contatore2-768x762.jpg 768w\" sizes=\"auto, (max-width: 951px) 100vw, 951px\" \/><\/figure>\n<\/div>\n\n\n<p class=\"has-text-align-center\"><em>The prototype of the hydrogen smart meters by Pietro Fiorentini<\/em><\/p>\n\n\n\n<div style=\"height:32px\" aria-hidden=\"true\" class=\"wp-block-spacer\"><\/div>\n\n\n\n<p>In July 2020, Pietro Fiorentini was awarded a further tender in the UK, as part of the H21 project for the city of Leeds, to supply a <strong>pressure reduction station for a 100% hydrogen line <\/strong>used in the Spadeadam testing centre.<\/p>\n\n\n\n<p><a href=\"https:\/\/www.h21.green\/about\/\" target=\"_blank\" rel=\"noreferrer noopener\">H21 Leeds City Gate Project<\/a><\/p>\n\n\n\n<p><a href=\"https:\/\/news.sky.com\/story\/fuel-of-the-future-inside-the-uks-first-hydrogen-powered-homes-12287892\" target=\"_blank\" rel=\"noreferrer noopener\">The station for the project H21<\/a><\/p>\n\n\n\n<p>In Italy, to respond scientifically to the requests of the market, Pietro Fiorentini has been working with the aim of certifying its products for use with increasing mixtures of H2. <strong>Thus important collaborations with <\/strong><a href=\"https:\/\/polilapp.chem.polimi.it\/\" target=\"_blank\" rel=\"noreferrer noopener\"><strong>PoliMi<\/strong><\/a> were established in order to study the compatibility of materials by combining the literature with tests conducted on materials both in the best specialised laboratories in Europe and in-house.<\/p>\n\n\n\n<p>Starting from May 2021, Pietro Fiorentini is member of the <a href=\"https:\/\/ec.europa.eu\/growth\/industry\/policy\/european-clean-hydrogen-alliance_en\" target=\"_blank\" rel=\"noreferrer noopener\"><strong>European Clean Hydrogen Alliance<\/strong><\/a>, Established by the Directorate General of the European Commission for Internal Market, Industry, Entrepreneurship &amp; SMEs. The Alliance brings together all stakeholders who want to contribute to the development of a hydrogen supply chain that will support EU Member States in achieving the objectives of zero net greenhouse gas emissions set by the European <a href=\"https:\/\/ec.europa.eu\/info\/strategy\/priorities-2019-2024\/european-green-deal_en\" target=\"_blank\" rel=\"noreferrer noopener\">Green Deal<\/a>. Thanks to this membership, Pietro Fiorentini contributes to the round tables dedicated to the themes of <strong>production, transmission and distribution of clean hydrogen <\/strong>and its applications in the industrial, residential, energy and mobility sectors.<\/p>\n\n\n\n<p><a href=\"https:\/\/www.fiorentini.com\/en\/news\/pietro-fiorentini-joins-the-european-clean-hydrogen-alliance\/\" target=\"_blank\" rel=\"noreferrer noopener\">Pietro Fiorentini joins the European Clean Hydrogen Alliance<\/a><\/p>\n\n\n\n<p>In addition to this, Pietro Fiorentini actively participates in the main Italian and European working tables in the hydrogen field such as <a href=\"https:\/\/hydrogeneurope.eu\/\" target=\"_blank\" rel=\"noreferrer noopener\"><strong>Hydrogen Europe<\/strong><\/a>, <a href=\"https:\/\/www.h2it.it\/documenti\/\" target=\"_blank\" rel=\"noreferrer noopener\"><strong>H2IT<\/strong><\/a> and <a href=\"https:\/\/www.fondazionepolitecnico.it\/en\/initiatives\/hydrogen-jrp\/\" target=\"_blank\" rel=\"noreferrer noopener\"><strong>Hydrogen Joint Research Platform<\/strong><\/a>. These associations aim to promote the advancement of knowledge and the study of disciplines relevant to technologies and systems for the production and use of hydrogen, opening up to an ongoing discussion with stakeholders in the supply chain to support government agencies in the definition of policies enabling the energy transition.<\/p>\n\n\n\n<div style=\"height:32px\" aria-hidden=\"true\" class=\"wp-block-spacer\"><\/div>\n\n\n\n<h3 class=\"wp-block-heading\"><strong>At the heart of the experimentation<\/strong><\/h3>\n\n\n\n<p>In the past months, Pietro Fiorentini has intensified its strategy of collaboration with leading European testing centers to verify the readiness of its products, particularly for measurement aspects, which will play a strategic role in the context of blending different gases.<\/p>\n\n\n\n<p>Despite a framework of regulatory uncertainty where certifying bodies and companies are taking the first steps to regulate the hydrogen sector, on July 11, 2022, Pietro Fiorentini saw its <a href=\"https:\/\/www.fiorentini-polska.com\/en\/solutions\/products\/low-pressure-gas-regulators-and-governors\/lp-direct-operated\/mod-fe\/\"><strong>Mod. FE<\/strong><\/a> gas pressure regulator obtain certification for the <strong>use with mixtures containing up to 20% hydrogen<\/strong>. The certifying body is <a href=\"https:\/\/www.bureauveritas.it\/\"><strong>Bureau Veritas<\/strong><\/a>, a world leader in audit and certification services.<\/p>\n\n\n\n<p><a href=\"https:\/\/www.fiorentini-iberia.com\/en\/news\/the-fe-regulator-by-pietro-fiorentini-certified-for-hydrogen-by-bureau-veritas\/\">The Mod. FE regulator by Pietro Fiorentini certified for hydrogen by Bureau Veritas<\/a><\/p>\n\n\n\n<p>On October 20, 2022, Pietro Fiorentini inaugurated its new laboratory for hydrogen experimentation, the <strong>Hydrogen Innovation Lab<\/strong>, located within its headquarters in Arcugnano (Vicenza). It is an <strong>innovation center completely dedicated to the study of hydrogen-related projects<\/strong> that aims to become a hub of excellence for Italy.<\/p>\n\n\n\n<p><a href=\"https:\/\/www.fiorentini.com\/en\/expertise\/hydrogen\/pietro-fiorentinis-hydrogen-innovation-lab\/\" target=\"_blank\" rel=\"noreferrer noopener\">Pietro Fiorentini\u2019s H2 laboratory<\/a><\/p>\n\n\n\n<p>In addition to laboratory experiments, Pietro Fiorentini is also active in early field experimentations: it is <strong>industrial partner of Inrete Distribuzione Energia<\/strong>, a <a href=\"https:\/\/eng.gruppohera.it\/group_eng\/\" target=\"_blank\" rel=\"noreferrer noopener\">Hera Group<\/a> company, for a project in which <strong>a mixture of methane and hydrogen has been introduced into a portion<\/strong> of the gas infrastructure in Castelfranco Emilia (MO). The products involved as part of this project are the <a href=\"https:\/\/www.gruppohera.it\/-\/nexmeter-il-contatore-gas-smart-tra-innovazione-e-sicurezza\" target=\"_blank\" rel=\"noreferrer noopener\"><strong>NexMeter<\/strong><\/a>, the only meter on the Italian market already enabled to measure mixtures of methane and hydrogen, and the <a href=\"https:\/\/www.fiorentini.com\/en\/category\/industries\/gas-distribution-mp\/district-stations\/\" target=\"_blank\" rel=\"noreferrer noopener\"><strong>pressure reducing and metering station<\/strong><\/a> in the Castelfranco Emilia area, which can be seen within the <a href=\"https:\/\/www.rainews.it\/tgr\/emiliaromagna\/video\/2022\/11\/watchfolder-tgr-emilia-romagna-web-pini-tg-14-castelfranco-idrogenomxf-3bf32904-e5d8-442b-9ea1-43ae4d39e7b9.html?wt_mc=2.www.wzp.rainews24\" target=\"_blank\" rel=\"noreferrer noopener\">TGR Emilia service<\/a> (minute 0:35).<\/p>\n\n\n\n<p><a href=\"https:\/\/www.fiorentini.com\/en\/news\/hydrogen-for-civil-use-pietro-fiorentini-participates-with-hera-group-in-the-first-italian-experimentation\/\" target=\"_blank\" rel=\"noreferrer noopener\">Hydrogen for civil use: Pietro Fiorentini participates with Hera Group in the first Italian experimentation<\/a><\/p>\n","protected":false},"excerpt":{"rendered":"<p>Hydrogen is one of the major players in the energy transition and Pietro Fiorentini intends to make its experience available through participation and development of new projects in Italy and abroad, membership in the main tables in the industry and experiments to test the readiness of its devices.<\/p>\n","protected":false},"author":12,"featured_media":0,"parent":27426,"menu_order":0,"comment_status":"closed","ping_status":"closed","template":"template-expertise-post.php","meta":{"_acf_changed":false,"inline_featured_image":false,"footnotes":""},"class_list":["post-27431","page","type-page","status-publish","hentry"],"acf":[],"yoast_head":"<!-- This site is optimized with the Yoast SEO plugin v27.2 - https:\/\/yoast.com\/product\/yoast-seo-wordpress\/ -->\n<title>PF Hydrogen Journey - Pietro Fiorentini<\/title>\n<meta name=\"description\" content=\"The United Kingdom has stated its goal to become fossil fuel independent by 2050 and achieve zero net greenhouse gas emissions.\" \/>\n<meta name=\"robots\" content=\"index, follow, max-snippet:-1, max-image-preview:large, max-video-preview:-1\" \/>\n<link rel=\"canonical\" href=\"https:\/\/fiorentini-polska.com\/en\/expertise\/hydrogen\/pf-hydrogen-journey\/\" \/>\n<meta property=\"og:locale\" content=\"en_US\" \/>\n<meta property=\"og:type\" content=\"article\" \/>\n<meta property=\"og:title\" content=\"PF Hydrogen Journey - Pietro Fiorentini\" \/>\n<meta property=\"og:description\" content=\"The United Kingdom has stated its goal to become fossil fuel independent by 2050 and achieve zero net greenhouse gas emissions.\" \/>\n<meta property=\"og:url\" content=\"https:\/\/fiorentini-polska.com\/en\/expertise\/hydrogen\/pf-hydrogen-journey\/\" \/>\n<meta property=\"og:site_name\" content=\"Pietro Fiorentini\" \/>\n<meta property=\"article:modified_time\" content=\"2024-02-23T15:27:00+00:00\" \/>\n<meta property=\"og:image\" content=\"https:\/\/fiorentini-polska.com\/wp-content\/uploads\/2024\/02\/RENEWABLES_h2_pipeline_regulator-1.jpg\" \/>\n<meta name=\"twitter:card\" content=\"summary_large_image\" \/>\n<meta name=\"twitter:site\" content=\"@FiorentiniSpa\" \/>\n<meta name=\"twitter:label1\" content=\"Est. reading time\" \/>\n\t<meta name=\"twitter:data1\" content=\"4 minutes\" \/>\n<script type=\"application\/ld+json\" class=\"yoast-schema-graph\">{\"@context\":\"https:\/\/schema.org\",\"@graph\":[{\"@type\":\"WebPage\",\"@id\":\"https:\/\/fiorentini-polska.com\/en\/expertise\/hydrogen\/pf-hydrogen-journey\/\",\"url\":\"https:\/\/fiorentini-polska.com\/en\/expertise\/hydrogen\/pf-hydrogen-journey\/\",\"name\":\"PF Hydrogen Journey - Pietro Fiorentini\",\"isPartOf\":{\"@id\":\"https:\/\/www.fiorentini-polska.com\/en\/#website\"},\"primaryImageOfPage\":{\"@id\":\"https:\/\/fiorentini-polska.com\/en\/expertise\/hydrogen\/pf-hydrogen-journey\/#primaryimage\"},\"image\":{\"@id\":\"https:\/\/fiorentini-polska.com\/en\/expertise\/hydrogen\/pf-hydrogen-journey\/#primaryimage\"},\"thumbnailUrl\":\"https:\/\/fiorentini-polska.com\/wp-content\/uploads\/2024\/02\/RENEWABLES_h2_pipeline_regulator-1.jpg\",\"datePublished\":\"2024-02-13T22:15:23+00:00\",\"dateModified\":\"2024-02-23T15:27:00+00:00\",\"description\":\"The United Kingdom has stated its goal to become fossil fuel independent by 2050 and achieve zero net greenhouse gas emissions.\",\"breadcrumb\":{\"@id\":\"https:\/\/fiorentini-polska.com\/en\/expertise\/hydrogen\/pf-hydrogen-journey\/#breadcrumb\"},\"inLanguage\":\"en-US\",\"potentialAction\":[{\"@type\":\"ReadAction\",\"target\":[\"https:\/\/fiorentini-polska.com\/en\/expertise\/hydrogen\/pf-hydrogen-journey\/\"]}]},{\"@type\":\"ImageObject\",\"inLanguage\":\"en-US\",\"@id\":\"https:\/\/fiorentini-polska.com\/en\/expertise\/hydrogen\/pf-hydrogen-journey\/#primaryimage\",\"url\":\"https:\/\/fiorentini-polska.com\/wp-content\/uploads\/2024\/02\/RENEWABLES_h2_pipeline_regulator-1.jpg\",\"contentUrl\":\"https:\/\/fiorentini-polska.com\/wp-content\/uploads\/2024\/02\/RENEWABLES_h2_pipeline_regulator-1.jpg\"},{\"@type\":\"BreadcrumbList\",\"@id\":\"https:\/\/fiorentini-polska.com\/en\/expertise\/hydrogen\/pf-hydrogen-journey\/#breadcrumb\",\"itemListElement\":[{\"@type\":\"ListItem\",\"position\":1,\"name\":\"Home\",\"item\":\"https:\/\/www.fiorentini-polska.com\/en\/\"},{\"@type\":\"ListItem\",\"position\":2,\"name\":\"Expertise\",\"item\":\"https:\/\/fiorentini-polska.com\/en\/expertise\/\"},{\"@type\":\"ListItem\",\"position\":3,\"name\":\"Hydrogen\",\"item\":\"https:\/\/fiorentini-polska.com\/en\/expertise\/hydrogen\/\"},{\"@type\":\"ListItem\",\"position\":4,\"name\":\"PF Hydrogen Journey\"}]},{\"@type\":\"WebSite\",\"@id\":\"https:\/\/www.fiorentini-polska.com\/en\/#website\",\"url\":\"https:\/\/www.fiorentini-polska.com\/en\/\",\"name\":\"Pietro Fiorentini Polska\",\"description\":\"Pietro Fiorentini projektuje i produkuje komponenty, systemy i us\u0142ugi do regulacji, pomiar\u00f3w i zarz\u0105dzania rop\u0105 naftow\u0105 i gazem.\",\"publisher\":{\"@id\":\"https:\/\/www.fiorentini-polska.com\/en\/#organization\"},\"potentialAction\":[{\"@type\":\"SearchAction\",\"target\":{\"@type\":\"EntryPoint\",\"urlTemplate\":\"https:\/\/www.fiorentini-polska.com\/en\/?s={search_term_string}\"},\"query-input\":{\"@type\":\"PropertyValueSpecification\",\"valueRequired\":true,\"valueName\":\"search_term_string\"}}],\"inLanguage\":\"en-US\"},{\"@type\":\"Organization\",\"@id\":\"https:\/\/www.fiorentini-polska.com\/en\/#organization\",\"name\":\"Pietro Fiorentini Polska\",\"url\":\"https:\/\/www.fiorentini-polska.com\/en\/\",\"logo\":{\"@type\":\"ImageObject\",\"inLanguage\":\"en-US\",\"@id\":\"https:\/\/www.fiorentini-polska.com\/en\/#\/schema\/logo\/image\/\",\"url\":\"https:\/\/www.fiorentini-polska.com\/wp-content\/uploads\/2021\/07\/LOGO_CMYK_COLOR.png\",\"contentUrl\":\"https:\/\/www.fiorentini-polska.com\/wp-content\/uploads\/2021\/07\/LOGO_CMYK_COLOR.png\",\"width\":3077,\"height\":1259,\"caption\":\"Pietro Fiorentini Polska\"},\"image\":{\"@id\":\"https:\/\/www.fiorentini-polska.com\/en\/#\/schema\/logo\/image\/\"},\"sameAs\":[\"https:\/\/x.com\/FiorentiniSpa\"]}]}<\/script>\n<!-- \/ Yoast SEO plugin. -->","yoast_head_json":{"title":"PF Hydrogen Journey - Pietro Fiorentini","description":"The United Kingdom has stated its goal to become fossil fuel independent by 2050 and achieve zero net greenhouse gas emissions.","robots":{"index":"index","follow":"follow","max-snippet":"max-snippet:-1","max-image-preview":"max-image-preview:large","max-video-preview":"max-video-preview:-1"},"canonical":"https:\/\/fiorentini-polska.com\/en\/expertise\/hydrogen\/pf-hydrogen-journey\/","og_locale":"en_US","og_type":"article","og_title":"PF Hydrogen Journey - Pietro Fiorentini","og_description":"The United Kingdom has stated its goal to become fossil fuel independent by 2050 and achieve zero net greenhouse gas emissions.","og_url":"https:\/\/fiorentini-polska.com\/en\/expertise\/hydrogen\/pf-hydrogen-journey\/","og_site_name":"Pietro Fiorentini","article_modified_time":"2024-02-23T15:27:00+00:00","og_image":[{"url":"https:\/\/fiorentini-polska.com\/wp-content\/uploads\/2024\/02\/RENEWABLES_h2_pipeline_regulator-1.jpg","type":"","width":"","height":""}],"twitter_card":"summary_large_image","twitter_site":"@FiorentiniSpa","twitter_misc":{"Est. reading time":"4 minutes"},"schema":{"@context":"https:\/\/schema.org","@graph":[{"@type":"WebPage","@id":"https:\/\/fiorentini-polska.com\/en\/expertise\/hydrogen\/pf-hydrogen-journey\/","url":"https:\/\/fiorentini-polska.com\/en\/expertise\/hydrogen\/pf-hydrogen-journey\/","name":"PF Hydrogen Journey - Pietro Fiorentini","isPartOf":{"@id":"https:\/\/www.fiorentini-polska.com\/en\/#website"},"primaryImageOfPage":{"@id":"https:\/\/fiorentini-polska.com\/en\/expertise\/hydrogen\/pf-hydrogen-journey\/#primaryimage"},"image":{"@id":"https:\/\/fiorentini-polska.com\/en\/expertise\/hydrogen\/pf-hydrogen-journey\/#primaryimage"},"thumbnailUrl":"https:\/\/fiorentini-polska.com\/wp-content\/uploads\/2024\/02\/RENEWABLES_h2_pipeline_regulator-1.jpg","datePublished":"2024-02-13T22:15:23+00:00","dateModified":"2024-02-23T15:27:00+00:00","description":"The United Kingdom has stated its goal to become fossil fuel independent by 2050 and achieve zero net greenhouse gas emissions.","breadcrumb":{"@id":"https:\/\/fiorentini-polska.com\/en\/expertise\/hydrogen\/pf-hydrogen-journey\/#breadcrumb"},"inLanguage":"en-US","potentialAction":[{"@type":"ReadAction","target":["https:\/\/fiorentini-polska.com\/en\/expertise\/hydrogen\/pf-hydrogen-journey\/"]}]},{"@type":"ImageObject","inLanguage":"en-US","@id":"https:\/\/fiorentini-polska.com\/en\/expertise\/hydrogen\/pf-hydrogen-journey\/#primaryimage","url":"https:\/\/fiorentini-polska.com\/wp-content\/uploads\/2024\/02\/RENEWABLES_h2_pipeline_regulator-1.jpg","contentUrl":"https:\/\/fiorentini-polska.com\/wp-content\/uploads\/2024\/02\/RENEWABLES_h2_pipeline_regulator-1.jpg"},{"@type":"BreadcrumbList","@id":"https:\/\/fiorentini-polska.com\/en\/expertise\/hydrogen\/pf-hydrogen-journey\/#breadcrumb","itemListElement":[{"@type":"ListItem","position":1,"name":"Home","item":"https:\/\/www.fiorentini-polska.com\/en\/"},{"@type":"ListItem","position":2,"name":"Expertise","item":"https:\/\/fiorentini-polska.com\/en\/expertise\/"},{"@type":"ListItem","position":3,"name":"Hydrogen","item":"https:\/\/fiorentini-polska.com\/en\/expertise\/hydrogen\/"},{"@type":"ListItem","position":4,"name":"PF Hydrogen Journey"}]},{"@type":"WebSite","@id":"https:\/\/www.fiorentini-polska.com\/en\/#website","url":"https:\/\/www.fiorentini-polska.com\/en\/","name":"Pietro Fiorentini Polska","description":"Pietro Fiorentini projektuje i produkuje komponenty, systemy i us\u0142ugi do regulacji, pomiar\u00f3w i zarz\u0105dzania rop\u0105 naftow\u0105 i gazem.","publisher":{"@id":"https:\/\/www.fiorentini-polska.com\/en\/#organization"},"potentialAction":[{"@type":"SearchAction","target":{"@type":"EntryPoint","urlTemplate":"https:\/\/www.fiorentini-polska.com\/en\/?s={search_term_string}"},"query-input":{"@type":"PropertyValueSpecification","valueRequired":true,"valueName":"search_term_string"}}],"inLanguage":"en-US"},{"@type":"Organization","@id":"https:\/\/www.fiorentini-polska.com\/en\/#organization","name":"Pietro Fiorentini Polska","url":"https:\/\/www.fiorentini-polska.com\/en\/","logo":{"@type":"ImageObject","inLanguage":"en-US","@id":"https:\/\/www.fiorentini-polska.com\/en\/#\/schema\/logo\/image\/","url":"https:\/\/www.fiorentini-polska.com\/wp-content\/uploads\/2021\/07\/LOGO_CMYK_COLOR.png","contentUrl":"https:\/\/www.fiorentini-polska.com\/wp-content\/uploads\/2021\/07\/LOGO_CMYK_COLOR.png","width":3077,"height":1259,"caption":"Pietro Fiorentini Polska"},"image":{"@id":"https:\/\/www.fiorentini-polska.com\/en\/#\/schema\/logo\/image\/"},"sameAs":["https:\/\/x.com\/FiorentiniSpa"]}]}},"_links":{"self":[{"href":"https:\/\/fiorentini-polska.com\/en\/wp-json\/wp\/v2\/pages\/27431","targetHints":{"allow":["GET"]}}],"collection":[{"href":"https:\/\/fiorentini-polska.com\/en\/wp-json\/wp\/v2\/pages"}],"about":[{"href":"https:\/\/fiorentini-polska.com\/en\/wp-json\/wp\/v2\/types\/page"}],"author":[{"embeddable":true,"href":"https:\/\/fiorentini-polska.com\/en\/wp-json\/wp\/v2\/users\/12"}],"replies":[{"embeddable":true,"href":"https:\/\/fiorentini-polska.com\/en\/wp-json\/wp\/v2\/comments?post=27431"}],"version-history":[{"count":2,"href":"https:\/\/fiorentini-polska.com\/en\/wp-json\/wp\/v2\/pages\/27431\/revisions"}],"predecessor-version":[{"id":27676,"href":"https:\/\/fiorentini-polska.com\/en\/wp-json\/wp\/v2\/pages\/27431\/revisions\/27676"}],"up":[{"embeddable":true,"href":"https:\/\/fiorentini-polska.com\/en\/wp-json\/wp\/v2\/pages\/27426"}],"wp:attachment":[{"href":"https:\/\/fiorentini-polska.com\/en\/wp-json\/wp\/v2\/media?parent=27431"}],"curies":[{"name":"wp","href":"https:\/\/api.w.org\/{rel}","templated":true}]}}