{"id":27426,"date":"2024-02-13T23:10:37","date_gmt":"2024-02-13T22:10:37","guid":{"rendered":"https:\/\/fiorentini-polska.com\/?page_id=27426"},"modified":"2024-09-30T14:13:29","modified_gmt":"2024-09-30T12:13:29","slug":"hydrogen","status":"publish","type":"page","link":"https:\/\/fiorentini-polska.com\/en\/expertise\/hydrogen\/","title":{"rendered":"Hydrogen"},"content":{"rendered":"\n<h2 class=\"wp-block-heading\"><strong>The perfect ally for sustainable energy<\/strong><\/h2>\n\n\n\n<p>Hydrogen is an element that can currently only be injected into the pipeline network and mixed with natural gas up to certain percentages. Our commitment is to <strong>create systems and devices that increase this mixing percentage<\/strong>, a technological challenge that will open up incredible opportunities for the development of more sustainable energy.<\/p>\n\n\n\n<p>Following this roadmap, <strong>Pietro Fiorentini<\/strong> has launched a wide range of <strong><a href=\"https:\/\/www.fiorentini-polska.com\/en\/category\/solutions\/products\/100-hydrogen-products\/\">100% hydrogen products<\/a><\/strong>, both for <strong>valves<\/strong>, <strong>meters<\/strong>, <strong>regulators<\/strong> and <strong>electrolysers<\/strong>.<\/p>\n\n\n\n<p>In this respect, the&nbsp;<strong><a href=\"https:\/\/www.fiorentini-polska.com\/en\/solutions\/products\/100-hydrogen-products\/electrolysers\/hyter-hydrogen-electrolyser\/\">hydrogen electrolyser of Hyter<\/a><\/strong>, a company part of the <strong><a href=\"https:\/\/fiorentini-polska.com\/en\/pietro-fiorentini-group\/pf-group-companies-and-brands\/\">Pietro Fiorentini Group<\/a><\/strong>, uses the advanced&nbsp;<strong>AEMWE technology<\/strong>&nbsp;(Anion Exchange Membrane Water Electrolysis) to produce high-purity hydrogen in a sustainable way.<\/p>\n\n\n\n<p class=\"has-black-color has-text-color has-link-color wp-elements-ef389bb957638d1e8f85b8cd39968913\">On the other hand, the need of a large scale use of hydrogen inspired us to develop new&nbsp;<strong><a href=\"https:\/\/fiorentini-polska.com\/en\/solutions\/systems\/renewables-energies\/hydrogen-blending-stations\/\">hydrogen blending stations<\/a><\/strong>. Designed to be easily adaptable <strong>from low pressure districts to high pressure transmission networks and industrial applications<\/strong>.<\/p>\n","protected":false},"excerpt":{"rendered":"<p>Hydrogen combustion does not release carbon dioxide, but rather steam, and it is easier to transport and store than electricity. This makes hydrogen the ideal ally for renewable energy production.<br \/>\nToday, hydrogen can only be injected into the pipeline network and blended with natural gas up to certain percentages: we are commited to creating systems and devices that can overcome this limit.<\/p>\n","protected":false},"author":12,"featured_media":10677,"parent":27340,"menu_order":1,"comment_status":"closed","ping_status":"closed","template":"template-expertise-child.php","meta":{"_acf_changed":false,"inline_featured_image":false,"footnotes":""},"class_list":["post-27426","page","type-page","status-publish","has-post-thumbnail","hentry"],"acf":[],"yoast_head":"<!-- This site is optimized with the Yoast SEO plugin v27.2 - https:\/\/yoast.com\/product\/yoast-seo-wordpress\/ -->\n<title>Hydrogen - Pietro Fiorentini<\/title>\n<meta name=\"description\" content=\"Hydrogen was the first element to form following the Big Bang and alone makes up almost 90% of the universe\u2019s mass.\" \/>\n<meta name=\"robots\" content=\"index, follow, max-snippet:-1, max-image-preview:large, max-video-preview:-1\" \/>\n<link rel=\"canonical\" href=\"https:\/\/fiorentini-polska.com\/en\/expertise\/hydrogen\/\" \/>\n<meta property=\"og:locale\" content=\"en_US\" \/>\n<meta property=\"og:type\" content=\"article\" \/>\n<meta property=\"og:title\" content=\"Hydrogen - Pietro Fiorentini\" \/>\n<meta property=\"og:description\" content=\"Hydrogen was the first element to form following the Big Bang and alone makes up almost 90% of the universe\u2019s mass.\" \/>\n<meta property=\"og:url\" content=\"https:\/\/fiorentini-polska.com\/en\/expertise\/hydrogen\/\" \/>\n<meta property=\"og:site_name\" content=\"Pietro Fiorentini\" \/>\n<meta property=\"article:modified_time\" content=\"2024-09-30T12:13:29+00:00\" \/>\n<meta property=\"og:image\" content=\"https:\/\/fiorentini-polska.com\/wp-content\/uploads\/2021\/03\/03_expertise_hydrogen.jpeg\" \/>\n\t<meta property=\"og:image:width\" content=\"991\" \/>\n\t<meta property=\"og:image:height\" content=\"991\" \/>\n\t<meta property=\"og:image:type\" content=\"image\/jpeg\" \/>\n<meta name=\"twitter:card\" content=\"summary_large_image\" \/>\n<meta name=\"twitter:site\" content=\"@FiorentiniSpa\" \/>\n<meta name=\"twitter:label1\" content=\"Est. reading time\" \/>\n\t<meta name=\"twitter:data1\" content=\"1 minute\" \/>\n<script type=\"application\/ld+json\" class=\"yoast-schema-graph\">{\"@context\":\"https:\/\/schema.org\",\"@graph\":[{\"@type\":\"WebPage\",\"@id\":\"https:\/\/fiorentini-polska.com\/en\/expertise\/hydrogen\/\",\"url\":\"https:\/\/fiorentini-polska.com\/en\/expertise\/hydrogen\/\",\"name\":\"Hydrogen - Pietro Fiorentini\",\"isPartOf\":{\"@id\":\"https:\/\/www.fiorentini-polska.com\/en\/#website\"},\"primaryImageOfPage\":{\"@id\":\"https:\/\/fiorentini-polska.com\/en\/expertise\/hydrogen\/#primaryimage\"},\"image\":{\"@id\":\"https:\/\/fiorentini-polska.com\/en\/expertise\/hydrogen\/#primaryimage\"},\"thumbnailUrl\":\"https:\/\/fiorentini-polska.com\/wp-content\/uploads\/2021\/03\/03_expertise_hydrogen.jpeg\",\"datePublished\":\"2024-02-13T22:10:37+00:00\",\"dateModified\":\"2024-09-30T12:13:29+00:00\",\"description\":\"Hydrogen was the first element to form following the Big Bang and alone makes up almost 90% of the universe\u2019s mass.\",\"breadcrumb\":{\"@id\":\"https:\/\/fiorentini-polska.com\/en\/expertise\/hydrogen\/#breadcrumb\"},\"inLanguage\":\"en-US\",\"potentialAction\":[{\"@type\":\"ReadAction\",\"target\":[\"https:\/\/fiorentini-polska.com\/en\/expertise\/hydrogen\/\"]}]},{\"@type\":\"ImageObject\",\"inLanguage\":\"en-US\",\"@id\":\"https:\/\/fiorentini-polska.com\/en\/expertise\/hydrogen\/#primaryimage\",\"url\":\"https:\/\/fiorentini-polska.com\/wp-content\/uploads\/2021\/03\/03_expertise_hydrogen.jpeg\",\"contentUrl\":\"https:\/\/fiorentini-polska.com\/wp-content\/uploads\/2021\/03\/03_expertise_hydrogen.jpeg\",\"width\":991,\"height\":991,\"caption\":\"Hydrogen is the future of energy\"},{\"@type\":\"BreadcrumbList\",\"@id\":\"https:\/\/fiorentini-polska.com\/en\/expertise\/hydrogen\/#breadcrumb\",\"itemListElement\":[{\"@type\":\"ListItem\",\"position\":1,\"name\":\"Home\",\"item\":\"https:\/\/www.fiorentini-polska.com\/en\/\"},{\"@type\":\"ListItem\",\"position\":2,\"name\":\"Expertise\",\"item\":\"https:\/\/fiorentini-polska.com\/en\/expertise\/\"},{\"@type\":\"ListItem\",\"position\":3,\"name\":\"Hydrogen\"}]},{\"@type\":\"WebSite\",\"@id\":\"https:\/\/www.fiorentini-polska.com\/en\/#website\",\"url\":\"https:\/\/www.fiorentini-polska.com\/en\/\",\"name\":\"Pietro Fiorentini Polska\",\"description\":\"Pietro Fiorentini projektuje i produkuje komponenty, systemy i us\u0142ugi do regulacji, pomiar\u00f3w i zarz\u0105dzania rop\u0105 naftow\u0105 i gazem.\",\"publisher\":{\"@id\":\"https:\/\/www.fiorentini-polska.com\/en\/#organization\"},\"potentialAction\":[{\"@type\":\"SearchAction\",\"target\":{\"@type\":\"EntryPoint\",\"urlTemplate\":\"https:\/\/www.fiorentini-polska.com\/en\/?s={search_term_string}\"},\"query-input\":{\"@type\":\"PropertyValueSpecification\",\"valueRequired\":true,\"valueName\":\"search_term_string\"}}],\"inLanguage\":\"en-US\"},{\"@type\":\"Organization\",\"@id\":\"https:\/\/www.fiorentini-polska.com\/en\/#organization\",\"name\":\"Pietro Fiorentini Polska\",\"url\":\"https:\/\/www.fiorentini-polska.com\/en\/\",\"logo\":{\"@type\":\"ImageObject\",\"inLanguage\":\"en-US\",\"@id\":\"https:\/\/www.fiorentini-polska.com\/en\/#\/schema\/logo\/image\/\",\"url\":\"https:\/\/www.fiorentini-polska.com\/wp-content\/uploads\/2021\/07\/LOGO_CMYK_COLOR.png\",\"contentUrl\":\"https:\/\/www.fiorentini-polska.com\/wp-content\/uploads\/2021\/07\/LOGO_CMYK_COLOR.png\",\"width\":3077,\"height\":1259,\"caption\":\"Pietro Fiorentini Polska\"},\"image\":{\"@id\":\"https:\/\/www.fiorentini-polska.com\/en\/#\/schema\/logo\/image\/\"},\"sameAs\":[\"https:\/\/x.com\/FiorentiniSpa\"]}]}<\/script>\n<!-- \/ Yoast SEO plugin. -->","yoast_head_json":{"title":"Hydrogen - Pietro Fiorentini","description":"Hydrogen was the first element to form following the Big Bang and alone makes up almost 90% of the universe\u2019s mass.","robots":{"index":"index","follow":"follow","max-snippet":"max-snippet:-1","max-image-preview":"max-image-preview:large","max-video-preview":"max-video-preview:-1"},"canonical":"https:\/\/fiorentini-polska.com\/en\/expertise\/hydrogen\/","og_locale":"en_US","og_type":"article","og_title":"Hydrogen - Pietro Fiorentini","og_description":"Hydrogen was the first element to form following the Big Bang and alone makes up almost 90% of the universe\u2019s mass.","og_url":"https:\/\/fiorentini-polska.com\/en\/expertise\/hydrogen\/","og_site_name":"Pietro Fiorentini","article_modified_time":"2024-09-30T12:13:29+00:00","og_image":[{"width":991,"height":991,"url":"https:\/\/fiorentini-polska.com\/wp-content\/uploads\/2021\/03\/03_expertise_hydrogen.jpeg","type":"image\/jpeg"}],"twitter_card":"summary_large_image","twitter_site":"@FiorentiniSpa","twitter_misc":{"Est. reading time":"1 minute"},"schema":{"@context":"https:\/\/schema.org","@graph":[{"@type":"WebPage","@id":"https:\/\/fiorentini-polska.com\/en\/expertise\/hydrogen\/","url":"https:\/\/fiorentini-polska.com\/en\/expertise\/hydrogen\/","name":"Hydrogen - Pietro Fiorentini","isPartOf":{"@id":"https:\/\/www.fiorentini-polska.com\/en\/#website"},"primaryImageOfPage":{"@id":"https:\/\/fiorentini-polska.com\/en\/expertise\/hydrogen\/#primaryimage"},"image":{"@id":"https:\/\/fiorentini-polska.com\/en\/expertise\/hydrogen\/#primaryimage"},"thumbnailUrl":"https:\/\/fiorentini-polska.com\/wp-content\/uploads\/2021\/03\/03_expertise_hydrogen.jpeg","datePublished":"2024-02-13T22:10:37+00:00","dateModified":"2024-09-30T12:13:29+00:00","description":"Hydrogen was the first element to form following the Big Bang and alone makes up almost 90% of the universe\u2019s mass.","breadcrumb":{"@id":"https:\/\/fiorentini-polska.com\/en\/expertise\/hydrogen\/#breadcrumb"},"inLanguage":"en-US","potentialAction":[{"@type":"ReadAction","target":["https:\/\/fiorentini-polska.com\/en\/expertise\/hydrogen\/"]}]},{"@type":"ImageObject","inLanguage":"en-US","@id":"https:\/\/fiorentini-polska.com\/en\/expertise\/hydrogen\/#primaryimage","url":"https:\/\/fiorentini-polska.com\/wp-content\/uploads\/2021\/03\/03_expertise_hydrogen.jpeg","contentUrl":"https:\/\/fiorentini-polska.com\/wp-content\/uploads\/2021\/03\/03_expertise_hydrogen.jpeg","width":991,"height":991,"caption":"Hydrogen is the future of energy"},{"@type":"BreadcrumbList","@id":"https:\/\/fiorentini-polska.com\/en\/expertise\/hydrogen\/#breadcrumb","itemListElement":[{"@type":"ListItem","position":1,"name":"Home","item":"https:\/\/www.fiorentini-polska.com\/en\/"},{"@type":"ListItem","position":2,"name":"Expertise","item":"https:\/\/fiorentini-polska.com\/en\/expertise\/"},{"@type":"ListItem","position":3,"name":"Hydrogen"}]},{"@type":"WebSite","@id":"https:\/\/www.fiorentini-polska.com\/en\/#website","url":"https:\/\/www.fiorentini-polska.com\/en\/","name":"Pietro Fiorentini Polska","description":"Pietro Fiorentini projektuje i produkuje komponenty, systemy i us\u0142ugi do regulacji, pomiar\u00f3w i zarz\u0105dzania rop\u0105 naftow\u0105 i gazem.","publisher":{"@id":"https:\/\/www.fiorentini-polska.com\/en\/#organization"},"potentialAction":[{"@type":"SearchAction","target":{"@type":"EntryPoint","urlTemplate":"https:\/\/www.fiorentini-polska.com\/en\/?s={search_term_string}"},"query-input":{"@type":"PropertyValueSpecification","valueRequired":true,"valueName":"search_term_string"}}],"inLanguage":"en-US"},{"@type":"Organization","@id":"https:\/\/www.fiorentini-polska.com\/en\/#organization","name":"Pietro Fiorentini Polska","url":"https:\/\/www.fiorentini-polska.com\/en\/","logo":{"@type":"ImageObject","inLanguage":"en-US","@id":"https:\/\/www.fiorentini-polska.com\/en\/#\/schema\/logo\/image\/","url":"https:\/\/www.fiorentini-polska.com\/wp-content\/uploads\/2021\/07\/LOGO_CMYK_COLOR.png","contentUrl":"https:\/\/www.fiorentini-polska.com\/wp-content\/uploads\/2021\/07\/LOGO_CMYK_COLOR.png","width":3077,"height":1259,"caption":"Pietro Fiorentini Polska"},"image":{"@id":"https:\/\/www.fiorentini-polska.com\/en\/#\/schema\/logo\/image\/"},"sameAs":["https:\/\/x.com\/FiorentiniSpa"]}]}},"_links":{"self":[{"href":"https:\/\/fiorentini-polska.com\/en\/wp-json\/wp\/v2\/pages\/27426","targetHints":{"allow":["GET"]}}],"collection":[{"href":"https:\/\/fiorentini-polska.com\/en\/wp-json\/wp\/v2\/pages"}],"about":[{"href":"https:\/\/fiorentini-polska.com\/en\/wp-json\/wp\/v2\/types\/page"}],"author":[{"embeddable":true,"href":"https:\/\/fiorentini-polska.com\/en\/wp-json\/wp\/v2\/users\/12"}],"replies":[{"embeddable":true,"href":"https:\/\/fiorentini-polska.com\/en\/wp-json\/wp\/v2\/comments?post=27426"}],"version-history":[{"count":3,"href":"https:\/\/fiorentini-polska.com\/en\/wp-json\/wp\/v2\/pages\/27426\/revisions"}],"predecessor-version":[{"id":28802,"href":"https:\/\/fiorentini-polska.com\/en\/wp-json\/wp\/v2\/pages\/27426\/revisions\/28802"}],"up":[{"embeddable":true,"href":"https:\/\/fiorentini-polska.com\/en\/wp-json\/wp\/v2\/pages\/27340"}],"wp:featuredmedia":[{"embeddable":true,"href":"https:\/\/fiorentini-polska.com\/en\/wp-json\/wp\/v2\/media\/10677"}],"wp:attachment":[{"href":"https:\/\/fiorentini-polska.com\/en\/wp-json\/wp\/v2\/media?parent=27426"}],"curies":[{"name":"wp","href":"https:\/\/api.w.org\/{rel}","templated":true}]}}