{"id":27361,"date":"2024-02-13T22:59:14","date_gmt":"2024-02-13T21:59:14","guid":{"rendered":"https:\/\/fiorentini-polska.com\/?page_id=27361"},"modified":"2024-12-03T17:34:50","modified_gmt":"2024-12-03T16:34:50","slug":"pf-experience-in-biomethane","status":"publish","type":"page","link":"https:\/\/fiorentini-polska.com\/en\/expertise\/biomethane\/pf-experience-in-biomethane\/","title":{"rendered":"PF experience in biomethane"},"content":{"rendered":"\n<h2 class=\"wp-block-heading\"><strong>Solutions along the biomethane supply chain<\/strong><br>&nbsp;<\/h2>\n\n\n\n<figure class=\"wp-block-image size-full\"><img loading=\"lazy\" decoding=\"async\" width=\"1024\" height=\"575\" src=\"https:\/\/fiorentini-polska.com\/wp-content\/uploads\/2024\/02\/solutions-biomethane-chain-1-1024x575-2.jpg\" alt=\"\" class=\"wp-image-27397\" srcset=\"https:\/\/fiorentini-polska.com\/wp-content\/uploads\/2024\/02\/solutions-biomethane-chain-1-1024x575-2.jpg 1024w, https:\/\/fiorentini-polska.com\/wp-content\/uploads\/2024\/02\/solutions-biomethane-chain-1-1024x575-2-300x168.jpg 300w, https:\/\/fiorentini-polska.com\/wp-content\/uploads\/2024\/02\/solutions-biomethane-chain-1-1024x575-2-768x431.jpg 768w\" sizes=\"auto, (max-width: 1024px) 100vw, 1024px\" \/><\/figure>\n\n\n\n<div style=\"height:32px\" aria-hidden=\"true\" class=\"wp-block-spacer\"><\/div>\n\n\n\n<p>From <strong>treating raw biogas<\/strong> to the <strong>injection of the biomethane into the grid<\/strong> for the granting of incentives or for the <strong>production of liquefied natural gas (LNG)<\/strong>, Pietro Fiorentini is able to autonomously create and mantain integrated, customised solutions that guarantee maximum system production output and comply with contractually agreed-upon performance levels. In addition to this, we are also involved in business model development and co-investment in production.<\/p>\n\n\n\n<p>Our proposal is also enriched by <strong>remote supervision and control services<\/strong>, as well as <strong>solutions able to regulate the differences between injection and withdrawal<\/strong> within the network (<a href=\"https:\/\/fiorentini-polska.com\/en\/solutions\/systems\/gas-pressure-control-and-metering\/biremi-reverse-flow\/\">BiRemi<sup>TM<\/sup><\/a>). This, in the eyes of customers, places us as the only interface along the entire supply chain.<\/p>\n\n\n\n<div class=\"wp-block-group index\"><div class=\"wp-block-group__inner-container is-layout-flow wp-block-group-is-layout-flow\">\n<ol class=\"wp-block-list\">\n<li><strong><a href=\"#an-ever-growing-set-of-solutions\">An ever-growing set of solutions<\/a><\/strong><\/li>\n\n\n\n<li><strong><a href=\"#services\">Services for the maintenance of biomethane plants<\/a><\/strong><\/li>\n\n\n\n<li><strong><a href=\"#pietro-fiorentinis-partnerships-in-the-biogas-sector\">Pietro Fiorentini\u2019s partnerships in the biogas sector<\/a><\/strong><\/li>\n\n\n\n<li><strong><a href=\"#successful-projects\">Successful projects<\/a><\/strong><\/li>\n<\/ol>\n<\/div><\/div>\n\n\n\n<div id=\"an-ever-growing-set-of-solutions\" class=\"wp-block-group\"><div class=\"wp-block-group__inner-container is-layout-flow wp-block-group-is-layout-flow\">\n<h3 class=\"wp-block-heading\" id=\"an-ever-growing-set-of-solutions\"><strong>An ever-growing set of solutions<\/strong><\/h3>\n\n\n\n<p>Thanks to the <strong>FioGrade<\/strong> upgrading system with membrane permeation, pre-treated biogas is separated from CO<sub>2<\/sub> and converted into biomethane with a separation efficiency of over 99.5%. With the injection of biomethane into the grid via the <strong>FioGrid<\/strong> system, renewable gas is sent for use in the transport sector. For this to occur, the biomethane must be processed in several steps: quality analysis, metering, compression, regulation and possible odorisation.<br>\u00a0<\/p>\n\n\n\n<figure class=\"wp-block-video\"><video height=\"720\" style=\"aspect-ratio: 1280 \/ 720;\" width=\"1280\" controls poster=\"https:\/\/fiorentini-polska.com\/wp-content\/uploads\/2024\/12\/Captura-de-pantalla-2024-12-03-a-las-16.30.01.png\" src=\"https:\/\/fiorentini-polska.com\/wp-content\/uploads\/2024\/12\/Biogas-upgrading-and-biomethane-injection-in-the-network_-integration-solution-by-Pietro-Fiorentini-Pietro-Fiorentini-720p-h264-youtube.mp4\"><\/video><\/figure>\n\n\n\n<p>\u00a0<br>The advent of renewable gas requires distribution and transmission networks to regulate the differences between injection and withdrawal. <a href=\"https:\/\/fiorentini-polska.com\/en\/solutions\/systems\/gas-pressure-control-and-metering\/biremi-reverse-flow\/\"><strong>BiRemi\u2122<\/strong><\/a> is the group of solutions created by Pietro Fiorentini to cater to these new requirements: automation, treatment and gas flows redirection systems, for a limitless gas network.<br>\u00a0<\/p>\n\n\n\n<figure class=\"wp-block-video\"><video height=\"720\" style=\"aspect-ratio: 1280 \/ 720;\" width=\"1280\" controls poster=\"https:\/\/fiorentini-polska.com\/wp-content\/uploads\/2024\/12\/Captura-de-pantalla-2024-12-03-a-las-16.32.34.png\" src=\"https:\/\/fiorentini-polska.com\/wp-content\/uploads\/2024\/12\/BiRemi\u2122_-Gas-grids-without-limits-Pietro-Fiorentini-720p-h264-youtube.mp4\"><\/video><\/figure>\n\n\n\n<p>\u00a0<br>The biomethane solutions produced by Pietro Fiorentini are constantly growing across Italy and Europe, currently amounting to <strong>over 200 plants<\/strong>. This widespread presence attests to our success in the sector internationally.<\/p>\n<\/div><\/div>\n\n\n\n<div id=\"services-for-the-maintenance-of-biomethane-plants\" class=\"wp-block-group\"><div class=\"wp-block-group__inner-container is-layout-flow wp-block-group-is-layout-flow\">\n<h3 class=\"wp-block-heading\" id=\"services\"><strong>Services for the maintenance of biomethane plants<\/strong><\/h3>\n\n\n\n<p>The technological solutions that Pietro Fiorentini offers are supported by <a href=\"https:\/\/fiorentini-polska.com\/en\/solutions\/services\/on-site-services\/biomethane-service\/\"><strong>remote supervision and control services<\/strong><\/a> focused on predictive maintenance and data analysis. The <strong>proposed maintenance program <\/strong>enhances our service offer with inspections, metrological checks, operational maintenance and even plant management. This complete service allows us to ensure our clients have a single point of reference and, thanks to our widespread presence in the area, to guarantee a reduction in intervention times.<\/p>\n\n\n\n<div style=\"height:32px\" aria-hidden=\"true\" class=\"wp-block-spacer\"><\/div>\n\n\n\n<figure class=\"wp-block-image size-full\"><img loading=\"lazy\" decoding=\"async\" width=\"1024\" height=\"478\" src=\"https:\/\/fiorentini-polska.com\/wp-content\/uploads\/2024\/02\/biomethane-maintenance-services-1-1024x478-1.jpg\" alt=\"\" class=\"wp-image-27395\" srcset=\"https:\/\/fiorentini-polska.com\/wp-content\/uploads\/2024\/02\/biomethane-maintenance-services-1-1024x478-1.jpg 1024w, https:\/\/fiorentini-polska.com\/wp-content\/uploads\/2024\/02\/biomethane-maintenance-services-1-1024x478-1-300x140.jpg 300w, https:\/\/fiorentini-polska.com\/wp-content\/uploads\/2024\/02\/biomethane-maintenance-services-1-1024x478-1-768x359.jpg 768w\" sizes=\"auto, (max-width: 1024px) 100vw, 1024px\" \/><\/figure>\n<\/div><\/div>\n\n\n\n<div id=\"pietro-fiorentinis-partnerships-in-the-biogas-sector\" class=\"wp-block-group\"><div class=\"wp-block-group__inner-container is-layout-flow wp-block-group-is-layout-flow\">\n<h3 class=\"wp-block-heading\" id=\"pietro-fiorentinis-partnerships-in-the-biogas-sector\"><strong>Pietro Fiorentini\u2019s partnerships in the biogas sector<\/strong><\/h3>\n\n\n\n<p>Since 2020, Pietro Fiorentini has been on the Board of Directors of the <a href=\"https:\/\/www.consorziobiogas.it\/en\/home-2\/\" target=\"_blank\" rel=\"noreferrer noopener\"><strong>Italian Biogas Consortium<\/strong><\/a>, an industry association which includes the largest number of agricultural companies producing biogas and biomethane from renewable sources, industrial companies supplying plants, technologies and services, as well as bodies and institutions contributing to the promotion of anaerobic digestion for the agricultural sector. Our common goal is to <strong>promote the development and use of this renewable source<\/strong> and increase the synergies between the gas industry and the agricultural sector.<\/p>\n\n\n\n<p>On the 28<sup>th<\/sup> of September 2022, <strong>the Biomethane Industrial Partnership (BIP) <\/strong>has been established. The association is promoted by the European Commission and will see the most important representatives of the biomethane industry committed to working together towards the energy transition process. Pietro Fiorentini is one of the twelve European companies selected as founding members. The most important target for BIP is to achieve the <strong>increase of the annual production and use of biomethane to 35 billion cubic metres by 2030<\/strong>. Reaching this target will mean replacing imported gas with homegrown, sustainable, and renewable gas, towards the development of a circular economy.<\/p>\n\n\n\n<p><a href=\"https:\/\/www.fiorentini.com\/en\/news\/biomethane-industrial-partnership-pietro-fiorentini-joins-the-cooperation-promoted-by-the-european-commission\/\" target=\"_blank\" rel=\"noreferrer noopener\">Biomethane Industrial Partnership: Pietro Fiorentini joins the cooperation promoted by the European Commission<\/a><\/p>\n\n\n\n<div style=\"height:32px\" aria-hidden=\"true\" class=\"wp-block-spacer\"><\/div>\n\n\n\n<figure class=\"wp-block-image size-full\"><img loading=\"lazy\" decoding=\"async\" width=\"1024\" height=\"684\" src=\"https:\/\/fiorentini-polska.com\/wp-content\/uploads\/2024\/02\/biomethane-industrial-partnership-1-1024x684-1.jpg\" alt=\"\" class=\"wp-image-27393\" srcset=\"https:\/\/fiorentini-polska.com\/wp-content\/uploads\/2024\/02\/biomethane-industrial-partnership-1-1024x684-1.jpg 1024w, https:\/\/fiorentini-polska.com\/wp-content\/uploads\/2024\/02\/biomethane-industrial-partnership-1-1024x684-1-300x200.jpg 300w, https:\/\/fiorentini-polska.com\/wp-content\/uploads\/2024\/02\/biomethane-industrial-partnership-1-1024x684-1-768x513.jpg 768w\" sizes=\"auto, (max-width: 1024px) 100vw, 1024px\" \/><\/figure>\n<\/div><\/div>\n\n\n\n<div id=\"successful-projects\" class=\"wp-block-group\"><div class=\"wp-block-group__inner-container is-layout-flow wp-block-group-is-layout-flow\">\n<h3 class=\"wp-block-heading\" id=\"successful-projects\"><strong>Successful projects<\/strong><br>&nbsp;<\/h3>\n\n\n\n<div class=\"wp-block-buttons is-layout-flex wp-block-buttons-is-layout-flex\">\n<div class=\"wp-block-button has-custom-font-size\" style=\"font-size:18px\"><a class=\"wp-block-button__link has-white-color has-text-color has-background has-link-color wp-element-button\" href=\"https:\/\/fiorentini-polska.com\/wp-content\/uploads\/2024\/12\/biomethaneProdRef_catalog_ENG_revD_compressed.pdf\" style=\"border-radius:0px;background-color:#069782\" target=\"_blank\" rel=\"noreferrer noopener\"><strong>Biomethane solutions &amp; references catalog<\/strong><\/a><\/div>\n<\/div>\n\n\n\n<p class=\"index\">&nbsp; <br> &nbsp;<br><strong>Waste treatment plants<\/strong><\/p>\n\n\n\n<p>In 2020, Pietro Fiorentini provided the integrated upgrading technology solution for one of the most important projects at European level for the production of biomethane from water purification sludge: the SMAT project.<\/p>\n\n\n\n<p><a href=\"https:\/\/www.fiorentini.com\/en\/news\/pietro-fiorentini-and-tonello-energie-built-the-plant-for-biogas-upgrading-and-injection-of-biomethane-into-the-network-within-the-smat-purification-site-in-castiglione-torinese\/\" target=\"_blank\" rel=\"noreferrer noopener\">The plant for biogas upgrading and injection of biomethane into the network within the SMAT purification site in Castiglione Torinese<\/a><\/p>\n\n\n\n<p>The Castiglione Torinese plant provides for the recovery and treatment of biogas generated by the anaerobic digestion of sewage sludge and consists of <strong>two complete biogas purification lines<\/strong> of 900 Nm<sup>3<\/sup>\/h each, <strong>with the provision of a third line<\/strong> for a total potential of 2,700 Nm<sup>3<\/sup>\/h.<\/p>\n\n\n\n<p>Download the <a href=\"https:\/\/fiorentini-polska.com\/wp-content\/uploads\/2024\/02\/Case_Study_SMAT_opt.pdf\" target=\"_blank\" rel=\"noreferrer noopener\">Case Study of SMAT project<\/a><\/p>\n\n\n\n<div style=\"height:20px\" aria-hidden=\"true\" class=\"wp-block-spacer\"><\/div>\n\n\n\n<p class=\"index\"><strong>Agricultural plants<\/strong><\/p>\n\n\n\n<p>May 2022 saw the inauguration of the new biogas upgrading and biomethane injection plant in Cella Dati, in the province of Cremona, entirely designed, manufactured and installed by the Pietro Fiorentini Group.<\/p>\n\n\n\n<p><a href=\"https:\/\/www.fiorentini.com\/en\/news\/a-new-biomethane-plant-in-italy-carried-out-by-pietro-fiorentini\/\" target=\"_blank\" rel=\"noreferrer noopener\">A new biomethane plant in Italy carried out by Pietro Fiorentini<\/a><\/p>\n\n\n\n<p>Completed in twelve months, the system injects into the natural gas distribution network the biomethane produced from livestock manure and plant biomasses cultivated in the adjacent area. The total volume exceeds 4 million cubic metres per year, the equivalent of the needs of almost 4,000 cars. Pietro Fiorentini&#8217;s biogas upgrading solution has a capacity of 1,000 Nm<sup>3<\/sup>\/h from which more than 500 Sm<sup>3<\/sup>\/h of biomethane is produced and injected into the grid.<\/p>\n\n\n\n<p>Download the <a href=\"https:\/\/fiorentini-polska.com\/wp-content\/uploads\/2024\/02\/case-study-BCD_ENG.pdf\" target=\"_blank\" rel=\"noreferrer noopener\">Case Study of Cella Dati project<\/a> (in Italian).<\/p>\n<\/div><\/div>\n","protected":false},"excerpt":{"rendered":"<p>Pietro Fiorentini realises integrated and customised solutions along the entire biomethane chain, including the treatment of raw biogas, the feeding of biomethane into the grid, methane and CO2 liquefaction. Pietro Fiorentini is a member of the Board of Directors of the Italian Biogas Consortium and is founding member of the Biomethane Industrial Partnership.<\/p>\n","protected":false},"author":12,"featured_media":0,"parent":27359,"menu_order":0,"comment_status":"closed","ping_status":"closed","template":"template-expertise-post.php","meta":{"_acf_changed":false,"inline_featured_image":false,"footnotes":""},"class_list":["post-27361","page","type-page","status-publish","hentry"],"acf":[],"yoast_head":"<!-- This site is optimized with the Yoast SEO plugin v27.2 - https:\/\/yoast.com\/product\/yoast-seo-wordpress\/ -->\n<title>PF experience in biomethane - Pietro Fiorentini<\/title>\n<meta name=\"description\" content=\"From treating raw biogas to the injection of the biomethane into the grid for the granting of incentives or for the production of liquefied natural gas (LNG).\" \/>\n<meta name=\"robots\" content=\"index, follow, max-snippet:-1, max-image-preview:large, max-video-preview:-1\" \/>\n<link rel=\"canonical\" href=\"https:\/\/fiorentini-polska.com\/en\/expertise\/biomethane\/pf-experience-in-biomethane\/\" \/>\n<meta property=\"og:locale\" content=\"en_US\" \/>\n<meta property=\"og:type\" content=\"article\" \/>\n<meta property=\"og:title\" content=\"PF experience in biomethane - Pietro Fiorentini\" \/>\n<meta property=\"og:description\" content=\"From treating raw biogas to the injection of the biomethane into the grid for the granting of incentives or for the production of liquefied natural gas (LNG).\" \/>\n<meta property=\"og:url\" content=\"https:\/\/fiorentini-polska.com\/en\/expertise\/biomethane\/pf-experience-in-biomethane\/\" \/>\n<meta property=\"og:site_name\" content=\"Pietro Fiorentini\" \/>\n<meta property=\"article:modified_time\" content=\"2024-12-03T16:34:50+00:00\" \/>\n<meta property=\"og:image\" content=\"https:\/\/fiorentini-polska.com\/wp-content\/uploads\/2024\/02\/solutions-biomethane-chain-1-1024x575-2.jpg\" \/>\n<meta name=\"twitter:card\" content=\"summary_large_image\" \/>\n<meta name=\"twitter:site\" content=\"@FiorentiniSpa\" \/>\n<meta name=\"twitter:label1\" content=\"Est. reading time\" \/>\n\t<meta name=\"twitter:data1\" content=\"5 minutes\" \/>\n<script type=\"application\/ld+json\" class=\"yoast-schema-graph\">{\"@context\":\"https:\/\/schema.org\",\"@graph\":[{\"@type\":\"WebPage\",\"@id\":\"https:\/\/fiorentini-polska.com\/en\/expertise\/biomethane\/pf-experience-in-biomethane\/\",\"url\":\"https:\/\/fiorentini-polska.com\/en\/expertise\/biomethane\/pf-experience-in-biomethane\/\",\"name\":\"PF experience in biomethane - Pietro Fiorentini\",\"isPartOf\":{\"@id\":\"https:\/\/www.fiorentini-polska.com\/en\/#website\"},\"primaryImageOfPage\":{\"@id\":\"https:\/\/fiorentini-polska.com\/en\/expertise\/biomethane\/pf-experience-in-biomethane\/#primaryimage\"},\"image\":{\"@id\":\"https:\/\/fiorentini-polska.com\/en\/expertise\/biomethane\/pf-experience-in-biomethane\/#primaryimage\"},\"thumbnailUrl\":\"https:\/\/fiorentini-polska.com\/wp-content\/uploads\/2024\/02\/solutions-biomethane-chain-1-1024x575-2.jpg\",\"datePublished\":\"2024-02-13T21:59:14+00:00\",\"dateModified\":\"2024-12-03T16:34:50+00:00\",\"description\":\"From treating raw biogas to the injection of the biomethane into the grid for the granting of incentives or for the production of liquefied natural gas (LNG).\",\"breadcrumb\":{\"@id\":\"https:\/\/fiorentini-polska.com\/en\/expertise\/biomethane\/pf-experience-in-biomethane\/#breadcrumb\"},\"inLanguage\":\"en-US\",\"potentialAction\":[{\"@type\":\"ReadAction\",\"target\":[\"https:\/\/fiorentini-polska.com\/en\/expertise\/biomethane\/pf-experience-in-biomethane\/\"]}]},{\"@type\":\"ImageObject\",\"inLanguage\":\"en-US\",\"@id\":\"https:\/\/fiorentini-polska.com\/en\/expertise\/biomethane\/pf-experience-in-biomethane\/#primaryimage\",\"url\":\"https:\/\/fiorentini-polska.com\/wp-content\/uploads\/2024\/02\/solutions-biomethane-chain-1-1024x575-2.jpg\",\"contentUrl\":\"https:\/\/fiorentini-polska.com\/wp-content\/uploads\/2024\/02\/solutions-biomethane-chain-1-1024x575-2.jpg\"},{\"@type\":\"BreadcrumbList\",\"@id\":\"https:\/\/fiorentini-polska.com\/en\/expertise\/biomethane\/pf-experience-in-biomethane\/#breadcrumb\",\"itemListElement\":[{\"@type\":\"ListItem\",\"position\":1,\"name\":\"Home\",\"item\":\"https:\/\/www.fiorentini-polska.com\/en\/\"},{\"@type\":\"ListItem\",\"position\":2,\"name\":\"Expertise\",\"item\":\"https:\/\/fiorentini-polska.com\/en\/expertise\/\"},{\"@type\":\"ListItem\",\"position\":3,\"name\":\"Biomethane\",\"item\":\"https:\/\/www.fiorentini-polska.com\/en\/expertise\/biomethane\/\"},{\"@type\":\"ListItem\",\"position\":4,\"name\":\"PF experience in biomethane\"}]},{\"@type\":\"WebSite\",\"@id\":\"https:\/\/www.fiorentini-polska.com\/en\/#website\",\"url\":\"https:\/\/www.fiorentini-polska.com\/en\/\",\"name\":\"Pietro Fiorentini Polska\",\"description\":\"Pietro Fiorentini projektuje i produkuje komponenty, systemy i us\u0142ugi do regulacji, pomiar\u00f3w i zarz\u0105dzania rop\u0105 naftow\u0105 i gazem.\",\"publisher\":{\"@id\":\"https:\/\/www.fiorentini-polska.com\/en\/#organization\"},\"potentialAction\":[{\"@type\":\"SearchAction\",\"target\":{\"@type\":\"EntryPoint\",\"urlTemplate\":\"https:\/\/www.fiorentini-polska.com\/en\/?s={search_term_string}\"},\"query-input\":{\"@type\":\"PropertyValueSpecification\",\"valueRequired\":true,\"valueName\":\"search_term_string\"}}],\"inLanguage\":\"en-US\"},{\"@type\":\"Organization\",\"@id\":\"https:\/\/www.fiorentini-polska.com\/en\/#organization\",\"name\":\"Pietro Fiorentini Polska\",\"url\":\"https:\/\/www.fiorentini-polska.com\/en\/\",\"logo\":{\"@type\":\"ImageObject\",\"inLanguage\":\"en-US\",\"@id\":\"https:\/\/www.fiorentini-polska.com\/en\/#\/schema\/logo\/image\/\",\"url\":\"https:\/\/www.fiorentini-polska.com\/wp-content\/uploads\/2021\/07\/LOGO_CMYK_COLOR.png\",\"contentUrl\":\"https:\/\/www.fiorentini-polska.com\/wp-content\/uploads\/2021\/07\/LOGO_CMYK_COLOR.png\",\"width\":3077,\"height\":1259,\"caption\":\"Pietro Fiorentini Polska\"},\"image\":{\"@id\":\"https:\/\/www.fiorentini-polska.com\/en\/#\/schema\/logo\/image\/\"},\"sameAs\":[\"https:\/\/x.com\/FiorentiniSpa\"]}]}<\/script>\n<!-- \/ Yoast SEO plugin. -->","yoast_head_json":{"title":"PF experience in biomethane - Pietro Fiorentini","description":"From treating raw biogas to the injection of the biomethane into the grid for the granting of incentives or for the production of liquefied natural gas (LNG).","robots":{"index":"index","follow":"follow","max-snippet":"max-snippet:-1","max-image-preview":"max-image-preview:large","max-video-preview":"max-video-preview:-1"},"canonical":"https:\/\/fiorentini-polska.com\/en\/expertise\/biomethane\/pf-experience-in-biomethane\/","og_locale":"en_US","og_type":"article","og_title":"PF experience in biomethane - Pietro Fiorentini","og_description":"From treating raw biogas to the injection of the biomethane into the grid for the granting of incentives or for the production of liquefied natural gas (LNG).","og_url":"https:\/\/fiorentini-polska.com\/en\/expertise\/biomethane\/pf-experience-in-biomethane\/","og_site_name":"Pietro Fiorentini","article_modified_time":"2024-12-03T16:34:50+00:00","og_image":[{"url":"https:\/\/fiorentini-polska.com\/wp-content\/uploads\/2024\/02\/solutions-biomethane-chain-1-1024x575-2.jpg","type":"","width":"","height":""}],"twitter_card":"summary_large_image","twitter_site":"@FiorentiniSpa","twitter_misc":{"Est. reading time":"5 minutes"},"schema":{"@context":"https:\/\/schema.org","@graph":[{"@type":"WebPage","@id":"https:\/\/fiorentini-polska.com\/en\/expertise\/biomethane\/pf-experience-in-biomethane\/","url":"https:\/\/fiorentini-polska.com\/en\/expertise\/biomethane\/pf-experience-in-biomethane\/","name":"PF experience in biomethane - Pietro Fiorentini","isPartOf":{"@id":"https:\/\/www.fiorentini-polska.com\/en\/#website"},"primaryImageOfPage":{"@id":"https:\/\/fiorentini-polska.com\/en\/expertise\/biomethane\/pf-experience-in-biomethane\/#primaryimage"},"image":{"@id":"https:\/\/fiorentini-polska.com\/en\/expertise\/biomethane\/pf-experience-in-biomethane\/#primaryimage"},"thumbnailUrl":"https:\/\/fiorentini-polska.com\/wp-content\/uploads\/2024\/02\/solutions-biomethane-chain-1-1024x575-2.jpg","datePublished":"2024-02-13T21:59:14+00:00","dateModified":"2024-12-03T16:34:50+00:00","description":"From treating raw biogas to the injection of the biomethane into the grid for the granting of incentives or for the production of liquefied natural gas (LNG).","breadcrumb":{"@id":"https:\/\/fiorentini-polska.com\/en\/expertise\/biomethane\/pf-experience-in-biomethane\/#breadcrumb"},"inLanguage":"en-US","potentialAction":[{"@type":"ReadAction","target":["https:\/\/fiorentini-polska.com\/en\/expertise\/biomethane\/pf-experience-in-biomethane\/"]}]},{"@type":"ImageObject","inLanguage":"en-US","@id":"https:\/\/fiorentini-polska.com\/en\/expertise\/biomethane\/pf-experience-in-biomethane\/#primaryimage","url":"https:\/\/fiorentini-polska.com\/wp-content\/uploads\/2024\/02\/solutions-biomethane-chain-1-1024x575-2.jpg","contentUrl":"https:\/\/fiorentini-polska.com\/wp-content\/uploads\/2024\/02\/solutions-biomethane-chain-1-1024x575-2.jpg"},{"@type":"BreadcrumbList","@id":"https:\/\/fiorentini-polska.com\/en\/expertise\/biomethane\/pf-experience-in-biomethane\/#breadcrumb","itemListElement":[{"@type":"ListItem","position":1,"name":"Home","item":"https:\/\/www.fiorentini-polska.com\/en\/"},{"@type":"ListItem","position":2,"name":"Expertise","item":"https:\/\/fiorentini-polska.com\/en\/expertise\/"},{"@type":"ListItem","position":3,"name":"Biomethane","item":"https:\/\/www.fiorentini-polska.com\/en\/expertise\/biomethane\/"},{"@type":"ListItem","position":4,"name":"PF experience in biomethane"}]},{"@type":"WebSite","@id":"https:\/\/www.fiorentini-polska.com\/en\/#website","url":"https:\/\/www.fiorentini-polska.com\/en\/","name":"Pietro Fiorentini Polska","description":"Pietro Fiorentini projektuje i produkuje komponenty, systemy i us\u0142ugi do regulacji, pomiar\u00f3w i zarz\u0105dzania rop\u0105 naftow\u0105 i gazem.","publisher":{"@id":"https:\/\/www.fiorentini-polska.com\/en\/#organization"},"potentialAction":[{"@type":"SearchAction","target":{"@type":"EntryPoint","urlTemplate":"https:\/\/www.fiorentini-polska.com\/en\/?s={search_term_string}"},"query-input":{"@type":"PropertyValueSpecification","valueRequired":true,"valueName":"search_term_string"}}],"inLanguage":"en-US"},{"@type":"Organization","@id":"https:\/\/www.fiorentini-polska.com\/en\/#organization","name":"Pietro Fiorentini Polska","url":"https:\/\/www.fiorentini-polska.com\/en\/","logo":{"@type":"ImageObject","inLanguage":"en-US","@id":"https:\/\/www.fiorentini-polska.com\/en\/#\/schema\/logo\/image\/","url":"https:\/\/www.fiorentini-polska.com\/wp-content\/uploads\/2021\/07\/LOGO_CMYK_COLOR.png","contentUrl":"https:\/\/www.fiorentini-polska.com\/wp-content\/uploads\/2021\/07\/LOGO_CMYK_COLOR.png","width":3077,"height":1259,"caption":"Pietro Fiorentini Polska"},"image":{"@id":"https:\/\/www.fiorentini-polska.com\/en\/#\/schema\/logo\/image\/"},"sameAs":["https:\/\/x.com\/FiorentiniSpa"]}]}},"_links":{"self":[{"href":"https:\/\/fiorentini-polska.com\/en\/wp-json\/wp\/v2\/pages\/27361","targetHints":{"allow":["GET"]}}],"collection":[{"href":"https:\/\/fiorentini-polska.com\/en\/wp-json\/wp\/v2\/pages"}],"about":[{"href":"https:\/\/fiorentini-polska.com\/en\/wp-json\/wp\/v2\/types\/page"}],"author":[{"embeddable":true,"href":"https:\/\/fiorentini-polska.com\/en\/wp-json\/wp\/v2\/users\/12"}],"replies":[{"embeddable":true,"href":"https:\/\/fiorentini-polska.com\/en\/wp-json\/wp\/v2\/comments?post=27361"}],"version-history":[{"count":3,"href":"https:\/\/fiorentini-polska.com\/en\/wp-json\/wp\/v2\/pages\/27361\/revisions"}],"predecessor-version":[{"id":29834,"href":"https:\/\/fiorentini-polska.com\/en\/wp-json\/wp\/v2\/pages\/27361\/revisions\/29834"}],"up":[{"embeddable":true,"href":"https:\/\/fiorentini-polska.com\/en\/wp-json\/wp\/v2\/pages\/27359"}],"wp:attachment":[{"href":"https:\/\/fiorentini-polska.com\/en\/wp-json\/wp\/v2\/media?parent=27361"}],"curies":[{"name":"wp","href":"https:\/\/api.w.org\/{rel}","templated":true}]}}