{"id":27359,"date":"2024-02-13T22:36:08","date_gmt":"2024-02-13T21:36:08","guid":{"rendered":"https:\/\/fiorentini-polska.com\/?page_id=27359"},"modified":"2026-03-09T19:11:18","modified_gmt":"2026-03-09T18:11:18","slug":"biomethane","status":"publish","type":"page","link":"https:\/\/fiorentini-polska.com\/en\/expertise\/biomethane\/","title":{"rendered":"Biomethane"},"content":{"rendered":"\n<h2 class=\"wp-block-heading\"><strong>A cornerstone of the energy transition<\/strong><\/h2>\n\n\n\n<p><strong><a href=\"https:\/\/fiorentini-polska.com\/en\/solutions\/services\/on-site-services\/biomethane-service\/\">Biomethane<\/a><\/strong> plays a considerable role. Unlike other renewable sources, it requires <strong>limited investment in terms of infrastructure<\/strong> and, regarding emissions, is considered to be<strong> neutral <\/strong>as it is produced via the digestion of biomass from by-products, industrial processing waste and organic material.<\/p>\n\n\n\n<p><strong>Pietro Fiorentini<\/strong> provides integrated solutions for every type of plant, from direct\u00a0<strong><a href=\"https:\/\/fiorentini-polska.com\/en\/solutions\/systems\/renewables-energies\/biomethane-injection\/\">biomethane injection <\/a>into the transport or distribution network<\/strong>, to solutions for <strong><a href=\"https:\/\/fiorentini-polska.com\/en\/solutions\/systems\/renewables-energies\/liquid-biomethane-metrology\/\">liquid biomethane<\/a><\/strong>.<\/p>\n\n\n\n<p>Besides, thanks to Pietro Fiorentini\u2019s\u00a0<strong><a href=\"https:\/\/fiorentini-polska.com\/en\/solutions\/systems\/renewables-energies\/biogas-upgrading\/\">biogas upgrading<\/a><\/strong>\u00a0solutions, contaminants and inert substances that lower calorific value are eliminated from the biogas, transforming it into biomethane.<\/p>\n\n\n\n<p>By directly detecting the criteria of the system continuously, we can manage the automation <strong>remotely and automatically<\/strong> and promptly inform of any anomalies.<\/p>\n","protected":false},"excerpt":{"rendered":"<p>Unlike other renewables, biomethane requires limited investment in terms of infrastructure. Moreover, regarding emissions, it is considered to be neutral as it is produced via the digestion of biomass from by-products, industrial processing waste and organic material.<\/p>\n","protected":false},"author":12,"featured_media":10661,"parent":27340,"menu_order":0,"comment_status":"closed","ping_status":"closed","template":"template-expertise-child.php","meta":{"_acf_changed":false,"inline_featured_image":false,"footnotes":""},"class_list":["post-27359","page","type-page","status-publish","has-post-thumbnail","hentry"],"acf":[],"yoast_head":"<!-- This site is optimized with the Yoast SEO plugin v27.2 - https:\/\/yoast.com\/product\/yoast-seo-wordpress\/ -->\n<title>Biomethane - Pietro Fiorentini<\/title>\n<meta name=\"description\" content=\"Biomethane plays a considerable role within this. Unlike other renewable sources, it requires limited investment in terms of infrastructure.\" \/>\n<meta name=\"robots\" content=\"index, follow, max-snippet:-1, max-image-preview:large, max-video-preview:-1\" \/>\n<link rel=\"canonical\" href=\"https:\/\/fiorentini-polska.com\/en\/expertise\/biomethane\/\" \/>\n<meta property=\"og:locale\" content=\"en_US\" \/>\n<meta property=\"og:type\" content=\"article\" \/>\n<meta property=\"og:title\" content=\"Biomethane - Pietro Fiorentini\" \/>\n<meta property=\"og:description\" content=\"Biomethane plays a considerable role within this. Unlike other renewable sources, it requires limited investment in terms of infrastructure.\" \/>\n<meta property=\"og:url\" content=\"https:\/\/fiorentini-polska.com\/en\/expertise\/biomethane\/\" \/>\n<meta property=\"og:site_name\" content=\"Pietro Fiorentini\" \/>\n<meta property=\"article:modified_time\" content=\"2026-03-09T18:11:18+00:00\" \/>\n<meta property=\"og:image\" content=\"https:\/\/www.fiorentini-polska.com\/wp-content\/uploads\/2021\/03\/01_expertise_biogas.jpeg\" \/>\n\t<meta property=\"og:image:width\" content=\"991\" \/>\n\t<meta property=\"og:image:height\" content=\"991\" \/>\n\t<meta property=\"og:image:type\" content=\"image\/jpeg\" \/>\n<meta name=\"twitter:card\" content=\"summary_large_image\" \/>\n<meta name=\"twitter:site\" content=\"@FiorentiniSpa\" \/>\n<meta name=\"twitter:label1\" content=\"Est. reading time\" \/>\n\t<meta name=\"twitter:data1\" content=\"1 minute\" \/>\n<script type=\"application\/ld+json\" class=\"yoast-schema-graph\">{\"@context\":\"https:\/\/schema.org\",\"@graph\":[{\"@type\":\"WebPage\",\"@id\":\"https:\/\/fiorentini-polska.com\/en\/expertise\/biomethane\/\",\"url\":\"https:\/\/fiorentini-polska.com\/en\/expertise\/biomethane\/\",\"name\":\"Biomethane - Pietro Fiorentini\",\"isPartOf\":{\"@id\":\"https:\/\/www.fiorentini-polska.com\/en\/#website\"},\"primaryImageOfPage\":{\"@id\":\"https:\/\/fiorentini-polska.com\/en\/expertise\/biomethane\/#primaryimage\"},\"image\":{\"@id\":\"https:\/\/fiorentini-polska.com\/en\/expertise\/biomethane\/#primaryimage\"},\"thumbnailUrl\":\"https:\/\/fiorentini-polska.com\/wp-content\/uploads\/2021\/03\/01_expertise_biogas.jpeg\",\"datePublished\":\"2024-02-13T21:36:08+00:00\",\"dateModified\":\"2026-03-09T18:11:18+00:00\",\"description\":\"Biomethane plays a considerable role within this. Unlike other renewable sources, it requires limited investment in terms of infrastructure.\",\"breadcrumb\":{\"@id\":\"https:\/\/fiorentini-polska.com\/en\/expertise\/biomethane\/#breadcrumb\"},\"inLanguage\":\"en-US\",\"potentialAction\":[{\"@type\":\"ReadAction\",\"target\":[\"https:\/\/fiorentini-polska.com\/en\/expertise\/biomethane\/\"]}]},{\"@type\":\"ImageObject\",\"inLanguage\":\"en-US\",\"@id\":\"https:\/\/fiorentini-polska.com\/en\/expertise\/biomethane\/#primaryimage\",\"url\":\"https:\/\/fiorentini-polska.com\/wp-content\/uploads\/2021\/03\/01_expertise_biogas.jpeg\",\"contentUrl\":\"https:\/\/fiorentini-polska.com\/wp-content\/uploads\/2021\/03\/01_expertise_biogas.jpeg\",\"width\":991,\"height\":991,\"caption\":\"Pietro Fiorentini solutions for biomethane and biogas\"},{\"@type\":\"BreadcrumbList\",\"@id\":\"https:\/\/fiorentini-polska.com\/en\/expertise\/biomethane\/#breadcrumb\",\"itemListElement\":[{\"@type\":\"ListItem\",\"position\":1,\"name\":\"Home\",\"item\":\"https:\/\/www.fiorentini-polska.com\/en\/\"},{\"@type\":\"ListItem\",\"position\":2,\"name\":\"Expertise\",\"item\":\"https:\/\/fiorentini-polska.com\/en\/expertise\/\"},{\"@type\":\"ListItem\",\"position\":3,\"name\":\"Biomethane\"}]},{\"@type\":\"WebSite\",\"@id\":\"https:\/\/www.fiorentini-polska.com\/en\/#website\",\"url\":\"https:\/\/www.fiorentini-polska.com\/en\/\",\"name\":\"Pietro Fiorentini Polska\",\"description\":\"Pietro Fiorentini projektuje i produkuje komponenty, systemy i us\u0142ugi do regulacji, pomiar\u00f3w i zarz\u0105dzania rop\u0105 naftow\u0105 i gazem.\",\"publisher\":{\"@id\":\"https:\/\/www.fiorentini-polska.com\/en\/#organization\"},\"potentialAction\":[{\"@type\":\"SearchAction\",\"target\":{\"@type\":\"EntryPoint\",\"urlTemplate\":\"https:\/\/www.fiorentini-polska.com\/en\/?s={search_term_string}\"},\"query-input\":{\"@type\":\"PropertyValueSpecification\",\"valueRequired\":true,\"valueName\":\"search_term_string\"}}],\"inLanguage\":\"en-US\"},{\"@type\":\"Organization\",\"@id\":\"https:\/\/www.fiorentini-polska.com\/en\/#organization\",\"name\":\"Pietro Fiorentini Polska\",\"url\":\"https:\/\/www.fiorentini-polska.com\/en\/\",\"logo\":{\"@type\":\"ImageObject\",\"inLanguage\":\"en-US\",\"@id\":\"https:\/\/www.fiorentini-polska.com\/en\/#\/schema\/logo\/image\/\",\"url\":\"https:\/\/www.fiorentini-polska.com\/wp-content\/uploads\/2021\/07\/LOGO_CMYK_COLOR.png\",\"contentUrl\":\"https:\/\/www.fiorentini-polska.com\/wp-content\/uploads\/2021\/07\/LOGO_CMYK_COLOR.png\",\"width\":3077,\"height\":1259,\"caption\":\"Pietro Fiorentini Polska\"},\"image\":{\"@id\":\"https:\/\/www.fiorentini-polska.com\/en\/#\/schema\/logo\/image\/\"},\"sameAs\":[\"https:\/\/x.com\/FiorentiniSpa\"]}]}<\/script>\n<!-- \/ Yoast SEO plugin. -->","yoast_head_json":{"title":"Biomethane - Pietro Fiorentini","description":"Biomethane plays a considerable role within this. Unlike other renewable sources, it requires limited investment in terms of infrastructure.","robots":{"index":"index","follow":"follow","max-snippet":"max-snippet:-1","max-image-preview":"max-image-preview:large","max-video-preview":"max-video-preview:-1"},"canonical":"https:\/\/fiorentini-polska.com\/en\/expertise\/biomethane\/","og_locale":"en_US","og_type":"article","og_title":"Biomethane - Pietro Fiorentini","og_description":"Biomethane plays a considerable role within this. Unlike other renewable sources, it requires limited investment in terms of infrastructure.","og_url":"https:\/\/fiorentini-polska.com\/en\/expertise\/biomethane\/","og_site_name":"Pietro Fiorentini","article_modified_time":"2026-03-09T18:11:18+00:00","og_image":[{"width":991,"height":991,"url":"https:\/\/www.fiorentini-polska.com\/wp-content\/uploads\/2021\/03\/01_expertise_biogas.jpeg","type":"image\/jpeg"}],"twitter_card":"summary_large_image","twitter_site":"@FiorentiniSpa","twitter_misc":{"Est. reading time":"1 minute"},"schema":{"@context":"https:\/\/schema.org","@graph":[{"@type":"WebPage","@id":"https:\/\/fiorentini-polska.com\/en\/expertise\/biomethane\/","url":"https:\/\/fiorentini-polska.com\/en\/expertise\/biomethane\/","name":"Biomethane - Pietro Fiorentini","isPartOf":{"@id":"https:\/\/www.fiorentini-polska.com\/en\/#website"},"primaryImageOfPage":{"@id":"https:\/\/fiorentini-polska.com\/en\/expertise\/biomethane\/#primaryimage"},"image":{"@id":"https:\/\/fiorentini-polska.com\/en\/expertise\/biomethane\/#primaryimage"},"thumbnailUrl":"https:\/\/fiorentini-polska.com\/wp-content\/uploads\/2021\/03\/01_expertise_biogas.jpeg","datePublished":"2024-02-13T21:36:08+00:00","dateModified":"2026-03-09T18:11:18+00:00","description":"Biomethane plays a considerable role within this. Unlike other renewable sources, it requires limited investment in terms of infrastructure.","breadcrumb":{"@id":"https:\/\/fiorentini-polska.com\/en\/expertise\/biomethane\/#breadcrumb"},"inLanguage":"en-US","potentialAction":[{"@type":"ReadAction","target":["https:\/\/fiorentini-polska.com\/en\/expertise\/biomethane\/"]}]},{"@type":"ImageObject","inLanguage":"en-US","@id":"https:\/\/fiorentini-polska.com\/en\/expertise\/biomethane\/#primaryimage","url":"https:\/\/fiorentini-polska.com\/wp-content\/uploads\/2021\/03\/01_expertise_biogas.jpeg","contentUrl":"https:\/\/fiorentini-polska.com\/wp-content\/uploads\/2021\/03\/01_expertise_biogas.jpeg","width":991,"height":991,"caption":"Pietro Fiorentini solutions for biomethane and biogas"},{"@type":"BreadcrumbList","@id":"https:\/\/fiorentini-polska.com\/en\/expertise\/biomethane\/#breadcrumb","itemListElement":[{"@type":"ListItem","position":1,"name":"Home","item":"https:\/\/www.fiorentini-polska.com\/en\/"},{"@type":"ListItem","position":2,"name":"Expertise","item":"https:\/\/fiorentini-polska.com\/en\/expertise\/"},{"@type":"ListItem","position":3,"name":"Biomethane"}]},{"@type":"WebSite","@id":"https:\/\/www.fiorentini-polska.com\/en\/#website","url":"https:\/\/www.fiorentini-polska.com\/en\/","name":"Pietro Fiorentini Polska","description":"Pietro Fiorentini projektuje i produkuje komponenty, systemy i us\u0142ugi do regulacji, pomiar\u00f3w i zarz\u0105dzania rop\u0105 naftow\u0105 i gazem.","publisher":{"@id":"https:\/\/www.fiorentini-polska.com\/en\/#organization"},"potentialAction":[{"@type":"SearchAction","target":{"@type":"EntryPoint","urlTemplate":"https:\/\/www.fiorentini-polska.com\/en\/?s={search_term_string}"},"query-input":{"@type":"PropertyValueSpecification","valueRequired":true,"valueName":"search_term_string"}}],"inLanguage":"en-US"},{"@type":"Organization","@id":"https:\/\/www.fiorentini-polska.com\/en\/#organization","name":"Pietro Fiorentini Polska","url":"https:\/\/www.fiorentini-polska.com\/en\/","logo":{"@type":"ImageObject","inLanguage":"en-US","@id":"https:\/\/www.fiorentini-polska.com\/en\/#\/schema\/logo\/image\/","url":"https:\/\/www.fiorentini-polska.com\/wp-content\/uploads\/2021\/07\/LOGO_CMYK_COLOR.png","contentUrl":"https:\/\/www.fiorentini-polska.com\/wp-content\/uploads\/2021\/07\/LOGO_CMYK_COLOR.png","width":3077,"height":1259,"caption":"Pietro Fiorentini Polska"},"image":{"@id":"https:\/\/www.fiorentini-polska.com\/en\/#\/schema\/logo\/image\/"},"sameAs":["https:\/\/x.com\/FiorentiniSpa"]}]}},"_links":{"self":[{"href":"https:\/\/fiorentini-polska.com\/en\/wp-json\/wp\/v2\/pages\/27359","targetHints":{"allow":["GET"]}}],"collection":[{"href":"https:\/\/fiorentini-polska.com\/en\/wp-json\/wp\/v2\/pages"}],"about":[{"href":"https:\/\/fiorentini-polska.com\/en\/wp-json\/wp\/v2\/types\/page"}],"author":[{"embeddable":true,"href":"https:\/\/fiorentini-polska.com\/en\/wp-json\/wp\/v2\/users\/12"}],"replies":[{"embeddable":true,"href":"https:\/\/fiorentini-polska.com\/en\/wp-json\/wp\/v2\/comments?post=27359"}],"version-history":[{"count":3,"href":"https:\/\/fiorentini-polska.com\/en\/wp-json\/wp\/v2\/pages\/27359\/revisions"}],"predecessor-version":[{"id":30763,"href":"https:\/\/fiorentini-polska.com\/en\/wp-json\/wp\/v2\/pages\/27359\/revisions\/30763"}],"up":[{"embeddable":true,"href":"https:\/\/fiorentini-polska.com\/en\/wp-json\/wp\/v2\/pages\/27340"}],"wp:featuredmedia":[{"embeddable":true,"href":"https:\/\/fiorentini-polska.com\/en\/wp-json\/wp\/v2\/media\/10661"}],"wp:attachment":[{"href":"https:\/\/fiorentini-polska.com\/en\/wp-json\/wp\/v2\/media?parent=27359"}],"curies":[{"name":"wp","href":"https:\/\/api.w.org\/{rel}","templated":true}]}}